{"id":15912,"date":"2025-03-20T19:28:36","date_gmt":"2025-03-20T19:28:36","guid":{"rendered":"https:\/\/patrickvacation.com\/?post_type=product&#038;p=15912"},"modified":"2025-03-20T19:28:41","modified_gmt":"2025-03-20T19:28:41","slug":"higuey-city-tour","status":"publish","type":"product","link":"https:\/\/patrickvacation.com\/en\/excursiones\/higuey-city-tour\/","title":{"rendered":"Higuey City Tour"},"content":{"rendered":"<p>Duraci\u00f3n Medio d\u00eda Incluye Transporte Gu\u00eda en varios idiomas<\/p>\n<p>CONSEJOS \u00daTILES Ropa ligera Calzado c\u00f3modo Antimosquitos Antimosquitos Gafas de sol Gorra o sombrero Dinero de bolsillo Protector solar<\/p>\n<p>\u00a0Observaciones relevantes:<\/p>\n<p>No est\u00e1 permitida la entrada a los templos religiosos con pantal\u00f3n corto y\/o camisetas sin mangas. La vestimenta debe cubrir hombros y rodillas.\u00a0<\/p>","protected":false},"excerpt":{"rendered":"<p>\u00a0\u00a1Descubre la Rep\u00fablica Dominicana real!<br \/>Alrededor de los complejos tur\u00edsticos encontramos<br \/>algunas de las principales ciudades de la regi\u00f3n<br \/>de La Altagracia. En este tour podr\u00e1s conocer su<br \/>capital, Hig\u00fcey, donde se encuentran la Bas\u00edlica<br \/>Catedral Nuestra Se\u00f1ora de la Altagracia, unos<br \/>de los santuarios m\u00e1s concurridos del Caribe, y<br \/>la iglesia de San Dionisio, una de las primeras<br \/>construidas en Am\u00e9rica<br \/>Durante el recorrido veremos la forma de vida<br \/>de las comunidades locales, el paisaje selv\u00e1tico<br \/>de la cordillera Oriental y los ca\u00f1averales, uno<br \/>de los motores econ\u00f3micos del pa\u00eds mediante la<br \/>producci\u00f3n de az\u00facar y de ron.<br \/>Antes de regresar al hotel conoceremos de primera<br \/>mano los principales productos producidos en el<br \/>entorno rural del pa\u00eds y visitaremos una f\u00e1brica de<br \/>tabaco, donde se preparan los reconocidos cigarros<br \/>dominicanos.<br \/>Adem\u00e1s, conoceremos los procesos de elaboraci\u00f3n<br \/>del ron, chocolate y caf\u00e9, con degustaciones<br \/>incluidas de cada uno de estos productos.<br \/>Sera una oportunidad \u00fanica de entrar al mundo del<br \/>d\u00eda a d\u00eda de los nativos de la regi\u00f3n que finalizara<br \/>con las muestras de los dos minerales m\u00e1s<br \/>caracter\u00edsticas de los yacimientos dominicanos: el<br \/>larimar y el \u00e1mbar.<\/p>","protected":false},"featured_media":15915,"template":"","meta":[],"product_brand":[],"product_cat":[180],"product_tag":[],"class_list":{"0":"post-15912","1":"product","2":"type-product","3":"status-publish","4":"has-post-thumbnail","6":"product_cat-citytours-toursareos","8":"first","9":"instock","10":"virtual","11":"product-type-external"},"yoast_head":"<!-- This site is optimized with the Yoast SEO plugin v24.7 - https:\/\/yoast.com\/wordpress\/plugins\/seo\/ -->\n<title>Higuey City Tour - Patrick Vacation<\/title>\n<meta name=\"robots\" content=\"index, follow, max-snippet:-1, max-image-preview:large, max-video-preview:-1\" \/>\n<link rel=\"canonical\" href=\"https:\/\/patrickvacation.com\/en\/excursiones\/higuey-city-tour\/\" \/>\n<meta property=\"og:locale\" content=\"en_US\" \/>\n<meta property=\"og:type\" content=\"article\" \/>\n<meta property=\"og:title\" content=\"Higuey City Tour - Patrick Vacation\" \/>\n<meta property=\"og:description\" content=\"\u00a0\u00a1Descubre la Rep\u00fablica Dominicana real!Alrededor de los complejos tur\u00edsticos encontramosalgunas de las principales ciudades de la regi\u00f3nde La Altagracia. En este tour podr\u00e1s conocer sucapital, Hig\u00fcey, donde se encuentran la Bas\u00edlicaCatedral Nuestra Se\u00f1ora de la Altagracia, unosde los santuarios m\u00e1s concurridos del Caribe, yla iglesia de San Dionisio, una de las primerasconstruidas en Am\u00e9ricaDurante el recorrido veremos la forma de vidade las comunidades locales, el paisaje selv\u00e1ticode la cordillera Oriental y los ca\u00f1averales, unode los motores econ\u00f3micos del pa\u00eds mediante laproducci\u00f3n de az\u00facar y de ron.Antes de regresar al hotel conoceremos de primeramano los principales productos producidos en elentorno rural del pa\u00eds y visitaremos una f\u00e1brica detabaco, donde se preparan los reconocidos cigarrosdominicanos.Adem\u00e1s, conoceremos los procesos de elaboraci\u00f3ndel ron, chocolate y caf\u00e9, con degustacionesincluidas de cada uno de estos productos.Sera una oportunidad \u00fanica de entrar al mundo deld\u00eda a d\u00eda de los nativos de la regi\u00f3n que finalizaracon las muestras de los dos minerales m\u00e1scaracter\u00edsticas de los yacimientos dominicanos: ellarimar y el \u00e1mbar.\" \/>\n<meta property=\"og:url\" content=\"https:\/\/patrickvacation.com\/en\/excursiones\/higuey-city-tour\/\" \/>\n<meta property=\"og:site_name\" content=\"Patrick Vacation\" \/>\n<meta property=\"article:publisher\" content=\"https:\/\/www.facebook.com\/alcequiez.tours.travel\" \/>\n<meta property=\"article:modified_time\" content=\"2025-03-20T19:28:41+00:00\" \/>\n<meta name=\"twitter:card\" content=\"summary_large_image\" \/>\n<script type=\"application\/ld+json\" class=\"yoast-schema-graph\">{\"@context\":\"https:\/\/schema.org\",\"@graph\":[{\"@type\":\"WebPage\",\"@id\":\"https:\/\/patrickvacation.com\/excursiones\/higuey-city-tour\/\",\"url\":\"https:\/\/patrickvacation.com\/excursiones\/higuey-city-tour\/\",\"name\":\"Higuey City Tour - Patrick Vacation\",\"isPartOf\":{\"@id\":\"https:\/\/patrickvacation.com\/#website\"},\"primaryImageOfPage\":{\"@id\":\"https:\/\/patrickvacation.com\/excursiones\/higuey-city-tour\/#primaryimage\"},\"image\":{\"@id\":\"https:\/\/patrickvacation.com\/excursiones\/higuey-city-tour\/#primaryimage\"},\"thumbnailUrl\":\"https:\/\/patrickvacation.com\/wp-content\/uploads\/2025\/03\/higuey-1.jpg\",\"datePublished\":\"2025-03-20T19:28:36+00:00\",\"dateModified\":\"2025-03-20T19:28:41+00:00\",\"breadcrumb\":{\"@id\":\"https:\/\/patrickvacation.com\/excursiones\/higuey-city-tour\/#breadcrumb\"},\"inLanguage\":\"en-US\",\"potentialAction\":[{\"@type\":\"ReadAction\",\"target\":[\"https:\/\/patrickvacation.com\/excursiones\/higuey-city-tour\/\"]}]},{\"@type\":\"ImageObject\",\"inLanguage\":\"en-US\",\"@id\":\"https:\/\/patrickvacation.com\/excursiones\/higuey-city-tour\/#primaryimage\",\"url\":\"https:\/\/patrickvacation.com\/wp-content\/uploads\/2025\/03\/higuey-1.jpg\",\"contentUrl\":\"https:\/\/patrickvacation.com\/wp-content\/uploads\/2025\/03\/higuey-1.jpg\",\"width\":804,\"height\":454},{\"@type\":\"BreadcrumbList\",\"@id\":\"https:\/\/patrickvacation.com\/excursiones\/higuey-city-tour\/#breadcrumb\",\"itemListElement\":[{\"@type\":\"ListItem\",\"position\":1,\"name\":\"Portada\",\"item\":\"https:\/\/patrickvacation.com\/\"},{\"@type\":\"ListItem\",\"position\":2,\"name\":\"Excursiones y Reservas\",\"item\":\"https:\/\/patrickvacation.com\/excursiones\/\"},{\"@type\":\"ListItem\",\"position\":3,\"name\":\"Higuey City Tour\"}]},{\"@type\":\"WebSite\",\"@id\":\"https:\/\/patrickvacation.com\/#website\",\"url\":\"https:\/\/patrickvacation.com\/\",\"name\":\"Patrick Vacation\",\"description\":\"\",\"publisher\":{\"@id\":\"https:\/\/patrickvacation.com\/#organization\"},\"potentialAction\":[{\"@type\":\"SearchAction\",\"target\":{\"@type\":\"EntryPoint\",\"urlTemplate\":\"https:\/\/patrickvacation.com\/?s={search_term_string}\"},\"query-input\":{\"@type\":\"PropertyValueSpecification\",\"valueRequired\":true,\"valueName\":\"search_term_string\"}}],\"inLanguage\":\"en-US\"},{\"@type\":\"Organization\",\"@id\":\"https:\/\/patrickvacation.com\/#organization\",\"name\":\"Alcequiez Tours and Travel\",\"url\":\"https:\/\/patrickvacation.com\/\",\"logo\":{\"@type\":\"ImageObject\",\"inLanguage\":\"en-US\",\"@id\":\"https:\/\/patrickvacation.com\/#\/schema\/logo\/image\/\",\"url\":\"https:\/\/patrickvacation.com\/wp-content\/uploads\/2023\/03\/Logo-Alcequiez.png\",\"contentUrl\":\"https:\/\/patrickvacation.com\/wp-content\/uploads\/2023\/03\/Logo-Alcequiez.png\",\"width\":1080,\"height\":560,\"caption\":\"Alcequiez Tours and Travel\"},\"image\":{\"@id\":\"https:\/\/patrickvacation.com\/#\/schema\/logo\/image\/\"},\"sameAs\":[\"https:\/\/www.facebook.com\/alcequiez.tours.travel\",\"https:\/\/www.instagram.com\/alcequieztour\/\"]}]}<\/script>\n<!-- \/ Yoast SEO plugin. -->","yoast_head_json":{"title":"Higuey City Tour - Patrick Vacation","robots":{"index":"index","follow":"follow","max-snippet":"max-snippet:-1","max-image-preview":"max-image-preview:large","max-video-preview":"max-video-preview:-1"},"canonical":"https:\/\/patrickvacation.com\/en\/excursiones\/higuey-city-tour\/","og_locale":"en_US","og_type":"article","og_title":"Higuey City Tour - Patrick Vacation","og_description":"\u00a0\u00a1Descubre la Rep\u00fablica Dominicana real!Alrededor de los complejos tur\u00edsticos encontramosalgunas de las principales ciudades de la regi\u00f3nde La Altagracia. En este tour podr\u00e1s conocer sucapital, Hig\u00fcey, donde se encuentran la Bas\u00edlicaCatedral Nuestra Se\u00f1ora de la Altagracia, unosde los santuarios m\u00e1s concurridos del Caribe, yla iglesia de San Dionisio, una de las primerasconstruidas en Am\u00e9ricaDurante el recorrido veremos la forma de vidade las comunidades locales, el paisaje selv\u00e1ticode la cordillera Oriental y los ca\u00f1averales, unode los motores econ\u00f3micos del pa\u00eds mediante laproducci\u00f3n de az\u00facar y de ron.Antes de regresar al hotel conoceremos de primeramano los principales productos producidos en elentorno rural del pa\u00eds y visitaremos una f\u00e1brica detabaco, donde se preparan los reconocidos cigarrosdominicanos.Adem\u00e1s, conoceremos los procesos de elaboraci\u00f3ndel ron, chocolate y caf\u00e9, con degustacionesincluidas de cada uno de estos productos.Sera una oportunidad \u00fanica de entrar al mundo deld\u00eda a d\u00eda de los nativos de la regi\u00f3n que finalizaracon las muestras de los dos minerales m\u00e1scaracter\u00edsticas de los yacimientos dominicanos: ellarimar y el \u00e1mbar.","og_url":"https:\/\/patrickvacation.com\/en\/excursiones\/higuey-city-tour\/","og_site_name":"Patrick Vacation","article_publisher":"https:\/\/www.facebook.com\/alcequiez.tours.travel","article_modified_time":"2025-03-20T19:28:41+00:00","twitter_card":"summary_large_image","schema":{"@context":"https:\/\/schema.org","@graph":[{"@type":"WebPage","@id":"https:\/\/patrickvacation.com\/excursiones\/higuey-city-tour\/","url":"https:\/\/patrickvacation.com\/excursiones\/higuey-city-tour\/","name":"Higuey City Tour - Patrick Vacation","isPartOf":{"@id":"https:\/\/patrickvacation.com\/#website"},"primaryImageOfPage":{"@id":"https:\/\/patrickvacation.com\/excursiones\/higuey-city-tour\/#primaryimage"},"image":{"@id":"https:\/\/patrickvacation.com\/excursiones\/higuey-city-tour\/#primaryimage"},"thumbnailUrl":"https:\/\/patrickvacation.com\/wp-content\/uploads\/2025\/03\/higuey-1.jpg","datePublished":"2025-03-20T19:28:36+00:00","dateModified":"2025-03-20T19:28:41+00:00","breadcrumb":{"@id":"https:\/\/patrickvacation.com\/excursiones\/higuey-city-tour\/#breadcrumb"},"inLanguage":"en-US","potentialAction":[{"@type":"ReadAction","target":["https:\/\/patrickvacation.com\/excursiones\/higuey-city-tour\/"]}]},{"@type":"ImageObject","inLanguage":"en-US","@id":"https:\/\/patrickvacation.com\/excursiones\/higuey-city-tour\/#primaryimage","url":"https:\/\/patrickvacation.com\/wp-content\/uploads\/2025\/03\/higuey-1.jpg","contentUrl":"https:\/\/patrickvacation.com\/wp-content\/uploads\/2025\/03\/higuey-1.jpg","width":804,"height":454},{"@type":"BreadcrumbList","@id":"https:\/\/patrickvacation.com\/excursiones\/higuey-city-tour\/#breadcrumb","itemListElement":[{"@type":"ListItem","position":1,"name":"Portada","item":"https:\/\/patrickvacation.com\/"},{"@type":"ListItem","position":2,"name":"Excursiones y Reservas","item":"https:\/\/patrickvacation.com\/excursiones\/"},{"@type":"ListItem","position":3,"name":"Higuey City Tour"}]},{"@type":"WebSite","@id":"https:\/\/patrickvacation.com\/#website","url":"https:\/\/patrickvacation.com\/","name":"Patrick Vacation","description":"","publisher":{"@id":"https:\/\/patrickvacation.com\/#organization"},"potentialAction":[{"@type":"SearchAction","target":{"@type":"EntryPoint","urlTemplate":"https:\/\/patrickvacation.com\/?s={search_term_string}"},"query-input":{"@type":"PropertyValueSpecification","valueRequired":true,"valueName":"search_term_string"}}],"inLanguage":"en-US"},{"@type":"Organization","@id":"https:\/\/patrickvacation.com\/#organization","name":"Alcequiez Tours and Travel","url":"https:\/\/patrickvacation.com\/","logo":{"@type":"ImageObject","inLanguage":"en-US","@id":"https:\/\/patrickvacation.com\/#\/schema\/logo\/image\/","url":"https:\/\/patrickvacation.com\/wp-content\/uploads\/2023\/03\/Logo-Alcequiez.png","contentUrl":"https:\/\/patrickvacation.com\/wp-content\/uploads\/2023\/03\/Logo-Alcequiez.png","width":1080,"height":560,"caption":"Alcequiez Tours and Travel"},"image":{"@id":"https:\/\/patrickvacation.com\/#\/schema\/logo\/image\/"},"sameAs":["https:\/\/www.facebook.com\/alcequiez.tours.travel","https:\/\/www.instagram.com\/alcequieztour\/"]}]}},"_links":{"self":[{"href":"https:\/\/patrickvacation.com\/en\/wp-json\/wp\/v2\/product\/15912","targetHints":{"allow":["GET"]}}],"collection":[{"href":"https:\/\/patrickvacation.com\/en\/wp-json\/wp\/v2\/product"}],"about":[{"href":"https:\/\/patrickvacation.com\/en\/wp-json\/wp\/v2\/types\/product"}],"version-history":[{"count":1,"href":"https:\/\/patrickvacation.com\/en\/wp-json\/wp\/v2\/product\/15912\/revisions"}],"predecessor-version":[{"id":15916,"href":"https:\/\/patrickvacation.com\/en\/wp-json\/wp\/v2\/product\/15912\/revisions\/15916"}],"wp:featuredmedia":[{"embeddable":true,"href":"https:\/\/patrickvacation.com\/en\/wp-json\/wp\/v2\/media\/15915"}],"wp:attachment":[{"href":"https:\/\/patrickvacation.com\/en\/wp-json\/wp\/v2\/media?parent=15912"}],"wp:term":[{"taxonomy":"product_brand","embeddable":true,"href":"https:\/\/patrickvacation.com\/en\/wp-json\/wp\/v2\/product_brand?post=15912"},{"taxonomy":"product_cat","embeddable":true,"href":"https:\/\/patrickvacation.com\/en\/wp-json\/wp\/v2\/product_cat?post=15912"},{"taxonomy":"product_tag","embeddable":true,"href":"https:\/\/patrickvacation.com\/en\/wp-json\/wp\/v2\/product_tag?post=15912"}],"curies":[{"name":"wp","href":"https:\/\/api.w.org\/{rel}","templated":true}]}}