{"id":15913,"date":"2025-03-20T19:28:37","date_gmt":"2025-03-20T19:28:37","guid":{"rendered":"https:\/\/patrickvacation.com\/?post_type=product&#038;p=15913"},"modified":"2025-03-20T19:28:42","modified_gmt":"2025-03-20T19:28:42","slug":"unique-cave-night-tour-buggies-nocturno","status":"publish","type":"product","link":"https:\/\/patrickvacation.com\/en\/excursiones\/unique-cave-night-tour-buggies-nocturno\/","title":{"rendered":"Unique cave night tour Buggies (nocturno)"},"content":{"rendered":"<p>Duraci\u00f3n: Medio Dia<br \/>Incluye Transporte, Cena t\u00edpica dominicana<br \/>Guia en v\u00e1rios idiomas.<\/p>\n<p>CONSEJOS \u00daTILES Ropa ligera Toalla Calzado c\u00f3modo Dinero de bolsillo Gorra o sombrero Antimosquitos<\/p>","protected":false},"excerpt":{"rendered":"<p>Una traves\u00eda pensada para los que tengan esp\u00edritu<br \/>\naventurero, protagonistas de la acci\u00f3n bajo las<br \/>\nestrellas.<br \/>\n Conduciremos buggies de primer nivel a trav\u00e9s de<br \/>\nla selva dominicana en la oscuridad de la noche.<br \/>\n Aprender\u00e1s en el rancho todo sobre el aceite de<br \/>\ncoco, el tabaco, el ron, el caf\u00e9 y el te de chocolate de<br \/>\nfama mundial. Podr\u00e1s darte un refrescante ba\u00f1o<br \/>\nen unas espectaculares cuevas iluminadas por la<br \/>\nnoche.<br \/>\n Disfrutaremos de una extraordinaria cena t\u00edpica<br \/>\ndominicana donde conoceremos platos t\u00edpicos de<br \/>\nsu gastronom\u00eda, incluyendo el excelente pescado<br \/>\nfresco en salsa de coco.<br \/>\n Posteriormente daremos paso a una fiesta al<br \/>\nson del ritmo taino, donde presenciaremos un<br \/>\nespect\u00e1culo de danza \u201cLa luna Taina\u201d que quedar\u00e1<br \/>\ngrabado en tu recuerdo de la aut\u00e9ntica Republica<br \/>\nDominicana.<\/p>\n<p><\/p>","protected":false},"featured_media":15917,"template":"","meta":[],"product_brand":[195],"product_cat":[371],"product_tag":[],"class_list":{"0":"post-15913","1":"product","2":"type-product","3":"status-publish","4":"has-post-thumbnail","6":"product_brand-buggies","7":"product_cat-excurciones","9":"first","10":"instock","11":"virtual","12":"product-type-simple"},"yoast_head":"<!-- This site is optimized with the Yoast SEO plugin v24.7 - https:\/\/yoast.com\/wordpress\/plugins\/seo\/ -->\n<title>Unique cave night tour Buggies (nocturno) - Patrick Vacation<\/title>\n<meta name=\"robots\" content=\"index, follow, max-snippet:-1, max-image-preview:large, max-video-preview:-1\" \/>\n<link rel=\"canonical\" href=\"https:\/\/patrickvacation.com\/en\/excursiones\/unique-cave-night-tour-buggies-nocturno\/\" \/>\n<meta property=\"og:locale\" content=\"en_US\" \/>\n<meta property=\"og:type\" content=\"article\" \/>\n<meta property=\"og:title\" content=\"Unique cave night tour Buggies (nocturno) - Patrick Vacation\" \/>\n<meta property=\"og:description\" content=\"Una traves\u00eda pensada para los que tengan esp\u00edritu aventurero, protagonistas de la acci\u00f3n bajo las estrellas. Conduciremos buggies de primer nivel a trav\u00e9s de la selva dominicana en la oscuridad de la noche. Aprender\u00e1s en el rancho todo sobre el aceite de coco, el tabaco, el ron, el caf\u00e9 y el te de chocolate de fama mundial. Podr\u00e1s darte un refrescante ba\u00f1o en unas espectaculares cuevas iluminadas por la noche. Disfrutaremos de una extraordinaria cena t\u00edpica dominicana donde conoceremos platos t\u00edpicos de su gastronom\u00eda, incluyendo el excelente pescado fresco en salsa de coco. Posteriormente daremos paso a una fiesta al son del ritmo taino, donde presenciaremos un espect\u00e1culo de danza \u201cLa luna Taina\u201d que quedar\u00e1 grabado en tu recuerdo de la aut\u00e9ntica Republica Dominicana.\" \/>\n<meta property=\"og:url\" content=\"https:\/\/patrickvacation.com\/en\/excursiones\/unique-cave-night-tour-buggies-nocturno\/\" \/>\n<meta property=\"og:site_name\" content=\"Patrick Vacation\" \/>\n<meta property=\"article:publisher\" content=\"https:\/\/www.facebook.com\/alcequiez.tours.travel\" \/>\n<meta property=\"article:modified_time\" content=\"2025-03-20T19:28:42+00:00\" \/>\n<meta name=\"twitter:card\" content=\"summary_large_image\" \/>\n<script type=\"application\/ld+json\" class=\"yoast-schema-graph\">{\"@context\":\"https:\/\/schema.org\",\"@graph\":[{\"@type\":\"WebPage\",\"@id\":\"https:\/\/patrickvacation.com\/excursiones\/unique-cave-night-tour-buggies-nocturno\/\",\"url\":\"https:\/\/patrickvacation.com\/excursiones\/unique-cave-night-tour-buggies-nocturno\/\",\"name\":\"Unique cave night tour Buggies (nocturno) - Patrick Vacation\",\"isPartOf\":{\"@id\":\"https:\/\/patrickvacation.com\/#website\"},\"primaryImageOfPage\":{\"@id\":\"https:\/\/patrickvacation.com\/excursiones\/unique-cave-night-tour-buggies-nocturno\/#primaryimage\"},\"image\":{\"@id\":\"https:\/\/patrickvacation.com\/excursiones\/unique-cave-night-tour-buggies-nocturno\/#primaryimage\"},\"thumbnailUrl\":\"https:\/\/patrickvacation.com\/wp-content\/uploads\/2025\/03\/bug-noct-1.jpg\",\"datePublished\":\"2025-03-20T19:28:37+00:00\",\"dateModified\":\"2025-03-20T19:28:42+00:00\",\"breadcrumb\":{\"@id\":\"https:\/\/patrickvacation.com\/excursiones\/unique-cave-night-tour-buggies-nocturno\/#breadcrumb\"},\"inLanguage\":\"en-US\",\"potentialAction\":[{\"@type\":\"ReadAction\",\"target\":[\"https:\/\/patrickvacation.com\/excursiones\/unique-cave-night-tour-buggies-nocturno\/\"]}]},{\"@type\":\"ImageObject\",\"inLanguage\":\"en-US\",\"@id\":\"https:\/\/patrickvacation.com\/excursiones\/unique-cave-night-tour-buggies-nocturno\/#primaryimage\",\"url\":\"https:\/\/patrickvacation.com\/wp-content\/uploads\/2025\/03\/bug-noct-1.jpg\",\"contentUrl\":\"https:\/\/patrickvacation.com\/wp-content\/uploads\/2025\/03\/bug-noct-1.jpg\",\"width\":673,\"height\":456},{\"@type\":\"BreadcrumbList\",\"@id\":\"https:\/\/patrickvacation.com\/excursiones\/unique-cave-night-tour-buggies-nocturno\/#breadcrumb\",\"itemListElement\":[{\"@type\":\"ListItem\",\"position\":1,\"name\":\"Portada\",\"item\":\"https:\/\/patrickvacation.com\/\"},{\"@type\":\"ListItem\",\"position\":2,\"name\":\"Excursiones y Reservas\",\"item\":\"https:\/\/patrickvacation.com\/excursiones\/\"},{\"@type\":\"ListItem\",\"position\":3,\"name\":\"Unique cave night tour Buggies (nocturno)\"}]},{\"@type\":\"WebSite\",\"@id\":\"https:\/\/patrickvacation.com\/#website\",\"url\":\"https:\/\/patrickvacation.com\/\",\"name\":\"Patrick Vacation\",\"description\":\"\",\"publisher\":{\"@id\":\"https:\/\/patrickvacation.com\/#organization\"},\"potentialAction\":[{\"@type\":\"SearchAction\",\"target\":{\"@type\":\"EntryPoint\",\"urlTemplate\":\"https:\/\/patrickvacation.com\/?s={search_term_string}\"},\"query-input\":{\"@type\":\"PropertyValueSpecification\",\"valueRequired\":true,\"valueName\":\"search_term_string\"}}],\"inLanguage\":\"en-US\"},{\"@type\":\"Organization\",\"@id\":\"https:\/\/patrickvacation.com\/#organization\",\"name\":\"Alcequiez Tours and Travel\",\"url\":\"https:\/\/patrickvacation.com\/\",\"logo\":{\"@type\":\"ImageObject\",\"inLanguage\":\"en-US\",\"@id\":\"https:\/\/patrickvacation.com\/#\/schema\/logo\/image\/\",\"url\":\"https:\/\/patrickvacation.com\/wp-content\/uploads\/2023\/03\/Logo-Alcequiez.png\",\"contentUrl\":\"https:\/\/patrickvacation.com\/wp-content\/uploads\/2023\/03\/Logo-Alcequiez.png\",\"width\":1080,\"height\":560,\"caption\":\"Alcequiez Tours and Travel\"},\"image\":{\"@id\":\"https:\/\/patrickvacation.com\/#\/schema\/logo\/image\/\"},\"sameAs\":[\"https:\/\/www.facebook.com\/alcequiez.tours.travel\",\"https:\/\/www.instagram.com\/alcequieztour\/\"]}]}<\/script>\n<!-- \/ Yoast SEO plugin. -->","yoast_head_json":{"title":"Unique cave night tour Buggies (nocturno) - Patrick Vacation","robots":{"index":"index","follow":"follow","max-snippet":"max-snippet:-1","max-image-preview":"max-image-preview:large","max-video-preview":"max-video-preview:-1"},"canonical":"https:\/\/patrickvacation.com\/en\/excursiones\/unique-cave-night-tour-buggies-nocturno\/","og_locale":"en_US","og_type":"article","og_title":"Unique cave night tour Buggies (nocturno) - Patrick Vacation","og_description":"Una traves\u00eda pensada para los que tengan esp\u00edritu aventurero, protagonistas de la acci\u00f3n bajo las estrellas. Conduciremos buggies de primer nivel a trav\u00e9s de la selva dominicana en la oscuridad de la noche. Aprender\u00e1s en el rancho todo sobre el aceite de coco, el tabaco, el ron, el caf\u00e9 y el te de chocolate de fama mundial. Podr\u00e1s darte un refrescante ba\u00f1o en unas espectaculares cuevas iluminadas por la noche. Disfrutaremos de una extraordinaria cena t\u00edpica dominicana donde conoceremos platos t\u00edpicos de su gastronom\u00eda, incluyendo el excelente pescado fresco en salsa de coco. Posteriormente daremos paso a una fiesta al son del ritmo taino, donde presenciaremos un espect\u00e1culo de danza \u201cLa luna Taina\u201d que quedar\u00e1 grabado en tu recuerdo de la aut\u00e9ntica Republica Dominicana.","og_url":"https:\/\/patrickvacation.com\/en\/excursiones\/unique-cave-night-tour-buggies-nocturno\/","og_site_name":"Patrick Vacation","article_publisher":"https:\/\/www.facebook.com\/alcequiez.tours.travel","article_modified_time":"2025-03-20T19:28:42+00:00","twitter_card":"summary_large_image","schema":{"@context":"https:\/\/schema.org","@graph":[{"@type":"WebPage","@id":"https:\/\/patrickvacation.com\/excursiones\/unique-cave-night-tour-buggies-nocturno\/","url":"https:\/\/patrickvacation.com\/excursiones\/unique-cave-night-tour-buggies-nocturno\/","name":"Unique cave night tour Buggies (nocturno) - Patrick Vacation","isPartOf":{"@id":"https:\/\/patrickvacation.com\/#website"},"primaryImageOfPage":{"@id":"https:\/\/patrickvacation.com\/excursiones\/unique-cave-night-tour-buggies-nocturno\/#primaryimage"},"image":{"@id":"https:\/\/patrickvacation.com\/excursiones\/unique-cave-night-tour-buggies-nocturno\/#primaryimage"},"thumbnailUrl":"https:\/\/patrickvacation.com\/wp-content\/uploads\/2025\/03\/bug-noct-1.jpg","datePublished":"2025-03-20T19:28:37+00:00","dateModified":"2025-03-20T19:28:42+00:00","breadcrumb":{"@id":"https:\/\/patrickvacation.com\/excursiones\/unique-cave-night-tour-buggies-nocturno\/#breadcrumb"},"inLanguage":"en-US","potentialAction":[{"@type":"ReadAction","target":["https:\/\/patrickvacation.com\/excursiones\/unique-cave-night-tour-buggies-nocturno\/"]}]},{"@type":"ImageObject","inLanguage":"en-US","@id":"https:\/\/patrickvacation.com\/excursiones\/unique-cave-night-tour-buggies-nocturno\/#primaryimage","url":"https:\/\/patrickvacation.com\/wp-content\/uploads\/2025\/03\/bug-noct-1.jpg","contentUrl":"https:\/\/patrickvacation.com\/wp-content\/uploads\/2025\/03\/bug-noct-1.jpg","width":673,"height":456},{"@type":"BreadcrumbList","@id":"https:\/\/patrickvacation.com\/excursiones\/unique-cave-night-tour-buggies-nocturno\/#breadcrumb","itemListElement":[{"@type":"ListItem","position":1,"name":"Portada","item":"https:\/\/patrickvacation.com\/"},{"@type":"ListItem","position":2,"name":"Excursiones y Reservas","item":"https:\/\/patrickvacation.com\/excursiones\/"},{"@type":"ListItem","position":3,"name":"Unique cave night tour Buggies (nocturno)"}]},{"@type":"WebSite","@id":"https:\/\/patrickvacation.com\/#website","url":"https:\/\/patrickvacation.com\/","name":"Patrick Vacation","description":"","publisher":{"@id":"https:\/\/patrickvacation.com\/#organization"},"potentialAction":[{"@type":"SearchAction","target":{"@type":"EntryPoint","urlTemplate":"https:\/\/patrickvacation.com\/?s={search_term_string}"},"query-input":{"@type":"PropertyValueSpecification","valueRequired":true,"valueName":"search_term_string"}}],"inLanguage":"en-US"},{"@type":"Organization","@id":"https:\/\/patrickvacation.com\/#organization","name":"Alcequiez Tours and Travel","url":"https:\/\/patrickvacation.com\/","logo":{"@type":"ImageObject","inLanguage":"en-US","@id":"https:\/\/patrickvacation.com\/#\/schema\/logo\/image\/","url":"https:\/\/patrickvacation.com\/wp-content\/uploads\/2023\/03\/Logo-Alcequiez.png","contentUrl":"https:\/\/patrickvacation.com\/wp-content\/uploads\/2023\/03\/Logo-Alcequiez.png","width":1080,"height":560,"caption":"Alcequiez Tours and Travel"},"image":{"@id":"https:\/\/patrickvacation.com\/#\/schema\/logo\/image\/"},"sameAs":["https:\/\/www.facebook.com\/alcequiez.tours.travel","https:\/\/www.instagram.com\/alcequieztour\/"]}]}},"_links":{"self":[{"href":"https:\/\/patrickvacation.com\/en\/wp-json\/wp\/v2\/product\/15913","targetHints":{"allow":["GET"]}}],"collection":[{"href":"https:\/\/patrickvacation.com\/en\/wp-json\/wp\/v2\/product"}],"about":[{"href":"https:\/\/patrickvacation.com\/en\/wp-json\/wp\/v2\/types\/product"}],"version-history":[{"count":1,"href":"https:\/\/patrickvacation.com\/en\/wp-json\/wp\/v2\/product\/15913\/revisions"}],"predecessor-version":[{"id":15918,"href":"https:\/\/patrickvacation.com\/en\/wp-json\/wp\/v2\/product\/15913\/revisions\/15918"}],"wp:featuredmedia":[{"embeddable":true,"href":"https:\/\/patrickvacation.com\/en\/wp-json\/wp\/v2\/media\/15917"}],"wp:attachment":[{"href":"https:\/\/patrickvacation.com\/en\/wp-json\/wp\/v2\/media?parent=15913"}],"wp:term":[{"taxonomy":"product_brand","embeddable":true,"href":"https:\/\/patrickvacation.com\/en\/wp-json\/wp\/v2\/product_brand?post=15913"},{"taxonomy":"product_cat","embeddable":true,"href":"https:\/\/patrickvacation.com\/en\/wp-json\/wp\/v2\/product_cat?post=15913"},{"taxonomy":"product_tag","embeddable":true,"href":"https:\/\/patrickvacation.com\/en\/wp-json\/wp\/v2\/product_tag?post=15913"}],"curies":[{"name":"wp","href":"https:\/\/api.w.org\/{rel}","templated":true}]}}