{"id":15914,"date":"2025-03-20T19:28:38","date_gmt":"2025-03-20T19:28:38","guid":{"rendered":"https:\/\/patrickvacation.com\/?post_type=product&#038;p=15914"},"modified":"2025-03-20T19:28:44","modified_gmt":"2025-03-20T19:28:44","slug":"domitai-park","status":"publish","type":"product","link":"https:\/\/patrickvacation.com\/en\/excursiones\/domitai-park\/","title":{"rendered":"Domitai Park"},"content":{"rendered":"<p><strong style=\"text-align: center\">Duraci\u00f3n<\/strong><span style=\"text-align: center\">\u00a0: D\u00eda completo<\/span><br style=\"text-align: center\"><strong style=\"text-align: center\"><br \/>Incluye<\/strong><br style=\"text-align: center\"><span style=\"text-align: center\">Transporte, almuerzo tipo buffet, gu\u00eda <\/span><span style=\"text-align: center\">en varios idiomas.<\/span><\/p>\n<p><span style=\"text-align: center\"><br \/><\/span><strong>\u00a0CONSEJOS \u00daTILES<br \/><\/strong>Ropa ligera <br \/>Toalla<br \/>Calzado c\u00f3modo <br \/>Gafas de sol<br \/>Gorra o sombrero <br \/>Antimosquitos <br \/>Swimsuit<br \/>Protector solar<br \/>Dinero de bolsillo<\/p>","protected":false},"excerpt":{"rendered":"<p style=\"text-align: center\" data-mce-style=\"text-align: center;\"><strong>\u00a1Venga a sumergirse en nuestro parque tem\u00e1tico de<\/strong><br \/><strong>aventuras!<\/strong><br \/>Podr\u00e1s deleitarte con la calidez de la cultura<br \/>dominicana y disfrutar de la mejor diversi\u00f3n y<br \/>aventuras llenas de adrenalina.<br \/>Retroceda en el tiempo y sum\u00e9rjase en la historia<br \/>de los antepasados de la isla; los indios ta\u00ednos.<br \/>Saboree los productos org\u00e1nicos, desl\u00edcese por<br \/>nuestra tirolesa, monta a caballo, conduzca por el<br \/>lodo con nuestros boogies, refr\u00e9squese en nuestro<br \/>cenote, deguste de nuestros mejores platos con<br \/>nuestra cocina local y termine su d\u00eda con un<br \/>Carnival MARDI GRAS.<\/p>","protected":false},"featured_media":15919,"template":"","meta":[],"product_brand":[],"product_cat":[178,182],"product_tag":[],"class_list":{"0":"post-15914","1":"product","2":"type-product","3":"status-publish","4":"has-post-thumbnail","6":"product_cat-aventura-safari","7":"product_cat-ecoaventura-senderismo","9":"first","10":"instock","11":"virtual","12":"product-type-simple"},"yoast_head":"<!-- This site is optimized with the Yoast SEO plugin v24.7 - https:\/\/yoast.com\/wordpress\/plugins\/seo\/ -->\n<title>Domitai Park - Patrick Vacation<\/title>\n<meta name=\"robots\" content=\"index, follow, max-snippet:-1, max-image-preview:large, max-video-preview:-1\" \/>\n<link rel=\"canonical\" href=\"https:\/\/patrickvacation.com\/en\/excursiones\/domitai-park\/\" \/>\n<meta property=\"og:locale\" content=\"en_US\" \/>\n<meta property=\"og:type\" content=\"article\" \/>\n<meta property=\"og:title\" content=\"Domitai Park - Patrick Vacation\" \/>\n<meta property=\"og:description\" content=\"\u00a1Venga a sumergirse en nuestro parque tem\u00e1tico deaventuras!Podr\u00e1s deleitarte con la calidez de la culturadominicana y disfrutar de la mejor diversi\u00f3n yaventuras llenas de adrenalina.Retroceda en el tiempo y sum\u00e9rjase en la historiade los antepasados de la isla; los indios ta\u00ednos.Saboree los productos org\u00e1nicos, desl\u00edcese pornuestra tirolesa, monta a caballo, conduzca por ellodo con nuestros boogies, refr\u00e9squese en nuestrocenote, deguste de nuestros mejores platos connuestra cocina local y termine su d\u00eda con unCarnival MARDI GRAS.\" \/>\n<meta property=\"og:url\" content=\"https:\/\/patrickvacation.com\/en\/excursiones\/domitai-park\/\" \/>\n<meta property=\"og:site_name\" content=\"Patrick Vacation\" \/>\n<meta property=\"article:publisher\" content=\"https:\/\/www.facebook.com\/alcequiez.tours.travel\" \/>\n<meta property=\"article:modified_time\" content=\"2025-03-20T19:28:44+00:00\" \/>\n<meta name=\"twitter:card\" content=\"summary_large_image\" \/>\n<script type=\"application\/ld+json\" class=\"yoast-schema-graph\">{\"@context\":\"https:\/\/schema.org\",\"@graph\":[{\"@type\":\"WebPage\",\"@id\":\"https:\/\/patrickvacation.com\/excursiones\/domitai-park\/\",\"url\":\"https:\/\/patrickvacation.com\/excursiones\/domitai-park\/\",\"name\":\"Domitai Park - Patrick Vacation\",\"isPartOf\":{\"@id\":\"https:\/\/patrickvacation.com\/#website\"},\"primaryImageOfPage\":{\"@id\":\"https:\/\/patrickvacation.com\/excursiones\/domitai-park\/#primaryimage\"},\"image\":{\"@id\":\"https:\/\/patrickvacation.com\/excursiones\/domitai-park\/#primaryimage\"},\"thumbnailUrl\":\"https:\/\/patrickvacation.com\/wp-content\/uploads\/2025\/03\/domitay-park-1.jpg\",\"datePublished\":\"2025-03-20T19:28:38+00:00\",\"dateModified\":\"2025-03-20T19:28:44+00:00\",\"breadcrumb\":{\"@id\":\"https:\/\/patrickvacation.com\/excursiones\/domitai-park\/#breadcrumb\"},\"inLanguage\":\"en-US\",\"potentialAction\":[{\"@type\":\"ReadAction\",\"target\":[\"https:\/\/patrickvacation.com\/excursiones\/domitai-park\/\"]}]},{\"@type\":\"ImageObject\",\"inLanguage\":\"en-US\",\"@id\":\"https:\/\/patrickvacation.com\/excursiones\/domitai-park\/#primaryimage\",\"url\":\"https:\/\/patrickvacation.com\/wp-content\/uploads\/2025\/03\/domitay-park-1.jpg\",\"contentUrl\":\"https:\/\/patrickvacation.com\/wp-content\/uploads\/2025\/03\/domitay-park-1.jpg\",\"width\":796,\"height\":456},{\"@type\":\"BreadcrumbList\",\"@id\":\"https:\/\/patrickvacation.com\/excursiones\/domitai-park\/#breadcrumb\",\"itemListElement\":[{\"@type\":\"ListItem\",\"position\":1,\"name\":\"Portada\",\"item\":\"https:\/\/patrickvacation.com\/\"},{\"@type\":\"ListItem\",\"position\":2,\"name\":\"Excursiones y Reservas\",\"item\":\"https:\/\/patrickvacation.com\/excursiones\/\"},{\"@type\":\"ListItem\",\"position\":3,\"name\":\"Domitai Park\"}]},{\"@type\":\"WebSite\",\"@id\":\"https:\/\/patrickvacation.com\/#website\",\"url\":\"https:\/\/patrickvacation.com\/\",\"name\":\"Patrick Vacation\",\"description\":\"\",\"publisher\":{\"@id\":\"https:\/\/patrickvacation.com\/#organization\"},\"potentialAction\":[{\"@type\":\"SearchAction\",\"target\":{\"@type\":\"EntryPoint\",\"urlTemplate\":\"https:\/\/patrickvacation.com\/?s={search_term_string}\"},\"query-input\":{\"@type\":\"PropertyValueSpecification\",\"valueRequired\":true,\"valueName\":\"search_term_string\"}}],\"inLanguage\":\"en-US\"},{\"@type\":\"Organization\",\"@id\":\"https:\/\/patrickvacation.com\/#organization\",\"name\":\"Alcequiez Tours and Travel\",\"url\":\"https:\/\/patrickvacation.com\/\",\"logo\":{\"@type\":\"ImageObject\",\"inLanguage\":\"en-US\",\"@id\":\"https:\/\/patrickvacation.com\/#\/schema\/logo\/image\/\",\"url\":\"https:\/\/patrickvacation.com\/wp-content\/uploads\/2023\/03\/Logo-Alcequiez.png\",\"contentUrl\":\"https:\/\/patrickvacation.com\/wp-content\/uploads\/2023\/03\/Logo-Alcequiez.png\",\"width\":1080,\"height\":560,\"caption\":\"Alcequiez Tours and Travel\"},\"image\":{\"@id\":\"https:\/\/patrickvacation.com\/#\/schema\/logo\/image\/\"},\"sameAs\":[\"https:\/\/www.facebook.com\/alcequiez.tours.travel\",\"https:\/\/www.instagram.com\/alcequieztour\/\"]}]}<\/script>\n<!-- \/ Yoast SEO plugin. -->","yoast_head_json":{"title":"Domitai Park - Patrick Vacation","robots":{"index":"index","follow":"follow","max-snippet":"max-snippet:-1","max-image-preview":"max-image-preview:large","max-video-preview":"max-video-preview:-1"},"canonical":"https:\/\/patrickvacation.com\/en\/excursiones\/domitai-park\/","og_locale":"en_US","og_type":"article","og_title":"Domitai Park - Patrick Vacation","og_description":"\u00a1Venga a sumergirse en nuestro parque tem\u00e1tico deaventuras!Podr\u00e1s deleitarte con la calidez de la culturadominicana y disfrutar de la mejor diversi\u00f3n yaventuras llenas de adrenalina.Retroceda en el tiempo y sum\u00e9rjase en la historiade los antepasados de la isla; los indios ta\u00ednos.Saboree los productos org\u00e1nicos, desl\u00edcese pornuestra tirolesa, monta a caballo, conduzca por ellodo con nuestros boogies, refr\u00e9squese en nuestrocenote, deguste de nuestros mejores platos connuestra cocina local y termine su d\u00eda con unCarnival MARDI GRAS.","og_url":"https:\/\/patrickvacation.com\/en\/excursiones\/domitai-park\/","og_site_name":"Patrick Vacation","article_publisher":"https:\/\/www.facebook.com\/alcequiez.tours.travel","article_modified_time":"2025-03-20T19:28:44+00:00","twitter_card":"summary_large_image","schema":{"@context":"https:\/\/schema.org","@graph":[{"@type":"WebPage","@id":"https:\/\/patrickvacation.com\/excursiones\/domitai-park\/","url":"https:\/\/patrickvacation.com\/excursiones\/domitai-park\/","name":"Domitai Park - Patrick Vacation","isPartOf":{"@id":"https:\/\/patrickvacation.com\/#website"},"primaryImageOfPage":{"@id":"https:\/\/patrickvacation.com\/excursiones\/domitai-park\/#primaryimage"},"image":{"@id":"https:\/\/patrickvacation.com\/excursiones\/domitai-park\/#primaryimage"},"thumbnailUrl":"https:\/\/patrickvacation.com\/wp-content\/uploads\/2025\/03\/domitay-park-1.jpg","datePublished":"2025-03-20T19:28:38+00:00","dateModified":"2025-03-20T19:28:44+00:00","breadcrumb":{"@id":"https:\/\/patrickvacation.com\/excursiones\/domitai-park\/#breadcrumb"},"inLanguage":"en-US","potentialAction":[{"@type":"ReadAction","target":["https:\/\/patrickvacation.com\/excursiones\/domitai-park\/"]}]},{"@type":"ImageObject","inLanguage":"en-US","@id":"https:\/\/patrickvacation.com\/excursiones\/domitai-park\/#primaryimage","url":"https:\/\/patrickvacation.com\/wp-content\/uploads\/2025\/03\/domitay-park-1.jpg","contentUrl":"https:\/\/patrickvacation.com\/wp-content\/uploads\/2025\/03\/domitay-park-1.jpg","width":796,"height":456},{"@type":"BreadcrumbList","@id":"https:\/\/patrickvacation.com\/excursiones\/domitai-park\/#breadcrumb","itemListElement":[{"@type":"ListItem","position":1,"name":"Portada","item":"https:\/\/patrickvacation.com\/"},{"@type":"ListItem","position":2,"name":"Excursiones y Reservas","item":"https:\/\/patrickvacation.com\/excursiones\/"},{"@type":"ListItem","position":3,"name":"Domitai Park"}]},{"@type":"WebSite","@id":"https:\/\/patrickvacation.com\/#website","url":"https:\/\/patrickvacation.com\/","name":"Patrick Vacation","description":"","publisher":{"@id":"https:\/\/patrickvacation.com\/#organization"},"potentialAction":[{"@type":"SearchAction","target":{"@type":"EntryPoint","urlTemplate":"https:\/\/patrickvacation.com\/?s={search_term_string}"},"query-input":{"@type":"PropertyValueSpecification","valueRequired":true,"valueName":"search_term_string"}}],"inLanguage":"en-US"},{"@type":"Organization","@id":"https:\/\/patrickvacation.com\/#organization","name":"Alcequiez Tours and Travel","url":"https:\/\/patrickvacation.com\/","logo":{"@type":"ImageObject","inLanguage":"en-US","@id":"https:\/\/patrickvacation.com\/#\/schema\/logo\/image\/","url":"https:\/\/patrickvacation.com\/wp-content\/uploads\/2023\/03\/Logo-Alcequiez.png","contentUrl":"https:\/\/patrickvacation.com\/wp-content\/uploads\/2023\/03\/Logo-Alcequiez.png","width":1080,"height":560,"caption":"Alcequiez Tours and Travel"},"image":{"@id":"https:\/\/patrickvacation.com\/#\/schema\/logo\/image\/"},"sameAs":["https:\/\/www.facebook.com\/alcequiez.tours.travel","https:\/\/www.instagram.com\/alcequieztour\/"]}]}},"_links":{"self":[{"href":"https:\/\/patrickvacation.com\/en\/wp-json\/wp\/v2\/product\/15914","targetHints":{"allow":["GET"]}}],"collection":[{"href":"https:\/\/patrickvacation.com\/en\/wp-json\/wp\/v2\/product"}],"about":[{"href":"https:\/\/patrickvacation.com\/en\/wp-json\/wp\/v2\/types\/product"}],"version-history":[{"count":1,"href":"https:\/\/patrickvacation.com\/en\/wp-json\/wp\/v2\/product\/15914\/revisions"}],"predecessor-version":[{"id":15920,"href":"https:\/\/patrickvacation.com\/en\/wp-json\/wp\/v2\/product\/15914\/revisions\/15920"}],"wp:featuredmedia":[{"embeddable":true,"href":"https:\/\/patrickvacation.com\/en\/wp-json\/wp\/v2\/media\/15919"}],"wp:attachment":[{"href":"https:\/\/patrickvacation.com\/en\/wp-json\/wp\/v2\/media?parent=15914"}],"wp:term":[{"taxonomy":"product_brand","embeddable":true,"href":"https:\/\/patrickvacation.com\/en\/wp-json\/wp\/v2\/product_brand?post=15914"},{"taxonomy":"product_cat","embeddable":true,"href":"https:\/\/patrickvacation.com\/en\/wp-json\/wp\/v2\/product_cat?post=15914"},{"taxonomy":"product_tag","embeddable":true,"href":"https:\/\/patrickvacation.com\/en\/wp-json\/wp\/v2\/product_tag?post=15914"}],"curies":[{"name":"wp","href":"https:\/\/api.w.org\/{rel}","templated":true}]}}