{"id":6001,"date":"2023-04-17T16:30:27","date_gmt":"2023-04-17T16:30:27","guid":{"rendered":"https:\/\/patrickvacation.com\/?post_type=product&#038;p=6001"},"modified":"2025-02-24T17:26:18","modified_gmt":"2025-02-24T17:26:18","slug":"coco-bongo-drink-park","status":"publish","type":"product","link":"https:\/\/patrickvacation.com\/en\/excursiones\/coco-bongo-drink-park\/","title":{"rendered":"Coco Bongo"},"content":{"rendered":"<section id=\"section-71-519\" class=\"ct-section\">\n<div class=\"ct-section-inner-wrap\" style=\"margin-left: auto;margin-right: auto;height: 465.531px;min-height: inherit;max-width: 1120px;padding: 23px 20px 31px;flex-direction: column;align-items: flex-start\" data-mce-style=\"margin-left: auto; margin-right: auto; height: 465.531px; min-height: inherit; max-width: 1120px; padding: 23px 20px 31px; flex-direction: column; align-items: flex-start;\">\n<h2 id=\"headline-112-519\" class=\"ct-headline\" style=\"margin: 0px;font-family: Quicksand;font-size: 35px\" data-mce-style=\"margin: 0px; font-family: Quicksand; font-size: 35px;\">\u00bfC\u00f3mo llegar hasta la discoteca?<br \/><\/h2>\n<div id=\"_rich_text-113-519\" class=\"oxy-rich-text\">\n<p style=\"margin-block-start: 0px\" data-mce-style=\"margin-block-start: 0px;\">El acceso a Coco Bongo se encuentra en la\u00a0<span style=\"font-weight: bolder\" data-mce-style=\"font-weight: bolder;\">carretera Barcel\u00f3<\/span>, en el cruce Coco Loco B\u00e1varo,\u00a0<span style=\"font-weight: bolder\" data-mce-style=\"font-weight: bolder;\">junto al centro comercial Downtown<\/span>\u00a0de Punta Cana, provincia de La Altagracia.<\/p>\n<p>Existen muchas maneras de llegar hasta este lugar, pero la\u00a0<span style=\"font-weight: bolder\" data-mce-style=\"font-weight: bolder;\">mejor opci\u00f3n<\/span>\u00a0es\u00a0<span style=\"font-weight: bolder\" data-mce-style=\"font-weight: bolder;\">reservar un tour<\/span>\u00a0como este, que\u00a0<span style=\"font-weight: bolder\" data-mce-style=\"font-weight: bolder;\">incluye traslado de ida y vuelta<\/span>\u00a0hasta Coco Bongo Punta Cana.<\/p>\n<p>\u00bfQuieres saber cu\u00e1ndo abre Coco Bongo?\u00a0<span style=\"font-weight: bolder\" data-mce-style=\"font-weight: bolder;\">Su hora de apertura<\/span>\u00a0es las\u00a0<span style=\"font-weight: bolder\" data-mce-style=\"font-weight: bolder;\">8:00\u00a0pm y\u00a0<\/span>el cierre se pronlonga<span style=\"font-weight: bolder\" data-mce-style=\"font-weight: bolder;\">\u00a0hasta las 2:00 am<\/span>. Sin embargo, los\u00a0<span style=\"font-weight: bolder\" data-mce-style=\"font-weight: bolder;\">viernes y s\u00e1bados<\/span>\u00a0se puede alargar la estancia hasta las\u00a0<span style=\"font-weight: bolder\" data-mce-style=\"font-weight: bolder;\">3:00 a.m<\/span>\u00a0(transporte no incluido).<\/p>\n<p>El transporte hasta los hoteles y resorts se realiza en autob\u00fas y est\u00e1 sincronizado con estos horarios de apertura.<\/p>\n<p>Recordamos que est\u00e1 es una excursi\u00f3n\u00a0<span style=\"font-weight: bolder\" data-mce-style=\"font-weight: bolder;\">solo apta para adultos<\/span>, aunque puedes preguntar si admiten ni\u00f1os para ver los shows en vivo.<\/p>\n<p style=\"margin-block-end: 0px\" data-mce-style=\"margin-block-end: 0px;\">As\u00ed que ya sabes, si quieres gozar de una jornada en la que el ron dominicano y la m\u00fasica sean tus mejores aliados, \u00a1ven a vivir una fant\u00e1stica experiencia de luces y sonido en\u00a0<span style=\"font-weight: bolder\" data-mce-style=\"font-weight: bolder;\">Coco Bongo Punta Cana<br \/><\/span><img decoding=\"async\" id=\"image-141-1471\" alt=\"Drink Pack Coco bongo\" src=\"https:\/\/jackcana.tours\/wp-content\/uploads\/2022\/02\/Drink-Pack-Coco-bongo.jpg\" class=\"ct-image h-full w-full object-cover object-right\" data-mce-src=\"https:\/\/jackcana.tours\/wp-content\/uploads\/2022\/02\/Drink-Pack-Coco-bongo.jpg\" data-mce-style=\"border-style: none; width: 514px; object-fit: cover; height: 360.552px; object-position: right center; padding: 10px; border-radius: 25px;\"><\/p>\n<h2 id=\"headline-423-1471\" class=\"ct-headline\" style=\"margin: 0px;font-family: Quicksand;font-size: 35px\" data-mce-style=\"margin: 0px; font-family: Quicksand; font-size: 35px;\">\u00bfPor qu\u00e9 es tan famosa esta discoteca?<br \/><\/h2>\n<div id=\"_rich_text-424-1471\" class=\"oxy-rich-text\" style=\"margin-top: 10px;width: 1080px\" data-mce-style=\"margin-top: 10px; width: 1080px;\">\n<p style=\"margin-block-start: 0px\" data-mce-style=\"margin-block-start: 0px;\">Esta sala de espect\u00e1culos dominicana, inaugurada en 2013, es una de las mejores discotecas del pa\u00eds. Podemos considerar que es una discoteca nueva, ya que apenas cuenta con 10 a\u00f1os desde su apertura.<\/p>\n<p style=\"margin-block-end: 0px\" data-mce-style=\"margin-block-end: 0px;\">Situada muy cerca de la zona tur\u00edstica y a apenas 15 minutos del aeropuerto internacional de Punta Cana, esta disco nos ofrece una espectacular\u00a0<span style=\"font-weight: bolder\" data-mce-style=\"font-weight: bolder;\">oferta de ocio<\/span>\u00a0durante sus horas de apertura. Su principal atractivo son sus espect\u00e1culos en vivo que\u00a0<span style=\"font-weight: bolder\" data-mce-style=\"font-weight: bolder;\">suelen variar con frecuencia<\/span>\u00a0generando as\u00ed, una atm\u00f3sfera diferente para el turista que quiere visitar el club en repetidas visitas a la isla.<\/p>\n<\/div>\n<\/div>\n<\/div>\n<\/section>","protected":false},"excerpt":{"rendered":"<h2 id=\"headline-31-519\" class=\"ct-headline\" style=\"margin: 7px 0px 0px;font-family: Quicksand;font-size: 35px\" data-mce-style=\"margin: 7px 0px 0px; font-family: Quicksand; font-size: 35px;\">Disfruta de los mejores shows del Caribe<br \/><\/h2>\n<div id=\"_rich_text-101-519\" class=\"oxy-rich-text\">\n<p style=\"margin-block-start: 0px\" data-mce-style=\"margin-block-start: 0px;\">Si quieres disfrutar de la\u00a0<span style=\"font-weight: bolder\" data-mce-style=\"font-weight: bolder;\">vida nocturna de Punta Cana<\/span>, una de las m\u00e1s intensas de todo el Caribe, acabas de llegar al lugar adecuado.<\/p>\n<p>Este tour te llevar\u00e1 a la\u00a0<span style=\"font-weight: bolder\" data-mce-style=\"font-weight: bolder;\">mejor discoteca<\/span>\u00a0de Punta Cana,\u00a0<span style=\"font-weight: bolder\" data-mce-style=\"font-weight: bolder;\">Coco Bongo<\/span>. Con sede en algunos de los mejores spots del Caribe, como Playa del Carmen y Canc\u00fan, en M\u00e9xico, la experiencia en Rep\u00fablica Dominicana promete una\u00a0<span style=\"font-weight: bolder\" data-mce-style=\"font-weight: bolder;\">noche para divertirte<\/span>\u00a0hasta que ya no puedas bailar m\u00e1s.<\/p>\n<p>Coco Bongo no es solo una sala de fiesta en la que la m\u00fasica est\u00e1 a todo volumen y simplemente nos queda la opci\u00f3n de bailar. Este club es una\u00a0<span style=\"font-weight: bolder\" data-mce-style=\"font-weight: bolder;\">experiencia completa<\/span>, en la que tambi\u00e9n podr\u00e1s disfrutar de\u00a0<span style=\"font-weight: bolder\" data-mce-style=\"font-weight: bolder;\">espect\u00e1culos en vivo<\/span>\u00a0ambientados en diferentes grupos musicales y pel\u00edculas:\u00a0<em>Spiderman<\/em>,\u00a0<em>Queen<\/em>,\u00a0<em>Mad Max<\/em>,\u00a0<em>Los Beatles<\/em>\u00a0or\u00a0<em>Moulin Rouge<\/em>, entre muchos otros.<\/p>\n<p>El \u00e9xito de Coco Bongo se debe tambi\u00e9n a cuestiones t\u00e9cnicas. Cuenta con un\u00a0<span style=\"font-weight: bolder\" data-mce-style=\"font-weight: bolder;\">gran escenario<\/span>\u00a0para las actuaciones, con\u00a0<span style=\"font-weight: bolder\" data-mce-style=\"font-weight: bolder;\">proyecciones visuales tridimensionales\u00a0<\/span>y un\u00a0<span style=\"font-weight: bolder\" data-mce-style=\"font-weight: bolder;\">grupo de animaci\u00f3n<\/span>\u00a0de m\u00e1s de 60 acr\u00f3batas, actores y bailarines.<\/p>\n<p>En el bar, podemos degustar las\u00a0<span style=\"font-weight: bolder\" data-mce-style=\"font-weight: bolder;\">mejores bebidas locales e internacionales<\/span>, con algunos de los mejores c\u00f3cteles de Rep\u00fablica Dominicana.<\/p>\n<p style=\"margin-block-end: 0px\" data-mce-style=\"margin-block-end: 0px;\">Con una\u00a0<span style=\"font-weight: bolder\" data-mce-style=\"font-weight: bolder;\">capacidad para m\u00e1s de 1.000 personas<\/span>\u00a0en sus 4.016 m<span style=\"vertical-align: baseline;font-size: 12px;line-height: 0;position: relative;top: -0.5em\" data-mce-style=\"vertical-align: baseline; font-size: 12px; line-height: 0; position: relative; top: -0.5em;\">2<\/span>, la joya de la corona es su sal\u00f3n disco,\u00a0<span style=\"font-weight: bolder\" data-mce-style=\"font-weight: bolder;\">perfecto para bailar<\/span>\u00a0antes, durante y despu\u00e9s de los shows en vivo.<\/p>\n<\/div>","protected":false},"featured_media":6867,"template":"","meta":[],"product_brand":[190],"product_cat":[184],"product_tag":[],"class_list":{"0":"post-6001","1":"product","2":"type-product","3":"status-publish","4":"has-post-thumbnail","6":"product_brand-coco-bongo","7":"product_cat-fiestasyeventos","9":"first","10":"instock","11":"virtual","12":"sold-individually","13":"purchasable","14":"product-type-booking"},"yoast_head":"<!-- This site is optimized with the Yoast SEO plugin v24.7 - https:\/\/yoast.com\/wordpress\/plugins\/seo\/ -->\n<title>Coco Bongo - Patrick Vacation<\/title>\n<meta name=\"robots\" content=\"index, follow, max-snippet:-1, max-image-preview:large, max-video-preview:-1\" \/>\n<link rel=\"canonical\" href=\"https:\/\/patrickvacation.com\/en\/excursiones\/coco-bongo-drink-park\/\" \/>\n<meta property=\"og:locale\" content=\"en_US\" \/>\n<meta property=\"og:type\" content=\"article\" \/>\n<meta property=\"og:title\" content=\"Coco Bongo - Patrick Vacation\" \/>\n<meta property=\"og:description\" content=\"Disfruta de los mejores shows del CaribeSi quieres disfrutar de la\u00a0vida nocturna de Punta Cana, una de las m\u00e1s intensas de todo el Caribe, acabas de llegar al lugar adecuado.Este tour te llevar\u00e1 a la\u00a0mejor discoteca\u00a0de Punta Cana,\u00a0Coco Bongo. Con sede en algunos de los mejores spots del Caribe, como Playa del Carmen y Canc\u00fan, en M\u00e9xico, la experiencia en Rep\u00fablica Dominicana promete una\u00a0noche para divertirte\u00a0hasta que ya no puedas bailar m\u00e1s.Coco Bongo no es solo una sala de fiesta en la que la m\u00fasica est\u00e1 a todo volumen y simplemente nos queda la opci\u00f3n de bailar. Este club es una\u00a0experiencia completa, en la que tambi\u00e9n podr\u00e1s disfrutar de\u00a0espect\u00e1culos en vivo\u00a0ambientados en diferentes grupos musicales y pel\u00edculas:\u00a0Spiderman,\u00a0Queen,\u00a0Mad Max,\u00a0Los Beatles\u00a0o\u00a0Moulin Rouge, entre muchos otros.El \u00e9xito de Coco Bongo se debe tambi\u00e9n a cuestiones t\u00e9cnicas. Cuenta con un\u00a0gran escenario\u00a0para las actuaciones, con\u00a0proyecciones visuales tridimensionales\u00a0y un\u00a0grupo de animaci\u00f3n\u00a0de m\u00e1s de 60 acr\u00f3batas, actores y bailarines.En el bar, podemos degustar las\u00a0mejores bebidas locales e internacionales, con algunos de los mejores c\u00f3cteles de Rep\u00fablica Dominicana.Con una\u00a0capacidad para m\u00e1s de 1.000 personas\u00a0en sus 4.016 m2, la joya de la corona es su sal\u00f3n disco,\u00a0perfecto para bailar\u00a0antes, durante y despu\u00e9s de los shows en vivo.\" \/>\n<meta property=\"og:url\" content=\"https:\/\/patrickvacation.com\/en\/excursiones\/coco-bongo-drink-park\/\" \/>\n<meta property=\"og:site_name\" content=\"Patrick Vacation\" \/>\n<meta property=\"article:publisher\" content=\"https:\/\/www.facebook.com\/alcequiez.tours.travel\" \/>\n<meta property=\"article:modified_time\" content=\"2025-02-24T17:26:18+00:00\" \/>\n<meta property=\"og:image\" content=\"https:\/\/patrickvacation.com\/wp-content\/uploads\/2025\/02\/Captura-de-pantalla-2025-02-24-122835.jpg\" \/>\n\t<meta property=\"og:image:width\" content=\"682\" \/>\n\t<meta property=\"og:image:height\" content=\"457\" \/>\n\t<meta property=\"og:image:type\" content=\"image\/jpeg\" \/>\n<meta name=\"twitter:card\" content=\"summary_large_image\" \/>\n<meta name=\"twitter:label1\" content=\"Est. reading time\" \/>\n\t<meta name=\"twitter:data1\" content=\"1 minute\" \/>\n<script type=\"application\/ld+json\" class=\"yoast-schema-graph\">{\"@context\":\"https:\/\/schema.org\",\"@graph\":[{\"@type\":\"WebPage\",\"@id\":\"https:\/\/patrickvacation.com\/excursiones\/coco-bongo-drink-park\/\",\"url\":\"https:\/\/patrickvacation.com\/excursiones\/coco-bongo-drink-park\/\",\"name\":\"Coco Bongo - Patrick Vacation\",\"isPartOf\":{\"@id\":\"https:\/\/patrickvacation.com\/#website\"},\"primaryImageOfPage\":{\"@id\":\"https:\/\/patrickvacation.com\/excursiones\/coco-bongo-drink-park\/#primaryimage\"},\"image\":{\"@id\":\"https:\/\/patrickvacation.com\/excursiones\/coco-bongo-drink-park\/#primaryimage\"},\"thumbnailUrl\":\"https:\/\/patrickvacation.com\/wp-content\/uploads\/2025\/02\/Captura-de-pantalla-2025-02-24-122835.jpg\",\"datePublished\":\"2023-04-17T16:30:27+00:00\",\"dateModified\":\"2025-02-24T17:26:18+00:00\",\"breadcrumb\":{\"@id\":\"https:\/\/patrickvacation.com\/excursiones\/coco-bongo-drink-park\/#breadcrumb\"},\"inLanguage\":\"en-US\",\"potentialAction\":[{\"@type\":\"ReadAction\",\"target\":[\"https:\/\/patrickvacation.com\/excursiones\/coco-bongo-drink-park\/\"]}]},{\"@type\":\"ImageObject\",\"inLanguage\":\"en-US\",\"@id\":\"https:\/\/patrickvacation.com\/excursiones\/coco-bongo-drink-park\/#primaryimage\",\"url\":\"https:\/\/patrickvacation.com\/wp-content\/uploads\/2025\/02\/Captura-de-pantalla-2025-02-24-122835.jpg\",\"contentUrl\":\"https:\/\/patrickvacation.com\/wp-content\/uploads\/2025\/02\/Captura-de-pantalla-2025-02-24-122835.jpg\",\"width\":682,\"height\":457},{\"@type\":\"BreadcrumbList\",\"@id\":\"https:\/\/patrickvacation.com\/excursiones\/coco-bongo-drink-park\/#breadcrumb\",\"itemListElement\":[{\"@type\":\"ListItem\",\"position\":1,\"name\":\"Portada\",\"item\":\"https:\/\/patrickvacation.com\/\"},{\"@type\":\"ListItem\",\"position\":2,\"name\":\"Excursiones y Reservas\",\"item\":\"https:\/\/patrickvacation.com\/excursiones\/\"},{\"@type\":\"ListItem\",\"position\":3,\"name\":\"Coco Bongo\"}]},{\"@type\":\"WebSite\",\"@id\":\"https:\/\/patrickvacation.com\/#website\",\"url\":\"https:\/\/patrickvacation.com\/\",\"name\":\"Patrick Vacation\",\"description\":\"\",\"publisher\":{\"@id\":\"https:\/\/patrickvacation.com\/#organization\"},\"potentialAction\":[{\"@type\":\"SearchAction\",\"target\":{\"@type\":\"EntryPoint\",\"urlTemplate\":\"https:\/\/patrickvacation.com\/?s={search_term_string}\"},\"query-input\":{\"@type\":\"PropertyValueSpecification\",\"valueRequired\":true,\"valueName\":\"search_term_string\"}}],\"inLanguage\":\"en-US\"},{\"@type\":\"Organization\",\"@id\":\"https:\/\/patrickvacation.com\/#organization\",\"name\":\"Alcequiez Tours and Travel\",\"url\":\"https:\/\/patrickvacation.com\/\",\"logo\":{\"@type\":\"ImageObject\",\"inLanguage\":\"en-US\",\"@id\":\"https:\/\/patrickvacation.com\/#\/schema\/logo\/image\/\",\"url\":\"https:\/\/patrickvacation.com\/wp-content\/uploads\/2023\/03\/Logo-Alcequiez.png\",\"contentUrl\":\"https:\/\/patrickvacation.com\/wp-content\/uploads\/2023\/03\/Logo-Alcequiez.png\",\"width\":1080,\"height\":560,\"caption\":\"Alcequiez Tours and Travel\"},\"image\":{\"@id\":\"https:\/\/patrickvacation.com\/#\/schema\/logo\/image\/\"},\"sameAs\":[\"https:\/\/www.facebook.com\/alcequiez.tours.travel\",\"https:\/\/www.instagram.com\/alcequieztour\/\"]}]}<\/script>\n<!-- \/ Yoast SEO plugin. -->","yoast_head_json":{"title":"Coco Bongo - Patrick Vacation","robots":{"index":"index","follow":"follow","max-snippet":"max-snippet:-1","max-image-preview":"max-image-preview:large","max-video-preview":"max-video-preview:-1"},"canonical":"https:\/\/patrickvacation.com\/en\/excursiones\/coco-bongo-drink-park\/","og_locale":"en_US","og_type":"article","og_title":"Coco Bongo - Patrick Vacation","og_description":"Disfruta de los mejores shows del CaribeSi quieres disfrutar de la\u00a0vida nocturna de Punta Cana, una de las m\u00e1s intensas de todo el Caribe, acabas de llegar al lugar adecuado.Este tour te llevar\u00e1 a la\u00a0mejor discoteca\u00a0de Punta Cana,\u00a0Coco Bongo. Con sede en algunos de los mejores spots del Caribe, como Playa del Carmen y Canc\u00fan, en M\u00e9xico, la experiencia en Rep\u00fablica Dominicana promete una\u00a0noche para divertirte\u00a0hasta que ya no puedas bailar m\u00e1s.Coco Bongo no es solo una sala de fiesta en la que la m\u00fasica est\u00e1 a todo volumen y simplemente nos queda la opci\u00f3n de bailar. Este club es una\u00a0experiencia completa, en la que tambi\u00e9n podr\u00e1s disfrutar de\u00a0espect\u00e1culos en vivo\u00a0ambientados en diferentes grupos musicales y pel\u00edculas:\u00a0Spiderman,\u00a0Queen,\u00a0Mad Max,\u00a0Los Beatles\u00a0o\u00a0Moulin Rouge, entre muchos otros.El \u00e9xito de Coco Bongo se debe tambi\u00e9n a cuestiones t\u00e9cnicas. Cuenta con un\u00a0gran escenario\u00a0para las actuaciones, con\u00a0proyecciones visuales tridimensionales\u00a0y un\u00a0grupo de animaci\u00f3n\u00a0de m\u00e1s de 60 acr\u00f3batas, actores y bailarines.En el bar, podemos degustar las\u00a0mejores bebidas locales e internacionales, con algunos de los mejores c\u00f3cteles de Rep\u00fablica Dominicana.Con una\u00a0capacidad para m\u00e1s de 1.000 personas\u00a0en sus 4.016 m2, la joya de la corona es su sal\u00f3n disco,\u00a0perfecto para bailar\u00a0antes, durante y despu\u00e9s de los shows en vivo.","og_url":"https:\/\/patrickvacation.com\/en\/excursiones\/coco-bongo-drink-park\/","og_site_name":"Patrick Vacation","article_publisher":"https:\/\/www.facebook.com\/alcequiez.tours.travel","article_modified_time":"2025-02-24T17:26:18+00:00","og_image":[{"width":682,"height":457,"url":"https:\/\/patrickvacation.com\/wp-content\/uploads\/2025\/02\/Captura-de-pantalla-2025-02-24-122835.jpg","type":"image\/jpeg"}],"twitter_card":"summary_large_image","twitter_misc":{"Est. reading time":"1 minute"},"schema":{"@context":"https:\/\/schema.org","@graph":[{"@type":"WebPage","@id":"https:\/\/patrickvacation.com\/excursiones\/coco-bongo-drink-park\/","url":"https:\/\/patrickvacation.com\/excursiones\/coco-bongo-drink-park\/","name":"Coco Bongo - Patrick Vacation","isPartOf":{"@id":"https:\/\/patrickvacation.com\/#website"},"primaryImageOfPage":{"@id":"https:\/\/patrickvacation.com\/excursiones\/coco-bongo-drink-park\/#primaryimage"},"image":{"@id":"https:\/\/patrickvacation.com\/excursiones\/coco-bongo-drink-park\/#primaryimage"},"thumbnailUrl":"https:\/\/patrickvacation.com\/wp-content\/uploads\/2025\/02\/Captura-de-pantalla-2025-02-24-122835.jpg","datePublished":"2023-04-17T16:30:27+00:00","dateModified":"2025-02-24T17:26:18+00:00","breadcrumb":{"@id":"https:\/\/patrickvacation.com\/excursiones\/coco-bongo-drink-park\/#breadcrumb"},"inLanguage":"en-US","potentialAction":[{"@type":"ReadAction","target":["https:\/\/patrickvacation.com\/excursiones\/coco-bongo-drink-park\/"]}]},{"@type":"ImageObject","inLanguage":"en-US","@id":"https:\/\/patrickvacation.com\/excursiones\/coco-bongo-drink-park\/#primaryimage","url":"https:\/\/patrickvacation.com\/wp-content\/uploads\/2025\/02\/Captura-de-pantalla-2025-02-24-122835.jpg","contentUrl":"https:\/\/patrickvacation.com\/wp-content\/uploads\/2025\/02\/Captura-de-pantalla-2025-02-24-122835.jpg","width":682,"height":457},{"@type":"BreadcrumbList","@id":"https:\/\/patrickvacation.com\/excursiones\/coco-bongo-drink-park\/#breadcrumb","itemListElement":[{"@type":"ListItem","position":1,"name":"Portada","item":"https:\/\/patrickvacation.com\/"},{"@type":"ListItem","position":2,"name":"Excursiones y Reservas","item":"https:\/\/patrickvacation.com\/excursiones\/"},{"@type":"ListItem","position":3,"name":"Coco Bongo"}]},{"@type":"WebSite","@id":"https:\/\/patrickvacation.com\/#website","url":"https:\/\/patrickvacation.com\/","name":"Patrick Vacation","description":"","publisher":{"@id":"https:\/\/patrickvacation.com\/#organization"},"potentialAction":[{"@type":"SearchAction","target":{"@type":"EntryPoint","urlTemplate":"https:\/\/patrickvacation.com\/?s={search_term_string}"},"query-input":{"@type":"PropertyValueSpecification","valueRequired":true,"valueName":"search_term_string"}}],"inLanguage":"en-US"},{"@type":"Organization","@id":"https:\/\/patrickvacation.com\/#organization","name":"Alcequiez Tours and Travel","url":"https:\/\/patrickvacation.com\/","logo":{"@type":"ImageObject","inLanguage":"en-US","@id":"https:\/\/patrickvacation.com\/#\/schema\/logo\/image\/","url":"https:\/\/patrickvacation.com\/wp-content\/uploads\/2023\/03\/Logo-Alcequiez.png","contentUrl":"https:\/\/patrickvacation.com\/wp-content\/uploads\/2023\/03\/Logo-Alcequiez.png","width":1080,"height":560,"caption":"Alcequiez Tours and Travel"},"image":{"@id":"https:\/\/patrickvacation.com\/#\/schema\/logo\/image\/"},"sameAs":["https:\/\/www.facebook.com\/alcequiez.tours.travel","https:\/\/www.instagram.com\/alcequieztour\/"]}]}},"_links":{"self":[{"href":"https:\/\/patrickvacation.com\/en\/wp-json\/wp\/v2\/product\/6001","targetHints":{"allow":["GET"]}}],"collection":[{"href":"https:\/\/patrickvacation.com\/en\/wp-json\/wp\/v2\/product"}],"about":[{"href":"https:\/\/patrickvacation.com\/en\/wp-json\/wp\/v2\/types\/product"}],"version-history":[{"count":0,"href":"https:\/\/patrickvacation.com\/en\/wp-json\/wp\/v2\/product\/6001\/revisions"}],"wp:featuredmedia":[{"embeddable":true,"href":"https:\/\/patrickvacation.com\/en\/wp-json\/wp\/v2\/media\/6867"}],"wp:attachment":[{"href":"https:\/\/patrickvacation.com\/en\/wp-json\/wp\/v2\/media?parent=6001"}],"wp:term":[{"taxonomy":"product_brand","embeddable":true,"href":"https:\/\/patrickvacation.com\/en\/wp-json\/wp\/v2\/product_brand?post=6001"},{"taxonomy":"product_cat","embeddable":true,"href":"https:\/\/patrickvacation.com\/en\/wp-json\/wp\/v2\/product_cat?post=6001"},{"taxonomy":"product_tag","embeddable":true,"href":"https:\/\/patrickvacation.com\/en\/wp-json\/wp\/v2\/product_tag?post=6001"}],"curies":[{"name":"wp","href":"https:\/\/api.w.org\/{rel}","templated":true}]}}