{"id":6254,"date":"2023-05-31T16:35:12","date_gmt":"2023-05-31T16:35:12","guid":{"rendered":"https:\/\/patrickvacation.com\/?post_type=product&#038;p=6254"},"modified":"2025-02-18T19:05:02","modified_gmt":"2025-02-18T19:05:02","slug":"paseo-a-caballo-en-uvero-alto-punta-cana","status":"publish","type":"product","link":"https:\/\/patrickvacation.com\/en\/excursiones\/paseo-a-caballo-en-uvero-alto-punta-cana\/","title":{"rendered":"Horseback ride in Uvero Alto, Punta Cana"},"content":{"rendered":"<p dir=\"ltr\" style=\"line-height: 1.38;background-color: #ffffff;margin-top: 0pt;margin-bottom: 0pt;text-align: center\" data-mce-style=\"line-height: 1.38; background-color: #ffffff; margin-top: 0pt; margin-bottom: 0pt; text-align: center;\"><\/p>\n<p dir=\"ltr\" style=\"line-height: 1.38;background-color: #ffffff;margin-top: 0pt;margin-bottom: 0pt\" data-mce-style=\"line-height: 1.38; background-color: #ffffff; margin-top: 0pt; margin-bottom: 0pt;\"><span style=\"font-size: 13pt;font-family: 'Times New Roman';color: #666666;background-color: transparent;font-weight: 400;font-style: italic;font-variant: normal;text-decoration: none;vertical-align: baseline\" data-mce-style=\"font-size: 13pt; font-family: 'Times New Roman'; color: #666666; background-color: transparent; font-weight: 400; font-style: italic; font-variant: normal; text-decoration: none; vertical-align: baseline;\"><br \/><\/span><\/p>\n<h2 id=\"headline-55-128\" class=\"ct-headline\" style=\"margin: 0px;font-family: Quicksand;font-size: 35px\">Itinerario de la excursi\u00f3n a caballo en Punta Cana<\/h2>\n<p dir=\"ltr\" style=\"line-height: 1.38;margin-top: 0pt;margin-bottom: 0pt\" data-mce-style=\"line-height: 1.38; background-color: #ffffff; margin-top: 0pt; margin-bottom: 0pt;\"><span data-mce-style=\"font-size: 13pt; font-family: 'Times New Roman'; color: #666666; background-color: transparent; font-weight: 400; font-style: italic; font-variant: normal; text-decoration: none; vertical-align: baseline;\"><\/span><\/p>\n<div id=\"_rich_text-130-128\" class=\"oxy-rich-text\">\n<p style=\"margin-block-start: 0px\"><em>Este es un ejemplo para las excursiones que salen a las 07:20 a.m. del hotel. Modifica el horario a tu hora de salida de la excursi\u00f3n de paseo a caballo.<\/em><\/p>\n<ul>\n<li><span style=\"font-weight: bolder\">07:20<\/span>\u00a0<span style=\"font-weight: bolder\">a.m.<\/span>\u00a0&#8211; Recogida desde tu hotel donde pondremos rumbo al rancho.<\/li>\n<li><span style=\"font-weight: bolder\">09:00 a.m.\u00a0<\/span>&#8211; Llegada al rancho, donde recibiremos una peque\u00f1a<span style=\"font-weight: bolder\">\u00a0instrucci\u00f3n sobre equitaci\u00f3n<\/span>\u00a0para\u00a0<span style=\"font-weight: bolder\">aumentar las medidas de seguridad<\/span>\u00a0en nuestra actividad.<\/li>\n<li><span style=\"font-weight: bolder\">09:15 a.m.\u00a0<\/span>&#8211; Salida guiada del rancho hacia\u00a0<span style=\"font-weight: bolder\">playa Macao o Uvero Alto<\/span>\u00a0donde disfrutaremos de las playas dominicanas y sus espectaculares paisajes tropicales en nuestro caballo. El tiempo total de la excursi\u00f3n depender\u00e1 de la tarifa que hayas elegido durante el proceso de reservaci\u00f3n del tour.\u00a0<\/li>\n<\/ul>\n<p style=\"padding-left: 40px\">Recuerda que como buen jinete,\u00a0<span style=\"font-weight: bolder\">tendr\u00e1s que cuidar de tu caballo<\/span>\u00a0durante todo el recorrido, ya que gracias a \u00e9l tendr\u00e1s una visi\u00f3n distinta del paisaje dominicano.<\/p>\n<ul>\n<li><span style=\"font-weight: bolder\">11:15<\/span>\u00a0<span style=\"font-weight: bolder\">a.m.<\/span>\u00a0&#8211; Te llevaremos de regreso hasta tu hotel.<\/li>\n<\/ul>\n<p><em>* Los horarios indicados anteriormente son aproximados.<\/p>\n<p><\/em><\/p>\n<h2 id=\"headline-221-128\" class=\"ct-headline\" style=\"margin: 0px;font-family: Quicksand;font-size: 35px\">\u00bfQu\u00e9 est\u00e1 incluido con la reserva de esta excursi\u00f3n?<br \/><\/h2>\n<p><em><\/em><\/p>\n<div id=\"_rich_text-229-128\" class=\"oxy-rich-text\" style=\"margin-top: 15px;margin-bottom: 15px\">\n<ul>\n<li><span style=\"font-weight: bolder\">Transporte de ida y vuelta<\/span>\u00a0en autob\u00fas hasta vuestro hotel.<\/li>\n<li><span style=\"font-weight: bolder\">Paseo a caballo<\/span>\u00a0durante el tiempo elegido en el proceso de reserva.<\/li>\n<li><span style=\"font-weight: bolder\">Instrucci\u00f3n previa<\/span>\u00a0por nuestros gu\u00edas profesionales.<\/li>\n<li>En el precio\u00a0<span style=\"font-weight: bolder\">no est\u00e1 incluido la bebida ni la comida<\/span>.<\/li>\n<li>Visita a por las\u00a0<span style=\"font-weight: bolder\">playas y r\u00edos<\/span>\u00a0m\u00e1s bonitos de Macao o \u00davero Alto.<\/li>\n<li>Nos adentraremos en\u00a0<span style=\"font-weight: bolder\">la vida y la cultura de las personas dominicanas<\/span>\u00a0y podremos observar las labores que realizan en el campo.<\/li>\n<\/ul>\n<section id=\"section-65-128\" class=\"ct-section nitro-offscreen\" style=\"width: 1256.67px;background-size: cover;background-repeat: repeat\">\n<div class=\"ct-section-inner-wrap\" style=\"margin-left: auto;margin-right: auto;height: 509.531px;min-height: inherit;max-width: 1120px;padding: 23px 20px 31px;flex-direction: column;align-items: flex-start\">\n<h2 id=\"headline-66-128\" class=\"ct-headline\" style=\"margin: 0px;font-family: Quicksand;font-size: 35px\">Informaci\u00f3n adicional sobre los paseos a caballos en Punta Cana<br \/><\/h2>\n<div id=\"_rich_text-75-128\" class=\"oxy-rich-text\" style=\"width: 1080px;margin-top: 15px;margin-bottom: 15px\">\n<p style=\"margin-block-start: 0px\">Aunque queremos que disfrutes este paseo a caballo en tus vacaciones en punta cana, hay algunas\u00a0<span style=\"font-weight: bolder\">recomendaciones y excepciones<\/span>\u00a0en esta excursi\u00f3n:<\/p>\n<ul>\n<li>Esta excursi\u00f3n\u00a0<span style=\"font-weight: bolder\">no es recomendable<\/span>\u00a0para clientes con\u00a0<span style=\"font-weight: bolder\">problemas de espalda<\/span>.<\/li>\n<li>No es adecuado para viajeros con\u00a0<span style=\"font-weight: bolder\">afecciones card\u00edacas<\/span>\u00a0u otros\u00a0<span style=\"font-weight: bolder\">problemas m\u00e9dicos graves<\/span>.<\/li>\n<li>Los ni\u00f1os menores de 4 a\u00f1os deben estar\u00a0<span style=\"font-weight: bolder\">acompa\u00f1ados por un adulto<\/span>.<\/li>\n<li>Un\u00a0<span style=\"font-weight: bolder\">gu\u00eda poliglota<\/span>\u00a0te acompa\u00f1ara durante los recorridos en el paseo a caballo.<\/li>\n<li>Las\u00a0<span style=\"font-weight: bolder\">mujeres embarazadas no pueden realizar esta excursi\u00f3n<\/span>.<\/li>\n<li>Este tour\u00a0<span style=\"font-weight: bolder\">no est\u00e1 adaptado para discapacitados<\/span>.<\/li>\n<li>El peso del pasajero no debe exceder las\u00a0<span style=\"font-weight: bolder\">250 libras o 115 kg<\/span>.<\/li>\n<li>La<span style=\"font-weight: bolder\">\u00a0mayor\u00eda de los viajeros<\/span>\u00a0pueden participar en la experiencia.<\/li>\n<li>En el tour o la actividad habr\u00e1\u00a0<span style=\"font-weight: bolder\">20 viajeros como m\u00e1ximo<\/span>.<\/li>\n<\/ul>\n<\/div>\n<\/div>\n<\/section>\n<section id=\"section-77-128\" class=\"ct-section nitro-offscreen\" style=\"width: 1256.67px;background-size: cover;background-repeat: repeat\">\n<div class=\"ct-section-inner-wrap\" style=\"margin-left: auto;margin-right: auto;height: 445.542px;min-height: inherit;max-width: 1120px;padding: 23px 20px 31px;flex-direction: column;align-items: flex-start\">\n<h2 id=\"headline-78-128\" class=\"ct-headline\" style=\"margin: 0px;font-family: Quicksand;font-size: 35px\">Recomendaciones para la excursi\u00f3n<br \/><\/h2>\n<div id=\"_rich_text-79-128\" class=\"oxy-rich-text\" style=\"width: 1080px;margin-top: 15px;margin-bottom: 15px\">\n<p style=\"margin-block-start: 0px\">Lo m\u00e1s importante es\u00a0<span style=\"font-weight: bolder\">disfrutar<\/span>\u00a0en este viaje a caballo a trav\u00e9s de Macao o Uvero Alto, pero aun as\u00ed te recomendamos que traigas algunas cosas m\u00e1s contigo:<\/p>\n<ul>\n<li><span style=\"font-weight: bolder\">Comfortable clothing\u00a0<\/span>para realizar esta actividad al aire libre.<\/li>\n<li>Unas\u00a0<span style=\"font-weight: bolder\">zapatillas cerradas de deporte<\/span>.<\/li>\n<li><span style=\"font-weight: bolder\">C\u00e1mara<\/span>\u00a0fotogr\u00e1fica para tener un recuerdo imborrable de la excursi\u00f3n.<\/li>\n<li><span style=\"font-weight: bolder\">Protector solar<\/span>\u00a0ya que el tour incluye una parada en la playa.<\/li>\n<li><span style=\"font-weight: bolder\">Sombrero\u00a0<\/span>para protegernos de los rayos solares.<\/li>\n<li><span style=\"font-weight: bolder\">Dinero<\/span> en efectivo.<\/li>\n<\/ul>\n<\/div>\n<\/div>\n<\/section>\n<\/div>\n<\/div>","protected":false},"excerpt":{"rendered":"<h2><\/h2>\n<p dir=\"ltr\" data-mce-style=\"line-height: 1.38; background-color: #ffffff; margin-top: 0pt; margin-bottom: 0pt; text-align: center;\" style=\"line-height: 1.38;margin-top: 0pt;margin-bottom: 0pt;text-align: center\"><span data-mce-style=\"font-size: 13pt; font-family: 'Times New Roman'; color: #666666; background-color: transparent; font-weight: bold; font-style: italic; font-variant: normal; text-decoration: none; vertical-align: baseline;\">Horseback ride in Uvero Alto<\/span><\/p>\n<p dir=\"ltr\" data-mce-style=\"line-height: 1.38; background-color: #ffffff; margin-top: 0pt; margin-bottom: 0pt;\" style=\"line-height: 1.38;margin-top: 0pt;margin-bottom: 0pt\"><span data-mce-style=\"font-size: 13pt; font-family: 'Times New Roman'; color: #666666; background-color: transparent; font-weight: 400; font-style: italic; font-variant: normal; text-decoration: none; vertical-align: baseline;\">Come and Enjoy a Ride on Horseback riding through trails and the Beach of punta cana, including your pick-up from hotels and holiday apartments in a personalized way, our instructor will give you a brief information as horse riding and guide to places in the tropical area of uvero alto.<br \/><\/span><\/p>\n<p><\/p>\n<p><\/p>\n<p><img fetchpriority=\"high\" decoding=\"async\" class=\"alignnone size-medium wp-image-6192\" src=\"https:\/\/patrickvacation.com\/wp-content\/uploads\/2023\/05\/1c-599x400.jpg\" alt=\"\" width=\"599\" height=\"400\" data-mce-src=\"https:\/\/patrickvacation.com\/wp-content\/uploads\/2023\/05\/1c-599x400.jpg\" srcset=\"https:\/\/patrickvacation.com\/wp-content\/uploads\/2023\/05\/1c-599x400.jpg 599w, https:\/\/patrickvacation.com\/wp-content\/uploads\/2023\/05\/1c-150x100.jpg 150w, https:\/\/patrickvacation.com\/wp-content\/uploads\/2023\/05\/1c-600x401.jpg 600w, https:\/\/patrickvacation.com\/wp-content\/uploads\/2023\/05\/1c-370x247.jpg 370w, https:\/\/patrickvacation.com\/wp-content\/uploads\/2023\/05\/1c.jpg 668w\" sizes=\"(max-width: 599px) 100vw, 599px\" \/><\/p>\n<p>Horseback ride in Uvero Alto<\/p>\n<p>Come and Enjoy a Ride on Horseback riding through trails and the Beach of punta cana, including your pick-up from hotels and holiday apartments in a personalized way, our instructor will give you a brief information as horse riding and guide to places in the tropical area of uvero alto.<\/p>\n<p><img decoding=\"async\" class=\"alignnone size-medium wp-image-6189\" src=\"https:\/\/patrickvacation.com\/wp-content\/uploads\/2023\/05\/horseback-ride-cabo-beach-sunset-034_020047-2-603x400.jpg\" alt=\"\" width=\"603\" height=\"400\" data-mce-src=\"https:\/\/patrickvacation.com\/wp-content\/uploads\/2023\/05\/horseback-ride-cabo-beach-sunset-034_020047-2-603x400.jpg\" srcset=\"https:\/\/patrickvacation.com\/wp-content\/uploads\/2023\/05\/horseback-ride-cabo-beach-sunset-034_020047-2-603x400.jpg 603w, https:\/\/patrickvacation.com\/wp-content\/uploads\/2023\/05\/horseback-ride-cabo-beach-sunset-034_020047-2-150x100.jpg 150w, https:\/\/patrickvacation.com\/wp-content\/uploads\/2023\/05\/horseback-ride-cabo-beach-sunset-034_020047-2-700x464.jpg 700w, https:\/\/patrickvacation.com\/wp-content\/uploads\/2023\/05\/horseback-ride-cabo-beach-sunset-034_020047-2-768x509.jpg 768w, https:\/\/patrickvacation.com\/wp-content\/uploads\/2023\/05\/horseback-ride-cabo-beach-sunset-034_020047-2-370x245.jpg 370w, https:\/\/patrickvacation.com\/wp-content\/uploads\/2023\/05\/horseback-ride-cabo-beach-sunset-034_020047-2.jpg 1200w\" sizes=\"(max-width: 603px) 100vw, 603px\" \/><\/p>\n<h1><\/h1>","protected":false},"featured_media":6189,"template":"","meta":[],"product_brand":[],"product_cat":[178,182,179],"product_tag":[356,354,357,196,355],"class_list":{"0":"post-6254","1":"product","2":"type-product","3":"status-publish","4":"has-post-thumbnail","6":"product_cat-aventura-safari","7":"product_cat-ecoaventura-senderismo","8":"product_cat-parques-experiencias","9":"product_tag-cabalgata","10":"product_tag-paseo-a-caballo","11":"product_tag-playa-macao","12":"product_tag-punta-cana","13":"product_tag-uvero-alto","15":"first","16":"instock","17":"virtual","18":"sold-individually","19":"purchasable","20":"product-type-booking"},"yoast_head":"<!-- This site is optimized with the Yoast SEO plugin v24.7 - https:\/\/yoast.com\/wordpress\/plugins\/seo\/ -->\n<title>Caballo en Punta Cana , Patrick Vacation Agency - Patrick Vacation<\/title>\n<meta name=\"description\" content=\"Disfruta de un Paseo de Cabalgata a caballo por senderos y Playa de punta cana, incluyendo su recogida desde hoteles y apartamentos tur\u00edstico de forma personalizada y nuestro instructor lo guiara a lugares tropicales de la zona de uvero alto.\" \/>\n<meta name=\"robots\" content=\"index, follow, max-snippet:-1, max-image-preview:large, max-video-preview:-1\" \/>\n<link rel=\"canonical\" href=\"https:\/\/patrickvacation.com\/en\/excursiones\/paseo-a-caballo-en-uvero-alto-punta-cana\/\" \/>\n<meta property=\"og:locale\" content=\"en_US\" \/>\n<meta property=\"og:type\" content=\"article\" \/>\n<meta property=\"og:title\" content=\"Caballo en Punta Cana , Patrick Vacation Agency - Patrick Vacation\" \/>\n<meta property=\"og:description\" content=\"Disfruta de un Paseo de Cabalgata a caballo por senderos y Playa de punta cana, incluyendo su recogida desde hoteles y apartamentos tur\u00edstico de forma personalizada y nuestro instructor lo guiara a lugares tropicales de la zona de uvero alto.\" \/>\n<meta property=\"og:url\" content=\"https:\/\/patrickvacation.com\/en\/excursiones\/paseo-a-caballo-en-uvero-alto-punta-cana\/\" \/>\n<meta property=\"og:site_name\" content=\"Patrick Vacation\" \/>\n<meta property=\"article:publisher\" content=\"https:\/\/www.facebook.com\/alcequiez.tours.travel\" \/>\n<meta property=\"article:modified_time\" content=\"2025-02-18T19:05:02+00:00\" \/>\n<meta property=\"og:image\" content=\"https:\/\/patrickvacation.com\/wp-content\/uploads\/2023\/05\/horseback-ride-cabo-beach-sunset-034_020047-2.jpg\" \/>\n\t<meta property=\"og:image:width\" content=\"1200\" \/>\n\t<meta property=\"og:image:height\" content=\"796\" \/>\n\t<meta property=\"og:image:type\" content=\"image\/jpeg\" \/>\n<meta name=\"twitter:card\" content=\"summary_large_image\" \/>\n<meta name=\"twitter:label1\" content=\"Est. reading time\" \/>\n\t<meta name=\"twitter:data1\" content=\"1 minute\" \/>\n<script type=\"application\/ld+json\" class=\"yoast-schema-graph\">{\"@context\":\"https:\/\/schema.org\",\"@graph\":[{\"@type\":\"WebPage\",\"@id\":\"https:\/\/patrickvacation.com\/excursiones\/paseo-a-caballo-en-uvero-alto-punta-cana\/\",\"url\":\"https:\/\/patrickvacation.com\/excursiones\/paseo-a-caballo-en-uvero-alto-punta-cana\/\",\"name\":\"Caballo en Punta Cana , Patrick Vacation Agency - Patrick Vacation\",\"isPartOf\":{\"@id\":\"https:\/\/patrickvacation.com\/#website\"},\"primaryImageOfPage\":{\"@id\":\"https:\/\/patrickvacation.com\/excursiones\/paseo-a-caballo-en-uvero-alto-punta-cana\/#primaryimage\"},\"image\":{\"@id\":\"https:\/\/patrickvacation.com\/excursiones\/paseo-a-caballo-en-uvero-alto-punta-cana\/#primaryimage\"},\"thumbnailUrl\":\"https:\/\/patrickvacation.com\/wp-content\/uploads\/2023\/05\/horseback-ride-cabo-beach-sunset-034_020047-2.jpg\",\"datePublished\":\"2023-05-31T16:35:12+00:00\",\"dateModified\":\"2025-02-18T19:05:02+00:00\",\"description\":\"Disfruta de un Paseo de Cabalgata a caballo por senderos y Playa de punta cana, incluyendo su recogida desde hoteles y apartamentos tur\u00edstico de forma personalizada y nuestro instructor lo guiara a lugares tropicales de la zona de uvero alto.\",\"breadcrumb\":{\"@id\":\"https:\/\/patrickvacation.com\/excursiones\/paseo-a-caballo-en-uvero-alto-punta-cana\/#breadcrumb\"},\"inLanguage\":\"en-US\",\"potentialAction\":[{\"@type\":\"ReadAction\",\"target\":[\"https:\/\/patrickvacation.com\/excursiones\/paseo-a-caballo-en-uvero-alto-punta-cana\/\"]}]},{\"@type\":\"ImageObject\",\"inLanguage\":\"en-US\",\"@id\":\"https:\/\/patrickvacation.com\/excursiones\/paseo-a-caballo-en-uvero-alto-punta-cana\/#primaryimage\",\"url\":\"https:\/\/patrickvacation.com\/wp-content\/uploads\/2023\/05\/horseback-ride-cabo-beach-sunset-034_020047-2.jpg\",\"contentUrl\":\"https:\/\/patrickvacation.com\/wp-content\/uploads\/2023\/05\/horseback-ride-cabo-beach-sunset-034_020047-2.jpg\",\"width\":1200,\"height\":796},{\"@type\":\"BreadcrumbList\",\"@id\":\"https:\/\/patrickvacation.com\/excursiones\/paseo-a-caballo-en-uvero-alto-punta-cana\/#breadcrumb\",\"itemListElement\":[{\"@type\":\"ListItem\",\"position\":1,\"name\":\"Portada\",\"item\":\"https:\/\/patrickvacation.com\/\"},{\"@type\":\"ListItem\",\"position\":2,\"name\":\"Excursiones y Reservas\",\"item\":\"https:\/\/patrickvacation.com\/excursiones\/\"},{\"@type\":\"ListItem\",\"position\":3,\"name\":\"Paseo a Caballo en Uvero Alto, Punta Cana\"}]},{\"@type\":\"WebSite\",\"@id\":\"https:\/\/patrickvacation.com\/#website\",\"url\":\"https:\/\/patrickvacation.com\/\",\"name\":\"Patrick Vacation\",\"description\":\"\",\"publisher\":{\"@id\":\"https:\/\/patrickvacation.com\/#organization\"},\"potentialAction\":[{\"@type\":\"SearchAction\",\"target\":{\"@type\":\"EntryPoint\",\"urlTemplate\":\"https:\/\/patrickvacation.com\/?s={search_term_string}\"},\"query-input\":{\"@type\":\"PropertyValueSpecification\",\"valueRequired\":true,\"valueName\":\"search_term_string\"}}],\"inLanguage\":\"en-US\"},{\"@type\":\"Organization\",\"@id\":\"https:\/\/patrickvacation.com\/#organization\",\"name\":\"Alcequiez Tours and Travel\",\"url\":\"https:\/\/patrickvacation.com\/\",\"logo\":{\"@type\":\"ImageObject\",\"inLanguage\":\"en-US\",\"@id\":\"https:\/\/patrickvacation.com\/#\/schema\/logo\/image\/\",\"url\":\"https:\/\/patrickvacation.com\/wp-content\/uploads\/2023\/03\/Logo-Alcequiez.png\",\"contentUrl\":\"https:\/\/patrickvacation.com\/wp-content\/uploads\/2023\/03\/Logo-Alcequiez.png\",\"width\":1080,\"height\":560,\"caption\":\"Alcequiez Tours and Travel\"},\"image\":{\"@id\":\"https:\/\/patrickvacation.com\/#\/schema\/logo\/image\/\"},\"sameAs\":[\"https:\/\/www.facebook.com\/alcequiez.tours.travel\",\"https:\/\/www.instagram.com\/alcequieztour\/\"]}]}<\/script>\n<!-- \/ Yoast SEO plugin. -->","yoast_head_json":{"title":"Caballo en Punta Cana , Patrick Vacation Agency - Patrick Vacation","description":"Disfruta de un Paseo de Cabalgata a caballo por senderos y Playa de punta cana, incluyendo su recogida desde hoteles y apartamentos tur\u00edstico de forma personalizada y nuestro instructor lo guiara a lugares tropicales de la zona de uvero alto.","robots":{"index":"index","follow":"follow","max-snippet":"max-snippet:-1","max-image-preview":"max-image-preview:large","max-video-preview":"max-video-preview:-1"},"canonical":"https:\/\/patrickvacation.com\/en\/excursiones\/paseo-a-caballo-en-uvero-alto-punta-cana\/","og_locale":"en_US","og_type":"article","og_title":"Caballo en Punta Cana , Patrick Vacation Agency - Patrick Vacation","og_description":"Disfruta de un Paseo de Cabalgata a caballo por senderos y Playa de punta cana, incluyendo su recogida desde hoteles y apartamentos tur\u00edstico de forma personalizada y nuestro instructor lo guiara a lugares tropicales de la zona de uvero alto.","og_url":"https:\/\/patrickvacation.com\/en\/excursiones\/paseo-a-caballo-en-uvero-alto-punta-cana\/","og_site_name":"Patrick Vacation","article_publisher":"https:\/\/www.facebook.com\/alcequiez.tours.travel","article_modified_time":"2025-02-18T19:05:02+00:00","og_image":[{"width":1200,"height":796,"url":"https:\/\/patrickvacation.com\/wp-content\/uploads\/2023\/05\/horseback-ride-cabo-beach-sunset-034_020047-2.jpg","type":"image\/jpeg"}],"twitter_card":"summary_large_image","twitter_misc":{"Est. reading time":"1 minute"},"schema":{"@context":"https:\/\/schema.org","@graph":[{"@type":"WebPage","@id":"https:\/\/patrickvacation.com\/excursiones\/paseo-a-caballo-en-uvero-alto-punta-cana\/","url":"https:\/\/patrickvacation.com\/excursiones\/paseo-a-caballo-en-uvero-alto-punta-cana\/","name":"Caballo en Punta Cana , Patrick Vacation Agency - Patrick Vacation","isPartOf":{"@id":"https:\/\/patrickvacation.com\/#website"},"primaryImageOfPage":{"@id":"https:\/\/patrickvacation.com\/excursiones\/paseo-a-caballo-en-uvero-alto-punta-cana\/#primaryimage"},"image":{"@id":"https:\/\/patrickvacation.com\/excursiones\/paseo-a-caballo-en-uvero-alto-punta-cana\/#primaryimage"},"thumbnailUrl":"https:\/\/patrickvacation.com\/wp-content\/uploads\/2023\/05\/horseback-ride-cabo-beach-sunset-034_020047-2.jpg","datePublished":"2023-05-31T16:35:12+00:00","dateModified":"2025-02-18T19:05:02+00:00","description":"Disfruta de un Paseo de Cabalgata a caballo por senderos y Playa de punta cana, incluyendo su recogida desde hoteles y apartamentos tur\u00edstico de forma personalizada y nuestro instructor lo guiara a lugares tropicales de la zona de uvero alto.","breadcrumb":{"@id":"https:\/\/patrickvacation.com\/excursiones\/paseo-a-caballo-en-uvero-alto-punta-cana\/#breadcrumb"},"inLanguage":"en-US","potentialAction":[{"@type":"ReadAction","target":["https:\/\/patrickvacation.com\/excursiones\/paseo-a-caballo-en-uvero-alto-punta-cana\/"]}]},{"@type":"ImageObject","inLanguage":"en-US","@id":"https:\/\/patrickvacation.com\/excursiones\/paseo-a-caballo-en-uvero-alto-punta-cana\/#primaryimage","url":"https:\/\/patrickvacation.com\/wp-content\/uploads\/2023\/05\/horseback-ride-cabo-beach-sunset-034_020047-2.jpg","contentUrl":"https:\/\/patrickvacation.com\/wp-content\/uploads\/2023\/05\/horseback-ride-cabo-beach-sunset-034_020047-2.jpg","width":1200,"height":796},{"@type":"BreadcrumbList","@id":"https:\/\/patrickvacation.com\/excursiones\/paseo-a-caballo-en-uvero-alto-punta-cana\/#breadcrumb","itemListElement":[{"@type":"ListItem","position":1,"name":"Portada","item":"https:\/\/patrickvacation.com\/"},{"@type":"ListItem","position":2,"name":"Excursiones y Reservas","item":"https:\/\/patrickvacation.com\/excursiones\/"},{"@type":"ListItem","position":3,"name":"Paseo a Caballo en Uvero Alto, Punta Cana"}]},{"@type":"WebSite","@id":"https:\/\/patrickvacation.com\/#website","url":"https:\/\/patrickvacation.com\/","name":"Patrick Vacation","description":"","publisher":{"@id":"https:\/\/patrickvacation.com\/#organization"},"potentialAction":[{"@type":"SearchAction","target":{"@type":"EntryPoint","urlTemplate":"https:\/\/patrickvacation.com\/?s={search_term_string}"},"query-input":{"@type":"PropertyValueSpecification","valueRequired":true,"valueName":"search_term_string"}}],"inLanguage":"en-US"},{"@type":"Organization","@id":"https:\/\/patrickvacation.com\/#organization","name":"Alcequiez Tours and Travel","url":"https:\/\/patrickvacation.com\/","logo":{"@type":"ImageObject","inLanguage":"en-US","@id":"https:\/\/patrickvacation.com\/#\/schema\/logo\/image\/","url":"https:\/\/patrickvacation.com\/wp-content\/uploads\/2023\/03\/Logo-Alcequiez.png","contentUrl":"https:\/\/patrickvacation.com\/wp-content\/uploads\/2023\/03\/Logo-Alcequiez.png","width":1080,"height":560,"caption":"Alcequiez Tours and Travel"},"image":{"@id":"https:\/\/patrickvacation.com\/#\/schema\/logo\/image\/"},"sameAs":["https:\/\/www.facebook.com\/alcequiez.tours.travel","https:\/\/www.instagram.com\/alcequieztour\/"]}]}},"_links":{"self":[{"href":"https:\/\/patrickvacation.com\/en\/wp-json\/wp\/v2\/product\/6254","targetHints":{"allow":["GET"]}}],"collection":[{"href":"https:\/\/patrickvacation.com\/en\/wp-json\/wp\/v2\/product"}],"about":[{"href":"https:\/\/patrickvacation.com\/en\/wp-json\/wp\/v2\/types\/product"}],"version-history":[{"count":0,"href":"https:\/\/patrickvacation.com\/en\/wp-json\/wp\/v2\/product\/6254\/revisions"}],"wp:featuredmedia":[{"embeddable":true,"href":"https:\/\/patrickvacation.com\/en\/wp-json\/wp\/v2\/media\/6189"}],"wp:attachment":[{"href":"https:\/\/patrickvacation.com\/en\/wp-json\/wp\/v2\/media?parent=6254"}],"wp:term":[{"taxonomy":"product_brand","embeddable":true,"href":"https:\/\/patrickvacation.com\/en\/wp-json\/wp\/v2\/product_brand?post=6254"},{"taxonomy":"product_cat","embeddable":true,"href":"https:\/\/patrickvacation.com\/en\/wp-json\/wp\/v2\/product_cat?post=6254"},{"taxonomy":"product_tag","embeddable":true,"href":"https:\/\/patrickvacation.com\/en\/wp-json\/wp\/v2\/product_tag?post=6254"}],"curies":[{"name":"wp","href":"https:\/\/api.w.org\/{rel}","templated":true}]}}