{"id":6271,"date":"2023-05-31T17:31:02","date_gmt":"2023-05-31T17:31:02","guid":{"rendered":"https:\/\/patrickvacation.com\/?post_type=product&#038;p=6271"},"modified":"2025-02-14T19:02:28","modified_gmt":"2025-02-14T19:02:28","slug":"isla-catalina-tour","status":"publish","type":"product","link":"https:\/\/patrickvacation.com\/en\/excursiones\/isla-catalina-tour\/","title":{"rendered":"Catalina Island Tour"},"content":{"rendered":"<div class=\"imTAJustify\"><\/div>\n<div><br data-mce-bogus=\"1\"><\/div>\n<div><br data-mce-bogus=\"1\"><\/div>\n<div>\n<h2 id=\"headline-52-124\" class=\"ct-headline\" style=\"margin: 0px;font-family: Quicksand;font-size: 35px\">Itinerario de la excursi\u00f3n Isla Catalina<\/h2>\n<div id=\"_rich_text-61-124\" class=\"oxy-rich-text\">\n<ul>\n<li><span style=\"font-weight: bolder\">07:00<\/span>\u00a0\u2013 Recogida desde su hotel hacia nuestro punto de encuentro.<\/li>\n<li><span style=\"font-weight: bolder\">08:30<\/span>\u00a0\u2013 Salida desde nuestro punto de encuentro hacia La Romana.<\/li>\n<li><span style=\"font-weight: bolder\">10:30<\/span>\u00a0\u2013 Llegamos a La Romana, donde embarcaremos hacia isla Catalina.<\/li>\n<li><span style=\"font-weight: bolder\">10:45<\/span>\u00a0\u2013 Embarcaremos a bordo del\u00a0<span style=\"font-weight: bolder\">catamar\u00e1n<\/span>, donde te invitaremos a probar\u00a0<em>nuestras bebidas locales<\/em>\u00a0y podr\u00e1s disfrutar durante todo el trayecto de nuestro\u00a0<span style=\"font-weight: bolder\">equipo de animaci\u00f3n y la m\u00fasica dominicana<\/span>.<\/li>\n<li><span style=\"font-weight: bolder\">11:45<\/span>\u00a0\u2013 Hacemos nuestra primera parada donde har\u00e1s\u00a0<span style=\"font-weight: bolder\">snorkel<\/span>\u00a0junto con un gu\u00eda profesional, el cual te podr\u00e1 resolver todas las dudas que te surjan. Si no sabes nadar, no te preocupes, nuestro gu\u00eda te acompa\u00f1ar\u00e1 durante toda la actividad.<\/li>\n<li><span style=\"font-weight: bolder\">13:30<\/span>\u00a0\u2013\u00a0<span style=\"font-weight: bolder\">Buffet libre<\/span>, donde degustar\u00e1s los mejores platos de la cocina\u00a0<em>criolla dominicana<\/em>.<\/li>\n<li><span style=\"font-weight: bolder\">14:30<\/span>\u00a0\u2013\u00a0<span style=\"font-weight: bolder\">Hora de ocio\u00a0<\/span>para disfrutar de la maravillosa playa de Isla Catalina.<\/li>\n<li><span style=\"font-weight: bolder\">15:30<\/span>\u00a0\u2013 Volvemos hacia La Romana.<\/li>\n<li><span style=\"font-weight: bolder\">17:00<\/span>\u00a0\u2013 Iniciamos el viaje de vuelta hasta tu alojamiento.<\/li>\n<li><span style=\"font-weight: bolder\">18:00<\/span>\u00a0&#8211; Fin del tour.<\/li>\n<\/ul>\n<p style=\"margin-block-end: 0px\"><em>* Los horarios indicados anteriormente son aproximados.<\/em><\/p>\n<\/div>\n<\/div>","protected":false},"excerpt":{"rendered":"<div class=\"imTAJustify\"><b class=\"fs13lh1-5\">Excursion to Catalina Island Tours from Punta Cana<\/b><\/div>\n<div><\/div>\n<div class=\"imTAJustify\"><span class=\"fs13lh1-5\">\u00a0Catalina is a beautiful uninhabited island known as one of the best places to do\u00a0<\/span><b class=\"fs13lh1-5\">snorkeling\u00a0<\/b><span class=\"fs13lh1-5\">in the Dominican Republic.<\/span><\/div>\n<div class=\"imTAJustify\"><span class=\"fs13lh1-5 ff1\">Just grab your snorkel gear and get ready to explore\u00a0<b>Catalina island<\/b>from beneath the sea! Your tour will begin in &#034;The Wall&#034;, inhabited by beautiful corals and tropical fish of bright tones, as trumpet fish, porcupine, fish, squirrel, queen angelfish, lionfish, fish trunk, stripes, fish, goat and seahorses.<\/span><\/div>\n<div><br data-mce-bogus=\"1\"><\/div>\n<div>\n<div class=\"imTAJustify\"><b class=\"fs13lh1-5\">Excursion Isla Catalina Tours desde Punta Cana<\/b><\/div>\n<div><\/div>\n<div class=\"imTAJustify\"><span class=\"fs13lh1-5\">\u00a0Catalina is a beautiful uninhabited island known as one of the best places to do\u00a0<\/span><b class=\"fs13lh1-5\">snorkeling\u00a0<\/b><span class=\"fs13lh1-5\">in the Dominican Republic.<\/span><\/div>\n<div class=\"imTAJustify\"><span class=\"fs13lh1-5 ff1\">Just grab your snorkel gear and get ready to explore\u00a0<b>Catalina island<\/b>from beneath the sea! Your tour will begin in &#034;The Wall&#034;, inhabited by beautiful corals and tropical fish of bright tones, as trumpet fish, porcupine, fish, squirrel, queen angelfish, lionfish, fish trunk, stripes, fish, goat and seahorses.<\/span><\/div>\n<\/div>","protected":false},"featured_media":6273,"template":"","meta":[],"product_brand":[],"product_cat":[178,181,182,179],"product_tag":[],"class_list":{"0":"post-6271","1":"product","2":"type-product","3":"status-publish","4":"has-post-thumbnail","6":"product_cat-aventura-safari","7":"product_cat-deportes-extremos","8":"product_cat-ecoaventura-senderismo","9":"product_cat-parques-experiencias","11":"first","12":"instock","13":"virtual","14":"sold-individually","15":"purchasable","16":"product-type-booking"},"yoast_head":"<!-- This site is optimized with the Yoast SEO plugin v24.7 - https:\/\/yoast.com\/wordpress\/plugins\/seo\/ -->\n<title>Isla Catalina Tour - Patrick Vacation<\/title>\n<meta name=\"description\" content=\"Catalina es una hermosa isla deshabitada conocida como uno de los mejores sitios para hacer snorkeling en la Rep\u00fablica Dominicana.\" \/>\n<meta name=\"robots\" content=\"index, follow, max-snippet:-1, max-image-preview:large, max-video-preview:-1\" \/>\n<link rel=\"canonical\" href=\"https:\/\/patrickvacation.com\/en\/excursiones\/isla-catalina-tour\/\" \/>\n<meta property=\"og:locale\" content=\"en_US\" \/>\n<meta property=\"og:type\" content=\"article\" \/>\n<meta property=\"og:title\" content=\"Isla Catalina Tour - Patrick Vacation\" \/>\n<meta property=\"og:description\" content=\"Catalina es una hermosa isla deshabitada conocida como uno de los mejores sitios para hacer snorkeling en la Rep\u00fablica Dominicana.\" \/>\n<meta property=\"og:url\" content=\"https:\/\/patrickvacation.com\/en\/excursiones\/isla-catalina-tour\/\" \/>\n<meta property=\"og:site_name\" content=\"Patrick Vacation\" \/>\n<meta property=\"article:publisher\" content=\"https:\/\/www.facebook.com\/alcequiez.tours.travel\" \/>\n<meta property=\"article:modified_time\" content=\"2025-02-14T19:02:28+00:00\" \/>\n<meta property=\"og:image\" content=\"https:\/\/patrickvacation.com\/wp-content\/uploads\/2023\/05\/Isla-Catalina-Dominikanische-Republik-168373-detail.jpeg\" \/>\n\t<meta property=\"og:image:width\" content=\"400\" \/>\n\t<meta property=\"og:image:height\" content=\"225\" \/>\n\t<meta property=\"og:image:type\" content=\"image\/jpeg\" \/>\n<meta name=\"twitter:card\" content=\"summary_large_image\" \/>\n<meta name=\"twitter:label1\" content=\"Est. reading time\" \/>\n\t<meta name=\"twitter:data1\" content=\"1 minute\" \/>\n<script type=\"application\/ld+json\" class=\"yoast-schema-graph\">{\"@context\":\"https:\/\/schema.org\",\"@graph\":[{\"@type\":\"WebPage\",\"@id\":\"https:\/\/patrickvacation.com\/excursiones\/isla-catalina-tour\/\",\"url\":\"https:\/\/patrickvacation.com\/excursiones\/isla-catalina-tour\/\",\"name\":\"Isla Catalina Tour - Patrick Vacation\",\"isPartOf\":{\"@id\":\"https:\/\/patrickvacation.com\/#website\"},\"primaryImageOfPage\":{\"@id\":\"https:\/\/patrickvacation.com\/excursiones\/isla-catalina-tour\/#primaryimage\"},\"image\":{\"@id\":\"https:\/\/patrickvacation.com\/excursiones\/isla-catalina-tour\/#primaryimage\"},\"thumbnailUrl\":\"https:\/\/patrickvacation.com\/wp-content\/uploads\/2023\/05\/Isla-Catalina-Dominikanische-Republik-168373-detail.jpeg\",\"datePublished\":\"2023-05-31T17:31:02+00:00\",\"dateModified\":\"2025-02-14T19:02:28+00:00\",\"description\":\"Catalina es una hermosa isla deshabitada conocida como uno de los mejores sitios para hacer snorkeling en la Rep\u00fablica Dominicana.\",\"breadcrumb\":{\"@id\":\"https:\/\/patrickvacation.com\/excursiones\/isla-catalina-tour\/#breadcrumb\"},\"inLanguage\":\"en-US\",\"potentialAction\":[{\"@type\":\"ReadAction\",\"target\":[\"https:\/\/patrickvacation.com\/excursiones\/isla-catalina-tour\/\"]}]},{\"@type\":\"ImageObject\",\"inLanguage\":\"en-US\",\"@id\":\"https:\/\/patrickvacation.com\/excursiones\/isla-catalina-tour\/#primaryimage\",\"url\":\"https:\/\/patrickvacation.com\/wp-content\/uploads\/2023\/05\/Isla-Catalina-Dominikanische-Republik-168373-detail.jpeg\",\"contentUrl\":\"https:\/\/patrickvacation.com\/wp-content\/uploads\/2023\/05\/Isla-Catalina-Dominikanische-Republik-168373-detail.jpeg\",\"width\":400,\"height\":225},{\"@type\":\"BreadcrumbList\",\"@id\":\"https:\/\/patrickvacation.com\/excursiones\/isla-catalina-tour\/#breadcrumb\",\"itemListElement\":[{\"@type\":\"ListItem\",\"position\":1,\"name\":\"Portada\",\"item\":\"https:\/\/patrickvacation.com\/\"},{\"@type\":\"ListItem\",\"position\":2,\"name\":\"Excursiones y Reservas\",\"item\":\"https:\/\/patrickvacation.com\/excursiones\/\"},{\"@type\":\"ListItem\",\"position\":3,\"name\":\"Isla Catalina Tour\"}]},{\"@type\":\"WebSite\",\"@id\":\"https:\/\/patrickvacation.com\/#website\",\"url\":\"https:\/\/patrickvacation.com\/\",\"name\":\"Patrick Vacation\",\"description\":\"\",\"publisher\":{\"@id\":\"https:\/\/patrickvacation.com\/#organization\"},\"potentialAction\":[{\"@type\":\"SearchAction\",\"target\":{\"@type\":\"EntryPoint\",\"urlTemplate\":\"https:\/\/patrickvacation.com\/?s={search_term_string}\"},\"query-input\":{\"@type\":\"PropertyValueSpecification\",\"valueRequired\":true,\"valueName\":\"search_term_string\"}}],\"inLanguage\":\"en-US\"},{\"@type\":\"Organization\",\"@id\":\"https:\/\/patrickvacation.com\/#organization\",\"name\":\"Alcequiez Tours and Travel\",\"url\":\"https:\/\/patrickvacation.com\/\",\"logo\":{\"@type\":\"ImageObject\",\"inLanguage\":\"en-US\",\"@id\":\"https:\/\/patrickvacation.com\/#\/schema\/logo\/image\/\",\"url\":\"https:\/\/patrickvacation.com\/wp-content\/uploads\/2023\/03\/Logo-Alcequiez.png\",\"contentUrl\":\"https:\/\/patrickvacation.com\/wp-content\/uploads\/2023\/03\/Logo-Alcequiez.png\",\"width\":1080,\"height\":560,\"caption\":\"Alcequiez Tours and Travel\"},\"image\":{\"@id\":\"https:\/\/patrickvacation.com\/#\/schema\/logo\/image\/\"},\"sameAs\":[\"https:\/\/www.facebook.com\/alcequiez.tours.travel\",\"https:\/\/www.instagram.com\/alcequieztour\/\"]}]}<\/script>\n<!-- \/ Yoast SEO plugin. -->","yoast_head_json":{"title":"Isla Catalina Tour - Patrick Vacation","description":"Catalina es una hermosa isla deshabitada conocida como uno de los mejores sitios para hacer snorkeling en la Rep\u00fablica Dominicana.","robots":{"index":"index","follow":"follow","max-snippet":"max-snippet:-1","max-image-preview":"max-image-preview:large","max-video-preview":"max-video-preview:-1"},"canonical":"https:\/\/patrickvacation.com\/en\/excursiones\/isla-catalina-tour\/","og_locale":"en_US","og_type":"article","og_title":"Isla Catalina Tour - Patrick Vacation","og_description":"Catalina es una hermosa isla deshabitada conocida como uno de los mejores sitios para hacer snorkeling en la Rep\u00fablica Dominicana.","og_url":"https:\/\/patrickvacation.com\/en\/excursiones\/isla-catalina-tour\/","og_site_name":"Patrick Vacation","article_publisher":"https:\/\/www.facebook.com\/alcequiez.tours.travel","article_modified_time":"2025-02-14T19:02:28+00:00","og_image":[{"width":400,"height":225,"url":"https:\/\/patrickvacation.com\/wp-content\/uploads\/2023\/05\/Isla-Catalina-Dominikanische-Republik-168373-detail.jpeg","type":"image\/jpeg"}],"twitter_card":"summary_large_image","twitter_misc":{"Est. reading time":"1 minute"},"schema":{"@context":"https:\/\/schema.org","@graph":[{"@type":"WebPage","@id":"https:\/\/patrickvacation.com\/excursiones\/isla-catalina-tour\/","url":"https:\/\/patrickvacation.com\/excursiones\/isla-catalina-tour\/","name":"Isla Catalina Tour - Patrick Vacation","isPartOf":{"@id":"https:\/\/patrickvacation.com\/#website"},"primaryImageOfPage":{"@id":"https:\/\/patrickvacation.com\/excursiones\/isla-catalina-tour\/#primaryimage"},"image":{"@id":"https:\/\/patrickvacation.com\/excursiones\/isla-catalina-tour\/#primaryimage"},"thumbnailUrl":"https:\/\/patrickvacation.com\/wp-content\/uploads\/2023\/05\/Isla-Catalina-Dominikanische-Republik-168373-detail.jpeg","datePublished":"2023-05-31T17:31:02+00:00","dateModified":"2025-02-14T19:02:28+00:00","description":"Catalina es una hermosa isla deshabitada conocida como uno de los mejores sitios para hacer snorkeling en la Rep\u00fablica Dominicana.","breadcrumb":{"@id":"https:\/\/patrickvacation.com\/excursiones\/isla-catalina-tour\/#breadcrumb"},"inLanguage":"en-US","potentialAction":[{"@type":"ReadAction","target":["https:\/\/patrickvacation.com\/excursiones\/isla-catalina-tour\/"]}]},{"@type":"ImageObject","inLanguage":"en-US","@id":"https:\/\/patrickvacation.com\/excursiones\/isla-catalina-tour\/#primaryimage","url":"https:\/\/patrickvacation.com\/wp-content\/uploads\/2023\/05\/Isla-Catalina-Dominikanische-Republik-168373-detail.jpeg","contentUrl":"https:\/\/patrickvacation.com\/wp-content\/uploads\/2023\/05\/Isla-Catalina-Dominikanische-Republik-168373-detail.jpeg","width":400,"height":225},{"@type":"BreadcrumbList","@id":"https:\/\/patrickvacation.com\/excursiones\/isla-catalina-tour\/#breadcrumb","itemListElement":[{"@type":"ListItem","position":1,"name":"Portada","item":"https:\/\/patrickvacation.com\/"},{"@type":"ListItem","position":2,"name":"Excursiones y Reservas","item":"https:\/\/patrickvacation.com\/excursiones\/"},{"@type":"ListItem","position":3,"name":"Isla Catalina Tour"}]},{"@type":"WebSite","@id":"https:\/\/patrickvacation.com\/#website","url":"https:\/\/patrickvacation.com\/","name":"Patrick Vacation","description":"","publisher":{"@id":"https:\/\/patrickvacation.com\/#organization"},"potentialAction":[{"@type":"SearchAction","target":{"@type":"EntryPoint","urlTemplate":"https:\/\/patrickvacation.com\/?s={search_term_string}"},"query-input":{"@type":"PropertyValueSpecification","valueRequired":true,"valueName":"search_term_string"}}],"inLanguage":"en-US"},{"@type":"Organization","@id":"https:\/\/patrickvacation.com\/#organization","name":"Alcequiez Tours and Travel","url":"https:\/\/patrickvacation.com\/","logo":{"@type":"ImageObject","inLanguage":"en-US","@id":"https:\/\/patrickvacation.com\/#\/schema\/logo\/image\/","url":"https:\/\/patrickvacation.com\/wp-content\/uploads\/2023\/03\/Logo-Alcequiez.png","contentUrl":"https:\/\/patrickvacation.com\/wp-content\/uploads\/2023\/03\/Logo-Alcequiez.png","width":1080,"height":560,"caption":"Alcequiez Tours and Travel"},"image":{"@id":"https:\/\/patrickvacation.com\/#\/schema\/logo\/image\/"},"sameAs":["https:\/\/www.facebook.com\/alcequiez.tours.travel","https:\/\/www.instagram.com\/alcequieztour\/"]}]}},"_links":{"self":[{"href":"https:\/\/patrickvacation.com\/en\/wp-json\/wp\/v2\/product\/6271","targetHints":{"allow":["GET"]}}],"collection":[{"href":"https:\/\/patrickvacation.com\/en\/wp-json\/wp\/v2\/product"}],"about":[{"href":"https:\/\/patrickvacation.com\/en\/wp-json\/wp\/v2\/types\/product"}],"version-history":[{"count":0,"href":"https:\/\/patrickvacation.com\/en\/wp-json\/wp\/v2\/product\/6271\/revisions"}],"wp:featuredmedia":[{"embeddable":true,"href":"https:\/\/patrickvacation.com\/en\/wp-json\/wp\/v2\/media\/6273"}],"wp:attachment":[{"href":"https:\/\/patrickvacation.com\/en\/wp-json\/wp\/v2\/media?parent=6271"}],"wp:term":[{"taxonomy":"product_brand","embeddable":true,"href":"https:\/\/patrickvacation.com\/en\/wp-json\/wp\/v2\/product_brand?post=6271"},{"taxonomy":"product_cat","embeddable":true,"href":"https:\/\/patrickvacation.com\/en\/wp-json\/wp\/v2\/product_cat?post=6271"},{"taxonomy":"product_tag","embeddable":true,"href":"https:\/\/patrickvacation.com\/en\/wp-json\/wp\/v2\/product_tag?post=6271"}],"curies":[{"name":"wp","href":"https:\/\/api.w.org\/{rel}","templated":true}]}}