{"id":6277,"date":"2023-05-31T17:48:57","date_gmt":"2023-05-31T17:48:57","guid":{"rendered":"https:\/\/patrickvacation.com\/?post_type=product&#038;p=6277"},"modified":"2023-05-31T17:48:58","modified_gmt":"2023-05-31T17:48:58","slug":"isla-catalina-buceo-tour","status":"publish","type":"product","link":"https:\/\/patrickvacation.com\/en\/excursiones\/isla-catalina-buceo-tour\/","title":{"rendered":"Catalina Island Diving Tour"},"content":{"rendered":"<h3>Isla Catalina, el lugar id\u00f3neo para hacer el mejor buceo en Rep\u00fablica Dominicana<\/h3>\n<p>Con tan solo 25kms cuadrados, Isla Catalina es uno de los lugares m\u00e1s bellos de Rep\u00fablica Dominicana, rica en fauna marina y con una temperatura media anual de 25 grados.<\/p>\n<p>Costas de arena blanca fina, aguas cristalinas, y much\u00edsimo menos visitada que Isla Saona. Es por esta raz\u00f3n que el tour de Isla Catalina es tan especial.<\/p>","protected":false},"excerpt":{"rendered":"<p>Venture\u00a0<strong>explore the waters of the Caribbean sea as never before imagined\u00a0<\/strong>with this activity of scuba diving in Catalina Island. You will be fascinated by the great marine biodiversity that inhabits their funds.<\/p>","protected":false},"featured_media":6278,"template":"","meta":[],"product_brand":[197],"product_cat":[371],"product_tag":[363,362,196,364],"class_list":{"0":"post-6277","1":"product","2":"type-product","3":"status-publish","4":"has-post-thumbnail","6":"product_brand-buceo","7":"product_cat-excurciones","8":"product_tag-buceo","9":"product_tag-isla-catalina","10":"product_tag-punta-cana","11":"product_tag-republica-dominicana","13":"first","14":"instock","15":"virtual","16":"sold-individually","17":"purchasable","18":"product-type-booking"},"yoast_head":"<!-- This site is optimized with the Yoast SEO plugin v24.7 - https:\/\/yoast.com\/wordpress\/plugins\/seo\/ -->\n<title>Isla Catalina Tour - Patrick Vacation Agency<\/title>\n<meta name=\"description\" content=\"En este tour de Buceo en Isla Catalina descubrir\u00e1s el para\u00edso bajo el agua del Caribe. Con experiencia o no, este tour solo mejorar\u00e1 tu viaje a Punta Cana.\" \/>\n<meta name=\"robots\" content=\"index, follow, max-snippet:-1, max-image-preview:large, max-video-preview:-1\" \/>\n<link rel=\"canonical\" href=\"https:\/\/patrickvacation.com\/en\/excursiones\/isla-catalina-buceo-tour\/\" \/>\n<meta property=\"og:locale\" content=\"en_US\" \/>\n<meta property=\"og:type\" content=\"article\" \/>\n<meta property=\"og:title\" content=\"Isla Catalina Tour - Patrick Vacation Agency\" \/>\n<meta property=\"og:description\" content=\"En este tour de Buceo en Isla Catalina descubrir\u00e1s el para\u00edso bajo el agua del Caribe. Con experiencia o no, este tour solo mejorar\u00e1 tu viaje a Punta Cana.\" \/>\n<meta property=\"og:url\" content=\"https:\/\/patrickvacation.com\/en\/excursiones\/isla-catalina-buceo-tour\/\" \/>\n<meta property=\"og:site_name\" content=\"Patrick Vacation\" \/>\n<meta property=\"article:publisher\" content=\"https:\/\/www.facebook.com\/alcequiez.tours.travel\" \/>\n<meta property=\"article:modified_time\" content=\"2023-05-31T17:48:58+00:00\" \/>\n<meta property=\"og:image\" content=\"https:\/\/patrickvacation.com\/wp-content\/uploads\/2023\/05\/catalina-snorkeling.jpg\" \/>\n\t<meta property=\"og:image:width\" content=\"749\" \/>\n\t<meta property=\"og:image:height\" content=\"500\" \/>\n\t<meta property=\"og:image:type\" content=\"image\/jpeg\" \/>\n<meta name=\"twitter:card\" content=\"summary_large_image\" \/>\n<meta name=\"twitter:label1\" content=\"Est. reading time\" \/>\n\t<meta name=\"twitter:data1\" content=\"1 minute\" \/>\n<script type=\"application\/ld+json\" class=\"yoast-schema-graph\">{\"@context\":\"https:\/\/schema.org\",\"@graph\":[{\"@type\":\"WebPage\",\"@id\":\"https:\/\/patrickvacation.com\/excursiones\/isla-catalina-buceo-tour\/\",\"url\":\"https:\/\/patrickvacation.com\/excursiones\/isla-catalina-buceo-tour\/\",\"name\":\"Isla Catalina Tour - Patrick Vacation Agency\",\"isPartOf\":{\"@id\":\"https:\/\/patrickvacation.com\/#website\"},\"primaryImageOfPage\":{\"@id\":\"https:\/\/patrickvacation.com\/excursiones\/isla-catalina-buceo-tour\/#primaryimage\"},\"image\":{\"@id\":\"https:\/\/patrickvacation.com\/excursiones\/isla-catalina-buceo-tour\/#primaryimage\"},\"thumbnailUrl\":\"https:\/\/patrickvacation.com\/wp-content\/uploads\/2023\/05\/catalina-snorkeling.jpg\",\"datePublished\":\"2023-05-31T17:48:57+00:00\",\"dateModified\":\"2023-05-31T17:48:58+00:00\",\"description\":\"En este tour de Buceo en Isla Catalina descubrir\u00e1s el para\u00edso bajo el agua del Caribe. Con experiencia o no, este tour solo mejorar\u00e1 tu viaje a Punta Cana.\",\"breadcrumb\":{\"@id\":\"https:\/\/patrickvacation.com\/excursiones\/isla-catalina-buceo-tour\/#breadcrumb\"},\"inLanguage\":\"en-US\",\"potentialAction\":[{\"@type\":\"ReadAction\",\"target\":[\"https:\/\/patrickvacation.com\/excursiones\/isla-catalina-buceo-tour\/\"]}]},{\"@type\":\"ImageObject\",\"inLanguage\":\"en-US\",\"@id\":\"https:\/\/patrickvacation.com\/excursiones\/isla-catalina-buceo-tour\/#primaryimage\",\"url\":\"https:\/\/patrickvacation.com\/wp-content\/uploads\/2023\/05\/catalina-snorkeling.jpg\",\"contentUrl\":\"https:\/\/patrickvacation.com\/wp-content\/uploads\/2023\/05\/catalina-snorkeling.jpg\",\"width\":749,\"height\":500},{\"@type\":\"BreadcrumbList\",\"@id\":\"https:\/\/patrickvacation.com\/excursiones\/isla-catalina-buceo-tour\/#breadcrumb\",\"itemListElement\":[{\"@type\":\"ListItem\",\"position\":1,\"name\":\"Portada\",\"item\":\"https:\/\/patrickvacation.com\/\"},{\"@type\":\"ListItem\",\"position\":2,\"name\":\"Excursiones y Reservas\",\"item\":\"https:\/\/patrickvacation.com\/excursiones\/\"},{\"@type\":\"ListItem\",\"position\":3,\"name\":\"Isla Catalina Buce\u00f3 Tour\"}]},{\"@type\":\"WebSite\",\"@id\":\"https:\/\/patrickvacation.com\/#website\",\"url\":\"https:\/\/patrickvacation.com\/\",\"name\":\"Patrick Vacation\",\"description\":\"\",\"publisher\":{\"@id\":\"https:\/\/patrickvacation.com\/#organization\"},\"potentialAction\":[{\"@type\":\"SearchAction\",\"target\":{\"@type\":\"EntryPoint\",\"urlTemplate\":\"https:\/\/patrickvacation.com\/?s={search_term_string}\"},\"query-input\":{\"@type\":\"PropertyValueSpecification\",\"valueRequired\":true,\"valueName\":\"search_term_string\"}}],\"inLanguage\":\"en-US\"},{\"@type\":\"Organization\",\"@id\":\"https:\/\/patrickvacation.com\/#organization\",\"name\":\"Alcequiez Tours and Travel\",\"url\":\"https:\/\/patrickvacation.com\/\",\"logo\":{\"@type\":\"ImageObject\",\"inLanguage\":\"en-US\",\"@id\":\"https:\/\/patrickvacation.com\/#\/schema\/logo\/image\/\",\"url\":\"https:\/\/patrickvacation.com\/wp-content\/uploads\/2023\/03\/Logo-Alcequiez.png\",\"contentUrl\":\"https:\/\/patrickvacation.com\/wp-content\/uploads\/2023\/03\/Logo-Alcequiez.png\",\"width\":1080,\"height\":560,\"caption\":\"Alcequiez Tours and Travel\"},\"image\":{\"@id\":\"https:\/\/patrickvacation.com\/#\/schema\/logo\/image\/\"},\"sameAs\":[\"https:\/\/www.facebook.com\/alcequiez.tours.travel\",\"https:\/\/www.instagram.com\/alcequieztour\/\"]}]}<\/script>\n<!-- \/ Yoast SEO plugin. -->","yoast_head_json":{"title":"Isla Catalina Tour - Patrick Vacation Agency","description":"En este tour de Buceo en Isla Catalina descubrir\u00e1s el para\u00edso bajo el agua del Caribe. Con experiencia o no, este tour solo mejorar\u00e1 tu viaje a Punta Cana.","robots":{"index":"index","follow":"follow","max-snippet":"max-snippet:-1","max-image-preview":"max-image-preview:large","max-video-preview":"max-video-preview:-1"},"canonical":"https:\/\/patrickvacation.com\/en\/excursiones\/isla-catalina-buceo-tour\/","og_locale":"en_US","og_type":"article","og_title":"Isla Catalina Tour - Patrick Vacation Agency","og_description":"En este tour de Buceo en Isla Catalina descubrir\u00e1s el para\u00edso bajo el agua del Caribe. Con experiencia o no, este tour solo mejorar\u00e1 tu viaje a Punta Cana.","og_url":"https:\/\/patrickvacation.com\/en\/excursiones\/isla-catalina-buceo-tour\/","og_site_name":"Patrick Vacation","article_publisher":"https:\/\/www.facebook.com\/alcequiez.tours.travel","article_modified_time":"2023-05-31T17:48:58+00:00","og_image":[{"width":749,"height":500,"url":"https:\/\/patrickvacation.com\/wp-content\/uploads\/2023\/05\/catalina-snorkeling.jpg","type":"image\/jpeg"}],"twitter_card":"summary_large_image","twitter_misc":{"Est. reading time":"1 minute"},"schema":{"@context":"https:\/\/schema.org","@graph":[{"@type":"WebPage","@id":"https:\/\/patrickvacation.com\/excursiones\/isla-catalina-buceo-tour\/","url":"https:\/\/patrickvacation.com\/excursiones\/isla-catalina-buceo-tour\/","name":"Isla Catalina Tour - Patrick Vacation Agency","isPartOf":{"@id":"https:\/\/patrickvacation.com\/#website"},"primaryImageOfPage":{"@id":"https:\/\/patrickvacation.com\/excursiones\/isla-catalina-buceo-tour\/#primaryimage"},"image":{"@id":"https:\/\/patrickvacation.com\/excursiones\/isla-catalina-buceo-tour\/#primaryimage"},"thumbnailUrl":"https:\/\/patrickvacation.com\/wp-content\/uploads\/2023\/05\/catalina-snorkeling.jpg","datePublished":"2023-05-31T17:48:57+00:00","dateModified":"2023-05-31T17:48:58+00:00","description":"En este tour de Buceo en Isla Catalina descubrir\u00e1s el para\u00edso bajo el agua del Caribe. Con experiencia o no, este tour solo mejorar\u00e1 tu viaje a Punta Cana.","breadcrumb":{"@id":"https:\/\/patrickvacation.com\/excursiones\/isla-catalina-buceo-tour\/#breadcrumb"},"inLanguage":"en-US","potentialAction":[{"@type":"ReadAction","target":["https:\/\/patrickvacation.com\/excursiones\/isla-catalina-buceo-tour\/"]}]},{"@type":"ImageObject","inLanguage":"en-US","@id":"https:\/\/patrickvacation.com\/excursiones\/isla-catalina-buceo-tour\/#primaryimage","url":"https:\/\/patrickvacation.com\/wp-content\/uploads\/2023\/05\/catalina-snorkeling.jpg","contentUrl":"https:\/\/patrickvacation.com\/wp-content\/uploads\/2023\/05\/catalina-snorkeling.jpg","width":749,"height":500},{"@type":"BreadcrumbList","@id":"https:\/\/patrickvacation.com\/excursiones\/isla-catalina-buceo-tour\/#breadcrumb","itemListElement":[{"@type":"ListItem","position":1,"name":"Portada","item":"https:\/\/patrickvacation.com\/"},{"@type":"ListItem","position":2,"name":"Excursiones y Reservas","item":"https:\/\/patrickvacation.com\/excursiones\/"},{"@type":"ListItem","position":3,"name":"Isla Catalina Buce\u00f3 Tour"}]},{"@type":"WebSite","@id":"https:\/\/patrickvacation.com\/#website","url":"https:\/\/patrickvacation.com\/","name":"Patrick Vacation","description":"","publisher":{"@id":"https:\/\/patrickvacation.com\/#organization"},"potentialAction":[{"@type":"SearchAction","target":{"@type":"EntryPoint","urlTemplate":"https:\/\/patrickvacation.com\/?s={search_term_string}"},"query-input":{"@type":"PropertyValueSpecification","valueRequired":true,"valueName":"search_term_string"}}],"inLanguage":"en-US"},{"@type":"Organization","@id":"https:\/\/patrickvacation.com\/#organization","name":"Alcequiez Tours and Travel","url":"https:\/\/patrickvacation.com\/","logo":{"@type":"ImageObject","inLanguage":"en-US","@id":"https:\/\/patrickvacation.com\/#\/schema\/logo\/image\/","url":"https:\/\/patrickvacation.com\/wp-content\/uploads\/2023\/03\/Logo-Alcequiez.png","contentUrl":"https:\/\/patrickvacation.com\/wp-content\/uploads\/2023\/03\/Logo-Alcequiez.png","width":1080,"height":560,"caption":"Alcequiez Tours and Travel"},"image":{"@id":"https:\/\/patrickvacation.com\/#\/schema\/logo\/image\/"},"sameAs":["https:\/\/www.facebook.com\/alcequiez.tours.travel","https:\/\/www.instagram.com\/alcequieztour\/"]}]}},"_links":{"self":[{"href":"https:\/\/patrickvacation.com\/en\/wp-json\/wp\/v2\/product\/6277","targetHints":{"allow":["GET"]}}],"collection":[{"href":"https:\/\/patrickvacation.com\/en\/wp-json\/wp\/v2\/product"}],"about":[{"href":"https:\/\/patrickvacation.com\/en\/wp-json\/wp\/v2\/types\/product"}],"version-history":[{"count":0,"href":"https:\/\/patrickvacation.com\/en\/wp-json\/wp\/v2\/product\/6277\/revisions"}],"wp:featuredmedia":[{"embeddable":true,"href":"https:\/\/patrickvacation.com\/en\/wp-json\/wp\/v2\/media\/6278"}],"wp:attachment":[{"href":"https:\/\/patrickvacation.com\/en\/wp-json\/wp\/v2\/media?parent=6277"}],"wp:term":[{"taxonomy":"product_brand","embeddable":true,"href":"https:\/\/patrickvacation.com\/en\/wp-json\/wp\/v2\/product_brand?post=6277"},{"taxonomy":"product_cat","embeddable":true,"href":"https:\/\/patrickvacation.com\/en\/wp-json\/wp\/v2\/product_cat?post=6277"},{"taxonomy":"product_tag","embeddable":true,"href":"https:\/\/patrickvacation.com\/en\/wp-json\/wp\/v2\/product_tag?post=6277"}],"curies":[{"name":"wp","href":"https:\/\/api.w.org\/{rel}","templated":true}]}}