{"id":6286,"date":"2023-05-31T18:15:47","date_gmt":"2023-05-31T18:15:47","guid":{"rendered":"https:\/\/patrickvacation.com\/?post_type=product&#038;p=6286"},"modified":"2023-06-02T03:23:21","modified_gmt":"2023-06-02T03:23:21","slug":"isla-catalina-y-altos-de-chavon-tour","status":"publish","type":"product","link":"https:\/\/patrickvacation.com\/en\/excursiones\/isla-catalina-y-altos-de-chavon-tour\/","title":{"rendered":"Catalina island with Altos de Chavon Tour"},"content":{"rendered":"<p>Catalina island with Altos de Chavon Tour<\/p>\n<p>Este es uno de los recorridos con mayor encanto tanto en familia, en pareja o con amigos, en la que visitar\u00e1s m\u00faltiples atracciones de la isla en una sola excursi\u00f3n.\u00a0<strong>Un crucero por el r\u00edo, esn\u00f3rquel<\/strong>\u00a0en las aguas m\u00e1s cristalinas de Rep\u00fablica Dominicana y la visita a la llamada\u00a0<strong>Ciudad de los Artistas<\/strong>\u00a0es nuestra propuesta para pasar un d\u00eda inolvidable.<\/p>\n<p><strong>Catalina<\/strong>\u00a0es una isla que destaca por su belleza\u00a0<strong>natural y sus paisajes v\u00edrgenes<\/strong>. Forma parte del\u00a0<strong>Parque Nacional del Este<\/strong>, y est\u00e1 preparada para recogerte y que disfrutes de una calma que solo los lugares tan aut\u00e9nticos pueden brindarte.<\/p>\n<p>Adem\u00e1s, Altos de Chav\u00f3n es la visita a uno de los\u00a0<strong>espacios culturales<\/strong>\u00a0m\u00e1s importantes de toda\u00a0<strong>la Rep\u00fablica Dominicana<\/strong>, as\u00ed que tienes todo en uno en esta excursi\u00f3n desde Punta Cana.<\/p>","protected":false},"excerpt":{"rendered":"<p>Catalina island with Altos de Chavon Tour<\/p>\n<p>Catalina island is one of the most beautiful of all the Caribbean. A few kilometers from The Roman, in the east of the Dominican Republic, this excursion also includes a visit to the\u00a0<strong>mediterranean villa<\/strong>\u00a0of\u00a0<em><strong>The Altos de Chav\u00f3n<\/strong><\/em>.<\/p>","protected":false},"featured_media":6338,"template":"","meta":[],"product_brand":[],"product_cat":[178,180,182,186,179],"product_tag":[],"class_list":{"0":"post-6286","1":"product","2":"type-product","3":"status-publish","4":"has-post-thumbnail","6":"product_cat-aventura-safari","7":"product_cat-citytours-toursareos","8":"product_cat-ecoaventura-senderismo","9":"product_cat-historica-y-cultural","10":"product_cat-parques-experiencias","12":"first","13":"instock","14":"virtual","15":"sold-individually","16":"purchasable","17":"product-type-booking"},"yoast_head":"<!-- This site is optimized with the Yoast SEO plugin v24.7 - https:\/\/yoast.com\/wordpress\/plugins\/seo\/ -->\n<title>Isla Catalina y Altos de Chavon Tours - Patrick Vacation Agency<\/title>\n<meta name=\"description\" content=\"Un crucero por el r\u00edo, esn\u00f3rquel\u00a0en las aguas m\u00e1s cristalinas de Rep\u00fablica Dominicana y la visita a la llamada\u00a0Ciudad de los Artistas\u00a0es nuestra propuesta para pasar un d\u00eda inolvidable.\" \/>\n<meta name=\"robots\" content=\"index, follow, max-snippet:-1, max-image-preview:large, max-video-preview:-1\" \/>\n<link rel=\"canonical\" href=\"https:\/\/patrickvacation.com\/en\/excursiones\/isla-catalina-y-altos-de-chavon-tour\/\" \/>\n<meta property=\"og:locale\" content=\"en_US\" \/>\n<meta property=\"og:type\" content=\"article\" \/>\n<meta property=\"og:title\" content=\"Isla Catalina y Altos de Chavon Tours - Patrick Vacation Agency\" \/>\n<meta property=\"og:description\" content=\"Un crucero por el r\u00edo, esn\u00f3rquel\u00a0en las aguas m\u00e1s cristalinas de Rep\u00fablica Dominicana y la visita a la llamada\u00a0Ciudad de los Artistas\u00a0es nuestra propuesta para pasar un d\u00eda inolvidable.\" \/>\n<meta property=\"og:url\" content=\"https:\/\/patrickvacation.com\/en\/excursiones\/isla-catalina-y-altos-de-chavon-tour\/\" \/>\n<meta property=\"og:site_name\" content=\"Patrick Vacation\" \/>\n<meta property=\"article:publisher\" content=\"https:\/\/www.facebook.com\/alcequiez.tours.travel\" \/>\n<meta property=\"article:modified_time\" content=\"2023-06-02T03:23:21+00:00\" \/>\n<meta property=\"og:image\" content=\"https:\/\/patrickvacation.com\/wp-content\/uploads\/2023\/06\/Chavon_river.jpg\" \/>\n\t<meta property=\"og:image:width\" content=\"2400\" \/>\n\t<meta property=\"og:image:height\" content=\"1350\" \/>\n\t<meta property=\"og:image:type\" content=\"image\/jpeg\" \/>\n<meta name=\"twitter:card\" content=\"summary_large_image\" \/>\n<meta name=\"twitter:label1\" content=\"Est. reading time\" \/>\n\t<meta name=\"twitter:data1\" content=\"1 minute\" \/>\n<script type=\"application\/ld+json\" class=\"yoast-schema-graph\">{\"@context\":\"https:\/\/schema.org\",\"@graph\":[{\"@type\":\"WebPage\",\"@id\":\"https:\/\/patrickvacation.com\/excursiones\/isla-catalina-y-altos-de-chavon-tour\/\",\"url\":\"https:\/\/patrickvacation.com\/excursiones\/isla-catalina-y-altos-de-chavon-tour\/\",\"name\":\"Isla Catalina y Altos de Chavon Tours - Patrick Vacation Agency\",\"isPartOf\":{\"@id\":\"https:\/\/patrickvacation.com\/#website\"},\"primaryImageOfPage\":{\"@id\":\"https:\/\/patrickvacation.com\/excursiones\/isla-catalina-y-altos-de-chavon-tour\/#primaryimage\"},\"image\":{\"@id\":\"https:\/\/patrickvacation.com\/excursiones\/isla-catalina-y-altos-de-chavon-tour\/#primaryimage\"},\"thumbnailUrl\":\"https:\/\/patrickvacation.com\/wp-content\/uploads\/2023\/06\/Chavon_river.jpg\",\"datePublished\":\"2023-05-31T18:15:47+00:00\",\"dateModified\":\"2023-06-02T03:23:21+00:00\",\"description\":\"Un crucero por el r\u00edo, esn\u00f3rquel\u00a0en las aguas m\u00e1s cristalinas de Rep\u00fablica Dominicana y la visita a la llamada\u00a0Ciudad de los Artistas\u00a0es nuestra propuesta para pasar un d\u00eda inolvidable.\",\"breadcrumb\":{\"@id\":\"https:\/\/patrickvacation.com\/excursiones\/isla-catalina-y-altos-de-chavon-tour\/#breadcrumb\"},\"inLanguage\":\"en-US\",\"potentialAction\":[{\"@type\":\"ReadAction\",\"target\":[\"https:\/\/patrickvacation.com\/excursiones\/isla-catalina-y-altos-de-chavon-tour\/\"]}]},{\"@type\":\"ImageObject\",\"inLanguage\":\"en-US\",\"@id\":\"https:\/\/patrickvacation.com\/excursiones\/isla-catalina-y-altos-de-chavon-tour\/#primaryimage\",\"url\":\"https:\/\/patrickvacation.com\/wp-content\/uploads\/2023\/06\/Chavon_river.jpg\",\"contentUrl\":\"https:\/\/patrickvacation.com\/wp-content\/uploads\/2023\/06\/Chavon_river.jpg\",\"width\":2400,\"height\":1350},{\"@type\":\"BreadcrumbList\",\"@id\":\"https:\/\/patrickvacation.com\/excursiones\/isla-catalina-y-altos-de-chavon-tour\/#breadcrumb\",\"itemListElement\":[{\"@type\":\"ListItem\",\"position\":1,\"name\":\"Portada\",\"item\":\"https:\/\/patrickvacation.com\/\"},{\"@type\":\"ListItem\",\"position\":2,\"name\":\"Excursiones y Reservas\",\"item\":\"https:\/\/patrickvacation.com\/excursiones\/\"},{\"@type\":\"ListItem\",\"position\":3,\"name\":\"Isla Catalina con Altos de Chav\u00f3n Tour\"}]},{\"@type\":\"WebSite\",\"@id\":\"https:\/\/patrickvacation.com\/#website\",\"url\":\"https:\/\/patrickvacation.com\/\",\"name\":\"Patrick Vacation\",\"description\":\"\",\"publisher\":{\"@id\":\"https:\/\/patrickvacation.com\/#organization\"},\"potentialAction\":[{\"@type\":\"SearchAction\",\"target\":{\"@type\":\"EntryPoint\",\"urlTemplate\":\"https:\/\/patrickvacation.com\/?s={search_term_string}\"},\"query-input\":{\"@type\":\"PropertyValueSpecification\",\"valueRequired\":true,\"valueName\":\"search_term_string\"}}],\"inLanguage\":\"en-US\"},{\"@type\":\"Organization\",\"@id\":\"https:\/\/patrickvacation.com\/#organization\",\"name\":\"Alcequiez Tours and Travel\",\"url\":\"https:\/\/patrickvacation.com\/\",\"logo\":{\"@type\":\"ImageObject\",\"inLanguage\":\"en-US\",\"@id\":\"https:\/\/patrickvacation.com\/#\/schema\/logo\/image\/\",\"url\":\"https:\/\/patrickvacation.com\/wp-content\/uploads\/2023\/03\/Logo-Alcequiez.png\",\"contentUrl\":\"https:\/\/patrickvacation.com\/wp-content\/uploads\/2023\/03\/Logo-Alcequiez.png\",\"width\":1080,\"height\":560,\"caption\":\"Alcequiez Tours and Travel\"},\"image\":{\"@id\":\"https:\/\/patrickvacation.com\/#\/schema\/logo\/image\/\"},\"sameAs\":[\"https:\/\/www.facebook.com\/alcequiez.tours.travel\",\"https:\/\/www.instagram.com\/alcequieztour\/\"]}]}<\/script>\n<!-- \/ Yoast SEO plugin. -->","yoast_head_json":{"title":"Isla Catalina y Altos de Chavon Tours - Patrick Vacation Agency","description":"Un crucero por el r\u00edo, esn\u00f3rquel\u00a0en las aguas m\u00e1s cristalinas de Rep\u00fablica Dominicana y la visita a la llamada\u00a0Ciudad de los Artistas\u00a0es nuestra propuesta para pasar un d\u00eda inolvidable.","robots":{"index":"index","follow":"follow","max-snippet":"max-snippet:-1","max-image-preview":"max-image-preview:large","max-video-preview":"max-video-preview:-1"},"canonical":"https:\/\/patrickvacation.com\/en\/excursiones\/isla-catalina-y-altos-de-chavon-tour\/","og_locale":"en_US","og_type":"article","og_title":"Isla Catalina y Altos de Chavon Tours - Patrick Vacation Agency","og_description":"Un crucero por el r\u00edo, esn\u00f3rquel\u00a0en las aguas m\u00e1s cristalinas de Rep\u00fablica Dominicana y la visita a la llamada\u00a0Ciudad de los Artistas\u00a0es nuestra propuesta para pasar un d\u00eda inolvidable.","og_url":"https:\/\/patrickvacation.com\/en\/excursiones\/isla-catalina-y-altos-de-chavon-tour\/","og_site_name":"Patrick Vacation","article_publisher":"https:\/\/www.facebook.com\/alcequiez.tours.travel","article_modified_time":"2023-06-02T03:23:21+00:00","og_image":[{"width":2400,"height":1350,"url":"https:\/\/patrickvacation.com\/wp-content\/uploads\/2023\/06\/Chavon_river.jpg","type":"image\/jpeg"}],"twitter_card":"summary_large_image","twitter_misc":{"Est. reading time":"1 minute"},"schema":{"@context":"https:\/\/schema.org","@graph":[{"@type":"WebPage","@id":"https:\/\/patrickvacation.com\/excursiones\/isla-catalina-y-altos-de-chavon-tour\/","url":"https:\/\/patrickvacation.com\/excursiones\/isla-catalina-y-altos-de-chavon-tour\/","name":"Isla Catalina y Altos de Chavon Tours - Patrick Vacation Agency","isPartOf":{"@id":"https:\/\/patrickvacation.com\/#website"},"primaryImageOfPage":{"@id":"https:\/\/patrickvacation.com\/excursiones\/isla-catalina-y-altos-de-chavon-tour\/#primaryimage"},"image":{"@id":"https:\/\/patrickvacation.com\/excursiones\/isla-catalina-y-altos-de-chavon-tour\/#primaryimage"},"thumbnailUrl":"https:\/\/patrickvacation.com\/wp-content\/uploads\/2023\/06\/Chavon_river.jpg","datePublished":"2023-05-31T18:15:47+00:00","dateModified":"2023-06-02T03:23:21+00:00","description":"Un crucero por el r\u00edo, esn\u00f3rquel\u00a0en las aguas m\u00e1s cristalinas de Rep\u00fablica Dominicana y la visita a la llamada\u00a0Ciudad de los Artistas\u00a0es nuestra propuesta para pasar un d\u00eda inolvidable.","breadcrumb":{"@id":"https:\/\/patrickvacation.com\/excursiones\/isla-catalina-y-altos-de-chavon-tour\/#breadcrumb"},"inLanguage":"en-US","potentialAction":[{"@type":"ReadAction","target":["https:\/\/patrickvacation.com\/excursiones\/isla-catalina-y-altos-de-chavon-tour\/"]}]},{"@type":"ImageObject","inLanguage":"en-US","@id":"https:\/\/patrickvacation.com\/excursiones\/isla-catalina-y-altos-de-chavon-tour\/#primaryimage","url":"https:\/\/patrickvacation.com\/wp-content\/uploads\/2023\/06\/Chavon_river.jpg","contentUrl":"https:\/\/patrickvacation.com\/wp-content\/uploads\/2023\/06\/Chavon_river.jpg","width":2400,"height":1350},{"@type":"BreadcrumbList","@id":"https:\/\/patrickvacation.com\/excursiones\/isla-catalina-y-altos-de-chavon-tour\/#breadcrumb","itemListElement":[{"@type":"ListItem","position":1,"name":"Portada","item":"https:\/\/patrickvacation.com\/"},{"@type":"ListItem","position":2,"name":"Excursiones y Reservas","item":"https:\/\/patrickvacation.com\/excursiones\/"},{"@type":"ListItem","position":3,"name":"Isla Catalina con Altos de Chav\u00f3n Tour"}]},{"@type":"WebSite","@id":"https:\/\/patrickvacation.com\/#website","url":"https:\/\/patrickvacation.com\/","name":"Patrick Vacation","description":"","publisher":{"@id":"https:\/\/patrickvacation.com\/#organization"},"potentialAction":[{"@type":"SearchAction","target":{"@type":"EntryPoint","urlTemplate":"https:\/\/patrickvacation.com\/?s={search_term_string}"},"query-input":{"@type":"PropertyValueSpecification","valueRequired":true,"valueName":"search_term_string"}}],"inLanguage":"en-US"},{"@type":"Organization","@id":"https:\/\/patrickvacation.com\/#organization","name":"Alcequiez Tours and Travel","url":"https:\/\/patrickvacation.com\/","logo":{"@type":"ImageObject","inLanguage":"en-US","@id":"https:\/\/patrickvacation.com\/#\/schema\/logo\/image\/","url":"https:\/\/patrickvacation.com\/wp-content\/uploads\/2023\/03\/Logo-Alcequiez.png","contentUrl":"https:\/\/patrickvacation.com\/wp-content\/uploads\/2023\/03\/Logo-Alcequiez.png","width":1080,"height":560,"caption":"Alcequiez Tours and Travel"},"image":{"@id":"https:\/\/patrickvacation.com\/#\/schema\/logo\/image\/"},"sameAs":["https:\/\/www.facebook.com\/alcequiez.tours.travel","https:\/\/www.instagram.com\/alcequieztour\/"]}]}},"_links":{"self":[{"href":"https:\/\/patrickvacation.com\/en\/wp-json\/wp\/v2\/product\/6286","targetHints":{"allow":["GET"]}}],"collection":[{"href":"https:\/\/patrickvacation.com\/en\/wp-json\/wp\/v2\/product"}],"about":[{"href":"https:\/\/patrickvacation.com\/en\/wp-json\/wp\/v2\/types\/product"}],"version-history":[{"count":0,"href":"https:\/\/patrickvacation.com\/en\/wp-json\/wp\/v2\/product\/6286\/revisions"}],"wp:featuredmedia":[{"embeddable":true,"href":"https:\/\/patrickvacation.com\/en\/wp-json\/wp\/v2\/media\/6338"}],"wp:attachment":[{"href":"https:\/\/patrickvacation.com\/en\/wp-json\/wp\/v2\/media?parent=6286"}],"wp:term":[{"taxonomy":"product_brand","embeddable":true,"href":"https:\/\/patrickvacation.com\/en\/wp-json\/wp\/v2\/product_brand?post=6286"},{"taxonomy":"product_cat","embeddable":true,"href":"https:\/\/patrickvacation.com\/en\/wp-json\/wp\/v2\/product_cat?post=6286"},{"taxonomy":"product_tag","embeddable":true,"href":"https:\/\/patrickvacation.com\/en\/wp-json\/wp\/v2\/product_tag?post=6286"}],"curies":[{"name":"wp","href":"https:\/\/api.w.org\/{rel}","templated":true}]}}