{"id":6320,"date":"2023-06-02T02:48:17","date_gmt":"2023-06-02T02:48:17","guid":{"rendered":"https:\/\/patrickvacation.com\/?post_type=product&#038;p=6320"},"modified":"2025-02-18T17:00:34","modified_gmt":"2025-02-18T17:00:34","slug":"pesca-en-punta-cana","status":"publish","type":"product","link":"https:\/\/patrickvacation.com\/en\/excursiones\/pesca-en-punta-cana\/","title":{"rendered":"Fishing in Punta Cana"},"content":{"rendered":"<h2 id=\"headline-90-132\" class=\"ct-headline\" style=\"margin: 0px;font-family: Quicksand;font-size: 35px\">Itinerario de esta actividad de pesca en el Caribe<\/h2>\n<div id=\"_rich_text-91-132\" class=\"oxy-rich-text\">\n<p style=\"margin-block-start: 0px\">El itinerario de la actividad de pesca, es el siguiente:<\/p>\n<ul>\n<li><span style=\"font-weight: bolder\">07:20<\/span>\u00a0<span style=\"font-weight: bolder\">a.m.<\/span>\u00a0&#8211; Recogida en tu hotel donde pondremos rumbo al punto de encuentro.<\/li>\n<li><span style=\"font-weight: bolder\">08:00<\/span>\u00a0<span style=\"font-weight: bolder\">a.m.<\/span>\u00a0&#8211; Llegada al puerto donde embarcaremos en el barco de pesca para comenzar nuestra actividad.<\/li>\n<li>Una vez hemos zarpado, comienza tu\u00a0<span style=\"font-weight: bolder\">experience\u00a0<\/span>donde estar\u00e1s asistido por nuestra tripulaci\u00f3n. Te llevaremos a los mejores lugares de pesca para que puedas disfrutar de una jornada deportiva ideal a escasos kil\u00f3metros de las costas dominicanas.<\/li>\n<li><span style=\"font-weight: bolder\">12:00 p.m.<\/span>\u00a0&#8211; Regresaremos al punto de partida finalizando, as\u00ed, la excursi\u00f3n.<\/li>\n<\/ul>\n<p style=\"margin-block-end: 0px\"><em>* Los horarios indicados anteriormente son aproximados.<\/em><\/p>\n<\/div>\n<p><\/p>","protected":false},"excerpt":{"rendered":"<p>Our excursion aboard a fishing vessel is a\u00a0<strong>experience<\/strong>\u00a0mixing\u00a0<strong>relaxation and patience<\/strong>\u00a0fishing with the\u00a0<strong>excitement and activity<\/strong> in a sport such as fishing. You can make it in family, with friends, or even with a partner if you share the same passion for fishing and boats.<\/p>\n<p>Puedes hacerla en familia, con amigos o, incluso, en pareja si compart\u00eds la misma pasi\u00f3n por la pesca y los barcos. Y decimos los barcos porque la excursi\u00f3n se da en un\u00a0<strong>bote de 40 pies<\/strong>\u00a0con una tripulaci\u00f3n que estar\u00e1 atenta a ti en todo momento.Rep\u00fablica Dominicana es un lugar perfecto para descubrir\u00a0<strong>la pesca deportiva<\/strong>\u00a0en alta mar, en la que podr\u00e1s capturar distintos ejemplares de la fauna marina caribe\u00f1a como\u00a0<em><strong>Wahoo, Dorado, Mahi &#8211; Mahi, Pargo, Atunes, Caballas, Barracudas, peces Vela<\/strong><\/em>\u00a0y mucho m\u00e1s. En\u00a0<strong>esta zona de Punta Cana<\/strong>\u00a0tambi\u00e9n hay una especie muy particular, el\u00a0<strong>Marl\u00edn<\/strong>, que puede llegar a medir hasta 3 metros.<\/p>\n<p>Our excursion aboard a fishing vessel is a\u00a0<strong>experience<\/strong>\u00a0mixing\u00a0<strong>relaxation and patience<\/strong>\u00a0fishing with the\u00a0<strong>excitement and activity<\/strong>\u00a0de todo un deporte como la pesca de altura.<\/p>","protected":false},"featured_media":6321,"template":"","meta":[],"product_brand":[],"product_cat":[178,181,182,185,179],"product_tag":[],"class_list":{"0":"post-6320","1":"product","2":"type-product","3":"status-publish","4":"has-post-thumbnail","6":"product_cat-aventura-safari","7":"product_cat-deportes-extremos","8":"product_cat-ecoaventura-senderismo","9":"product_cat-gastronomica","10":"product_cat-parques-experiencias","12":"first","13":"instock","14":"virtual","15":"sold-individually","16":"purchasable","17":"product-type-booking"},"yoast_head":"<!-- This site is optimized with the Yoast SEO plugin v24.7 - https:\/\/yoast.com\/wordpress\/plugins\/seo\/ -->\n<title>Pesca en Punta Cana - Patrick Vacation<\/title>\n<meta name=\"description\" content=\"Nuestra excursi\u00f3n a bordo de una embarcaci\u00f3n de pesca es una\u00a0experiencia\u00a0que mezcla la\u00a0relajaci\u00f3n y paciencia\u00a0de la pesca con la\u00a0emoci\u00f3n y la actividad\u00a0de todo un deporte como la pesca de altura.\" \/>\n<meta name=\"robots\" content=\"index, follow, max-snippet:-1, max-image-preview:large, max-video-preview:-1\" \/>\n<link rel=\"canonical\" href=\"https:\/\/patrickvacation.com\/en\/excursiones\/pesca-en-punta-cana\/\" \/>\n<meta property=\"og:locale\" content=\"en_US\" \/>\n<meta property=\"og:type\" content=\"article\" \/>\n<meta property=\"og:title\" content=\"Pesca en Punta Cana - Patrick Vacation\" \/>\n<meta property=\"og:description\" content=\"Nuestra excursi\u00f3n a bordo de una embarcaci\u00f3n de pesca es una\u00a0experiencia\u00a0que mezcla la\u00a0relajaci\u00f3n y paciencia\u00a0de la pesca con la\u00a0emoci\u00f3n y la actividad\u00a0de todo un deporte como la pesca de altura.\" \/>\n<meta property=\"og:url\" content=\"https:\/\/patrickvacation.com\/en\/excursiones\/pesca-en-punta-cana\/\" \/>\n<meta property=\"og:site_name\" content=\"Patrick Vacation\" \/>\n<meta property=\"article:publisher\" content=\"https:\/\/www.facebook.com\/alcequiez.tours.travel\" \/>\n<meta property=\"article:modified_time\" content=\"2025-02-18T17:00:34+00:00\" \/>\n<meta property=\"og:image\" content=\"https:\/\/patrickvacation.com\/wp-content\/uploads\/2023\/06\/campeonato-mundial-pesca.jpg\" \/>\n\t<meta property=\"og:image:width\" content=\"490\" \/>\n\t<meta property=\"og:image:height\" content=\"368\" \/>\n\t<meta property=\"og:image:type\" content=\"image\/jpeg\" \/>\n<meta name=\"twitter:card\" content=\"summary_large_image\" \/>\n<meta name=\"twitter:label1\" content=\"Est. reading time\" \/>\n\t<meta name=\"twitter:data1\" content=\"1 minute\" \/>\n<script type=\"application\/ld+json\" class=\"yoast-schema-graph\">{\"@context\":\"https:\/\/schema.org\",\"@graph\":[{\"@type\":\"WebPage\",\"@id\":\"https:\/\/patrickvacation.com\/excursiones\/pesca-en-punta-cana\/\",\"url\":\"https:\/\/patrickvacation.com\/excursiones\/pesca-en-punta-cana\/\",\"name\":\"Pesca en Punta Cana - Patrick Vacation\",\"isPartOf\":{\"@id\":\"https:\/\/patrickvacation.com\/#website\"},\"primaryImageOfPage\":{\"@id\":\"https:\/\/patrickvacation.com\/excursiones\/pesca-en-punta-cana\/#primaryimage\"},\"image\":{\"@id\":\"https:\/\/patrickvacation.com\/excursiones\/pesca-en-punta-cana\/#primaryimage\"},\"thumbnailUrl\":\"https:\/\/patrickvacation.com\/wp-content\/uploads\/2023\/06\/campeonato-mundial-pesca.jpg\",\"datePublished\":\"2023-06-02T02:48:17+00:00\",\"dateModified\":\"2025-02-18T17:00:34+00:00\",\"description\":\"Nuestra excursi\u00f3n a bordo de una embarcaci\u00f3n de pesca es una\u00a0experiencia\u00a0que mezcla la\u00a0relajaci\u00f3n y paciencia\u00a0de la pesca con la\u00a0emoci\u00f3n y la actividad\u00a0de todo un deporte como la pesca de altura.\",\"breadcrumb\":{\"@id\":\"https:\/\/patrickvacation.com\/excursiones\/pesca-en-punta-cana\/#breadcrumb\"},\"inLanguage\":\"en-US\",\"potentialAction\":[{\"@type\":\"ReadAction\",\"target\":[\"https:\/\/patrickvacation.com\/excursiones\/pesca-en-punta-cana\/\"]}]},{\"@type\":\"ImageObject\",\"inLanguage\":\"en-US\",\"@id\":\"https:\/\/patrickvacation.com\/excursiones\/pesca-en-punta-cana\/#primaryimage\",\"url\":\"https:\/\/patrickvacation.com\/wp-content\/uploads\/2023\/06\/campeonato-mundial-pesca.jpg\",\"contentUrl\":\"https:\/\/patrickvacation.com\/wp-content\/uploads\/2023\/06\/campeonato-mundial-pesca.jpg\",\"width\":490,\"height\":368},{\"@type\":\"BreadcrumbList\",\"@id\":\"https:\/\/patrickvacation.com\/excursiones\/pesca-en-punta-cana\/#breadcrumb\",\"itemListElement\":[{\"@type\":\"ListItem\",\"position\":1,\"name\":\"Portada\",\"item\":\"https:\/\/patrickvacation.com\/\"},{\"@type\":\"ListItem\",\"position\":2,\"name\":\"Excursiones y Reservas\",\"item\":\"https:\/\/patrickvacation.com\/excursiones\/\"},{\"@type\":\"ListItem\",\"position\":3,\"name\":\"Pesca en Punta Cana\"}]},{\"@type\":\"WebSite\",\"@id\":\"https:\/\/patrickvacation.com\/#website\",\"url\":\"https:\/\/patrickvacation.com\/\",\"name\":\"Patrick Vacation\",\"description\":\"\",\"publisher\":{\"@id\":\"https:\/\/patrickvacation.com\/#organization\"},\"potentialAction\":[{\"@type\":\"SearchAction\",\"target\":{\"@type\":\"EntryPoint\",\"urlTemplate\":\"https:\/\/patrickvacation.com\/?s={search_term_string}\"},\"query-input\":{\"@type\":\"PropertyValueSpecification\",\"valueRequired\":true,\"valueName\":\"search_term_string\"}}],\"inLanguage\":\"en-US\"},{\"@type\":\"Organization\",\"@id\":\"https:\/\/patrickvacation.com\/#organization\",\"name\":\"Alcequiez Tours and Travel\",\"url\":\"https:\/\/patrickvacation.com\/\",\"logo\":{\"@type\":\"ImageObject\",\"inLanguage\":\"en-US\",\"@id\":\"https:\/\/patrickvacation.com\/#\/schema\/logo\/image\/\",\"url\":\"https:\/\/patrickvacation.com\/wp-content\/uploads\/2023\/03\/Logo-Alcequiez.png\",\"contentUrl\":\"https:\/\/patrickvacation.com\/wp-content\/uploads\/2023\/03\/Logo-Alcequiez.png\",\"width\":1080,\"height\":560,\"caption\":\"Alcequiez Tours and Travel\"},\"image\":{\"@id\":\"https:\/\/patrickvacation.com\/#\/schema\/logo\/image\/\"},\"sameAs\":[\"https:\/\/www.facebook.com\/alcequiez.tours.travel\",\"https:\/\/www.instagram.com\/alcequieztour\/\"]}]}<\/script>\n<!-- \/ Yoast SEO plugin. -->","yoast_head_json":{"title":"Pesca en Punta Cana - Patrick Vacation","description":"Nuestra excursi\u00f3n a bordo de una embarcaci\u00f3n de pesca es una\u00a0experiencia\u00a0que mezcla la\u00a0relajaci\u00f3n y paciencia\u00a0de la pesca con la\u00a0emoci\u00f3n y la actividad\u00a0de todo un deporte como la pesca de altura.","robots":{"index":"index","follow":"follow","max-snippet":"max-snippet:-1","max-image-preview":"max-image-preview:large","max-video-preview":"max-video-preview:-1"},"canonical":"https:\/\/patrickvacation.com\/en\/excursiones\/pesca-en-punta-cana\/","og_locale":"en_US","og_type":"article","og_title":"Pesca en Punta Cana - Patrick Vacation","og_description":"Nuestra excursi\u00f3n a bordo de una embarcaci\u00f3n de pesca es una\u00a0experiencia\u00a0que mezcla la\u00a0relajaci\u00f3n y paciencia\u00a0de la pesca con la\u00a0emoci\u00f3n y la actividad\u00a0de todo un deporte como la pesca de altura.","og_url":"https:\/\/patrickvacation.com\/en\/excursiones\/pesca-en-punta-cana\/","og_site_name":"Patrick Vacation","article_publisher":"https:\/\/www.facebook.com\/alcequiez.tours.travel","article_modified_time":"2025-02-18T17:00:34+00:00","og_image":[{"width":490,"height":368,"url":"https:\/\/patrickvacation.com\/wp-content\/uploads\/2023\/06\/campeonato-mundial-pesca.jpg","type":"image\/jpeg"}],"twitter_card":"summary_large_image","twitter_misc":{"Est. reading time":"1 minute"},"schema":{"@context":"https:\/\/schema.org","@graph":[{"@type":"WebPage","@id":"https:\/\/patrickvacation.com\/excursiones\/pesca-en-punta-cana\/","url":"https:\/\/patrickvacation.com\/excursiones\/pesca-en-punta-cana\/","name":"Pesca en Punta Cana - Patrick Vacation","isPartOf":{"@id":"https:\/\/patrickvacation.com\/#website"},"primaryImageOfPage":{"@id":"https:\/\/patrickvacation.com\/excursiones\/pesca-en-punta-cana\/#primaryimage"},"image":{"@id":"https:\/\/patrickvacation.com\/excursiones\/pesca-en-punta-cana\/#primaryimage"},"thumbnailUrl":"https:\/\/patrickvacation.com\/wp-content\/uploads\/2023\/06\/campeonato-mundial-pesca.jpg","datePublished":"2023-06-02T02:48:17+00:00","dateModified":"2025-02-18T17:00:34+00:00","description":"Nuestra excursi\u00f3n a bordo de una embarcaci\u00f3n de pesca es una\u00a0experiencia\u00a0que mezcla la\u00a0relajaci\u00f3n y paciencia\u00a0de la pesca con la\u00a0emoci\u00f3n y la actividad\u00a0de todo un deporte como la pesca de altura.","breadcrumb":{"@id":"https:\/\/patrickvacation.com\/excursiones\/pesca-en-punta-cana\/#breadcrumb"},"inLanguage":"en-US","potentialAction":[{"@type":"ReadAction","target":["https:\/\/patrickvacation.com\/excursiones\/pesca-en-punta-cana\/"]}]},{"@type":"ImageObject","inLanguage":"en-US","@id":"https:\/\/patrickvacation.com\/excursiones\/pesca-en-punta-cana\/#primaryimage","url":"https:\/\/patrickvacation.com\/wp-content\/uploads\/2023\/06\/campeonato-mundial-pesca.jpg","contentUrl":"https:\/\/patrickvacation.com\/wp-content\/uploads\/2023\/06\/campeonato-mundial-pesca.jpg","width":490,"height":368},{"@type":"BreadcrumbList","@id":"https:\/\/patrickvacation.com\/excursiones\/pesca-en-punta-cana\/#breadcrumb","itemListElement":[{"@type":"ListItem","position":1,"name":"Portada","item":"https:\/\/patrickvacation.com\/"},{"@type":"ListItem","position":2,"name":"Excursiones y Reservas","item":"https:\/\/patrickvacation.com\/excursiones\/"},{"@type":"ListItem","position":3,"name":"Pesca en Punta Cana"}]},{"@type":"WebSite","@id":"https:\/\/patrickvacation.com\/#website","url":"https:\/\/patrickvacation.com\/","name":"Patrick Vacation","description":"","publisher":{"@id":"https:\/\/patrickvacation.com\/#organization"},"potentialAction":[{"@type":"SearchAction","target":{"@type":"EntryPoint","urlTemplate":"https:\/\/patrickvacation.com\/?s={search_term_string}"},"query-input":{"@type":"PropertyValueSpecification","valueRequired":true,"valueName":"search_term_string"}}],"inLanguage":"en-US"},{"@type":"Organization","@id":"https:\/\/patrickvacation.com\/#organization","name":"Alcequiez Tours and Travel","url":"https:\/\/patrickvacation.com\/","logo":{"@type":"ImageObject","inLanguage":"en-US","@id":"https:\/\/patrickvacation.com\/#\/schema\/logo\/image\/","url":"https:\/\/patrickvacation.com\/wp-content\/uploads\/2023\/03\/Logo-Alcequiez.png","contentUrl":"https:\/\/patrickvacation.com\/wp-content\/uploads\/2023\/03\/Logo-Alcequiez.png","width":1080,"height":560,"caption":"Alcequiez Tours and Travel"},"image":{"@id":"https:\/\/patrickvacation.com\/#\/schema\/logo\/image\/"},"sameAs":["https:\/\/www.facebook.com\/alcequiez.tours.travel","https:\/\/www.instagram.com\/alcequieztour\/"]}]}},"_links":{"self":[{"href":"https:\/\/patrickvacation.com\/en\/wp-json\/wp\/v2\/product\/6320","targetHints":{"allow":["GET"]}}],"collection":[{"href":"https:\/\/patrickvacation.com\/en\/wp-json\/wp\/v2\/product"}],"about":[{"href":"https:\/\/patrickvacation.com\/en\/wp-json\/wp\/v2\/types\/product"}],"version-history":[{"count":0,"href":"https:\/\/patrickvacation.com\/en\/wp-json\/wp\/v2\/product\/6320\/revisions"}],"wp:featuredmedia":[{"embeddable":true,"href":"https:\/\/patrickvacation.com\/en\/wp-json\/wp\/v2\/media\/6321"}],"wp:attachment":[{"href":"https:\/\/patrickvacation.com\/en\/wp-json\/wp\/v2\/media?parent=6320"}],"wp:term":[{"taxonomy":"product_brand","embeddable":true,"href":"https:\/\/patrickvacation.com\/en\/wp-json\/wp\/v2\/product_brand?post=6320"},{"taxonomy":"product_cat","embeddable":true,"href":"https:\/\/patrickvacation.com\/en\/wp-json\/wp\/v2\/product_cat?post=6320"},{"taxonomy":"product_tag","embeddable":true,"href":"https:\/\/patrickvacation.com\/en\/wp-json\/wp\/v2\/product_tag?post=6320"}],"curies":[{"name":"wp","href":"https:\/\/api.w.org\/{rel}","templated":true}]}}