{"id":6328,"date":"2023-06-02T03:01:59","date_gmt":"2023-06-02T03:01:59","guid":{"rendered":"https:\/\/patrickvacation.com\/?post_type=product&#038;p=6328"},"modified":"2025-02-18T16:56:04","modified_gmt":"2025-02-18T16:56:04","slug":"avistamiento-de-ballenas-en-samana","status":"publish","type":"product","link":"https:\/\/patrickvacation.com\/en\/excursiones\/avistamiento-de-ballenas-en-samana\/","title":{"rendered":"Whale watching in Samana"},"content":{"rendered":"<h2 id=\"headline-63-1260\" class=\"ct-headline\" style=\"margin: 0px;font-family: Quicksand;font-size: 35px\">Itinerario de la excursi\u00f3n<\/h2>\n<div id=\"_rich_text-83-1260\" class=\"oxy-rich-text\">\n<p style=\"margin-block-start: 0px\">A continuaci\u00f3n, te indicamos el itinerario que seguiremos durante nuestra actividad:<\/p>\n<ul>\n<li><span style=\"font-weight: bolder\">6:20 a.m.<\/span>\u00a0\u2013 Recogida desde tu hotel hasta el punto de encuentro.<\/li>\n<li><span style=\"font-weight: bolder\">7:30<\/span>\u00a0<span style=\"font-weight: bolder\">a.m.\u00a0<\/span>\u2013 Salida desde el punto de encuentro hacia\u00a0<span style=\"font-weight: bolder\">La Ca\u00f1ita.<\/span><\/li>\n<li><span style=\"font-weight: bolder\">9:00\u00a0 a.m.\u00a0<\/span>\u2013 Una vez llegados a La Ca\u00f1ita, tomaremos un\u00a0<span style=\"font-weight: bolder\">peque\u00f1o desayuno<\/span>\u00a0para empezar con energ\u00eda la jornada. A continuaci\u00f3n, embarcaremos en catamar\u00e1n direcci\u00f3n al\u00a0<span style=\"font-weight: bolder\"><em>Santuario de las Ballenas Jorobadas<\/em><\/span>, muy cerca de isla Bacard\u00ed.<\/li>\n<li><span style=\"font-weight: bolder\">10:30 a.m. \u2013\u00a0<\/span>Llegamos al momento cumbre de la excursi\u00f3n:\u00a0<span style=\"font-weight: bolder\">empezamos a avistar las ballenas jorobadas\u00a0<\/span>que han elegido nuestras aguas para su apareamiento. Tendr\u00e1s la oportunidad de escuchar su hermoso canto muy cerca de nuestra embarcaci\u00f3n.<\/li>\n<li><span style=\"font-weight: bolder\">12:00 p.m.<\/span>\u00a0\u2013 Nos dirigimos al puerto de Bah\u00eda de Saman\u00e1 desde donde pondremos rumbo a nuestro rancho en la monta\u00f1a. Pararemos a ver la\u00a0<span style=\"font-weight: bolder\">t\u00edpica casa dominicana<\/span>\u00a0para ver el\u00a0<span style=\"font-weight: bolder\">proceso de elaboraci\u00f3n<\/span>\u00a0que sigue el caf\u00e9, chocolate, mama Juana y habanos t\u00edpicos.<\/li>\n<li>Una vez llegados al rancho, montaremos en un caballo para dirigirnos a nuestro pr\u00f3ximo destino:\u00a0<span style=\"font-weight: bolder\">Cascada de Lim\u00f3n,\u00a0<\/span>un salto de agua de m\u00e1s de 40 metros de altura, donde podremos tomar un refrescante ba\u00f1o durante 30 minutos.<\/li>\n<li>Despu\u00e9s de este ba\u00f1o, ponemos rumbo nuevamente al rancho en nuestro caballo y montamos en el cami\u00f3n safari para ir al\u00a0<span style=\"font-weight: bolder\">buffet<\/span>\u00a0donde almorzaremos la comida t\u00edpica dominicana.<\/li>\n<li>Tras haber almorzado, subimos a bordo de nuestro catamar\u00e1n y nos dirigimos a\u00a0<span style=\"font-weight: bolder\">Cayo Levantado<\/span>\u00a0donde estaremos durante una hora y media. Tendr\u00e1s tiempo libre para poder disfrutar de todos los encantos de la isla y su playa.\u00a0<span style=\"font-weight: bolder\">Explora su selva<\/span>,\u00a0<span style=\"font-weight: bolder\">rel\u00e1jate bajo sus palmeras<\/span>\u00a0y disfruta de su\u00a0<span style=\"font-weight: bolder\">flora y fauna.<\/span><\/li>\n<li><span style=\"font-weight: bolder\">04:00 p.m.<\/span>\u00a0\u2013 Regreso a nuestro punto de encuentro para volver a La Ca\u00f1ita donde nos estar\u00e1 esperando el autob\u00fas para regresar a nuestros hoteles.<\/li>\n<li><span style=\"font-weight: bolder\">05:00 p.m.<\/span>\u00a0\u2013 Fin de la actividad.<\/li>\n<\/ul>\n<p style=\"margin-block-end: 0px\"><em>* Los horarios indicados anteriormente pueden sufrir variaciones.<\/em><\/p>\n<\/div>","protected":false},"excerpt":{"rendered":"<p>In the bay of Samana, each year meet the humpback whales in mating season. This tourist attraction is one of the most famous of the island, and is given each year, in which the waters of the Caribbean are filled with the fins of these cetaceans that almost you can touch with your hands.<\/p>\n<p>\u00a1<strong>Bienvenidos a la bah\u00eda de Saman\u00e1<\/strong>! Desde Punta Cana se pueden visitar una gran cantidad de paisajes exuberantes, pero estamos seguros de que nada ser\u00e1 tan impresionante como\u00a0<strong>el espect\u00e1culo natural<\/strong>\u00a0que hoy te queremos proponer.<\/p>\n<p>Al norte de Rep\u00fablica Dominicana,\u00a0 En la bah\u00eda de Saman\u00e1, cada a\u00f1o se\u00a0<strong>re\u00fanen las ballenas jorobadas<\/strong>\u00a0en\u00a0<strong>\u00e9poca de apareamiento<\/strong>. Esta atracci\u00f3n tur\u00edstica es una de las m\u00e1s famosas de la isla, y se da\u00a0<strong>cada a\u00f1o entre enero y marzo<\/strong>, en el que las aguas del Caribe se llenan de las aletas de estos cet\u00e1ceos que pr\u00e1cticamente puedes tocar con tus manos.<\/p>\n<p><strong>El tour<\/strong>\u00a0no solo\u00a0<strong>incluye el avistamiento<\/strong>\u00a0de uno de los\u00a0<strong>mam\u00edferos m\u00e1s grandes del mundo<\/strong>, sino que adem\u00e1s podr\u00e1s\u00a0<strong>visitar Cayo Levantado<\/strong>, m\u00e1s conocido como\u00a0<strong>isla Bacard\u00ed<\/strong>, un lugar en el que el agua cristalina se mezcla con la arena dorada en una estampa que se completa con una vegetaci\u00f3n selv\u00e1tica t\u00edpica de estas latitudes.<\/p>","protected":false},"featured_media":6329,"template":"","meta":[],"product_brand":[],"product_cat":[178,182,179],"product_tag":[],"class_list":{"0":"post-6328","1":"product","2":"type-product","3":"status-publish","4":"has-post-thumbnail","6":"product_cat-aventura-safari","7":"product_cat-ecoaventura-senderismo","8":"product_cat-parques-experiencias","10":"first","11":"instock","12":"virtual","13":"sold-individually","14":"purchasable","15":"product-type-booking"},"yoast_head":"<!-- This site is optimized with the Yoast SEO plugin v24.7 - https:\/\/yoast.com\/wordpress\/plugins\/seo\/ -->\n<title>Avistamiento de Ballenas en Samana - Patrick Vacation<\/title>\n<meta name=\"description\" content=\"En la bah\u00eda de Saman\u00e1, cada a\u00f1o se re\u00fanen las ballenas jorobadas\u00a0en\u00a0\u00e9poca de apareamiento. Esta atracci\u00f3n tur\u00edstica es una de las m\u00e1s famosas de la isla, y se da\u00a0cada a\u00f1o, en el que las aguas del Caribe se llenan de las aletas de estos cet\u00e1ceos que pr\u00e1cticamente puedes tocar con tus manos.\" \/>\n<meta name=\"robots\" content=\"index, follow, max-snippet:-1, max-image-preview:large, max-video-preview:-1\" \/>\n<link rel=\"canonical\" href=\"https:\/\/patrickvacation.com\/en\/excursiones\/avistamiento-de-ballenas-en-samana\/\" \/>\n<meta property=\"og:locale\" content=\"en_US\" \/>\n<meta property=\"og:type\" content=\"article\" \/>\n<meta property=\"og:title\" content=\"Avistamiento de Ballenas en Samana - Patrick Vacation\" \/>\n<meta property=\"og:description\" content=\"En la bah\u00eda de Saman\u00e1, cada a\u00f1o se re\u00fanen las ballenas jorobadas\u00a0en\u00a0\u00e9poca de apareamiento. Esta atracci\u00f3n tur\u00edstica es una de las m\u00e1s famosas de la isla, y se da\u00a0cada a\u00f1o, en el que las aguas del Caribe se llenan de las aletas de estos cet\u00e1ceos que pr\u00e1cticamente puedes tocar con tus manos.\" \/>\n<meta property=\"og:url\" content=\"https:\/\/patrickvacation.com\/en\/excursiones\/avistamiento-de-ballenas-en-samana\/\" \/>\n<meta property=\"og:site_name\" content=\"Patrick Vacation\" \/>\n<meta property=\"article:publisher\" content=\"https:\/\/www.facebook.com\/alcequiez.tours.travel\" \/>\n<meta property=\"article:modified_time\" content=\"2025-02-18T16:56:04+00:00\" \/>\n<meta property=\"og:image\" content=\"https:\/\/patrickvacation.com\/wp-content\/uploads\/2023\/06\/63cb041e0a59e3013ba22ed4_Excursion-Ballenas-Jorobadas-Punta-Cana.-Samana-con-Caribe-Activo_07.jpg\" \/>\n\t<meta property=\"og:image:width\" content=\"1000\" \/>\n\t<meta property=\"og:image:height\" content=\"667\" \/>\n\t<meta property=\"og:image:type\" content=\"image\/jpeg\" \/>\n<meta name=\"twitter:card\" content=\"summary_large_image\" \/>\n<meta name=\"twitter:label1\" content=\"Est. reading time\" \/>\n\t<meta name=\"twitter:data1\" content=\"1 minute\" \/>\n<script type=\"application\/ld+json\" class=\"yoast-schema-graph\">{\"@context\":\"https:\/\/schema.org\",\"@graph\":[{\"@type\":\"WebPage\",\"@id\":\"https:\/\/patrickvacation.com\/excursiones\/avistamiento-de-ballenas-en-samana\/\",\"url\":\"https:\/\/patrickvacation.com\/excursiones\/avistamiento-de-ballenas-en-samana\/\",\"name\":\"Avistamiento de Ballenas en Samana - Patrick Vacation\",\"isPartOf\":{\"@id\":\"https:\/\/patrickvacation.com\/#website\"},\"primaryImageOfPage\":{\"@id\":\"https:\/\/patrickvacation.com\/excursiones\/avistamiento-de-ballenas-en-samana\/#primaryimage\"},\"image\":{\"@id\":\"https:\/\/patrickvacation.com\/excursiones\/avistamiento-de-ballenas-en-samana\/#primaryimage\"},\"thumbnailUrl\":\"https:\/\/patrickvacation.com\/wp-content\/uploads\/2023\/06\/63cb041e0a59e3013ba22ed4_Excursion-Ballenas-Jorobadas-Punta-Cana.-Samana-con-Caribe-Activo_07.jpg\",\"datePublished\":\"2023-06-02T03:01:59+00:00\",\"dateModified\":\"2025-02-18T16:56:04+00:00\",\"description\":\"En la bah\u00eda de Saman\u00e1, cada a\u00f1o se re\u00fanen las ballenas jorobadas\u00a0en\u00a0\u00e9poca de apareamiento. Esta atracci\u00f3n tur\u00edstica es una de las m\u00e1s famosas de la isla, y se da\u00a0cada a\u00f1o, en el que las aguas del Caribe se llenan de las aletas de estos cet\u00e1ceos que pr\u00e1cticamente puedes tocar con tus manos.\",\"breadcrumb\":{\"@id\":\"https:\/\/patrickvacation.com\/excursiones\/avistamiento-de-ballenas-en-samana\/#breadcrumb\"},\"inLanguage\":\"en-US\",\"potentialAction\":[{\"@type\":\"ReadAction\",\"target\":[\"https:\/\/patrickvacation.com\/excursiones\/avistamiento-de-ballenas-en-samana\/\"]}]},{\"@type\":\"ImageObject\",\"inLanguage\":\"en-US\",\"@id\":\"https:\/\/patrickvacation.com\/excursiones\/avistamiento-de-ballenas-en-samana\/#primaryimage\",\"url\":\"https:\/\/patrickvacation.com\/wp-content\/uploads\/2023\/06\/63cb041e0a59e3013ba22ed4_Excursion-Ballenas-Jorobadas-Punta-Cana.-Samana-con-Caribe-Activo_07.jpg\",\"contentUrl\":\"https:\/\/patrickvacation.com\/wp-content\/uploads\/2023\/06\/63cb041e0a59e3013ba22ed4_Excursion-Ballenas-Jorobadas-Punta-Cana.-Samana-con-Caribe-Activo_07.jpg\",\"width\":1000,\"height\":667},{\"@type\":\"BreadcrumbList\",\"@id\":\"https:\/\/patrickvacation.com\/excursiones\/avistamiento-de-ballenas-en-samana\/#breadcrumb\",\"itemListElement\":[{\"@type\":\"ListItem\",\"position\":1,\"name\":\"Portada\",\"item\":\"https:\/\/patrickvacation.com\/\"},{\"@type\":\"ListItem\",\"position\":2,\"name\":\"Excursiones y Reservas\",\"item\":\"https:\/\/patrickvacation.com\/excursiones\/\"},{\"@type\":\"ListItem\",\"position\":3,\"name\":\"Avistamiento de Ballenas en Samana\"}]},{\"@type\":\"WebSite\",\"@id\":\"https:\/\/patrickvacation.com\/#website\",\"url\":\"https:\/\/patrickvacation.com\/\",\"name\":\"Patrick Vacation\",\"description\":\"\",\"publisher\":{\"@id\":\"https:\/\/patrickvacation.com\/#organization\"},\"potentialAction\":[{\"@type\":\"SearchAction\",\"target\":{\"@type\":\"EntryPoint\",\"urlTemplate\":\"https:\/\/patrickvacation.com\/?s={search_term_string}\"},\"query-input\":{\"@type\":\"PropertyValueSpecification\",\"valueRequired\":true,\"valueName\":\"search_term_string\"}}],\"inLanguage\":\"en-US\"},{\"@type\":\"Organization\",\"@id\":\"https:\/\/patrickvacation.com\/#organization\",\"name\":\"Alcequiez Tours and Travel\",\"url\":\"https:\/\/patrickvacation.com\/\",\"logo\":{\"@type\":\"ImageObject\",\"inLanguage\":\"en-US\",\"@id\":\"https:\/\/patrickvacation.com\/#\/schema\/logo\/image\/\",\"url\":\"https:\/\/patrickvacation.com\/wp-content\/uploads\/2023\/03\/Logo-Alcequiez.png\",\"contentUrl\":\"https:\/\/patrickvacation.com\/wp-content\/uploads\/2023\/03\/Logo-Alcequiez.png\",\"width\":1080,\"height\":560,\"caption\":\"Alcequiez Tours and Travel\"},\"image\":{\"@id\":\"https:\/\/patrickvacation.com\/#\/schema\/logo\/image\/\"},\"sameAs\":[\"https:\/\/www.facebook.com\/alcequiez.tours.travel\",\"https:\/\/www.instagram.com\/alcequieztour\/\"]}]}<\/script>\n<!-- \/ Yoast SEO plugin. -->","yoast_head_json":{"title":"Avistamiento de Ballenas en Samana - Patrick Vacation","description":"En la bah\u00eda de Saman\u00e1, cada a\u00f1o se re\u00fanen las ballenas jorobadas\u00a0en\u00a0\u00e9poca de apareamiento. Esta atracci\u00f3n tur\u00edstica es una de las m\u00e1s famosas de la isla, y se da\u00a0cada a\u00f1o, en el que las aguas del Caribe se llenan de las aletas de estos cet\u00e1ceos que pr\u00e1cticamente puedes tocar con tus manos.","robots":{"index":"index","follow":"follow","max-snippet":"max-snippet:-1","max-image-preview":"max-image-preview:large","max-video-preview":"max-video-preview:-1"},"canonical":"https:\/\/patrickvacation.com\/en\/excursiones\/avistamiento-de-ballenas-en-samana\/","og_locale":"en_US","og_type":"article","og_title":"Avistamiento de Ballenas en Samana - Patrick Vacation","og_description":"En la bah\u00eda de Saman\u00e1, cada a\u00f1o se re\u00fanen las ballenas jorobadas\u00a0en\u00a0\u00e9poca de apareamiento. Esta atracci\u00f3n tur\u00edstica es una de las m\u00e1s famosas de la isla, y se da\u00a0cada a\u00f1o, en el que las aguas del Caribe se llenan de las aletas de estos cet\u00e1ceos que pr\u00e1cticamente puedes tocar con tus manos.","og_url":"https:\/\/patrickvacation.com\/en\/excursiones\/avistamiento-de-ballenas-en-samana\/","og_site_name":"Patrick Vacation","article_publisher":"https:\/\/www.facebook.com\/alcequiez.tours.travel","article_modified_time":"2025-02-18T16:56:04+00:00","og_image":[{"width":1000,"height":667,"url":"https:\/\/patrickvacation.com\/wp-content\/uploads\/2023\/06\/63cb041e0a59e3013ba22ed4_Excursion-Ballenas-Jorobadas-Punta-Cana.-Samana-con-Caribe-Activo_07.jpg","type":"image\/jpeg"}],"twitter_card":"summary_large_image","twitter_misc":{"Est. reading time":"1 minute"},"schema":{"@context":"https:\/\/schema.org","@graph":[{"@type":"WebPage","@id":"https:\/\/patrickvacation.com\/excursiones\/avistamiento-de-ballenas-en-samana\/","url":"https:\/\/patrickvacation.com\/excursiones\/avistamiento-de-ballenas-en-samana\/","name":"Avistamiento de Ballenas en Samana - Patrick Vacation","isPartOf":{"@id":"https:\/\/patrickvacation.com\/#website"},"primaryImageOfPage":{"@id":"https:\/\/patrickvacation.com\/excursiones\/avistamiento-de-ballenas-en-samana\/#primaryimage"},"image":{"@id":"https:\/\/patrickvacation.com\/excursiones\/avistamiento-de-ballenas-en-samana\/#primaryimage"},"thumbnailUrl":"https:\/\/patrickvacation.com\/wp-content\/uploads\/2023\/06\/63cb041e0a59e3013ba22ed4_Excursion-Ballenas-Jorobadas-Punta-Cana.-Samana-con-Caribe-Activo_07.jpg","datePublished":"2023-06-02T03:01:59+00:00","dateModified":"2025-02-18T16:56:04+00:00","description":"En la bah\u00eda de Saman\u00e1, cada a\u00f1o se re\u00fanen las ballenas jorobadas\u00a0en\u00a0\u00e9poca de apareamiento. Esta atracci\u00f3n tur\u00edstica es una de las m\u00e1s famosas de la isla, y se da\u00a0cada a\u00f1o, en el que las aguas del Caribe se llenan de las aletas de estos cet\u00e1ceos que pr\u00e1cticamente puedes tocar con tus manos.","breadcrumb":{"@id":"https:\/\/patrickvacation.com\/excursiones\/avistamiento-de-ballenas-en-samana\/#breadcrumb"},"inLanguage":"en-US","potentialAction":[{"@type":"ReadAction","target":["https:\/\/patrickvacation.com\/excursiones\/avistamiento-de-ballenas-en-samana\/"]}]},{"@type":"ImageObject","inLanguage":"en-US","@id":"https:\/\/patrickvacation.com\/excursiones\/avistamiento-de-ballenas-en-samana\/#primaryimage","url":"https:\/\/patrickvacation.com\/wp-content\/uploads\/2023\/06\/63cb041e0a59e3013ba22ed4_Excursion-Ballenas-Jorobadas-Punta-Cana.-Samana-con-Caribe-Activo_07.jpg","contentUrl":"https:\/\/patrickvacation.com\/wp-content\/uploads\/2023\/06\/63cb041e0a59e3013ba22ed4_Excursion-Ballenas-Jorobadas-Punta-Cana.-Samana-con-Caribe-Activo_07.jpg","width":1000,"height":667},{"@type":"BreadcrumbList","@id":"https:\/\/patrickvacation.com\/excursiones\/avistamiento-de-ballenas-en-samana\/#breadcrumb","itemListElement":[{"@type":"ListItem","position":1,"name":"Portada","item":"https:\/\/patrickvacation.com\/"},{"@type":"ListItem","position":2,"name":"Excursiones y Reservas","item":"https:\/\/patrickvacation.com\/excursiones\/"},{"@type":"ListItem","position":3,"name":"Avistamiento de Ballenas en Samana"}]},{"@type":"WebSite","@id":"https:\/\/patrickvacation.com\/#website","url":"https:\/\/patrickvacation.com\/","name":"Patrick Vacation","description":"","publisher":{"@id":"https:\/\/patrickvacation.com\/#organization"},"potentialAction":[{"@type":"SearchAction","target":{"@type":"EntryPoint","urlTemplate":"https:\/\/patrickvacation.com\/?s={search_term_string}"},"query-input":{"@type":"PropertyValueSpecification","valueRequired":true,"valueName":"search_term_string"}}],"inLanguage":"en-US"},{"@type":"Organization","@id":"https:\/\/patrickvacation.com\/#organization","name":"Alcequiez Tours and Travel","url":"https:\/\/patrickvacation.com\/","logo":{"@type":"ImageObject","inLanguage":"en-US","@id":"https:\/\/patrickvacation.com\/#\/schema\/logo\/image\/","url":"https:\/\/patrickvacation.com\/wp-content\/uploads\/2023\/03\/Logo-Alcequiez.png","contentUrl":"https:\/\/patrickvacation.com\/wp-content\/uploads\/2023\/03\/Logo-Alcequiez.png","width":1080,"height":560,"caption":"Alcequiez Tours and Travel"},"image":{"@id":"https:\/\/patrickvacation.com\/#\/schema\/logo\/image\/"},"sameAs":["https:\/\/www.facebook.com\/alcequiez.tours.travel","https:\/\/www.instagram.com\/alcequieztour\/"]}]}},"_links":{"self":[{"href":"https:\/\/patrickvacation.com\/en\/wp-json\/wp\/v2\/product\/6328","targetHints":{"allow":["GET"]}}],"collection":[{"href":"https:\/\/patrickvacation.com\/en\/wp-json\/wp\/v2\/product"}],"about":[{"href":"https:\/\/patrickvacation.com\/en\/wp-json\/wp\/v2\/types\/product"}],"version-history":[{"count":0,"href":"https:\/\/patrickvacation.com\/en\/wp-json\/wp\/v2\/product\/6328\/revisions"}],"wp:featuredmedia":[{"embeddable":true,"href":"https:\/\/patrickvacation.com\/en\/wp-json\/wp\/v2\/media\/6329"}],"wp:attachment":[{"href":"https:\/\/patrickvacation.com\/en\/wp-json\/wp\/v2\/media?parent=6328"}],"wp:term":[{"taxonomy":"product_brand","embeddable":true,"href":"https:\/\/patrickvacation.com\/en\/wp-json\/wp\/v2\/product_brand?post=6328"},{"taxonomy":"product_cat","embeddable":true,"href":"https:\/\/patrickvacation.com\/en\/wp-json\/wp\/v2\/product_cat?post=6328"},{"taxonomy":"product_tag","embeddable":true,"href":"https:\/\/patrickvacation.com\/en\/wp-json\/wp\/v2\/product_tag?post=6328"}],"curies":[{"name":"wp","href":"https:\/\/api.w.org\/{rel}","templated":true}]}}