{"id":6398,"date":"2023-06-21T07:39:04","date_gmt":"2023-06-21T07:39:04","guid":{"rendered":"https:\/\/patrickvacation.com\/?post_type=product&#038;p=6398"},"modified":"2025-02-13T01:10:34","modified_gmt":"2025-02-13T01:10:34","slug":"golf-en-la-romana","status":"publish","type":"product","link":"https:\/\/patrickvacation.com\/en\/excursiones\/golf-en-la-romana\/","title":{"rendered":"Golf course in La Romana"},"content":{"rendered":"<section id=\"section-797-1779\" class=\"ct-section\">\n<div class=\"ct-section-inner-wrap\" style=\"margin-left: auto;margin-right: auto;height: 564.323px;min-height: inherit;max-width: 1120px;padding: 23px 20px 31px;flex-direction: column;align-items: flex-start\" data-mce-style=\"margin-left: auto; margin-right: auto; height: 564.323px; min-height: inherit; max-width: 1120px; padding: 23px 20px 31px; flex-direction: column; align-items: flex-start;\">\n<h2 id=\"headline-798-1779\" class=\"ct-headline\" style=\"margin: 0px;font-family: Quicksand;font-size: 35px\" data-mce-style=\"margin: 0px; font-family: Quicksand; font-size: 35px;\">Disfruta de todos los servicios<\/h2>\n<div id=\"_rich_text-799-1779\" class=\"oxy-rich-text\" style=\"margin-top: 20px;margin-bottom: 20px;width: 1080px\" data-mce-style=\"margin-top: 20px; margin-bottom: 20px; width: 1080px;\">\n<p style=\"margin-block-start: 0px\" data-mce-style=\"margin-block-start: 0px;\"><em>PGA Ocean\u2019s 4<\/em>\u00a0cuenta con todos los servicios de un campo de golf moderno. Sus\u00a0<span style=\"font-weight: bolder\" data-mce-style=\"font-weight: bolder;\">instalaciones\u00a0<\/span>son\u00a0<span style=\"font-weight: bolder\" data-mce-style=\"font-weight: bolder;\">totalmente nuevas<\/span>, ya que se inaugur\u00f3 en el a\u00f1o 2017.<\/p>\n<p>La puerta de entrada es la\u00a0<span style=\"font-weight: bolder\" data-mce-style=\"font-weight: bolder;\">Casa Club<\/span>, un punto de encuentro para los golfistas que empiezan o terminan su jornada de deporte. Sus 4.200 m<span style=\"vertical-align: baseline;font-size: 12px;line-height: 0;position: relative;top: -0.5em\" data-mce-style=\"vertical-align: baseline; font-size: 12px; line-height: 0; position: relative; top: -0.5em;\">2\u00a0<\/span>al estilo victoriano cuentan con\u00a0<span style=\"font-weight: bolder\" data-mce-style=\"font-weight: bolder;\">tienda, restaurante, bar y \u00e1rea social<\/span>\u00a0para disfrutar de una experiencia gastron\u00f3mica o simplemente relajarse tras haber realizado el recorrido por el campo.<\/p>\n<p>Entrenar el\u00a0<em>swing\u00a0<\/em>y el\u00a0<em>putt<\/em>\u00a0es esencial en este deporte, y por eso\u00a0<em>PGA Ocean\u2019s 4<\/em>\u00a0cuenta con un\u00a0<span style=\"font-weight: bolder\" data-mce-style=\"font-weight: bolder;\">campo de pr\u00e1ctica<\/span>\u00a0con m\u00e1s de 50 puestos y un largo de\u00a0<span style=\"font-weight: bolder\" data-mce-style=\"font-weight: bolder;\">300 yardas<\/span>, con\u00a0<span style=\"font-weight: bolder\" data-mce-style=\"font-weight: bolder;\"><em>bunkers<\/em><\/span><em>,\u00a0<span style=\"font-weight: bolder\" data-mce-style=\"font-weight: bolder;\">chipping green<\/span>\u00a0and\u00a0<span style=\"font-weight: bolder\" data-mce-style=\"font-weight: bolder;\">putting green<\/span><\/em>.<\/p>\n<p>Todo ello se encuentra a muy poca distancia de la Casa Club, en donde tambi\u00e9n podr\u00e1s preguntar por las\u00a0<span style=\"font-weight: bolder\" data-mce-style=\"font-weight: bolder;\">clases de la academia<\/span>\u00a0del campo, en d\u00f3nde puedes mejorar con profesionales que har\u00e1n incrementar tus habilidades en este deporte.<\/p>\n<p style=\"margin-block-end: 0px\" data-mce-style=\"margin-block-end: 0px;\">Otro de los atractivos del recinto\u00a0es su campo\u00a0<span style=\"font-weight: bolder\" data-mce-style=\"font-weight: bolder;\"><em>pitch and putt<\/em><\/span> de 9 hoyos par 3, un recorrido en el que los visitantes pueden mejorar su juego corto y su putt.<\/p>\n<p style=\"margin-block-end: 0px\" data-mce-style=\"margin-block-end: 0px;\"><span style=\"font-family: Quicksand;font-size: 35px;text-align: center\" data-mce-style=\"font-family: Quicksand; font-size: 35px; text-align: center;\">Asociaci\u00f3n con PGA<br \/><\/span>La\u00a0<em>Professional Golf Association\u00a0<\/em>es una de las organizaciones deportivas m\u00e1s importantes del mundo, lleva asociada con el Bah\u00eda Pr\u00edncipe Golf desde sus inicios. Esto se tradujo en que incluso el nombre del campo lleva las siglas de esta asociaci\u00f3n, lo que lo convierte en un estandarte de calidad para los golfistas.<br \/>Varios <span data-mce-style=\"font-weight: bolder;\" style=\"font-weight: bolder\">torneos internacionales y nacionales<\/span>\u00a0se han disputado\u00a0<span data-mce-style=\"font-weight: bolder;\" style=\"font-weight: bolder\">en el\u00a0<em>PGA Ocean\u00b4s 4<\/em><\/span>, algo que nos da cuenta de la importancia de su recorrido de 18 hoyos.<\/p>\n<\/div>\n<\/div>\n<\/section>\n<section id=\"section-93-1779\" class=\"ct-section\">\n<div class=\"ct-section-inner-wrap\" style=\"margin-left: auto;margin-right: auto;height: 740.292px;min-height: inherit;max-width: 1120px;padding: 23px 20px 31px;flex-direction: column;align-items: flex-start\" data-mce-style=\"margin-left: auto; margin-right: auto; height: 740.292px; min-height: inherit; max-width: 1120px; padding: 23px 20px 31px; flex-direction: column; align-items: flex-start;\">\n<div id=\"_rich_text-95-1779\" class=\"oxy-rich-text\" style=\"margin-top: 20px;margin-bottom: 20px;width: 1080px\" data-mce-style=\"margin-top: 20px; margin-bottom: 20px; width: 1080px;\">\n<div id=\"div_block-25-1779\" class=\"ct-div-block\"><\/div>\n<div id=\"div_block-34-1779\" class=\"ct-div-block\">\n<h3 id=\"headline-36-1779\" class=\"ct-headline Caracteristicas\" style=\"margin: 0px 0px 0px 15px;font-family: Quicksand;font-size: 20px\" data-mce-style=\"margin: 0px 0px 0px 15px; font-family: Quicksand; font-size: 20px;\">Todos los d\u00edas<br \/><\/h3>\n<h3 id=\"headline-27-1779\" class=\"ct-headline Caracteristicas\" style=\"margin: 0px 0px 0px 15px;font-family: Quicksand;font-size: 20px;font-weight: 700\">Duraci\u00f3n de excursi\u00f3n: 6 horas<br \/>Horario de salida: 07:30 a.m. \/ 02:00 p.m.<br \/>Recogida en hoteles<br \/>Todos los d\u00edas<\/h3>\n<h3 class=\"ct-headline Caracteristicas\" style=\"margin: 0px 0px 0px 15px;font-family: Quicksand;font-size: 20px\" data-mce-style=\"margin: 0px 0px 0px 15px; font-family: Quicksand; font-size: 20px;\">\n<div id=\"div_block-25-1779\" class=\"ct-div-block\"><\/div>\n<div id=\"div_block-28-1779\" class=\"ct-div-block\">\n<div id=\"fancy_icon-29-1779\" class=\"ct-fancy-icon\" style=\"border-radius: 50%\"><svg><\/svg><\/div>\n<\/div>\n<\/h3>\n<h3 class=\"ct-headline Caracteristicas\" style=\"margin: 0px 0px 0px 15px;font-family: Quicksand;font-size: 20px\" data-mce-style=\"margin: 0px 0px 0px 15px; font-family: Quicksand; font-size: 20px;\">\n<div class=\"ct-div-block\"><\/div>\n<div id=\"div_block-31-1779\" class=\"ct-div-block\">\n<div id=\"fancy_icon-32-1779\" class=\"ct-fancy-icon\" style=\"border-radius: 50%\"><svg><\/svg><\/div>\n<\/div>\n<\/h3>\n<h3 class=\"ct-headline Caracteristicas\" style=\"margin: 0px 0px 0px 15px;font-family: Quicksand;font-size: 20px\" data-mce-style=\"margin: 0px 0px 0px 15px; font-family: Quicksand; font-size: 20px;\">\n<div class=\"ct-div-block\"><\/div>\n<div id=\"div_block-34-1779\" class=\"ct-div-block\">\n<div id=\"fancy_icon-35-1779\" class=\"ct-fancy-icon\" style=\"border-radius: 50%\"><svg><\/svg><\/div>\n<\/div>\n<\/h3>\n<\/div>\n<\/div>\n<\/div>\n<\/section>","protected":false},"excerpt":{"rendered":"<p>One of the best golf courses in the Caribbean are located in the Dominican Republic.\u00a0<em>PGA<\/em>\u00a0<em>Ocean&#039;s 4<\/em>in conjunction with the Bahia Principe Golf course is an 18 hole course that was built in the year 2017, and that it encompasses a significantly greater experience. Academy, field\u00a0<em>pitch and putt<\/em>, club house and many more seasonings that makes it the best place to practice this sport.<\/p>\n<p>One of the best golf courses in the Caribbean are located in the Dominican Republic.\u00a0<em>PGA<\/em>\u00a0<em>Ocean&#039;s 4<\/em>in conjunction with the Bahia Principe Golf course is an 18 hole course that was built in the year 2017, and that it encompasses a significantly greater experience. Academy, field\u00a0<em>pitch and putt<\/em>, club house and many more seasonings that makes it the best place to practice this sport.<\/p>\n<p>Te traemos una actividad \u00fanica en este campo de golf con sus 18 hoyos para que puedas disfrutar de una o varias jornadas deportivas, en la que el mayor desaf\u00edo ser\u00e1 contra el par 72 de este campo asociado a la PGA.<\/p>","protected":false},"featured_media":6399,"template":"","meta":[],"product_brand":[],"product_cat":[179],"product_tag":[],"class_list":{"0":"post-6398","1":"product","2":"type-product","3":"status-publish","4":"has-post-thumbnail","6":"product_cat-parques-experiencias","8":"first","9":"instock","10":"virtual","11":"sold-individually","12":"purchasable","13":"product-type-booking"},"yoast_head":"<!-- This site is optimized with the Yoast SEO plugin v24.7 - https:\/\/yoast.com\/wordpress\/plugins\/seo\/ -->\n<title>Golf en La Romana - Patrick Vacation<\/title>\n<meta name=\"description\" content=\"Uno de los mejores campos de golf de todo el Caribe se encuentra en la Rep\u00fablica Dominicana.\u00a0Es un recorrido de 18 hoyos que\u00a0se construy\u00f3 en el a\u00f1o 2017, y que engloba una experiencia mucho mayor. Academia, campo\u00a0pitch and putt, casa club y muchos m\u00e1s condimentos que lo convierten en el mejor lugar para practicar este deporte.\" \/>\n<meta name=\"robots\" content=\"index, follow, max-snippet:-1, max-image-preview:large, max-video-preview:-1\" \/>\n<link rel=\"canonical\" href=\"https:\/\/patrickvacation.com\/en\/excursiones\/golf-en-la-romana\/\" \/>\n<meta property=\"og:locale\" content=\"en_US\" \/>\n<meta property=\"og:type\" content=\"article\" \/>\n<meta property=\"og:title\" content=\"Golf en La Romana - Patrick Vacation\" \/>\n<meta property=\"og:description\" content=\"Uno de los mejores campos de golf de todo el Caribe se encuentra en la Rep\u00fablica Dominicana.\u00a0Es un recorrido de 18 hoyos que\u00a0se construy\u00f3 en el a\u00f1o 2017, y que engloba una experiencia mucho mayor. Academia, campo\u00a0pitch and putt, casa club y muchos m\u00e1s condimentos que lo convierten en el mejor lugar para practicar este deporte.\" \/>\n<meta property=\"og:url\" content=\"https:\/\/patrickvacation.com\/en\/excursiones\/golf-en-la-romana\/\" \/>\n<meta property=\"og:site_name\" content=\"Patrick Vacation\" \/>\n<meta property=\"article:publisher\" content=\"https:\/\/www.facebook.com\/alcequiez.tours.travel\" \/>\n<meta property=\"article:modified_time\" content=\"2025-02-13T01:10:34+00:00\" \/>\n<meta property=\"og:image\" content=\"https:\/\/patrickvacation.com\/wp-content\/uploads\/2023\/06\/teeth_of_the_dog.webp\" \/>\n\t<meta property=\"og:image:width\" content=\"2000\" \/>\n\t<meta property=\"og:image:height\" content=\"1089\" \/>\n\t<meta property=\"og:image:type\" content=\"image\/webp\" \/>\n<meta name=\"twitter:card\" content=\"summary_large_image\" \/>\n<meta name=\"twitter:label1\" content=\"Est. reading time\" \/>\n\t<meta name=\"twitter:data1\" content=\"1 minute\" \/>\n<script type=\"application\/ld+json\" class=\"yoast-schema-graph\">{\"@context\":\"https:\/\/schema.org\",\"@graph\":[{\"@type\":\"WebPage\",\"@id\":\"https:\/\/patrickvacation.com\/excursiones\/golf-en-la-romana\/\",\"url\":\"https:\/\/patrickvacation.com\/excursiones\/golf-en-la-romana\/\",\"name\":\"Golf en La Romana - Patrick Vacation\",\"isPartOf\":{\"@id\":\"https:\/\/patrickvacation.com\/#website\"},\"primaryImageOfPage\":{\"@id\":\"https:\/\/patrickvacation.com\/excursiones\/golf-en-la-romana\/#primaryimage\"},\"image\":{\"@id\":\"https:\/\/patrickvacation.com\/excursiones\/golf-en-la-romana\/#primaryimage\"},\"thumbnailUrl\":\"https:\/\/patrickvacation.com\/wp-content\/uploads\/2023\/06\/teeth_of_the_dog.webp\",\"datePublished\":\"2023-06-21T07:39:04+00:00\",\"dateModified\":\"2025-02-13T01:10:34+00:00\",\"description\":\"Uno de los mejores campos de golf de todo el Caribe se encuentra en la Rep\u00fablica Dominicana.\u00a0Es un recorrido de 18 hoyos que\u00a0se construy\u00f3 en el a\u00f1o 2017, y que engloba una experiencia mucho mayor. Academia, campo\u00a0pitch and putt, casa club y muchos m\u00e1s condimentos que lo convierten en el mejor lugar para practicar este deporte.\",\"breadcrumb\":{\"@id\":\"https:\/\/patrickvacation.com\/excursiones\/golf-en-la-romana\/#breadcrumb\"},\"inLanguage\":\"en-US\",\"potentialAction\":[{\"@type\":\"ReadAction\",\"target\":[\"https:\/\/patrickvacation.com\/excursiones\/golf-en-la-romana\/\"]}]},{\"@type\":\"ImageObject\",\"inLanguage\":\"en-US\",\"@id\":\"https:\/\/patrickvacation.com\/excursiones\/golf-en-la-romana\/#primaryimage\",\"url\":\"https:\/\/patrickvacation.com\/wp-content\/uploads\/2023\/06\/teeth_of_the_dog.webp\",\"contentUrl\":\"https:\/\/patrickvacation.com\/wp-content\/uploads\/2023\/06\/teeth_of_the_dog.webp\",\"width\":2000,\"height\":1089},{\"@type\":\"BreadcrumbList\",\"@id\":\"https:\/\/patrickvacation.com\/excursiones\/golf-en-la-romana\/#breadcrumb\",\"itemListElement\":[{\"@type\":\"ListItem\",\"position\":1,\"name\":\"Portada\",\"item\":\"https:\/\/patrickvacation.com\/\"},{\"@type\":\"ListItem\",\"position\":2,\"name\":\"Excursiones y Reservas\",\"item\":\"https:\/\/patrickvacation.com\/excursiones\/\"},{\"@type\":\"ListItem\",\"position\":3,\"name\":\"Golf en La Romana\"}]},{\"@type\":\"WebSite\",\"@id\":\"https:\/\/patrickvacation.com\/#website\",\"url\":\"https:\/\/patrickvacation.com\/\",\"name\":\"Patrick Vacation\",\"description\":\"\",\"publisher\":{\"@id\":\"https:\/\/patrickvacation.com\/#organization\"},\"potentialAction\":[{\"@type\":\"SearchAction\",\"target\":{\"@type\":\"EntryPoint\",\"urlTemplate\":\"https:\/\/patrickvacation.com\/?s={search_term_string}\"},\"query-input\":{\"@type\":\"PropertyValueSpecification\",\"valueRequired\":true,\"valueName\":\"search_term_string\"}}],\"inLanguage\":\"en-US\"},{\"@type\":\"Organization\",\"@id\":\"https:\/\/patrickvacation.com\/#organization\",\"name\":\"Alcequiez Tours and Travel\",\"url\":\"https:\/\/patrickvacation.com\/\",\"logo\":{\"@type\":\"ImageObject\",\"inLanguage\":\"en-US\",\"@id\":\"https:\/\/patrickvacation.com\/#\/schema\/logo\/image\/\",\"url\":\"https:\/\/patrickvacation.com\/wp-content\/uploads\/2023\/03\/Logo-Alcequiez.png\",\"contentUrl\":\"https:\/\/patrickvacation.com\/wp-content\/uploads\/2023\/03\/Logo-Alcequiez.png\",\"width\":1080,\"height\":560,\"caption\":\"Alcequiez Tours and Travel\"},\"image\":{\"@id\":\"https:\/\/patrickvacation.com\/#\/schema\/logo\/image\/\"},\"sameAs\":[\"https:\/\/www.facebook.com\/alcequiez.tours.travel\",\"https:\/\/www.instagram.com\/alcequieztour\/\"]}]}<\/script>\n<!-- \/ Yoast SEO plugin. -->","yoast_head_json":{"title":"Golf en La Romana - Patrick Vacation","description":"Uno de los mejores campos de golf de todo el Caribe se encuentra en la Rep\u00fablica Dominicana.\u00a0Es un recorrido de 18 hoyos que\u00a0se construy\u00f3 en el a\u00f1o 2017, y que engloba una experiencia mucho mayor. Academia, campo\u00a0pitch and putt, casa club y muchos m\u00e1s condimentos que lo convierten en el mejor lugar para practicar este deporte.","robots":{"index":"index","follow":"follow","max-snippet":"max-snippet:-1","max-image-preview":"max-image-preview:large","max-video-preview":"max-video-preview:-1"},"canonical":"https:\/\/patrickvacation.com\/en\/excursiones\/golf-en-la-romana\/","og_locale":"en_US","og_type":"article","og_title":"Golf en La Romana - Patrick Vacation","og_description":"Uno de los mejores campos de golf de todo el Caribe se encuentra en la Rep\u00fablica Dominicana.\u00a0Es un recorrido de 18 hoyos que\u00a0se construy\u00f3 en el a\u00f1o 2017, y que engloba una experiencia mucho mayor. Academia, campo\u00a0pitch and putt, casa club y muchos m\u00e1s condimentos que lo convierten en el mejor lugar para practicar este deporte.","og_url":"https:\/\/patrickvacation.com\/en\/excursiones\/golf-en-la-romana\/","og_site_name":"Patrick Vacation","article_publisher":"https:\/\/www.facebook.com\/alcequiez.tours.travel","article_modified_time":"2025-02-13T01:10:34+00:00","og_image":[{"width":2000,"height":1089,"url":"https:\/\/patrickvacation.com\/wp-content\/uploads\/2023\/06\/teeth_of_the_dog.webp","type":"image\/webp"}],"twitter_card":"summary_large_image","twitter_misc":{"Est. reading time":"1 minute"},"schema":{"@context":"https:\/\/schema.org","@graph":[{"@type":"WebPage","@id":"https:\/\/patrickvacation.com\/excursiones\/golf-en-la-romana\/","url":"https:\/\/patrickvacation.com\/excursiones\/golf-en-la-romana\/","name":"Golf en La Romana - Patrick Vacation","isPartOf":{"@id":"https:\/\/patrickvacation.com\/#website"},"primaryImageOfPage":{"@id":"https:\/\/patrickvacation.com\/excursiones\/golf-en-la-romana\/#primaryimage"},"image":{"@id":"https:\/\/patrickvacation.com\/excursiones\/golf-en-la-romana\/#primaryimage"},"thumbnailUrl":"https:\/\/patrickvacation.com\/wp-content\/uploads\/2023\/06\/teeth_of_the_dog.webp","datePublished":"2023-06-21T07:39:04+00:00","dateModified":"2025-02-13T01:10:34+00:00","description":"Uno de los mejores campos de golf de todo el Caribe se encuentra en la Rep\u00fablica Dominicana.\u00a0Es un recorrido de 18 hoyos que\u00a0se construy\u00f3 en el a\u00f1o 2017, y que engloba una experiencia mucho mayor. Academia, campo\u00a0pitch and putt, casa club y muchos m\u00e1s condimentos que lo convierten en el mejor lugar para practicar este deporte.","breadcrumb":{"@id":"https:\/\/patrickvacation.com\/excursiones\/golf-en-la-romana\/#breadcrumb"},"inLanguage":"en-US","potentialAction":[{"@type":"ReadAction","target":["https:\/\/patrickvacation.com\/excursiones\/golf-en-la-romana\/"]}]},{"@type":"ImageObject","inLanguage":"en-US","@id":"https:\/\/patrickvacation.com\/excursiones\/golf-en-la-romana\/#primaryimage","url":"https:\/\/patrickvacation.com\/wp-content\/uploads\/2023\/06\/teeth_of_the_dog.webp","contentUrl":"https:\/\/patrickvacation.com\/wp-content\/uploads\/2023\/06\/teeth_of_the_dog.webp","width":2000,"height":1089},{"@type":"BreadcrumbList","@id":"https:\/\/patrickvacation.com\/excursiones\/golf-en-la-romana\/#breadcrumb","itemListElement":[{"@type":"ListItem","position":1,"name":"Portada","item":"https:\/\/patrickvacation.com\/"},{"@type":"ListItem","position":2,"name":"Excursiones y Reservas","item":"https:\/\/patrickvacation.com\/excursiones\/"},{"@type":"ListItem","position":3,"name":"Golf en La Romana"}]},{"@type":"WebSite","@id":"https:\/\/patrickvacation.com\/#website","url":"https:\/\/patrickvacation.com\/","name":"Patrick Vacation","description":"","publisher":{"@id":"https:\/\/patrickvacation.com\/#organization"},"potentialAction":[{"@type":"SearchAction","target":{"@type":"EntryPoint","urlTemplate":"https:\/\/patrickvacation.com\/?s={search_term_string}"},"query-input":{"@type":"PropertyValueSpecification","valueRequired":true,"valueName":"search_term_string"}}],"inLanguage":"en-US"},{"@type":"Organization","@id":"https:\/\/patrickvacation.com\/#organization","name":"Alcequiez Tours and Travel","url":"https:\/\/patrickvacation.com\/","logo":{"@type":"ImageObject","inLanguage":"en-US","@id":"https:\/\/patrickvacation.com\/#\/schema\/logo\/image\/","url":"https:\/\/patrickvacation.com\/wp-content\/uploads\/2023\/03\/Logo-Alcequiez.png","contentUrl":"https:\/\/patrickvacation.com\/wp-content\/uploads\/2023\/03\/Logo-Alcequiez.png","width":1080,"height":560,"caption":"Alcequiez Tours and Travel"},"image":{"@id":"https:\/\/patrickvacation.com\/#\/schema\/logo\/image\/"},"sameAs":["https:\/\/www.facebook.com\/alcequiez.tours.travel","https:\/\/www.instagram.com\/alcequieztour\/"]}]}},"_links":{"self":[{"href":"https:\/\/patrickvacation.com\/en\/wp-json\/wp\/v2\/product\/6398","targetHints":{"allow":["GET"]}}],"collection":[{"href":"https:\/\/patrickvacation.com\/en\/wp-json\/wp\/v2\/product"}],"about":[{"href":"https:\/\/patrickvacation.com\/en\/wp-json\/wp\/v2\/types\/product"}],"version-history":[{"count":0,"href":"https:\/\/patrickvacation.com\/en\/wp-json\/wp\/v2\/product\/6398\/revisions"}],"wp:featuredmedia":[{"embeddable":true,"href":"https:\/\/patrickvacation.com\/en\/wp-json\/wp\/v2\/media\/6399"}],"wp:attachment":[{"href":"https:\/\/patrickvacation.com\/en\/wp-json\/wp\/v2\/media?parent=6398"}],"wp:term":[{"taxonomy":"product_brand","embeddable":true,"href":"https:\/\/patrickvacation.com\/en\/wp-json\/wp\/v2\/product_brand?post=6398"},{"taxonomy":"product_cat","embeddable":true,"href":"https:\/\/patrickvacation.com\/en\/wp-json\/wp\/v2\/product_cat?post=6398"},{"taxonomy":"product_tag","embeddable":true,"href":"https:\/\/patrickvacation.com\/en\/wp-json\/wp\/v2\/product_tag?post=6398"}],"curies":[{"name":"wp","href":"https:\/\/api.w.org\/{rel}","templated":true}]}}