{"id":6436,"date":"2023-06-21T08:36:07","date_gmt":"2023-06-21T08:36:07","guid":{"rendered":"https:\/\/patrickvacation.com\/?post_type=product&#038;p=6436"},"modified":"2025-02-27T17:54:46","modified_gmt":"2025-02-27T17:54:46","slug":"laguna-de-oviedo-isla-flamingo","status":"publish","type":"product","link":"https:\/\/patrickvacation.com\/en\/excursiones\/laguna-de-oviedo-isla-flamingo\/","title":{"rendered":"Oviedo lagoon, Island Flamingo"},"content":{"rendered":"<section id=\"section-68-2800\" class=\"ct-section nitro-offscreen\">\n<div class=\"ct-section-inner-wrap\" style=\"margin-left: auto;margin-right: auto;height: 518.312px;min-height: inherit;max-width: 1120px;padding: 25px 20px;flex-direction: column;align-items: flex-start\" data-mce-style=\"margin-left: auto; margin-right: auto; height: 518.312px; min-height: inherit; max-width: 1120px; padding: 25px 20px; flex-direction: column; align-items: flex-start;\">\n<h2 id=\"headline-75-2800\" class=\"ct-headline\" style=\"margin: 7px 0px 0px;font-family: Quicksand;font-size: 35px\" data-mce-style=\"margin: 7px 0px 0px; font-family: Quicksand; font-size: 35px;\">Itinerario del tour<\/h2>\n<div id=\"_rich_text-69-2800\" class=\"oxy-rich-text\" style=\"width: 1080px;margin-top: 15px\" data-mce-style=\"width: 1080px; margin-top: 15px;\">\n<p style=\"margin-block-start: 0px\" data-mce-style=\"margin-block-start: 0px;\">El itinerario que seguiremos en esta excursi\u00f3n es el siguiente:<\/p>\n<ul>\n<li><span style=\"font-weight: bolder\" data-mce-style=\"font-weight: bolder;\">09:00 a.m.<\/span>\u00a0&#8211; Recogida en el hotel por el conductor y el gu\u00eda de habla hispana o inglesa. A continuaci\u00f3n iniciamos camino por la costa, disfrutando de las vistas que ofrece esta zona.<\/li>\n<li><span style=\"font-weight: bolder\" data-mce-style=\"font-weight: bolder;\">10:15 a.m.<\/span>\u00a0&#8211; Llegada a Oviedo y visita a la laguna. Esta reserva natural de agua salada alberga 24 islotes. Subiremos a una lancha y observaremos aves aut\u00f3ctonas como garzas o patos. Tambi\u00e9n visitaremos un islote en el que viven iguanas. Adem\u00e1s, nos acercaremos a Isla Flamingo, donde habita la colonia de flamencos m\u00e1s grande de Rep\u00fablica Dominicana. Antes de abandonar la laguna, nos dirigiremos a un punto en el que se encuentran los ba\u00f1os de barro, donde nos podremos sumergir y chapotear durante un rato.<\/li>\n<li><span style=\"font-weight: bolder\" data-mce-style=\"font-weight: bolder;\">12:30 p.m. &#8211;<\/span>\u00a0Tras haber disfrutado de la visita a la Laguna de Oviedo e Isla Flamingo, la excursi\u00f3n contin\u00faa el Los Patos, un lugar t\u00edpico en el que relajarse y disfrutar de un ba\u00f1o en alguno de los r\u00edos o playas que conforman el sitio. En esta zona se puede disfrutar tambi\u00e9n de un almuerzo t\u00edpico dominicano. Si quieres hacerlo, habla con el gu\u00eda y se encargar\u00e1 de llevarte a alguno de los establecimientos recomendados.<\/li>\n<li><span style=\"font-weight: bolder\" data-mce-style=\"font-weight: bolder;\">15:30 p.m &#8211;<\/span>\u00a0Regreso al hotel disfrutando de nuevo de las vistas que ofrece el camino de vuelta, recorriendo la costa sur de Rep\u00fablica dominicana.<\/li>\n<\/ul>\n<p style=\"margin-block-end: 0px\" data-mce-style=\"margin-block-end: 0px;\"><em>* Estos horarios son aproximados y pueden sufrir variaciones durante la jornada.<\/em><\/p>\n<\/div>\n<\/div>\n<\/section>\n<section id=\"section-78-2800\" class=\"ct-section nitro-offscreen\">\n<div class=\"ct-section-inner-wrap\" style=\"margin-left: auto;margin-right: auto;height: 415.938px;min-height: inherit;max-width: 1120px;padding: 25px 20px;flex-direction: column;align-items: flex-start\" data-mce-style=\"margin-left: auto; margin-right: auto; height: 415.938px; min-height: inherit; max-width: 1120px; padding: 25px 20px; flex-direction: column; align-items: flex-start;\">\n<h2 id=\"headline-79-2800\" class=\"ct-headline\" style=\"margin: 7px 0px 0px;font-family: Quicksand;font-size: 35px\" data-mce-style=\"margin: 7px 0px 0px; font-family: Quicksand; font-size: 35px;\">\u00bfQu\u00e9 est\u00e1 incluido con tu reserva?<\/h2>\n<div id=\"_rich_text-80-2800\" class=\"oxy-rich-text\" style=\"width: 1080px;margin-top: 15px\" data-mce-style=\"width: 1080px; margin-top: 15px;\">\n<p style=\"margin-block-start: 0px\" data-mce-style=\"margin-block-start: 0px;\">Este tour de un d\u00eda incluye todo lo necesario para que disfrutes de la visita a la Laguna de Oviedo e Isla Flamingo:<\/p>\n<ul>\n<li><span style=\"font-weight: bolder\" data-mce-style=\"font-weight: bolder;\">Recogida en un hotel de Punta Cana o aeropuerto<\/span>.<\/li>\n<li><span style=\"font-weight: bolder\" data-mce-style=\"font-weight: bolder;\">Estancia de una noche en hotel tropical<\/span>\u00a0de Barahona.<\/li>\n<li><span style=\"font-weight: bolder\" data-mce-style=\"font-weight: bolder;\">Servicio de transporte<\/span>\u00a0desde el hotel a cargo de un conductor profesional.<\/li>\n<li><span style=\"font-weight: bolder\" data-mce-style=\"font-weight: bolder;\">Gu\u00eda local<\/span>\u00a0que ir\u00e1 explicando detalles interesantes del viaje.<\/li>\n<li>Entradas al Parque Nacional Jaragua, donde se encuentra la<span style=\"font-weight: bolder\" data-mce-style=\"font-weight: bolder;\">\u00a0Laguna de Oviedo<\/span>.<\/li>\n<li>Recorrido en lancha t\u00edpica por la laguna y alguno de sus islotes, como\u00a0<span style=\"font-weight: bolder\" data-mce-style=\"font-weight: bolder;\">isla Flamingo<\/span>.<\/li>\n<li><span style=\"font-weight: bolder\" data-mce-style=\"font-weight: bolder;\">Bebidas durante el recorrido<\/span>\u00a0(sin alcohol).<\/li>\n<\/ul>\n<p style=\"margin-block-end: 0px\" data-mce-style=\"margin-block-end: 0px;\">Todo lo que no aparece en esta lista es opcional, por lo que si quieres algo aparte lo tendr\u00e1s que comentar con el gu\u00eda para que lo prepare, y pagarlo por tu cuenta.<\/p>\n<\/div>\n<\/div>\n<\/section>\n<section id=\"section-82-2800\" class=\"ct-section nitro-offscreen\">\n<div class=\"ct-section-inner-wrap\" style=\"margin-left: auto;margin-right: auto;height: 492.719px;min-height: inherit;max-width: 1120px;padding: 25px 20px;flex-direction: column;align-items: flex-start\" data-mce-style=\"margin-left: auto; margin-right: auto; height: 492.719px; min-height: inherit; max-width: 1120px; padding: 25px 20px; flex-direction: column; align-items: flex-start;\">\n<h2 id=\"headline-83-2800\" class=\"ct-headline\" style=\"margin: 7px 0px 0px;font-family: Quicksand;font-size: 35px\" data-mce-style=\"margin: 7px 0px 0px; font-family: Quicksand; font-size: 35px;\">Consejos y recomendaciones para ir a esta excursi\u00f3n<\/h2>\n<div id=\"_rich_text-84-2800\" class=\"oxy-rich-text\" style=\"width: 1080px;margin-top: 15px\" data-mce-style=\"width: 1080px; margin-top: 15px;\">\n<ul>\n<li><span style=\"font-weight: bolder\" data-mce-style=\"font-weight: bolder;\">Prot\u00e9gete del sol.<\/span>\u00a0Rep\u00fablica Dominicana es conocida por tener un clima c\u00e1lido y soleado, as\u00ed que no te olvides de llevar protector solar, gafas de sol y un sombrero o gorra para protegerte del sol.<\/li>\n<li><span style=\"font-weight: bolder\" data-mce-style=\"font-weight: bolder;\">Utiliza ropa y calzado c\u00f3modo<\/span>. Aseg\u00farate de llevar ropa c\u00f3moda y ligera, si es posible en colores claros, para resistir el sol. Tambi\u00e9n es muy importante que lleves calzado c\u00f3modo y cerrado, porque caminar\u00e1s sobre zonas rocosas. Adem\u00e1s, la visita a la Laguna de Oviedo implica hacer una caminata.<\/li>\n<li><span style=\"font-weight: bolder\" data-mce-style=\"font-weight: bolder;\">Lleva repelente de mosquitos<\/span>. Al tratarse de un entorno natural, es normal encontrarse con mosquitos y otros insectos. Aseg\u00farate de llevar un repelente eficaz para evitar las picaduras.<\/li>\n<li><span style=\"font-weight: bolder\" data-mce-style=\"font-weight: bolder;\">No olvides tu c\u00e1mara de fotos<\/span>. Cuando veas la belleza natural de la Laguna y los islotes, seguro que querr\u00e1s capturar im\u00e1genes, as\u00ed que no olvides tu c\u00e1mara o el m\u00f3vil con bater\u00eda suficiente para fotografiar el paisaje y la fauna en su h\u00e1bitat natural.<\/li>\n<li><span style=\"font-weight: bolder\" data-mce-style=\"font-weight: bolder;\">Trae ba\u00f1ador y toalla<\/span>. Para disfrutar del ba\u00f1o de barro en la laguna, y del chapuz\u00f3n en Los Patos, necesitar\u00e1s traje de ba\u00f1o y toallas para secarte y cambiarte.<\/li>\n<li>Si piensas degustar el almuerzo t\u00edpico o conseguir algo que no est\u00e1 incluido en el precio del tour, necesitar\u00e1s\u00a0<span style=\"font-weight: bolder\" data-mce-style=\"font-weight: bolder;\">dinero en efectivo<\/span>\u00a0para pagarlo.<\/li>\n<\/ul>\n<\/div>\n<\/div>\n<\/section>","protected":false},"excerpt":{"rendered":"<p><span style=\"font-weight: 400\" data-mce-style=\"font-weight: 400;\">The tour will take you along the coastal road with fantastic views. The goal is the town of Oviedo. Here you will visit &#034;La Laguna de Oviedo&#034;, a natural reserve of salt water separated from the sea by a narrow strip of land. After you receive your bracelets for entrance to the national park, it will take up to a boat typical. Once in the boat, you&#039;ll be able to observe numerous large birds, such as herons, spoonbills and ducks.<\/span><\/p>\n<p><span data-mce-style=\"font-weight: 400;\">The tour will take you along the coastal road with fantastic views. The goal is the town of Oviedo. Here you will visit &#034;La Laguna de Oviedo&#034;, a natural reserve of salt water separated from the sea by a narrow strip of land. After you receive your bracelets for entrance to the national park, it will take up to a boat typical. Once in the boat, you&#039;ll be able to observe numerous large birds, such as herons, spoonbills and ducks.<\/span><\/p>\n<p><span data-mce-style=\"font-weight: 400;\">La Laguna de Oviedo est\u00e1 formada por un total de 24 islotes de diferentes tama\u00f1os. Al visitar una de estas islas, tendr\u00e1 la oportunidad de observar iguanas en su h\u00e1bitat natural. Despu\u00e9s de dicha visita te acercaras en lancha a la mayor colonia de flamencos de la Rep\u00fablica Dominicana. Disfruta de la experiencia mientras pasas una bandada entera de flamencos.<\/span><\/p>\n<p><span data-mce-style=\"font-weight: 400;\">Finaliza la visita con un ba\u00f1o de barro en un lugar espec\u00edfico de la laguna, con un material al que se le atribuyen efectos terap\u00e9uticos y cosm\u00e9ticos. \u00a1Divi\u00e9rtete como un ni\u00f1o jugando con el barro! Una vez finalizada dicha vuelta en lancha ser\u00e1s conducido de vuelta a tu hotel. En el camino de regreso se encuentran \u00abLos Patos\u00bb, un lugar t\u00edpico dominicano con refrescantes r\u00edos y playas rocosas que invitan al ba\u00f1o. Si quieres comer aqu\u00ed, no dudes en dec\u00edrselo a tu gu\u00eda y \u00e9l se encargar\u00e1 de todo. El costo del almuerzo debe ser pagado por los clientes.<\/span><\/p>","protected":false},"featured_media":6442,"template":"","meta":[],"product_brand":[],"product_cat":[178,182,179],"product_tag":[],"class_list":{"0":"post-6436","1":"product","2":"type-product","3":"status-publish","4":"has-post-thumbnail","6":"product_cat-aventura-safari","7":"product_cat-ecoaventura-senderismo","8":"product_cat-parques-experiencias","10":"first","11":"instock","12":"virtual","13":"sold-individually","14":"purchasable","15":"product-type-booking"},"yoast_head":"<!-- This site is optimized with the Yoast SEO plugin v24.7 - https:\/\/yoast.com\/wordpress\/plugins\/seo\/ -->\n<title>Laguna de Oviedo, Isla Flamingo - Patrick Vacation<\/title>\n<meta name=\"description\" content=\"Aqu\u00ed visitar\u00e1s &quot;La Laguna de Oviedo&quot;, una reserva natural de agua salada separada del mar por una estrecha franja de tierra. Despu\u00e9s de recibir tus pulseras de entrada al parque nacional, subir\u00e1 a una lancha t\u00edpica. Una vez en la lancha, podr\u00e1s observar numerosas aves de gran tama\u00f1o, como garzas, esp\u00e1tulas y patos.\" \/>\n<meta name=\"robots\" content=\"index, follow, max-snippet:-1, max-image-preview:large, max-video-preview:-1\" \/>\n<link rel=\"canonical\" href=\"https:\/\/patrickvacation.com\/en\/excursiones\/laguna-de-oviedo-isla-flamingo\/\" \/>\n<meta property=\"og:locale\" content=\"en_US\" \/>\n<meta property=\"og:type\" content=\"article\" \/>\n<meta property=\"og:title\" content=\"Laguna de Oviedo, Isla Flamingo - Patrick Vacation\" \/>\n<meta property=\"og:description\" content=\"Aqu\u00ed visitar\u00e1s &quot;La Laguna de Oviedo&quot;, una reserva natural de agua salada separada del mar por una estrecha franja de tierra. Despu\u00e9s de recibir tus pulseras de entrada al parque nacional, subir\u00e1 a una lancha t\u00edpica. Una vez en la lancha, podr\u00e1s observar numerosas aves de gran tama\u00f1o, como garzas, esp\u00e1tulas y patos.\" \/>\n<meta property=\"og:url\" content=\"https:\/\/patrickvacation.com\/en\/excursiones\/laguna-de-oviedo-isla-flamingo\/\" \/>\n<meta property=\"og:site_name\" content=\"Patrick Vacation\" \/>\n<meta property=\"article:publisher\" content=\"https:\/\/www.facebook.com\/alcequiez.tours.travel\" \/>\n<meta property=\"article:modified_time\" content=\"2025-02-27T17:54:46+00:00\" \/>\n<meta property=\"og:image\" content=\"https:\/\/patrickvacation.com\/wp-content\/uploads\/2023\/06\/sanctuary-of-flamingos-tour-6.jpg\" \/>\n\t<meta property=\"og:image:width\" content=\"1920\" \/>\n\t<meta property=\"og:image:height\" content=\"1267\" \/>\n\t<meta property=\"og:image:type\" content=\"image\/jpeg\" \/>\n<meta name=\"twitter:card\" content=\"summary_large_image\" \/>\n<meta name=\"twitter:label1\" content=\"Est. reading time\" \/>\n\t<meta name=\"twitter:data1\" content=\"2 minutes\" \/>\n<script type=\"application\/ld+json\" class=\"yoast-schema-graph\">{\"@context\":\"https:\/\/schema.org\",\"@graph\":[{\"@type\":\"WebPage\",\"@id\":\"https:\/\/patrickvacation.com\/excursiones\/laguna-de-oviedo-isla-flamingo\/\",\"url\":\"https:\/\/patrickvacation.com\/excursiones\/laguna-de-oviedo-isla-flamingo\/\",\"name\":\"Laguna de Oviedo, Isla Flamingo - Patrick Vacation\",\"isPartOf\":{\"@id\":\"https:\/\/patrickvacation.com\/#website\"},\"primaryImageOfPage\":{\"@id\":\"https:\/\/patrickvacation.com\/excursiones\/laguna-de-oviedo-isla-flamingo\/#primaryimage\"},\"image\":{\"@id\":\"https:\/\/patrickvacation.com\/excursiones\/laguna-de-oviedo-isla-flamingo\/#primaryimage\"},\"thumbnailUrl\":\"https:\/\/patrickvacation.com\/wp-content\/uploads\/2023\/06\/sanctuary-of-flamingos-tour-6.jpg\",\"datePublished\":\"2023-06-21T08:36:07+00:00\",\"dateModified\":\"2025-02-27T17:54:46+00:00\",\"description\":\"Aqu\u00ed visitar\u00e1s \\\"La Laguna de Oviedo\\\", una reserva natural de agua salada separada del mar por una estrecha franja de tierra. Despu\u00e9s de recibir tus pulseras de entrada al parque nacional, subir\u00e1 a una lancha t\u00edpica. Una vez en la lancha, podr\u00e1s observar numerosas aves de gran tama\u00f1o, como garzas, esp\u00e1tulas y patos.\",\"breadcrumb\":{\"@id\":\"https:\/\/patrickvacation.com\/excursiones\/laguna-de-oviedo-isla-flamingo\/#breadcrumb\"},\"inLanguage\":\"en-US\",\"potentialAction\":[{\"@type\":\"ReadAction\",\"target\":[\"https:\/\/patrickvacation.com\/excursiones\/laguna-de-oviedo-isla-flamingo\/\"]}]},{\"@type\":\"ImageObject\",\"inLanguage\":\"en-US\",\"@id\":\"https:\/\/patrickvacation.com\/excursiones\/laguna-de-oviedo-isla-flamingo\/#primaryimage\",\"url\":\"https:\/\/patrickvacation.com\/wp-content\/uploads\/2023\/06\/sanctuary-of-flamingos-tour-6.jpg\",\"contentUrl\":\"https:\/\/patrickvacation.com\/wp-content\/uploads\/2023\/06\/sanctuary-of-flamingos-tour-6.jpg\",\"width\":1920,\"height\":1267},{\"@type\":\"BreadcrumbList\",\"@id\":\"https:\/\/patrickvacation.com\/excursiones\/laguna-de-oviedo-isla-flamingo\/#breadcrumb\",\"itemListElement\":[{\"@type\":\"ListItem\",\"position\":1,\"name\":\"Portada\",\"item\":\"https:\/\/patrickvacation.com\/\"},{\"@type\":\"ListItem\",\"position\":2,\"name\":\"Excursiones y Reservas\",\"item\":\"https:\/\/patrickvacation.com\/excursiones\/\"},{\"@type\":\"ListItem\",\"position\":3,\"name\":\"Laguna de Oviedo, Isla Flamingo\"}]},{\"@type\":\"WebSite\",\"@id\":\"https:\/\/patrickvacation.com\/#website\",\"url\":\"https:\/\/patrickvacation.com\/\",\"name\":\"Patrick Vacation\",\"description\":\"\",\"publisher\":{\"@id\":\"https:\/\/patrickvacation.com\/#organization\"},\"potentialAction\":[{\"@type\":\"SearchAction\",\"target\":{\"@type\":\"EntryPoint\",\"urlTemplate\":\"https:\/\/patrickvacation.com\/?s={search_term_string}\"},\"query-input\":{\"@type\":\"PropertyValueSpecification\",\"valueRequired\":true,\"valueName\":\"search_term_string\"}}],\"inLanguage\":\"en-US\"},{\"@type\":\"Organization\",\"@id\":\"https:\/\/patrickvacation.com\/#organization\",\"name\":\"Alcequiez Tours and Travel\",\"url\":\"https:\/\/patrickvacation.com\/\",\"logo\":{\"@type\":\"ImageObject\",\"inLanguage\":\"en-US\",\"@id\":\"https:\/\/patrickvacation.com\/#\/schema\/logo\/image\/\",\"url\":\"https:\/\/patrickvacation.com\/wp-content\/uploads\/2023\/03\/Logo-Alcequiez.png\",\"contentUrl\":\"https:\/\/patrickvacation.com\/wp-content\/uploads\/2023\/03\/Logo-Alcequiez.png\",\"width\":1080,\"height\":560,\"caption\":\"Alcequiez Tours and Travel\"},\"image\":{\"@id\":\"https:\/\/patrickvacation.com\/#\/schema\/logo\/image\/\"},\"sameAs\":[\"https:\/\/www.facebook.com\/alcequiez.tours.travel\",\"https:\/\/www.instagram.com\/alcequieztour\/\"]}]}<\/script>\n<!-- \/ Yoast SEO plugin. -->","yoast_head_json":{"title":"Laguna de Oviedo, Isla Flamingo - Patrick Vacation","description":"Aqu\u00ed visitar\u00e1s \"La Laguna de Oviedo\", una reserva natural de agua salada separada del mar por una estrecha franja de tierra. Despu\u00e9s de recibir tus pulseras de entrada al parque nacional, subir\u00e1 a una lancha t\u00edpica. Una vez en la lancha, podr\u00e1s observar numerosas aves de gran tama\u00f1o, como garzas, esp\u00e1tulas y patos.","robots":{"index":"index","follow":"follow","max-snippet":"max-snippet:-1","max-image-preview":"max-image-preview:large","max-video-preview":"max-video-preview:-1"},"canonical":"https:\/\/patrickvacation.com\/en\/excursiones\/laguna-de-oviedo-isla-flamingo\/","og_locale":"en_US","og_type":"article","og_title":"Laguna de Oviedo, Isla Flamingo - Patrick Vacation","og_description":"Aqu\u00ed visitar\u00e1s \"La Laguna de Oviedo\", una reserva natural de agua salada separada del mar por una estrecha franja de tierra. Despu\u00e9s de recibir tus pulseras de entrada al parque nacional, subir\u00e1 a una lancha t\u00edpica. Una vez en la lancha, podr\u00e1s observar numerosas aves de gran tama\u00f1o, como garzas, esp\u00e1tulas y patos.","og_url":"https:\/\/patrickvacation.com\/en\/excursiones\/laguna-de-oviedo-isla-flamingo\/","og_site_name":"Patrick Vacation","article_publisher":"https:\/\/www.facebook.com\/alcequiez.tours.travel","article_modified_time":"2025-02-27T17:54:46+00:00","og_image":[{"width":1920,"height":1267,"url":"https:\/\/patrickvacation.com\/wp-content\/uploads\/2023\/06\/sanctuary-of-flamingos-tour-6.jpg","type":"image\/jpeg"}],"twitter_card":"summary_large_image","twitter_misc":{"Est. reading time":"2 minutes"},"schema":{"@context":"https:\/\/schema.org","@graph":[{"@type":"WebPage","@id":"https:\/\/patrickvacation.com\/excursiones\/laguna-de-oviedo-isla-flamingo\/","url":"https:\/\/patrickvacation.com\/excursiones\/laguna-de-oviedo-isla-flamingo\/","name":"Laguna de Oviedo, Isla Flamingo - Patrick Vacation","isPartOf":{"@id":"https:\/\/patrickvacation.com\/#website"},"primaryImageOfPage":{"@id":"https:\/\/patrickvacation.com\/excursiones\/laguna-de-oviedo-isla-flamingo\/#primaryimage"},"image":{"@id":"https:\/\/patrickvacation.com\/excursiones\/laguna-de-oviedo-isla-flamingo\/#primaryimage"},"thumbnailUrl":"https:\/\/patrickvacation.com\/wp-content\/uploads\/2023\/06\/sanctuary-of-flamingos-tour-6.jpg","datePublished":"2023-06-21T08:36:07+00:00","dateModified":"2025-02-27T17:54:46+00:00","description":"Aqu\u00ed visitar\u00e1s \"La Laguna de Oviedo\", una reserva natural de agua salada separada del mar por una estrecha franja de tierra. Despu\u00e9s de recibir tus pulseras de entrada al parque nacional, subir\u00e1 a una lancha t\u00edpica. Una vez en la lancha, podr\u00e1s observar numerosas aves de gran tama\u00f1o, como garzas, esp\u00e1tulas y patos.","breadcrumb":{"@id":"https:\/\/patrickvacation.com\/excursiones\/laguna-de-oviedo-isla-flamingo\/#breadcrumb"},"inLanguage":"en-US","potentialAction":[{"@type":"ReadAction","target":["https:\/\/patrickvacation.com\/excursiones\/laguna-de-oviedo-isla-flamingo\/"]}]},{"@type":"ImageObject","inLanguage":"en-US","@id":"https:\/\/patrickvacation.com\/excursiones\/laguna-de-oviedo-isla-flamingo\/#primaryimage","url":"https:\/\/patrickvacation.com\/wp-content\/uploads\/2023\/06\/sanctuary-of-flamingos-tour-6.jpg","contentUrl":"https:\/\/patrickvacation.com\/wp-content\/uploads\/2023\/06\/sanctuary-of-flamingos-tour-6.jpg","width":1920,"height":1267},{"@type":"BreadcrumbList","@id":"https:\/\/patrickvacation.com\/excursiones\/laguna-de-oviedo-isla-flamingo\/#breadcrumb","itemListElement":[{"@type":"ListItem","position":1,"name":"Portada","item":"https:\/\/patrickvacation.com\/"},{"@type":"ListItem","position":2,"name":"Excursiones y Reservas","item":"https:\/\/patrickvacation.com\/excursiones\/"},{"@type":"ListItem","position":3,"name":"Laguna de Oviedo, Isla Flamingo"}]},{"@type":"WebSite","@id":"https:\/\/patrickvacation.com\/#website","url":"https:\/\/patrickvacation.com\/","name":"Patrick Vacation","description":"","publisher":{"@id":"https:\/\/patrickvacation.com\/#organization"},"potentialAction":[{"@type":"SearchAction","target":{"@type":"EntryPoint","urlTemplate":"https:\/\/patrickvacation.com\/?s={search_term_string}"},"query-input":{"@type":"PropertyValueSpecification","valueRequired":true,"valueName":"search_term_string"}}],"inLanguage":"en-US"},{"@type":"Organization","@id":"https:\/\/patrickvacation.com\/#organization","name":"Alcequiez Tours and Travel","url":"https:\/\/patrickvacation.com\/","logo":{"@type":"ImageObject","inLanguage":"en-US","@id":"https:\/\/patrickvacation.com\/#\/schema\/logo\/image\/","url":"https:\/\/patrickvacation.com\/wp-content\/uploads\/2023\/03\/Logo-Alcequiez.png","contentUrl":"https:\/\/patrickvacation.com\/wp-content\/uploads\/2023\/03\/Logo-Alcequiez.png","width":1080,"height":560,"caption":"Alcequiez Tours and Travel"},"image":{"@id":"https:\/\/patrickvacation.com\/#\/schema\/logo\/image\/"},"sameAs":["https:\/\/www.facebook.com\/alcequiez.tours.travel","https:\/\/www.instagram.com\/alcequieztour\/"]}]}},"_links":{"self":[{"href":"https:\/\/patrickvacation.com\/en\/wp-json\/wp\/v2\/product\/6436","targetHints":{"allow":["GET"]}}],"collection":[{"href":"https:\/\/patrickvacation.com\/en\/wp-json\/wp\/v2\/product"}],"about":[{"href":"https:\/\/patrickvacation.com\/en\/wp-json\/wp\/v2\/types\/product"}],"version-history":[{"count":0,"href":"https:\/\/patrickvacation.com\/en\/wp-json\/wp\/v2\/product\/6436\/revisions"}],"wp:featuredmedia":[{"embeddable":true,"href":"https:\/\/patrickvacation.com\/en\/wp-json\/wp\/v2\/media\/6442"}],"wp:attachment":[{"href":"https:\/\/patrickvacation.com\/en\/wp-json\/wp\/v2\/media?parent=6436"}],"wp:term":[{"taxonomy":"product_brand","embeddable":true,"href":"https:\/\/patrickvacation.com\/en\/wp-json\/wp\/v2\/product_brand?post=6436"},{"taxonomy":"product_cat","embeddable":true,"href":"https:\/\/patrickvacation.com\/en\/wp-json\/wp\/v2\/product_cat?post=6436"},{"taxonomy":"product_tag","embeddable":true,"href":"https:\/\/patrickvacation.com\/en\/wp-json\/wp\/v2\/product_tag?post=6436"}],"curies":[{"name":"wp","href":"https:\/\/api.w.org\/{rel}","templated":true}]}}