{"id":6444,"date":"2023-06-21T08:46:51","date_gmt":"2023-06-21T08:46:51","guid":{"rendered":"https:\/\/patrickvacation.com\/?post_type=product&#038;p=6444"},"modified":"2025-02-27T17:52:01","modified_gmt":"2025-02-27T17:52:01","slug":"lago-enriquillo-lago-de-los-cocodrilos","status":"publish","type":"product","link":"https:\/\/patrickvacation.com\/en\/excursiones\/lago-enriquillo-lago-de-los-cocodrilos\/","title":{"rendered":"Enriquillo lake \u2013 Lake of Crocodiles"},"content":{"rendered":"<section id=\"section-63-2771\" class=\"ct-section nitro-offscreen\">\n<div class=\"ct-section-inner-wrap\" style=\"margin-left: auto;margin-right: auto;height: 1215.59px;min-height: inherit;max-width: 1120px;padding: 25px 20px;flex-direction: column;align-items: flex-start\" data-mce-style=\"margin-left: auto; margin-right: auto; height: 1215.59px; min-height: inherit; max-width: 1120px; padding: 25px 20px; flex-direction: column; align-items: flex-start;\">\n<h2 id=\"headline-64-2771\" class=\"ct-headline\" style=\"margin: 0px;font-family: Quicksand;font-size: 35px\" data-mce-style=\"margin: 0px; font-family: Quicksand; font-size: 35px;\">Itinerario de la excursi\u00f3n a Lago Enriquillo<\/h2>\n<div id=\"_rich_text-66-2771\" class=\"oxy-rich-text\" style=\"margin-top: 15px;width: 1080px\" data-mce-style=\"margin-top: 15px; width: 1080px;\">\n<p style=\"margin-block-start: 0px\" data-mce-style=\"margin-block-start: 0px;\">El itinerario del Tour por Lago Enriquillo es el siguiente:<\/p>\n<ul>\n<li><span style=\"font-weight: bolder\" data-mce-style=\"font-weight: bolder;\">08:00 a.m.<\/span>\u00a0&#8211;\u00a0<span style=\"font-weight: bolder\" data-mce-style=\"font-weight: bolder;\">Recogida en su hotel en Barahona<\/span>. La excursi\u00f3n comienza con la recogida en autob\u00fas, donde nuestro conductor y un gu\u00eda nos recibir\u00e1n y dar\u00e1n la bienvenida.<\/li>\n<li><span style=\"font-weight: bolder\" data-mce-style=\"font-weight: bolder;\">09:00 a.m<\/span>. &#8211; Tras un viaje de alrededor de dos horas hasta el lago,\u00a0<span style=\"font-weight: bolder\" data-mce-style=\"font-weight: bolder;\">nos pararemos en un mirador<\/span>, desde el que podr\u00e1s hacer fotos del paisaje. Desde este lugar podr\u00e1s observar una espectacular vista del Lago Enriquillo, rodeado de naturaleza y monta\u00f1as.<\/li>\n<li><span style=\"font-weight: bolder\" data-mce-style=\"font-weight: bolder;\">10:00 a.m.<\/span>\u00a0&#8211;\u00a0<span style=\"font-weight: bolder\" data-mce-style=\"font-weight: bolder;\">Observaci\u00f3n de cocodrilos y aves<\/span>. A continuaci\u00f3n, nos subiremos a un barco para dar un paseo por el lago.\u00a0<span style=\"font-weight: bolder\" data-mce-style=\"font-weight: bolder;\">Durante la traves\u00eda podremos ver de cerca cocodrilos americanos que viven en el lago, as\u00ed como gran cantidad de aves<\/span>. Tambi\u00e9n podr\u00e1s descubrir el sensacional paisaje que ofrece el lugar, que destaca por ser la zona m\u00e1s baja de todo el Caribe respecto al nivel del mar.<\/li>\n<li><span style=\"font-weight: bolder\" data-mce-style=\"font-weight: bolder;\">12:30 p.m.<\/span>\u00a0&#8211;\u00a0<span style=\"font-weight: bolder\" data-mce-style=\"font-weight: bolder;\">Pueblo de Neyba y alrededores<\/span>. Tras el espectacular encuentro con la fauna de Lago Enriquillo, continuaremos hasta el pueblo de Neyba y sus famosas uvas. All\u00ed conoceremos un poco m\u00e1s acerca de la cultura del lugar, visitaremos algunas tiendas de artesan\u00edas y probaremos las deliciosas uvas que se cultivan en la regi\u00f3n.<\/li>\n<li><span style=\"font-weight: bolder\" data-mce-style=\"font-weight: bolder;\">01:30 p.m. &#8211;<\/span>\u00a0<span style=\"font-weight: bolder\" data-mce-style=\"font-weight: bolder;\">Las Mar\u00edas.<\/span>\u00a0En este lugar, los habitantes de los alrededores pasan su tiempo libre, y es la \u00faltima parada del tour. Podremos contemplar una fant\u00e1stica vista del paisaje y ser\u00e1n las \u00faltimas oportunidades para hacer\u00a0<span style=\"font-weight: bolder\" data-mce-style=\"font-weight: bolder;\">fotos de recuerdo<\/span>\u00a0con las que volver tras la experiencia.<\/li>\n<li><span style=\"font-weight: bolder\" data-mce-style=\"font-weight: bolder;\">03:30 p.m. &#8211;<\/span>.\u00a0<span style=\"font-weight: bolder\" data-mce-style=\"font-weight: bolder;\">Regreso a nuestro hotel situado en Barahona.<\/span>\u00a0El conductor nos llevar\u00e1 de vuelta al punto de origen, mientras conversamos sobre todo lo que hemos visto en la excursi\u00f3n a Lago Enriquillo.<\/li>\n<\/ul>\n<p style=\"margin-block-end: 0px\" data-mce-style=\"margin-block-end: 0px;\"><em>* Estos horarios son aproximados y pueden sufrir variaciones durante la jornada.<\/em><\/p>\n<\/div>\n<p><img decoding=\"async\" id=\"image-92-2771\" alt=\"Enriquillo lake excursion\" class=\"ct-image lazyloaded\" src=\"https:\/\/cdn-dhnkp.nitrocdn.com\/aDdVAvheblxMQJkSnanCVhgzxKRiEyyu\/assets\/images\/optimized\/rev-c960169\/jackcana.tours\/wp-content\/uploads\/2023\/02\/Enriquillo-lake-excursion.jpg\" style=\"border-style: none;margin-top: 20px;border-radius: 20px;width: 1080px\" data-mce-src=\"https:\/\/cdn-dhnkp.nitrocdn.com\/aDdVAvheblxMQJkSnanCVhgzxKRiEyyu\/assets\/images\/optimized\/rev-c960169\/jackcana.tours\/wp-content\/uploads\/2023\/02\/Enriquillo-lake-excursion.jpg\" data-mce-style=\"border-style: none; margin-top: 20px; border-radius: 20px; width: 1080px;\"><\/p>\n<\/div>\n<\/section>\n<section id=\"section-71-2771\" class=\"ct-section nitro-offscreen\">\n<div class=\"ct-section-inner-wrap\" style=\"margin-left: auto;margin-right: auto;height: 357.75px;min-height: inherit;max-width: 1120px;padding: 25px 20px;flex-direction: column;align-items: flex-start\" data-mce-style=\"margin-left: auto; margin-right: auto; height: 357.75px; min-height: inherit; max-width: 1120px; padding: 25px 20px; flex-direction: column; align-items: flex-start;\">\n<h2 id=\"headline-72-2771\" class=\"ct-headline\" style=\"margin: 0px;font-family: Quicksand;font-size: 35px\" data-mce-style=\"margin: 0px; font-family: Quicksand; font-size: 35px;\">\u00bfQu\u00e9 est\u00e1 incluido con la reserva de esta actividad?<\/h2>\n<div id=\"_rich_text-73-2771\" class=\"oxy-rich-text\" style=\"margin-top: 15px;width: 1080px\" data-mce-style=\"margin-top: 15px; width: 1080px;\">\n<p style=\"margin-block-start: 0px\" data-mce-style=\"margin-block-start: 0px;\">El tour a Lago Enriquillo incluye:<\/p>\n<ul>\n<li><span style=\"font-weight: bolder\" data-mce-style=\"font-weight: bolder;\">Recogida en un hotel de Punta Cana o aeropuerto<\/span>.<\/li>\n<li><span style=\"font-weight: bolder\" data-mce-style=\"font-weight: bolder;\">Estancia de una noche en hotel tropical<\/span>\u00a0de Barahona.<\/li>\n<li><span style=\"font-weight: bolder\" data-mce-style=\"font-weight: bolder;\">Transporte de ida y vuelta<\/span>\u00a0desde el hotel, con conductor y un gu\u00eda local.<\/li>\n<li><span style=\"font-weight: bolder\" data-mce-style=\"font-weight: bolder;\">Bebidas<\/span>\u00a0para hidratarte durante la visita (sin alcohol).<\/li>\n<li><span style=\"font-weight: bolder\" data-mce-style=\"font-weight: bolder;\">Paseo en barco por el lago<\/span>.<\/li>\n<li>Existe la posibilidad de probar la\u00a0<span style=\"font-weight: bolder\" data-mce-style=\"font-weight: bolder;\">gastronom\u00eda local<\/span>\u00a0en un restaurante t\u00edpico (no incluido en la reserva). Para hacerlo, ser\u00e1 necesario avisar antes al gu\u00eda.<\/li>\n<\/ul>\n<\/div>\n<\/div>\n<\/section>\n<section id=\"section-67-2771\" class=\"ct-section nitro-offscreen\">\n<div class=\"ct-section-inner-wrap\" style=\"margin-left: auto;margin-right: auto;height: 383.344px;min-height: inherit;max-width: 1120px;padding: 25px 20px;flex-direction: column;align-items: flex-start\" data-mce-style=\"margin-left: auto; margin-right: auto; height: 383.344px; min-height: inherit; max-width: 1120px; padding: 25px 20px; flex-direction: column; align-items: flex-start;\">\n<h2 id=\"headline-68-2771\" class=\"ct-headline\" style=\"margin: 0px;font-family: Quicksand;font-size: 35px\" data-mce-style=\"margin: 0px; font-family: Quicksand; font-size: 35px;\">Recomendaciones para ir a esta excursi\u00f3n<\/h2>\n<div id=\"_rich_text-69-2771\" class=\"oxy-rich-text\" style=\"margin-top: 15px;width: 1080px\" data-mce-style=\"margin-top: 15px; width: 1080px;\">\n<p style=\"margin-block-start: 0px\" data-mce-style=\"margin-block-start: 0px;\">Para disfrutar al m\u00e1ximo de la excursi\u00f3n a Lago Enriquillo, presta atenci\u00f3n a estas recomendaciones:<\/p>\n<ul>\n<li><span style=\"font-weight: bolder\" data-mce-style=\"font-weight: bolder;\">Lleva ropa c\u00f3moda y ligera<\/span>, adecuada para el clima de la zona. Tambi\u00e9n es recomendable usar calzado c\u00f3modo para caminar, que te proteja el pie.<\/li>\n<li>No te olvides de\u00a0<span style=\"font-weight: bolder\" data-mce-style=\"font-weight: bolder;\">proteger tu piel del sol<\/span>, usando crema solar con filtro alto, gafas de sol y un sombrero o gorra para la cabeza.<\/li>\n<li>Aseg\u00farate de\u00a0<span style=\"font-weight: bolder\" data-mce-style=\"font-weight: bolder;\">llevar una botella de agua<\/span>\u00a0para mantener la hidrataci\u00f3n, ya que el clima c\u00e1lido puede hacer que te deshidrates con facilidad.<\/li>\n<li>Usar\u00a0<span style=\"font-weight: bolder\" data-mce-style=\"font-weight: bolder;\">repelente para mosquitos<\/span>, sobre todo cuando est\u00e9s en zonas h\u00famedas o con mucha vegetaci\u00f3n.<\/li>\n<li>Para disfrutar de la observaci\u00f3n de aves, puede ser\u00a0<span style=\"font-weight: bolder\" data-mce-style=\"font-weight: bolder;\">buena idea llevar unos prism\u00e1ticos<\/span>\u00a0que te permitan ver m\u00e1s de cerca las diferentes especies que habitan la zona.<\/li>\n<\/ul>\n<\/div>\n<\/div>\n<\/section>\n<p><span style=\"font-weight: 400\" data-mce-style=\"font-weight: 400;\"> La zona es c\u00e1lida y seca, aunque los manantiales y peque\u00f1os r\u00edos la hacen extremadamente f\u00e9rtil en algunos lugares. El siguiente viaje en barco por el lago le llevar\u00e1 primero a una secci\u00f3n de la orilla desde la que hay muchas posibilidades de observar a los cocodrilos que viven en el lago. En el viaje de vuelta visitar\u00e1 el pueblo de Neyba, famoso por sus uvas, y Las Mar\u00edas, un lugar donde el lugare\u00f1o pasa su tiempo libre. Si desea almorzar en un restaurante t\u00edpico dominicano, informe a su gu\u00eda al respecto. Los costes del almuerzo deben ser pagados por los clientes. Despu\u00e9s, el conductor le llevar\u00e1 de vuelta a su hotel.<\/span><\/p>","protected":false},"excerpt":{"rendered":"<p>Lake Enriquillo is one of the most charming areas of the country and is located almost 40 meters below the sea level. The area is warm and dry, while the springs and small rivers make it extremely fertile in some places. The next boat trip on the lake will take you first to a section of the shore from which there are many possibilities of seeing crocodiles that live in the lake.<\/p>\n<p><\/p>\n<p><span data-mce-style=\"font-weight: 400;\">\u00a1Descubre el Parque Nacional Isla Cabritos en la regi\u00f3n de Independencia!<\/span><\/p>\n<p><span data-mce-style=\"font-weight: 400;\">Le recoger\u00e1n en su hotel a las 8:00 a.m. A partir de aqu\u00ed, la excursi\u00f3n seguir\u00e1 en direcci\u00f3n noroeste. En el trayecto de aproximadamente dos horas hasta el lago salado, se detendr\u00e1 en un mirador desde el que podr\u00e1 tomar fotos del hermoso paisaje. Tambi\u00e9n pasar\u00e1 por numerosos pueblos t\u00edpicos dominicanos, as\u00ed como por una estatua del jefe ta\u00edno Enriquillo, que da nombre al lago. El lago Enriquillo es una de las zonas m\u00e1s encantadoras del pa\u00eds y se encuentra a casi 40 metros por debajo del nivel del mar.<\/span><\/p>","protected":false},"featured_media":6447,"template":"","meta":[],"product_brand":[],"product_cat":[178,182,179],"product_tag":[],"class_list":{"0":"post-6444","1":"product","2":"type-product","3":"status-publish","4":"has-post-thumbnail","6":"product_cat-aventura-safari","7":"product_cat-ecoaventura-senderismo","8":"product_cat-parques-experiencias","10":"first","11":"instock","12":"virtual","13":"sold-individually","14":"purchasable","15":"product-type-booking"},"yoast_head":"<!-- This site is optimized with the Yoast SEO plugin v24.7 - https:\/\/yoast.com\/wordpress\/plugins\/seo\/ -->\n<title>Lago Enriquillo - Lago de los Cocodrilos - Patrick Vacation<\/title>\n<meta name=\"description\" content=\"El lago Enriquillo es una de las zonas m\u00e1s encantadoras del pa\u00eds y se encuentra a casi 40 metros por debajo del nivel del mar. La zona es c\u00e1lida y seca, aunque los manantiales y peque\u00f1os r\u00edos la hacen extremadamente f\u00e9rtil en algunos lugares.\" \/>\n<meta name=\"robots\" content=\"index, follow, max-snippet:-1, max-image-preview:large, max-video-preview:-1\" \/>\n<link rel=\"canonical\" href=\"https:\/\/patrickvacation.com\/en\/excursiones\/lago-enriquillo-lago-de-los-cocodrilos\/\" \/>\n<meta property=\"og:locale\" content=\"en_US\" \/>\n<meta property=\"og:type\" content=\"article\" \/>\n<meta property=\"og:title\" content=\"Lago Enriquillo - Lago de los Cocodrilos - Patrick Vacation\" \/>\n<meta property=\"og:description\" content=\"El lago Enriquillo es una de las zonas m\u00e1s encantadoras del pa\u00eds y se encuentra a casi 40 metros por debajo del nivel del mar. La zona es c\u00e1lida y seca, aunque los manantiales y peque\u00f1os r\u00edos la hacen extremadamente f\u00e9rtil en algunos lugares.\" \/>\n<meta property=\"og:url\" content=\"https:\/\/patrickvacation.com\/en\/excursiones\/lago-enriquillo-lago-de-los-cocodrilos\/\" \/>\n<meta property=\"og:site_name\" content=\"Patrick Vacation\" \/>\n<meta property=\"article:publisher\" content=\"https:\/\/www.facebook.com\/alcequiez.tours.travel\" \/>\n<meta property=\"article:modified_time\" content=\"2025-02-27T17:52:01+00:00\" \/>\n<meta property=\"og:image\" content=\"https:\/\/patrickvacation.com\/wp-content\/uploads\/2023\/06\/lago-enriquillo-980x550-1.jpg\" \/>\n\t<meta property=\"og:image:width\" content=\"980\" \/>\n\t<meta property=\"og:image:height\" content=\"550\" \/>\n\t<meta property=\"og:image:type\" content=\"image\/jpeg\" \/>\n<meta name=\"twitter:card\" content=\"summary_large_image\" \/>\n<meta name=\"twitter:label1\" content=\"Est. reading time\" \/>\n\t<meta name=\"twitter:data1\" content=\"1 minute\" \/>\n<script type=\"application\/ld+json\" class=\"yoast-schema-graph\">{\"@context\":\"https:\/\/schema.org\",\"@graph\":[{\"@type\":\"WebPage\",\"@id\":\"https:\/\/patrickvacation.com\/excursiones\/lago-enriquillo-lago-de-los-cocodrilos\/\",\"url\":\"https:\/\/patrickvacation.com\/excursiones\/lago-enriquillo-lago-de-los-cocodrilos\/\",\"name\":\"Lago Enriquillo - Lago de los Cocodrilos - Patrick Vacation\",\"isPartOf\":{\"@id\":\"https:\/\/patrickvacation.com\/#website\"},\"primaryImageOfPage\":{\"@id\":\"https:\/\/patrickvacation.com\/excursiones\/lago-enriquillo-lago-de-los-cocodrilos\/#primaryimage\"},\"image\":{\"@id\":\"https:\/\/patrickvacation.com\/excursiones\/lago-enriquillo-lago-de-los-cocodrilos\/#primaryimage\"},\"thumbnailUrl\":\"https:\/\/patrickvacation.com\/wp-content\/uploads\/2023\/06\/lago-enriquillo-980x550-1.jpg\",\"datePublished\":\"2023-06-21T08:46:51+00:00\",\"dateModified\":\"2025-02-27T17:52:01+00:00\",\"description\":\"El lago Enriquillo es una de las zonas m\u00e1s encantadoras del pa\u00eds y se encuentra a casi 40 metros por debajo del nivel del mar. La zona es c\u00e1lida y seca, aunque los manantiales y peque\u00f1os r\u00edos la hacen extremadamente f\u00e9rtil en algunos lugares.\",\"breadcrumb\":{\"@id\":\"https:\/\/patrickvacation.com\/excursiones\/lago-enriquillo-lago-de-los-cocodrilos\/#breadcrumb\"},\"inLanguage\":\"en-US\",\"potentialAction\":[{\"@type\":\"ReadAction\",\"target\":[\"https:\/\/patrickvacation.com\/excursiones\/lago-enriquillo-lago-de-los-cocodrilos\/\"]}]},{\"@type\":\"ImageObject\",\"inLanguage\":\"en-US\",\"@id\":\"https:\/\/patrickvacation.com\/excursiones\/lago-enriquillo-lago-de-los-cocodrilos\/#primaryimage\",\"url\":\"https:\/\/patrickvacation.com\/wp-content\/uploads\/2023\/06\/lago-enriquillo-980x550-1.jpg\",\"contentUrl\":\"https:\/\/patrickvacation.com\/wp-content\/uploads\/2023\/06\/lago-enriquillo-980x550-1.jpg\",\"width\":980,\"height\":550},{\"@type\":\"BreadcrumbList\",\"@id\":\"https:\/\/patrickvacation.com\/excursiones\/lago-enriquillo-lago-de-los-cocodrilos\/#breadcrumb\",\"itemListElement\":[{\"@type\":\"ListItem\",\"position\":1,\"name\":\"Portada\",\"item\":\"https:\/\/patrickvacation.com\/\"},{\"@type\":\"ListItem\",\"position\":2,\"name\":\"Excursiones y Reservas\",\"item\":\"https:\/\/patrickvacation.com\/excursiones\/\"},{\"@type\":\"ListItem\",\"position\":3,\"name\":\"Lago Enriquillo &#8211; Lago de los Cocodrilos\"}]},{\"@type\":\"WebSite\",\"@id\":\"https:\/\/patrickvacation.com\/#website\",\"url\":\"https:\/\/patrickvacation.com\/\",\"name\":\"Patrick Vacation\",\"description\":\"\",\"publisher\":{\"@id\":\"https:\/\/patrickvacation.com\/#organization\"},\"potentialAction\":[{\"@type\":\"SearchAction\",\"target\":{\"@type\":\"EntryPoint\",\"urlTemplate\":\"https:\/\/patrickvacation.com\/?s={search_term_string}\"},\"query-input\":{\"@type\":\"PropertyValueSpecification\",\"valueRequired\":true,\"valueName\":\"search_term_string\"}}],\"inLanguage\":\"en-US\"},{\"@type\":\"Organization\",\"@id\":\"https:\/\/patrickvacation.com\/#organization\",\"name\":\"Alcequiez Tours and Travel\",\"url\":\"https:\/\/patrickvacation.com\/\",\"logo\":{\"@type\":\"ImageObject\",\"inLanguage\":\"en-US\",\"@id\":\"https:\/\/patrickvacation.com\/#\/schema\/logo\/image\/\",\"url\":\"https:\/\/patrickvacation.com\/wp-content\/uploads\/2023\/03\/Logo-Alcequiez.png\",\"contentUrl\":\"https:\/\/patrickvacation.com\/wp-content\/uploads\/2023\/03\/Logo-Alcequiez.png\",\"width\":1080,\"height\":560,\"caption\":\"Alcequiez Tours and Travel\"},\"image\":{\"@id\":\"https:\/\/patrickvacation.com\/#\/schema\/logo\/image\/\"},\"sameAs\":[\"https:\/\/www.facebook.com\/alcequiez.tours.travel\",\"https:\/\/www.instagram.com\/alcequieztour\/\"]}]}<\/script>\n<!-- \/ Yoast SEO plugin. -->","yoast_head_json":{"title":"Lago Enriquillo - Lago de los Cocodrilos - Patrick Vacation","description":"El lago Enriquillo es una de las zonas m\u00e1s encantadoras del pa\u00eds y se encuentra a casi 40 metros por debajo del nivel del mar. La zona es c\u00e1lida y seca, aunque los manantiales y peque\u00f1os r\u00edos la hacen extremadamente f\u00e9rtil en algunos lugares.","robots":{"index":"index","follow":"follow","max-snippet":"max-snippet:-1","max-image-preview":"max-image-preview:large","max-video-preview":"max-video-preview:-1"},"canonical":"https:\/\/patrickvacation.com\/en\/excursiones\/lago-enriquillo-lago-de-los-cocodrilos\/","og_locale":"en_US","og_type":"article","og_title":"Lago Enriquillo - Lago de los Cocodrilos - Patrick Vacation","og_description":"El lago Enriquillo es una de las zonas m\u00e1s encantadoras del pa\u00eds y se encuentra a casi 40 metros por debajo del nivel del mar. La zona es c\u00e1lida y seca, aunque los manantiales y peque\u00f1os r\u00edos la hacen extremadamente f\u00e9rtil en algunos lugares.","og_url":"https:\/\/patrickvacation.com\/en\/excursiones\/lago-enriquillo-lago-de-los-cocodrilos\/","og_site_name":"Patrick Vacation","article_publisher":"https:\/\/www.facebook.com\/alcequiez.tours.travel","article_modified_time":"2025-02-27T17:52:01+00:00","og_image":[{"width":980,"height":550,"url":"https:\/\/patrickvacation.com\/wp-content\/uploads\/2023\/06\/lago-enriquillo-980x550-1.jpg","type":"image\/jpeg"}],"twitter_card":"summary_large_image","twitter_misc":{"Est. reading time":"1 minute"},"schema":{"@context":"https:\/\/schema.org","@graph":[{"@type":"WebPage","@id":"https:\/\/patrickvacation.com\/excursiones\/lago-enriquillo-lago-de-los-cocodrilos\/","url":"https:\/\/patrickvacation.com\/excursiones\/lago-enriquillo-lago-de-los-cocodrilos\/","name":"Lago Enriquillo - Lago de los Cocodrilos - Patrick Vacation","isPartOf":{"@id":"https:\/\/patrickvacation.com\/#website"},"primaryImageOfPage":{"@id":"https:\/\/patrickvacation.com\/excursiones\/lago-enriquillo-lago-de-los-cocodrilos\/#primaryimage"},"image":{"@id":"https:\/\/patrickvacation.com\/excursiones\/lago-enriquillo-lago-de-los-cocodrilos\/#primaryimage"},"thumbnailUrl":"https:\/\/patrickvacation.com\/wp-content\/uploads\/2023\/06\/lago-enriquillo-980x550-1.jpg","datePublished":"2023-06-21T08:46:51+00:00","dateModified":"2025-02-27T17:52:01+00:00","description":"El lago Enriquillo es una de las zonas m\u00e1s encantadoras del pa\u00eds y se encuentra a casi 40 metros por debajo del nivel del mar. La zona es c\u00e1lida y seca, aunque los manantiales y peque\u00f1os r\u00edos la hacen extremadamente f\u00e9rtil en algunos lugares.","breadcrumb":{"@id":"https:\/\/patrickvacation.com\/excursiones\/lago-enriquillo-lago-de-los-cocodrilos\/#breadcrumb"},"inLanguage":"en-US","potentialAction":[{"@type":"ReadAction","target":["https:\/\/patrickvacation.com\/excursiones\/lago-enriquillo-lago-de-los-cocodrilos\/"]}]},{"@type":"ImageObject","inLanguage":"en-US","@id":"https:\/\/patrickvacation.com\/excursiones\/lago-enriquillo-lago-de-los-cocodrilos\/#primaryimage","url":"https:\/\/patrickvacation.com\/wp-content\/uploads\/2023\/06\/lago-enriquillo-980x550-1.jpg","contentUrl":"https:\/\/patrickvacation.com\/wp-content\/uploads\/2023\/06\/lago-enriquillo-980x550-1.jpg","width":980,"height":550},{"@type":"BreadcrumbList","@id":"https:\/\/patrickvacation.com\/excursiones\/lago-enriquillo-lago-de-los-cocodrilos\/#breadcrumb","itemListElement":[{"@type":"ListItem","position":1,"name":"Portada","item":"https:\/\/patrickvacation.com\/"},{"@type":"ListItem","position":2,"name":"Excursiones y Reservas","item":"https:\/\/patrickvacation.com\/excursiones\/"},{"@type":"ListItem","position":3,"name":"Lago Enriquillo &#8211; Lago de los Cocodrilos"}]},{"@type":"WebSite","@id":"https:\/\/patrickvacation.com\/#website","url":"https:\/\/patrickvacation.com\/","name":"Patrick Vacation","description":"","publisher":{"@id":"https:\/\/patrickvacation.com\/#organization"},"potentialAction":[{"@type":"SearchAction","target":{"@type":"EntryPoint","urlTemplate":"https:\/\/patrickvacation.com\/?s={search_term_string}"},"query-input":{"@type":"PropertyValueSpecification","valueRequired":true,"valueName":"search_term_string"}}],"inLanguage":"en-US"},{"@type":"Organization","@id":"https:\/\/patrickvacation.com\/#organization","name":"Alcequiez Tours and Travel","url":"https:\/\/patrickvacation.com\/","logo":{"@type":"ImageObject","inLanguage":"en-US","@id":"https:\/\/patrickvacation.com\/#\/schema\/logo\/image\/","url":"https:\/\/patrickvacation.com\/wp-content\/uploads\/2023\/03\/Logo-Alcequiez.png","contentUrl":"https:\/\/patrickvacation.com\/wp-content\/uploads\/2023\/03\/Logo-Alcequiez.png","width":1080,"height":560,"caption":"Alcequiez Tours and Travel"},"image":{"@id":"https:\/\/patrickvacation.com\/#\/schema\/logo\/image\/"},"sameAs":["https:\/\/www.facebook.com\/alcequiez.tours.travel","https:\/\/www.instagram.com\/alcequieztour\/"]}]}},"_links":{"self":[{"href":"https:\/\/patrickvacation.com\/en\/wp-json\/wp\/v2\/product\/6444","targetHints":{"allow":["GET"]}}],"collection":[{"href":"https:\/\/patrickvacation.com\/en\/wp-json\/wp\/v2\/product"}],"about":[{"href":"https:\/\/patrickvacation.com\/en\/wp-json\/wp\/v2\/types\/product"}],"version-history":[{"count":0,"href":"https:\/\/patrickvacation.com\/en\/wp-json\/wp\/v2\/product\/6444\/revisions"}],"wp:featuredmedia":[{"embeddable":true,"href":"https:\/\/patrickvacation.com\/en\/wp-json\/wp\/v2\/media\/6447"}],"wp:attachment":[{"href":"https:\/\/patrickvacation.com\/en\/wp-json\/wp\/v2\/media?parent=6444"}],"wp:term":[{"taxonomy":"product_brand","embeddable":true,"href":"https:\/\/patrickvacation.com\/en\/wp-json\/wp\/v2\/product_brand?post=6444"},{"taxonomy":"product_cat","embeddable":true,"href":"https:\/\/patrickvacation.com\/en\/wp-json\/wp\/v2\/product_cat?post=6444"},{"taxonomy":"product_tag","embeddable":true,"href":"https:\/\/patrickvacation.com\/en\/wp-json\/wp\/v2\/product_tag?post=6444"}],"curies":[{"name":"wp","href":"https:\/\/api.w.org\/{rel}","templated":true}]}}