{"id":6805,"date":"2025-02-20T23:20:29","date_gmt":"2025-02-20T23:20:29","guid":{"rendered":"https:\/\/patrickvacation.com\/reservas\/zipline-punta-cana\/"},"modified":"2025-02-20T23:21:26","modified_gmt":"2025-02-20T23:21:26","slug":"zipline-punta-cana","status":"publish","type":"product","link":"https:\/\/patrickvacation.com\/en\/excursiones\/zipline-punta-cana\/","title":{"rendered":"ZipLine Punta Cana"},"content":{"rendered":"<h2 id=\"headline-89-126\" class=\"ct-headline\" style=\"margin: 0px;font-family: Quicksand;font-size: 35px\" data-mce-style=\"margin: 0px; font-family: Quicksand; font-size: 35px;\">Itinerario de la actividad<\/h2>\n<div id=\"_rich_text-253-126\" class=\"oxy-rich-text\">\n<p style=\"margin-block-start: 0px\" data-mce-style=\"margin-block-start: 0px;\">Alrededor de las 07:00 a.m. \/ 01:00 p.m.\u00a0<span style=\"font-weight: bolder\" data-mce-style=\"font-weight: bolder;\">te recogemos en tu hotel<\/span>, dependiendo de la zona en la que te hospedes. Posteriormente nos dirigiremos al punto de encuentro donde nos van a recibir los gu\u00edas que nos acompa\u00f1ar\u00e1n durante la actividad.<\/p>\n<p>Una vez hayamos llegado a\u00a0<em>Anamuya<\/em>, lugar donde se realizar\u00e1 el tour de Zipline, recibiremos instrucciones por parte de nuestro gu\u00eda para garantizar tu seguridad y puedas disfrutar de esta actividad al m\u00e1ximo.<\/p>\n<p>A continuaci\u00f3n nos equipamos con el arn\u00e9s y el casco que llevaremos durante toda la actividad y nos uniremos al grupo.<\/p>\n<p>Nuestra ruta de monta\u00f1a incluye<span style=\"font-weight: bolder\" data-mce-style=\"font-weight: bolder;\">\u00a018 plataformas y 12 cables<\/span>. Dos de estos cables, son las l\u00edneas\u00a0<span style=\"font-weight: bolder\" data-mce-style=\"font-weight: bolder;\">m\u00e1s largas<\/span>\u00a0de toda la isla dominicana.<\/p>\n<p style=\"margin-block-end: 0px\" data-mce-style=\"margin-block-end: 0px;\">Durante todo el tour, nuestros clientes est\u00e1n atados en todo momento a los cables dobles garantizando, as\u00ed, la\u00a0<span style=\"font-weight: bolder\" data-mce-style=\"font-weight: bolder;\">m\u00e1xima seguridad<\/span>\u00a0para la actividad.<\/p>\n<\/div>","protected":false},"excerpt":{"rendered":"<div id=\"div_block-24-126\" class=\"ct-div-block\">\n<h2 id=\"headline-25-126\" class=\"ct-headline\" style=\"margin: 7px 0px 0px;font-family: Quicksand;font-size: 35px\" data-mce-style=\"margin: 7px 0px 0px; font-family: Quicksand; font-size: 35px;\">Tour de ZipLine en Punta Cana<\/h2>\n<div id=\"_rich_text-248-126\" class=\"oxy-rich-text\" style=\"margin-top: 10px;width: 609.594px\" data-mce-style=\"margin-top: 10px; width: 609.594px;\">\n<p style=\"margin-block-start: 0px\" data-mce-style=\"margin-block-start: 0px;\">Prep\u00e1rate para una\u00a0<span style=\"font-weight: bolder\" data-mce-style=\"font-weight: bolder;\">experiencia \u00fanica<\/span>\u00a0de medio d\u00eda que te llevar\u00e1 a\u00a0<span style=\"font-weight: bolder\" data-mce-style=\"font-weight: bolder;\">lanzarte\u00a0<\/span>por encima de\u00a0<span style=\"font-weight: bolder\" data-mce-style=\"font-weight: bolder;\">los gigantescos \u00e1rboles de la jungla de Anamuya\u00a0<\/span>en\u00a0<span style=\"font-weight: bolder\" data-mce-style=\"font-weight: bolder;\">Ziplines\u00a0<\/span>dobles con un total de 2.800 metros de recorrido.<\/p>\n<p>Contamos con\u00a0<span style=\"font-weight: bolder\" data-mce-style=\"font-weight: bolder;\">18 plataformas y 12 cables<\/span>\u00a0situados\u00a0<span style=\"font-weight: bolder\" data-mce-style=\"font-weight: bolder;\">en las copas de los \u00e1rboles<\/span>, un\u00a0<span style=\"font-weight: bolder\" data-mce-style=\"font-weight: bolder;\">cable<\/span>\u00a0paralelo de\u00a0<span style=\"font-weight: bolder\" data-mce-style=\"font-weight: bolder;\">acero doble<\/span>\u00a0y un sistema de\u00a0<span style=\"font-weight: bolder\" data-mce-style=\"font-weight: bolder;\">frenado semiautom\u00e1tico<\/span>. No te puedes ir de Rep\u00fablica Dominicana sin haber probado la diversi\u00f3n de nuestro Zipline, por el que deslizaras a\u00a0<span style=\"font-weight: bolder\" data-mce-style=\"font-weight: bolder;\">800\u00a0metros<\/span>\u00a0de altura a una velocidad m\u00e1xima de\u00a0<span style=\"font-weight: bolder\" data-mce-style=\"font-weight: bolder;\">65 kil\u00f3metros por hora<\/span>\u00a0(depende del peso de cada persona).<\/p>\n<p>En el camino hasta el punto de salida, disfrutar\u00e1s en los\u00a0<span style=\"font-weight: bolder\" data-mce-style=\"font-weight: bolder;\">puentes colgantes<\/span>\u00a0desde los que podr\u00e1s admirar la flora y fauna de la selva dominicana.<\/p>\n<p>Somos la\u00a0<span style=\"font-weight: bolder\" data-mce-style=\"font-weight: bolder;\">\u00fanica empresa<\/span>\u00a0en todo el pa\u00eds\u00a0<span style=\"font-weight: bolder\" data-mce-style=\"font-weight: bolder;\">que ofrece tirolinas dobles<\/span>\u00a0de acero, con una l\u00ednea de vida al mismo tiempo, para garantizar una\u00a0<span style=\"font-weight: bolder\" data-mce-style=\"font-weight: bolder;\">seguridad total a nuestros clientes<\/span>.<\/p>\n<p><span style=\"font-weight: bolder\" data-mce-style=\"font-weight: bolder;\">Revisamos<\/span>\u00a0diariamente\u00a0<span style=\"font-weight: bolder\" data-mce-style=\"font-weight: bolder;\">nuestros equipos e infraestructura<\/span>, de acuerdo con los manuales de operaciones de los fabricantes. Adem\u00e1s, nuestros\u00a0<span style=\"font-weight: bolder\" data-mce-style=\"font-weight: bolder;\">gu\u00edas<\/span>\u00a0son experimentados y est\u00e1n\u00a0<span style=\"font-weight: bolder\" data-mce-style=\"font-weight: bolder;\">altamente capacitados<\/span>, por lo que si sigues sus instrucciones podemos garantizar tu seguridad.<\/p>\n<p style=\"margin-block-end: 0px\" data-mce-style=\"margin-block-end: 0px;\">Ahora solo queda comenzar a disfrutar de una de las<span style=\"font-weight: bolder\" data-mce-style=\"font-weight: bolder;\">\u00a0excursiones m\u00e1s divertidas<\/span>\u00a0en plena naturaleza salvaje.<\/p>\n<\/div>\n<\/div>\n<div id=\"div_block-267-126\" class=\"ct-div-block\">\n<h2 id=\"headline-268-126\" class=\"ct-headline\" style=\"margin: 7px 0px 0px;font-family: Quicksand;font-size: 35px\" data-mce-style=\"margin: 7px 0px 0px; font-family: Quicksand; font-size: 35px;\">\u00bfPor qu\u00e9 no te puedes perder esta actividad?<\/h2>\n<div id=\"_rich_text-269-126\" class=\"oxy-rich-text\" style=\"margin-top: 20px;width: 609.594px\" data-mce-style=\"margin-top: 20px; width: 609.594px;\">\n<p style=\"margin-block-start: 0px\" data-mce-style=\"margin-block-start: 0px;\">Estar en Punta Cana y pas\u00e1rselo bien son sin\u00f3nimos. Y no solo hablamos de fiesta, playa y costa, sino que la aventura tambi\u00e9n se abre paso muy cerca.<\/p>\n<p>El conjunto de\u00a0<span style=\"font-weight: bolder\" data-mce-style=\"font-weight: bolder;\">Ziplines de Anamuya<\/span>\u00a0es el primer recorrido de este tipo en la Rep\u00fablica Dominicana. Cuenta con un total de\u00a0<span style=\"font-weight: bolder\" data-mce-style=\"font-weight: bolder;\">18 plataformas y 12 cables<\/span>, en las que te aseguramos que vivir\u00e1s una de las\u00a0<span style=\"font-weight: bolder\" data-mce-style=\"font-weight: bolder;\">experiencias tur\u00edsticas m\u00e1s divertidas<\/span>\u00a0de tu visita a Punta Cana.<\/p>\n<p>El poblado de Anamuya es el marco de esta\u00a0<span style=\"font-weight: bolder\" data-mce-style=\"font-weight: bolder;\">actividad<\/span>, un lugar que seguramente te encantar\u00e1. Cambiar la playa por la selva entre las cordilleras de\u00a0<em>Anamuya<\/em>\u00a0y el\u00a0<em>Bonao<\/em>\u00a0es una buena manera de conocer otra cara de la Rep\u00fablica Dominicana.<\/p>\n<p style=\"margin-block-end: 0px\" data-mce-style=\"margin-block-end: 0px;\">No solo tendr\u00e1s la oportunidad de hacer Zipline, sino que adem\u00e1s podr\u00e1s conocer de primera mano el\u00a0<span style=\"font-weight: bolder\" data-mce-style=\"font-weight: bolder;\">bosque tropical semi-h\u00famedo<\/span>\u00a0que rodea el lugar. Es algo que seguro no te quieres perder, \u00bfverdad?<\/p>\n<\/div>\n<\/div>","protected":false},"featured_media":6806,"template":"","meta":[],"product_brand":[],"product_cat":[178,180,181,179],"product_tag":[],"class_list":{"0":"post-6805","1":"product","2":"type-product","3":"status-publish","4":"has-post-thumbnail","6":"product_cat-aventura-safari","7":"product_cat-citytours-toursareos","8":"product_cat-deportes-extremos","9":"product_cat-parques-experiencias","11":"first","12":"instock","13":"virtual","14":"purchasable","15":"product-type-simple"},"yoast_head":"<!-- This site is optimized with the Yoast SEO plugin v24.7 - https:\/\/yoast.com\/wordpress\/plugins\/seo\/ -->\n<title>ZipLine Punta Cana - Patrick Vacation<\/title>\n<meta name=\"robots\" content=\"index, follow, max-snippet:-1, max-image-preview:large, max-video-preview:-1\" \/>\n<link rel=\"canonical\" href=\"https:\/\/patrickvacation.com\/en\/excursiones\/zipline-punta-cana\/\" \/>\n<meta property=\"og:locale\" content=\"en_US\" \/>\n<meta property=\"og:type\" content=\"article\" \/>\n<meta property=\"og:title\" content=\"ZipLine Punta Cana - Patrick Vacation\" \/>\n<meta property=\"og:description\" content=\"Tour de ZipLine en Punta CanaPrep\u00e1rate para una\u00a0experiencia \u00fanica\u00a0de medio d\u00eda que te llevar\u00e1 a\u00a0lanzarte\u00a0por encima de\u00a0los gigantescos \u00e1rboles de la jungla de Anamuya\u00a0en\u00a0Ziplines\u00a0dobles con un total de 2.800 metros de recorrido.Contamos con\u00a018 plataformas y 12 cables\u00a0situados\u00a0en las copas de los \u00e1rboles, un\u00a0cable\u00a0paralelo de\u00a0acero doble\u00a0y un sistema de\u00a0frenado semiautom\u00e1tico. No te puedes ir de Rep\u00fablica Dominicana sin haber probado la diversi\u00f3n de nuestro Zipline, por el que deslizaras a\u00a0800\u00a0metros\u00a0de altura a una velocidad m\u00e1xima de\u00a065 kil\u00f3metros por hora\u00a0(depende del peso de cada persona).En el camino hasta el punto de salida, disfrutar\u00e1s en los\u00a0puentes colgantes\u00a0desde los que podr\u00e1s admirar la flora y fauna de la selva dominicana.Somos la\u00a0\u00fanica empresa\u00a0en todo el pa\u00eds\u00a0que ofrece tirolinas dobles\u00a0de acero, con una l\u00ednea de vida al mismo tiempo, para garantizar una\u00a0seguridad total a nuestros clientes.Revisamos\u00a0diariamente\u00a0nuestros equipos e infraestructura, de acuerdo con los manuales de operaciones de los fabricantes. Adem\u00e1s, nuestros\u00a0gu\u00edas\u00a0son experimentados y est\u00e1n\u00a0altamente capacitados, por lo que si sigues sus instrucciones podemos garantizar tu seguridad.Ahora solo queda comenzar a disfrutar de una de las\u00a0excursiones m\u00e1s divertidas\u00a0en plena naturaleza salvaje.\u00bfPor qu\u00e9 no te puedes perder esta actividad?Estar en Punta Cana y pas\u00e1rselo bien son sin\u00f3nimos. Y no solo hablamos de fiesta, playa y costa, sino que la aventura tambi\u00e9n se abre paso muy cerca.El conjunto de\u00a0Ziplines de Anamuya\u00a0es el primer recorrido de este tipo en la Rep\u00fablica Dominicana. Cuenta con un total de\u00a018 plataformas y 12 cables, en las que te aseguramos que vivir\u00e1s una de las\u00a0experiencias tur\u00edsticas m\u00e1s divertidas\u00a0de tu visita a Punta Cana.El poblado de Anamuya es el marco de esta\u00a0actividad, un lugar que seguramente te encantar\u00e1. Cambiar la playa por la selva entre las cordilleras de\u00a0Anamuya\u00a0y el\u00a0Bonao\u00a0es una buena manera de conocer otra cara de la Rep\u00fablica Dominicana.No solo tendr\u00e1s la oportunidad de hacer Zipline, sino que adem\u00e1s podr\u00e1s conocer de primera mano el\u00a0bosque tropical semi-h\u00famedo\u00a0que rodea el lugar. Es algo que seguro no te quieres perder, \u00bfverdad?\" \/>\n<meta property=\"og:url\" content=\"https:\/\/patrickvacation.com\/en\/excursiones\/zipline-punta-cana\/\" \/>\n<meta property=\"og:site_name\" content=\"Patrick Vacation\" \/>\n<meta property=\"article:publisher\" content=\"https:\/\/www.facebook.com\/alcequiez.tours.travel\" \/>\n<meta property=\"article:modified_time\" content=\"2025-02-20T23:21:26+00:00\" \/>\n<meta property=\"og:image\" content=\"https:\/\/patrickvacation.com\/wp-content\/uploads\/2025\/02\/zipline.jpg\" \/>\n\t<meta property=\"og:image:width\" content=\"735\" \/>\n\t<meta property=\"og:image:height\" content=\"591\" \/>\n\t<meta property=\"og:image:type\" content=\"image\/jpeg\" \/>\n<meta name=\"twitter:card\" content=\"summary_large_image\" \/>\n<meta name=\"twitter:label1\" content=\"Est. reading time\" \/>\n\t<meta name=\"twitter:data1\" content=\"1 minute\" \/>\n<script type=\"application\/ld+json\" class=\"yoast-schema-graph\">{\"@context\":\"https:\/\/schema.org\",\"@graph\":[{\"@type\":\"WebPage\",\"@id\":\"https:\/\/patrickvacation.com\/excursiones\/zipline-punta-cana\/\",\"url\":\"https:\/\/patrickvacation.com\/excursiones\/zipline-punta-cana\/\",\"name\":\"ZipLine Punta Cana - Patrick Vacation\",\"isPartOf\":{\"@id\":\"https:\/\/patrickvacation.com\/#website\"},\"primaryImageOfPage\":{\"@id\":\"https:\/\/patrickvacation.com\/excursiones\/zipline-punta-cana\/#primaryimage\"},\"image\":{\"@id\":\"https:\/\/patrickvacation.com\/excursiones\/zipline-punta-cana\/#primaryimage\"},\"thumbnailUrl\":\"https:\/\/patrickvacation.com\/wp-content\/uploads\/2025\/02\/zipline.jpg\",\"datePublished\":\"2025-02-20T23:20:29+00:00\",\"dateModified\":\"2025-02-20T23:21:26+00:00\",\"breadcrumb\":{\"@id\":\"https:\/\/patrickvacation.com\/excursiones\/zipline-punta-cana\/#breadcrumb\"},\"inLanguage\":\"en-US\",\"potentialAction\":[{\"@type\":\"ReadAction\",\"target\":[\"https:\/\/patrickvacation.com\/excursiones\/zipline-punta-cana\/\"]}]},{\"@type\":\"ImageObject\",\"inLanguage\":\"en-US\",\"@id\":\"https:\/\/patrickvacation.com\/excursiones\/zipline-punta-cana\/#primaryimage\",\"url\":\"https:\/\/patrickvacation.com\/wp-content\/uploads\/2025\/02\/zipline.jpg\",\"contentUrl\":\"https:\/\/patrickvacation.com\/wp-content\/uploads\/2025\/02\/zipline.jpg\",\"width\":735,\"height\":591},{\"@type\":\"BreadcrumbList\",\"@id\":\"https:\/\/patrickvacation.com\/excursiones\/zipline-punta-cana\/#breadcrumb\",\"itemListElement\":[{\"@type\":\"ListItem\",\"position\":1,\"name\":\"Portada\",\"item\":\"https:\/\/patrickvacation.com\/\"},{\"@type\":\"ListItem\",\"position\":2,\"name\":\"Excursiones y Reservas\",\"item\":\"https:\/\/patrickvacation.com\/excursiones\/\"},{\"@type\":\"ListItem\",\"position\":3,\"name\":\"ZipLine Punta Cana\"}]},{\"@type\":\"WebSite\",\"@id\":\"https:\/\/patrickvacation.com\/#website\",\"url\":\"https:\/\/patrickvacation.com\/\",\"name\":\"Patrick Vacation\",\"description\":\"\",\"publisher\":{\"@id\":\"https:\/\/patrickvacation.com\/#organization\"},\"potentialAction\":[{\"@type\":\"SearchAction\",\"target\":{\"@type\":\"EntryPoint\",\"urlTemplate\":\"https:\/\/patrickvacation.com\/?s={search_term_string}\"},\"query-input\":{\"@type\":\"PropertyValueSpecification\",\"valueRequired\":true,\"valueName\":\"search_term_string\"}}],\"inLanguage\":\"en-US\"},{\"@type\":\"Organization\",\"@id\":\"https:\/\/patrickvacation.com\/#organization\",\"name\":\"Alcequiez Tours and Travel\",\"url\":\"https:\/\/patrickvacation.com\/\",\"logo\":{\"@type\":\"ImageObject\",\"inLanguage\":\"en-US\",\"@id\":\"https:\/\/patrickvacation.com\/#\/schema\/logo\/image\/\",\"url\":\"https:\/\/patrickvacation.com\/wp-content\/uploads\/2023\/03\/Logo-Alcequiez.png\",\"contentUrl\":\"https:\/\/patrickvacation.com\/wp-content\/uploads\/2023\/03\/Logo-Alcequiez.png\",\"width\":1080,\"height\":560,\"caption\":\"Alcequiez Tours and Travel\"},\"image\":{\"@id\":\"https:\/\/patrickvacation.com\/#\/schema\/logo\/image\/\"},\"sameAs\":[\"https:\/\/www.facebook.com\/alcequiez.tours.travel\",\"https:\/\/www.instagram.com\/alcequieztour\/\"]}]}<\/script>\n<!-- \/ Yoast SEO plugin. -->","yoast_head_json":{"title":"ZipLine Punta Cana - Patrick Vacation","robots":{"index":"index","follow":"follow","max-snippet":"max-snippet:-1","max-image-preview":"max-image-preview:large","max-video-preview":"max-video-preview:-1"},"canonical":"https:\/\/patrickvacation.com\/en\/excursiones\/zipline-punta-cana\/","og_locale":"en_US","og_type":"article","og_title":"ZipLine Punta Cana - Patrick Vacation","og_description":"Tour de ZipLine en Punta CanaPrep\u00e1rate para una\u00a0experiencia \u00fanica\u00a0de medio d\u00eda que te llevar\u00e1 a\u00a0lanzarte\u00a0por encima de\u00a0los gigantescos \u00e1rboles de la jungla de Anamuya\u00a0en\u00a0Ziplines\u00a0dobles con un total de 2.800 metros de recorrido.Contamos con\u00a018 plataformas y 12 cables\u00a0situados\u00a0en las copas de los \u00e1rboles, un\u00a0cable\u00a0paralelo de\u00a0acero doble\u00a0y un sistema de\u00a0frenado semiautom\u00e1tico. No te puedes ir de Rep\u00fablica Dominicana sin haber probado la diversi\u00f3n de nuestro Zipline, por el que deslizaras a\u00a0800\u00a0metros\u00a0de altura a una velocidad m\u00e1xima de\u00a065 kil\u00f3metros por hora\u00a0(depende del peso de cada persona).En el camino hasta el punto de salida, disfrutar\u00e1s en los\u00a0puentes colgantes\u00a0desde los que podr\u00e1s admirar la flora y fauna de la selva dominicana.Somos la\u00a0\u00fanica empresa\u00a0en todo el pa\u00eds\u00a0que ofrece tirolinas dobles\u00a0de acero, con una l\u00ednea de vida al mismo tiempo, para garantizar una\u00a0seguridad total a nuestros clientes.Revisamos\u00a0diariamente\u00a0nuestros equipos e infraestructura, de acuerdo con los manuales de operaciones de los fabricantes. Adem\u00e1s, nuestros\u00a0gu\u00edas\u00a0son experimentados y est\u00e1n\u00a0altamente capacitados, por lo que si sigues sus instrucciones podemos garantizar tu seguridad.Ahora solo queda comenzar a disfrutar de una de las\u00a0excursiones m\u00e1s divertidas\u00a0en plena naturaleza salvaje.\u00bfPor qu\u00e9 no te puedes perder esta actividad?Estar en Punta Cana y pas\u00e1rselo bien son sin\u00f3nimos. Y no solo hablamos de fiesta, playa y costa, sino que la aventura tambi\u00e9n se abre paso muy cerca.El conjunto de\u00a0Ziplines de Anamuya\u00a0es el primer recorrido de este tipo en la Rep\u00fablica Dominicana. Cuenta con un total de\u00a018 plataformas y 12 cables, en las que te aseguramos que vivir\u00e1s una de las\u00a0experiencias tur\u00edsticas m\u00e1s divertidas\u00a0de tu visita a Punta Cana.El poblado de Anamuya es el marco de esta\u00a0actividad, un lugar que seguramente te encantar\u00e1. Cambiar la playa por la selva entre las cordilleras de\u00a0Anamuya\u00a0y el\u00a0Bonao\u00a0es una buena manera de conocer otra cara de la Rep\u00fablica Dominicana.No solo tendr\u00e1s la oportunidad de hacer Zipline, sino que adem\u00e1s podr\u00e1s conocer de primera mano el\u00a0bosque tropical semi-h\u00famedo\u00a0que rodea el lugar. Es algo que seguro no te quieres perder, \u00bfverdad?","og_url":"https:\/\/patrickvacation.com\/en\/excursiones\/zipline-punta-cana\/","og_site_name":"Patrick Vacation","article_publisher":"https:\/\/www.facebook.com\/alcequiez.tours.travel","article_modified_time":"2025-02-20T23:21:26+00:00","og_image":[{"width":735,"height":591,"url":"https:\/\/patrickvacation.com\/wp-content\/uploads\/2025\/02\/zipline.jpg","type":"image\/jpeg"}],"twitter_card":"summary_large_image","twitter_misc":{"Est. reading time":"1 minute"},"schema":{"@context":"https:\/\/schema.org","@graph":[{"@type":"WebPage","@id":"https:\/\/patrickvacation.com\/excursiones\/zipline-punta-cana\/","url":"https:\/\/patrickvacation.com\/excursiones\/zipline-punta-cana\/","name":"ZipLine Punta Cana - Patrick Vacation","isPartOf":{"@id":"https:\/\/patrickvacation.com\/#website"},"primaryImageOfPage":{"@id":"https:\/\/patrickvacation.com\/excursiones\/zipline-punta-cana\/#primaryimage"},"image":{"@id":"https:\/\/patrickvacation.com\/excursiones\/zipline-punta-cana\/#primaryimage"},"thumbnailUrl":"https:\/\/patrickvacation.com\/wp-content\/uploads\/2025\/02\/zipline.jpg","datePublished":"2025-02-20T23:20:29+00:00","dateModified":"2025-02-20T23:21:26+00:00","breadcrumb":{"@id":"https:\/\/patrickvacation.com\/excursiones\/zipline-punta-cana\/#breadcrumb"},"inLanguage":"en-US","potentialAction":[{"@type":"ReadAction","target":["https:\/\/patrickvacation.com\/excursiones\/zipline-punta-cana\/"]}]},{"@type":"ImageObject","inLanguage":"en-US","@id":"https:\/\/patrickvacation.com\/excursiones\/zipline-punta-cana\/#primaryimage","url":"https:\/\/patrickvacation.com\/wp-content\/uploads\/2025\/02\/zipline.jpg","contentUrl":"https:\/\/patrickvacation.com\/wp-content\/uploads\/2025\/02\/zipline.jpg","width":735,"height":591},{"@type":"BreadcrumbList","@id":"https:\/\/patrickvacation.com\/excursiones\/zipline-punta-cana\/#breadcrumb","itemListElement":[{"@type":"ListItem","position":1,"name":"Portada","item":"https:\/\/patrickvacation.com\/"},{"@type":"ListItem","position":2,"name":"Excursiones y Reservas","item":"https:\/\/patrickvacation.com\/excursiones\/"},{"@type":"ListItem","position":3,"name":"ZipLine Punta Cana"}]},{"@type":"WebSite","@id":"https:\/\/patrickvacation.com\/#website","url":"https:\/\/patrickvacation.com\/","name":"Patrick Vacation","description":"","publisher":{"@id":"https:\/\/patrickvacation.com\/#organization"},"potentialAction":[{"@type":"SearchAction","target":{"@type":"EntryPoint","urlTemplate":"https:\/\/patrickvacation.com\/?s={search_term_string}"},"query-input":{"@type":"PropertyValueSpecification","valueRequired":true,"valueName":"search_term_string"}}],"inLanguage":"en-US"},{"@type":"Organization","@id":"https:\/\/patrickvacation.com\/#organization","name":"Alcequiez Tours and Travel","url":"https:\/\/patrickvacation.com\/","logo":{"@type":"ImageObject","inLanguage":"en-US","@id":"https:\/\/patrickvacation.com\/#\/schema\/logo\/image\/","url":"https:\/\/patrickvacation.com\/wp-content\/uploads\/2023\/03\/Logo-Alcequiez.png","contentUrl":"https:\/\/patrickvacation.com\/wp-content\/uploads\/2023\/03\/Logo-Alcequiez.png","width":1080,"height":560,"caption":"Alcequiez Tours and Travel"},"image":{"@id":"https:\/\/patrickvacation.com\/#\/schema\/logo\/image\/"},"sameAs":["https:\/\/www.facebook.com\/alcequiez.tours.travel","https:\/\/www.instagram.com\/alcequieztour\/"]}]}},"_links":{"self":[{"href":"https:\/\/patrickvacation.com\/en\/wp-json\/wp\/v2\/product\/6805","targetHints":{"allow":["GET"]}}],"collection":[{"href":"https:\/\/patrickvacation.com\/en\/wp-json\/wp\/v2\/product"}],"about":[{"href":"https:\/\/patrickvacation.com\/en\/wp-json\/wp\/v2\/types\/product"}],"version-history":[{"count":0,"href":"https:\/\/patrickvacation.com\/en\/wp-json\/wp\/v2\/product\/6805\/revisions"}],"wp:featuredmedia":[{"embeddable":true,"href":"https:\/\/patrickvacation.com\/en\/wp-json\/wp\/v2\/media\/6806"}],"wp:attachment":[{"href":"https:\/\/patrickvacation.com\/en\/wp-json\/wp\/v2\/media?parent=6805"}],"wp:term":[{"taxonomy":"product_brand","embeddable":true,"href":"https:\/\/patrickvacation.com\/en\/wp-json\/wp\/v2\/product_brand?post=6805"},{"taxonomy":"product_cat","embeddable":true,"href":"https:\/\/patrickvacation.com\/en\/wp-json\/wp\/v2\/product_cat?post=6805"},{"taxonomy":"product_tag","embeddable":true,"href":"https:\/\/patrickvacation.com\/en\/wp-json\/wp\/v2\/product_tag?post=6805"}],"curies":[{"name":"wp","href":"https:\/\/api.w.org\/{rel}","templated":true}]}}