{"id":6810,"date":"2025-02-20T23:30:59","date_gmt":"2025-02-20T23:30:59","guid":{"rendered":"https:\/\/patrickvacation.com\/reservas\/parasailing\/"},"modified":"2025-02-20T23:31:58","modified_gmt":"2025-02-20T23:31:58","slug":"parasailing","status":"publish","type":"product","link":"https:\/\/patrickvacation.com\/en\/excursiones\/parasailing\/","title":{"rendered":"Parasailing"},"content":{"rendered":"<h2 id=\"headline-51-669\" class=\"ct-headline\" style=\"margin: 0px;font-family: Quicksand;font-size: 35px\" data-mce-style=\"margin: 0px; font-family: Quicksand; font-size: 35px;\">Itinerario. \u00bfQu\u00e9 haremos en la excursi\u00f3n de Parasailing?<\/h2>\n<div id=\"_rich_text-108-669\" class=\"oxy-rich-text\">\n<p style=\"margin-block-start: 0px\" data-mce-style=\"margin-block-start: 0px;\">Te recogeremos en tu hotel o resort en Punta Cana a la hora que quieras, desde donde te llevaremos hasta la linda\u00a0<span style=\"font-weight: bolder\" data-mce-style=\"font-weight: bolder;\">playa de B\u00e1varo<\/span>\u00a0or\u00a0<span style=\"font-weight: bolder\" data-mce-style=\"font-weight: bolder;\">Cabeza de Toro<\/span>, donde nos subiremos a nuestra\u00a0<span style=\"font-weight: bolder\" data-mce-style=\"font-weight: bolder;\">lancha r\u00e1pida<\/span>\u00a0para hacer parasail.<\/p>\n<p style=\"margin-block-end: 0px\" data-mce-style=\"margin-block-end: 0px;\">Durante un\u00a0<span style=\"font-weight: bolder\" data-mce-style=\"font-weight: bolder;\">vuelo de 10 minutos<\/span>\u00a0en los que tus pies no tocaran suelo firme, disfrutar\u00e1s de una experiencia en la que te sentir\u00e1s totalmente seguro gracias a nuestro equipo de profesionales.<\/p>\n<section id=\"section-72-669\" class=\"ct-section nitro-offscreen\">\n<div class=\"ct-section-inner-wrap\" style=\"margin-left: auto;margin-right: auto;height: 264.375px;min-height: inherit;max-width: 1120px;padding: 23px 20px 11px;flex-direction: column;align-items: flex-start\">\n<h2 id=\"headline-73-669\" class=\"ct-headline\" style=\"margin: 0px;font-family: Quicksand;font-size: 35px\">\u00bfQui\u00e9n no puede hacer esta actividad?<br \/><\/h2>\n<div id=\"_rich_text-74-669\" class=\"oxy-rich-text\" style=\"margin-top: 20px;margin-bottom: 20px;width: 1080px\">\n<p style=\"margin-block-start: 0px\">Esta\u00a0<span style=\"font-weight: bolder\">excursi\u00f3n es muy tranquila<\/span>, aunque parezca lo contrario, pero existen restricciones para las siguientes personas:<\/p>\n<ul>\n<li><span style=\"font-weight: bolder\">Personas con problemas de espalda y de coraz\u00f3n<\/span>.<\/li>\n<li>Las\u00a0<span style=\"font-weight: bolder\">mujeres embarazadas\u00a0<\/span>no podr\u00e1n disfrutar de esta experiencia por motivos de seguridad.<\/li>\n<li><span style=\"font-weight: bolder\">Ni\u00f1os con una edad por debajo de los 7 a\u00f1os<\/span>.<\/li>\n<\/ul>\n<\/div>\n<\/div>\n<\/section>\n<section id=\"section-82-669\" class=\"ct-section nitro-offscreen\">\n<div class=\"ct-section-inner-wrap\" style=\"margin-left: auto;margin-right: auto;height: 255.375px;min-height: inherit;max-width: 1120px;padding: 23px 20px 2px;flex-direction: column;align-items: flex-start\">\n<h2 id=\"headline-83-669\" class=\"ct-headline\" style=\"margin: 0px;font-family: Quicksand;font-size: 35px\">\u00bfQu\u00e9 incluye en este paseo de parasailing?<br \/><\/h2>\n<div id=\"_rich_text-84-669\" class=\"oxy-rich-text\" style=\"margin-top: 20px;margin-bottom: 20px;width: 1080px\">\n<ul>\n<li><span style=\"font-weight: bolder\">Recogida y vuelta en tu hotel.<\/span><\/li>\n<li><span style=\"font-weight: bolder\">Traslado en lancha<\/span>\u00a0hasta la zona de vuelo.<\/li>\n<li>Una duraci\u00f3n de\u00a0<span style=\"font-weight: bolder\">8\/10 minutos de vuelo<\/span>\u00a0en parasailing.<\/li>\n<li>No est\u00e1 incluido el\u00a0<span style=\"font-weight: bolder\">almuerzo<\/span>.<\/li>\n<\/ul>\n<\/div>\n<\/div>\n<\/section>\n<section id=\"section-91-669\" class=\"ct-section nitro-offscreen\">\n<div class=\"ct-section-inner-wrap\" style=\"margin-left: auto;margin-right: auto;height: 363.76px;min-height: inherit;max-width: 1120px;padding: 8px 20px 31px;flex-direction: column;align-items: flex-start\">\n<h2 id=\"headline-92-669\" class=\"ct-headline\" style=\"margin: 0px;font-family: Quicksand;font-size: 35px\">Recomendaciones para este tour:<br \/><\/h2>\n<div id=\"_rich_text-93-669\" class=\"oxy-rich-text\" style=\"margin-top: 20px;margin-bottom: 20px;width: 1080px\">\n<p style=\"margin-block-start: 0px\">Las ganas de realizar una\u00a0<span style=\"font-weight: bolder\">actividad acu\u00e1tica \u00fanica<\/span>\u00a0es lo que debes llevar contigo. Adem\u00e1s, te recomendamos\u00a0<span style=\"font-weight: bolder\">llevar algunos objetos personales<\/span>\u00a0para hacer de la experiencia algo a\u00fan mejor:<\/p>\n<ul>\n<li>Un buen\u00a0<span style=\"font-weight: bolder\">protector solar\u00a0<\/span>para proteger nuestra piel del sol.<\/li>\n<li><span style=\"font-weight: bolder\">Gafas de sol<\/span>.<\/li>\n<li><span style=\"font-weight: bolder\">Dinero<\/span> en efectivo por si quisieras comprar alg\u00fan recuerdo o souvenir.<\/li>\n<\/ul>\n<\/div>\n<\/div>\n<\/section>\n<\/div>","protected":false},"excerpt":{"rendered":"<div id=\"div_block-25-669\" class=\"ct-div-block\">\n<h2 id=\"headline-26-669\" class=\"ct-headline\" style=\"margin: 7px 0px 0px;font-family: Quicksand;font-size: 35px\" data-mce-style=\"margin: 7px 0px 0px; font-family: Quicksand; font-size: 35px;\">Parasailing en Punta Cana<\/h2>\n<div id=\"_rich_text-107-669\" class=\"oxy-rich-text\" style=\"margin-top: 15px;width: 609.594px\" data-mce-style=\"margin-top: 15px; width: 609.594px;\">\n<p style=\"margin-block-start: 0px\" data-mce-style=\"margin-block-start: 0px;\"><span style=\"font-weight: bolder\" data-mce-style=\"font-weight: bolder;\">Sobrevuela\u00a0<\/span>Punta Cana en tus vacaciones en la costa caribe\u00f1a haciendo\u00a0<span style=\"font-weight: bolder\" data-mce-style=\"font-weight: bolder;\">parasailing<\/span>. Pura adrenalina y diversi\u00f3n te esperan en este deporte que consiste en\u00a0<span style=\"font-weight: bolder\" data-mce-style=\"font-weight: bolder;\">volar en parapente<\/span>\u00a0por encima del mar. Un vuelo impresionante con unas vistas incre\u00edbles que permanecer\u00e1n en tu retina para siempre.<\/p>\n<p>Vuela a unos\u00a0<span style=\"font-weight: bolder\" data-mce-style=\"font-weight: bolder;\">30 metros de altura<\/span>\u00a0por la playa de B\u00e1varo en un paraca\u00eddas amarrado a una lancha. Como ves es una experiencia de turismo activo impresionante, en la que disfrutar\u00e1s de una experiencia incomparable.<\/p>\n<p>Gracias a nuestra lancha r\u00e1pida y al efecto del viento,\u00a0<span style=\"font-weight: bolder\" data-mce-style=\"font-weight: bolder;\">podr\u00e1s surcar el cielo a una gran velocidad<\/span>\u00a0disfrutando de toda la costa de Punta Cana. Obtendr\u00e1s una vista de p\u00e1jaro que en muy pocas ocasiones se puede tener, sobre las aguas turquesas, las playas de arena blanca y la selva dominicana.<\/p>\n<p style=\"margin-block-end: 0px\" data-mce-style=\"margin-block-end: 0px;\">\u00a1Volar sobre la costa de B\u00e1varo es un sue\u00f1o hecho realidad!<\/p>\n<\/div>\n<\/div>\n<div id=\"div_block-123-669\" class=\"ct-div-block\">\n<h2 id=\"headline-124-669\" class=\"ct-headline\" style=\"margin: 7px 0px 0px;font-family: Quicksand;font-size: 35px\" data-mce-style=\"margin: 7px 0px 0px; font-family: Quicksand; font-size: 35px;\">\u00bfPor qu\u00e9 no puedes perderte esta actividad?<\/h2>\n<div id=\"_rich_text-125-669\" class=\"oxy-rich-text\" style=\"margin-top: 20px;width: 609.594px\" data-mce-style=\"margin-top: 20px; width: 609.594px;\">\n<p style=\"margin-block-start: 0px\" data-mce-style=\"margin-block-start: 0px;\">El\u00a0<span style=\"font-weight: bolder\" data-mce-style=\"font-weight: bolder;\">parasailing<\/span>\u00a0es una de las actividades que seguramente realices pocas veces en tu vida. \u00bfY qu\u00e9 mejor que hacerlo de la mano de\u00a0<span style=\"font-weight: bolder\" data-mce-style=\"font-weight: bolder;\">aut\u00e9nticos profesionales<\/span>\u00a0en\u00a0<span style=\"font-weight: bolder\" data-mce-style=\"font-weight: bolder;\">Punta Cana<\/span>? Probablemente nunca encuentres un escenario mejor para realizar esta aventura.<\/p>\n<p>El parasailing consiste en ser\u00a0<span style=\"font-weight: bolder\" data-mce-style=\"font-weight: bolder;\">remolcados por una lancha<\/span>\u00a0mientras estamos\u00a0<span style=\"font-weight: bolder\" data-mce-style=\"font-weight: bolder;\">suspendidos en el aire<\/span>\u00a0gracias a un\u00a0<span style=\"font-weight: bolder\" data-mce-style=\"font-weight: bolder;\">paraca\u00eddas<\/span>.<\/p>\n<p>Se necesita una lancha de alta potencia que consiga levantarte del suelo hasta empezar a volar en pleno mar abierto.<\/p>\n<p>Fue inventada en el a\u00f1o 1971 de la mano del estadounidense\u00a0<em>Mark McCulloh<\/em>, que con una lancha r\u00e1pida y un viejo paraca\u00eddas logr\u00f3 por primera vez surcar las aguas de una playa mientras se suspend\u00eda en el aire a varios metros de altura.<\/p>\n<p>Debes saber que el parasailing es una\u00a0<span style=\"font-weight: bolder\" data-mce-style=\"font-weight: bolder;\">experiencia 100% segura<\/span>. En primer lugar porque\u00a0<span style=\"font-weight: bolder\" data-mce-style=\"font-weight: bolder;\">los materiales se revisan<\/span>\u00a0constantemente para que tengan un rendimiento \u00f3ptimo. Y en segundo lugar porque siempre estar\u00e1s\u00a0<span style=\"font-weight: bolder\" data-mce-style=\"font-weight: bolder;\">acompa\u00f1ado por un gu\u00eda profesional<\/span>\u00a0que te ayudar\u00e1 en tu despegue, vuelo y aterrizaje.<\/p>\n<p>Otro de los atractivos de esta actividad es que podr\u00e1s ver\u00a0<span style=\"font-weight: bolder\" data-mce-style=\"font-weight: bolder;\">playa B\u00e1varo<\/span>\u00a0desde un\u00a0<span style=\"font-weight: bolder\" data-mce-style=\"font-weight: bolder;\">punto de vista<\/span>\u00a0totalmente\u00a0<span style=\"font-weight: bolder\" data-mce-style=\"font-weight: bolder;\">diferente<\/span>.<\/p>\n<p>Haciendo parasailing no solo podr\u00e1s ver la playa, sino los\u00a0<span style=\"font-weight: bolder\" data-mce-style=\"font-weight: bolder;\">kil\u00f3metros de selva<\/span>\u00a0que se extienden tras ella, as\u00ed como el incre\u00edble\u00a0<span style=\"font-weight: bolder\" data-mce-style=\"font-weight: bolder;\">campo dominicano<\/span>. Por si fuera poco, el agua del\u00a0<span style=\"font-weight: bolder\" data-mce-style=\"font-weight: bolder;\">mar Caribe<\/span>\u00a0se extender\u00e1 bajo tus pies hasta el infinito.<\/p>\n<p style=\"margin-block-end: 0px\" data-mce-style=\"margin-block-end: 0px;\"><em>* Seg\u00fan el ministerio de turismo de Rep\u00fablica Dominicana, es una de las\u00a0<span style=\"font-weight: bolder\" data-mce-style=\"font-weight: bolder;\">excursiones tur\u00edsticas m\u00e1s reservadas<\/span>\u00a0por los viajeros que visitan nuestra isla en cualquier temporada.<\/em><\/p>\n<\/div>\n<\/div>","protected":false},"featured_media":6809,"template":"","meta":[],"product_brand":[],"product_cat":[178,180,181,182,179],"product_tag":[],"class_list":{"0":"post-6810","1":"product","2":"type-product","3":"status-publish","4":"has-post-thumbnail","6":"product_cat-aventura-safari","7":"product_cat-citytours-toursareos","8":"product_cat-deportes-extremos","9":"product_cat-ecoaventura-senderismo","10":"product_cat-parques-experiencias","12":"first","13":"instock","14":"shipping-taxable","15":"purchasable","16":"product-type-simple"},"yoast_head":"<!-- This site is optimized with the Yoast SEO plugin v24.7 - https:\/\/yoast.com\/wordpress\/plugins\/seo\/ -->\n<title>Parasailing - Patrick Vacation<\/title>\n<meta name=\"robots\" content=\"index, follow, max-snippet:-1, max-image-preview:large, max-video-preview:-1\" \/>\n<link rel=\"canonical\" href=\"https:\/\/patrickvacation.com\/en\/excursiones\/parasailing\/\" \/>\n<meta property=\"og:locale\" content=\"en_US\" \/>\n<meta property=\"og:type\" content=\"article\" \/>\n<meta property=\"og:title\" content=\"Parasailing - Patrick Vacation\" \/>\n<meta property=\"og:description\" content=\"Parasailing en Punta CanaSobrevuela\u00a0Punta Cana en tus vacaciones en la costa caribe\u00f1a haciendo\u00a0parasailing. Pura adrenalina y diversi\u00f3n te esperan en este deporte que consiste en\u00a0volar en parapente\u00a0por encima del mar. Un vuelo impresionante con unas vistas incre\u00edbles que permanecer\u00e1n en tu retina para siempre.Vuela a unos\u00a030 metros de altura\u00a0por la playa de B\u00e1varo en un paraca\u00eddas amarrado a una lancha. Como ves es una experiencia de turismo activo impresionante, en la que disfrutar\u00e1s de una experiencia incomparable.Gracias a nuestra lancha r\u00e1pida y al efecto del viento,\u00a0podr\u00e1s surcar el cielo a una gran velocidad\u00a0disfrutando de toda la costa de Punta Cana. Obtendr\u00e1s una vista de p\u00e1jaro que en muy pocas ocasiones se puede tener, sobre las aguas turquesas, las playas de arena blanca y la selva dominicana.\u00a1Volar sobre la costa de B\u00e1varo es un sue\u00f1o hecho realidad!\u00bfPor qu\u00e9 no puedes perderte esta actividad?El\u00a0parasailing\u00a0es una de las actividades que seguramente realices pocas veces en tu vida. \u00bfY qu\u00e9 mejor que hacerlo de la mano de\u00a0aut\u00e9nticos profesionales\u00a0en\u00a0Punta Cana? Probablemente nunca encuentres un escenario mejor para realizar esta aventura.El parasailing consiste en ser\u00a0remolcados por una lancha\u00a0mientras estamos\u00a0suspendidos en el aire\u00a0gracias a un\u00a0paraca\u00eddas.Se necesita una lancha de alta potencia que consiga levantarte del suelo hasta empezar a volar en pleno mar abierto.Fue inventada en el a\u00f1o 1971 de la mano del estadounidense\u00a0Mark McCulloh, que con una lancha r\u00e1pida y un viejo paraca\u00eddas logr\u00f3 por primera vez surcar las aguas de una playa mientras se suspend\u00eda en el aire a varios metros de altura.Debes saber que el parasailing es una\u00a0experiencia 100% segura. En primer lugar porque\u00a0los materiales se revisan\u00a0constantemente para que tengan un rendimiento \u00f3ptimo. Y en segundo lugar porque siempre estar\u00e1s\u00a0acompa\u00f1ado por un gu\u00eda profesional\u00a0que te ayudar\u00e1 en tu despegue, vuelo y aterrizaje.Otro de los atractivos de esta actividad es que podr\u00e1s ver\u00a0playa B\u00e1varo\u00a0desde un\u00a0punto de vista\u00a0totalmente\u00a0diferente.Haciendo parasailing no solo podr\u00e1s ver la playa, sino los\u00a0kil\u00f3metros de selva\u00a0que se extienden tras ella, as\u00ed como el incre\u00edble\u00a0campo dominicano. Por si fuera poco, el agua del\u00a0mar Caribe\u00a0se extender\u00e1 bajo tus pies hasta el infinito.* Seg\u00fan el ministerio de turismo de Rep\u00fablica Dominicana, es una de las\u00a0excursiones tur\u00edsticas m\u00e1s reservadas\u00a0por los viajeros que visitan nuestra isla en cualquier temporada.\" \/>\n<meta property=\"og:url\" content=\"https:\/\/patrickvacation.com\/en\/excursiones\/parasailing\/\" \/>\n<meta property=\"og:site_name\" content=\"Patrick Vacation\" \/>\n<meta property=\"article:publisher\" content=\"https:\/\/www.facebook.com\/alcequiez.tours.travel\" \/>\n<meta property=\"article:modified_time\" content=\"2025-02-20T23:31:58+00:00\" \/>\n<meta property=\"og:image\" content=\"https:\/\/patrickvacation.com\/wp-content\/uploads\/2025\/02\/PARASAILING.jpg\" \/>\n\t<meta property=\"og:image:width\" content=\"787\" \/>\n\t<meta property=\"og:image:height\" content=\"591\" \/>\n\t<meta property=\"og:image:type\" content=\"image\/jpeg\" \/>\n<meta name=\"twitter:card\" content=\"summary_large_image\" \/>\n<meta name=\"twitter:label1\" content=\"Est. reading time\" \/>\n\t<meta name=\"twitter:data1\" content=\"1 minute\" \/>\n<script type=\"application\/ld+json\" class=\"yoast-schema-graph\">{\"@context\":\"https:\/\/schema.org\",\"@graph\":[{\"@type\":\"WebPage\",\"@id\":\"https:\/\/patrickvacation.com\/excursiones\/parasailing\/\",\"url\":\"https:\/\/patrickvacation.com\/excursiones\/parasailing\/\",\"name\":\"Parasailing - Patrick Vacation\",\"isPartOf\":{\"@id\":\"https:\/\/patrickvacation.com\/#website\"},\"primaryImageOfPage\":{\"@id\":\"https:\/\/patrickvacation.com\/excursiones\/parasailing\/#primaryimage\"},\"image\":{\"@id\":\"https:\/\/patrickvacation.com\/excursiones\/parasailing\/#primaryimage\"},\"thumbnailUrl\":\"https:\/\/patrickvacation.com\/wp-content\/uploads\/2025\/02\/PARASAILING.jpg\",\"datePublished\":\"2025-02-20T23:30:59+00:00\",\"dateModified\":\"2025-02-20T23:31:58+00:00\",\"breadcrumb\":{\"@id\":\"https:\/\/patrickvacation.com\/excursiones\/parasailing\/#breadcrumb\"},\"inLanguage\":\"en-US\",\"potentialAction\":[{\"@type\":\"ReadAction\",\"target\":[\"https:\/\/patrickvacation.com\/excursiones\/parasailing\/\"]}]},{\"@type\":\"ImageObject\",\"inLanguage\":\"en-US\",\"@id\":\"https:\/\/patrickvacation.com\/excursiones\/parasailing\/#primaryimage\",\"url\":\"https:\/\/patrickvacation.com\/wp-content\/uploads\/2025\/02\/PARASAILING.jpg\",\"contentUrl\":\"https:\/\/patrickvacation.com\/wp-content\/uploads\/2025\/02\/PARASAILING.jpg\",\"width\":787,\"height\":591},{\"@type\":\"BreadcrumbList\",\"@id\":\"https:\/\/patrickvacation.com\/excursiones\/parasailing\/#breadcrumb\",\"itemListElement\":[{\"@type\":\"ListItem\",\"position\":1,\"name\":\"Portada\",\"item\":\"https:\/\/patrickvacation.com\/\"},{\"@type\":\"ListItem\",\"position\":2,\"name\":\"Excursiones y Reservas\",\"item\":\"https:\/\/patrickvacation.com\/excursiones\/\"},{\"@type\":\"ListItem\",\"position\":3,\"name\":\"Parasailing\"}]},{\"@type\":\"WebSite\",\"@id\":\"https:\/\/patrickvacation.com\/#website\",\"url\":\"https:\/\/patrickvacation.com\/\",\"name\":\"Patrick Vacation\",\"description\":\"\",\"publisher\":{\"@id\":\"https:\/\/patrickvacation.com\/#organization\"},\"potentialAction\":[{\"@type\":\"SearchAction\",\"target\":{\"@type\":\"EntryPoint\",\"urlTemplate\":\"https:\/\/patrickvacation.com\/?s={search_term_string}\"},\"query-input\":{\"@type\":\"PropertyValueSpecification\",\"valueRequired\":true,\"valueName\":\"search_term_string\"}}],\"inLanguage\":\"en-US\"},{\"@type\":\"Organization\",\"@id\":\"https:\/\/patrickvacation.com\/#organization\",\"name\":\"Alcequiez Tours and Travel\",\"url\":\"https:\/\/patrickvacation.com\/\",\"logo\":{\"@type\":\"ImageObject\",\"inLanguage\":\"en-US\",\"@id\":\"https:\/\/patrickvacation.com\/#\/schema\/logo\/image\/\",\"url\":\"https:\/\/patrickvacation.com\/wp-content\/uploads\/2023\/03\/Logo-Alcequiez.png\",\"contentUrl\":\"https:\/\/patrickvacation.com\/wp-content\/uploads\/2023\/03\/Logo-Alcequiez.png\",\"width\":1080,\"height\":560,\"caption\":\"Alcequiez Tours and Travel\"},\"image\":{\"@id\":\"https:\/\/patrickvacation.com\/#\/schema\/logo\/image\/\"},\"sameAs\":[\"https:\/\/www.facebook.com\/alcequiez.tours.travel\",\"https:\/\/www.instagram.com\/alcequieztour\/\"]}]}<\/script>\n<!-- \/ Yoast SEO plugin. -->","yoast_head_json":{"title":"Parasailing - Patrick Vacation","robots":{"index":"index","follow":"follow","max-snippet":"max-snippet:-1","max-image-preview":"max-image-preview:large","max-video-preview":"max-video-preview:-1"},"canonical":"https:\/\/patrickvacation.com\/en\/excursiones\/parasailing\/","og_locale":"en_US","og_type":"article","og_title":"Parasailing - Patrick Vacation","og_description":"Parasailing en Punta CanaSobrevuela\u00a0Punta Cana en tus vacaciones en la costa caribe\u00f1a haciendo\u00a0parasailing. Pura adrenalina y diversi\u00f3n te esperan en este deporte que consiste en\u00a0volar en parapente\u00a0por encima del mar. Un vuelo impresionante con unas vistas incre\u00edbles que permanecer\u00e1n en tu retina para siempre.Vuela a unos\u00a030 metros de altura\u00a0por la playa de B\u00e1varo en un paraca\u00eddas amarrado a una lancha. Como ves es una experiencia de turismo activo impresionante, en la que disfrutar\u00e1s de una experiencia incomparable.Gracias a nuestra lancha r\u00e1pida y al efecto del viento,\u00a0podr\u00e1s surcar el cielo a una gran velocidad\u00a0disfrutando de toda la costa de Punta Cana. Obtendr\u00e1s una vista de p\u00e1jaro que en muy pocas ocasiones se puede tener, sobre las aguas turquesas, las playas de arena blanca y la selva dominicana.\u00a1Volar sobre la costa de B\u00e1varo es un sue\u00f1o hecho realidad!\u00bfPor qu\u00e9 no puedes perderte esta actividad?El\u00a0parasailing\u00a0es una de las actividades que seguramente realices pocas veces en tu vida. \u00bfY qu\u00e9 mejor que hacerlo de la mano de\u00a0aut\u00e9nticos profesionales\u00a0en\u00a0Punta Cana? Probablemente nunca encuentres un escenario mejor para realizar esta aventura.El parasailing consiste en ser\u00a0remolcados por una lancha\u00a0mientras estamos\u00a0suspendidos en el aire\u00a0gracias a un\u00a0paraca\u00eddas.Se necesita una lancha de alta potencia que consiga levantarte del suelo hasta empezar a volar en pleno mar abierto.Fue inventada en el a\u00f1o 1971 de la mano del estadounidense\u00a0Mark McCulloh, que con una lancha r\u00e1pida y un viejo paraca\u00eddas logr\u00f3 por primera vez surcar las aguas de una playa mientras se suspend\u00eda en el aire a varios metros de altura.Debes saber que el parasailing es una\u00a0experiencia 100% segura. En primer lugar porque\u00a0los materiales se revisan\u00a0constantemente para que tengan un rendimiento \u00f3ptimo. Y en segundo lugar porque siempre estar\u00e1s\u00a0acompa\u00f1ado por un gu\u00eda profesional\u00a0que te ayudar\u00e1 en tu despegue, vuelo y aterrizaje.Otro de los atractivos de esta actividad es que podr\u00e1s ver\u00a0playa B\u00e1varo\u00a0desde un\u00a0punto de vista\u00a0totalmente\u00a0diferente.Haciendo parasailing no solo podr\u00e1s ver la playa, sino los\u00a0kil\u00f3metros de selva\u00a0que se extienden tras ella, as\u00ed como el incre\u00edble\u00a0campo dominicano. Por si fuera poco, el agua del\u00a0mar Caribe\u00a0se extender\u00e1 bajo tus pies hasta el infinito.* Seg\u00fan el ministerio de turismo de Rep\u00fablica Dominicana, es una de las\u00a0excursiones tur\u00edsticas m\u00e1s reservadas\u00a0por los viajeros que visitan nuestra isla en cualquier temporada.","og_url":"https:\/\/patrickvacation.com\/en\/excursiones\/parasailing\/","og_site_name":"Patrick Vacation","article_publisher":"https:\/\/www.facebook.com\/alcequiez.tours.travel","article_modified_time":"2025-02-20T23:31:58+00:00","og_image":[{"width":787,"height":591,"url":"https:\/\/patrickvacation.com\/wp-content\/uploads\/2025\/02\/PARASAILING.jpg","type":"image\/jpeg"}],"twitter_card":"summary_large_image","twitter_misc":{"Est. reading time":"1 minute"},"schema":{"@context":"https:\/\/schema.org","@graph":[{"@type":"WebPage","@id":"https:\/\/patrickvacation.com\/excursiones\/parasailing\/","url":"https:\/\/patrickvacation.com\/excursiones\/parasailing\/","name":"Parasailing - Patrick Vacation","isPartOf":{"@id":"https:\/\/patrickvacation.com\/#website"},"primaryImageOfPage":{"@id":"https:\/\/patrickvacation.com\/excursiones\/parasailing\/#primaryimage"},"image":{"@id":"https:\/\/patrickvacation.com\/excursiones\/parasailing\/#primaryimage"},"thumbnailUrl":"https:\/\/patrickvacation.com\/wp-content\/uploads\/2025\/02\/PARASAILING.jpg","datePublished":"2025-02-20T23:30:59+00:00","dateModified":"2025-02-20T23:31:58+00:00","breadcrumb":{"@id":"https:\/\/patrickvacation.com\/excursiones\/parasailing\/#breadcrumb"},"inLanguage":"en-US","potentialAction":[{"@type":"ReadAction","target":["https:\/\/patrickvacation.com\/excursiones\/parasailing\/"]}]},{"@type":"ImageObject","inLanguage":"en-US","@id":"https:\/\/patrickvacation.com\/excursiones\/parasailing\/#primaryimage","url":"https:\/\/patrickvacation.com\/wp-content\/uploads\/2025\/02\/PARASAILING.jpg","contentUrl":"https:\/\/patrickvacation.com\/wp-content\/uploads\/2025\/02\/PARASAILING.jpg","width":787,"height":591},{"@type":"BreadcrumbList","@id":"https:\/\/patrickvacation.com\/excursiones\/parasailing\/#breadcrumb","itemListElement":[{"@type":"ListItem","position":1,"name":"Portada","item":"https:\/\/patrickvacation.com\/"},{"@type":"ListItem","position":2,"name":"Excursiones y Reservas","item":"https:\/\/patrickvacation.com\/excursiones\/"},{"@type":"ListItem","position":3,"name":"Parasailing"}]},{"@type":"WebSite","@id":"https:\/\/patrickvacation.com\/#website","url":"https:\/\/patrickvacation.com\/","name":"Patrick Vacation","description":"","publisher":{"@id":"https:\/\/patrickvacation.com\/#organization"},"potentialAction":[{"@type":"SearchAction","target":{"@type":"EntryPoint","urlTemplate":"https:\/\/patrickvacation.com\/?s={search_term_string}"},"query-input":{"@type":"PropertyValueSpecification","valueRequired":true,"valueName":"search_term_string"}}],"inLanguage":"en-US"},{"@type":"Organization","@id":"https:\/\/patrickvacation.com\/#organization","name":"Alcequiez Tours and Travel","url":"https:\/\/patrickvacation.com\/","logo":{"@type":"ImageObject","inLanguage":"en-US","@id":"https:\/\/patrickvacation.com\/#\/schema\/logo\/image\/","url":"https:\/\/patrickvacation.com\/wp-content\/uploads\/2023\/03\/Logo-Alcequiez.png","contentUrl":"https:\/\/patrickvacation.com\/wp-content\/uploads\/2023\/03\/Logo-Alcequiez.png","width":1080,"height":560,"caption":"Alcequiez Tours and Travel"},"image":{"@id":"https:\/\/patrickvacation.com\/#\/schema\/logo\/image\/"},"sameAs":["https:\/\/www.facebook.com\/alcequiez.tours.travel","https:\/\/www.instagram.com\/alcequieztour\/"]}]}},"_links":{"self":[{"href":"https:\/\/patrickvacation.com\/en\/wp-json\/wp\/v2\/product\/6810","targetHints":{"allow":["GET"]}}],"collection":[{"href":"https:\/\/patrickvacation.com\/en\/wp-json\/wp\/v2\/product"}],"about":[{"href":"https:\/\/patrickvacation.com\/en\/wp-json\/wp\/v2\/types\/product"}],"version-history":[{"count":0,"href":"https:\/\/patrickvacation.com\/en\/wp-json\/wp\/v2\/product\/6810\/revisions"}],"wp:featuredmedia":[{"embeddable":true,"href":"https:\/\/patrickvacation.com\/en\/wp-json\/wp\/v2\/media\/6809"}],"wp:attachment":[{"href":"https:\/\/patrickvacation.com\/en\/wp-json\/wp\/v2\/media?parent=6810"}],"wp:term":[{"taxonomy":"product_brand","embeddable":true,"href":"https:\/\/patrickvacation.com\/en\/wp-json\/wp\/v2\/product_brand?post=6810"},{"taxonomy":"product_cat","embeddable":true,"href":"https:\/\/patrickvacation.com\/en\/wp-json\/wp\/v2\/product_cat?post=6810"},{"taxonomy":"product_tag","embeddable":true,"href":"https:\/\/patrickvacation.com\/en\/wp-json\/wp\/v2\/product_tag?post=6810"}],"curies":[{"name":"wp","href":"https:\/\/api.w.org\/{rel}","templated":true}]}}