{"id":6841,"date":"2025-02-22T18:05:05","date_gmt":"2025-02-22T18:05:05","guid":{"rendered":"https:\/\/patrickvacation.com\/reservas\/hoyo-claro\/"},"modified":"2025-02-22T18:05:05","modified_gmt":"2025-02-22T18:05:05","slug":"hoyo-claro","status":"publish","type":"product","link":"https:\/\/patrickvacation.com\/en\/excursiones\/hoyo-claro\/","title":{"rendered":"Hoyo Claro"},"content":{"rendered":"<h2 id=\"headline-26-2042\" class=\"ct-headline\" style=\"margin: 0px;font-family: Quicksand;font-size: 35px\">\u00bfC\u00f3mo llegar a Hoyo Claro?<\/h2>\n<div id=\"_rich_text-27-2042\" class=\"oxy-rich-text\">\n<p style=\"margin-block-start: 0px\">Para llegar hasta Hoyo Claro desde Punta Cana lo mejor es\u00a0<span style=\"font-weight: bolder\">usar un transporte privado<\/span>, como el que te ofrecemos en\u00a0<a href=\"https:\/\/jackcana.tours\/transporte-privado\/\" target=\"_blank\" rel=\"noopener\" style=\"background-color: transparent\">este link<\/a>.<\/p>\n<p>El transporte te dejar\u00e1 exactamente en un punto de la\u00a0<span style=\"font-weight: bolder\">autopista del Coral<\/span>, que sigue despu\u00e9s en direcci\u00f3n a lugares como Santo Domingo o Hig\u00fcey.<\/p>\n<p>La salida que lleva hasta Hoyo Claro es dif\u00edcil de ver, y es por ello por lo que te recomendamos que reserves un m\u00e9todo de transporte local que sepa llevarte hasta el lugar.<\/p>\n<p style=\"margin-block-end: 0px\">Luego, habr\u00e1 que hacer una\u00a0<span style=\"font-weight: bolder\">excursi\u00f3n a pie de 30 minutos<\/span>\u00a0hasta el Monumento Natural de Hoyo Claro. Cuando estemos all\u00ed, solo quedar\u00e1 disfrutar de este hermoso lugar.<\/p>\n<\/div>\n<h2 id=\"headline-37-2042\" class=\"ct-headline\" style=\"margin: 0px;font-family: Quicksand;font-size: 35px\">Consejos para ir a Hoyo Claro<\/h2>\n<div id=\"_rich_text-38-2042\" class=\"oxy-rich-text\">\n<p style=\"margin-block-start: 0px\">La actividad del Monumento Natural de Hoyo Claro est\u00e1 considerada una actividad de ecoturismo. Por ello, el primer consejo que te queremos dar es que dejes el lugar\u00a0 igual que estaba,\u00a0<span style=\"font-weight: bolder\">llev\u00e1ndote toda la basura<\/span>\u00a0que hayas generado.<\/p>\n<p>Tambi\u00e9n hay otras recomendaciones que debes seguir:<\/p>\n<ul>\n<li>Llevar bastante\u00a0<span style=\"font-weight: bolder\">repelente de mosquitos<\/span>. Estos insectos suelen tener bastante presencia en cenotes como este.<\/li>\n<li><span style=\"font-weight: bolder\">Crema solar<\/span>\u00a0por si hace un d\u00eda soleado.<\/li>\n<li><span style=\"font-weight: bolder\">Ropa de ba\u00f1o y toalla<\/span>\u00a0para sumergirnos en las aguas cristalinas de Hoyo Claro.<\/li>\n<li><span style=\"font-weight: bolder\">Ropa de cambio<\/span>\u00a0para la vuelta.<\/li>\n<li>Mucha\u00a0<span style=\"font-weight: bolder\">agua y comida<\/span>\u00a0si queremos pasar todo el d\u00eda en Hoyo Claro.<\/li>\n<\/ul>\n<p style=\"margin-block-end: 0px\">Esperamos que esta peque\u00f1a gu\u00eda sobre Hoyo Claro te inspire a conocer este hermoso lugar cerca de Punta Cana.<\/p>\n<\/div>","protected":false},"excerpt":{"rendered":"<h2 id=\"headline-22-2042\" class=\"ct-headline\" style=\"margin: 0px;font-family: Quicksand;font-size: 35px\">\u00bfQu\u00e9 es Hoyo Claro?<\/h2>\n<div id=\"_rich_text-21-2042\" class=\"oxy-rich-text\">\n<p style=\"margin-block-start: 0px\">Hoyo Claro es un charco de\u00a0<span style=\"font-weight: bolder\">agua dulce y cristalina<\/span>\u00a0situado muy cerca de Punta Cana. A\u00fan siendo un sitio tan bonito, no es visitado por una gran cantidad de turistas. Por eso sigue siento un\u00a0<span style=\"font-weight: bolder\">tesoro escondido<\/span>\u00a0dentro de\u00a0<span style=\"font-weight: bolder\">la provincia de La Altagracia<\/span>.<\/p>\n<p>Este lugar est\u00e1 denominado como\u00a0<span style=\"font-weight: bolder\">Monumento Natural de Hoyo Claro<\/span>. La laguna se encuentra\u00a0<span style=\"font-weight: bolder\">entre las praderas<\/span>\u00a0que rodean Punta Cana. Aun as\u00ed, el sitio est\u00e1 bien escondido, porque alrededor de estos humedales crece una\u00a0<span style=\"font-weight: bolder\">amplia vegetaci\u00f3n<\/span>\u00a0asociada a los\u00a0<span style=\"font-weight: bolder\">bosques tropicales<\/span>.<\/p>\n<p>El ecosistema lo completan los\u00a0<span style=\"font-weight: bolder\">peces<\/span>\u00a0que podemos encontrar dentro del agua cristalina, que veremos desde fuera sin ninguna dificultad. Si queremos verlos m\u00e1s de cerca, solo nos har\u00e1n falta unas gafas de buceo.<\/p>\n<p>El paisaje de naturaleza se hace m\u00e1s espectacular gracias a un\u00a0<span style=\"font-weight: bolder\">gran tronco<\/span>\u00a0situado justo\u00a0<span style=\"font-weight: bolder\">en medio de Hoyo Claro<\/span>, que parece dividir esta piscina natural en dos de iguales dimensiones. El fondo del hoyo son piedras de distintos tama\u00f1os que llevan en lo m\u00e1s profundo much\u00edsimos a\u00f1os.<\/p>\n<p style=\"margin-block-end: 0px\">Tambi\u00e9n hay que saber que se llama Hoyo Claro por una raz\u00f3n. Lo de \u2018claro\u2019 es por sus limpias aguas, y lo de \u2018hoyo\u2019 por\u00a0<span style=\"font-weight: bolder\">su profundidad<\/span>. Para las personas que no sean expertas nadadoras, lo mejor ser\u00e1 acudir con un\u00a0<span style=\"font-weight: bolder\">chaleco salvavidas<\/span>.<\/p>\n<\/div>","protected":false},"featured_media":6840,"template":"","meta":[],"product_brand":[197],"product_cat":[180,182,179,189],"product_tag":[],"class_list":{"0":"post-6841","1":"product","2":"type-product","3":"status-publish","4":"has-post-thumbnail","6":"product_brand-buceo","7":"product_cat-citytours-toursareos","8":"product_cat-ecoaventura-senderismo","9":"product_cat-parques-experiencias","10":"product_cat-traslados","12":"first","13":"instock","14":"shipping-taxable","15":"purchasable","16":"product-type-simple"},"yoast_head":"<!-- This site is optimized with the Yoast SEO plugin v24.7 - https:\/\/yoast.com\/wordpress\/plugins\/seo\/ -->\n<title>Hoyo Claro - Patrick Vacation<\/title>\n<meta name=\"robots\" content=\"index, follow, max-snippet:-1, max-image-preview:large, max-video-preview:-1\" \/>\n<link rel=\"canonical\" href=\"https:\/\/patrickvacation.com\/en\/excursiones\/hoyo-claro\/\" \/>\n<meta property=\"og:locale\" content=\"en_US\" \/>\n<meta property=\"og:type\" content=\"article\" \/>\n<meta property=\"og:title\" content=\"Hoyo Claro - Patrick Vacation\" \/>\n<meta property=\"og:description\" content=\"\u00bfQu\u00e9 es Hoyo Claro?Hoyo Claro es un charco de\u00a0agua dulce y cristalina\u00a0situado muy cerca de Punta Cana. A\u00fan siendo un sitio tan bonito, no es visitado por una gran cantidad de turistas. Por eso sigue siento un\u00a0tesoro escondido\u00a0dentro de\u00a0la provincia de La Altagracia.Este lugar est\u00e1 denominado como\u00a0Monumento Natural de Hoyo Claro. La laguna se encuentra\u00a0entre las praderas\u00a0que rodean Punta Cana. Aun as\u00ed, el sitio est\u00e1 bien escondido, porque alrededor de estos humedales crece una\u00a0amplia vegetaci\u00f3n\u00a0asociada a los\u00a0bosques tropicales.El ecosistema lo completan los\u00a0peces\u00a0que podemos encontrar dentro del agua cristalina, que veremos desde fuera sin ninguna dificultad. Si queremos verlos m\u00e1s de cerca, solo nos har\u00e1n falta unas gafas de buceo.El paisaje de naturaleza se hace m\u00e1s espectacular gracias a un\u00a0gran tronco\u00a0situado justo\u00a0en medio de Hoyo Claro, que parece dividir esta piscina natural en dos de iguales dimensiones. El fondo del hoyo son piedras de distintos tama\u00f1os que llevan en lo m\u00e1s profundo much\u00edsimos a\u00f1os.Tambi\u00e9n hay que saber que se llama Hoyo Claro por una raz\u00f3n. Lo de \u2018claro\u2019 es por sus limpias aguas, y lo de \u2018hoyo\u2019 por\u00a0su profundidad. Para las personas que no sean expertas nadadoras, lo mejor ser\u00e1 acudir con un\u00a0chaleco salvavidas.\" \/>\n<meta property=\"og:url\" content=\"https:\/\/patrickvacation.com\/en\/excursiones\/hoyo-claro\/\" \/>\n<meta property=\"og:site_name\" content=\"Patrick Vacation\" \/>\n<meta property=\"article:publisher\" content=\"https:\/\/www.facebook.com\/alcequiez.tours.travel\" \/>\n<meta property=\"og:image\" content=\"https:\/\/patrickvacation.com\/wp-content\/uploads\/2025\/02\/hoyo-claro.jpg\" \/>\n\t<meta property=\"og:image:width\" content=\"613\" \/>\n\t<meta property=\"og:image:height\" content=\"445\" \/>\n\t<meta property=\"og:image:type\" content=\"image\/jpeg\" \/>\n<meta name=\"twitter:card\" content=\"summary_large_image\" \/>\n<meta name=\"twitter:label1\" content=\"Est. reading time\" \/>\n\t<meta name=\"twitter:data1\" content=\"1 minute\" \/>\n<script type=\"application\/ld+json\" class=\"yoast-schema-graph\">{\"@context\":\"https:\/\/schema.org\",\"@graph\":[{\"@type\":\"WebPage\",\"@id\":\"https:\/\/patrickvacation.com\/excursiones\/hoyo-claro\/\",\"url\":\"https:\/\/patrickvacation.com\/excursiones\/hoyo-claro\/\",\"name\":\"Hoyo Claro - Patrick Vacation\",\"isPartOf\":{\"@id\":\"https:\/\/patrickvacation.com\/#website\"},\"primaryImageOfPage\":{\"@id\":\"https:\/\/patrickvacation.com\/excursiones\/hoyo-claro\/#primaryimage\"},\"image\":{\"@id\":\"https:\/\/patrickvacation.com\/excursiones\/hoyo-claro\/#primaryimage\"},\"thumbnailUrl\":\"https:\/\/patrickvacation.com\/wp-content\/uploads\/2025\/02\/hoyo-claro.jpg\",\"datePublished\":\"2025-02-22T18:05:05+00:00\",\"breadcrumb\":{\"@id\":\"https:\/\/patrickvacation.com\/excursiones\/hoyo-claro\/#breadcrumb\"},\"inLanguage\":\"en-US\",\"potentialAction\":[{\"@type\":\"ReadAction\",\"target\":[\"https:\/\/patrickvacation.com\/excursiones\/hoyo-claro\/\"]}]},{\"@type\":\"ImageObject\",\"inLanguage\":\"en-US\",\"@id\":\"https:\/\/patrickvacation.com\/excursiones\/hoyo-claro\/#primaryimage\",\"url\":\"https:\/\/patrickvacation.com\/wp-content\/uploads\/2025\/02\/hoyo-claro.jpg\",\"contentUrl\":\"https:\/\/patrickvacation.com\/wp-content\/uploads\/2025\/02\/hoyo-claro.jpg\",\"width\":613,\"height\":445},{\"@type\":\"BreadcrumbList\",\"@id\":\"https:\/\/patrickvacation.com\/excursiones\/hoyo-claro\/#breadcrumb\",\"itemListElement\":[{\"@type\":\"ListItem\",\"position\":1,\"name\":\"Portada\",\"item\":\"https:\/\/patrickvacation.com\/\"},{\"@type\":\"ListItem\",\"position\":2,\"name\":\"Excursiones y Reservas\",\"item\":\"https:\/\/patrickvacation.com\/excursiones\/\"},{\"@type\":\"ListItem\",\"position\":3,\"name\":\"Hoyo Claro\"}]},{\"@type\":\"WebSite\",\"@id\":\"https:\/\/patrickvacation.com\/#website\",\"url\":\"https:\/\/patrickvacation.com\/\",\"name\":\"Patrick Vacation\",\"description\":\"\",\"publisher\":{\"@id\":\"https:\/\/patrickvacation.com\/#organization\"},\"potentialAction\":[{\"@type\":\"SearchAction\",\"target\":{\"@type\":\"EntryPoint\",\"urlTemplate\":\"https:\/\/patrickvacation.com\/?s={search_term_string}\"},\"query-input\":{\"@type\":\"PropertyValueSpecification\",\"valueRequired\":true,\"valueName\":\"search_term_string\"}}],\"inLanguage\":\"en-US\"},{\"@type\":\"Organization\",\"@id\":\"https:\/\/patrickvacation.com\/#organization\",\"name\":\"Alcequiez Tours and Travel\",\"url\":\"https:\/\/patrickvacation.com\/\",\"logo\":{\"@type\":\"ImageObject\",\"inLanguage\":\"en-US\",\"@id\":\"https:\/\/patrickvacation.com\/#\/schema\/logo\/image\/\",\"url\":\"https:\/\/patrickvacation.com\/wp-content\/uploads\/2023\/03\/Logo-Alcequiez.png\",\"contentUrl\":\"https:\/\/patrickvacation.com\/wp-content\/uploads\/2023\/03\/Logo-Alcequiez.png\",\"width\":1080,\"height\":560,\"caption\":\"Alcequiez Tours and Travel\"},\"image\":{\"@id\":\"https:\/\/patrickvacation.com\/#\/schema\/logo\/image\/\"},\"sameAs\":[\"https:\/\/www.facebook.com\/alcequiez.tours.travel\",\"https:\/\/www.instagram.com\/alcequieztour\/\"]}]}<\/script>\n<!-- \/ Yoast SEO plugin. -->","yoast_head_json":{"title":"Hoyo Claro - Patrick Vacation","robots":{"index":"index","follow":"follow","max-snippet":"max-snippet:-1","max-image-preview":"max-image-preview:large","max-video-preview":"max-video-preview:-1"},"canonical":"https:\/\/patrickvacation.com\/en\/excursiones\/hoyo-claro\/","og_locale":"en_US","og_type":"article","og_title":"Hoyo Claro - Patrick Vacation","og_description":"\u00bfQu\u00e9 es Hoyo Claro?Hoyo Claro es un charco de\u00a0agua dulce y cristalina\u00a0situado muy cerca de Punta Cana. A\u00fan siendo un sitio tan bonito, no es visitado por una gran cantidad de turistas. Por eso sigue siento un\u00a0tesoro escondido\u00a0dentro de\u00a0la provincia de La Altagracia.Este lugar est\u00e1 denominado como\u00a0Monumento Natural de Hoyo Claro. La laguna se encuentra\u00a0entre las praderas\u00a0que rodean Punta Cana. Aun as\u00ed, el sitio est\u00e1 bien escondido, porque alrededor de estos humedales crece una\u00a0amplia vegetaci\u00f3n\u00a0asociada a los\u00a0bosques tropicales.El ecosistema lo completan los\u00a0peces\u00a0que podemos encontrar dentro del agua cristalina, que veremos desde fuera sin ninguna dificultad. Si queremos verlos m\u00e1s de cerca, solo nos har\u00e1n falta unas gafas de buceo.El paisaje de naturaleza se hace m\u00e1s espectacular gracias a un\u00a0gran tronco\u00a0situado justo\u00a0en medio de Hoyo Claro, que parece dividir esta piscina natural en dos de iguales dimensiones. El fondo del hoyo son piedras de distintos tama\u00f1os que llevan en lo m\u00e1s profundo much\u00edsimos a\u00f1os.Tambi\u00e9n hay que saber que se llama Hoyo Claro por una raz\u00f3n. Lo de \u2018claro\u2019 es por sus limpias aguas, y lo de \u2018hoyo\u2019 por\u00a0su profundidad. Para las personas que no sean expertas nadadoras, lo mejor ser\u00e1 acudir con un\u00a0chaleco salvavidas.","og_url":"https:\/\/patrickvacation.com\/en\/excursiones\/hoyo-claro\/","og_site_name":"Patrick Vacation","article_publisher":"https:\/\/www.facebook.com\/alcequiez.tours.travel","og_image":[{"width":613,"height":445,"url":"https:\/\/patrickvacation.com\/wp-content\/uploads\/2025\/02\/hoyo-claro.jpg","type":"image\/jpeg"}],"twitter_card":"summary_large_image","twitter_misc":{"Est. reading time":"1 minute"},"schema":{"@context":"https:\/\/schema.org","@graph":[{"@type":"WebPage","@id":"https:\/\/patrickvacation.com\/excursiones\/hoyo-claro\/","url":"https:\/\/patrickvacation.com\/excursiones\/hoyo-claro\/","name":"Hoyo Claro - Patrick Vacation","isPartOf":{"@id":"https:\/\/patrickvacation.com\/#website"},"primaryImageOfPage":{"@id":"https:\/\/patrickvacation.com\/excursiones\/hoyo-claro\/#primaryimage"},"image":{"@id":"https:\/\/patrickvacation.com\/excursiones\/hoyo-claro\/#primaryimage"},"thumbnailUrl":"https:\/\/patrickvacation.com\/wp-content\/uploads\/2025\/02\/hoyo-claro.jpg","datePublished":"2025-02-22T18:05:05+00:00","breadcrumb":{"@id":"https:\/\/patrickvacation.com\/excursiones\/hoyo-claro\/#breadcrumb"},"inLanguage":"en-US","potentialAction":[{"@type":"ReadAction","target":["https:\/\/patrickvacation.com\/excursiones\/hoyo-claro\/"]}]},{"@type":"ImageObject","inLanguage":"en-US","@id":"https:\/\/patrickvacation.com\/excursiones\/hoyo-claro\/#primaryimage","url":"https:\/\/patrickvacation.com\/wp-content\/uploads\/2025\/02\/hoyo-claro.jpg","contentUrl":"https:\/\/patrickvacation.com\/wp-content\/uploads\/2025\/02\/hoyo-claro.jpg","width":613,"height":445},{"@type":"BreadcrumbList","@id":"https:\/\/patrickvacation.com\/excursiones\/hoyo-claro\/#breadcrumb","itemListElement":[{"@type":"ListItem","position":1,"name":"Portada","item":"https:\/\/patrickvacation.com\/"},{"@type":"ListItem","position":2,"name":"Excursiones y Reservas","item":"https:\/\/patrickvacation.com\/excursiones\/"},{"@type":"ListItem","position":3,"name":"Hoyo Claro"}]},{"@type":"WebSite","@id":"https:\/\/patrickvacation.com\/#website","url":"https:\/\/patrickvacation.com\/","name":"Patrick Vacation","description":"","publisher":{"@id":"https:\/\/patrickvacation.com\/#organization"},"potentialAction":[{"@type":"SearchAction","target":{"@type":"EntryPoint","urlTemplate":"https:\/\/patrickvacation.com\/?s={search_term_string}"},"query-input":{"@type":"PropertyValueSpecification","valueRequired":true,"valueName":"search_term_string"}}],"inLanguage":"en-US"},{"@type":"Organization","@id":"https:\/\/patrickvacation.com\/#organization","name":"Alcequiez Tours and Travel","url":"https:\/\/patrickvacation.com\/","logo":{"@type":"ImageObject","inLanguage":"en-US","@id":"https:\/\/patrickvacation.com\/#\/schema\/logo\/image\/","url":"https:\/\/patrickvacation.com\/wp-content\/uploads\/2023\/03\/Logo-Alcequiez.png","contentUrl":"https:\/\/patrickvacation.com\/wp-content\/uploads\/2023\/03\/Logo-Alcequiez.png","width":1080,"height":560,"caption":"Alcequiez Tours and Travel"},"image":{"@id":"https:\/\/patrickvacation.com\/#\/schema\/logo\/image\/"},"sameAs":["https:\/\/www.facebook.com\/alcequiez.tours.travel","https:\/\/www.instagram.com\/alcequieztour\/"]}]}},"_links":{"self":[{"href":"https:\/\/patrickvacation.com\/en\/wp-json\/wp\/v2\/product\/6841","targetHints":{"allow":["GET"]}}],"collection":[{"href":"https:\/\/patrickvacation.com\/en\/wp-json\/wp\/v2\/product"}],"about":[{"href":"https:\/\/patrickvacation.com\/en\/wp-json\/wp\/v2\/types\/product"}],"version-history":[{"count":0,"href":"https:\/\/patrickvacation.com\/en\/wp-json\/wp\/v2\/product\/6841\/revisions"}],"wp:featuredmedia":[{"embeddable":true,"href":"https:\/\/patrickvacation.com\/en\/wp-json\/wp\/v2\/media\/6840"}],"wp:attachment":[{"href":"https:\/\/patrickvacation.com\/en\/wp-json\/wp\/v2\/media?parent=6841"}],"wp:term":[{"taxonomy":"product_brand","embeddable":true,"href":"https:\/\/patrickvacation.com\/en\/wp-json\/wp\/v2\/product_brand?post=6841"},{"taxonomy":"product_cat","embeddable":true,"href":"https:\/\/patrickvacation.com\/en\/wp-json\/wp\/v2\/product_cat?post=6841"},{"taxonomy":"product_tag","embeddable":true,"href":"https:\/\/patrickvacation.com\/en\/wp-json\/wp\/v2\/product_tag?post=6841"}],"curies":[{"name":"wp","href":"https:\/\/api.w.org\/{rel}","templated":true}]}}