{"id":6870,"date":"2025-02-26T18:14:57","date_gmt":"2025-02-26T18:14:57","guid":{"rendered":"https:\/\/patrickvacation.com\/reservas\/safari-en-punta-cana\/"},"modified":"2025-02-26T18:16:46","modified_gmt":"2025-02-26T18:16:46","slug":"safari-en-punta-cana","status":"publish","type":"product","link":"https:\/\/patrickvacation.com\/en\/excursiones\/safari-en-punta-cana\/","title":{"rendered":"Safari en Punta Cana"},"content":{"rendered":"<h2 id=\"headline-51-258\" class=\"ct-headline\" style=\"margin: 0px;font-family: Quicksand;font-size: 35px\" data-mce-style=\"margin: 0px; font-family: Quicksand; font-size: 35px;\">Itinerario de la excursi\u00f3n de safari en Punta Cana<\/h2>\n<div id=\"_rich_text-105-258\" class=\"oxy-rich-text\">\n<ul>\n<li>Dependiendo del hotel en el que te alojes te recogeremos sobre las 07:20 a.m. para para empezar nuestro\u00a0<span style=\"font-weight: bolder\" data-mce-style=\"font-weight: bolder;\">recorrido en un cami\u00f3n de safari<\/span>\u00a0hacia el interior de la selva dominicana.<\/li>\n<li>Visitaremos en primer lugar una\u00a0<span style=\"font-weight: bolder\" data-mce-style=\"font-weight: bolder;\">escuela infantil<\/span>\u00a0para que conozcas c\u00f3mo y en qu\u00e9 condiciones estudian los ni\u00f1os dominicanos en las\u00a0<span style=\"font-weight: bolder\" data-mce-style=\"font-weight: bolder;\">\u00e1reas rurales<\/span>. Tras esta hermosa experiencia, nos dirigiremos\u00a0<span style=\"font-weight: bolder\" data-mce-style=\"font-weight: bolder;\">hacia la plantaci\u00f3n<\/span>\u00a0de ca\u00f1a de az\u00facar, caf\u00e9 y cacao. En ellas podr\u00e1s conocer\u00a0<span style=\"font-weight: bolder\" data-mce-style=\"font-weight: bolder;\">la importancia econ\u00f3mica<\/span>\u00a0que tiene este sector en Rep\u00fablica Dominicana, ya que son los cultivos m\u00e1s extensos del pa\u00eds.<\/li>\n<li>De lo rural continuamos nuestra ruta hacia lo urbano dirigi\u00e9ndonos a la\u00a0<span style=\"font-weight: bolder\" data-mce-style=\"font-weight: bolder;\">ciudad de Hig\u00fcey<\/span>\u00a0para conocer la catedral de Nuestra Se\u00f1ora de Altagracia, terminada de construir en 1971.<\/li>\n<li>Ya una vez terminada la visita a la bas\u00edlica, te llevaremos hasta Rancho Valencia para que conozcas la verdadera\u00a0<span style=\"font-weight: bolder\" data-mce-style=\"font-weight: bolder;\">artesan\u00eda<\/span>\u00a0de esta regi\u00f3n.<\/li>\n<li>Aqu\u00ed tambi\u00e9n aprender\u00e1s como se producen el\u00a0<span style=\"font-weight: bolder\" data-mce-style=\"font-weight: bolder;\">aceite y la leche de coco<\/span>, ya que este rancho cuenta con una gran extensi\u00f3n de palmerales. Para terminar nuestra visita al rancho de la mejor manera, nada mejor que un agradable\u00a0<span style=\"font-weight: bolder\" data-mce-style=\"font-weight: bolder;\">ba\u00f1o<\/span>\u00a0en el\u00a0<span style=\"font-weight: bolder\" data-mce-style=\"font-weight: bolder;\">river Anamuya<\/span>.<\/li>\n<li>Por \u00faltimo, y por si todav\u00eda te han quedado ganas de darte un chapuz\u00f3n, iremos hasta la salvaje playa de Macao o el r\u00edo Yon\u00fa, dependiendo de la climatolog\u00eda. Ambos son sitios magn\u00edficos para hacer turismo, pero estamos seguros de que cualquiera de los dos te va a maravillar.<\/li>\n<\/ul>\n<\/div>","protected":false},"excerpt":{"rendered":"<section id=\"section-7-258\" class=\"ct-section\">\n<div class=\"ct-section-inner-wrap\" style=\"margin-left: auto;margin-right: auto;height: 1889.22px;min-height: inherit;max-width: 1120px;padding: 25px 0px;flex-direction: column;align-items: flex-start\" data-mce-style=\"margin-left: auto; margin-right: auto; height: 1889.22px; min-height: inherit; max-width: 1120px; padding: 25px 0px; flex-direction: column; align-items: flex-start;\">\n<div id=\"new_columns-8-258\" class=\"ct-new-columns\" style=\"width: 1120px;flex-flow: wrap;align-items: stretch;justify-content: center\" data-mce-style=\"width: 1120px; flex-flow: wrap; align-items: stretch; justify-content: center;\">\n<div id=\"div_block-9-258\" class=\"ct-div-block\" style=\"flex-flow: column;align-items: flex-start;padding: 20px;width: 649.594px;justify-content: flex-start;margin-top: 15px\" data-mce-style=\"flex-flow: column; align-items: flex-start; padding: 20px; width: 649.594px; justify-content: flex-start; margin-top: 15px;\">\n<div id=\"div_block-24-258\" class=\"ct-div-block\" style=\"flex-flow: column wrap;align-items: flex-start;margin-top: 21px;width: 609.594px;padding-top: 0px\" data-mce-style=\"flex-flow: column wrap; align-items: flex-start; margin-top: 21px; width: 609.594px; padding-top: 0px;\">\n<h2 id=\"headline-25-258\" class=\"ct-headline\" style=\"margin: 7px 0px 0px;font-family: Quicksand;font-size: 35px\" data-mce-style=\"margin: 7px 0px 0px; font-family: Quicksand; font-size: 35px;\">Safari en Punta Cana<\/h2>\n<div id=\"_rich_text-107-258\" class=\"oxy-rich-text\" style=\"margin-top: 10px;width: 609.594px\" data-mce-style=\"margin-top: 10px; width: 609.594px;\">\n<p style=\"margin-block-start: 0px\" data-mce-style=\"margin-block-start: 0px;\">The dominican countryside with a great fauna and flora, and nothing better than to make a\u00a0<span style=\"font-weight: bolder\" data-mce-style=\"font-weight: bolder;\">tour in a vehicle in the style safari<\/span>\u00a0to get to know you. During this guided tour you will learn about the plantations\u00a0<span style=\"font-weight: bolder\" data-mce-style=\"font-weight: bolder;\">coffee, cocoa and sugar cane<\/span>\u00a0Dominican Republic, degustar\u00e1s\u00a0<span style=\"font-weight: bolder\" data-mce-style=\"font-weight: bolder;\">products of the land in<\/span>\u00a0Hig\u00fcey and enjoy\u00a0<span style=\"font-weight: bolder\" data-mce-style=\"font-weight: bolder;\">a typical lunch dominican<\/span>.<\/p>\n<p>Get to know a\u00a0<span style=\"font-weight: bolder\" data-mce-style=\"font-weight: bolder;\">local family<\/span>\u00a0it is one of the most authentic experiences all over the island. You&#039;ll be able to take coffee with them and learn as it is the way of life in the dominican countryside. In addition, you will visit the\u00a0<span style=\"font-weight: bolder\" data-mce-style=\"font-weight: bolder;\">ranches of the mountains<\/span>\u00a0dominican, you&#039;ll be able to bathe in the\u00a0<span style=\"font-weight: bolder\" data-mce-style=\"font-weight: bolder;\">river Anamuya<\/span>\u00a0and you&#039;ll meet some of the\u00a0<span style=\"font-weight: bolder\" data-mce-style=\"font-weight: bolder;\">farms more important<\/span>\u00a0of the country.<\/p>\n<p style=\"margin-block-end: 0px\" data-mce-style=\"margin-block-end: 0px;\">En ellas podr\u00e1s probar la aut\u00e9ntica ca\u00f1a de az\u00facar, fumar\u00a0<span style=\"font-weight: bolder\" data-mce-style=\"font-weight: bolder;\">cigarros locales<\/span>\u00a0hechos a mano o relajarte en\u00a0<span style=\"font-weight: bolder\" data-mce-style=\"font-weight: bolder;\">la playa<\/span>\u00a0de arena blanca<span style=\"font-weight: bolder\" data-mce-style=\"font-weight: bolder;\">\u00a0de Macao<\/span>, una de las m\u00e1s impresionantes de Rep\u00fablica Dominicana. \u00a1Todo esto en una sola excursi\u00f3n!<\/p>\n<\/div>\n<\/div>\n<div id=\"div_block-122-258\" class=\"ct-div-block\" style=\"flex-flow: column wrap;align-items: flex-start;margin-top: 30px;width: 609.594px;padding-top: 0px\" data-mce-style=\"flex-flow: column wrap; align-items: flex-start; margin-top: 30px; width: 609.594px; padding-top: 0px;\">\n<h2 id=\"headline-123-258\" class=\"ct-headline\" style=\"margin: 7px 0px 0px;font-family: Quicksand;font-size: 35px\" data-mce-style=\"margin: 7px 0px 0px; font-family: Quicksand; font-size: 35px;\">\u00bfPor qu\u00e9 no puedes perderte esta actividad?<\/h2>\n<div id=\"_rich_text-124-258\" class=\"oxy-rich-text\" style=\"margin-top: 20px;width: 609.594px\" data-mce-style=\"margin-top: 20px; width: 609.594px;\">\n<p>La comodidad est\u00e1 asegurada. Y es que no todos los d\u00edas te recoger\u00e1n en tu hotel con un cami\u00f3n de safari para llegar hasta lo m\u00e1s profundo de la\u00a0<span style=\"font-weight: bolder\" data-mce-style=\"font-weight: bolder;\">selva dominicana<\/span>.<\/p>\n<\/div>\n<\/div>\n<div id=\"div_block-126-258\" class=\"ct-div-block\" style=\"flex-flow: column wrap;align-items: flex-start;margin-top: 30px;width: 609.594px;padding-top: 0px\" data-mce-style=\"flex-flow: column wrap; align-items: flex-start; margin-top: 30px; width: 609.594px; padding-top: 0px;\">\n<h3 id=\"headline-127-258\" class=\"ct-headline\" style=\"margin: 7px 0px 0px;font-family: Quicksand;font-size: 30px\" data-mce-style=\"margin: 7px 0px 0px; font-family: Quicksand; font-size: 30px;\">Conoce a una familia local<\/h3>\n<div id=\"_rich_text-128-258\" class=\"oxy-rich-text\" style=\"margin-top: 20px;width: 609.594px\" data-mce-style=\"margin-top: 20px; width: 609.594px;\">\n<p style=\"margin-block-start: 0px\" data-mce-style=\"margin-block-start: 0px;\">Muchos turistas que visitan Punta Cana ve solo la realidad m\u00e1s distorsionada de lo que es la Rep\u00fablica Dominicana.<\/p>\n<p style=\"margin-block-end: 0px\" data-mce-style=\"margin-block-end: 0px;\">La primera parada de esta actividad es un\u00a0<span style=\"font-weight: bolder\" data-mce-style=\"font-weight: bolder;\">pueblo rural<\/span>, en el que podr\u00e1s\u00a0<span style=\"font-weight: bolder\" data-mce-style=\"font-weight: bolder;\">conocer a una familia local<\/span>. Cosas cotidianas como ver a los ni\u00f1os ir a la escuela o conocer los platos t\u00edpicos, te permitir\u00e1n entender la realidad de este pa\u00eds.<\/p>\n<\/div>\n<\/div>\n<div id=\"div_block-130-258\" class=\"ct-div-block\" style=\"flex-flow: column wrap;align-items: flex-start;margin-top: 30px;width: 609.594px;padding-top: 0px\" data-mce-style=\"flex-flow: column wrap; align-items: flex-start; margin-top: 30px; width: 609.594px; padding-top: 0px;\">\n<h3 id=\"headline-131-258\" class=\"ct-headline\" style=\"margin: 7px 0px 0px;font-family: Quicksand;font-size: 30px\" data-mce-style=\"margin: 7px 0px 0px; font-family: Quicksand; font-size: 30px;\">Del pueblo a la ciudad<\/h3>\n<div id=\"_rich_text-132-258\" class=\"oxy-rich-text\" style=\"margin-top: 20px;width: 609.594px\" data-mce-style=\"margin-top: 20px; width: 609.594px;\">\n<p style=\"margin-block-start: 0px\" data-mce-style=\"margin-block-start: 0px;\">Montados en el cami\u00f3n de safari llegaremos a la bonita ciudad de\u00a0<em>Hig\u00fcey<\/em>, para conocer el contraste entre una peque\u00f1a localidad y una gran ciudad dominicana.<\/p>\n<p style=\"margin-block-end: 0px\" data-mce-style=\"margin-block-end: 0px;\">El movimiento de esta urbe de casi 300.000 habitantes es incesante. Podr\u00e1s ver de primera mano un lugar de culto esencial para entender el cristianismo, la\u00a0<span style=\"font-weight: bolder\" data-mce-style=\"font-weight: bolder;\">Catedral de Nuestra Se\u00f1ora de Altagracia<\/span>.<\/p>\n<\/div>\n<\/div>\n<div id=\"div_block-134-258\" class=\"ct-div-block\" style=\"flex-flow: column wrap;align-items: flex-start;margin-top: 30px;width: 609.594px;padding-top: 0px\" data-mce-style=\"flex-flow: column wrap; align-items: flex-start; margin-top: 30px; width: 609.594px; padding-top: 0px;\">\n<h3 id=\"headline-135-258\" class=\"ct-headline\" style=\"margin: 7px 0px 0px;font-family: Quicksand;font-size: 30px\" data-mce-style=\"margin: 7px 0px 0px; font-family: Quicksand; font-size: 30px;\">Rancho Valencia, artesan\u00eda y tradici\u00f3n<\/h3>\n<div id=\"_rich_text-136-258\" class=\"oxy-rich-text\" style=\"margin-top: 20px;width: 609.594px\" data-mce-style=\"margin-top: 20px; width: 609.594px;\">\n<p>Queda conocer otra parte de la isla, m\u00e1s ligada al interior de la selva. En\u00a0<span style=\"font-weight: bolder\" data-mce-style=\"font-weight: bolder;\">Rancho Valencia<\/span>\u00a0ver\u00e1s como se elaboran muchas de las\u00a0<em>artesan\u00edas ta\u00ednas<\/em>, t\u00edpicas del pa\u00eds.<\/p>\n<\/div>\n<\/div>\n<\/div>\n<\/div>\n<\/div>\n<\/section>","protected":false},"featured_media":6869,"template":"","meta":[],"product_brand":[],"product_cat":[178,182,183],"product_tag":[],"class_list":{"0":"post-6870","1":"product","2":"type-product","3":"status-publish","4":"has-post-thumbnail","6":"product_cat-aventura-safari","7":"product_cat-ecoaventura-senderismo","8":"product_cat-escolar","10":"first","11":"instock","12":"virtual","13":"purchasable","14":"product-type-simple"},"yoast_head":"<!-- This site is optimized with the Yoast SEO plugin v24.7 - https:\/\/yoast.com\/wordpress\/plugins\/seo\/ -->\n<title>Safari en Punta Cana - Patrick Vacation<\/title>\n<meta name=\"robots\" content=\"index, follow, max-snippet:-1, max-image-preview:large, max-video-preview:-1\" \/>\n<link rel=\"canonical\" href=\"https:\/\/patrickvacation.com\/en\/excursiones\/safari-en-punta-cana\/\" \/>\n<meta property=\"og:locale\" content=\"en_US\" \/>\n<meta property=\"og:type\" content=\"article\" \/>\n<meta property=\"og:title\" content=\"Safari en Punta Cana - Patrick Vacation\" \/>\n<meta property=\"og:description\" content=\"Safari en Punta CanaEl campo dominicano cuenta con una gran fauna y flora, y nada mejor que hacer una\u00a0gira en un veh\u00edculo al estilo safari\u00a0para conocerla. Durante esta visita guiada conocer\u00e1s las plantaciones de\u00a0caf\u00e9, cacao y ca\u00f1a de az\u00facar\u00a0de Rep\u00fablica Dominicana, degustar\u00e1s\u00a0productos de la tierra en\u00a0Hig\u00fcey y disfrutar\u00e1s de\u00a0un almuerzo t\u00edpico dominicano.Conocer a una\u00a0familia local\u00a0es una de las experiencias m\u00e1s aut\u00e9nticas de toda la isla. Podr\u00e1s tomar caf\u00e9 con ellos y conocer como es el modo de vida en el campo dominicano. Adem\u00e1s, visitar\u00e1s los\u00a0ranchos de las monta\u00f1as\u00a0dominicanas, podr\u00e1s ba\u00f1arte en el\u00a0r\u00edo Anamuya\u00a0y conocer\u00e1s algunas de las\u00a0granjas m\u00e1s importantes\u00a0del pa\u00eds.En ellas podr\u00e1s probar la aut\u00e9ntica ca\u00f1a de az\u00facar, fumar\u00a0cigarros locales\u00a0hechos a mano o relajarte en\u00a0la playa\u00a0de arena blanca\u00a0de Macao, una de las m\u00e1s impresionantes de Rep\u00fablica Dominicana. \u00a1Todo esto en una sola excursi\u00f3n!\u00bfPor qu\u00e9 no puedes perderte esta actividad?La comodidad est\u00e1 asegurada. Y es que no todos los d\u00edas te recoger\u00e1n en tu hotel con un cami\u00f3n de safari para llegar hasta lo m\u00e1s profundo de la\u00a0selva dominicana.Conoce a una familia localMuchos turistas que visitan Punta Cana ve solo la realidad m\u00e1s distorsionada de lo que es la Rep\u00fablica Dominicana.La primera parada de esta actividad es un\u00a0pueblo rural, en el que podr\u00e1s\u00a0conocer a una familia local. Cosas cotidianas como ver a los ni\u00f1os ir a la escuela o conocer los platos t\u00edpicos, te permitir\u00e1n entender la realidad de este pa\u00eds.Del pueblo a la ciudadMontados en el cami\u00f3n de safari llegaremos a la bonita ciudad de\u00a0Hig\u00fcey, para conocer el contraste entre una peque\u00f1a localidad y una gran ciudad dominicana.El movimiento de esta urbe de casi 300.000 habitantes es incesante. Podr\u00e1s ver de primera mano un lugar de culto esencial para entender el cristianismo, la\u00a0Catedral de Nuestra Se\u00f1ora de Altagracia.Rancho Valencia, artesan\u00eda y tradici\u00f3nQueda conocer otra parte de la isla, m\u00e1s ligada al interior de la selva. En\u00a0Rancho Valencia\u00a0ver\u00e1s como se elaboran muchas de las\u00a0artesan\u00edas ta\u00ednas, t\u00edpicas del pa\u00eds.\" \/>\n<meta property=\"og:url\" content=\"https:\/\/patrickvacation.com\/en\/excursiones\/safari-en-punta-cana\/\" \/>\n<meta property=\"og:site_name\" content=\"Patrick Vacation\" \/>\n<meta property=\"article:publisher\" content=\"https:\/\/www.facebook.com\/alcequiez.tours.travel\" \/>\n<meta property=\"article:modified_time\" content=\"2025-02-26T18:16:46+00:00\" \/>\n<meta property=\"og:image\" content=\"https:\/\/patrickvacation.com\/wp-content\/uploads\/2025\/02\/safari.jpg\" \/>\n\t<meta property=\"og:image:width\" content=\"747\" \/>\n\t<meta property=\"og:image:height\" content=\"426\" \/>\n\t<meta property=\"og:image:type\" content=\"image\/jpeg\" \/>\n<meta name=\"twitter:card\" content=\"summary_large_image\" \/>\n<meta name=\"twitter:label1\" content=\"Est. reading time\" \/>\n\t<meta name=\"twitter:data1\" content=\"1 minute\" \/>\n<script type=\"application\/ld+json\" class=\"yoast-schema-graph\">{\"@context\":\"https:\/\/schema.org\",\"@graph\":[{\"@type\":\"WebPage\",\"@id\":\"https:\/\/patrickvacation.com\/excursiones\/safari-en-punta-cana\/\",\"url\":\"https:\/\/patrickvacation.com\/excursiones\/safari-en-punta-cana\/\",\"name\":\"Safari en Punta Cana - Patrick Vacation\",\"isPartOf\":{\"@id\":\"https:\/\/patrickvacation.com\/#website\"},\"primaryImageOfPage\":{\"@id\":\"https:\/\/patrickvacation.com\/excursiones\/safari-en-punta-cana\/#primaryimage\"},\"image\":{\"@id\":\"https:\/\/patrickvacation.com\/excursiones\/safari-en-punta-cana\/#primaryimage\"},\"thumbnailUrl\":\"https:\/\/patrickvacation.com\/wp-content\/uploads\/2025\/02\/safari.jpg\",\"datePublished\":\"2025-02-26T18:14:57+00:00\",\"dateModified\":\"2025-02-26T18:16:46+00:00\",\"breadcrumb\":{\"@id\":\"https:\/\/patrickvacation.com\/excursiones\/safari-en-punta-cana\/#breadcrumb\"},\"inLanguage\":\"en-US\",\"potentialAction\":[{\"@type\":\"ReadAction\",\"target\":[\"https:\/\/patrickvacation.com\/excursiones\/safari-en-punta-cana\/\"]}]},{\"@type\":\"ImageObject\",\"inLanguage\":\"en-US\",\"@id\":\"https:\/\/patrickvacation.com\/excursiones\/safari-en-punta-cana\/#primaryimage\",\"url\":\"https:\/\/patrickvacation.com\/wp-content\/uploads\/2025\/02\/safari.jpg\",\"contentUrl\":\"https:\/\/patrickvacation.com\/wp-content\/uploads\/2025\/02\/safari.jpg\",\"width\":747,\"height\":426},{\"@type\":\"BreadcrumbList\",\"@id\":\"https:\/\/patrickvacation.com\/excursiones\/safari-en-punta-cana\/#breadcrumb\",\"itemListElement\":[{\"@type\":\"ListItem\",\"position\":1,\"name\":\"Portada\",\"item\":\"https:\/\/patrickvacation.com\/\"},{\"@type\":\"ListItem\",\"position\":2,\"name\":\"Excursiones y Reservas\",\"item\":\"https:\/\/patrickvacation.com\/excursiones\/\"},{\"@type\":\"ListItem\",\"position\":3,\"name\":\"Safari en Punta Cana\"}]},{\"@type\":\"WebSite\",\"@id\":\"https:\/\/patrickvacation.com\/#website\",\"url\":\"https:\/\/patrickvacation.com\/\",\"name\":\"Patrick Vacation\",\"description\":\"\",\"publisher\":{\"@id\":\"https:\/\/patrickvacation.com\/#organization\"},\"potentialAction\":[{\"@type\":\"SearchAction\",\"target\":{\"@type\":\"EntryPoint\",\"urlTemplate\":\"https:\/\/patrickvacation.com\/?s={search_term_string}\"},\"query-input\":{\"@type\":\"PropertyValueSpecification\",\"valueRequired\":true,\"valueName\":\"search_term_string\"}}],\"inLanguage\":\"en-US\"},{\"@type\":\"Organization\",\"@id\":\"https:\/\/patrickvacation.com\/#organization\",\"name\":\"Alcequiez Tours and Travel\",\"url\":\"https:\/\/patrickvacation.com\/\",\"logo\":{\"@type\":\"ImageObject\",\"inLanguage\":\"en-US\",\"@id\":\"https:\/\/patrickvacation.com\/#\/schema\/logo\/image\/\",\"url\":\"https:\/\/patrickvacation.com\/wp-content\/uploads\/2023\/03\/Logo-Alcequiez.png\",\"contentUrl\":\"https:\/\/patrickvacation.com\/wp-content\/uploads\/2023\/03\/Logo-Alcequiez.png\",\"width\":1080,\"height\":560,\"caption\":\"Alcequiez Tours and Travel\"},\"image\":{\"@id\":\"https:\/\/patrickvacation.com\/#\/schema\/logo\/image\/\"},\"sameAs\":[\"https:\/\/www.facebook.com\/alcequiez.tours.travel\",\"https:\/\/www.instagram.com\/alcequieztour\/\"]}]}<\/script>\n<!-- \/ Yoast SEO plugin. -->","yoast_head_json":{"title":"Safari en Punta Cana - Patrick Vacation","robots":{"index":"index","follow":"follow","max-snippet":"max-snippet:-1","max-image-preview":"max-image-preview:large","max-video-preview":"max-video-preview:-1"},"canonical":"https:\/\/patrickvacation.com\/en\/excursiones\/safari-en-punta-cana\/","og_locale":"en_US","og_type":"article","og_title":"Safari en Punta Cana - Patrick Vacation","og_description":"Safari en Punta CanaEl campo dominicano cuenta con una gran fauna y flora, y nada mejor que hacer una\u00a0gira en un veh\u00edculo al estilo safari\u00a0para conocerla. Durante esta visita guiada conocer\u00e1s las plantaciones de\u00a0caf\u00e9, cacao y ca\u00f1a de az\u00facar\u00a0de Rep\u00fablica Dominicana, degustar\u00e1s\u00a0productos de la tierra en\u00a0Hig\u00fcey y disfrutar\u00e1s de\u00a0un almuerzo t\u00edpico dominicano.Conocer a una\u00a0familia local\u00a0es una de las experiencias m\u00e1s aut\u00e9nticas de toda la isla. Podr\u00e1s tomar caf\u00e9 con ellos y conocer como es el modo de vida en el campo dominicano. Adem\u00e1s, visitar\u00e1s los\u00a0ranchos de las monta\u00f1as\u00a0dominicanas, podr\u00e1s ba\u00f1arte en el\u00a0r\u00edo Anamuya\u00a0y conocer\u00e1s algunas de las\u00a0granjas m\u00e1s importantes\u00a0del pa\u00eds.En ellas podr\u00e1s probar la aut\u00e9ntica ca\u00f1a de az\u00facar, fumar\u00a0cigarros locales\u00a0hechos a mano o relajarte en\u00a0la playa\u00a0de arena blanca\u00a0de Macao, una de las m\u00e1s impresionantes de Rep\u00fablica Dominicana. \u00a1Todo esto en una sola excursi\u00f3n!\u00bfPor qu\u00e9 no puedes perderte esta actividad?La comodidad est\u00e1 asegurada. Y es que no todos los d\u00edas te recoger\u00e1n en tu hotel con un cami\u00f3n de safari para llegar hasta lo m\u00e1s profundo de la\u00a0selva dominicana.Conoce a una familia localMuchos turistas que visitan Punta Cana ve solo la realidad m\u00e1s distorsionada de lo que es la Rep\u00fablica Dominicana.La primera parada de esta actividad es un\u00a0pueblo rural, en el que podr\u00e1s\u00a0conocer a una familia local. Cosas cotidianas como ver a los ni\u00f1os ir a la escuela o conocer los platos t\u00edpicos, te permitir\u00e1n entender la realidad de este pa\u00eds.Del pueblo a la ciudadMontados en el cami\u00f3n de safari llegaremos a la bonita ciudad de\u00a0Hig\u00fcey, para conocer el contraste entre una peque\u00f1a localidad y una gran ciudad dominicana.El movimiento de esta urbe de casi 300.000 habitantes es incesante. Podr\u00e1s ver de primera mano un lugar de culto esencial para entender el cristianismo, la\u00a0Catedral de Nuestra Se\u00f1ora de Altagracia.Rancho Valencia, artesan\u00eda y tradici\u00f3nQueda conocer otra parte de la isla, m\u00e1s ligada al interior de la selva. En\u00a0Rancho Valencia\u00a0ver\u00e1s como se elaboran muchas de las\u00a0artesan\u00edas ta\u00ednas, t\u00edpicas del pa\u00eds.","og_url":"https:\/\/patrickvacation.com\/en\/excursiones\/safari-en-punta-cana\/","og_site_name":"Patrick Vacation","article_publisher":"https:\/\/www.facebook.com\/alcequiez.tours.travel","article_modified_time":"2025-02-26T18:16:46+00:00","og_image":[{"width":747,"height":426,"url":"https:\/\/patrickvacation.com\/wp-content\/uploads\/2025\/02\/safari.jpg","type":"image\/jpeg"}],"twitter_card":"summary_large_image","twitter_misc":{"Est. reading time":"1 minute"},"schema":{"@context":"https:\/\/schema.org","@graph":[{"@type":"WebPage","@id":"https:\/\/patrickvacation.com\/excursiones\/safari-en-punta-cana\/","url":"https:\/\/patrickvacation.com\/excursiones\/safari-en-punta-cana\/","name":"Safari en Punta Cana - Patrick Vacation","isPartOf":{"@id":"https:\/\/patrickvacation.com\/#website"},"primaryImageOfPage":{"@id":"https:\/\/patrickvacation.com\/excursiones\/safari-en-punta-cana\/#primaryimage"},"image":{"@id":"https:\/\/patrickvacation.com\/excursiones\/safari-en-punta-cana\/#primaryimage"},"thumbnailUrl":"https:\/\/patrickvacation.com\/wp-content\/uploads\/2025\/02\/safari.jpg","datePublished":"2025-02-26T18:14:57+00:00","dateModified":"2025-02-26T18:16:46+00:00","breadcrumb":{"@id":"https:\/\/patrickvacation.com\/excursiones\/safari-en-punta-cana\/#breadcrumb"},"inLanguage":"en-US","potentialAction":[{"@type":"ReadAction","target":["https:\/\/patrickvacation.com\/excursiones\/safari-en-punta-cana\/"]}]},{"@type":"ImageObject","inLanguage":"en-US","@id":"https:\/\/patrickvacation.com\/excursiones\/safari-en-punta-cana\/#primaryimage","url":"https:\/\/patrickvacation.com\/wp-content\/uploads\/2025\/02\/safari.jpg","contentUrl":"https:\/\/patrickvacation.com\/wp-content\/uploads\/2025\/02\/safari.jpg","width":747,"height":426},{"@type":"BreadcrumbList","@id":"https:\/\/patrickvacation.com\/excursiones\/safari-en-punta-cana\/#breadcrumb","itemListElement":[{"@type":"ListItem","position":1,"name":"Portada","item":"https:\/\/patrickvacation.com\/"},{"@type":"ListItem","position":2,"name":"Excursiones y Reservas","item":"https:\/\/patrickvacation.com\/excursiones\/"},{"@type":"ListItem","position":3,"name":"Safari en Punta Cana"}]},{"@type":"WebSite","@id":"https:\/\/patrickvacation.com\/#website","url":"https:\/\/patrickvacation.com\/","name":"Patrick Vacation","description":"","publisher":{"@id":"https:\/\/patrickvacation.com\/#organization"},"potentialAction":[{"@type":"SearchAction","target":{"@type":"EntryPoint","urlTemplate":"https:\/\/patrickvacation.com\/?s={search_term_string}"},"query-input":{"@type":"PropertyValueSpecification","valueRequired":true,"valueName":"search_term_string"}}],"inLanguage":"en-US"},{"@type":"Organization","@id":"https:\/\/patrickvacation.com\/#organization","name":"Alcequiez Tours and Travel","url":"https:\/\/patrickvacation.com\/","logo":{"@type":"ImageObject","inLanguage":"en-US","@id":"https:\/\/patrickvacation.com\/#\/schema\/logo\/image\/","url":"https:\/\/patrickvacation.com\/wp-content\/uploads\/2023\/03\/Logo-Alcequiez.png","contentUrl":"https:\/\/patrickvacation.com\/wp-content\/uploads\/2023\/03\/Logo-Alcequiez.png","width":1080,"height":560,"caption":"Alcequiez Tours and Travel"},"image":{"@id":"https:\/\/patrickvacation.com\/#\/schema\/logo\/image\/"},"sameAs":["https:\/\/www.facebook.com\/alcequiez.tours.travel","https:\/\/www.instagram.com\/alcequieztour\/"]}]}},"_links":{"self":[{"href":"https:\/\/patrickvacation.com\/en\/wp-json\/wp\/v2\/product\/6870","targetHints":{"allow":["GET"]}}],"collection":[{"href":"https:\/\/patrickvacation.com\/en\/wp-json\/wp\/v2\/product"}],"about":[{"href":"https:\/\/patrickvacation.com\/en\/wp-json\/wp\/v2\/types\/product"}],"version-history":[{"count":0,"href":"https:\/\/patrickvacation.com\/en\/wp-json\/wp\/v2\/product\/6870\/revisions"}],"wp:featuredmedia":[{"embeddable":true,"href":"https:\/\/patrickvacation.com\/en\/wp-json\/wp\/v2\/media\/6869"}],"wp:attachment":[{"href":"https:\/\/patrickvacation.com\/en\/wp-json\/wp\/v2\/media?parent=6870"}],"wp:term":[{"taxonomy":"product_brand","embeddable":true,"href":"https:\/\/patrickvacation.com\/en\/wp-json\/wp\/v2\/product_brand?post=6870"},{"taxonomy":"product_cat","embeddable":true,"href":"https:\/\/patrickvacation.com\/en\/wp-json\/wp\/v2\/product_cat?post=6870"},{"taxonomy":"product_tag","embeddable":true,"href":"https:\/\/patrickvacation.com\/en\/wp-json\/wp\/v2\/product_tag?post=6870"}],"curies":[{"name":"wp","href":"https:\/\/api.w.org\/{rel}","templated":true}]}}