{"id":6872,"date":"2025-02-26T23:12:40","date_gmt":"2025-02-26T23:12:40","guid":{"rendered":"https:\/\/patrickvacation.com\/reservas\/fiesta-en-catamaran\/"},"modified":"2025-02-26T23:12:40","modified_gmt":"2025-02-26T23:12:40","slug":"fiesta-en-catamaran","status":"publish","type":"product","link":"https:\/\/patrickvacation.com\/en\/excursiones\/fiesta-en-catamaran\/","title":{"rendered":"Fiesta en catamar\u00e1n"},"content":{"rendered":"<h2 id=\"headline-53-138\" class=\"ct-headline\" style=\"margin: 0px;font-family: Quicksand;font-size: 35px\">Itinerario del tour Party Boat en Punta Cana<\/h2>\n<div id=\"_rich_text-93-138\" class=\"oxy-rich-text\">\n<p style=\"margin-block-start: 0px\">El itinerario para la actividad de party boat es el siguiente:<\/p>\n<ul>\n<li><span style=\"font-weight: bolder\">01:00 p.m.<\/span>\u00a0\u2013 Inicio de la recogida desde tu hotel\u00a0para dirigirnos al punto de encuentro. La hora de recogida var\u00eda en funci\u00f3n de tu origen:\n<ul>\n<li><span style=\"font-weight: bolder\">01:00 p.m. \u2013 Hoteles de Capcana.<\/span><\/li>\n<li><span style=\"font-weight: bolder\">01:15 p.m. \u2013 Hoteles de Uvero Alto &amp; Cabeza de toro.<\/span><\/li>\n<li><span style=\"font-weight: bolder\">01:30 p.m. \u2013 Hoteles de B\u00e1varo.<\/span><\/li>\n<\/ul>\n<\/li>\n<li><span style=\"font-weight: bolder\">02:00 p.m.<\/span>\u00a0\u2013 Llegada al punto de encuentro donde realizaremos el \u00ab<em>Check in<\/em>\u00bb inicial y seremos recibidos por nuestro personal y grupo de entretenimiento, los cuales nos dar\u00e1n las\u00a0<span style=\"font-weight: bolder\">instrucciones iniciales<\/span>\u00a0para disfrutar de un d\u00eda inolvidable. En este momento, presentaremos el ticket de compra y el equipo nos entregar\u00e1n un \u00abBoarding Pass\u00bb con el que podremos embarcar en el catamar\u00e1n.<\/li>\n<li><span style=\"font-weight: bolder\">02:30 p.m.<\/span>\u00a0\u2013 Tras haber recibido las instrucciones de nuestra tripulaci\u00f3n, comienza la aventura a bordo. Salimos direcci\u00f3n hacia el arrecife de coral para realizar la primera actividad del d\u00eda:\u00a0<span style=\"font-weight: bolder\">snorkeling<\/span>, donde podremos contemplar la belleza del fondo marino junto con las distintas\u00a0<span style=\"font-weight: bolder\">variedades de peces t\u00edpicos del Caribe<\/span>. Durante este peque\u00f1o trayecto, el bar permancer\u00e1 cerrado ya que necesitamos que el cliente est\u00e9 muy atento durante la realizaci\u00f3n de la actividad.<\/li>\n<li><span style=\"font-weight: bolder\">02:50 p.m.<\/span>\u00a0\u2013\u00a0<span style=\"font-weight: bolder\">Tras un breve paseo<\/span>\u00a0llegaremos a los arrecifes de coral para empezar la actividad de snorkeling con<span style=\"font-weight: bolder\">\u00a0la m\u00e1scara de cara completa (Full Face Mask),\u00a0<\/span>la cual maximiza la experiencia en el avistamiento de fauna y flora marina. Durante toda la actividad, estar\u00e1 un gu\u00eda profesional a nuestro lado garantizando la seguridad del cliente.<\/li>\n<li><span style=\"font-weight: bolder\">03:30 p.m.<\/span>\u00a0\u2013 Salida de la zona de snorkeling y nuestro bar se abrir\u00e1 para todos los clientes. A partir de este momento\u00a0<span style=\"font-weight: bolder\">podr\u00e1s disfrutar de las mejores bebidas locales: ron blanco dominicano, ron dorado dominicano, bebidas, jugo y agua<\/span>. Posteriormente, nos dirigiremos al avistamiento de delfines que se encuentran protegidos en la zona de la plataforma para poner rumbo a la piscina natural.<\/li>\n<li><span style=\"font-weight: bolder\">03:45 p.m.<\/span>\u00a0\u2013 Llegada a la piscina natural, dode antes de tomar el ba\u00f1o en ella, realizaremos la deseada\u00a0<span style=\"font-weight: bolder\">FIESTA DE LA ESPUMA.<\/span>\u00a0Tras la misma, descenderemos del barco y nos ba\u00f1aremos en medio del mar con un agua que no nos llegar\u00e1 por encima de la cintura. Es un lugar paradisiaco lleno de energ\u00eda donde se encuentran muchos catamaranes llenos de turistas de todo el mundo con la misma convicci\u00f3n. \u00a1<span style=\"font-weight: bolder\">Disfrutar<\/span>!<\/li>\n<li><span style=\"font-weight: bolder\">05:00 p.m.\u00a0<\/span>\u2013 Tras la volver al barco de la fiesta en la piscina natural, la tripulaci\u00f3n nos ofrecer\u00e1 un snack para recargar energ\u00edas y se retornar\u00e1 al puerto. Durante todo este recorrido podremos continuar la fiesta bailando y cantando con nuestro grupo de animaci\u00f3n mientras se pone el sol por la costa de B\u00e1varo como postal.<\/li>\n<li><span style=\"font-weight: bolder\">05:30 p.m.\u00a0<\/span>\u2013 Retorno al punto de encuentro, donde te espera el hotel que te llevar\u00e1 de regreso a tu hotel.<\/li>\n<\/ul>\n<p><em>* Los horarios indicados anteriormente son aproximados.<\/em><\/p>\n<p style=\"margin-block-end: 0px\"><span style=\"font-weight: bolder\">Nota<\/span>: ofrecemos un \u201c<em>Party Boat Privado<\/em>\u201d para eventos privado como bodas, cumplea\u00f1os y dem\u00e1s eventos festivos, con una gran variedad de precios. Lo puedes ver\u00a0<a href=\"https:\/\/jackcana.tours\/party-boat-privado\/\" target=\"_blank\" rel=\"noopener\" style=\"background-color: transparent\">aqu\u00ed<\/a>.<\/p>\n<\/div>","protected":false},"excerpt":{"rendered":"<div id=\"div_block-25-138\" class=\"ct-div-block\">\n<h2 id=\"headline-26-138\" class=\"ct-headline\" style=\"margin: 7px 0px 0px;font-family: Quicksand;font-size: 35px\">Fiesta en catamar\u00e1n<\/h2>\n<div id=\"_rich_text-91-138\" class=\"oxy-rich-text\" style=\"width: 609.594px;margin-top: 10px\">\n<p style=\"margin-block-start: 0px\">Ir de vacaciones a Rep\u00fablica Dominicana y no disfrutar de\u00a0<span style=\"font-weight: bolder\">una buena fiesta<\/span>\u00a0es algo imperdonable. Es por ello por lo que en este tour te ofrecemos la posibilidad de\u00a0<span style=\"font-weight: bolder\">embarcarte<\/span>\u00a0en algunas de las\u00a0<span style=\"font-weight: bolder\">mejores fiestas del Caribe<\/span>\u00a0en el que adem\u00e1s recorrer\u00e1s toda la costa de Punta Cana.<\/p>\n<p>The experience\u00a0<span style=\"font-weight: bolder\">Party Boat<\/span>\u00a0we offer you in this activity is unique in that it is the first catamaran in the Caribbean that has the following :\u00a0<span style=\"font-weight: bolder\">2 floors in the boat,\u00a0<\/span>a cannon to make the\u00a0<span style=\"font-weight: bolder\">foam party and\u00a0<\/span>a\u00a0<span style=\"font-weight: bolder\">slide<\/span>\u00a0by that glide from the top of the boat. It is, therefore, an ideal tour to enjoy with your family, friends and\/or acquaintances.<\/p>\n<p>Esta excursi\u00f3n no solo incluye la fiesta en el barco, sino que adem\u00e1s podr\u00e1s diferentes actividades, como el\u00a0<span style=\"font-weight: bolder\">snorkeling.<\/span>\u00a0Esta es una actividad que cuenta con todas las medidas de seguridad y donde podr\u00e1s contemplar un arrecife de coral en toda su plenitud. Adem\u00e1s tendr\u00e1s una visi\u00f3n envidiable de la impresionante fauna marina que recoge las cristalinas aguas dominicanas.<\/p>\n<p>Tambi\u00e9n tendremos la oportunidad de\u00a0<span style=\"font-weight: bolder\">avistar delfines<\/span>\u00a0en nuestro camino hacia la preciosa piscina natural (el agua no te llegar\u00e1 m\u00e1s arriba de la cintura) donde podremos darnos un\u00a0<span style=\"font-weight: bolder\">refrescante ba\u00f1o<\/span>\u00a0y disfrutar del \u00ab<em>open bar<\/em>\u00bb con barra libre de refrescos, licores nacionales y cervezas. Este peque\u00f1o tesoro en mitad del mar ha sido catalogado como \u00ab<em>el climax<\/em>\u00bb de la excursi\u00f3n ya que en este lugar nos encontraremos con otros barcos que comparten las mismas ganas de diversi\u00f3n. Es, sin duda, un ambiente \u00fanico para recargar energ\u00edas durante tus\u00a0<span style=\"font-weight: bolder\">vacaciones en Rep\u00fablica Dominicana<\/span>.<\/p>\n<p>Disfruta entre canci\u00f3n y canci\u00f3n de la preciosa\u00a0<span style=\"font-weight: bolder\">costa de B\u00e1varo<\/span>, desde donde apreciaras toda la vegetaci\u00f3n dominicana que te dar\u00e1 una perspectiva de la isla inigualable.<\/p>\n<p style=\"margin-block-end: 0px\">Durante todo el trayecto ir\u00e1s\u00a0<span style=\"font-weight: bolder\">acompa\u00f1ado<\/span>\u00a0de la\u00a0<span style=\"font-weight: bolder\">tripulaci\u00f3n del barco<\/span>, un gu\u00eda de snorkel y un equipo de animaci\u00f3n que har\u00e1n que este d\u00eda sea\u00a0<span style=\"font-weight: bolder\">inolvidable<\/span>.<\/p>\n<\/div>\n<\/div>\n<div id=\"div_block-108-138\" class=\"ct-div-block\">\n<h2 id=\"headline-109-138\" class=\"ct-headline\" style=\"margin: 7px 0px 0px;font-family: Quicksand;font-size: 35px\">\u00bfPor qu\u00e9 no te puedes perder esta actividad?<\/h2>\n<div id=\"_rich_text-110-138\" class=\"oxy-rich-text\" style=\"width: 609.594px;margin-top: 20px\">\n<p style=\"margin-block-start: 0px\">Viajar en catamar\u00e1n por el Caribe no es algo que se puede hacer todos los d\u00edas. Sin duda, no solo el vivir la\u00a0<span style=\"font-weight: bolder\">experiencia del barco<\/span>\u00a0merece la pena, sino que adem\u00e1s los lugares que visitar\u00e1s ser\u00e1n incre\u00edbles.<\/p>\n<p>El\u00a0<span style=\"font-weight: bolder\">arrecife de coral<\/span>\u00a0en el que podr\u00e1s hacer snorkel justo\u00a0<span style=\"font-weight: bolder\">frente a playa B\u00e1varo<\/span>\u00a0es uno de los m\u00e1s impresionantes de Punta Cana, ya que guarda innumerables variedades de peces en el fondo marino.<\/p>\n<p>Una de las\u00a0<span style=\"font-weight: bolder\">piscinas naturales<\/span>\u00a0que se encuentra muy cerca de Punta Cana, es la situada entre B\u00e1varo y Cabeza de Toro. Conocida por los dominicanos, es un lugar perfecto para relajarse mientras tomamos alguna bebida, ya que el agua solo nos\u00a0<span style=\"font-weight: bolder\">cubre medio cuerpo<\/span>.<\/p>\n<p style=\"margin-block-end: 0px\">Tambi\u00e9n, debemos recordar que esta es una\u00a0<span style=\"font-weight: bolder\">actividad 100% segura con medidas de seguridad<\/span>\u00a0y no reviste riesgo alguno para el turista. Incluso, es muy recomendada para los ni\u00f1os ya que disfrutar\u00e1n de un fant\u00e1stico d\u00eda a bordo de un catamar\u00e1n.<\/p>\n<\/div>\n<\/div>","protected":false},"featured_media":6871,"template":"","meta":[],"product_brand":[197],"product_cat":[182],"product_tag":[],"class_list":{"0":"post-6872","1":"product","2":"type-product","3":"status-publish","4":"has-post-thumbnail","6":"product_brand-buceo","7":"product_cat-ecoaventura-senderismo","9":"first","10":"instock","11":"virtual","12":"purchasable","13":"product-type-simple"},"yoast_head":"<!-- This site is optimized with the Yoast SEO plugin v24.7 - https:\/\/yoast.com\/wordpress\/plugins\/seo\/ -->\n<title>Fiesta en catamar\u00e1n - Patrick Vacation<\/title>\n<meta name=\"robots\" content=\"index, follow, max-snippet:-1, max-image-preview:large, max-video-preview:-1\" \/>\n<link rel=\"canonical\" href=\"https:\/\/patrickvacation.com\/en\/excursiones\/fiesta-en-catamaran\/\" \/>\n<meta property=\"og:locale\" content=\"en_US\" \/>\n<meta property=\"og:type\" content=\"article\" \/>\n<meta property=\"og:title\" content=\"Fiesta en catamar\u00e1n - Patrick Vacation\" \/>\n<meta property=\"og:description\" content=\"Fiesta en catamar\u00e1nIr de vacaciones a Rep\u00fablica Dominicana y no disfrutar de\u00a0una buena fiesta\u00a0es algo imperdonable. Es por ello por lo que en este tour te ofrecemos la posibilidad de\u00a0embarcarte\u00a0en algunas de las\u00a0mejores fiestas del Caribe\u00a0en el que adem\u00e1s recorrer\u00e1s toda la costa de Punta Cana.La experiencia\u00a0Party Boat\u00a0que te ofrecemos en esta actividad es \u00fanica, ya que es el primer catamar\u00e1n en el Caribe que dispone de los siguientes :\u00a02 pisos en el barco,\u00a0un ca\u00f1\u00f3n para realizar la\u00a0fiesta de la espuma y\u00a0un\u00a0tobog\u00e1n\u00a0por el que deslizarte desde lo alto del barco. Se trata, por tanto, de un tour ideal para disfrutar con tu familia, amigos y\/o conocidos.Esta excursi\u00f3n no solo incluye la fiesta en el barco, sino que adem\u00e1s podr\u00e1s diferentes actividades, como el\u00a0snorkeling.\u00a0Esta es una actividad que cuenta con todas las medidas de seguridad y donde podr\u00e1s contemplar un arrecife de coral en toda su plenitud. Adem\u00e1s tendr\u00e1s una visi\u00f3n envidiable de la impresionante fauna marina que recoge las cristalinas aguas dominicanas.Tambi\u00e9n tendremos la oportunidad de\u00a0avistar delfines\u00a0en nuestro camino hacia la preciosa piscina natural (el agua no te llegar\u00e1 m\u00e1s arriba de la cintura) donde podremos darnos un\u00a0refrescante ba\u00f1o\u00a0y disfrutar del &quot;open bar&quot; con barra libre de refrescos, licores nacionales y cervezas. Este peque\u00f1o tesoro en mitad del mar ha sido catalogado como &quot;el climax&quot; de la excursi\u00f3n ya que en este lugar nos encontraremos con otros barcos que comparten las mismas ganas de diversi\u00f3n. Es, sin duda, un ambiente \u00fanico para recargar energ\u00edas durante tus\u00a0vacaciones en Rep\u00fablica Dominicana.Disfruta entre canci\u00f3n y canci\u00f3n de la preciosa\u00a0costa de B\u00e1varo, desde donde apreciaras toda la vegetaci\u00f3n dominicana que te dar\u00e1 una perspectiva de la isla inigualable.Durante todo el trayecto ir\u00e1s\u00a0acompa\u00f1ado\u00a0de la\u00a0tripulaci\u00f3n del barco, un gu\u00eda de snorkel y un equipo de animaci\u00f3n que har\u00e1n que este d\u00eda sea\u00a0inolvidable.\u00bfPor qu\u00e9 no te puedes perder esta actividad?Viajar en catamar\u00e1n por el Caribe no es algo que se puede hacer todos los d\u00edas. Sin duda, no solo el vivir la\u00a0experiencia del barco\u00a0merece la pena, sino que adem\u00e1s los lugares que visitar\u00e1s ser\u00e1n incre\u00edbles.El\u00a0arrecife de coral\u00a0en el que podr\u00e1s hacer snorkel justo\u00a0frente a playa B\u00e1varo\u00a0es uno de los m\u00e1s impresionantes de Punta Cana, ya que guarda innumerables variedades de peces en el fondo marino.Una de las\u00a0piscinas naturales\u00a0que se encuentra muy cerca de Punta Cana, es la situada entre B\u00e1varo y Cabeza de Toro. Conocida por los dominicanos, es un lugar perfecto para relajarse mientras tomamos alguna bebida, ya que el agua solo nos\u00a0cubre medio cuerpo.Tambi\u00e9n, debemos recordar que esta es una\u00a0actividad 100% segura con medidas de seguridad\u00a0y no reviste riesgo alguno para el turista. Incluso, es muy recomendada para los ni\u00f1os ya que disfrutar\u00e1n de un fant\u00e1stico d\u00eda a bordo de un catamar\u00e1n.\" \/>\n<meta property=\"og:url\" content=\"https:\/\/patrickvacation.com\/en\/excursiones\/fiesta-en-catamaran\/\" \/>\n<meta property=\"og:site_name\" content=\"Patrick Vacation\" \/>\n<meta property=\"article:publisher\" content=\"https:\/\/www.facebook.com\/alcequiez.tours.travel\" \/>\n<meta property=\"og:image\" content=\"https:\/\/patrickvacation.com\/wp-content\/uploads\/2025\/02\/catamaran.jpg\" \/>\n\t<meta property=\"og:image:width\" content=\"822\" \/>\n\t<meta property=\"og:image:height\" content=\"583\" \/>\n\t<meta property=\"og:image:type\" content=\"image\/jpeg\" \/>\n<meta name=\"twitter:card\" content=\"summary_large_image\" \/>\n<meta name=\"twitter:label1\" content=\"Est. reading time\" \/>\n\t<meta name=\"twitter:data1\" content=\"3 minutes\" \/>\n<script type=\"application\/ld+json\" class=\"yoast-schema-graph\">{\"@context\":\"https:\/\/schema.org\",\"@graph\":[{\"@type\":\"WebPage\",\"@id\":\"https:\/\/patrickvacation.com\/excursiones\/fiesta-en-catamaran\/\",\"url\":\"https:\/\/patrickvacation.com\/excursiones\/fiesta-en-catamaran\/\",\"name\":\"Fiesta en catamar\u00e1n - Patrick Vacation\",\"isPartOf\":{\"@id\":\"https:\/\/patrickvacation.com\/#website\"},\"primaryImageOfPage\":{\"@id\":\"https:\/\/patrickvacation.com\/excursiones\/fiesta-en-catamaran\/#primaryimage\"},\"image\":{\"@id\":\"https:\/\/patrickvacation.com\/excursiones\/fiesta-en-catamaran\/#primaryimage\"},\"thumbnailUrl\":\"https:\/\/patrickvacation.com\/wp-content\/uploads\/2025\/02\/catamaran.jpg\",\"datePublished\":\"2025-02-26T23:12:40+00:00\",\"breadcrumb\":{\"@id\":\"https:\/\/patrickvacation.com\/excursiones\/fiesta-en-catamaran\/#breadcrumb\"},\"inLanguage\":\"en-US\",\"potentialAction\":[{\"@type\":\"ReadAction\",\"target\":[\"https:\/\/patrickvacation.com\/excursiones\/fiesta-en-catamaran\/\"]}]},{\"@type\":\"ImageObject\",\"inLanguage\":\"en-US\",\"@id\":\"https:\/\/patrickvacation.com\/excursiones\/fiesta-en-catamaran\/#primaryimage\",\"url\":\"https:\/\/patrickvacation.com\/wp-content\/uploads\/2025\/02\/catamaran.jpg\",\"contentUrl\":\"https:\/\/patrickvacation.com\/wp-content\/uploads\/2025\/02\/catamaran.jpg\",\"width\":822,\"height\":583},{\"@type\":\"BreadcrumbList\",\"@id\":\"https:\/\/patrickvacation.com\/excursiones\/fiesta-en-catamaran\/#breadcrumb\",\"itemListElement\":[{\"@type\":\"ListItem\",\"position\":1,\"name\":\"Portada\",\"item\":\"https:\/\/patrickvacation.com\/\"},{\"@type\":\"ListItem\",\"position\":2,\"name\":\"Excursiones y Reservas\",\"item\":\"https:\/\/patrickvacation.com\/excursiones\/\"},{\"@type\":\"ListItem\",\"position\":3,\"name\":\"Fiesta en catamar\u00e1n\"}]},{\"@type\":\"WebSite\",\"@id\":\"https:\/\/patrickvacation.com\/#website\",\"url\":\"https:\/\/patrickvacation.com\/\",\"name\":\"Patrick Vacation\",\"description\":\"\",\"publisher\":{\"@id\":\"https:\/\/patrickvacation.com\/#organization\"},\"potentialAction\":[{\"@type\":\"SearchAction\",\"target\":{\"@type\":\"EntryPoint\",\"urlTemplate\":\"https:\/\/patrickvacation.com\/?s={search_term_string}\"},\"query-input\":{\"@type\":\"PropertyValueSpecification\",\"valueRequired\":true,\"valueName\":\"search_term_string\"}}],\"inLanguage\":\"en-US\"},{\"@type\":\"Organization\",\"@id\":\"https:\/\/patrickvacation.com\/#organization\",\"name\":\"Alcequiez Tours and Travel\",\"url\":\"https:\/\/patrickvacation.com\/\",\"logo\":{\"@type\":\"ImageObject\",\"inLanguage\":\"en-US\",\"@id\":\"https:\/\/patrickvacation.com\/#\/schema\/logo\/image\/\",\"url\":\"https:\/\/patrickvacation.com\/wp-content\/uploads\/2023\/03\/Logo-Alcequiez.png\",\"contentUrl\":\"https:\/\/patrickvacation.com\/wp-content\/uploads\/2023\/03\/Logo-Alcequiez.png\",\"width\":1080,\"height\":560,\"caption\":\"Alcequiez Tours and Travel\"},\"image\":{\"@id\":\"https:\/\/patrickvacation.com\/#\/schema\/logo\/image\/\"},\"sameAs\":[\"https:\/\/www.facebook.com\/alcequiez.tours.travel\",\"https:\/\/www.instagram.com\/alcequieztour\/\"]}]}<\/script>\n<!-- \/ Yoast SEO plugin. -->","yoast_head_json":{"title":"Fiesta en catamar\u00e1n - Patrick Vacation","robots":{"index":"index","follow":"follow","max-snippet":"max-snippet:-1","max-image-preview":"max-image-preview:large","max-video-preview":"max-video-preview:-1"},"canonical":"https:\/\/patrickvacation.com\/en\/excursiones\/fiesta-en-catamaran\/","og_locale":"en_US","og_type":"article","og_title":"Fiesta en catamar\u00e1n - Patrick Vacation","og_description":"Fiesta en catamar\u00e1nIr de vacaciones a Rep\u00fablica Dominicana y no disfrutar de\u00a0una buena fiesta\u00a0es algo imperdonable. Es por ello por lo que en este tour te ofrecemos la posibilidad de\u00a0embarcarte\u00a0en algunas de las\u00a0mejores fiestas del Caribe\u00a0en el que adem\u00e1s recorrer\u00e1s toda la costa de Punta Cana.La experiencia\u00a0Party Boat\u00a0que te ofrecemos en esta actividad es \u00fanica, ya que es el primer catamar\u00e1n en el Caribe que dispone de los siguientes :\u00a02 pisos en el barco,\u00a0un ca\u00f1\u00f3n para realizar la\u00a0fiesta de la espuma y\u00a0un\u00a0tobog\u00e1n\u00a0por el que deslizarte desde lo alto del barco. Se trata, por tanto, de un tour ideal para disfrutar con tu familia, amigos y\/o conocidos.Esta excursi\u00f3n no solo incluye la fiesta en el barco, sino que adem\u00e1s podr\u00e1s diferentes actividades, como el\u00a0snorkeling.\u00a0Esta es una actividad que cuenta con todas las medidas de seguridad y donde podr\u00e1s contemplar un arrecife de coral en toda su plenitud. Adem\u00e1s tendr\u00e1s una visi\u00f3n envidiable de la impresionante fauna marina que recoge las cristalinas aguas dominicanas.Tambi\u00e9n tendremos la oportunidad de\u00a0avistar delfines\u00a0en nuestro camino hacia la preciosa piscina natural (el agua no te llegar\u00e1 m\u00e1s arriba de la cintura) donde podremos darnos un\u00a0refrescante ba\u00f1o\u00a0y disfrutar del \"open bar\" con barra libre de refrescos, licores nacionales y cervezas. Este peque\u00f1o tesoro en mitad del mar ha sido catalogado como \"el climax\" de la excursi\u00f3n ya que en este lugar nos encontraremos con otros barcos que comparten las mismas ganas de diversi\u00f3n. Es, sin duda, un ambiente \u00fanico para recargar energ\u00edas durante tus\u00a0vacaciones en Rep\u00fablica Dominicana.Disfruta entre canci\u00f3n y canci\u00f3n de la preciosa\u00a0costa de B\u00e1varo, desde donde apreciaras toda la vegetaci\u00f3n dominicana que te dar\u00e1 una perspectiva de la isla inigualable.Durante todo el trayecto ir\u00e1s\u00a0acompa\u00f1ado\u00a0de la\u00a0tripulaci\u00f3n del barco, un gu\u00eda de snorkel y un equipo de animaci\u00f3n que har\u00e1n que este d\u00eda sea\u00a0inolvidable.\u00bfPor qu\u00e9 no te puedes perder esta actividad?Viajar en catamar\u00e1n por el Caribe no es algo que se puede hacer todos los d\u00edas. Sin duda, no solo el vivir la\u00a0experiencia del barco\u00a0merece la pena, sino que adem\u00e1s los lugares que visitar\u00e1s ser\u00e1n incre\u00edbles.El\u00a0arrecife de coral\u00a0en el que podr\u00e1s hacer snorkel justo\u00a0frente a playa B\u00e1varo\u00a0es uno de los m\u00e1s impresionantes de Punta Cana, ya que guarda innumerables variedades de peces en el fondo marino.Una de las\u00a0piscinas naturales\u00a0que se encuentra muy cerca de Punta Cana, es la situada entre B\u00e1varo y Cabeza de Toro. Conocida por los dominicanos, es un lugar perfecto para relajarse mientras tomamos alguna bebida, ya que el agua solo nos\u00a0cubre medio cuerpo.Tambi\u00e9n, debemos recordar que esta es una\u00a0actividad 100% segura con medidas de seguridad\u00a0y no reviste riesgo alguno para el turista. Incluso, es muy recomendada para los ni\u00f1os ya que disfrutar\u00e1n de un fant\u00e1stico d\u00eda a bordo de un catamar\u00e1n.","og_url":"https:\/\/patrickvacation.com\/en\/excursiones\/fiesta-en-catamaran\/","og_site_name":"Patrick Vacation","article_publisher":"https:\/\/www.facebook.com\/alcequiez.tours.travel","og_image":[{"width":822,"height":583,"url":"https:\/\/patrickvacation.com\/wp-content\/uploads\/2025\/02\/catamaran.jpg","type":"image\/jpeg"}],"twitter_card":"summary_large_image","twitter_misc":{"Est. reading time":"3 minutes"},"schema":{"@context":"https:\/\/schema.org","@graph":[{"@type":"WebPage","@id":"https:\/\/patrickvacation.com\/excursiones\/fiesta-en-catamaran\/","url":"https:\/\/patrickvacation.com\/excursiones\/fiesta-en-catamaran\/","name":"Fiesta en catamar\u00e1n - Patrick Vacation","isPartOf":{"@id":"https:\/\/patrickvacation.com\/#website"},"primaryImageOfPage":{"@id":"https:\/\/patrickvacation.com\/excursiones\/fiesta-en-catamaran\/#primaryimage"},"image":{"@id":"https:\/\/patrickvacation.com\/excursiones\/fiesta-en-catamaran\/#primaryimage"},"thumbnailUrl":"https:\/\/patrickvacation.com\/wp-content\/uploads\/2025\/02\/catamaran.jpg","datePublished":"2025-02-26T23:12:40+00:00","breadcrumb":{"@id":"https:\/\/patrickvacation.com\/excursiones\/fiesta-en-catamaran\/#breadcrumb"},"inLanguage":"en-US","potentialAction":[{"@type":"ReadAction","target":["https:\/\/patrickvacation.com\/excursiones\/fiesta-en-catamaran\/"]}]},{"@type":"ImageObject","inLanguage":"en-US","@id":"https:\/\/patrickvacation.com\/excursiones\/fiesta-en-catamaran\/#primaryimage","url":"https:\/\/patrickvacation.com\/wp-content\/uploads\/2025\/02\/catamaran.jpg","contentUrl":"https:\/\/patrickvacation.com\/wp-content\/uploads\/2025\/02\/catamaran.jpg","width":822,"height":583},{"@type":"BreadcrumbList","@id":"https:\/\/patrickvacation.com\/excursiones\/fiesta-en-catamaran\/#breadcrumb","itemListElement":[{"@type":"ListItem","position":1,"name":"Portada","item":"https:\/\/patrickvacation.com\/"},{"@type":"ListItem","position":2,"name":"Excursiones y Reservas","item":"https:\/\/patrickvacation.com\/excursiones\/"},{"@type":"ListItem","position":3,"name":"Fiesta en catamar\u00e1n"}]},{"@type":"WebSite","@id":"https:\/\/patrickvacation.com\/#website","url":"https:\/\/patrickvacation.com\/","name":"Patrick Vacation","description":"","publisher":{"@id":"https:\/\/patrickvacation.com\/#organization"},"potentialAction":[{"@type":"SearchAction","target":{"@type":"EntryPoint","urlTemplate":"https:\/\/patrickvacation.com\/?s={search_term_string}"},"query-input":{"@type":"PropertyValueSpecification","valueRequired":true,"valueName":"search_term_string"}}],"inLanguage":"en-US"},{"@type":"Organization","@id":"https:\/\/patrickvacation.com\/#organization","name":"Alcequiez Tours and Travel","url":"https:\/\/patrickvacation.com\/","logo":{"@type":"ImageObject","inLanguage":"en-US","@id":"https:\/\/patrickvacation.com\/#\/schema\/logo\/image\/","url":"https:\/\/patrickvacation.com\/wp-content\/uploads\/2023\/03\/Logo-Alcequiez.png","contentUrl":"https:\/\/patrickvacation.com\/wp-content\/uploads\/2023\/03\/Logo-Alcequiez.png","width":1080,"height":560,"caption":"Alcequiez Tours and Travel"},"image":{"@id":"https:\/\/patrickvacation.com\/#\/schema\/logo\/image\/"},"sameAs":["https:\/\/www.facebook.com\/alcequiez.tours.travel","https:\/\/www.instagram.com\/alcequieztour\/"]}]}},"_links":{"self":[{"href":"https:\/\/patrickvacation.com\/en\/wp-json\/wp\/v2\/product\/6872","targetHints":{"allow":["GET"]}}],"collection":[{"href":"https:\/\/patrickvacation.com\/en\/wp-json\/wp\/v2\/product"}],"about":[{"href":"https:\/\/patrickvacation.com\/en\/wp-json\/wp\/v2\/types\/product"}],"version-history":[{"count":0,"href":"https:\/\/patrickvacation.com\/en\/wp-json\/wp\/v2\/product\/6872\/revisions"}],"wp:featuredmedia":[{"embeddable":true,"href":"https:\/\/patrickvacation.com\/en\/wp-json\/wp\/v2\/media\/6871"}],"wp:attachment":[{"href":"https:\/\/patrickvacation.com\/en\/wp-json\/wp\/v2\/media?parent=6872"}],"wp:term":[{"taxonomy":"product_brand","embeddable":true,"href":"https:\/\/patrickvacation.com\/en\/wp-json\/wp\/v2\/product_brand?post=6872"},{"taxonomy":"product_cat","embeddable":true,"href":"https:\/\/patrickvacation.com\/en\/wp-json\/wp\/v2\/product_cat?post=6872"},{"taxonomy":"product_tag","embeddable":true,"href":"https:\/\/patrickvacation.com\/en\/wp-json\/wp\/v2\/product_tag?post=6872"}],"curies":[{"name":"wp","href":"https:\/\/api.w.org\/{rel}","templated":true}]}}