{"id":6879,"date":"2025-02-27T17:26:28","date_gmt":"2025-02-27T17:26:28","guid":{"rendered":"https:\/\/patrickvacation.com\/reservas\/excursion-en-speed-boat\/"},"modified":"2025-02-27T17:26:28","modified_gmt":"2025-02-27T17:26:28","slug":"excursion-en-speed-boat","status":"publish","type":"product","link":"https:\/\/patrickvacation.com\/en\/excursiones\/excursion-en-speed-boat\/","title":{"rendered":"Excursion Speed Boat"},"content":{"rendered":"<h2 id=\"headline-107-2242\" class=\"ct-headline\" style=\"margin: 0px;font-family: Quicksand;font-size: 35px\">Itinerario del tour Speed Boat<\/h2>\n<div id=\"_rich_text-116-2242\" class=\"oxy-rich-text\">\n<p style=\"margin-block-start: 0px\">El itinerario que tenemos programado para Speed boat es el siguiente:<\/p>\n<ul>\n<li><span style=\"font-weight: bolder\">08:30 a.m.<\/span>\u00a0\u2013 Recogida desde su hotel hasta el punto de salida de la actividad.<\/li>\n<li><span style=\"font-weight: bolder\">09:00 a.m.<\/span>\u00a0\u2013 Comenzamos la conducci\u00f3n del speed boat por el mar Caribe. Durante el recorrido\u00a0<span style=\"font-weight: bolder\">visitaremos los arrecifes de coral<\/span>\u00a0donde haremos\u00a0<span style=\"font-weight: bolder\">snorkel<\/span>.<\/li>\n<li>A continuaci\u00f3n, nos dirigiremos a la\u00a0<span style=\"font-weight: bolder\">piscina natural<\/span>\u00a0donde realizaremos una parada para disfrutar de un refrescante ba\u00f1o y continuar con el recorrido programado en la actividad.<\/li>\n<li><span style=\"font-weight: bolder\">10:00 a.m.<\/span>\u00a0\u2013 Nos dirigiremos hacia la\u00a0<span style=\"font-weight: bolder\">plataforma de delfines y manta raya<\/span>\u00a0que podremos ver desde nuestra lancha r\u00e1pida.<\/li>\n<li><span style=\"font-weight: bolder\">11:00 a.m.<\/span>\u00a0\u2013 Fin del tour.<\/li>\n<\/ul>\n<p style=\"margin-block-end: 0px\"><em>* Los horarios indicados anteriormente son aproximados y est\u00e1n calculados para la excursi\u00f3n de las 09:00h.<\/em><\/p>\n<\/div>","protected":false},"excerpt":{"rendered":"<p><div id=\"div_block-69-2242\" class=\"ct-div-block\"><span style=\"font-family: Quicksand;font-size: 35px;font-weight: 700;text-align: left\">Excursi\u00f3n en Speed\u00a0<\/span><\/p>\n<div id=\"div_block-70-2242\" class=\"ct-div-block\" style=\"flex-flow: row;align-items: center;width: 430.396px;justify-content: center;text-align: center\"><\/div>\n<\/div>\n<div id=\"div_block-18-2242\" class=\"ct-div-block\">\n<div id=\"div_block-33-2242\" class=\"ct-div-block\" style=\"flex-flow: column wrap;align-items: flex-start;margin-top: 30px;width: 609.594px;text-align: left;padding-top: 0px\">\n<div id=\"_rich_text-101-2242\" class=\"oxy-rich-text\" style=\"margin-top: 20px;width: 609.594px\">\n<p class=\"Cuerpo\" style=\"margin-block-start: 0px\">El speed boat es una<span>\u00a0<\/span><strong style=\"font-weight: bolder\">actividad llena de adrenalina<\/strong>, donde la velocidad y los giros hacen de esta una experiencia de lo m\u00e1s emocionante.<\/p>\n<p class=\"Cuerpo\">Esta aventura es un<strong style=\"font-weight: bolder\"><span>\u00a0<\/span>paseo por la costa del Caribe a toda velocidad<\/strong>, con sorpresas como acelerones, saltos contra las olas y curvas cerradas como si estuvieras compitiendo en una carrera de velocidad sobre el mar.<\/p>\n<p class=\"Cuerpo\">El mar Caribe es un<span>\u00a0<\/span><strong style=\"font-weight: bolder\">entorno ideal para disfrutar del speed boat<\/strong>, donde adem\u00e1s de mar abierto existen rincones para disfrutar del entorno de Punta Cana. Diversi\u00f3n y aventura en un entorno perfecto para disfrutar de una actividad \u00fanica junto a otras a un ritmo espectacular.<\/p>\n<p class=\"Cuerpo\" style=\"margin-block-end: 0px\"><strong style=\"font-weight: bolder\">Siente el viento en tu cara viajando a bordo de una lancha r\u00e1pida<\/strong><span>\u00a0<\/span>en una excursi\u00f3n que querr\u00e1s volver a disfrutar en cuanto tengas oportunidad. Un tour ideal para quienes quieren naturaleza, aventura y emociones fuertes.<\/p>\n<\/div>\n<\/div>\n<div id=\"div_block-102-2242\" class=\"ct-div-block\" style=\"flex-flow: column wrap;align-items: flex-start;margin-top: 40px;width: 609.594px;text-align: left;padding-top: 0px\">\n<h2 id=\"headline-103-2242\" class=\"ct-headline\" style=\"margin: 7px 0px 0px;font-family: Quicksand;font-size: 35px;font-weight: 700\">\u00bfPor qu\u00e9 no te puedes perder esta actividad?<\/h2>\n<div id=\"_rich_text-104-2242\" class=\"oxy-rich-text\" style=\"margin-top: 20px;width: 609.594px\">\n<p class=\"Cuerpo\" style=\"margin-block-start: 0px\">El tour de speed boat es una de las actividades que no puedes dejar de disfrutar si quieres vivir el mar en su m\u00e1ximo esplendor.<span>\u00a0<\/span><strong style=\"font-weight: bolder\">Una visi\u00f3n del Caribe llena de emoci\u00f3n<\/strong>, con actividades complementarias que recuerdan por qu\u00e9 las inmediaciones de Punta Cana son ideales para disfrutar de unas vacaciones espectaculares.<\/p>\n<p class=\"Cuerpo\">Adem\u00e1s, es una actividad<strong style=\"font-weight: bolder\">\u00a0que pueden hacer tanto adultos como ni\u00f1os (a partir de 3 a\u00f1os)<\/strong>, por lo que no importa si vienes a Punta Cana en familia, con tus amigos o para disfrutar de unos d\u00edas en pareja. Todos pod\u00e9is subiros al speed boat y experimentar la emoci\u00f3n de pilotar a gran velocidad con toda seguridad.<\/p>\n<p class=\"Cuerpo\" style=\"margin-block-end: 0px\">Por tanto, estamos hablando de un tour que no te puedes perder si vienes a descubrir Rep\u00fablica Dominicana.<\/p>\n<\/div>\n<\/div>\n<\/div>","protected":false},"featured_media":6878,"template":"","meta":[],"product_brand":[],"product_cat":[178],"product_tag":[],"class_list":{"0":"post-6879","1":"product","2":"type-product","3":"status-publish","4":"has-post-thumbnail","6":"product_cat-aventura-safari","8":"first","9":"instock","10":"virtual","11":"purchasable","12":"product-type-simple"},"yoast_head":"<!-- This site is optimized with the Yoast SEO plugin v24.7 - https:\/\/yoast.com\/wordpress\/plugins\/seo\/ -->\n<title>Excursi\u00f3n en Speed Boat - Patrick Vacation<\/title>\n<meta name=\"robots\" content=\"index, follow, max-snippet:-1, max-image-preview:large, max-video-preview:-1\" \/>\n<link rel=\"canonical\" href=\"https:\/\/patrickvacation.com\/en\/excursiones\/excursion-en-speed-boat\/\" \/>\n<meta property=\"og:locale\" content=\"en_US\" \/>\n<meta property=\"og:type\" content=\"article\" \/>\n<meta property=\"og:title\" content=\"Excursi\u00f3n en Speed Boat - Patrick Vacation\" \/>\n<meta property=\"og:description\" content=\"Excursi\u00f3n en Speed\u00a0El speed boat es una\u00a0actividad llena de adrenalina, donde la velocidad y los giros hacen de esta una experiencia de lo m\u00e1s emocionante.Esta aventura es un\u00a0paseo por la costa del Caribe a toda velocidad, con sorpresas como acelerones, saltos contra las olas y curvas cerradas como si estuvieras compitiendo en una carrera de velocidad sobre el mar.El mar Caribe es un\u00a0entorno ideal para disfrutar del speed boat, donde adem\u00e1s de mar abierto existen rincones para disfrutar del entorno de Punta Cana. Diversi\u00f3n y aventura en un entorno perfecto para disfrutar de una actividad \u00fanica junto a otras a un ritmo espectacular.Siente el viento en tu cara viajando a bordo de una lancha r\u00e1pida\u00a0en una excursi\u00f3n que querr\u00e1s volver a disfrutar en cuanto tengas oportunidad. Un tour ideal para quienes quieren naturaleza, aventura y emociones fuertes.\u00bfPor qu\u00e9 no te puedes perder esta actividad?El tour de speed boat es una de las actividades que no puedes dejar de disfrutar si quieres vivir el mar en su m\u00e1ximo esplendor.\u00a0Una visi\u00f3n del Caribe llena de emoci\u00f3n, con actividades complementarias que recuerdan por qu\u00e9 las inmediaciones de Punta Cana son ideales para disfrutar de unas vacaciones espectaculares.Adem\u00e1s, es una actividad\u00a0que pueden hacer tanto adultos como ni\u00f1os (a partir de 3 a\u00f1os), por lo que no importa si vienes a Punta Cana en familia, con tus amigos o para disfrutar de unos d\u00edas en pareja. Todos pod\u00e9is subiros al speed boat y experimentar la emoci\u00f3n de pilotar a gran velocidad con toda seguridad.Por tanto, estamos hablando de un tour que no te puedes perder si vienes a descubrir Rep\u00fablica Dominicana.\" \/>\n<meta property=\"og:url\" content=\"https:\/\/patrickvacation.com\/en\/excursiones\/excursion-en-speed-boat\/\" \/>\n<meta property=\"og:site_name\" content=\"Patrick Vacation\" \/>\n<meta property=\"article:publisher\" content=\"https:\/\/www.facebook.com\/alcequiez.tours.travel\" \/>\n<meta property=\"og:image\" content=\"https:\/\/patrickvacation.com\/wp-content\/uploads\/2025\/02\/speedboat.jpg\" \/>\n\t<meta property=\"og:image:width\" content=\"870\" \/>\n\t<meta property=\"og:image:height\" content=\"555\" \/>\n\t<meta property=\"og:image:type\" content=\"image\/jpeg\" \/>\n<meta name=\"twitter:card\" content=\"summary_large_image\" \/>\n<meta name=\"twitter:label1\" content=\"Est. reading time\" \/>\n\t<meta name=\"twitter:data1\" content=\"1 minute\" \/>\n<script type=\"application\/ld+json\" class=\"yoast-schema-graph\">{\"@context\":\"https:\/\/schema.org\",\"@graph\":[{\"@type\":\"WebPage\",\"@id\":\"https:\/\/patrickvacation.com\/excursiones\/excursion-en-speed-boat\/\",\"url\":\"https:\/\/patrickvacation.com\/excursiones\/excursion-en-speed-boat\/\",\"name\":\"Excursi\u00f3n en Speed Boat - Patrick Vacation\",\"isPartOf\":{\"@id\":\"https:\/\/patrickvacation.com\/#website\"},\"primaryImageOfPage\":{\"@id\":\"https:\/\/patrickvacation.com\/excursiones\/excursion-en-speed-boat\/#primaryimage\"},\"image\":{\"@id\":\"https:\/\/patrickvacation.com\/excursiones\/excursion-en-speed-boat\/#primaryimage\"},\"thumbnailUrl\":\"https:\/\/patrickvacation.com\/wp-content\/uploads\/2025\/02\/speedboat.jpg\",\"datePublished\":\"2025-02-27T17:26:28+00:00\",\"breadcrumb\":{\"@id\":\"https:\/\/patrickvacation.com\/excursiones\/excursion-en-speed-boat\/#breadcrumb\"},\"inLanguage\":\"en-US\",\"potentialAction\":[{\"@type\":\"ReadAction\",\"target\":[\"https:\/\/patrickvacation.com\/excursiones\/excursion-en-speed-boat\/\"]}]},{\"@type\":\"ImageObject\",\"inLanguage\":\"en-US\",\"@id\":\"https:\/\/patrickvacation.com\/excursiones\/excursion-en-speed-boat\/#primaryimage\",\"url\":\"https:\/\/patrickvacation.com\/wp-content\/uploads\/2025\/02\/speedboat.jpg\",\"contentUrl\":\"https:\/\/patrickvacation.com\/wp-content\/uploads\/2025\/02\/speedboat.jpg\",\"width\":870,\"height\":555},{\"@type\":\"BreadcrumbList\",\"@id\":\"https:\/\/patrickvacation.com\/excursiones\/excursion-en-speed-boat\/#breadcrumb\",\"itemListElement\":[{\"@type\":\"ListItem\",\"position\":1,\"name\":\"Portada\",\"item\":\"https:\/\/patrickvacation.com\/\"},{\"@type\":\"ListItem\",\"position\":2,\"name\":\"Excursiones y Reservas\",\"item\":\"https:\/\/patrickvacation.com\/excursiones\/\"},{\"@type\":\"ListItem\",\"position\":3,\"name\":\"Excursi\u00f3n en Speed Boat\"}]},{\"@type\":\"WebSite\",\"@id\":\"https:\/\/patrickvacation.com\/#website\",\"url\":\"https:\/\/patrickvacation.com\/\",\"name\":\"Patrick Vacation\",\"description\":\"\",\"publisher\":{\"@id\":\"https:\/\/patrickvacation.com\/#organization\"},\"potentialAction\":[{\"@type\":\"SearchAction\",\"target\":{\"@type\":\"EntryPoint\",\"urlTemplate\":\"https:\/\/patrickvacation.com\/?s={search_term_string}\"},\"query-input\":{\"@type\":\"PropertyValueSpecification\",\"valueRequired\":true,\"valueName\":\"search_term_string\"}}],\"inLanguage\":\"en-US\"},{\"@type\":\"Organization\",\"@id\":\"https:\/\/patrickvacation.com\/#organization\",\"name\":\"Alcequiez Tours and Travel\",\"url\":\"https:\/\/patrickvacation.com\/\",\"logo\":{\"@type\":\"ImageObject\",\"inLanguage\":\"en-US\",\"@id\":\"https:\/\/patrickvacation.com\/#\/schema\/logo\/image\/\",\"url\":\"https:\/\/patrickvacation.com\/wp-content\/uploads\/2023\/03\/Logo-Alcequiez.png\",\"contentUrl\":\"https:\/\/patrickvacation.com\/wp-content\/uploads\/2023\/03\/Logo-Alcequiez.png\",\"width\":1080,\"height\":560,\"caption\":\"Alcequiez Tours and Travel\"},\"image\":{\"@id\":\"https:\/\/patrickvacation.com\/#\/schema\/logo\/image\/\"},\"sameAs\":[\"https:\/\/www.facebook.com\/alcequiez.tours.travel\",\"https:\/\/www.instagram.com\/alcequieztour\/\"]}]}<\/script>\n<!-- \/ Yoast SEO plugin. -->","yoast_head_json":{"title":"Excursi\u00f3n en Speed Boat - Patrick Vacation","robots":{"index":"index","follow":"follow","max-snippet":"max-snippet:-1","max-image-preview":"max-image-preview:large","max-video-preview":"max-video-preview:-1"},"canonical":"https:\/\/patrickvacation.com\/en\/excursiones\/excursion-en-speed-boat\/","og_locale":"en_US","og_type":"article","og_title":"Excursi\u00f3n en Speed Boat - Patrick Vacation","og_description":"Excursi\u00f3n en Speed\u00a0El speed boat es una\u00a0actividad llena de adrenalina, donde la velocidad y los giros hacen de esta una experiencia de lo m\u00e1s emocionante.Esta aventura es un\u00a0paseo por la costa del Caribe a toda velocidad, con sorpresas como acelerones, saltos contra las olas y curvas cerradas como si estuvieras compitiendo en una carrera de velocidad sobre el mar.El mar Caribe es un\u00a0entorno ideal para disfrutar del speed boat, donde adem\u00e1s de mar abierto existen rincones para disfrutar del entorno de Punta Cana. Diversi\u00f3n y aventura en un entorno perfecto para disfrutar de una actividad \u00fanica junto a otras a un ritmo espectacular.Siente el viento en tu cara viajando a bordo de una lancha r\u00e1pida\u00a0en una excursi\u00f3n que querr\u00e1s volver a disfrutar en cuanto tengas oportunidad. Un tour ideal para quienes quieren naturaleza, aventura y emociones fuertes.\u00bfPor qu\u00e9 no te puedes perder esta actividad?El tour de speed boat es una de las actividades que no puedes dejar de disfrutar si quieres vivir el mar en su m\u00e1ximo esplendor.\u00a0Una visi\u00f3n del Caribe llena de emoci\u00f3n, con actividades complementarias que recuerdan por qu\u00e9 las inmediaciones de Punta Cana son ideales para disfrutar de unas vacaciones espectaculares.Adem\u00e1s, es una actividad\u00a0que pueden hacer tanto adultos como ni\u00f1os (a partir de 3 a\u00f1os), por lo que no importa si vienes a Punta Cana en familia, con tus amigos o para disfrutar de unos d\u00edas en pareja. Todos pod\u00e9is subiros al speed boat y experimentar la emoci\u00f3n de pilotar a gran velocidad con toda seguridad.Por tanto, estamos hablando de un tour que no te puedes perder si vienes a descubrir Rep\u00fablica Dominicana.","og_url":"https:\/\/patrickvacation.com\/en\/excursiones\/excursion-en-speed-boat\/","og_site_name":"Patrick Vacation","article_publisher":"https:\/\/www.facebook.com\/alcequiez.tours.travel","og_image":[{"width":870,"height":555,"url":"https:\/\/patrickvacation.com\/wp-content\/uploads\/2025\/02\/speedboat.jpg","type":"image\/jpeg"}],"twitter_card":"summary_large_image","twitter_misc":{"Est. reading time":"1 minute"},"schema":{"@context":"https:\/\/schema.org","@graph":[{"@type":"WebPage","@id":"https:\/\/patrickvacation.com\/excursiones\/excursion-en-speed-boat\/","url":"https:\/\/patrickvacation.com\/excursiones\/excursion-en-speed-boat\/","name":"Excursi\u00f3n en Speed Boat - Patrick Vacation","isPartOf":{"@id":"https:\/\/patrickvacation.com\/#website"},"primaryImageOfPage":{"@id":"https:\/\/patrickvacation.com\/excursiones\/excursion-en-speed-boat\/#primaryimage"},"image":{"@id":"https:\/\/patrickvacation.com\/excursiones\/excursion-en-speed-boat\/#primaryimage"},"thumbnailUrl":"https:\/\/patrickvacation.com\/wp-content\/uploads\/2025\/02\/speedboat.jpg","datePublished":"2025-02-27T17:26:28+00:00","breadcrumb":{"@id":"https:\/\/patrickvacation.com\/excursiones\/excursion-en-speed-boat\/#breadcrumb"},"inLanguage":"en-US","potentialAction":[{"@type":"ReadAction","target":["https:\/\/patrickvacation.com\/excursiones\/excursion-en-speed-boat\/"]}]},{"@type":"ImageObject","inLanguage":"en-US","@id":"https:\/\/patrickvacation.com\/excursiones\/excursion-en-speed-boat\/#primaryimage","url":"https:\/\/patrickvacation.com\/wp-content\/uploads\/2025\/02\/speedboat.jpg","contentUrl":"https:\/\/patrickvacation.com\/wp-content\/uploads\/2025\/02\/speedboat.jpg","width":870,"height":555},{"@type":"BreadcrumbList","@id":"https:\/\/patrickvacation.com\/excursiones\/excursion-en-speed-boat\/#breadcrumb","itemListElement":[{"@type":"ListItem","position":1,"name":"Portada","item":"https:\/\/patrickvacation.com\/"},{"@type":"ListItem","position":2,"name":"Excursiones y Reservas","item":"https:\/\/patrickvacation.com\/excursiones\/"},{"@type":"ListItem","position":3,"name":"Excursi\u00f3n en Speed Boat"}]},{"@type":"WebSite","@id":"https:\/\/patrickvacation.com\/#website","url":"https:\/\/patrickvacation.com\/","name":"Patrick Vacation","description":"","publisher":{"@id":"https:\/\/patrickvacation.com\/#organization"},"potentialAction":[{"@type":"SearchAction","target":{"@type":"EntryPoint","urlTemplate":"https:\/\/patrickvacation.com\/?s={search_term_string}"},"query-input":{"@type":"PropertyValueSpecification","valueRequired":true,"valueName":"search_term_string"}}],"inLanguage":"en-US"},{"@type":"Organization","@id":"https:\/\/patrickvacation.com\/#organization","name":"Alcequiez Tours and Travel","url":"https:\/\/patrickvacation.com\/","logo":{"@type":"ImageObject","inLanguage":"en-US","@id":"https:\/\/patrickvacation.com\/#\/schema\/logo\/image\/","url":"https:\/\/patrickvacation.com\/wp-content\/uploads\/2023\/03\/Logo-Alcequiez.png","contentUrl":"https:\/\/patrickvacation.com\/wp-content\/uploads\/2023\/03\/Logo-Alcequiez.png","width":1080,"height":560,"caption":"Alcequiez Tours and Travel"},"image":{"@id":"https:\/\/patrickvacation.com\/#\/schema\/logo\/image\/"},"sameAs":["https:\/\/www.facebook.com\/alcequiez.tours.travel","https:\/\/www.instagram.com\/alcequieztour\/"]}]}},"_links":{"self":[{"href":"https:\/\/patrickvacation.com\/en\/wp-json\/wp\/v2\/product\/6879","targetHints":{"allow":["GET"]}}],"collection":[{"href":"https:\/\/patrickvacation.com\/en\/wp-json\/wp\/v2\/product"}],"about":[{"href":"https:\/\/patrickvacation.com\/en\/wp-json\/wp\/v2\/types\/product"}],"version-history":[{"count":0,"href":"https:\/\/patrickvacation.com\/en\/wp-json\/wp\/v2\/product\/6879\/revisions"}],"wp:featuredmedia":[{"embeddable":true,"href":"https:\/\/patrickvacation.com\/en\/wp-json\/wp\/v2\/media\/6878"}],"wp:attachment":[{"href":"https:\/\/patrickvacation.com\/en\/wp-json\/wp\/v2\/media?parent=6879"}],"wp:term":[{"taxonomy":"product_brand","embeddable":true,"href":"https:\/\/patrickvacation.com\/en\/wp-json\/wp\/v2\/product_brand?post=6879"},{"taxonomy":"product_cat","embeddable":true,"href":"https:\/\/patrickvacation.com\/en\/wp-json\/wp\/v2\/product_cat?post=6879"},{"taxonomy":"product_tag","embeddable":true,"href":"https:\/\/patrickvacation.com\/en\/wp-json\/wp\/v2\/product_tag?post=6879"}],"curies":[{"name":"wp","href":"https:\/\/api.w.org\/{rel}","templated":true}]}}