{"id":6883,"date":"2025-02-27T17:36:17","date_gmt":"2025-02-27T17:36:17","guid":{"rendered":"https:\/\/patrickvacation.com\/reservas\/scape-park\/"},"modified":"2025-02-27T17:36:17","modified_gmt":"2025-02-27T17:36:17","slug":"scape-park","status":"publish","type":"product","link":"https:\/\/patrickvacation.com\/en\/excursiones\/scape-park\/","title":{"rendered":"Scape Park"},"content":{"rendered":"<h2 id=\"headline-200-2443\" class=\"ct-headline\" style=\"margin: 0px;font-family: Quicksand;font-size: 35px\">Recommendations for the excursion of Scape Park<br \/><\/h2>\n<div id=\"_rich_text-201-2443\" class=\"oxy-rich-text\">\n<p style=\"margin-block-start: 0px\">To enjoy this activity, we recommend that you carry the following:<\/p>\n<ul>\n<li><span style=\"font-weight: bolder\">Sporty and comfortable<\/span>\u00a0to bear the entire day touring the park.<\/li>\n<li><span style=\"font-weight: bolder\">Comfortable clothing<\/span>\u00a0that allow you freedom of movement.<\/li>\n<li><span style=\"font-weight: bolder\">Swimsuit<\/span>\u00a0for aquatic activities.<\/li>\n<li><span style=\"font-weight: bolder\">Cash or card<\/span>\u00a0to buy souvenirs at the souvenir shop, food stalls, or the photos that you do.<\/li>\n<\/ul>\n<\/div>","protected":false},"excerpt":{"rendered":"<div id=\"div_block-50-2443\" class=\"ct-div-block\">\n<div id=\"div_block-65-2443\" class=\"ct-div-block\" style=\"flex-flow: column wrap;align-items: flex-start;margin-top: 35px;width: 632px;padding-top: 0px\">\n<h2 id=\"headline-66-2443\" class=\"ct-headline\" style=\"margin: 15px 0px 0px;font-family: Quicksand;font-size: 35px\">What is Scape Park?<\/h2>\n<div id=\"_rich_text-144-2443\" class=\"oxy-rich-text\" style=\"margin-top: 15px;width: 632px\">\n<p style=\"margin-block-start: 0px\">Scape Park is a\u00a0<span style=\"font-weight: bolder\">amusement park with lots of activities of all kinds<\/span>. Adventures to suit all tastes, which combine spaces filled with adrenaline with the other parts intended for the culture and traditional customs.<\/p>\n<p>Scape Park\u00a0<span style=\"font-weight: bolder\">it is located in Cap Cana<\/span>, an exclusive area in the middle of nature, with lakes and forests, spectacular that are part of the attractions of this theme park, along with the attractions that you can enjoy.<\/p>\n<p style=\"margin-block-end: 0px\">Many visitors highlight that this park is\u00a0<span style=\"font-weight: bolder\">one of the most mind-blowing all-Santo Domingo<\/span>, and recommend it as a must-have if you come to spend a few days especially in Punta Cana.<\/p>\n<\/div>\n<\/div>\n<div id=\"div_block-152-2443\" class=\"ct-div-block\" style=\"flex-flow: column wrap;align-items: flex-start;margin-top: 35px;width: 632px;padding-top: 0px\">\n<h2 id=\"headline-153-2443\" class=\"ct-headline\" style=\"margin: 0px;font-family: Quicksand;font-size: 35px\">Why you can not miss this excursion?<br \/><\/h2>\n<div id=\"_rich_text-154-2443\" class=\"oxy-rich-text\" style=\"margin-top: 15px;width: 632px\">\n<p style=\"margin-block-start: 0px\">Spend a day at Scape Park has to be on your calendar of activities if you want to\u00a0<span style=\"font-weight: bolder\">live the adrenaline<\/span>\u00a0some of the rides are more amazing that there is in all of the Caribbean. In fact, some compare to the best theme parks in the world such as Disney World.<\/p>\n<p>Scape Park offers a\u00a0<span style=\"font-weight: bolder\">wide range of activities so that you can combine them as you want<\/span>. Depending on whether you want adventure, culture, or a combination of both, you&#039;ll be able to go to one or another place.<\/p>\n<p>Some of the attractions greatest demand are\u00a0<span style=\"font-weight: bolder\">Hole Blue<\/span>\u00a0or\u00a0<span style=\"font-weight: bolder\">Cave Iguabonita,\u00a0<\/span>highlighting both for its wonderful natural environment . You have to come for them in person!<\/p>\n<p style=\"margin-block-end: 0px\">Therefore, we are convinced that Scape Park is one of the excursions that you can&#039;t not do if you come to Dominican Republic to enjoy your holidays,<\/p>\n<div id=\"div_block-264-2443\" class=\"ct-div-block\" style=\"flex-flow: row;align-items: center;margin-top: 25px;width: 408px;justify-content: flex-start;margin-bottom: 0px\">\n<h3 id=\"headline-266-2443\" class=\"ct-headline Caracteristicas\" style=\"margin: 0px 0px 0px 15px;font-family: Quicksand;font-size: 20px\">Duration of excursion: full day<\/h3>\n<\/div>\n<div id=\"div_block-74-2443\" class=\"ct-div-block\" style=\"flex-flow: row;align-items: center;margin-top: 15px;width: 408px;justify-content: flex-start;padding-bottom: 0px\">\n<div id=\"fancy_icon-75-2443\" class=\"ct-fancy-icon\" style=\"border-radius: 50%\"><svg><\/svg><\/div>\n<h3 id=\"headline-76-2443\" class=\"ct-headline Caracteristicas\" style=\"margin: 0px 0px 0px 15px;font-family: Quicksand;font-size: 20px\">Opening hours: 09:00 to.m \u2013 05:00 p. m<\/h3>\n<\/div>\n<div id=\"div_block-77-2443\" class=\"ct-div-block\" style=\"flex-flow: row;align-items: center;margin-top: 15px;width: 408px;justify-content: flex-start\">\n<div id=\"fancy_icon-78-2443\" class=\"ct-fancy-icon\" style=\"border-radius: 50%\"><svg><\/svg><\/div>\n<h3 id=\"headline-79-2443\" class=\"ct-headline Caracteristicas\" style=\"margin: 0px 0px 0px 15px;font-family: Quicksand;font-size: 20px\">Collection : in hotels Every day, except Thursday and Friday<br \/>Buggies minimum 2 pax<\/h3>\n<\/div>\n<\/div>\n<\/div>\n<\/div>","protected":false},"featured_media":6882,"template":"","meta":[],"product_brand":[],"product_cat":[178,180,182],"product_tag":[],"class_list":{"0":"post-6883","1":"product","2":"type-product","3":"status-publish","4":"has-post-thumbnail","6":"product_cat-aventura-safari","7":"product_cat-citytours-toursareos","8":"product_cat-ecoaventura-senderismo","10":"first","11":"instock","12":"virtual","13":"purchasable","14":"product-type-simple"},"yoast_head":"<!-- This site is optimized with the Yoast SEO plugin v24.7 - https:\/\/yoast.com\/wordpress\/plugins\/seo\/ -->\n<title>Scape Park - Patrick Vacation<\/title>\n<meta name=\"robots\" content=\"index, follow, max-snippet:-1, max-image-preview:large, max-video-preview:-1\" \/>\n<link rel=\"canonical\" href=\"https:\/\/patrickvacation.com\/en\/excursiones\/scape-park\/\" \/>\n<meta property=\"og:locale\" content=\"en_US\" \/>\n<meta property=\"og:type\" content=\"article\" \/>\n<meta property=\"og:title\" content=\"Scape Park - Patrick Vacation\" \/>\n<meta property=\"og:description\" content=\"\u00bfQu\u00e9 es Scape Park?Scape Park es un\u00a0parque de diversiones con un mont\u00f3n de actividades de todo tipo. Aventuras para todos los gustos, que combinan espacios repletos de adrenalina con otros rincones destinados a la cultura y las costumbres tradicionales.Scape Park\u00a0est\u00e1 ubicado en Cap Cana, un \u00e1rea exclusiva en medio de la naturaleza, con lagos y bosques espectaculares que forman parte de los atractivos de este parque tem\u00e1tico, junto a las atracciones de las que se puede disfrutar.Muchos de los visitantes destacan que este parque es\u00a0uno de los sitios m\u00e1s alucinantes de todo Santo Domingo, y lo recomiendan como imprescindible si vienes a pasar unos d\u00edas sobre todo en Punta Cana.\u00bfPor qu\u00e9 no te puedes perder esta excursi\u00f3n?Pasar un d\u00eda en Scape Park tiene que estar en tu agenda de actividades si quieres\u00a0vivir la adrenalina\u00a0de algunas de las atracciones m\u00e1s incre\u00edbles que hay en todo el Caribe. De hecho, algunos los comparan con los mejores parques tem\u00e1ticos del mundo como Disney World.Scape Park ofrece una\u00a0amplia oferta de actividades para que puedas combinarlas como quieras. Dependiendo de si quieres aventura, cultura o una combinaci\u00f3n de ambas, podr\u00e1s ir a uno u otro lugar.Algunas de las atracciones con mayor demanda son\u00a0Hoyo Azul\u00a0o\u00a0Cueva Iguabonita,\u00a0destacando ambas por su maravilloso entorno natural . \u00a1Tienes que venir para vivirlas en persona!Por tanto, estamos convencidos de que Scape Park es una de las excursiones que no puedes dejar de hacer si vienes a Rep\u00fablica Dominicana para disfrutar de tus vacaciones,Duraci\u00f3n de excursi\u00f3n: Todo el d\u00edaHorario: 09:00 a.m - 05:00 p.mRecogida : en hoteles Todos los d\u00edas, excepto jueves y viernesBuggies m\u00ednimo 2 pax\" \/>\n<meta property=\"og:url\" content=\"https:\/\/patrickvacation.com\/en\/excursiones\/scape-park\/\" \/>\n<meta property=\"og:site_name\" content=\"Patrick Vacation\" \/>\n<meta property=\"article:publisher\" content=\"https:\/\/www.facebook.com\/alcequiez.tours.travel\" \/>\n<meta property=\"og:image\" content=\"https:\/\/patrickvacation.com\/wp-content\/uploads\/2025\/02\/scape-park-1.jpg\" \/>\n\t<meta property=\"og:image:width\" content=\"898\" \/>\n\t<meta property=\"og:image:height\" content=\"561\" \/>\n\t<meta property=\"og:image:type\" content=\"image\/jpeg\" \/>\n<meta name=\"twitter:card\" content=\"summary_large_image\" \/>\n<script type=\"application\/ld+json\" class=\"yoast-schema-graph\">{\"@context\":\"https:\/\/schema.org\",\"@graph\":[{\"@type\":\"WebPage\",\"@id\":\"https:\/\/patrickvacation.com\/excursiones\/scape-park\/\",\"url\":\"https:\/\/patrickvacation.com\/excursiones\/scape-park\/\",\"name\":\"Scape Park - Patrick Vacation\",\"isPartOf\":{\"@id\":\"https:\/\/patrickvacation.com\/#website\"},\"primaryImageOfPage\":{\"@id\":\"https:\/\/patrickvacation.com\/excursiones\/scape-park\/#primaryimage\"},\"image\":{\"@id\":\"https:\/\/patrickvacation.com\/excursiones\/scape-park\/#primaryimage\"},\"thumbnailUrl\":\"https:\/\/patrickvacation.com\/wp-content\/uploads\/2025\/02\/scape-park-1.jpg\",\"datePublished\":\"2025-02-27T17:36:17+00:00\",\"breadcrumb\":{\"@id\":\"https:\/\/patrickvacation.com\/excursiones\/scape-park\/#breadcrumb\"},\"inLanguage\":\"en-US\",\"potentialAction\":[{\"@type\":\"ReadAction\",\"target\":[\"https:\/\/patrickvacation.com\/excursiones\/scape-park\/\"]}]},{\"@type\":\"ImageObject\",\"inLanguage\":\"en-US\",\"@id\":\"https:\/\/patrickvacation.com\/excursiones\/scape-park\/#primaryimage\",\"url\":\"https:\/\/patrickvacation.com\/wp-content\/uploads\/2025\/02\/scape-park-1.jpg\",\"contentUrl\":\"https:\/\/patrickvacation.com\/wp-content\/uploads\/2025\/02\/scape-park-1.jpg\",\"width\":898,\"height\":561},{\"@type\":\"BreadcrumbList\",\"@id\":\"https:\/\/patrickvacation.com\/excursiones\/scape-park\/#breadcrumb\",\"itemListElement\":[{\"@type\":\"ListItem\",\"position\":1,\"name\":\"Portada\",\"item\":\"https:\/\/patrickvacation.com\/\"},{\"@type\":\"ListItem\",\"position\":2,\"name\":\"Excursiones y Reservas\",\"item\":\"https:\/\/patrickvacation.com\/excursiones\/\"},{\"@type\":\"ListItem\",\"position\":3,\"name\":\"Scape Park\"}]},{\"@type\":\"WebSite\",\"@id\":\"https:\/\/patrickvacation.com\/#website\",\"url\":\"https:\/\/patrickvacation.com\/\",\"name\":\"Patrick Vacation\",\"description\":\"\",\"publisher\":{\"@id\":\"https:\/\/patrickvacation.com\/#organization\"},\"potentialAction\":[{\"@type\":\"SearchAction\",\"target\":{\"@type\":\"EntryPoint\",\"urlTemplate\":\"https:\/\/patrickvacation.com\/?s={search_term_string}\"},\"query-input\":{\"@type\":\"PropertyValueSpecification\",\"valueRequired\":true,\"valueName\":\"search_term_string\"}}],\"inLanguage\":\"en-US\"},{\"@type\":\"Organization\",\"@id\":\"https:\/\/patrickvacation.com\/#organization\",\"name\":\"Alcequiez Tours and Travel\",\"url\":\"https:\/\/patrickvacation.com\/\",\"logo\":{\"@type\":\"ImageObject\",\"inLanguage\":\"en-US\",\"@id\":\"https:\/\/patrickvacation.com\/#\/schema\/logo\/image\/\",\"url\":\"https:\/\/patrickvacation.com\/wp-content\/uploads\/2023\/03\/Logo-Alcequiez.png\",\"contentUrl\":\"https:\/\/patrickvacation.com\/wp-content\/uploads\/2023\/03\/Logo-Alcequiez.png\",\"width\":1080,\"height\":560,\"caption\":\"Alcequiez Tours and Travel\"},\"image\":{\"@id\":\"https:\/\/patrickvacation.com\/#\/schema\/logo\/image\/\"},\"sameAs\":[\"https:\/\/www.facebook.com\/alcequiez.tours.travel\",\"https:\/\/www.instagram.com\/alcequieztour\/\"]}]}<\/script>\n<!-- \/ Yoast SEO plugin. -->","yoast_head_json":{"title":"Scape Park - Patrick Vacation","robots":{"index":"index","follow":"follow","max-snippet":"max-snippet:-1","max-image-preview":"max-image-preview:large","max-video-preview":"max-video-preview:-1"},"canonical":"https:\/\/patrickvacation.com\/en\/excursiones\/scape-park\/","og_locale":"en_US","og_type":"article","og_title":"Scape Park - Patrick Vacation","og_description":"\u00bfQu\u00e9 es Scape Park?Scape Park es un\u00a0parque de diversiones con un mont\u00f3n de actividades de todo tipo. Aventuras para todos los gustos, que combinan espacios repletos de adrenalina con otros rincones destinados a la cultura y las costumbres tradicionales.Scape Park\u00a0est\u00e1 ubicado en Cap Cana, un \u00e1rea exclusiva en medio de la naturaleza, con lagos y bosques espectaculares que forman parte de los atractivos de este parque tem\u00e1tico, junto a las atracciones de las que se puede disfrutar.Muchos de los visitantes destacan que este parque es\u00a0uno de los sitios m\u00e1s alucinantes de todo Santo Domingo, y lo recomiendan como imprescindible si vienes a pasar unos d\u00edas sobre todo en Punta Cana.\u00bfPor qu\u00e9 no te puedes perder esta excursi\u00f3n?Pasar un d\u00eda en Scape Park tiene que estar en tu agenda de actividades si quieres\u00a0vivir la adrenalina\u00a0de algunas de las atracciones m\u00e1s incre\u00edbles que hay en todo el Caribe. De hecho, algunos los comparan con los mejores parques tem\u00e1ticos del mundo como Disney World.Scape Park ofrece una\u00a0amplia oferta de actividades para que puedas combinarlas como quieras. Dependiendo de si quieres aventura, cultura o una combinaci\u00f3n de ambas, podr\u00e1s ir a uno u otro lugar.Algunas de las atracciones con mayor demanda son\u00a0Hoyo Azul\u00a0o\u00a0Cueva Iguabonita,\u00a0destacando ambas por su maravilloso entorno natural . \u00a1Tienes que venir para vivirlas en persona!Por tanto, estamos convencidos de que Scape Park es una de las excursiones que no puedes dejar de hacer si vienes a Rep\u00fablica Dominicana para disfrutar de tus vacaciones,Duraci\u00f3n de excursi\u00f3n: Todo el d\u00edaHorario: 09:00 a.m - 05:00 p.mRecogida : en hoteles Todos los d\u00edas, excepto jueves y viernesBuggies m\u00ednimo 2 pax","og_url":"https:\/\/patrickvacation.com\/en\/excursiones\/scape-park\/","og_site_name":"Patrick Vacation","article_publisher":"https:\/\/www.facebook.com\/alcequiez.tours.travel","og_image":[{"width":898,"height":561,"url":"https:\/\/patrickvacation.com\/wp-content\/uploads\/2025\/02\/scape-park-1.jpg","type":"image\/jpeg"}],"twitter_card":"summary_large_image","schema":{"@context":"https:\/\/schema.org","@graph":[{"@type":"WebPage","@id":"https:\/\/patrickvacation.com\/excursiones\/scape-park\/","url":"https:\/\/patrickvacation.com\/excursiones\/scape-park\/","name":"Scape Park - Patrick Vacation","isPartOf":{"@id":"https:\/\/patrickvacation.com\/#website"},"primaryImageOfPage":{"@id":"https:\/\/patrickvacation.com\/excursiones\/scape-park\/#primaryimage"},"image":{"@id":"https:\/\/patrickvacation.com\/excursiones\/scape-park\/#primaryimage"},"thumbnailUrl":"https:\/\/patrickvacation.com\/wp-content\/uploads\/2025\/02\/scape-park-1.jpg","datePublished":"2025-02-27T17:36:17+00:00","breadcrumb":{"@id":"https:\/\/patrickvacation.com\/excursiones\/scape-park\/#breadcrumb"},"inLanguage":"en-US","potentialAction":[{"@type":"ReadAction","target":["https:\/\/patrickvacation.com\/excursiones\/scape-park\/"]}]},{"@type":"ImageObject","inLanguage":"en-US","@id":"https:\/\/patrickvacation.com\/excursiones\/scape-park\/#primaryimage","url":"https:\/\/patrickvacation.com\/wp-content\/uploads\/2025\/02\/scape-park-1.jpg","contentUrl":"https:\/\/patrickvacation.com\/wp-content\/uploads\/2025\/02\/scape-park-1.jpg","width":898,"height":561},{"@type":"BreadcrumbList","@id":"https:\/\/patrickvacation.com\/excursiones\/scape-park\/#breadcrumb","itemListElement":[{"@type":"ListItem","position":1,"name":"Portada","item":"https:\/\/patrickvacation.com\/"},{"@type":"ListItem","position":2,"name":"Excursiones y Reservas","item":"https:\/\/patrickvacation.com\/excursiones\/"},{"@type":"ListItem","position":3,"name":"Scape Park"}]},{"@type":"WebSite","@id":"https:\/\/patrickvacation.com\/#website","url":"https:\/\/patrickvacation.com\/","name":"Patrick Vacation","description":"","publisher":{"@id":"https:\/\/patrickvacation.com\/#organization"},"potentialAction":[{"@type":"SearchAction","target":{"@type":"EntryPoint","urlTemplate":"https:\/\/patrickvacation.com\/?s={search_term_string}"},"query-input":{"@type":"PropertyValueSpecification","valueRequired":true,"valueName":"search_term_string"}}],"inLanguage":"en-US"},{"@type":"Organization","@id":"https:\/\/patrickvacation.com\/#organization","name":"Alcequiez Tours and Travel","url":"https:\/\/patrickvacation.com\/","logo":{"@type":"ImageObject","inLanguage":"en-US","@id":"https:\/\/patrickvacation.com\/#\/schema\/logo\/image\/","url":"https:\/\/patrickvacation.com\/wp-content\/uploads\/2023\/03\/Logo-Alcequiez.png","contentUrl":"https:\/\/patrickvacation.com\/wp-content\/uploads\/2023\/03\/Logo-Alcequiez.png","width":1080,"height":560,"caption":"Alcequiez Tours and Travel"},"image":{"@id":"https:\/\/patrickvacation.com\/#\/schema\/logo\/image\/"},"sameAs":["https:\/\/www.facebook.com\/alcequiez.tours.travel","https:\/\/www.instagram.com\/alcequieztour\/"]}]}},"_links":{"self":[{"href":"https:\/\/patrickvacation.com\/en\/wp-json\/wp\/v2\/product\/6883","targetHints":{"allow":["GET"]}}],"collection":[{"href":"https:\/\/patrickvacation.com\/en\/wp-json\/wp\/v2\/product"}],"about":[{"href":"https:\/\/patrickvacation.com\/en\/wp-json\/wp\/v2\/types\/product"}],"version-history":[{"count":0,"href":"https:\/\/patrickvacation.com\/en\/wp-json\/wp\/v2\/product\/6883\/revisions"}],"wp:featuredmedia":[{"embeddable":true,"href":"https:\/\/patrickvacation.com\/en\/wp-json\/wp\/v2\/media\/6882"}],"wp:attachment":[{"href":"https:\/\/patrickvacation.com\/en\/wp-json\/wp\/v2\/media?parent=6883"}],"wp:term":[{"taxonomy":"product_brand","embeddable":true,"href":"https:\/\/patrickvacation.com\/en\/wp-json\/wp\/v2\/product_brand?post=6883"},{"taxonomy":"product_cat","embeddable":true,"href":"https:\/\/patrickvacation.com\/en\/wp-json\/wp\/v2\/product_cat?post=6883"},{"taxonomy":"product_tag","embeddable":true,"href":"https:\/\/patrickvacation.com\/en\/wp-json\/wp\/v2\/product_tag?post=6883"}],"curies":[{"name":"wp","href":"https:\/\/api.w.org\/{rel}","templated":true}]}}