{"id":6504,"date":"2023-07-19T04:12:21","date_gmt":"2023-07-19T04:12:21","guid":{"rendered":"https:\/\/patrickvacation.com\/?page_id=6504"},"modified":"2026-01-05T18:04:56","modified_gmt":"2026-01-05T18:04:56","slug":"politica-de-devolucion-reembolso-y-cancelacion","status":"publish","type":"page","link":"https:\/\/patrickvacation.com\/fr\/politica-de-devolucion-reembolso-y-cancelacion\/","title":{"rendered":"Pol\u00edtica de devoluci\u00f3n, reembolso y cancelaci\u00f3n"},"content":{"rendered":"<p><strong>Devoluciones<\/strong><\/p><p>Aceptamos devoluciones de excursiones dentro de los 14 d\u00edas posteriores a la fecha de la reserva. Para obtener un reembolso, debe comunicarse con nosotros por correo electr\u00f3nico a [direcci\u00f3n de correo electr\u00f3nico] e incluir su n\u00famero de reserva y la raz\u00f3n de su devoluci\u00f3n.<\/p><p>Una vez que recibamos su solicitud de devoluci\u00f3n, la evaluaremos y le enviaremos una respuesta dentro de los 7 d\u00edas h\u00e1biles. Si se aprueba su devoluci\u00f3n, le emitiremos un reembolso a su m\u00e9todo de pago original.<\/p><p><strong>Reembolsos<\/strong><\/p><p>En ciertos casos, podemos emitirle un reembolso por una excursi\u00f3n incluso si est\u00e1 fuera del per\u00edodo de devoluci\u00f3n de 14 d\u00edas. Por ejemplo, si la excursi\u00f3n se cancela debido a mal tiempo o por otra raz\u00f3n fuera de nuestro control, le emitiremos un reembolso completo.<\/p><p><strong>Cancelaciones<\/strong><\/p><p>Puede cancelar su excursi\u00f3n en cualquier momento antes de la fecha de salida. Si cancela su excursi\u00f3n con al menos 72 horas de anticipaci\u00f3n, recibir\u00e1 un reembolso completo. Si cancela su excursi\u00f3n con menos de 72 horas de anticipaci\u00f3n, no recibir\u00e1 un reembolso.<\/p><p><strong>Excepciones<\/strong><\/p><p>Las siguientes excursiones no son elegibles para reembolsos o devoluciones:<\/p><ul class=\"wp-block-list\"><li>Excursi\u00f3n con fecha fija<\/li>\n\n<li>Excursi\u00f3n con descuento<\/li>\n\n<li>Excursi\u00f3n con reserva anticipada<\/li><\/ul><p><strong>Cont\u00e1ctenos<\/strong><\/p><p>Si tiene alguna pregunta sobre nuestra pol\u00edtica de devoluci\u00f3n, reembolso o cancelaci\u00f3n, comun\u00edquese con nosotros por correo electr\u00f3nico a [direcci\u00f3n de correo electr\u00f3nico].<\/p>","protected":false},"excerpt":{"rendered":"<p>Devoluciones Aceptamos devoluciones de excursiones dentro de los 14 d\u00edas posteriores a la fecha de la reserva. Para obtener un<\/p>","protected":false},"author":1,"featured_media":0,"parent":0,"menu_order":0,"comment_status":"closed","ping_status":"closed","template":"elementor_header_footer","meta":{"footnotes":""},"class_list":["post-6504","page","type-page","status-publish","hentry"],"yoast_head":"<!-- This site is optimized with the Yoast SEO plugin v24.7 - https:\/\/yoast.com\/wordpress\/plugins\/seo\/ -->\n<title>Pol\u00edtica de devoluci\u00f3n, reembolso y cancelaci\u00f3n - Patrick Vacation<\/title>\n<meta name=\"robots\" content=\"index, follow, max-snippet:-1, max-image-preview:large, max-video-preview:-1\" \/>\n<link rel=\"canonical\" href=\"https:\/\/patrickvacation.com\/fr\/politica-de-devolucion-reembolso-y-cancelacion\/\" \/>\n<meta property=\"og:locale\" content=\"fr_FR\" \/>\n<meta property=\"og:type\" content=\"article\" \/>\n<meta property=\"og:title\" content=\"Pol\u00edtica de devoluci\u00f3n, reembolso y cancelaci\u00f3n - Patrick Vacation\" \/>\n<meta property=\"og:description\" content=\"Devoluciones Aceptamos devoluciones de excursiones dentro de los 14 d\u00edas posteriores a la fecha de la reserva. Para obtener un\" \/>\n<meta property=\"og:url\" content=\"https:\/\/patrickvacation.com\/fr\/politica-de-devolucion-reembolso-y-cancelacion\/\" \/>\n<meta property=\"og:site_name\" content=\"Patrick Vacation\" \/>\n<meta property=\"article:publisher\" content=\"https:\/\/www.facebook.com\/alcequiez.tours.travel\" \/>\n<meta property=\"article:modified_time\" content=\"2026-01-05T18:04:56+00:00\" \/>\n<meta name=\"twitter:card\" content=\"summary_large_image\" \/>\n<meta name=\"twitter:label1\" content=\"Dur\u00e9e de lecture estim\u00e9e\" \/>\n\t<meta name=\"twitter:data1\" content=\"1 minute\" \/>\n<script type=\"application\/ld+json\" class=\"yoast-schema-graph\">{\"@context\":\"https:\/\/schema.org\",\"@graph\":[{\"@type\":\"WebPage\",\"@id\":\"https:\/\/patrickvacation.com\/politica-de-devolucion-reembolso-y-cancelacion\/\",\"url\":\"https:\/\/patrickvacation.com\/politica-de-devolucion-reembolso-y-cancelacion\/\",\"name\":\"Pol\u00edtica de devoluci\u00f3n, reembolso y cancelaci\u00f3n - Patrick Vacation\",\"isPartOf\":{\"@id\":\"https:\/\/patrickvacation.com\/#website\"},\"datePublished\":\"2023-07-19T04:12:21+00:00\",\"dateModified\":\"2026-01-05T18:04:56+00:00\",\"breadcrumb\":{\"@id\":\"https:\/\/patrickvacation.com\/politica-de-devolucion-reembolso-y-cancelacion\/#breadcrumb\"},\"inLanguage\":\"fr-FR\",\"potentialAction\":[{\"@type\":\"ReadAction\",\"target\":[\"https:\/\/patrickvacation.com\/politica-de-devolucion-reembolso-y-cancelacion\/\"]}]},{\"@type\":\"BreadcrumbList\",\"@id\":\"https:\/\/patrickvacation.com\/politica-de-devolucion-reembolso-y-cancelacion\/#breadcrumb\",\"itemListElement\":[{\"@type\":\"ListItem\",\"position\":1,\"name\":\"Portada\",\"item\":\"https:\/\/patrickvacation.com\/\"},{\"@type\":\"ListItem\",\"position\":2,\"name\":\"Pol\u00edtica de devoluci\u00f3n, reembolso y cancelaci\u00f3n\"}]},{\"@type\":\"WebSite\",\"@id\":\"https:\/\/patrickvacation.com\/#website\",\"url\":\"https:\/\/patrickvacation.com\/\",\"name\":\"Patrick Vacation\",\"description\":\"\",\"publisher\":{\"@id\":\"https:\/\/patrickvacation.com\/#organization\"},\"potentialAction\":[{\"@type\":\"SearchAction\",\"target\":{\"@type\":\"EntryPoint\",\"urlTemplate\":\"https:\/\/patrickvacation.com\/?s={search_term_string}\"},\"query-input\":{\"@type\":\"PropertyValueSpecification\",\"valueRequired\":true,\"valueName\":\"search_term_string\"}}],\"inLanguage\":\"fr-FR\"},{\"@type\":\"Organization\",\"@id\":\"https:\/\/patrickvacation.com\/#organization\",\"name\":\"Alcequiez Tours and Travel\",\"url\":\"https:\/\/patrickvacation.com\/\",\"logo\":{\"@type\":\"ImageObject\",\"inLanguage\":\"fr-FR\",\"@id\":\"https:\/\/patrickvacation.com\/#\/schema\/logo\/image\/\",\"url\":\"https:\/\/patrickvacation.com\/wp-content\/uploads\/2023\/03\/Logo-Alcequiez.png\",\"contentUrl\":\"https:\/\/patrickvacation.com\/wp-content\/uploads\/2023\/03\/Logo-Alcequiez.png\",\"width\":1080,\"height\":560,\"caption\":\"Alcequiez Tours and Travel\"},\"image\":{\"@id\":\"https:\/\/patrickvacation.com\/#\/schema\/logo\/image\/\"},\"sameAs\":[\"https:\/\/www.facebook.com\/alcequiez.tours.travel\",\"https:\/\/www.instagram.com\/alcequieztour\/\"]}]}<\/script>\n<!-- \/ Yoast SEO plugin. -->","yoast_head_json":{"title":"Pol\u00edtica de devoluci\u00f3n, reembolso y cancelaci\u00f3n - Patrick Vacation","robots":{"index":"index","follow":"follow","max-snippet":"max-snippet:-1","max-image-preview":"max-image-preview:large","max-video-preview":"max-video-preview:-1"},"canonical":"https:\/\/patrickvacation.com\/fr\/politica-de-devolucion-reembolso-y-cancelacion\/","og_locale":"fr_FR","og_type":"article","og_title":"Pol\u00edtica de devoluci\u00f3n, reembolso y cancelaci\u00f3n - Patrick Vacation","og_description":"Devoluciones Aceptamos devoluciones de excursiones dentro de los 14 d\u00edas posteriores a la fecha de la reserva. Para obtener un","og_url":"https:\/\/patrickvacation.com\/fr\/politica-de-devolucion-reembolso-y-cancelacion\/","og_site_name":"Patrick Vacation","article_publisher":"https:\/\/www.facebook.com\/alcequiez.tours.travel","article_modified_time":"2026-01-05T18:04:56+00:00","twitter_card":"summary_large_image","twitter_misc":{"Dur\u00e9e de lecture estim\u00e9e":"1 minute"},"schema":{"@context":"https:\/\/schema.org","@graph":[{"@type":"WebPage","@id":"https:\/\/patrickvacation.com\/politica-de-devolucion-reembolso-y-cancelacion\/","url":"https:\/\/patrickvacation.com\/politica-de-devolucion-reembolso-y-cancelacion\/","name":"Pol\u00edtica de devoluci\u00f3n, reembolso y cancelaci\u00f3n - Patrick Vacation","isPartOf":{"@id":"https:\/\/patrickvacation.com\/#website"},"datePublished":"2023-07-19T04:12:21+00:00","dateModified":"2026-01-05T18:04:56+00:00","breadcrumb":{"@id":"https:\/\/patrickvacation.com\/politica-de-devolucion-reembolso-y-cancelacion\/#breadcrumb"},"inLanguage":"fr-FR","potentialAction":[{"@type":"ReadAction","target":["https:\/\/patrickvacation.com\/politica-de-devolucion-reembolso-y-cancelacion\/"]}]},{"@type":"BreadcrumbList","@id":"https:\/\/patrickvacation.com\/politica-de-devolucion-reembolso-y-cancelacion\/#breadcrumb","itemListElement":[{"@type":"ListItem","position":1,"name":"Portada","item":"https:\/\/patrickvacation.com\/"},{"@type":"ListItem","position":2,"name":"Pol\u00edtica de devoluci\u00f3n, reembolso y cancelaci\u00f3n"}]},{"@type":"WebSite","@id":"https:\/\/patrickvacation.com\/#website","url":"https:\/\/patrickvacation.com\/","name":"Patrick Vacation","description":"","publisher":{"@id":"https:\/\/patrickvacation.com\/#organization"},"potentialAction":[{"@type":"SearchAction","target":{"@type":"EntryPoint","urlTemplate":"https:\/\/patrickvacation.com\/?s={search_term_string}"},"query-input":{"@type":"PropertyValueSpecification","valueRequired":true,"valueName":"search_term_string"}}],"inLanguage":"fr-FR"},{"@type":"Organization","@id":"https:\/\/patrickvacation.com\/#organization","name":"Alcequiez Tours and Travel","url":"https:\/\/patrickvacation.com\/","logo":{"@type":"ImageObject","inLanguage":"fr-FR","@id":"https:\/\/patrickvacation.com\/#\/schema\/logo\/image\/","url":"https:\/\/patrickvacation.com\/wp-content\/uploads\/2023\/03\/Logo-Alcequiez.png","contentUrl":"https:\/\/patrickvacation.com\/wp-content\/uploads\/2023\/03\/Logo-Alcequiez.png","width":1080,"height":560,"caption":"Alcequiez Tours and Travel"},"image":{"@id":"https:\/\/patrickvacation.com\/#\/schema\/logo\/image\/"},"sameAs":["https:\/\/www.facebook.com\/alcequiez.tours.travel","https:\/\/www.instagram.com\/alcequieztour\/"]}]}},"_links":{"self":[{"href":"https:\/\/patrickvacation.com\/fr\/wp-json\/wp\/v2\/pages\/6504","targetHints":{"allow":["GET"]}}],"collection":[{"href":"https:\/\/patrickvacation.com\/fr\/wp-json\/wp\/v2\/pages"}],"about":[{"href":"https:\/\/patrickvacation.com\/fr\/wp-json\/wp\/v2\/types\/page"}],"author":[{"embeddable":true,"href":"https:\/\/patrickvacation.com\/fr\/wp-json\/wp\/v2\/users\/1"}],"replies":[{"embeddable":true,"href":"https:\/\/patrickvacation.com\/fr\/wp-json\/wp\/v2\/comments?post=6504"}],"version-history":[{"count":1,"href":"https:\/\/patrickvacation.com\/fr\/wp-json\/wp\/v2\/pages\/6504\/revisions"}],"predecessor-version":[{"id":6505,"href":"https:\/\/patrickvacation.com\/fr\/wp-json\/wp\/v2\/pages\/6504\/revisions\/6505"}],"wp:attachment":[{"href":"https:\/\/patrickvacation.com\/fr\/wp-json\/wp\/v2\/media?parent=6504"}],"curies":[{"name":"wp","href":"https:\/\/api.w.org\/{rel}","templated":true}]}}