{"id":6532,"date":"2023-08-08T13:58:54","date_gmt":"2023-08-08T13:58:54","guid":{"rendered":"https:\/\/patrickvacation.com\/?page_id=6532"},"modified":"2026-01-05T18:04:13","modified_gmt":"2026-01-05T18:04:13","slug":"politica-de-seguridad","status":"publish","type":"page","link":"https:\/\/patrickvacation.com\/fr\/politica-de-seguridad\/","title":{"rendered":"Pol\u00edtica de seguridad"},"content":{"rendered":"<p><strong>patrickvacation.com<\/strong><\/p><p>Tomamos todas las medidas y precauciones razonables para proteger tu informaci\u00f3n personal y<br>seguimos las mejores pr\u00e1cticas de la industria para asegurar que tu informaci\u00f3n no sea utilizada de<br>manera inapropiada, alterada o destruida.<\/p><p>Ciframos la informaci\u00f3n de tu tarjeta de cr\u00e9dito utilizando la tecnolog\u00eda de capa de puertos seguros<br>o Secur Sockets Layer (SSL), y la almacenamos con el cifrado AES-256. Tambi\u00e9n, seguimos todos los<br>requerimientos del PCI-DSS.<\/p><p><strong>PAGOS<\/strong><\/p><p>Los m\u00e9todos de pago utilizados por LA EMPRESA son servicios de terceros. Estos servicios de<br>terceros (AZUL y PayPal), cumplen con todos los est\u00e1ndares de seguridad y cifrado para mantener tu<br>informaci\u00f3n segura. Solo utilizar\u00e1n la informaci\u00f3n necesaria para completar el proceso requerido.<br>Tambi\u00e9n recomendamos leer las Pol\u00edticas de Privacidad de estos proveedores, para entender mejor<br>c\u00f3mo manejan la informaci\u00f3n suministrada.<\/p>","protected":false},"excerpt":{"rendered":"<p>patrickvacation.com Tomamos todas las medidas y precauciones razonables para proteger tu informaci\u00f3n personal yseguimos las mejores pr\u00e1cticas de la industria<\/p>","protected":false},"author":1,"featured_media":0,"parent":0,"menu_order":0,"comment_status":"closed","ping_status":"closed","template":"elementor_header_footer","meta":{"footnotes":""},"class_list":["post-6532","page","type-page","status-publish","hentry"],"yoast_head":"<!-- This site is optimized with the Yoast SEO plugin v24.7 - https:\/\/yoast.com\/wordpress\/plugins\/seo\/ -->\n<title>Pol\u00edtica de seguridad - Patrick Vacation<\/title>\n<meta name=\"robots\" content=\"index, follow, max-snippet:-1, max-image-preview:large, max-video-preview:-1\" \/>\n<link rel=\"canonical\" href=\"https:\/\/patrickvacation.com\/fr\/politica-de-seguridad\/\" \/>\n<meta property=\"og:locale\" content=\"fr_FR\" \/>\n<meta property=\"og:type\" content=\"article\" \/>\n<meta property=\"og:title\" content=\"Pol\u00edtica de seguridad - Patrick Vacation\" \/>\n<meta property=\"og:description\" content=\"patrickvacation.com Tomamos todas las medidas y precauciones razonables para proteger tu informaci\u00f3n personal yseguimos las mejores pr\u00e1cticas de la industria\" \/>\n<meta property=\"og:url\" content=\"https:\/\/patrickvacation.com\/fr\/politica-de-seguridad\/\" \/>\n<meta property=\"og:site_name\" content=\"Patrick Vacation\" \/>\n<meta property=\"article:publisher\" content=\"https:\/\/www.facebook.com\/alcequiez.tours.travel\" \/>\n<meta property=\"article:modified_time\" content=\"2026-01-05T18:04:13+00:00\" \/>\n<meta name=\"twitter:card\" content=\"summary_large_image\" \/>\n<meta name=\"twitter:label1\" content=\"Dur\u00e9e de lecture estim\u00e9e\" \/>\n\t<meta name=\"twitter:data1\" content=\"1 minute\" \/>\n<script type=\"application\/ld+json\" class=\"yoast-schema-graph\">{\"@context\":\"https:\/\/schema.org\",\"@graph\":[{\"@type\":\"WebPage\",\"@id\":\"https:\/\/patrickvacation.com\/politica-de-seguridad\/\",\"url\":\"https:\/\/patrickvacation.com\/politica-de-seguridad\/\",\"name\":\"Pol\u00edtica de seguridad - Patrick Vacation\",\"isPartOf\":{\"@id\":\"https:\/\/patrickvacation.com\/#website\"},\"datePublished\":\"2023-08-08T13:58:54+00:00\",\"dateModified\":\"2026-01-05T18:04:13+00:00\",\"breadcrumb\":{\"@id\":\"https:\/\/patrickvacation.com\/politica-de-seguridad\/#breadcrumb\"},\"inLanguage\":\"fr-FR\",\"potentialAction\":[{\"@type\":\"ReadAction\",\"target\":[\"https:\/\/patrickvacation.com\/politica-de-seguridad\/\"]}]},{\"@type\":\"BreadcrumbList\",\"@id\":\"https:\/\/patrickvacation.com\/politica-de-seguridad\/#breadcrumb\",\"itemListElement\":[{\"@type\":\"ListItem\",\"position\":1,\"name\":\"Portada\",\"item\":\"https:\/\/patrickvacation.com\/\"},{\"@type\":\"ListItem\",\"position\":2,\"name\":\"Pol\u00edtica de seguridad\"}]},{\"@type\":\"WebSite\",\"@id\":\"https:\/\/patrickvacation.com\/#website\",\"url\":\"https:\/\/patrickvacation.com\/\",\"name\":\"Patrick Vacation\",\"description\":\"\",\"publisher\":{\"@id\":\"https:\/\/patrickvacation.com\/#organization\"},\"potentialAction\":[{\"@type\":\"SearchAction\",\"target\":{\"@type\":\"EntryPoint\",\"urlTemplate\":\"https:\/\/patrickvacation.com\/?s={search_term_string}\"},\"query-input\":{\"@type\":\"PropertyValueSpecification\",\"valueRequired\":true,\"valueName\":\"search_term_string\"}}],\"inLanguage\":\"fr-FR\"},{\"@type\":\"Organization\",\"@id\":\"https:\/\/patrickvacation.com\/#organization\",\"name\":\"Alcequiez Tours and Travel\",\"url\":\"https:\/\/patrickvacation.com\/\",\"logo\":{\"@type\":\"ImageObject\",\"inLanguage\":\"fr-FR\",\"@id\":\"https:\/\/patrickvacation.com\/#\/schema\/logo\/image\/\",\"url\":\"https:\/\/patrickvacation.com\/wp-content\/uploads\/2023\/03\/Logo-Alcequiez.png\",\"contentUrl\":\"https:\/\/patrickvacation.com\/wp-content\/uploads\/2023\/03\/Logo-Alcequiez.png\",\"width\":1080,\"height\":560,\"caption\":\"Alcequiez Tours and Travel\"},\"image\":{\"@id\":\"https:\/\/patrickvacation.com\/#\/schema\/logo\/image\/\"},\"sameAs\":[\"https:\/\/www.facebook.com\/alcequiez.tours.travel\",\"https:\/\/www.instagram.com\/alcequieztour\/\"]}]}<\/script>\n<!-- \/ Yoast SEO plugin. -->","yoast_head_json":{"title":"Pol\u00edtica de seguridad - Patrick Vacation","robots":{"index":"index","follow":"follow","max-snippet":"max-snippet:-1","max-image-preview":"max-image-preview:large","max-video-preview":"max-video-preview:-1"},"canonical":"https:\/\/patrickvacation.com\/fr\/politica-de-seguridad\/","og_locale":"fr_FR","og_type":"article","og_title":"Pol\u00edtica de seguridad - Patrick Vacation","og_description":"patrickvacation.com Tomamos todas las medidas y precauciones razonables para proteger tu informaci\u00f3n personal yseguimos las mejores pr\u00e1cticas de la industria","og_url":"https:\/\/patrickvacation.com\/fr\/politica-de-seguridad\/","og_site_name":"Patrick Vacation","article_publisher":"https:\/\/www.facebook.com\/alcequiez.tours.travel","article_modified_time":"2026-01-05T18:04:13+00:00","twitter_card":"summary_large_image","twitter_misc":{"Dur\u00e9e de lecture estim\u00e9e":"1 minute"},"schema":{"@context":"https:\/\/schema.org","@graph":[{"@type":"WebPage","@id":"https:\/\/patrickvacation.com\/politica-de-seguridad\/","url":"https:\/\/patrickvacation.com\/politica-de-seguridad\/","name":"Pol\u00edtica de seguridad - Patrick Vacation","isPartOf":{"@id":"https:\/\/patrickvacation.com\/#website"},"datePublished":"2023-08-08T13:58:54+00:00","dateModified":"2026-01-05T18:04:13+00:00","breadcrumb":{"@id":"https:\/\/patrickvacation.com\/politica-de-seguridad\/#breadcrumb"},"inLanguage":"fr-FR","potentialAction":[{"@type":"ReadAction","target":["https:\/\/patrickvacation.com\/politica-de-seguridad\/"]}]},{"@type":"BreadcrumbList","@id":"https:\/\/patrickvacation.com\/politica-de-seguridad\/#breadcrumb","itemListElement":[{"@type":"ListItem","position":1,"name":"Portada","item":"https:\/\/patrickvacation.com\/"},{"@type":"ListItem","position":2,"name":"Pol\u00edtica de seguridad"}]},{"@type":"WebSite","@id":"https:\/\/patrickvacation.com\/#website","url":"https:\/\/patrickvacation.com\/","name":"Patrick Vacation","description":"","publisher":{"@id":"https:\/\/patrickvacation.com\/#organization"},"potentialAction":[{"@type":"SearchAction","target":{"@type":"EntryPoint","urlTemplate":"https:\/\/patrickvacation.com\/?s={search_term_string}"},"query-input":{"@type":"PropertyValueSpecification","valueRequired":true,"valueName":"search_term_string"}}],"inLanguage":"fr-FR"},{"@type":"Organization","@id":"https:\/\/patrickvacation.com\/#organization","name":"Alcequiez Tours and Travel","url":"https:\/\/patrickvacation.com\/","logo":{"@type":"ImageObject","inLanguage":"fr-FR","@id":"https:\/\/patrickvacation.com\/#\/schema\/logo\/image\/","url":"https:\/\/patrickvacation.com\/wp-content\/uploads\/2023\/03\/Logo-Alcequiez.png","contentUrl":"https:\/\/patrickvacation.com\/wp-content\/uploads\/2023\/03\/Logo-Alcequiez.png","width":1080,"height":560,"caption":"Alcequiez Tours and Travel"},"image":{"@id":"https:\/\/patrickvacation.com\/#\/schema\/logo\/image\/"},"sameAs":["https:\/\/www.facebook.com\/alcequiez.tours.travel","https:\/\/www.instagram.com\/alcequieztour\/"]}]}},"_links":{"self":[{"href":"https:\/\/patrickvacation.com\/fr\/wp-json\/wp\/v2\/pages\/6532","targetHints":{"allow":["GET"]}}],"collection":[{"href":"https:\/\/patrickvacation.com\/fr\/wp-json\/wp\/v2\/pages"}],"about":[{"href":"https:\/\/patrickvacation.com\/fr\/wp-json\/wp\/v2\/types\/page"}],"author":[{"embeddable":true,"href":"https:\/\/patrickvacation.com\/fr\/wp-json\/wp\/v2\/users\/1"}],"replies":[{"embeddable":true,"href":"https:\/\/patrickvacation.com\/fr\/wp-json\/wp\/v2\/comments?post=6532"}],"version-history":[{"count":1,"href":"https:\/\/patrickvacation.com\/fr\/wp-json\/wp\/v2\/pages\/6532\/revisions"}],"predecessor-version":[{"id":6534,"href":"https:\/\/patrickvacation.com\/fr\/wp-json\/wp\/v2\/pages\/6532\/revisions\/6534"}],"wp:attachment":[{"href":"https:\/\/patrickvacation.com\/fr\/wp-json\/wp\/v2\/media?parent=6532"}],"curies":[{"name":"wp","href":"https:\/\/api.w.org\/{rel}","templated":true}]}}