{"id":6638,"date":"2024-12-16T17:08:01","date_gmt":"2024-12-16T17:08:01","guid":{"rendered":"https:\/\/patrickvacation.com\/?page_id=6638"},"modified":"2026-01-05T18:04:36","modified_gmt":"2026-01-05T18:04:36","slug":"politica-de-entrega","status":"publish","type":"page","link":"https:\/\/patrickvacation.com\/fr\/politica-de-entrega\/","title":{"rendered":"Pol\u00edtica de Entrega"},"content":{"rendered":"<div data-elementor-type=\"wp-page\" data-elementor-id=\"6638\" class=\"elementor elementor-6638\" data-elementor-post-type=\"page\">\n\t\t\t\t\t\t<section class=\"wd-negative-gap elementor-section elementor-top-section elementor-element elementor-element-171de11 elementor-section-boxed elementor-section-height-default elementor-section-height-default\" data-id=\"171de11\" data-element_type=\"section\">\n\t\t\t\t\t\t<div class=\"elementor-container elementor-column-gap-default\">\n\t\t\t\t\t<div class=\"elementor-column elementor-col-100 elementor-top-column elementor-element elementor-element-c9345a9\" data-id=\"c9345a9\" data-element_type=\"column\">\n\t\t\t<div class=\"elementor-widget-wrap elementor-element-populated\">\n\t\t\t\t\t\t<div class=\"elementor-element elementor-element-23c84c5 color-scheme-inherit text-left elementor-widget elementor-widget-text-editor\" data-id=\"23c84c5\" data-element_type=\"widget\" data-widget_type=\"text-editor.default\">\n\t\t\t\t<div class=\"elementor-widget-container\">\n\t\t\t\t\t\t\t\t\t<p><span>Al contratar un servicio o realizar una compra con <\/span><strong><span>PATRICK VACATION AGENCY<\/span><\/strong><span> , el cliente acepta la siguiente pol\u00edtica de entrega:<\/span><\/p><p><strong><span>I. Tiempos de Entrega<\/span><\/strong><\/p><ul><li><strong><span>Confirmaci\u00f3n del Servicio:<\/span><\/strong><span> Una vez realizada la reserva o compra, recibir\u00e1s un correo electr\u00f3nico de confirmaci\u00f3n con los detalles del servicio contratado.<\/span><\/li><li><strong><span>Entrega de Vouchers o Boletos:<\/span><\/strong><span> Los vouchers o boletos electr\u00f3nicos ser\u00e1n enviados al correo registrado dentro de un plazo m\u00e1ximo de <\/span><strong><span>24 horas<\/span><\/strong><span> despu\u00e9s de la confirmaci\u00f3n del pago.<\/span><\/li><li><strong><span>Plazos Especiales:<\/span><\/strong><span> En casos de reservas personalizadas o solicitudes espec\u00edficas, los tiempos de entrega pueden extenderse hasta <\/span><strong><span>48 horas<\/span><\/strong><span> , lo cual ser\u00e1 comunicado oportunamente al cliente.<\/span><\/li><\/ul><p><strong><span>II. M\u00e9todos de entrega<\/span><\/strong><\/p><ul><li><span>Todos los vouchers y confirmaciones ser\u00e1n entregados a trav\u00e9s del <\/span><strong><span>correo electr\u00f3nico proporcionado por el cliente<\/span><\/strong><span> .<\/span><\/li><li><span>Es responsabilidad del cliente verificar su bandeja de entrada y carpeta de spam.<\/span><\/li><\/ul><p><strong><span>III. Problemas con la entrega<\/span><\/strong><\/p><ul><li><span>Si no has recibido la confirmaci\u00f3n o los documentos dentro del plazo establecido, te solicitamos que nos contactes inmediatamente al correo: <\/span><strong><a rel=\"noopener\"><span>info <\/span><span>@patrickvacationagency <\/span><span>.com<\/span><\/a><\/strong><span> .<\/span><\/li><li><span>No nos hacemos responsables por entregas fallidas debido a errores en la direcci\u00f3n de correo electr\u00f3nico proporcionada por el cliente.<\/span><\/li><\/ul><p><strong><span>IV. Modificaciones o Retrasos<\/span><\/strong><\/p><ul><li><span>En caso de retrasos por <\/span><strong><span>causas ajenas a nuestra agencia<\/span><\/strong><span> (fallos t\u00e9cnicos, servicios de terceros, etc.), nos comprometemos a notificarte y ofrecerte una soluci\u00f3n alternativa en un plazo razonable.<\/span><\/li><li><span>Si el servicio contratado no puede ser entregado debido a circunstancias imprevistas, el cliente tendr\u00e1 derecho a una reprogramaci\u00f3n oa un reembolso conforme a nuestra <\/span><strong><span>Pol\u00edtica de Reembolsos y Cancelaci\u00f3n<\/span><\/strong><span>.<\/span><\/li><\/ul><p><strong><span>V. Contacto<\/span><\/strong><br \/><span> Para cualquier inconveniente o consulta relacionada con la entrega de tus reservas, por favor cont\u00e1ctanos a trav\u00e9s de: <\/span><br \/><span>\ud83d\udce7 <\/span><strong><span>Correo Electr\u00f3nico: <\/span><\/strong> <a rel=\"noopener\"><span>info <\/span><span>@patrickvacationagency <\/span><span>.com<\/span><\/a><\/p>\t\t\t\t\t\t\t\t<\/div>\n\t\t\t\t<\/div>\n\t\t\t\t\t<\/div>\n\t\t<\/div>\n\t\t\t\t\t<\/div>\n\t\t<\/section>\n\t\t\t\t<\/div>","protected":false},"excerpt":{"rendered":"<p>Al contratar un servicio o realizar una compra con PATRICK VACATION AGENCY , el cliente acepta la siguiente pol\u00edtica de<\/p>","protected":false},"author":42,"featured_media":0,"parent":0,"menu_order":0,"comment_status":"closed","ping_status":"closed","template":"elementor_header_footer","meta":{"footnotes":""},"class_list":["post-6638","page","type-page","status-publish","hentry"],"yoast_head":"<!-- This site is optimized with the Yoast SEO plugin v24.7 - https:\/\/yoast.com\/wordpress\/plugins\/seo\/ -->\n<title>Pol\u00edtica de Entrega - Patrick Vacation<\/title>\n<meta name=\"robots\" content=\"index, follow, max-snippet:-1, max-image-preview:large, max-video-preview:-1\" \/>\n<link rel=\"canonical\" href=\"https:\/\/patrickvacation.com\/fr\/politica-de-entrega\/\" \/>\n<meta property=\"og:locale\" content=\"fr_FR\" \/>\n<meta property=\"og:type\" content=\"article\" \/>\n<meta property=\"og:title\" content=\"Pol\u00edtica de Entrega - Patrick Vacation\" \/>\n<meta property=\"og:description\" content=\"Al contratar un servicio o realizar una compra con PATRICK VACATION AGENCY , el cliente acepta la siguiente pol\u00edtica de\" \/>\n<meta property=\"og:url\" content=\"https:\/\/patrickvacation.com\/fr\/politica-de-entrega\/\" \/>\n<meta property=\"og:site_name\" content=\"Patrick Vacation\" \/>\n<meta property=\"article:publisher\" content=\"https:\/\/www.facebook.com\/alcequiez.tours.travel\" \/>\n<meta property=\"article:modified_time\" content=\"2026-01-05T18:04:36+00:00\" \/>\n<meta name=\"twitter:card\" content=\"summary_large_image\" \/>\n<meta name=\"twitter:label1\" content=\"Dur\u00e9e de lecture estim\u00e9e\" \/>\n\t<meta name=\"twitter:data1\" content=\"2 minutes\" \/>\n<script type=\"application\/ld+json\" class=\"yoast-schema-graph\">{\"@context\":\"https:\/\/schema.org\",\"@graph\":[{\"@type\":\"WebPage\",\"@id\":\"https:\/\/patrickvacation.com\/politica-de-entrega\/\",\"url\":\"https:\/\/patrickvacation.com\/politica-de-entrega\/\",\"name\":\"Pol\u00edtica de Entrega - Patrick Vacation\",\"isPartOf\":{\"@id\":\"https:\/\/patrickvacation.com\/#website\"},\"datePublished\":\"2024-12-16T17:08:01+00:00\",\"dateModified\":\"2026-01-05T18:04:36+00:00\",\"breadcrumb\":{\"@id\":\"https:\/\/patrickvacation.com\/politica-de-entrega\/#breadcrumb\"},\"inLanguage\":\"fr-FR\",\"potentialAction\":[{\"@type\":\"ReadAction\",\"target\":[\"https:\/\/patrickvacation.com\/politica-de-entrega\/\"]}]},{\"@type\":\"BreadcrumbList\",\"@id\":\"https:\/\/patrickvacation.com\/politica-de-entrega\/#breadcrumb\",\"itemListElement\":[{\"@type\":\"ListItem\",\"position\":1,\"name\":\"Portada\",\"item\":\"https:\/\/patrickvacation.com\/\"},{\"@type\":\"ListItem\",\"position\":2,\"name\":\"Pol\u00edtica de Entrega\"}]},{\"@type\":\"WebSite\",\"@id\":\"https:\/\/patrickvacation.com\/#website\",\"url\":\"https:\/\/patrickvacation.com\/\",\"name\":\"Patrick Vacation\",\"description\":\"\",\"publisher\":{\"@id\":\"https:\/\/patrickvacation.com\/#organization\"},\"potentialAction\":[{\"@type\":\"SearchAction\",\"target\":{\"@type\":\"EntryPoint\",\"urlTemplate\":\"https:\/\/patrickvacation.com\/?s={search_term_string}\"},\"query-input\":{\"@type\":\"PropertyValueSpecification\",\"valueRequired\":true,\"valueName\":\"search_term_string\"}}],\"inLanguage\":\"fr-FR\"},{\"@type\":\"Organization\",\"@id\":\"https:\/\/patrickvacation.com\/#organization\",\"name\":\"Alcequiez Tours and Travel\",\"url\":\"https:\/\/patrickvacation.com\/\",\"logo\":{\"@type\":\"ImageObject\",\"inLanguage\":\"fr-FR\",\"@id\":\"https:\/\/patrickvacation.com\/#\/schema\/logo\/image\/\",\"url\":\"https:\/\/patrickvacation.com\/wp-content\/uploads\/2023\/03\/Logo-Alcequiez.png\",\"contentUrl\":\"https:\/\/patrickvacation.com\/wp-content\/uploads\/2023\/03\/Logo-Alcequiez.png\",\"width\":1080,\"height\":560,\"caption\":\"Alcequiez Tours and Travel\"},\"image\":{\"@id\":\"https:\/\/patrickvacation.com\/#\/schema\/logo\/image\/\"},\"sameAs\":[\"https:\/\/www.facebook.com\/alcequiez.tours.travel\",\"https:\/\/www.instagram.com\/alcequieztour\/\"]}]}<\/script>\n<!-- \/ Yoast SEO plugin. -->","yoast_head_json":{"title":"Pol\u00edtica de Entrega - Patrick Vacation","robots":{"index":"index","follow":"follow","max-snippet":"max-snippet:-1","max-image-preview":"max-image-preview:large","max-video-preview":"max-video-preview:-1"},"canonical":"https:\/\/patrickvacation.com\/fr\/politica-de-entrega\/","og_locale":"fr_FR","og_type":"article","og_title":"Pol\u00edtica de Entrega - Patrick Vacation","og_description":"Al contratar un servicio o realizar una compra con PATRICK VACATION AGENCY , el cliente acepta la siguiente pol\u00edtica de","og_url":"https:\/\/patrickvacation.com\/fr\/politica-de-entrega\/","og_site_name":"Patrick Vacation","article_publisher":"https:\/\/www.facebook.com\/alcequiez.tours.travel","article_modified_time":"2026-01-05T18:04:36+00:00","twitter_card":"summary_large_image","twitter_misc":{"Dur\u00e9e de lecture estim\u00e9e":"2 minutes"},"schema":{"@context":"https:\/\/schema.org","@graph":[{"@type":"WebPage","@id":"https:\/\/patrickvacation.com\/politica-de-entrega\/","url":"https:\/\/patrickvacation.com\/politica-de-entrega\/","name":"Pol\u00edtica de Entrega - Patrick Vacation","isPartOf":{"@id":"https:\/\/patrickvacation.com\/#website"},"datePublished":"2024-12-16T17:08:01+00:00","dateModified":"2026-01-05T18:04:36+00:00","breadcrumb":{"@id":"https:\/\/patrickvacation.com\/politica-de-entrega\/#breadcrumb"},"inLanguage":"fr-FR","potentialAction":[{"@type":"ReadAction","target":["https:\/\/patrickvacation.com\/politica-de-entrega\/"]}]},{"@type":"BreadcrumbList","@id":"https:\/\/patrickvacation.com\/politica-de-entrega\/#breadcrumb","itemListElement":[{"@type":"ListItem","position":1,"name":"Portada","item":"https:\/\/patrickvacation.com\/"},{"@type":"ListItem","position":2,"name":"Pol\u00edtica de Entrega"}]},{"@type":"WebSite","@id":"https:\/\/patrickvacation.com\/#website","url":"https:\/\/patrickvacation.com\/","name":"Patrick Vacation","description":"","publisher":{"@id":"https:\/\/patrickvacation.com\/#organization"},"potentialAction":[{"@type":"SearchAction","target":{"@type":"EntryPoint","urlTemplate":"https:\/\/patrickvacation.com\/?s={search_term_string}"},"query-input":{"@type":"PropertyValueSpecification","valueRequired":true,"valueName":"search_term_string"}}],"inLanguage":"fr-FR"},{"@type":"Organization","@id":"https:\/\/patrickvacation.com\/#organization","name":"Alcequiez Tours and Travel","url":"https:\/\/patrickvacation.com\/","logo":{"@type":"ImageObject","inLanguage":"fr-FR","@id":"https:\/\/patrickvacation.com\/#\/schema\/logo\/image\/","url":"https:\/\/patrickvacation.com\/wp-content\/uploads\/2023\/03\/Logo-Alcequiez.png","contentUrl":"https:\/\/patrickvacation.com\/wp-content\/uploads\/2023\/03\/Logo-Alcequiez.png","width":1080,"height":560,"caption":"Alcequiez Tours and Travel"},"image":{"@id":"https:\/\/patrickvacation.com\/#\/schema\/logo\/image\/"},"sameAs":["https:\/\/www.facebook.com\/alcequiez.tours.travel","https:\/\/www.instagram.com\/alcequieztour\/"]}]}},"_links":{"self":[{"href":"https:\/\/patrickvacation.com\/fr\/wp-json\/wp\/v2\/pages\/6638","targetHints":{"allow":["GET"]}}],"collection":[{"href":"https:\/\/patrickvacation.com\/fr\/wp-json\/wp\/v2\/pages"}],"about":[{"href":"https:\/\/patrickvacation.com\/fr\/wp-json\/wp\/v2\/types\/page"}],"author":[{"embeddable":true,"href":"https:\/\/patrickvacation.com\/fr\/wp-json\/wp\/v2\/users\/42"}],"replies":[{"embeddable":true,"href":"https:\/\/patrickvacation.com\/fr\/wp-json\/wp\/v2\/comments?post=6638"}],"version-history":[{"count":10,"href":"https:\/\/patrickvacation.com\/fr\/wp-json\/wp\/v2\/pages\/6638\/revisions"}],"predecessor-version":[{"id":6651,"href":"https:\/\/patrickvacation.com\/fr\/wp-json\/wp\/v2\/pages\/6638\/revisions\/6651"}],"wp:attachment":[{"href":"https:\/\/patrickvacation.com\/fr\/wp-json\/wp\/v2\/media?parent=6638"}],"curies":[{"name":"wp","href":"https:\/\/api.w.org\/{rel}","templated":true}]}}