{"id":6019,"date":"2023-04-18T03:58:47","date_gmt":"2023-04-18T03:58:47","guid":{"rendered":"https:\/\/patrickvacation.com\/?post_type=product&#038;p=6019"},"modified":"2025-02-20T21:43:55","modified_gmt":"2025-02-20T21:43:55","slug":"tour-en-helicoptero-20-min","status":"publish","type":"product","link":"https:\/\/patrickvacation.com\/fr\/excursiones\/tour-en-helicoptero-20-min\/","title":{"rendered":"Visite en h\u00e9licopt\u00e8re de 20 min."},"content":{"rendered":"<section id=\"section-54-1197\" class=\"ct-section nitro-offscreen\">\n<div class=\"ct-section-inner-wrap\" style=\"margin-left: auto;margin-right: auto;height: 353.76px;min-height: inherit;max-width: 1120px;padding: 23px 20px 31px;flex-direction: column;align-items: flex-start\">\n<h2 id=\"headline-55-1197\" class=\"ct-headline\" style=\"margin: 0px;font-family: Quicksand;font-size: 35px\">Detalles del tour<\/h2>\n<div id=\"_rich_text-94-1197\" class=\"oxy-rich-text\" style=\"margin-top: 15px;width: 1080px\">\n<ul>\n<li><span style=\"font-weight: bolder\">Recogida del hotel:<\/span>\u00a0Disfruta de un traslado c\u00f3modo desde tu hotel en nuestro HeliShuttle.<\/li>\n<li><span style=\"font-weight: bolder\">Briefing en Heliport Lounge:<\/span>\u00a0Recibe toda la informaci\u00f3n necesaria antes de tu vuelo en nuestro lounge exclusivo.<\/li>\n<li><span style=\"font-weight: bolder\">Vuelo narrado:<\/span>\u00a0Aprende sobre los paisajes que sobrevuelas con comentarios en tu propio idioma.<\/li>\n<li><span style=\"font-weight: bolder\">Actividades \u00fanicas:<\/span>\u00a0Desde el despegue hasta el aterrizaje, vive la emoci\u00f3n de volar sobre las costas y paisajes de Punta Cana.<\/li>\n<li><span style=\"font-weight: bolder\">Retorno al hotel:<\/span> Tras la experiencia, te llevaremos de vuelta a tu hotel para que puedas continuar disfrutando de tus vacaciones.\n<div id=\"text_block-87-1197\" class=\"ct-text-block supa-button5-text\" style=\"font-family: Quicksand;font-size: 18px;letter-spacing: 2px;font-weight: 600;text-transform: uppercase\"><\/div>\n<\/li>\n<\/ul>\n<\/div>\n<\/div>\n<\/section>\n<section id=\"section-66-1197\" class=\"ct-section nitro-offscreen\">\n<div class=\"ct-section-inner-wrap\" style=\"margin-left: auto;margin-right: auto;height: 248.781px;min-height: inherit;max-width: 1120px;padding: 23px 20px 31px;flex-direction: column;align-items: flex-start\">\n<h2 id=\"headline-67-1197\" class=\"ct-headline\" style=\"margin: 0px;font-family: Quicksand;font-size: 35px\">30 Minutos Cana Tour \u2013 $359.00<br \/><\/h2>\n<div id=\"_rich_text-71-1197\" class=\"oxy-rich-text\" style=\"margin-top: 15px;margin-bottom: 15px;width: 1080px\">\n<ul>\n<li><span style=\"font-weight: bolder\">Ruta<\/span>: Despega de White Sands (Cap Cana) y disfruta de vistas panor\u00e1micas de las playas de Punta Cana y Cap Cana. El vuelo recorre el aeropuerto Punta Cana, pasa por los pueblos de Cabeza de Toro y los Delphinarios de Cabeza de Toro y Downtown Punta Cana.<\/li>\n<li><span style=\"font-weight: bolder\">Puntos destacados<\/span>: Marinas, delphinarios, playas majestuosas y hoteles de Punta Cana.<\/li>\n<\/ul>\n<\/div>\n<\/div>\n<\/section>\n<section id=\"section-164-1197\" class=\"ct-section nitro-offscreen\">\n<div class=\"ct-section-inner-wrap\" style=\"margin-left: auto;margin-right: auto;height: 248.781px;min-height: inherit;max-width: 1120px;padding: 23px 20px 31px;flex-direction: column;align-items: flex-start\">\n<h2 id=\"headline-165-1197\" class=\"ct-headline\" style=\"margin: 0px;font-family: Quicksand;font-size: 35px\">20 Minutos Coral Tour \u2013 $249.00<br \/><\/h2>\n<div id=\"_rich_text-166-1197\" class=\"oxy-rich-text\" style=\"margin-top: 15px;margin-bottom: 15px;width: 1080px\">\n<ul>\n<li><span style=\"font-weight: bolder\">Ruta<\/span>: Inicia en White Sands hacia Punta Nidos donde podr\u00e1s ver la separaci\u00f3n del oc\u00e9ano Atl\u00e1ntico y el Mar Caribe. El vuelo sigue por la costa Caribe\u00f1a hasta la Laguna B\u00e1varo.<\/li>\n<li><span style=\"font-weight: bolder\">Puntos destacados<\/span>: Costas caribe\u00f1as, lagunas, y un h\u00e1bitat de fauna y flora \u00fanico con flamencos y manglares.<\/li>\n<\/ul>\n<\/div>\n<\/div>\n<\/section>\n<section id=\"section-168-1197\" class=\"ct-section nitro-offscreen\">\n<div class=\"ct-section-inner-wrap\" style=\"margin-left: auto;margin-right: auto;height: 223.188px;min-height: inherit;max-width: 1120px;padding: 23px 20px 31px;flex-direction: column;align-items: flex-start\">\n<h2 id=\"headline-169-1197\" class=\"ct-headline\" style=\"margin: 0px;font-family: Quicksand;font-size: 35px\">15 Minutos Arrecife Tour \u2013 $190.00<br \/><\/h2>\n<div id=\"_rich_text-170-1197\" class=\"oxy-rich-text\" style=\"margin-top: 15px;margin-bottom: 15px;width: 1080px\">\n<ul>\n<li><span style=\"font-weight: bolder\">Ruta<\/span>: Sobrevuela el mar mientras vuelas por encima de su hotel y toma fotos de las espectaculares vistas en el Arrecife Tour.<\/li>\n<li><span style=\"font-weight: bolder\">Puntos destacados<\/span>: Vistas a\u00e9reas de amigos y familias en la playa, cabina aire acondicionado en tu helic\u00f3ptero.<\/li>\n<\/ul>\n<\/div>\n<\/div>\n<\/section>\n<section id=\"section-172-1197\" class=\"ct-section nitro-offscreen\">\n<div class=\"ct-section-inner-wrap\" style=\"margin-left: auto;margin-right: auto;height: 248.781px;min-height: inherit;max-width: 1120px;padding: 23px 20px 31px;flex-direction: column;align-items: flex-start\">\n<h2 id=\"headline-173-1197\" class=\"ct-headline\" style=\"margin: 0px;font-family: Quicksand;font-size: 35px\">10 Minutos Arena Tour \u2013 $139.00<br \/><\/h2>\n<div id=\"_rich_text-174-1197\" class=\"oxy-rich-text\" style=\"margin-top: 15px;margin-bottom: 15px;width: 1080px\">\n<ul>\n<li><span style=\"font-weight: bolder\">Ruta<\/span>: Muestra la belleza de las playas de Macao y White Sands. Explora las arenas naturales y las vistas inolvidables de estos lugares desde el aire.<\/li>\n<li><span style=\"font-weight: bolder\">Puntos destacados<\/span>: Playas de arena natural y vistas panor\u00e1micas desde el aire.<\/li>\n<\/ul>\n<\/div>\n<\/div>\n<\/section>\n<section id=\"section-160-1197\" class=\"ct-section nitro-offscreen\">\n<div class=\"ct-section-inner-wrap\" style=\"margin-left: auto;margin-right: auto;height: 351.156px;min-height: inherit;max-width: 1120px;padding: 23px 20px 31px;flex-direction: column;align-items: flex-start\">\n<h2 id=\"headline-161-1197\" class=\"ct-headline\" style=\"margin: 0px;font-family: Quicksand;font-size: 35px\">Informaci\u00f3n adicional<br \/><\/h2>\n<div id=\"_rich_text-162-1197\" class=\"oxy-rich-text\" style=\"margin-top: 15px;margin-bottom: 15px;width: 1080px\">\n<ul>\n<li><span style=\"font-weight: bolder\">Capacidad:<\/span>\u00a0Ni\u00f1os hasta 24 meses viajan gratis en las piernas de un adulto. El peso m\u00e1ximo por pasajero es de 250 Lbs.<\/li>\n<li><span style=\"font-weight: bolder\">Requisitos:<\/span>\u00a0Los menores de 18 a\u00f1os deben estar acompa\u00f1ados por un adulto.<\/li>\n<li><span style=\"font-weight: bolder\">Heliport fee:<\/span>\u00a0Un cargo de $5 d\u00f3lares por pasajero se aplica al momento del check-in.<\/li>\n<li><span style=\"font-weight: bolder\">Pol\u00edtica de cancelaci\u00f3n:<\/span>\u00a0Cancela gratis hasta 24 horas antes para un reembolso completo.<\/li>\n<li><span style=\"font-weight: bolder\">Restricciones importantes:<\/span>\n<ul>\n<li>Clientes\u00a0<span style=\"font-weight: bolder\">no deben consumir alcohol<\/span>\u00a0previo a su vuelo.<\/li>\n<li>Si no est\u00e1 presente para las recogidas\u00a0<span style=\"font-weight: bolder\">perder\u00e1 su vuelo y el cupo<\/span>\u00a0(no reembolsable).<\/li>\n<\/ul>\n<\/li>\n<\/ul>\n<\/div>\n<\/div>\n<\/section>\n<section id=\"section-72-1197\" class=\"ct-section nitro-offscreen\">\n<div class=\"ct-section-inner-wrap\" style=\"margin-left: auto;margin-right: auto;height: 223.188px;min-height: inherit;max-width: 1120px;padding: 23px 20px 31px;flex-direction: column;align-items: flex-start\">\n<h2 id=\"headline-73-1197\" class=\"ct-headline\" style=\"margin: 0px;font-family: Quicksand;font-size: 35px\">\u00bfQu\u00e9 no est\u00e1 incluido?<br \/><\/h2>\n<div id=\"_rich_text-75-1197\" class=\"oxy-rich-text\" style=\"margin-top: 15px;margin-bottom: 15px;width: 1080px\">\n<ul>\n<li>Snacks y bebidas en el Heliport Lounge.<\/li>\n<li>Souvenirs y fotos.<\/li>\n<\/ul>\n<\/div>\n<\/div>\n<\/section>","protected":false},"excerpt":{"rendered":"<p>Descubra la belleza virgen de las playas de arena blanca de b\u00e1varo y arena gorda. Dir\u00edjase a la costa de Punta Cana, sobrevuele las playas de B\u00e1varo y El Cortecito. Mire hacia abajo en las playas, las olas y admire la exuberante vegetaci\u00f3n, los campos de golf y los complejos expansivos que bordean la costa m\u00e1s <span class=\"fs13lh1-5\">\u00a0las costas de la espectacular playa de macao, sede de los hoteles m\u00e1s lujosos del \u00e1rea de b\u00e1varo &#8211; punta cana. Ver\u00e1 la opci\u00f3n completa de vuelo de 20 minutos m\u00e1s contin\u00fae hacia el norte, pase<\/span><span class=\"fs13lh1-5\">\u00a0<\/span><b><span class=\"fs13lh1-5\">Arena Gorda hasta Macao Beach<\/span><\/b><span class=\"fs13lh1-5\">, donde se encuentran algunos de los complejos y villas m\u00e1s lujosos de Punta Cana a lo largo del extenso tramo de costa virgen.<\/p>\n<p>Disfrute de un emocionante recorrido en helic\u00f3ptero desde Punta Cana sobre las playas del sudeste de la Rep\u00fablica Dominicana. Mientras vuela por el aire por encima de este pedazo de para\u00edso tropical, donde el Mar Caribe se encuentra con el Oc\u00e9ano Atl\u00e1ntico, mire hacia la arena blanca, el agua turquesa, las palmeras de color verde brillante y los extensos centros tur\u00edsticos. Dependiendo de la opci\u00f3n seleccionada, ver\u00e1 Bavaro Beach, Bavaro Lagoon, Macao Beach y Uvero Alto Beach.<\/span><\/p>","protected":false},"featured_media":6013,"template":"redux-templates_contained","meta":[],"product_brand":[194],"product_cat":[180],"product_tag":[],"class_list":{"0":"post-6019","1":"product","2":"type-product","3":"status-publish","4":"has-post-thumbnail","6":"product_brand-helidosa","7":"product_cat-citytours-toursareos","9":"first","10":"instock","11":"sold-individually","12":"shipping-taxable","13":"purchasable","14":"product-type-booking"},"yoast_head":"<!-- This site is optimized with the Yoast SEO plugin v24.7 - https:\/\/yoast.com\/wordpress\/plugins\/seo\/ -->\n<title>Tour en Helic\u00f3ptero 20 min. - Patrick Vacation<\/title>\n<meta name=\"robots\" content=\"index, follow, max-snippet:-1, max-image-preview:large, max-video-preview:-1\" \/>\n<link rel=\"canonical\" href=\"https:\/\/patrickvacation.com\/fr\/excursiones\/tour-en-helicoptero-20-min\/\" \/>\n<meta property=\"og:locale\" content=\"fr_FR\" \/>\n<meta property=\"og:type\" content=\"article\" \/>\n<meta property=\"og:title\" content=\"Tour en Helic\u00f3ptero 20 min. - Patrick Vacation\" \/>\n<meta property=\"og:description\" content=\"Descubra la belleza virgen de las playas de arena blanca de b\u00e1varo y arena gorda. Dir\u00edjase a la costa de Punta Cana, sobrevuele las playas de B\u00e1varo y El Cortecito. Mire hacia abajo en las playas, las olas y admire la exuberante vegetaci\u00f3n, los campos de golf y los complejos expansivos que bordean la costa m\u00e1s \u00a0las costas de la espectacular playa de macao, sede de los hoteles m\u00e1s lujosos del \u00e1rea de b\u00e1varo - punta cana. Ver\u00e1 la opci\u00f3n completa de vuelo de 20 minutos m\u00e1s contin\u00fae hacia el norte, pase\u00a0Arena Gorda hasta Macao Beach, donde se encuentran algunos de los complejos y villas m\u00e1s lujosos de Punta Cana a lo largo del extenso tramo de costa virgen.Disfrute de un emocionante recorrido en helic\u00f3ptero desde Punta Cana sobre las playas del sudeste de la Rep\u00fablica Dominicana. Mientras vuela por el aire por encima de este pedazo de para\u00edso tropical, donde el Mar Caribe se encuentra con el Oc\u00e9ano Atl\u00e1ntico, mire hacia la arena blanca, el agua turquesa, las palmeras de color verde brillante y los extensos centros tur\u00edsticos. Dependiendo de la opci\u00f3n seleccionada, ver\u00e1 Bavaro Beach, Bavaro Lagoon, Macao Beach y Uvero Alto Beach.\" \/>\n<meta property=\"og:url\" content=\"https:\/\/patrickvacation.com\/fr\/excursiones\/tour-en-helicoptero-20-min\/\" \/>\n<meta property=\"og:site_name\" content=\"Patrick Vacation\" \/>\n<meta property=\"article:publisher\" content=\"https:\/\/www.facebook.com\/alcequiez.tours.travel\" \/>\n<meta property=\"article:modified_time\" content=\"2025-02-20T21:43:55+00:00\" \/>\n<meta property=\"og:image\" content=\"https:\/\/patrickvacation.com\/wp-content\/uploads\/2023\/04\/Helicopter-Tours-Isla-Saona-Punta-Cana.jpg\" \/>\n\t<meta property=\"og:image:width\" content=\"1685\" \/>\n\t<meta property=\"og:image:height\" content=\"1123\" \/>\n\t<meta property=\"og:image:type\" content=\"image\/jpeg\" \/>\n<meta name=\"twitter:card\" content=\"summary_large_image\" \/>\n<meta name=\"twitter:label1\" content=\"Dur\u00e9e de lecture estim\u00e9e\" \/>\n\t<meta name=\"twitter:data1\" content=\"2 minutes\" \/>\n<script type=\"application\/ld+json\" class=\"yoast-schema-graph\">{\"@context\":\"https:\/\/schema.org\",\"@graph\":[{\"@type\":\"WebPage\",\"@id\":\"https:\/\/patrickvacation.com\/excursiones\/tour-en-helicoptero-20-min\/\",\"url\":\"https:\/\/patrickvacation.com\/excursiones\/tour-en-helicoptero-20-min\/\",\"name\":\"Tour en Helic\u00f3ptero 20 min. - Patrick Vacation\",\"isPartOf\":{\"@id\":\"https:\/\/patrickvacation.com\/#website\"},\"primaryImageOfPage\":{\"@id\":\"https:\/\/patrickvacation.com\/excursiones\/tour-en-helicoptero-20-min\/#primaryimage\"},\"image\":{\"@id\":\"https:\/\/patrickvacation.com\/excursiones\/tour-en-helicoptero-20-min\/#primaryimage\"},\"thumbnailUrl\":\"https:\/\/patrickvacation.com\/wp-content\/uploads\/2023\/04\/Helicopter-Tours-Isla-Saona-Punta-Cana.jpg\",\"datePublished\":\"2023-04-18T03:58:47+00:00\",\"dateModified\":\"2025-02-20T21:43:55+00:00\",\"breadcrumb\":{\"@id\":\"https:\/\/patrickvacation.com\/excursiones\/tour-en-helicoptero-20-min\/#breadcrumb\"},\"inLanguage\":\"fr-FR\",\"potentialAction\":[{\"@type\":\"ReadAction\",\"target\":[\"https:\/\/patrickvacation.com\/excursiones\/tour-en-helicoptero-20-min\/\"]}]},{\"@type\":\"ImageObject\",\"inLanguage\":\"fr-FR\",\"@id\":\"https:\/\/patrickvacation.com\/excursiones\/tour-en-helicoptero-20-min\/#primaryimage\",\"url\":\"https:\/\/patrickvacation.com\/wp-content\/uploads\/2023\/04\/Helicopter-Tours-Isla-Saona-Punta-Cana.jpg\",\"contentUrl\":\"https:\/\/patrickvacation.com\/wp-content\/uploads\/2023\/04\/Helicopter-Tours-Isla-Saona-Punta-Cana.jpg\",\"width\":1685,\"height\":1123},{\"@type\":\"BreadcrumbList\",\"@id\":\"https:\/\/patrickvacation.com\/excursiones\/tour-en-helicoptero-20-min\/#breadcrumb\",\"itemListElement\":[{\"@type\":\"ListItem\",\"position\":1,\"name\":\"Portada\",\"item\":\"https:\/\/patrickvacation.com\/\"},{\"@type\":\"ListItem\",\"position\":2,\"name\":\"Excursiones y Reservas\",\"item\":\"https:\/\/patrickvacation.com\/excursiones\/\"},{\"@type\":\"ListItem\",\"position\":3,\"name\":\"Tour en Helic\u00f3ptero 20 min.\"}]},{\"@type\":\"WebSite\",\"@id\":\"https:\/\/patrickvacation.com\/#website\",\"url\":\"https:\/\/patrickvacation.com\/\",\"name\":\"Patrick Vacation\",\"description\":\"\",\"publisher\":{\"@id\":\"https:\/\/patrickvacation.com\/#organization\"},\"potentialAction\":[{\"@type\":\"SearchAction\",\"target\":{\"@type\":\"EntryPoint\",\"urlTemplate\":\"https:\/\/patrickvacation.com\/?s={search_term_string}\"},\"query-input\":{\"@type\":\"PropertyValueSpecification\",\"valueRequired\":true,\"valueName\":\"search_term_string\"}}],\"inLanguage\":\"fr-FR\"},{\"@type\":\"Organization\",\"@id\":\"https:\/\/patrickvacation.com\/#organization\",\"name\":\"Alcequiez Tours and Travel\",\"url\":\"https:\/\/patrickvacation.com\/\",\"logo\":{\"@type\":\"ImageObject\",\"inLanguage\":\"fr-FR\",\"@id\":\"https:\/\/patrickvacation.com\/#\/schema\/logo\/image\/\",\"url\":\"https:\/\/patrickvacation.com\/wp-content\/uploads\/2023\/03\/Logo-Alcequiez.png\",\"contentUrl\":\"https:\/\/patrickvacation.com\/wp-content\/uploads\/2023\/03\/Logo-Alcequiez.png\",\"width\":1080,\"height\":560,\"caption\":\"Alcequiez Tours and Travel\"},\"image\":{\"@id\":\"https:\/\/patrickvacation.com\/#\/schema\/logo\/image\/\"},\"sameAs\":[\"https:\/\/www.facebook.com\/alcequiez.tours.travel\",\"https:\/\/www.instagram.com\/alcequieztour\/\"]}]}<\/script>\n<!-- \/ Yoast SEO plugin. -->","yoast_head_json":{"title":"Tour en Helic\u00f3ptero 20 min. - Patrick Vacation","robots":{"index":"index","follow":"follow","max-snippet":"max-snippet:-1","max-image-preview":"max-image-preview:large","max-video-preview":"max-video-preview:-1"},"canonical":"https:\/\/patrickvacation.com\/fr\/excursiones\/tour-en-helicoptero-20-min\/","og_locale":"fr_FR","og_type":"article","og_title":"Tour en Helic\u00f3ptero 20 min. - Patrick Vacation","og_description":"Descubra la belleza virgen de las playas de arena blanca de b\u00e1varo y arena gorda. Dir\u00edjase a la costa de Punta Cana, sobrevuele las playas de B\u00e1varo y El Cortecito. Mire hacia abajo en las playas, las olas y admire la exuberante vegetaci\u00f3n, los campos de golf y los complejos expansivos que bordean la costa m\u00e1s \u00a0las costas de la espectacular playa de macao, sede de los hoteles m\u00e1s lujosos del \u00e1rea de b\u00e1varo - punta cana. Ver\u00e1 la opci\u00f3n completa de vuelo de 20 minutos m\u00e1s contin\u00fae hacia el norte, pase\u00a0Arena Gorda hasta Macao Beach, donde se encuentran algunos de los complejos y villas m\u00e1s lujosos de Punta Cana a lo largo del extenso tramo de costa virgen.Disfrute de un emocionante recorrido en helic\u00f3ptero desde Punta Cana sobre las playas del sudeste de la Rep\u00fablica Dominicana. Mientras vuela por el aire por encima de este pedazo de para\u00edso tropical, donde el Mar Caribe se encuentra con el Oc\u00e9ano Atl\u00e1ntico, mire hacia la arena blanca, el agua turquesa, las palmeras de color verde brillante y los extensos centros tur\u00edsticos. Dependiendo de la opci\u00f3n seleccionada, ver\u00e1 Bavaro Beach, Bavaro Lagoon, Macao Beach y Uvero Alto Beach.","og_url":"https:\/\/patrickvacation.com\/fr\/excursiones\/tour-en-helicoptero-20-min\/","og_site_name":"Patrick Vacation","article_publisher":"https:\/\/www.facebook.com\/alcequiez.tours.travel","article_modified_time":"2025-02-20T21:43:55+00:00","og_image":[{"width":1685,"height":1123,"url":"https:\/\/patrickvacation.com\/wp-content\/uploads\/2023\/04\/Helicopter-Tours-Isla-Saona-Punta-Cana.jpg","type":"image\/jpeg"}],"twitter_card":"summary_large_image","twitter_misc":{"Dur\u00e9e de lecture estim\u00e9e":"2 minutes"},"schema":{"@context":"https:\/\/schema.org","@graph":[{"@type":"WebPage","@id":"https:\/\/patrickvacation.com\/excursiones\/tour-en-helicoptero-20-min\/","url":"https:\/\/patrickvacation.com\/excursiones\/tour-en-helicoptero-20-min\/","name":"Tour en Helic\u00f3ptero 20 min. - Patrick Vacation","isPartOf":{"@id":"https:\/\/patrickvacation.com\/#website"},"primaryImageOfPage":{"@id":"https:\/\/patrickvacation.com\/excursiones\/tour-en-helicoptero-20-min\/#primaryimage"},"image":{"@id":"https:\/\/patrickvacation.com\/excursiones\/tour-en-helicoptero-20-min\/#primaryimage"},"thumbnailUrl":"https:\/\/patrickvacation.com\/wp-content\/uploads\/2023\/04\/Helicopter-Tours-Isla-Saona-Punta-Cana.jpg","datePublished":"2023-04-18T03:58:47+00:00","dateModified":"2025-02-20T21:43:55+00:00","breadcrumb":{"@id":"https:\/\/patrickvacation.com\/excursiones\/tour-en-helicoptero-20-min\/#breadcrumb"},"inLanguage":"fr-FR","potentialAction":[{"@type":"ReadAction","target":["https:\/\/patrickvacation.com\/excursiones\/tour-en-helicoptero-20-min\/"]}]},{"@type":"ImageObject","inLanguage":"fr-FR","@id":"https:\/\/patrickvacation.com\/excursiones\/tour-en-helicoptero-20-min\/#primaryimage","url":"https:\/\/patrickvacation.com\/wp-content\/uploads\/2023\/04\/Helicopter-Tours-Isla-Saona-Punta-Cana.jpg","contentUrl":"https:\/\/patrickvacation.com\/wp-content\/uploads\/2023\/04\/Helicopter-Tours-Isla-Saona-Punta-Cana.jpg","width":1685,"height":1123},{"@type":"BreadcrumbList","@id":"https:\/\/patrickvacation.com\/excursiones\/tour-en-helicoptero-20-min\/#breadcrumb","itemListElement":[{"@type":"ListItem","position":1,"name":"Portada","item":"https:\/\/patrickvacation.com\/"},{"@type":"ListItem","position":2,"name":"Excursiones y Reservas","item":"https:\/\/patrickvacation.com\/excursiones\/"},{"@type":"ListItem","position":3,"name":"Tour en Helic\u00f3ptero 20 min."}]},{"@type":"WebSite","@id":"https:\/\/patrickvacation.com\/#website","url":"https:\/\/patrickvacation.com\/","name":"Patrick Vacation","description":"","publisher":{"@id":"https:\/\/patrickvacation.com\/#organization"},"potentialAction":[{"@type":"SearchAction","target":{"@type":"EntryPoint","urlTemplate":"https:\/\/patrickvacation.com\/?s={search_term_string}"},"query-input":{"@type":"PropertyValueSpecification","valueRequired":true,"valueName":"search_term_string"}}],"inLanguage":"fr-FR"},{"@type":"Organization","@id":"https:\/\/patrickvacation.com\/#organization","name":"Alcequiez Tours and Travel","url":"https:\/\/patrickvacation.com\/","logo":{"@type":"ImageObject","inLanguage":"fr-FR","@id":"https:\/\/patrickvacation.com\/#\/schema\/logo\/image\/","url":"https:\/\/patrickvacation.com\/wp-content\/uploads\/2023\/03\/Logo-Alcequiez.png","contentUrl":"https:\/\/patrickvacation.com\/wp-content\/uploads\/2023\/03\/Logo-Alcequiez.png","width":1080,"height":560,"caption":"Alcequiez Tours and Travel"},"image":{"@id":"https:\/\/patrickvacation.com\/#\/schema\/logo\/image\/"},"sameAs":["https:\/\/www.facebook.com\/alcequiez.tours.travel","https:\/\/www.instagram.com\/alcequieztour\/"]}]}},"_links":{"self":[{"href":"https:\/\/patrickvacation.com\/fr\/wp-json\/wp\/v2\/product\/6019","targetHints":{"allow":["GET"]}}],"collection":[{"href":"https:\/\/patrickvacation.com\/fr\/wp-json\/wp\/v2\/product"}],"about":[{"href":"https:\/\/patrickvacation.com\/fr\/wp-json\/wp\/v2\/types\/product"}],"version-history":[{"count":0,"href":"https:\/\/patrickvacation.com\/fr\/wp-json\/wp\/v2\/product\/6019\/revisions"}],"wp:featuredmedia":[{"embeddable":true,"href":"https:\/\/patrickvacation.com\/fr\/wp-json\/wp\/v2\/media\/6013"}],"wp:attachment":[{"href":"https:\/\/patrickvacation.com\/fr\/wp-json\/wp\/v2\/media?parent=6019"}],"wp:term":[{"taxonomy":"product_brand","embeddable":true,"href":"https:\/\/patrickvacation.com\/fr\/wp-json\/wp\/v2\/product_brand?post=6019"},{"taxonomy":"product_cat","embeddable":true,"href":"https:\/\/patrickvacation.com\/fr\/wp-json\/wp\/v2\/product_cat?post=6019"},{"taxonomy":"product_tag","embeddable":true,"href":"https:\/\/patrickvacation.com\/fr\/wp-json\/wp\/v2\/product_tag?post=6019"}],"curies":[{"name":"wp","href":"https:\/\/api.w.org\/{rel}","templated":true}]}}