{"id":6021,"date":"2023-04-18T04:05:34","date_gmt":"2023-04-18T04:05:34","guid":{"rendered":"https:\/\/patrickvacation.com\/?post_type=product&#038;p=6021"},"modified":"2023-04-18T05:34:08","modified_gmt":"2023-04-18T05:34:08","slug":"tour-en-helicoptero-40-min","status":"publish","type":"product","link":"https:\/\/patrickvacation.com\/fr\/excursiones\/tour-en-helicoptero-40-min\/","title":{"rendered":"Tour d&#039;h\u00e9licopt\u00e8re 40 min."},"content":{"rendered":"<p>Disfrute de un emocionante recorrido en helic\u00f3ptero desde Punta Cana sobre las playas del sudeste de la Rep\u00fablica Dominicana. Mientras vuela por el aire por encima de este pedazo de para\u00edso tropical, donde el Mar Caribe se encuentra con el Oc\u00e9ano Atl\u00e1ntico, mire hacia la arena blanca, el agua turquesa, las palmeras de color verde brillante y los extensos centros tur\u00edsticos. Dependiendo de la opci\u00f3n seleccionada, ver\u00e1 Bavaro Beach, Bavaro Lagoon, Macao Beach y Uvero Alto Beach.<\/p>","protected":false},"excerpt":{"rendered":"<p>Este es nuestro recorrido m\u00e1s espectacular, v\u00e9alo todo desde las aguas turquesas de Punta Cana hasta los alrededores v\u00edrgenes de Uvero Alto. Ver\u00e1 la opci\u00f3n de vuelo completa de 40 minutos. Adem\u00e1s, volar\u00e1 m\u00e1s hacia el sur sobre Punta Cana y la zona tur\u00edstica de Cap Cana, y luego hasta la playa de Uvero Alto. D\u00e1ndole una visi\u00f3n completa de todas las principales cosas que ver y hacer en la regi\u00f3n de Punta Cana<\/p>","protected":false},"featured_media":6043,"template":"redux-templates_contained","meta":[],"product_brand":[194],"product_cat":[180],"product_tag":[],"class_list":{"0":"post-6021","1":"product","2":"type-product","3":"status-publish","4":"has-post-thumbnail","6":"product_brand-helidosa","7":"product_cat-citytours-toursareos","9":"first","10":"instock","11":"sold-individually","12":"shipping-taxable","13":"purchasable","14":"product-type-booking"},"yoast_head":"<!-- This site is optimized with the Yoast SEO plugin v24.7 - https:\/\/yoast.com\/wordpress\/plugins\/seo\/ -->\n<title>Tour en Helic\u00f3ptero 40 min. - Patrick Vacation<\/title>\n<meta name=\"robots\" content=\"index, follow, max-snippet:-1, max-image-preview:large, max-video-preview:-1\" \/>\n<link rel=\"canonical\" href=\"https:\/\/patrickvacation.com\/fr\/excursiones\/tour-en-helicoptero-40-min\/\" \/>\n<meta property=\"og:locale\" content=\"fr_FR\" \/>\n<meta property=\"og:type\" content=\"article\" \/>\n<meta property=\"og:title\" content=\"Tour en Helic\u00f3ptero 40 min. - Patrick Vacation\" \/>\n<meta property=\"og:description\" content=\"Este es nuestro recorrido m\u00e1s espectacular, v\u00e9alo todo desde las aguas turquesas de Punta Cana hasta los alrededores v\u00edrgenes de Uvero Alto. Ver\u00e1 la opci\u00f3n de vuelo completa de 40 minutos. Adem\u00e1s, volar\u00e1 m\u00e1s hacia el sur sobre Punta Cana y la zona tur\u00edstica de Cap Cana, y luego hasta la playa de Uvero Alto. D\u00e1ndole una visi\u00f3n completa de todas las principales cosas que ver y hacer en la regi\u00f3n de Punta Cana\" \/>\n<meta property=\"og:url\" content=\"https:\/\/patrickvacation.com\/fr\/excursiones\/tour-en-helicoptero-40-min\/\" \/>\n<meta property=\"og:site_name\" content=\"Patrick Vacation\" \/>\n<meta property=\"article:publisher\" content=\"https:\/\/www.facebook.com\/alcequiez.tours.travel\" \/>\n<meta property=\"article:modified_time\" content=\"2023-04-18T05:34:08+00:00\" \/>\n<meta property=\"og:image\" content=\"https:\/\/patrickvacation.com\/wp-content\/uploads\/2023\/04\/helidosa-1.jpg\" \/>\n\t<meta property=\"og:image:width\" content=\"1280\" \/>\n\t<meta property=\"og:image:height\" content=\"804\" \/>\n\t<meta property=\"og:image:type\" content=\"image\/jpeg\" \/>\n<meta name=\"twitter:card\" content=\"summary_large_image\" \/>\n<script type=\"application\/ld+json\" class=\"yoast-schema-graph\">{\"@context\":\"https:\/\/schema.org\",\"@graph\":[{\"@type\":\"WebPage\",\"@id\":\"https:\/\/patrickvacation.com\/excursiones\/tour-en-helicoptero-40-min\/\",\"url\":\"https:\/\/patrickvacation.com\/excursiones\/tour-en-helicoptero-40-min\/\",\"name\":\"Tour en Helic\u00f3ptero 40 min. - Patrick Vacation\",\"isPartOf\":{\"@id\":\"https:\/\/patrickvacation.com\/#website\"},\"primaryImageOfPage\":{\"@id\":\"https:\/\/patrickvacation.com\/excursiones\/tour-en-helicoptero-40-min\/#primaryimage\"},\"image\":{\"@id\":\"https:\/\/patrickvacation.com\/excursiones\/tour-en-helicoptero-40-min\/#primaryimage\"},\"thumbnailUrl\":\"https:\/\/patrickvacation.com\/wp-content\/uploads\/2023\/04\/helidosa-1.jpg\",\"datePublished\":\"2023-04-18T04:05:34+00:00\",\"dateModified\":\"2023-04-18T05:34:08+00:00\",\"breadcrumb\":{\"@id\":\"https:\/\/patrickvacation.com\/excursiones\/tour-en-helicoptero-40-min\/#breadcrumb\"},\"inLanguage\":\"fr-FR\",\"potentialAction\":[{\"@type\":\"ReadAction\",\"target\":[\"https:\/\/patrickvacation.com\/excursiones\/tour-en-helicoptero-40-min\/\"]}]},{\"@type\":\"ImageObject\",\"inLanguage\":\"fr-FR\",\"@id\":\"https:\/\/patrickvacation.com\/excursiones\/tour-en-helicoptero-40-min\/#primaryimage\",\"url\":\"https:\/\/patrickvacation.com\/wp-content\/uploads\/2023\/04\/helidosa-1.jpg\",\"contentUrl\":\"https:\/\/patrickvacation.com\/wp-content\/uploads\/2023\/04\/helidosa-1.jpg\",\"width\":1280,\"height\":804},{\"@type\":\"BreadcrumbList\",\"@id\":\"https:\/\/patrickvacation.com\/excursiones\/tour-en-helicoptero-40-min\/#breadcrumb\",\"itemListElement\":[{\"@type\":\"ListItem\",\"position\":1,\"name\":\"Portada\",\"item\":\"https:\/\/patrickvacation.com\/\"},{\"@type\":\"ListItem\",\"position\":2,\"name\":\"Excursiones y Reservas\",\"item\":\"https:\/\/patrickvacation.com\/excursiones\/\"},{\"@type\":\"ListItem\",\"position\":3,\"name\":\"Tour en Helic\u00f3ptero 40 min.\"}]},{\"@type\":\"WebSite\",\"@id\":\"https:\/\/patrickvacation.com\/#website\",\"url\":\"https:\/\/patrickvacation.com\/\",\"name\":\"Patrick Vacation\",\"description\":\"\",\"publisher\":{\"@id\":\"https:\/\/patrickvacation.com\/#organization\"},\"potentialAction\":[{\"@type\":\"SearchAction\",\"target\":{\"@type\":\"EntryPoint\",\"urlTemplate\":\"https:\/\/patrickvacation.com\/?s={search_term_string}\"},\"query-input\":{\"@type\":\"PropertyValueSpecification\",\"valueRequired\":true,\"valueName\":\"search_term_string\"}}],\"inLanguage\":\"fr-FR\"},{\"@type\":\"Organization\",\"@id\":\"https:\/\/patrickvacation.com\/#organization\",\"name\":\"Alcequiez Tours and Travel\",\"url\":\"https:\/\/patrickvacation.com\/\",\"logo\":{\"@type\":\"ImageObject\",\"inLanguage\":\"fr-FR\",\"@id\":\"https:\/\/patrickvacation.com\/#\/schema\/logo\/image\/\",\"url\":\"https:\/\/patrickvacation.com\/wp-content\/uploads\/2023\/03\/Logo-Alcequiez.png\",\"contentUrl\":\"https:\/\/patrickvacation.com\/wp-content\/uploads\/2023\/03\/Logo-Alcequiez.png\",\"width\":1080,\"height\":560,\"caption\":\"Alcequiez Tours and Travel\"},\"image\":{\"@id\":\"https:\/\/patrickvacation.com\/#\/schema\/logo\/image\/\"},\"sameAs\":[\"https:\/\/www.facebook.com\/alcequiez.tours.travel\",\"https:\/\/www.instagram.com\/alcequieztour\/\"]}]}<\/script>\n<!-- \/ Yoast SEO plugin. -->","yoast_head_json":{"title":"Tour en Helic\u00f3ptero 40 min. - Patrick Vacation","robots":{"index":"index","follow":"follow","max-snippet":"max-snippet:-1","max-image-preview":"max-image-preview:large","max-video-preview":"max-video-preview:-1"},"canonical":"https:\/\/patrickvacation.com\/fr\/excursiones\/tour-en-helicoptero-40-min\/","og_locale":"fr_FR","og_type":"article","og_title":"Tour en Helic\u00f3ptero 40 min. - Patrick Vacation","og_description":"Este es nuestro recorrido m\u00e1s espectacular, v\u00e9alo todo desde las aguas turquesas de Punta Cana hasta los alrededores v\u00edrgenes de Uvero Alto. Ver\u00e1 la opci\u00f3n de vuelo completa de 40 minutos. Adem\u00e1s, volar\u00e1 m\u00e1s hacia el sur sobre Punta Cana y la zona tur\u00edstica de Cap Cana, y luego hasta la playa de Uvero Alto. D\u00e1ndole una visi\u00f3n completa de todas las principales cosas que ver y hacer en la regi\u00f3n de Punta Cana","og_url":"https:\/\/patrickvacation.com\/fr\/excursiones\/tour-en-helicoptero-40-min\/","og_site_name":"Patrick Vacation","article_publisher":"https:\/\/www.facebook.com\/alcequiez.tours.travel","article_modified_time":"2023-04-18T05:34:08+00:00","og_image":[{"width":1280,"height":804,"url":"https:\/\/patrickvacation.com\/wp-content\/uploads\/2023\/04\/helidosa-1.jpg","type":"image\/jpeg"}],"twitter_card":"summary_large_image","schema":{"@context":"https:\/\/schema.org","@graph":[{"@type":"WebPage","@id":"https:\/\/patrickvacation.com\/excursiones\/tour-en-helicoptero-40-min\/","url":"https:\/\/patrickvacation.com\/excursiones\/tour-en-helicoptero-40-min\/","name":"Tour en Helic\u00f3ptero 40 min. - Patrick Vacation","isPartOf":{"@id":"https:\/\/patrickvacation.com\/#website"},"primaryImageOfPage":{"@id":"https:\/\/patrickvacation.com\/excursiones\/tour-en-helicoptero-40-min\/#primaryimage"},"image":{"@id":"https:\/\/patrickvacation.com\/excursiones\/tour-en-helicoptero-40-min\/#primaryimage"},"thumbnailUrl":"https:\/\/patrickvacation.com\/wp-content\/uploads\/2023\/04\/helidosa-1.jpg","datePublished":"2023-04-18T04:05:34+00:00","dateModified":"2023-04-18T05:34:08+00:00","breadcrumb":{"@id":"https:\/\/patrickvacation.com\/excursiones\/tour-en-helicoptero-40-min\/#breadcrumb"},"inLanguage":"fr-FR","potentialAction":[{"@type":"ReadAction","target":["https:\/\/patrickvacation.com\/excursiones\/tour-en-helicoptero-40-min\/"]}]},{"@type":"ImageObject","inLanguage":"fr-FR","@id":"https:\/\/patrickvacation.com\/excursiones\/tour-en-helicoptero-40-min\/#primaryimage","url":"https:\/\/patrickvacation.com\/wp-content\/uploads\/2023\/04\/helidosa-1.jpg","contentUrl":"https:\/\/patrickvacation.com\/wp-content\/uploads\/2023\/04\/helidosa-1.jpg","width":1280,"height":804},{"@type":"BreadcrumbList","@id":"https:\/\/patrickvacation.com\/excursiones\/tour-en-helicoptero-40-min\/#breadcrumb","itemListElement":[{"@type":"ListItem","position":1,"name":"Portada","item":"https:\/\/patrickvacation.com\/"},{"@type":"ListItem","position":2,"name":"Excursiones y Reservas","item":"https:\/\/patrickvacation.com\/excursiones\/"},{"@type":"ListItem","position":3,"name":"Tour en Helic\u00f3ptero 40 min."}]},{"@type":"WebSite","@id":"https:\/\/patrickvacation.com\/#website","url":"https:\/\/patrickvacation.com\/","name":"Patrick Vacation","description":"","publisher":{"@id":"https:\/\/patrickvacation.com\/#organization"},"potentialAction":[{"@type":"SearchAction","target":{"@type":"EntryPoint","urlTemplate":"https:\/\/patrickvacation.com\/?s={search_term_string}"},"query-input":{"@type":"PropertyValueSpecification","valueRequired":true,"valueName":"search_term_string"}}],"inLanguage":"fr-FR"},{"@type":"Organization","@id":"https:\/\/patrickvacation.com\/#organization","name":"Alcequiez Tours and Travel","url":"https:\/\/patrickvacation.com\/","logo":{"@type":"ImageObject","inLanguage":"fr-FR","@id":"https:\/\/patrickvacation.com\/#\/schema\/logo\/image\/","url":"https:\/\/patrickvacation.com\/wp-content\/uploads\/2023\/03\/Logo-Alcequiez.png","contentUrl":"https:\/\/patrickvacation.com\/wp-content\/uploads\/2023\/03\/Logo-Alcequiez.png","width":1080,"height":560,"caption":"Alcequiez Tours and Travel"},"image":{"@id":"https:\/\/patrickvacation.com\/#\/schema\/logo\/image\/"},"sameAs":["https:\/\/www.facebook.com\/alcequiez.tours.travel","https:\/\/www.instagram.com\/alcequieztour\/"]}]}},"_links":{"self":[{"href":"https:\/\/patrickvacation.com\/fr\/wp-json\/wp\/v2\/product\/6021","targetHints":{"allow":["GET"]}}],"collection":[{"href":"https:\/\/patrickvacation.com\/fr\/wp-json\/wp\/v2\/product"}],"about":[{"href":"https:\/\/patrickvacation.com\/fr\/wp-json\/wp\/v2\/types\/product"}],"version-history":[{"count":0,"href":"https:\/\/patrickvacation.com\/fr\/wp-json\/wp\/v2\/product\/6021\/revisions"}],"wp:featuredmedia":[{"embeddable":true,"href":"https:\/\/patrickvacation.com\/fr\/wp-json\/wp\/v2\/media\/6043"}],"wp:attachment":[{"href":"https:\/\/patrickvacation.com\/fr\/wp-json\/wp\/v2\/media?parent=6021"}],"wp:term":[{"taxonomy":"product_brand","embeddable":true,"href":"https:\/\/patrickvacation.com\/fr\/wp-json\/wp\/v2\/product_brand?post=6021"},{"taxonomy":"product_cat","embeddable":true,"href":"https:\/\/patrickvacation.com\/fr\/wp-json\/wp\/v2\/product_cat?post=6021"},{"taxonomy":"product_tag","embeddable":true,"href":"https:\/\/patrickvacation.com\/fr\/wp-json\/wp\/v2\/product_tag?post=6021"}],"curies":[{"name":"wp","href":"https:\/\/api.w.org\/{rel}","templated":true}]}}