{"id":6026,"date":"2023-04-18T04:37:31","date_gmt":"2023-04-18T04:37:31","guid":{"rendered":"https:\/\/patrickvacation.com\/?post_type=product&#038;p=6026"},"modified":"2025-02-18T19:07:41","modified_gmt":"2025-02-18T19:07:41","slug":"buggies-macao-para-2","status":"publish","type":"product","link":"https:\/\/patrickvacation.com\/fr\/excursiones\/buggies-macao-para-2\/","title":{"rendered":"Buggies Macao para 2"},"content":{"rendered":"<p><\/p>\n<h2 id=\"headline-54-119\" class=\"ct-headline\" style=\"margin: 0px;font-family: Quicksand;font-size: 35px\">Itinerario de la excursi\u00f3n buggies en Punta Cana<\/h2>\n<div id=\"_rich_text-128-119\" class=\"oxy-rich-text\">\n<p style=\"margin-block-start: 0px\"><em>Este es un ejemplo para las excursiones que salen a las 07:20 a.m. del hotel. Extrapola el horario a tu hora de salida de la excursi\u00f3n en buggy.<\/em><\/p>\n<ul>\n<li><span style=\"font-weight: bolder\">07:20<\/span>\u00a0&#8211; Recogida desde tu hotel donde pondremos rumbo al rancho.<\/li>\n<li><span style=\"font-weight: bolder\">09:00<\/span>\u00a0&#8211; Llegada al rancho.<\/li>\n<li><span style=\"font-weight: bolder\">09:15\u00a0<\/span>&#8211; Salida guiada desde el rancho hacia\u00a0<span style=\"font-weight: bolder\">playa Macao<\/span>\u00a0para despu\u00e9s dirigirnos hacia las\u00a0<span style=\"font-weight: bolder\">fabricas de cacao, caf\u00e9 y tabaco<\/span>. All\u00ed no solo aprender\u00e1s el proceso de elaboraci\u00f3n de estos productos, sino que adem\u00e1s los podr\u00e1s adquirir para degustarlos a la vuelta de vacaciones o en tu hotel.<\/li>\n<li>La ruta en buggy sigue hacia los\u00a0<em>Manantiales Ind\u00edgenas<\/em>. All\u00ed podr\u00e1s explorar un verdadero\u00a0<span style=\"font-weight: bolder\">cenote<\/span>\u00a0y disfrutar de la\u00a0<span style=\"font-weight: bolder\">piscina natural<\/span>\u00a0durante media hora donde podr\u00e1s ba\u00f1arte en sus aguas cristalinas y cuevas. Es uno de los lugares m\u00e1s id\u00edlicos de\u00a0<span style=\"font-weight: bolder\">Punta Cana<\/span>.<\/li>\n<li><span style=\"font-weight: bolder\">11:15<\/span>\u00a0&#8211; Te llevaremos de regreso hasta tu hotel.<\/li>\n<\/ul>\n<p>*<em>\u00a0Los horarios indicados anteriormente son aproximados.<\/p>\n<p><\/em><\/p>\n<h2 id=\"headline-65-119\" class=\"ct-headline\" style=\"margin: 0px;font-family: Quicksand;font-size: 35px\">Recomendaciones para la excursi\u00f3n<br \/><\/h2>\n<div id=\"text_block-66-119\" class=\"ct-text-block\" style=\"margin-top: 15px\">La\u00a0<span style=\"font-weight: bolder\">diversi\u00f3n<\/span>\u00a0es el principal ingrediente de esta excursi\u00f3n, pero aun as\u00ed te recomendamos que lleves algunas cosas imprescindibles para disfrutar completamente la experiencia y soltar tu adrenalina:<\/div>\n<p><em><\/em><\/p>\n<div id=\"_rich_text-79-119\" class=\"oxy-rich-text\" style=\"margin-top: 15px;margin-bottom: 15px;width: 1080px\">\n<ul>\n<li>Unas\u00a0<span style=\"font-weight: bolder\">zapatillas cerradas de deporte.<\/span>\u00a0Recuerda que conducir\u00e1s sobre el\u00a0<span style=\"font-weight: bolder\">lodo y el barro<\/span>\u00a0de la selva dominicana.<\/li>\n<li><span style=\"font-weight: bolder\">Gafas para protegerte\u00a0<\/span>del polvo en suspensi\u00f3n que producen los buggys, incluso en la carretera.<\/li>\n<li><span style=\"font-weight: bolder\">Dinero\u00a0<\/span>en efectivo por si quieres adquirir cualquier souvenir durante esta actividad.<\/li>\n<li><span style=\"font-weight: bolder\">Protector solar.<\/span><\/li>\n<li><span style=\"font-weight: bolder\">Bandana o pa\u00f1uelo<\/span>\u00a0para evitar que el polvo entre en la boca.<\/li>\n<\/ul>\n<\/div>\n<p style=\"margin-block-end: 0px\">En el siguiente mapa, podr\u00e1s comprobar los sitios que visitaremos y est\u00e1n incluidos en esta actividad.<\/p>\n<\/div>","protected":false},"excerpt":{"rendered":"<div class=\"wpb_text_column wpb_content_element\">\n<div class=\"wpb_wrapper\">\n<h4>\n<p style=\"font-weight: 400\"><strong>La excursi\u00f3n con Buggys a Macao es una de las excursiones m\u00e1s populares de Punta Cana<\/strong>, es esta inolvidable aventura de medio d\u00eda, conduciremos un Buggy a trav\u00e9s de los caminos del interior dominicano.<strong>\u00a0Un recorrido de pura diversi\u00f3n, adrenalina, barro y agua, donde tendr\u00e1s la oportunidad de descubrir un poco de la verdadera Rep\u00fablica Dominicana.<\/strong><\/p>\n<p style=\"font-weight: 400\">Conduciremos campo a trav\u00e9s hasta alcanzar una impresionante vista de la\u00a0<strong>playa de Macao<\/strong>, donde pararemos para darnos un ba\u00f1o en sus fascinantes aguas azules. Luego\u00a0<strong>visitaremos una t\u00edpica casa dominicana para ver c\u00f3mo es el proceso de producci\u00f3n del cacao y el caf\u00e9<\/strong>. Aceleramos nuevamente hasta llegar a un cenote, donde nos adentraremos en su caverna para explorarla y nadar en su agua cristalina y fresca como si estuvi\u00e9ramos en una piscina natural.<\/p>\n<p style=\"font-weight: 400\">Una excursi\u00f3n con Buggys de pura diversi\u00f3n!<\/p>\n<\/h4>\n<\/div>\n<\/div>\n<div class=\"wpb_text_column wpb_content_element\">\n<div class=\"wpb_wrapper\">\n<p><i class=\"fa fa-check icon-tick icon-tick--on\"><\/i>Paradas en playa Macao.<\/p>\n<p><i class=\"fa fa-check icon-tick icon-tick--on\"><\/i>Parada en Rancho t\u00edpico de caf\u00e9.<\/p>\n<p><i class=\"fa fa-check icon-tick icon-tick--on\"><\/i>Visita a la Cueva Ta\u00edna (Cenote).<\/p>\n<p><i class=\"fa fa-check icon-tick icon-tick--on\"><\/i>Seguro de accidentes incluido.<\/p>\n<p><i class=\"fa fa-check icon-tick icon-tick--on\"><\/i>El seguro de accidentes (Asistencia en Viaje), incluido al contratar vuestro viaje os cubre de accidentes en cualquiera de nuestras excursiones en Punta Cana (con excepci\u00f3n del BUCEO para el que contamos con un seguro aparte).<\/p>\n<\/div>\n<\/div>","protected":false},"featured_media":6028,"template":"","meta":[],"product_brand":[195],"product_cat":[178],"product_tag":[207],"class_list":{"0":"post-6026","1":"product","2":"type-product","3":"status-publish","4":"has-post-thumbnail","6":"product_brand-buggies","7":"product_cat-aventura-safari","8":"product_tag-punta-cana-buggys","10":"first","11":"instock","12":"virtual","13":"sold-individually","14":"purchasable","15":"product-type-booking"},"yoast_head":"<!-- This site is optimized with the Yoast SEO plugin v24.7 - https:\/\/yoast.com\/wordpress\/plugins\/seo\/ -->\n<title>Buggies Macao para 2 - Patrick Vacation<\/title>\n<meta name=\"robots\" content=\"index, follow, max-snippet:-1, max-image-preview:large, max-video-preview:-1\" \/>\n<link rel=\"canonical\" href=\"https:\/\/patrickvacation.com\/fr\/excursiones\/buggies-macao-para-2\/\" \/>\n<meta property=\"og:locale\" content=\"fr_FR\" \/>\n<meta property=\"og:type\" content=\"article\" \/>\n<meta property=\"og:title\" content=\"Buggies Macao para 2 - Patrick Vacation\" \/>\n<meta property=\"og:description\" content=\"La excursi\u00f3n con Buggys a Macao es una de las excursiones m\u00e1s populares de Punta Cana, es esta inolvidable aventura de medio d\u00eda, conduciremos un Buggy a trav\u00e9s de los caminos del interior dominicano.\u00a0Un recorrido de pura diversi\u00f3n, adrenalina, barro y agua, donde tendr\u00e1s la oportunidad de descubrir un poco de la verdadera Rep\u00fablica Dominicana.Conduciremos campo a trav\u00e9s hasta alcanzar una impresionante vista de la\u00a0playa de Macao, donde pararemos para darnos un ba\u00f1o en sus fascinantes aguas azules. Luego\u00a0visitaremos una t\u00edpica casa dominicana para ver c\u00f3mo es el proceso de producci\u00f3n del cacao y el caf\u00e9. Aceleramos nuevamente hasta llegar a un cenote, donde nos adentraremos en su caverna para explorarla y nadar en su agua cristalina y fresca como si estuvi\u00e9ramos en una piscina natural.Una excursi\u00f3n con Buggys de pura diversi\u00f3n!Paradas en playa Macao.Parada en Rancho t\u00edpico de caf\u00e9.Visita a la Cueva Ta\u00edna (Cenote).Seguro de accidentes incluido.El seguro de accidentes (Asistencia en Viaje), incluido al contratar vuestro viaje os cubre de accidentes en cualquiera de nuestras excursiones en Punta Cana (con excepci\u00f3n del BUCEO para el que contamos con un seguro aparte).\" \/>\n<meta property=\"og:url\" content=\"https:\/\/patrickvacation.com\/fr\/excursiones\/buggies-macao-para-2\/\" \/>\n<meta property=\"og:site_name\" content=\"Patrick Vacation\" \/>\n<meta property=\"article:publisher\" content=\"https:\/\/www.facebook.com\/alcequiez.tours.travel\" \/>\n<meta property=\"article:modified_time\" content=\"2025-02-18T19:07:41+00:00\" \/>\n<meta property=\"og:image\" content=\"https:\/\/patrickvacation.com\/wp-content\/uploads\/2023\/04\/Macaobuggie1.jpg\" \/>\n\t<meta property=\"og:image:width\" content=\"600\" \/>\n\t<meta property=\"og:image:height\" content=\"400\" \/>\n\t<meta property=\"og:image:type\" content=\"image\/jpeg\" \/>\n<meta name=\"twitter:card\" content=\"summary_large_image\" \/>\n<meta name=\"twitter:label1\" content=\"Dur\u00e9e de lecture estim\u00e9e\" \/>\n\t<meta name=\"twitter:data1\" content=\"1 minute\" \/>\n<script type=\"application\/ld+json\" class=\"yoast-schema-graph\">{\"@context\":\"https:\/\/schema.org\",\"@graph\":[{\"@type\":\"WebPage\",\"@id\":\"https:\/\/patrickvacation.com\/excursiones\/buggies-macao-para-2\/\",\"url\":\"https:\/\/patrickvacation.com\/excursiones\/buggies-macao-para-2\/\",\"name\":\"Buggies Macao para 2 - Patrick Vacation\",\"isPartOf\":{\"@id\":\"https:\/\/patrickvacation.com\/#website\"},\"primaryImageOfPage\":{\"@id\":\"https:\/\/patrickvacation.com\/excursiones\/buggies-macao-para-2\/#primaryimage\"},\"image\":{\"@id\":\"https:\/\/patrickvacation.com\/excursiones\/buggies-macao-para-2\/#primaryimage\"},\"thumbnailUrl\":\"https:\/\/patrickvacation.com\/wp-content\/uploads\/2023\/04\/Macaobuggie1.jpg\",\"datePublished\":\"2023-04-18T04:37:31+00:00\",\"dateModified\":\"2025-02-18T19:07:41+00:00\",\"breadcrumb\":{\"@id\":\"https:\/\/patrickvacation.com\/excursiones\/buggies-macao-para-2\/#breadcrumb\"},\"inLanguage\":\"fr-FR\",\"potentialAction\":[{\"@type\":\"ReadAction\",\"target\":[\"https:\/\/patrickvacation.com\/excursiones\/buggies-macao-para-2\/\"]}]},{\"@type\":\"ImageObject\",\"inLanguage\":\"fr-FR\",\"@id\":\"https:\/\/patrickvacation.com\/excursiones\/buggies-macao-para-2\/#primaryimage\",\"url\":\"https:\/\/patrickvacation.com\/wp-content\/uploads\/2023\/04\/Macaobuggie1.jpg\",\"contentUrl\":\"https:\/\/patrickvacation.com\/wp-content\/uploads\/2023\/04\/Macaobuggie1.jpg\",\"width\":600,\"height\":400},{\"@type\":\"BreadcrumbList\",\"@id\":\"https:\/\/patrickvacation.com\/excursiones\/buggies-macao-para-2\/#breadcrumb\",\"itemListElement\":[{\"@type\":\"ListItem\",\"position\":1,\"name\":\"Portada\",\"item\":\"https:\/\/patrickvacation.com\/\"},{\"@type\":\"ListItem\",\"position\":2,\"name\":\"Excursiones y Reservas\",\"item\":\"https:\/\/patrickvacation.com\/excursiones\/\"},{\"@type\":\"ListItem\",\"position\":3,\"name\":\"Buggies Macao para 2\"}]},{\"@type\":\"WebSite\",\"@id\":\"https:\/\/patrickvacation.com\/#website\",\"url\":\"https:\/\/patrickvacation.com\/\",\"name\":\"Patrick Vacation\",\"description\":\"\",\"publisher\":{\"@id\":\"https:\/\/patrickvacation.com\/#organization\"},\"potentialAction\":[{\"@type\":\"SearchAction\",\"target\":{\"@type\":\"EntryPoint\",\"urlTemplate\":\"https:\/\/patrickvacation.com\/?s={search_term_string}\"},\"query-input\":{\"@type\":\"PropertyValueSpecification\",\"valueRequired\":true,\"valueName\":\"search_term_string\"}}],\"inLanguage\":\"fr-FR\"},{\"@type\":\"Organization\",\"@id\":\"https:\/\/patrickvacation.com\/#organization\",\"name\":\"Alcequiez Tours and Travel\",\"url\":\"https:\/\/patrickvacation.com\/\",\"logo\":{\"@type\":\"ImageObject\",\"inLanguage\":\"fr-FR\",\"@id\":\"https:\/\/patrickvacation.com\/#\/schema\/logo\/image\/\",\"url\":\"https:\/\/patrickvacation.com\/wp-content\/uploads\/2023\/03\/Logo-Alcequiez.png\",\"contentUrl\":\"https:\/\/patrickvacation.com\/wp-content\/uploads\/2023\/03\/Logo-Alcequiez.png\",\"width\":1080,\"height\":560,\"caption\":\"Alcequiez Tours and Travel\"},\"image\":{\"@id\":\"https:\/\/patrickvacation.com\/#\/schema\/logo\/image\/\"},\"sameAs\":[\"https:\/\/www.facebook.com\/alcequiez.tours.travel\",\"https:\/\/www.instagram.com\/alcequieztour\/\"]}]}<\/script>\n<!-- \/ Yoast SEO plugin. -->","yoast_head_json":{"title":"Buggies Macao para 2 - Patrick Vacation","robots":{"index":"index","follow":"follow","max-snippet":"max-snippet:-1","max-image-preview":"max-image-preview:large","max-video-preview":"max-video-preview:-1"},"canonical":"https:\/\/patrickvacation.com\/fr\/excursiones\/buggies-macao-para-2\/","og_locale":"fr_FR","og_type":"article","og_title":"Buggies Macao para 2 - Patrick Vacation","og_description":"La excursi\u00f3n con Buggys a Macao es una de las excursiones m\u00e1s populares de Punta Cana, es esta inolvidable aventura de medio d\u00eda, conduciremos un Buggy a trav\u00e9s de los caminos del interior dominicano.\u00a0Un recorrido de pura diversi\u00f3n, adrenalina, barro y agua, donde tendr\u00e1s la oportunidad de descubrir un poco de la verdadera Rep\u00fablica Dominicana.Conduciremos campo a trav\u00e9s hasta alcanzar una impresionante vista de la\u00a0playa de Macao, donde pararemos para darnos un ba\u00f1o en sus fascinantes aguas azules. Luego\u00a0visitaremos una t\u00edpica casa dominicana para ver c\u00f3mo es el proceso de producci\u00f3n del cacao y el caf\u00e9. Aceleramos nuevamente hasta llegar a un cenote, donde nos adentraremos en su caverna para explorarla y nadar en su agua cristalina y fresca como si estuvi\u00e9ramos en una piscina natural.Una excursi\u00f3n con Buggys de pura diversi\u00f3n!Paradas en playa Macao.Parada en Rancho t\u00edpico de caf\u00e9.Visita a la Cueva Ta\u00edna (Cenote).Seguro de accidentes incluido.El seguro de accidentes (Asistencia en Viaje), incluido al contratar vuestro viaje os cubre de accidentes en cualquiera de nuestras excursiones en Punta Cana (con excepci\u00f3n del BUCEO para el que contamos con un seguro aparte).","og_url":"https:\/\/patrickvacation.com\/fr\/excursiones\/buggies-macao-para-2\/","og_site_name":"Patrick Vacation","article_publisher":"https:\/\/www.facebook.com\/alcequiez.tours.travel","article_modified_time":"2025-02-18T19:07:41+00:00","og_image":[{"width":600,"height":400,"url":"https:\/\/patrickvacation.com\/wp-content\/uploads\/2023\/04\/Macaobuggie1.jpg","type":"image\/jpeg"}],"twitter_card":"summary_large_image","twitter_misc":{"Dur\u00e9e de lecture estim\u00e9e":"1 minute"},"schema":{"@context":"https:\/\/schema.org","@graph":[{"@type":"WebPage","@id":"https:\/\/patrickvacation.com\/excursiones\/buggies-macao-para-2\/","url":"https:\/\/patrickvacation.com\/excursiones\/buggies-macao-para-2\/","name":"Buggies Macao para 2 - Patrick Vacation","isPartOf":{"@id":"https:\/\/patrickvacation.com\/#website"},"primaryImageOfPage":{"@id":"https:\/\/patrickvacation.com\/excursiones\/buggies-macao-para-2\/#primaryimage"},"image":{"@id":"https:\/\/patrickvacation.com\/excursiones\/buggies-macao-para-2\/#primaryimage"},"thumbnailUrl":"https:\/\/patrickvacation.com\/wp-content\/uploads\/2023\/04\/Macaobuggie1.jpg","datePublished":"2023-04-18T04:37:31+00:00","dateModified":"2025-02-18T19:07:41+00:00","breadcrumb":{"@id":"https:\/\/patrickvacation.com\/excursiones\/buggies-macao-para-2\/#breadcrumb"},"inLanguage":"fr-FR","potentialAction":[{"@type":"ReadAction","target":["https:\/\/patrickvacation.com\/excursiones\/buggies-macao-para-2\/"]}]},{"@type":"ImageObject","inLanguage":"fr-FR","@id":"https:\/\/patrickvacation.com\/excursiones\/buggies-macao-para-2\/#primaryimage","url":"https:\/\/patrickvacation.com\/wp-content\/uploads\/2023\/04\/Macaobuggie1.jpg","contentUrl":"https:\/\/patrickvacation.com\/wp-content\/uploads\/2023\/04\/Macaobuggie1.jpg","width":600,"height":400},{"@type":"BreadcrumbList","@id":"https:\/\/patrickvacation.com\/excursiones\/buggies-macao-para-2\/#breadcrumb","itemListElement":[{"@type":"ListItem","position":1,"name":"Portada","item":"https:\/\/patrickvacation.com\/"},{"@type":"ListItem","position":2,"name":"Excursiones y Reservas","item":"https:\/\/patrickvacation.com\/excursiones\/"},{"@type":"ListItem","position":3,"name":"Buggies Macao para 2"}]},{"@type":"WebSite","@id":"https:\/\/patrickvacation.com\/#website","url":"https:\/\/patrickvacation.com\/","name":"Patrick Vacation","description":"","publisher":{"@id":"https:\/\/patrickvacation.com\/#organization"},"potentialAction":[{"@type":"SearchAction","target":{"@type":"EntryPoint","urlTemplate":"https:\/\/patrickvacation.com\/?s={search_term_string}"},"query-input":{"@type":"PropertyValueSpecification","valueRequired":true,"valueName":"search_term_string"}}],"inLanguage":"fr-FR"},{"@type":"Organization","@id":"https:\/\/patrickvacation.com\/#organization","name":"Alcequiez Tours and Travel","url":"https:\/\/patrickvacation.com\/","logo":{"@type":"ImageObject","inLanguage":"fr-FR","@id":"https:\/\/patrickvacation.com\/#\/schema\/logo\/image\/","url":"https:\/\/patrickvacation.com\/wp-content\/uploads\/2023\/03\/Logo-Alcequiez.png","contentUrl":"https:\/\/patrickvacation.com\/wp-content\/uploads\/2023\/03\/Logo-Alcequiez.png","width":1080,"height":560,"caption":"Alcequiez Tours and Travel"},"image":{"@id":"https:\/\/patrickvacation.com\/#\/schema\/logo\/image\/"},"sameAs":["https:\/\/www.facebook.com\/alcequiez.tours.travel","https:\/\/www.instagram.com\/alcequieztour\/"]}]}},"_links":{"self":[{"href":"https:\/\/patrickvacation.com\/fr\/wp-json\/wp\/v2\/product\/6026","targetHints":{"allow":["GET"]}}],"collection":[{"href":"https:\/\/patrickvacation.com\/fr\/wp-json\/wp\/v2\/product"}],"about":[{"href":"https:\/\/patrickvacation.com\/fr\/wp-json\/wp\/v2\/types\/product"}],"version-history":[{"count":0,"href":"https:\/\/patrickvacation.com\/fr\/wp-json\/wp\/v2\/product\/6026\/revisions"}],"wp:featuredmedia":[{"embeddable":true,"href":"https:\/\/patrickvacation.com\/fr\/wp-json\/wp\/v2\/media\/6028"}],"wp:attachment":[{"href":"https:\/\/patrickvacation.com\/fr\/wp-json\/wp\/v2\/media?parent=6026"}],"wp:term":[{"taxonomy":"product_brand","embeddable":true,"href":"https:\/\/patrickvacation.com\/fr\/wp-json\/wp\/v2\/product_brand?post=6026"},{"taxonomy":"product_cat","embeddable":true,"href":"https:\/\/patrickvacation.com\/fr\/wp-json\/wp\/v2\/product_cat?post=6026"},{"taxonomy":"product_tag","embeddable":true,"href":"https:\/\/patrickvacation.com\/fr\/wp-json\/wp\/v2\/product_tag?post=6026"}],"curies":[{"name":"wp","href":"https:\/\/api.w.org\/{rel}","templated":true}]}}