{"id":6262,"date":"2023-05-31T17:12:09","date_gmt":"2023-05-31T17:12:09","guid":{"rendered":"https:\/\/patrickvacation.com\/?post_type=product&#038;p=6262"},"modified":"2025-03-11T20:58:58","modified_gmt":"2025-03-11T20:58:58","slug":"isla-saona-excursion","status":"publish","type":"product","link":"https:\/\/patrickvacation.com\/fr\/excursiones\/isla-saona-excursion\/","title":{"rendered":"L&#039;\u00cele De Saona Excursion"},"content":{"rendered":"<h2 id=\"headline-47-122\" class=\"ct-headline\" style=\"margin: 0px;font-family: Quicksand;font-size: 35px\">Itinerario de la excursi\u00f3n de Isla Saona<\/h2>\n<h1 class=\"product_title entry-title\">\n<div id=\"_rich_text-90-122\" class=\"oxy-rich-text\">\n<ul>\n<li><span style=\"font-weight: bolder\">07:00<\/span>\u00a0&#8211; Recogida desde su hotel hasta el punto de encuentro.<\/li>\n<li><span style=\"font-weight: bolder\">08:30<\/span>\u00a0&#8211; Salida en autob\u00fas desde nuestro punto de inicio hacia Bayahibe.<\/li>\n<li><span style=\"font-weight: bolder\">10:30<\/span>\u00a0&#8211; Llegaremos a Bayahibe, muy cerca de La Romana, punto desde el que sale el catamar\u00e1n hacia Isla Saona.<\/li>\n<li><span style=\"font-weight: bolder\">10:45<\/span>\u00a0&#8211; Embarcamos en el catamar\u00e1n donde podr\u00e1s degustar bebidas locales y disfrutar del\u00a0<span style=\"font-weight: bolder\">grupo de animaci\u00f3n<\/span>\u00a0del barco al ritmo de la m\u00fasica dominicana.<\/li>\n<li><span style=\"font-weight: bolder\">11:45<\/span>\u00a0&#8211; Llegamos a Isla Saona. Empieza el motivo de nuestra excursi\u00f3n y desde que pises tierra firme puedes empezar a disfrutar del paisaje \u00fanico de playas y selva mientras preparamos el almuerzo.<\/li>\n<li><span style=\"font-weight: bolder\">13:00<\/span>\u00a0&#8211;\u00a0<span style=\"font-weight: bolder\">Buffet libre<\/span>, donde degustar\u00e1s los mejores platos de la cocina\u00a0<em>criolla dominicana.<\/em><\/li>\n<li><span style=\"font-weight: bolder\">14:30<\/span>\u00a0\u2013 Nuestro equipo de entretenimiento\u00a0<span style=\"font-weight: bolder\">te ense\u00f1ara a bailar<\/span>\u00a0canciones t\u00edpicas de la Rep\u00fablica Dominicana.<\/li>\n<li><span style=\"font-weight: bolder\">15:30\u00a0<\/span>&#8211; Volvemos en lancha hacia Bayahibe, haciendo una pausa en la\u00a0<span style=\"font-weight: bolder\">piscina natural\u00a0<\/span>para ver las estrellas de mar.<\/li>\n<li><span style=\"font-weight: bolder\">17:00 &#8211;<\/span>\u00a0Transporte de vuelta a tu hotel para descansar despu\u00e9s de un d\u00eda maravilloso.<\/li>\n<li><span style=\"font-weight: bolder\">18:00 &#8211;<\/span>\u00a0Fin de la excursi\u00f3n.<\/li>\n<\/ul>\n<p><em>* Los horarios indicados anteriormente son aproximados.<\/em><\/p>\n<p style=\"margin-block-end: 0px\">En este mapa puedes ver los puntos que visitaremos en nuestra excursi\u00f3n a Isla Saona<\/p>\n<\/div>\n<\/h1>\n<h2 id=\"headline-148-122\" class=\"ct-headline\" style=\"margin: 0px;font-family: Quicksand;font-size: 35px;font-weight: 700\">\u00bfQu\u00e9 viene incluido en el tour de Isla Saona?<\/h2>\n<h1 class=\"product_title entry-title\">\n<div class=\"oxy-rich-text\">\n<section id=\"section-147-122\" class=\"ct-section nitro-offscreen\" style=\"width: 1256.67px;background-size: cover;background-repeat: repeat\">\n<div class=\"ct-section-inner-wrap\" style=\"margin-left: auto;margin-right: auto;height: 392.75px;min-height: inherit;max-width: 1120px;padding: 23px 20px 31px;flex-direction: column;align-items: flex-start\">\n<div id=\"_rich_text-187-122\" class=\"oxy-rich-text\" style=\"margin-top: 15px;margin-bottom: 15px;width: 1080px\">\n<p style=\"margin-block-start: 0px\">Tras salir temprano del hotel, te esperan 8 horas de pura diversi\u00f3n y actividades en nuestra visita a Isla Saona.<\/p>\n<p>La excursi\u00f3n a Isla Saona incluyen los siguientes servicios:<\/p>\n<ul>\n<li><span style=\"font-weight: bolder\">Traslado desde el hotel<\/span>\u00a0hasta la peque\u00f1a localidad de Bayahibe.<\/li>\n<li>Salida en\u00a0<span style=\"font-weight: bolder\">catamar\u00e1n desde Bayahibe a Isla Saona<\/span>, con bebida local y grupo de animaci\u00f3n y ocio.<\/li>\n<li><span style=\"font-weight: bolder\">Almuerzo<\/span>\u00a0con comida t\u00edpica dominicana.<\/li>\n<li><span style=\"font-weight: bolder\">Vuelta en lancha r\u00e1pida<\/span>\u00a0hasta Bayahibe y posteriormente hasta el hotel.<\/li>\n<\/ul>\n<p style=\"margin-block-end: 0px\">Si quieres una experiencia m\u00e1s completa, puedes disfrutar de nuestro tour a\u00a0<a href=\"https:\/\/jackcana.tours\/saona-vip\/\" style=\"background-color: transparent\">isla Saona con Mano Juan<\/a>, con\u00a0<span style=\"font-weight: bolder\">todo incluido<\/span>\u00a0y una mayor estancia en la isla.<\/p>\n<\/div>\n<\/div>\n<\/section>\n<\/div>\n<\/h1>\n<h2 id=\"headline-78-122\" class=\"ct-headline\" style=\"margin: 0px;font-family: Quicksand;font-size: 35px\">Recomendaciones para ir a Isla Saona con nuestra excursi\u00f3n<\/h2>\n<h1 class=\"product_title entry-title\">\n<div class=\"oxy-rich-text\">\n<section id=\"section-77-122\" class=\"ct-section nitro-offscreen\" style=\"width: 1256.67px;background-size: cover;background-repeat: repeat\">\n<div class=\"ct-section-inner-wrap\" style=\"margin-left: auto;margin-right: auto;height: 384.354px;min-height: inherit;max-width: 1120px;padding: 23px 20px 31px;flex-direction: column;align-items: flex-start\">\n<div id=\"_rich_text-123-122\" class=\"oxy-rich-text\" style=\"margin-top: 20px;width: 1080px\">\n<p style=\"margin-block-start: 0px\">En nuestra visita a la hermosa Isla Saona nos encargaremos de todo para que vayas lo m\u00e1s c\u00f3modo\/a posible, pero aun as\u00ed te recomendamos\u00a0<span style=\"font-weight: bolder\">llevar algunas cosas imprescindibles<\/span>\u00a0para el clima caluroso y soleado de Isla Saona:<\/p>\n<ul>\n<li>Un buen\u00a0<span style=\"font-weight: bolder\">protector solar<\/span>.<\/li>\n<li>Una\u00a0<span style=\"font-weight: bolder\">toalla de playa<\/span>.<\/li>\n<li><span style=\"font-weight: bolder\">Gafas de sol<\/span>.<\/li>\n<li><span style=\"font-weight: bolder\">Dinero<\/span>\u00a0en efectivo por si quieres comprar souvenirs.<\/li>\n<\/ul>\n<\/div>\n<\/div>\n<\/section>\n<\/div>\n<\/h1>","protected":false},"excerpt":{"rendered":"<h2 id=\"headline-26-122\" class=\"ct-headline\" style=\"margin: 7px 0px 0px;font-family: Quicksand;font-size: 35px;font-weight: 700\">Isla Saona Tour<\/h2>\n<h1 class=\"product_title entry-title\">\n<div id=\"div_block-25-122\" class=\"ct-div-block\">\n<div id=\"_rich_text-171-122\" class=\"oxy-rich-text\" style=\"width: 609.594px;margin-top: 15px\">\n<p style=\"margin-block-start: 0px\">En el extremo Sureste de la Rep\u00fablica Dominicana encontramos uno de esos para\u00edsos en la tierra que solo se pueden visitar una vez en la vida:\u00a0<span style=\"font-weight: bolder\">Isla Saona<\/span>.<\/p>\n<p>Como parte del Parque Nacional del Este es una zona con una naturaleza incomparable, en la que puedes disfrutar de\u00a0<span style=\"font-weight: bolder\">manglares<\/span>,\u00a0<span style=\"font-weight: bolder\">arrecife de coral<\/span>\u00a0et\u00a0<span style=\"font-weight: bolder\">playas<\/span>\u00a0como la Palmilla, con incre\u00edble arena amarilla y rodeada de palmeras de la especia\u00a0<em>aracaceae<\/em>. Podr\u00e1s disfrutar de las fant\u00e1sticas\u00a0<span style=\"font-weight: bolder\">estrellas de mar<\/span>, ya que est\u00e1n por todas partes y son las aut\u00e9nticas reinas del lugar. Isla Saona es el punto de inflexi\u00f3n para muchos visitantes de Punta Cana y estamos seguros de que si la visitas, \u00a1puede ser uno de los mejores momentos de tus vacaciones!<\/p>\n<p style=\"margin-block-end: 0px\">Es la excursi\u00f3n perfecta que hacer entre adultos, con ni\u00f1os, amigos o pareja. Una vez en la isla podr\u00e1s caminar por una piscina natural dentro del mar Caribe, ya que el agua en Isla Saona no tiene nada de oleaje y solo cubre hasta las rodillas. Adem\u00e1s, podr\u00e1s disfrutar comiendo junto a tal para\u00edso, tomarte alg\u00fan mojito e, incluso, \u00a1bailar con nuestro equipo de entretenimiento!<\/p>\n<\/div>\n<\/div>\n<\/h1>\n<h2 id=\"headline-307-122\" class=\"ct-headline\" style=\"margin: 7px 0px 0px;font-family: Quicksand;font-size: 35px\">\u00bfPor qu\u00e9 no te puedes perder esta excursi\u00f3n?<\/h2>\n<h1 class=\"product_title entry-title\">\n<div id=\"div_block-306-122\" class=\"ct-div-block\">\n<div id=\"_rich_text-308-122\" class=\"oxy-rich-text\" style=\"width: 609.594px;margin-top: 15px\">\n<p style=\"margin-block-start: 0px\">No conocemos a nadie que se haya arrepentido nunca de visitar la bella Isla Saona desde Punta Cana. Y es que estamos ante una de las\u00a0<span style=\"font-weight: bolder\">reservas ecol\u00f3gicas<\/span>\u00a0m\u00e1s importantes de toda la Rep\u00fablica Dominicana.<\/p>\n<p style=\"margin-block-end: 0px\">La experiencia de navegar por el Caribe hasta la isla es otro de los motivos por los que no puedes perderte esta excursi\u00f3n de ensue\u00f1o. La franja de mar de 20 kil\u00f3metros que une Bayahibe con Saona recorre lo largo del\u00a0<span style=\"font-weight: bolder\">Parque Nacional de Cotubanam\u00e1<\/span>, al que tambi\u00e9n pertenece la isla.<\/p>\n<\/div>\n<\/div>\n<\/h1>\n<h3 id=\"headline-311-122\" class=\"ct-headline\" style=\"margin: 7px 0px 0px;font-family: Quicksand;font-size: 30px\">Flora y fauna a tu alcance en 110 km2<\/h3>\n<h1 class=\"product_title entry-title\">\n<div id=\"div_block-310-122\" class=\"ct-div-block\">\n<div id=\"_rich_text-312-122\" class=\"oxy-rich-text\" style=\"width: 609.594px;margin-top: 15px\">\n<p style=\"margin-block-start: 0px\">En isla Saona encontrar\u00e1s algunas de las especies vegetales end\u00e9micas de la Rep\u00fablica Dominicana. En total, son\u00a0<span style=\"font-weight: bolder\">4 ecosistemas<\/span>\u00a0los que podemos apreciar dentro de la isla:\u00a0<span style=\"font-weight: bolder\">matorrales, bosques semi-h\u00famedos, bosques salados y, como no, manglares<\/span>.<\/p>\n<p>Y es que la playa est\u00e1 a escasos metros de la selva, en la que te podr\u00e1s adentrar para sentirte alejado del resto del planeta y apreciar la verdadera sensaci\u00f3n de bienestar.<\/p>\n<p style=\"margin-block-end: 0px\">Adem\u00e1s, en la costa merece la pena intentar divisar a animales como la\u00a0<em>iguana rinoceronte<\/em>\u00a0o el\u00a0<em>murci\u00e9lago pescador<\/em>.<\/p>\n<\/div>\n<\/div>\n<\/h1>","protected":false},"featured_media":6263,"template":"","meta":[],"product_brand":[197],"product_cat":[178,182,179],"product_tag":[358,360,359,196],"class_list":{"0":"post-6262","1":"product","2":"type-product","3":"status-publish","4":"has-post-thumbnail","6":"product_brand-buceo","7":"product_cat-aventura-safari","8":"product_cat-ecoaventura-senderismo","9":"product_cat-parques-experiencias","10":"product_tag-bayahibe","11":"product_tag-catamaran","12":"product_tag-isla-saona","13":"product_tag-punta-cana","15":"first","16":"instock","17":"virtual","18":"sold-individually","19":"purchasable","20":"product-type-booking"},"yoast_head":"<!-- This site is optimized with the Yoast SEO plugin v24.7 - https:\/\/yoast.com\/wordpress\/plugins\/seo\/ -->\n<title>Isla Saona Excursi\u00f3n - Patrick Vacation<\/title>\n<meta name=\"description\" content=\"En este\u00a0tour por las playas de Isla Saona\u00a0desde Punta Cana\u00a0haremos una escapada al\u00a0aut\u00e9ntico para\u00edso dominicano. \u00a1Os aseguramos que os vais a enamorar de este lugar de ensue\u00f1o!\" \/>\n<meta name=\"robots\" content=\"index, follow, max-snippet:-1, max-image-preview:large, max-video-preview:-1\" \/>\n<link rel=\"canonical\" href=\"https:\/\/patrickvacation.com\/fr\/excursiones\/isla-saona-excursion\/\" \/>\n<meta property=\"og:locale\" content=\"fr_FR\" \/>\n<meta property=\"og:type\" content=\"article\" \/>\n<meta property=\"og:title\" content=\"Isla Saona Excursi\u00f3n - Patrick Vacation\" \/>\n<meta property=\"og:description\" content=\"En este\u00a0tour por las playas de Isla Saona\u00a0desde Punta Cana\u00a0haremos una escapada al\u00a0aut\u00e9ntico para\u00edso dominicano. \u00a1Os aseguramos que os vais a enamorar de este lugar de ensue\u00f1o!\" \/>\n<meta property=\"og:url\" content=\"https:\/\/patrickvacation.com\/fr\/excursiones\/isla-saona-excursion\/\" \/>\n<meta property=\"og:site_name\" content=\"Patrick Vacation\" \/>\n<meta property=\"article:publisher\" content=\"https:\/\/www.facebook.com\/alcequiez.tours.travel\" \/>\n<meta property=\"article:modified_time\" content=\"2025-03-11T20:58:58+00:00\" \/>\n<meta property=\"og:image\" content=\"https:\/\/patrickvacation.com\/wp-content\/uploads\/2023\/05\/b2b5e8_181c48188979496c9c621942d7bd31fdmv2.jpg\" \/>\n\t<meta property=\"og:image:width\" content=\"1936\" \/>\n\t<meta property=\"og:image:height\" content=\"1296\" \/>\n\t<meta property=\"og:image:type\" content=\"image\/jpeg\" \/>\n<meta name=\"twitter:card\" content=\"summary_large_image\" \/>\n<meta name=\"twitter:label1\" content=\"Dur\u00e9e de lecture estim\u00e9e\" \/>\n\t<meta name=\"twitter:data1\" content=\"1 minute\" \/>\n<script type=\"application\/ld+json\" class=\"yoast-schema-graph\">{\"@context\":\"https:\/\/schema.org\",\"@graph\":[{\"@type\":\"WebPage\",\"@id\":\"https:\/\/patrickvacation.com\/excursiones\/isla-saona-excursion\/\",\"url\":\"https:\/\/patrickvacation.com\/excursiones\/isla-saona-excursion\/\",\"name\":\"Isla Saona Excursi\u00f3n - Patrick Vacation\",\"isPartOf\":{\"@id\":\"https:\/\/patrickvacation.com\/#website\"},\"primaryImageOfPage\":{\"@id\":\"https:\/\/patrickvacation.com\/excursiones\/isla-saona-excursion\/#primaryimage\"},\"image\":{\"@id\":\"https:\/\/patrickvacation.com\/excursiones\/isla-saona-excursion\/#primaryimage\"},\"thumbnailUrl\":\"https:\/\/patrickvacation.com\/wp-content\/uploads\/2023\/05\/b2b5e8_181c48188979496c9c621942d7bd31fdmv2.jpg\",\"datePublished\":\"2023-05-31T17:12:09+00:00\",\"dateModified\":\"2025-03-11T20:58:58+00:00\",\"description\":\"En este\u00a0tour por las playas de Isla Saona\u00a0desde Punta Cana\u00a0haremos una escapada al\u00a0aut\u00e9ntico para\u00edso dominicano. \u00a1Os aseguramos que os vais a enamorar de este lugar de ensue\u00f1o!\",\"breadcrumb\":{\"@id\":\"https:\/\/patrickvacation.com\/excursiones\/isla-saona-excursion\/#breadcrumb\"},\"inLanguage\":\"fr-FR\",\"potentialAction\":[{\"@type\":\"ReadAction\",\"target\":[\"https:\/\/patrickvacation.com\/excursiones\/isla-saona-excursion\/\"]}]},{\"@type\":\"ImageObject\",\"inLanguage\":\"fr-FR\",\"@id\":\"https:\/\/patrickvacation.com\/excursiones\/isla-saona-excursion\/#primaryimage\",\"url\":\"https:\/\/patrickvacation.com\/wp-content\/uploads\/2023\/05\/b2b5e8_181c48188979496c9c621942d7bd31fdmv2.jpg\",\"contentUrl\":\"https:\/\/patrickvacation.com\/wp-content\/uploads\/2023\/05\/b2b5e8_181c48188979496c9c621942d7bd31fdmv2.jpg\",\"width\":1936,\"height\":1296},{\"@type\":\"BreadcrumbList\",\"@id\":\"https:\/\/patrickvacation.com\/excursiones\/isla-saona-excursion\/#breadcrumb\",\"itemListElement\":[{\"@type\":\"ListItem\",\"position\":1,\"name\":\"Portada\",\"item\":\"https:\/\/patrickvacation.com\/\"},{\"@type\":\"ListItem\",\"position\":2,\"name\":\"Excursiones y Reservas\",\"item\":\"https:\/\/patrickvacation.com\/excursiones\/\"},{\"@type\":\"ListItem\",\"position\":3,\"name\":\"Isla Saona Excursi\u00f3n\"}]},{\"@type\":\"WebSite\",\"@id\":\"https:\/\/patrickvacation.com\/#website\",\"url\":\"https:\/\/patrickvacation.com\/\",\"name\":\"Patrick Vacation\",\"description\":\"\",\"publisher\":{\"@id\":\"https:\/\/patrickvacation.com\/#organization\"},\"potentialAction\":[{\"@type\":\"SearchAction\",\"target\":{\"@type\":\"EntryPoint\",\"urlTemplate\":\"https:\/\/patrickvacation.com\/?s={search_term_string}\"},\"query-input\":{\"@type\":\"PropertyValueSpecification\",\"valueRequired\":true,\"valueName\":\"search_term_string\"}}],\"inLanguage\":\"fr-FR\"},{\"@type\":\"Organization\",\"@id\":\"https:\/\/patrickvacation.com\/#organization\",\"name\":\"Alcequiez Tours and Travel\",\"url\":\"https:\/\/patrickvacation.com\/\",\"logo\":{\"@type\":\"ImageObject\",\"inLanguage\":\"fr-FR\",\"@id\":\"https:\/\/patrickvacation.com\/#\/schema\/logo\/image\/\",\"url\":\"https:\/\/patrickvacation.com\/wp-content\/uploads\/2023\/03\/Logo-Alcequiez.png\",\"contentUrl\":\"https:\/\/patrickvacation.com\/wp-content\/uploads\/2023\/03\/Logo-Alcequiez.png\",\"width\":1080,\"height\":560,\"caption\":\"Alcequiez Tours and Travel\"},\"image\":{\"@id\":\"https:\/\/patrickvacation.com\/#\/schema\/logo\/image\/\"},\"sameAs\":[\"https:\/\/www.facebook.com\/alcequiez.tours.travel\",\"https:\/\/www.instagram.com\/alcequieztour\/\"]}]}<\/script>\n<!-- \/ Yoast SEO plugin. -->","yoast_head_json":{"title":"Isla Saona Excursi\u00f3n - Patrick Vacation","description":"En este\u00a0tour por las playas de Isla Saona\u00a0desde Punta Cana\u00a0haremos una escapada al\u00a0aut\u00e9ntico para\u00edso dominicano. \u00a1Os aseguramos que os vais a enamorar de este lugar de ensue\u00f1o!","robots":{"index":"index","follow":"follow","max-snippet":"max-snippet:-1","max-image-preview":"max-image-preview:large","max-video-preview":"max-video-preview:-1"},"canonical":"https:\/\/patrickvacation.com\/fr\/excursiones\/isla-saona-excursion\/","og_locale":"fr_FR","og_type":"article","og_title":"Isla Saona Excursi\u00f3n - Patrick Vacation","og_description":"En este\u00a0tour por las playas de Isla Saona\u00a0desde Punta Cana\u00a0haremos una escapada al\u00a0aut\u00e9ntico para\u00edso dominicano. \u00a1Os aseguramos que os vais a enamorar de este lugar de ensue\u00f1o!","og_url":"https:\/\/patrickvacation.com\/fr\/excursiones\/isla-saona-excursion\/","og_site_name":"Patrick Vacation","article_publisher":"https:\/\/www.facebook.com\/alcequiez.tours.travel","article_modified_time":"2025-03-11T20:58:58+00:00","og_image":[{"width":1936,"height":1296,"url":"https:\/\/patrickvacation.com\/wp-content\/uploads\/2023\/05\/b2b5e8_181c48188979496c9c621942d7bd31fdmv2.jpg","type":"image\/jpeg"}],"twitter_card":"summary_large_image","twitter_misc":{"Dur\u00e9e de lecture estim\u00e9e":"1 minute"},"schema":{"@context":"https:\/\/schema.org","@graph":[{"@type":"WebPage","@id":"https:\/\/patrickvacation.com\/excursiones\/isla-saona-excursion\/","url":"https:\/\/patrickvacation.com\/excursiones\/isla-saona-excursion\/","name":"Isla Saona Excursi\u00f3n - Patrick Vacation","isPartOf":{"@id":"https:\/\/patrickvacation.com\/#website"},"primaryImageOfPage":{"@id":"https:\/\/patrickvacation.com\/excursiones\/isla-saona-excursion\/#primaryimage"},"image":{"@id":"https:\/\/patrickvacation.com\/excursiones\/isla-saona-excursion\/#primaryimage"},"thumbnailUrl":"https:\/\/patrickvacation.com\/wp-content\/uploads\/2023\/05\/b2b5e8_181c48188979496c9c621942d7bd31fdmv2.jpg","datePublished":"2023-05-31T17:12:09+00:00","dateModified":"2025-03-11T20:58:58+00:00","description":"En este\u00a0tour por las playas de Isla Saona\u00a0desde Punta Cana\u00a0haremos una escapada al\u00a0aut\u00e9ntico para\u00edso dominicano. \u00a1Os aseguramos que os vais a enamorar de este lugar de ensue\u00f1o!","breadcrumb":{"@id":"https:\/\/patrickvacation.com\/excursiones\/isla-saona-excursion\/#breadcrumb"},"inLanguage":"fr-FR","potentialAction":[{"@type":"ReadAction","target":["https:\/\/patrickvacation.com\/excursiones\/isla-saona-excursion\/"]}]},{"@type":"ImageObject","inLanguage":"fr-FR","@id":"https:\/\/patrickvacation.com\/excursiones\/isla-saona-excursion\/#primaryimage","url":"https:\/\/patrickvacation.com\/wp-content\/uploads\/2023\/05\/b2b5e8_181c48188979496c9c621942d7bd31fdmv2.jpg","contentUrl":"https:\/\/patrickvacation.com\/wp-content\/uploads\/2023\/05\/b2b5e8_181c48188979496c9c621942d7bd31fdmv2.jpg","width":1936,"height":1296},{"@type":"BreadcrumbList","@id":"https:\/\/patrickvacation.com\/excursiones\/isla-saona-excursion\/#breadcrumb","itemListElement":[{"@type":"ListItem","position":1,"name":"Portada","item":"https:\/\/patrickvacation.com\/"},{"@type":"ListItem","position":2,"name":"Excursiones y Reservas","item":"https:\/\/patrickvacation.com\/excursiones\/"},{"@type":"ListItem","position":3,"name":"Isla Saona Excursi\u00f3n"}]},{"@type":"WebSite","@id":"https:\/\/patrickvacation.com\/#website","url":"https:\/\/patrickvacation.com\/","name":"Patrick Vacation","description":"","publisher":{"@id":"https:\/\/patrickvacation.com\/#organization"},"potentialAction":[{"@type":"SearchAction","target":{"@type":"EntryPoint","urlTemplate":"https:\/\/patrickvacation.com\/?s={search_term_string}"},"query-input":{"@type":"PropertyValueSpecification","valueRequired":true,"valueName":"search_term_string"}}],"inLanguage":"fr-FR"},{"@type":"Organization","@id":"https:\/\/patrickvacation.com\/#organization","name":"Alcequiez Tours and Travel","url":"https:\/\/patrickvacation.com\/","logo":{"@type":"ImageObject","inLanguage":"fr-FR","@id":"https:\/\/patrickvacation.com\/#\/schema\/logo\/image\/","url":"https:\/\/patrickvacation.com\/wp-content\/uploads\/2023\/03\/Logo-Alcequiez.png","contentUrl":"https:\/\/patrickvacation.com\/wp-content\/uploads\/2023\/03\/Logo-Alcequiez.png","width":1080,"height":560,"caption":"Alcequiez Tours and Travel"},"image":{"@id":"https:\/\/patrickvacation.com\/#\/schema\/logo\/image\/"},"sameAs":["https:\/\/www.facebook.com\/alcequiez.tours.travel","https:\/\/www.instagram.com\/alcequieztour\/"]}]}},"_links":{"self":[{"href":"https:\/\/patrickvacation.com\/fr\/wp-json\/wp\/v2\/product\/6262","targetHints":{"allow":["GET"]}}],"collection":[{"href":"https:\/\/patrickvacation.com\/fr\/wp-json\/wp\/v2\/product"}],"about":[{"href":"https:\/\/patrickvacation.com\/fr\/wp-json\/wp\/v2\/types\/product"}],"version-history":[{"count":2,"href":"https:\/\/patrickvacation.com\/fr\/wp-json\/wp\/v2\/product\/6262\/revisions"}],"predecessor-version":[{"id":15709,"href":"https:\/\/patrickvacation.com\/fr\/wp-json\/wp\/v2\/product\/6262\/revisions\/15709"}],"wp:featuredmedia":[{"embeddable":true,"href":"https:\/\/patrickvacation.com\/fr\/wp-json\/wp\/v2\/media\/6263"}],"wp:attachment":[{"href":"https:\/\/patrickvacation.com\/fr\/wp-json\/wp\/v2\/media?parent=6262"}],"wp:term":[{"taxonomy":"product_brand","embeddable":true,"href":"https:\/\/patrickvacation.com\/fr\/wp-json\/wp\/v2\/product_brand?post=6262"},{"taxonomy":"product_cat","embeddable":true,"href":"https:\/\/patrickvacation.com\/fr\/wp-json\/wp\/v2\/product_cat?post=6262"},{"taxonomy":"product_tag","embeddable":true,"href":"https:\/\/patrickvacation.com\/fr\/wp-json\/wp\/v2\/product_tag?post=6262"}],"curies":[{"name":"wp","href":"https:\/\/api.w.org\/{rel}","templated":true}]}}