{"id":6294,"date":"2023-06-01T20:35:08","date_gmt":"2023-06-01T20:35:08","guid":{"rendered":"https:\/\/patrickvacation.com\/?post_type=product&#038;p=6294"},"modified":"2025-02-14T20:22:31","modified_gmt":"2025-02-14T20:22:31","slug":"santo-domingo-tour","status":"publish","type":"product","link":"https:\/\/patrickvacation.com\/fr\/excursiones\/santo-domingo-tour\/","title":{"rendered":"Santo Domingo De La Tourn\u00e9e"},"content":{"rendered":"<h2 id=\"headline-93-134\" class=\"ct-headline\" style=\"margin: 0px;font-family: Quicksand;font-size: 35px\">Itinerario del Tour de Santo Domingo en Rep\u00fablica Dominicana<\/h2>\n<h4>\n<div id=\"_rich_text-102-134\" class=\"oxy-rich-text\">\n<ul>\n<li><span style=\"font-weight: bolder\">07:00<\/span>\u00a0\u2013 Te recogeremos en tu hotel. Recuerda que la hora de recogida depende de la zona en la que te encuentres en Punta Cana.<\/li>\n<li><span style=\"font-weight: bolder\">08:30<\/span>\u00a0\u2013 Salida desde el punto de encuentro.<\/li>\n<li><span style=\"font-weight: bolder\">10:30<\/span>\u00a0\u2013 Durante el d\u00eda visitaremos en autob\u00fas diferentes lugares con gu\u00eda:\n<ul>\n<li>Parque Nacional de los Tres Ojos:\u00a0<span style=\"font-weight: bolder\">en su cueva<\/span>\u00a0encontrar\u00e1s uno de los destinos de turismo m\u00e1s importantes del parque, el\u00a0<span style=\"font-weight: bolder\">lago de agua dulce que reposa en su interior<\/span>.<\/li>\n<li>Faro Col\u00f3n:\u00a0<span style=\"font-weight: bolder\">monumento y museo dedicado a la figura de Crist\u00f3bal Colon<\/span>, descubridor del Nuevo Mundo.<\/li>\n<li>Ciudad Colonial: centro hist\u00f3rico y de ocio de Santo Domingo.<\/li>\n<\/ul>\n<\/li>\n<\/ul>\n<ul>\n<li><span style=\"font-weight: bolder\">13:30<\/span>\u00a0\u2013 Haremos una parada en nuestro recorrido para que pruebes la\u00a0<span style=\"font-weight: bolder\">comida t\u00edpica dominicana<\/span>\u00a0en un restaurante\u00a0<span style=\"font-weight: bolder\">en la zona colonial de Santo Domingo<\/span>. Al terminar el almuerzo comienza la visita a algunos de los edificios m\u00e1s importantes de Santo Domingo:\n<ul>\n<li>Alc\u00e1zar de Col\u00f3n o Palacio Virreinal de Don Diego Col\u00f3n.<\/li>\n<li>Catedral de Santa Mar\u00eda.<\/li>\n<li>Museo del \u00c1mbar.<\/li>\n<li>Museo del Ron.<\/li>\n<li>Museo de las Casas Reales.<\/li>\n<\/ul>\n<\/li>\n<li><span style=\"font-weight: bolder\">16:00<\/span>\u00a0&#8211; Vuelta a Punta Cana.<\/li>\n<\/ul>\n<p>En este paseo podr\u00e1s aprovechar para\u00a0<span style=\"font-weight: bolder\">comprar algunos souvenirs<\/span>\u00a0en las tiendas del centro hist\u00f3rico de Santo Domingo. La\u00a0<span style=\"font-weight: bolder\">zona colonial<\/span>\u00a0es un lugar perfecto para ello.<\/p>\n<p style=\"margin-block-end: 0px\"><em>* Los horarios indicados anteriormente son aproximados.<\/em><\/p>\n<\/div>\n<\/h4>","protected":false},"excerpt":{"rendered":"<h4>L&#039;excursion \u00e0 Santo Domingo est quelque chose que vous ne pouvez pas manquer si vous voulez conna\u00eetre l&#039;un des plus dynamiques de la capitale des villes dans l&#039;ensemble des Cara\u00efbes. La joie qui suit son peuple, la culture que l&#039;on voit \u00e0 chaque coin de la ville et le rythme Latin qui peut \u00eatre appr\u00e9ci\u00e9 dans ses rues, faire de la capitale dominicaine, est un endroit sp\u00e9cial.<\/h4>","protected":false},"featured_media":6298,"template":"","meta":[],"product_brand":[],"product_cat":[178,180,185,186,179,187,188],"product_tag":[],"class_list":{"0":"post-6294","1":"product","2":"type-product","3":"status-publish","4":"has-post-thumbnail","6":"product_cat-aventura-safari","7":"product_cat-citytours-toursareos","8":"product_cat-gastronomica","9":"product_cat-historica-y-cultural","10":"product_cat-parques-experiencias","11":"product_cat-religion-y-bienestar","12":"product_cat-vacacionales-y-villas","14":"first","15":"instock","16":"virtual","17":"sold-individually","18":"purchasable","19":"product-type-booking"},"yoast_head":"<!-- This site is optimized with the Yoast SEO plugin v24.7 - https:\/\/yoast.com\/wordpress\/plugins\/seo\/ -->\n<title>Santo Domingo Tour - Patrick Vacation<\/title>\n<meta name=\"description\" content=\"La excursi\u00f3n a Santo Domingo es algo que no te puedes perder si quieres conocer a una de las capitales m\u00e1s vibrantes de todo el Caribe. La alegr\u00eda que desprende su gente, la cultura que se ve en cada rinc\u00f3n de la ciudad y el ritmo latino que se disfruta en sus calles, hacen de la capital dominicana un lugar especial.\" \/>\n<meta name=\"robots\" content=\"index, follow, max-snippet:-1, max-image-preview:large, max-video-preview:-1\" \/>\n<link rel=\"canonical\" href=\"https:\/\/patrickvacation.com\/fr\/excursiones\/santo-domingo-tour\/\" \/>\n<meta property=\"og:locale\" content=\"fr_FR\" \/>\n<meta property=\"og:type\" content=\"article\" \/>\n<meta property=\"og:title\" content=\"Santo Domingo Tour - Patrick Vacation\" \/>\n<meta property=\"og:description\" content=\"La excursi\u00f3n a Santo Domingo es algo que no te puedes perder si quieres conocer a una de las capitales m\u00e1s vibrantes de todo el Caribe. La alegr\u00eda que desprende su gente, la cultura que se ve en cada rinc\u00f3n de la ciudad y el ritmo latino que se disfruta en sus calles, hacen de la capital dominicana un lugar especial.\" \/>\n<meta property=\"og:url\" content=\"https:\/\/patrickvacation.com\/fr\/excursiones\/santo-domingo-tour\/\" \/>\n<meta property=\"og:site_name\" content=\"Patrick Vacation\" \/>\n<meta property=\"article:publisher\" content=\"https:\/\/www.facebook.com\/alcequiez.tours.travel\" \/>\n<meta property=\"article:modified_time\" content=\"2025-02-14T20:22:31+00:00\" \/>\n<meta property=\"og:image\" content=\"https:\/\/patrickvacation.com\/wp-content\/uploads\/2023\/06\/ce88947a-f6db-46bb-b1c1-22316a76de5f.jpg\" \/>\n\t<meta property=\"og:image:width\" content=\"1600\" \/>\n\t<meta property=\"og:image:height\" content=\"1066\" \/>\n\t<meta property=\"og:image:type\" content=\"image\/jpeg\" \/>\n<meta name=\"twitter:card\" content=\"summary_large_image\" \/>\n<meta name=\"twitter:label1\" content=\"Dur\u00e9e de lecture estim\u00e9e\" \/>\n\t<meta name=\"twitter:data1\" content=\"1 minute\" \/>\n<script type=\"application\/ld+json\" class=\"yoast-schema-graph\">{\"@context\":\"https:\/\/schema.org\",\"@graph\":[{\"@type\":\"WebPage\",\"@id\":\"https:\/\/patrickvacation.com\/excursiones\/santo-domingo-tour\/\",\"url\":\"https:\/\/patrickvacation.com\/excursiones\/santo-domingo-tour\/\",\"name\":\"Santo Domingo Tour - Patrick Vacation\",\"isPartOf\":{\"@id\":\"https:\/\/patrickvacation.com\/#website\"},\"primaryImageOfPage\":{\"@id\":\"https:\/\/patrickvacation.com\/excursiones\/santo-domingo-tour\/#primaryimage\"},\"image\":{\"@id\":\"https:\/\/patrickvacation.com\/excursiones\/santo-domingo-tour\/#primaryimage\"},\"thumbnailUrl\":\"https:\/\/patrickvacation.com\/wp-content\/uploads\/2023\/06\/ce88947a-f6db-46bb-b1c1-22316a76de5f.jpg\",\"datePublished\":\"2023-06-01T20:35:08+00:00\",\"dateModified\":\"2025-02-14T20:22:31+00:00\",\"description\":\"La excursi\u00f3n a Santo Domingo es algo que no te puedes perder si quieres conocer a una de las capitales m\u00e1s vibrantes de todo el Caribe. La alegr\u00eda que desprende su gente, la cultura que se ve en cada rinc\u00f3n de la ciudad y el ritmo latino que se disfruta en sus calles, hacen de la capital dominicana un lugar especial.\",\"breadcrumb\":{\"@id\":\"https:\/\/patrickvacation.com\/excursiones\/santo-domingo-tour\/#breadcrumb\"},\"inLanguage\":\"fr-FR\",\"potentialAction\":[{\"@type\":\"ReadAction\",\"target\":[\"https:\/\/patrickvacation.com\/excursiones\/santo-domingo-tour\/\"]}]},{\"@type\":\"ImageObject\",\"inLanguage\":\"fr-FR\",\"@id\":\"https:\/\/patrickvacation.com\/excursiones\/santo-domingo-tour\/#primaryimage\",\"url\":\"https:\/\/patrickvacation.com\/wp-content\/uploads\/2023\/06\/ce88947a-f6db-46bb-b1c1-22316a76de5f.jpg\",\"contentUrl\":\"https:\/\/patrickvacation.com\/wp-content\/uploads\/2023\/06\/ce88947a-f6db-46bb-b1c1-22316a76de5f.jpg\",\"width\":1600,\"height\":1066},{\"@type\":\"BreadcrumbList\",\"@id\":\"https:\/\/patrickvacation.com\/excursiones\/santo-domingo-tour\/#breadcrumb\",\"itemListElement\":[{\"@type\":\"ListItem\",\"position\":1,\"name\":\"Portada\",\"item\":\"https:\/\/patrickvacation.com\/\"},{\"@type\":\"ListItem\",\"position\":2,\"name\":\"Excursiones y Reservas\",\"item\":\"https:\/\/patrickvacation.com\/excursiones\/\"},{\"@type\":\"ListItem\",\"position\":3,\"name\":\"Santo Domingo Tour\"}]},{\"@type\":\"WebSite\",\"@id\":\"https:\/\/patrickvacation.com\/#website\",\"url\":\"https:\/\/patrickvacation.com\/\",\"name\":\"Patrick Vacation\",\"description\":\"\",\"publisher\":{\"@id\":\"https:\/\/patrickvacation.com\/#organization\"},\"potentialAction\":[{\"@type\":\"SearchAction\",\"target\":{\"@type\":\"EntryPoint\",\"urlTemplate\":\"https:\/\/patrickvacation.com\/?s={search_term_string}\"},\"query-input\":{\"@type\":\"PropertyValueSpecification\",\"valueRequired\":true,\"valueName\":\"search_term_string\"}}],\"inLanguage\":\"fr-FR\"},{\"@type\":\"Organization\",\"@id\":\"https:\/\/patrickvacation.com\/#organization\",\"name\":\"Alcequiez Tours and Travel\",\"url\":\"https:\/\/patrickvacation.com\/\",\"logo\":{\"@type\":\"ImageObject\",\"inLanguage\":\"fr-FR\",\"@id\":\"https:\/\/patrickvacation.com\/#\/schema\/logo\/image\/\",\"url\":\"https:\/\/patrickvacation.com\/wp-content\/uploads\/2023\/03\/Logo-Alcequiez.png\",\"contentUrl\":\"https:\/\/patrickvacation.com\/wp-content\/uploads\/2023\/03\/Logo-Alcequiez.png\",\"width\":1080,\"height\":560,\"caption\":\"Alcequiez Tours and Travel\"},\"image\":{\"@id\":\"https:\/\/patrickvacation.com\/#\/schema\/logo\/image\/\"},\"sameAs\":[\"https:\/\/www.facebook.com\/alcequiez.tours.travel\",\"https:\/\/www.instagram.com\/alcequieztour\/\"]}]}<\/script>\n<!-- \/ Yoast SEO plugin. -->","yoast_head_json":{"title":"Santo Domingo Tour - Patrick Vacation","description":"La excursi\u00f3n a Santo Domingo es algo que no te puedes perder si quieres conocer a una de las capitales m\u00e1s vibrantes de todo el Caribe. La alegr\u00eda que desprende su gente, la cultura que se ve en cada rinc\u00f3n de la ciudad y el ritmo latino que se disfruta en sus calles, hacen de la capital dominicana un lugar especial.","robots":{"index":"index","follow":"follow","max-snippet":"max-snippet:-1","max-image-preview":"max-image-preview:large","max-video-preview":"max-video-preview:-1"},"canonical":"https:\/\/patrickvacation.com\/fr\/excursiones\/santo-domingo-tour\/","og_locale":"fr_FR","og_type":"article","og_title":"Santo Domingo Tour - Patrick Vacation","og_description":"La excursi\u00f3n a Santo Domingo es algo que no te puedes perder si quieres conocer a una de las capitales m\u00e1s vibrantes de todo el Caribe. La alegr\u00eda que desprende su gente, la cultura que se ve en cada rinc\u00f3n de la ciudad y el ritmo latino que se disfruta en sus calles, hacen de la capital dominicana un lugar especial.","og_url":"https:\/\/patrickvacation.com\/fr\/excursiones\/santo-domingo-tour\/","og_site_name":"Patrick Vacation","article_publisher":"https:\/\/www.facebook.com\/alcequiez.tours.travel","article_modified_time":"2025-02-14T20:22:31+00:00","og_image":[{"width":1600,"height":1066,"url":"https:\/\/patrickvacation.com\/wp-content\/uploads\/2023\/06\/ce88947a-f6db-46bb-b1c1-22316a76de5f.jpg","type":"image\/jpeg"}],"twitter_card":"summary_large_image","twitter_misc":{"Dur\u00e9e de lecture estim\u00e9e":"1 minute"},"schema":{"@context":"https:\/\/schema.org","@graph":[{"@type":"WebPage","@id":"https:\/\/patrickvacation.com\/excursiones\/santo-domingo-tour\/","url":"https:\/\/patrickvacation.com\/excursiones\/santo-domingo-tour\/","name":"Santo Domingo Tour - Patrick Vacation","isPartOf":{"@id":"https:\/\/patrickvacation.com\/#website"},"primaryImageOfPage":{"@id":"https:\/\/patrickvacation.com\/excursiones\/santo-domingo-tour\/#primaryimage"},"image":{"@id":"https:\/\/patrickvacation.com\/excursiones\/santo-domingo-tour\/#primaryimage"},"thumbnailUrl":"https:\/\/patrickvacation.com\/wp-content\/uploads\/2023\/06\/ce88947a-f6db-46bb-b1c1-22316a76de5f.jpg","datePublished":"2023-06-01T20:35:08+00:00","dateModified":"2025-02-14T20:22:31+00:00","description":"La excursi\u00f3n a Santo Domingo es algo que no te puedes perder si quieres conocer a una de las capitales m\u00e1s vibrantes de todo el Caribe. La alegr\u00eda que desprende su gente, la cultura que se ve en cada rinc\u00f3n de la ciudad y el ritmo latino que se disfruta en sus calles, hacen de la capital dominicana un lugar especial.","breadcrumb":{"@id":"https:\/\/patrickvacation.com\/excursiones\/santo-domingo-tour\/#breadcrumb"},"inLanguage":"fr-FR","potentialAction":[{"@type":"ReadAction","target":["https:\/\/patrickvacation.com\/excursiones\/santo-domingo-tour\/"]}]},{"@type":"ImageObject","inLanguage":"fr-FR","@id":"https:\/\/patrickvacation.com\/excursiones\/santo-domingo-tour\/#primaryimage","url":"https:\/\/patrickvacation.com\/wp-content\/uploads\/2023\/06\/ce88947a-f6db-46bb-b1c1-22316a76de5f.jpg","contentUrl":"https:\/\/patrickvacation.com\/wp-content\/uploads\/2023\/06\/ce88947a-f6db-46bb-b1c1-22316a76de5f.jpg","width":1600,"height":1066},{"@type":"BreadcrumbList","@id":"https:\/\/patrickvacation.com\/excursiones\/santo-domingo-tour\/#breadcrumb","itemListElement":[{"@type":"ListItem","position":1,"name":"Portada","item":"https:\/\/patrickvacation.com\/"},{"@type":"ListItem","position":2,"name":"Excursiones y Reservas","item":"https:\/\/patrickvacation.com\/excursiones\/"},{"@type":"ListItem","position":3,"name":"Santo Domingo Tour"}]},{"@type":"WebSite","@id":"https:\/\/patrickvacation.com\/#website","url":"https:\/\/patrickvacation.com\/","name":"Patrick Vacation","description":"","publisher":{"@id":"https:\/\/patrickvacation.com\/#organization"},"potentialAction":[{"@type":"SearchAction","target":{"@type":"EntryPoint","urlTemplate":"https:\/\/patrickvacation.com\/?s={search_term_string}"},"query-input":{"@type":"PropertyValueSpecification","valueRequired":true,"valueName":"search_term_string"}}],"inLanguage":"fr-FR"},{"@type":"Organization","@id":"https:\/\/patrickvacation.com\/#organization","name":"Alcequiez Tours and Travel","url":"https:\/\/patrickvacation.com\/","logo":{"@type":"ImageObject","inLanguage":"fr-FR","@id":"https:\/\/patrickvacation.com\/#\/schema\/logo\/image\/","url":"https:\/\/patrickvacation.com\/wp-content\/uploads\/2023\/03\/Logo-Alcequiez.png","contentUrl":"https:\/\/patrickvacation.com\/wp-content\/uploads\/2023\/03\/Logo-Alcequiez.png","width":1080,"height":560,"caption":"Alcequiez Tours and Travel"},"image":{"@id":"https:\/\/patrickvacation.com\/#\/schema\/logo\/image\/"},"sameAs":["https:\/\/www.facebook.com\/alcequiez.tours.travel","https:\/\/www.instagram.com\/alcequieztour\/"]}]}},"_links":{"self":[{"href":"https:\/\/patrickvacation.com\/fr\/wp-json\/wp\/v2\/product\/6294","targetHints":{"allow":["GET"]}}],"collection":[{"href":"https:\/\/patrickvacation.com\/fr\/wp-json\/wp\/v2\/product"}],"about":[{"href":"https:\/\/patrickvacation.com\/fr\/wp-json\/wp\/v2\/types\/product"}],"version-history":[{"count":0,"href":"https:\/\/patrickvacation.com\/fr\/wp-json\/wp\/v2\/product\/6294\/revisions"}],"wp:featuredmedia":[{"embeddable":true,"href":"https:\/\/patrickvacation.com\/fr\/wp-json\/wp\/v2\/media\/6298"}],"wp:attachment":[{"href":"https:\/\/patrickvacation.com\/fr\/wp-json\/wp\/v2\/media?parent=6294"}],"wp:term":[{"taxonomy":"product_brand","embeddable":true,"href":"https:\/\/patrickvacation.com\/fr\/wp-json\/wp\/v2\/product_brand?post=6294"},{"taxonomy":"product_cat","embeddable":true,"href":"https:\/\/patrickvacation.com\/fr\/wp-json\/wp\/v2\/product_cat?post=6294"},{"taxonomy":"product_tag","embeddable":true,"href":"https:\/\/patrickvacation.com\/fr\/wp-json\/wp\/v2\/product_tag?post=6294"}],"curies":[{"name":"wp","href":"https:\/\/api.w.org\/{rel}","templated":true}]}}