{"id":6299,"date":"2023-06-01T20:48:35","date_gmt":"2023-06-01T20:48:35","guid":{"rendered":"https:\/\/patrickvacation.com\/?post_type=product&#038;p=6299"},"modified":"2025-02-15T20:54:25","modified_gmt":"2025-02-15T20:54:25","slug":"safari-en-higuey","status":"publish","type":"product","link":"https:\/\/patrickvacation.com\/fr\/excursiones\/safari-en-higuey\/","title":{"rendered":"Safari dans Hig\u00fcey"},"content":{"rendered":"<h2 id=\"headline-51-258\" class=\"ct-headline\" style=\"margin: 0px;font-family: Quicksand;font-size: 35px;font-weight: bold\" data-mce-style=\"margin: 0px; font-family: Quicksand; font-size: 35px; font-weight: bold;\">Itinerario de la excursi\u00f3n de safari en Punta Cana<\/h2>\n<section id=\"section-50-258\" class=\"ct-section nitro-offscreen\">\n<div class=\"ct-section-inner-wrap\" style=\"margin-left: auto;margin-right: auto;height: 443.125px;min-height: inherit;max-width: 1120px;padding: 23px 20px 15px;flex-direction: column;align-items: flex-start\" data-mce-style=\"margin-left: auto; margin-right: auto; height: 443.125px; min-height: inherit; max-width: 1120px; padding: 23px 20px 15px; flex-direction: column; align-items: flex-start;\">\n<div id=\"_rich_text-105-258\" class=\"oxy-rich-text\" style=\"margin-top: 10px;width: 1080px\" data-mce-style=\"margin-top: 10px; width: 1080px;\">\n<ul>\n<li>Dependiendo del hotel en el que te alojes te recogeremos sobre las 07:20 a.m. para para empezar nuestro\u00a0<span style=\"font-weight: bolder\" data-mce-style=\"font-weight: bolder;\">recorrido en un cami\u00f3n de safari<\/span>\u00a0hacia el interior de la selva dominicana.<\/li>\n<li>Visitaremos en primer lugar una\u00a0<span style=\"font-weight: bolder\" data-mce-style=\"font-weight: bolder;\">escuela infantil<\/span>\u00a0para que conozcas c\u00f3mo y en qu\u00e9 condiciones estudian los ni\u00f1os dominicanos en las\u00a0<span style=\"font-weight: bolder\" data-mce-style=\"font-weight: bolder;\">\u00e1reas rurales<\/span>. Tras esta hermosa experiencia, nos dirigiremos\u00a0<span style=\"font-weight: bolder\" data-mce-style=\"font-weight: bolder;\">hacia la plantaci\u00f3n<\/span>\u00a0de ca\u00f1a de az\u00facar, caf\u00e9 y cacao. En ellas podr\u00e1s conocer\u00a0<span style=\"font-weight: bolder\" data-mce-style=\"font-weight: bolder;\">la importancia econ\u00f3mica<\/span>\u00a0que tiene este sector en Rep\u00fablica Dominicana, ya que son los cultivos m\u00e1s extensos del pa\u00eds.<\/li>\n<li>De lo rural continuamos nuestra ruta hacia lo urbano dirigi\u00e9ndonos a la\u00a0<span style=\"font-weight: bolder\" data-mce-style=\"font-weight: bolder;\">ciudad de Hig\u00fcey<\/span>\u00a0para conocer la catedral de Nuestra Se\u00f1ora de Altagracia, terminada de construir en 1971.<\/li>\n<li>Ya una vez terminada la visita a la bas\u00edlica, te llevaremos hasta Rancho Valencia para que conozcas la verdadera\u00a0<span style=\"font-weight: bolder\" data-mce-style=\"font-weight: bolder;\">artesan\u00eda<\/span>\u00a0de esta regi\u00f3n.<\/li>\n<li>Aqu\u00ed tambi\u00e9n aprender\u00e1s como se producen el\u00a0<span style=\"font-weight: bolder\" data-mce-style=\"font-weight: bolder;\">aceite y la leche de coco<\/span>, ya que este rancho cuenta con una gran extensi\u00f3n de palmerales. Para terminar nuestra visita al rancho de la mejor manera, nada mejor que un agradable\u00a0<span style=\"font-weight: bolder\" data-mce-style=\"font-weight: bolder;\">ba\u00f1o<\/span>\u00a0en el\u00a0<span style=\"font-weight: bolder\" data-mce-style=\"font-weight: bolder;\">rivi\u00e8re Anamuya<\/span>.<\/li>\n<li>Por \u00faltimo, y por si todav\u00eda te han quedado ganas de darte un chapuz\u00f3n, iremos hasta la salvaje playa de Macao o el r\u00edo Yon\u00fa, dependiendo de la climatolog\u00eda. Ambos son sitios magn\u00edficos para hacer turismo, pero estamos seguros de que cualquiera de los dos te va a maravillar.\u00bfQu\u00e9 incluye esta excursi\u00f3n?<br \/><span style=\"font-weight: bolder\" data-mce-style=\"font-weight: bolder;\">Recogida y traslados<\/span>\u00a0en un cami\u00f3n de safari.<br \/><span style=\"font-weight: bolder\" data-mce-style=\"font-weight: bolder;\">Degustaci\u00f3n de caf\u00e9 y cacao<\/span>.<br \/><span style=\"font-weight: bolder\" data-mce-style=\"font-weight: bolder;\">Transporte<\/span>\u00a0de ida y vuelta a tu hotel.<br \/><span style=\"font-weight: bolder\" data-mce-style=\"font-weight: bolder;\">Comidas y bebidas<\/span>\u00a0(agua, refrescos, cerveza y \u00abmamajuana\u00bb).<br \/><span style=\"font-weight: bolder\" data-mce-style=\"font-weight: bolder;\">Gu\u00eda<\/span>\u00a0profesional pol\u00edglota.<br \/><span style=\"font-weight: bolder\" data-mce-style=\"font-weight: bolder;\">Visitas<\/span>\u00a0a los lugares citados en el itinerario.<\/li>\n<\/ul>\n<\/div>\n<\/div>\n<\/section>\n<section id=\"section-64-258\" class=\"ct-section nitro-offscreen\">\n<div class=\"ct-section-inner-wrap\" style=\"margin-left: auto;margin-right: auto;height: 374.354px;min-height: inherit;max-width: 1120px;padding: 23px 20px 31px;flex-direction: column;align-items: flex-start\" data-mce-style=\"margin-left: auto; margin-right: auto; height: 374.354px; min-height: inherit; max-width: 1120px; padding: 23px 20px 31px; flex-direction: column; align-items: flex-start;\">\n<div id=\"_rich_text-104-258\" class=\"oxy-rich-text\" style=\"margin-top: 10px;width: 1080px\" data-mce-style=\"margin-top: 10px; width: 1080px;\">\n<ul><\/ul>\n<\/div>\n<div id=\"div_block-67-258\" class=\"ct-div-block\" style=\"flex-flow: column;align-items: center;text-align: center;width: 1080px;padding-top: 0px\" data-mce-style=\"flex-flow: column; align-items: center; text-align: center; width: 1080px; padding-top: 0px;\">\n<div id=\"text_block-70-258\" class=\"ct-text-block supa-button5-text\" style=\"font-family: Quicksand;font-size: 18px;letter-spacing: 2px;font-weight: 600;text-transform: uppercase\" data-mce-style=\"font-family: Quicksand; font-size: 18px; letter-spacing: 2px; font-weight: 600; text-transform: uppercase;\"><span style=\"font-size: 35px\">El tour del Safari en Punta Cana no es apta para:<\/span><\/div>\n<\/div>\n<\/div>\n<\/section>\n<section id=\"section-75-258\" class=\"ct-section nitro-offscreen\">\n<div class=\"ct-section-inner-wrap\" style=\"margin-left: auto;margin-right: auto;height: 248.781px;min-height: inherit;max-width: 1120px;padding: 23px 20px 31px;flex-direction: column;align-items: flex-start\" data-mce-style=\"margin-left: auto; margin-right: auto; height: 248.781px; min-height: inherit; max-width: 1120px; padding: 23px 20px 31px; flex-direction: column; align-items: flex-start;\">\n<div id=\"_rich_text-84-258\" class=\"oxy-rich-text\" style=\"margin-top: 15px;margin-bottom: 15px;width: 1080px\" data-mce-style=\"margin-top: 15px; margin-bottom: 15px; width: 1080px;\">\n<ul>\n<li><span style=\"font-weight: bolder\" data-mce-style=\"font-weight: bolder;\">Mujeres embarazadas\u00a0<\/span>no podr\u00e1n realizar el tour por medidas de seguridad.<\/li>\n<li>Personas con\u00a0<span style=\"font-weight: bolder\" data-mce-style=\"font-weight: bolder;\">problemas de espalda\u00a0<\/span>no podr\u00e1n realizar sus reservas en esta actividad.<\/li>\n<li>Personas con\u00a0<span style=\"font-weight: bolder\" data-mce-style=\"font-weight: bolder;\">problemas de movilidad,\u00a0<\/span>no est\u00e1n recomendadas para participar en el tour.<\/li>\n<\/ul>\n<\/div>\n<\/div>\n<\/section>","protected":false},"excerpt":{"rendered":"<p>La campagne dominicaine avec une faune et la flore, et rien de mieux que de faire un\u00a0<strong>tour dans un v\u00e9hicule dans le style safari<\/strong>\u00a0pour apprendre \u00e0 vous conna\u00eetre. Au cours de cette visite guid\u00e9e, vous apprendrez tout sur les plantations\u00a0<strong>de caf\u00e9, de cacao et de canne \u00e0 sucre<\/strong>\u00a0R\u00e9publique dominicaine, degustar\u00e1s\u00a0<strong>les produits de la terre<\/strong>\u00a0Hig\u00fcey et profiter de\u00a0<strong>un d\u00e9jeuner typique dominicaine<\/strong>.<\/p>\n<h4>La campagne dominicaine avec une faune et la flore, et rien de mieux que de faire un\u00a0<strong>tour dans un v\u00e9hicule dans le style safari<\/strong>\u00a0pour apprendre \u00e0 vous conna\u00eetre. Au cours de cette visite guid\u00e9e, vous apprendrez tout sur les plantations\u00a0<strong>de caf\u00e9, de cacao et de canne \u00e0 sucre<\/strong>\u00a0R\u00e9publique dominicaine, degustar\u00e1s\u00a0<strong>les produits de la terre<\/strong>\u00a0Hig\u00fcey et profiter de\u00a0<strong>un d\u00e9jeuner typique dominicaine<\/strong>.<\/h4>\n<h4>Apprendre \u00e0 conna\u00eetre une\u00a0<strong>famille locale<\/strong>\u00a0c&#039;est l&#039;une des exp\u00e9riences les plus authentiques partout dans l&#039;\u00eele. Vous serez en mesure de prendre le caf\u00e9 avec eux et d&#039;apprendre que c&#039;est le chemin de la vie dans la campagne dominicaine. En outre, vous pourrez visiter le\u00a0<strong>les ranchs de la montagne<\/strong>\u00a0dominicaine, vous serez en mesure de se baigner dans la\u00a0<strong>rivi\u00e8re Anamuya<\/strong>\u00a0et vous ferez la rencontre de certains de la\u00a0<strong>les exploitations de plus en plus important<\/strong> du pays.<\/h4>\n<p>Apprendre \u00e0 conna\u00eetre une\u00a0<strong>famille locale<\/strong>\u00a0c&#039;est l&#039;une des exp\u00e9riences les plus authentiques partout dans l&#039;\u00eele. Vous serez en mesure de prendre le caf\u00e9 avec eux et d&#039;apprendre que c&#039;est le chemin de la vie dans la campagne dominicaine. En outre, vous pourrez visiter le\u00a0<strong>les ranchs de la montagne<\/strong>\u00a0dominicaine, vous serez en mesure de se baigner dans la\u00a0<strong>rivi\u00e8re Anamuya<\/strong>\u00a0et vous ferez la rencontre de certains de la\u00a0<strong>les exploitations de plus en plus important<\/strong>\u00a0du pays.<\/p>","protected":false},"featured_media":6300,"template":"","meta":[],"product_brand":[],"product_cat":[178,180,182,185,186,179,187],"product_tag":[],"class_list":{"0":"post-6299","1":"product","2":"type-product","3":"status-publish","4":"has-post-thumbnail","6":"product_cat-aventura-safari","7":"product_cat-citytours-toursareos","8":"product_cat-ecoaventura-senderismo","9":"product_cat-gastronomica","10":"product_cat-historica-y-cultural","11":"product_cat-parques-experiencias","12":"product_cat-religion-y-bienestar","14":"first","15":"instock","16":"virtual","17":"sold-individually","18":"purchasable","19":"product-type-booking"},"yoast_head":"<!-- This site is optimized with the Yoast SEO plugin v24.7 - https:\/\/yoast.com\/wordpress\/plugins\/seo\/ -->\n<title>Safari en Hig\u00fcey - Patrick Vacation<\/title>\n<meta name=\"description\" content=\"Durante esta visita guiada conocer\u00e1s las plantaciones de caf\u00e9, cacao y ca\u00f1a de az\u00facar de Rep\u00fablica Dominicana, degustar\u00e1s productos de la tierra en Hig\u00fcey y disfrutar\u00e1s de un almuerzo t\u00edpico dominicano.\" \/>\n<meta name=\"robots\" content=\"index, follow, max-snippet:-1, max-image-preview:large, max-video-preview:-1\" \/>\n<link rel=\"canonical\" href=\"https:\/\/patrickvacation.com\/fr\/excursiones\/safari-en-higuey\/\" \/>\n<meta property=\"og:locale\" content=\"fr_FR\" \/>\n<meta property=\"og:type\" content=\"article\" \/>\n<meta property=\"og:title\" content=\"Safari en Hig\u00fcey - Patrick Vacation\" \/>\n<meta property=\"og:description\" content=\"Durante esta visita guiada conocer\u00e1s las plantaciones de caf\u00e9, cacao y ca\u00f1a de az\u00facar de Rep\u00fablica Dominicana, degustar\u00e1s productos de la tierra en Hig\u00fcey y disfrutar\u00e1s de un almuerzo t\u00edpico dominicano.\" \/>\n<meta property=\"og:url\" content=\"https:\/\/patrickvacation.com\/fr\/excursiones\/safari-en-higuey\/\" \/>\n<meta property=\"og:site_name\" content=\"Patrick Vacation\" \/>\n<meta property=\"article:publisher\" content=\"https:\/\/www.facebook.com\/alcequiez.tours.travel\" \/>\n<meta property=\"article:modified_time\" content=\"2025-02-15T20:54:25+00:00\" \/>\n<meta property=\"og:image\" content=\"https:\/\/patrickvacation.com\/wp-content\/uploads\/2023\/06\/dominican-republic-higuey.jpg\" \/>\n\t<meta property=\"og:image:width\" content=\"1067\" \/>\n\t<meta property=\"og:image:height\" content=\"600\" \/>\n\t<meta property=\"og:image:type\" content=\"image\/jpeg\" \/>\n<meta name=\"twitter:card\" content=\"summary_large_image\" \/>\n<meta name=\"twitter:label1\" content=\"Dur\u00e9e de lecture estim\u00e9e\" \/>\n\t<meta name=\"twitter:data1\" content=\"1 minute\" \/>\n<script type=\"application\/ld+json\" class=\"yoast-schema-graph\">{\"@context\":\"https:\/\/schema.org\",\"@graph\":[{\"@type\":\"WebPage\",\"@id\":\"https:\/\/patrickvacation.com\/excursiones\/safari-en-higuey\/\",\"url\":\"https:\/\/patrickvacation.com\/excursiones\/safari-en-higuey\/\",\"name\":\"Safari en Hig\u00fcey - Patrick Vacation\",\"isPartOf\":{\"@id\":\"https:\/\/patrickvacation.com\/#website\"},\"primaryImageOfPage\":{\"@id\":\"https:\/\/patrickvacation.com\/excursiones\/safari-en-higuey\/#primaryimage\"},\"image\":{\"@id\":\"https:\/\/patrickvacation.com\/excursiones\/safari-en-higuey\/#primaryimage\"},\"thumbnailUrl\":\"https:\/\/patrickvacation.com\/wp-content\/uploads\/2023\/06\/dominican-republic-higuey.jpg\",\"datePublished\":\"2023-06-01T20:48:35+00:00\",\"dateModified\":\"2025-02-15T20:54:25+00:00\",\"description\":\"Durante esta visita guiada conocer\u00e1s las plantaciones de caf\u00e9, cacao y ca\u00f1a de az\u00facar de Rep\u00fablica Dominicana, degustar\u00e1s productos de la tierra en Hig\u00fcey y disfrutar\u00e1s de un almuerzo t\u00edpico dominicano.\",\"breadcrumb\":{\"@id\":\"https:\/\/patrickvacation.com\/excursiones\/safari-en-higuey\/#breadcrumb\"},\"inLanguage\":\"fr-FR\",\"potentialAction\":[{\"@type\":\"ReadAction\",\"target\":[\"https:\/\/patrickvacation.com\/excursiones\/safari-en-higuey\/\"]}]},{\"@type\":\"ImageObject\",\"inLanguage\":\"fr-FR\",\"@id\":\"https:\/\/patrickvacation.com\/excursiones\/safari-en-higuey\/#primaryimage\",\"url\":\"https:\/\/patrickvacation.com\/wp-content\/uploads\/2023\/06\/dominican-republic-higuey.jpg\",\"contentUrl\":\"https:\/\/patrickvacation.com\/wp-content\/uploads\/2023\/06\/dominican-republic-higuey.jpg\",\"width\":1067,\"height\":600},{\"@type\":\"BreadcrumbList\",\"@id\":\"https:\/\/patrickvacation.com\/excursiones\/safari-en-higuey\/#breadcrumb\",\"itemListElement\":[{\"@type\":\"ListItem\",\"position\":1,\"name\":\"Portada\",\"item\":\"https:\/\/patrickvacation.com\/\"},{\"@type\":\"ListItem\",\"position\":2,\"name\":\"Excursiones y Reservas\",\"item\":\"https:\/\/patrickvacation.com\/excursiones\/\"},{\"@type\":\"ListItem\",\"position\":3,\"name\":\"Safari en Hig\u00fcey\"}]},{\"@type\":\"WebSite\",\"@id\":\"https:\/\/patrickvacation.com\/#website\",\"url\":\"https:\/\/patrickvacation.com\/\",\"name\":\"Patrick Vacation\",\"description\":\"\",\"publisher\":{\"@id\":\"https:\/\/patrickvacation.com\/#organization\"},\"potentialAction\":[{\"@type\":\"SearchAction\",\"target\":{\"@type\":\"EntryPoint\",\"urlTemplate\":\"https:\/\/patrickvacation.com\/?s={search_term_string}\"},\"query-input\":{\"@type\":\"PropertyValueSpecification\",\"valueRequired\":true,\"valueName\":\"search_term_string\"}}],\"inLanguage\":\"fr-FR\"},{\"@type\":\"Organization\",\"@id\":\"https:\/\/patrickvacation.com\/#organization\",\"name\":\"Alcequiez Tours and Travel\",\"url\":\"https:\/\/patrickvacation.com\/\",\"logo\":{\"@type\":\"ImageObject\",\"inLanguage\":\"fr-FR\",\"@id\":\"https:\/\/patrickvacation.com\/#\/schema\/logo\/image\/\",\"url\":\"https:\/\/patrickvacation.com\/wp-content\/uploads\/2023\/03\/Logo-Alcequiez.png\",\"contentUrl\":\"https:\/\/patrickvacation.com\/wp-content\/uploads\/2023\/03\/Logo-Alcequiez.png\",\"width\":1080,\"height\":560,\"caption\":\"Alcequiez Tours and Travel\"},\"image\":{\"@id\":\"https:\/\/patrickvacation.com\/#\/schema\/logo\/image\/\"},\"sameAs\":[\"https:\/\/www.facebook.com\/alcequiez.tours.travel\",\"https:\/\/www.instagram.com\/alcequieztour\/\"]}]}<\/script>\n<!-- \/ Yoast SEO plugin. -->","yoast_head_json":{"title":"Safari en Hig\u00fcey - Patrick Vacation","description":"Durante esta visita guiada conocer\u00e1s las plantaciones de caf\u00e9, cacao y ca\u00f1a de az\u00facar de Rep\u00fablica Dominicana, degustar\u00e1s productos de la tierra en Hig\u00fcey y disfrutar\u00e1s de un almuerzo t\u00edpico dominicano.","robots":{"index":"index","follow":"follow","max-snippet":"max-snippet:-1","max-image-preview":"max-image-preview:large","max-video-preview":"max-video-preview:-1"},"canonical":"https:\/\/patrickvacation.com\/fr\/excursiones\/safari-en-higuey\/","og_locale":"fr_FR","og_type":"article","og_title":"Safari en Hig\u00fcey - Patrick Vacation","og_description":"Durante esta visita guiada conocer\u00e1s las plantaciones de caf\u00e9, cacao y ca\u00f1a de az\u00facar de Rep\u00fablica Dominicana, degustar\u00e1s productos de la tierra en Hig\u00fcey y disfrutar\u00e1s de un almuerzo t\u00edpico dominicano.","og_url":"https:\/\/patrickvacation.com\/fr\/excursiones\/safari-en-higuey\/","og_site_name":"Patrick Vacation","article_publisher":"https:\/\/www.facebook.com\/alcequiez.tours.travel","article_modified_time":"2025-02-15T20:54:25+00:00","og_image":[{"width":1067,"height":600,"url":"https:\/\/patrickvacation.com\/wp-content\/uploads\/2023\/06\/dominican-republic-higuey.jpg","type":"image\/jpeg"}],"twitter_card":"summary_large_image","twitter_misc":{"Dur\u00e9e de lecture estim\u00e9e":"1 minute"},"schema":{"@context":"https:\/\/schema.org","@graph":[{"@type":"WebPage","@id":"https:\/\/patrickvacation.com\/excursiones\/safari-en-higuey\/","url":"https:\/\/patrickvacation.com\/excursiones\/safari-en-higuey\/","name":"Safari en Hig\u00fcey - Patrick Vacation","isPartOf":{"@id":"https:\/\/patrickvacation.com\/#website"},"primaryImageOfPage":{"@id":"https:\/\/patrickvacation.com\/excursiones\/safari-en-higuey\/#primaryimage"},"image":{"@id":"https:\/\/patrickvacation.com\/excursiones\/safari-en-higuey\/#primaryimage"},"thumbnailUrl":"https:\/\/patrickvacation.com\/wp-content\/uploads\/2023\/06\/dominican-republic-higuey.jpg","datePublished":"2023-06-01T20:48:35+00:00","dateModified":"2025-02-15T20:54:25+00:00","description":"Durante esta visita guiada conocer\u00e1s las plantaciones de caf\u00e9, cacao y ca\u00f1a de az\u00facar de Rep\u00fablica Dominicana, degustar\u00e1s productos de la tierra en Hig\u00fcey y disfrutar\u00e1s de un almuerzo t\u00edpico dominicano.","breadcrumb":{"@id":"https:\/\/patrickvacation.com\/excursiones\/safari-en-higuey\/#breadcrumb"},"inLanguage":"fr-FR","potentialAction":[{"@type":"ReadAction","target":["https:\/\/patrickvacation.com\/excursiones\/safari-en-higuey\/"]}]},{"@type":"ImageObject","inLanguage":"fr-FR","@id":"https:\/\/patrickvacation.com\/excursiones\/safari-en-higuey\/#primaryimage","url":"https:\/\/patrickvacation.com\/wp-content\/uploads\/2023\/06\/dominican-republic-higuey.jpg","contentUrl":"https:\/\/patrickvacation.com\/wp-content\/uploads\/2023\/06\/dominican-republic-higuey.jpg","width":1067,"height":600},{"@type":"BreadcrumbList","@id":"https:\/\/patrickvacation.com\/excursiones\/safari-en-higuey\/#breadcrumb","itemListElement":[{"@type":"ListItem","position":1,"name":"Portada","item":"https:\/\/patrickvacation.com\/"},{"@type":"ListItem","position":2,"name":"Excursiones y Reservas","item":"https:\/\/patrickvacation.com\/excursiones\/"},{"@type":"ListItem","position":3,"name":"Safari en Hig\u00fcey"}]},{"@type":"WebSite","@id":"https:\/\/patrickvacation.com\/#website","url":"https:\/\/patrickvacation.com\/","name":"Patrick Vacation","description":"","publisher":{"@id":"https:\/\/patrickvacation.com\/#organization"},"potentialAction":[{"@type":"SearchAction","target":{"@type":"EntryPoint","urlTemplate":"https:\/\/patrickvacation.com\/?s={search_term_string}"},"query-input":{"@type":"PropertyValueSpecification","valueRequired":true,"valueName":"search_term_string"}}],"inLanguage":"fr-FR"},{"@type":"Organization","@id":"https:\/\/patrickvacation.com\/#organization","name":"Alcequiez Tours and Travel","url":"https:\/\/patrickvacation.com\/","logo":{"@type":"ImageObject","inLanguage":"fr-FR","@id":"https:\/\/patrickvacation.com\/#\/schema\/logo\/image\/","url":"https:\/\/patrickvacation.com\/wp-content\/uploads\/2023\/03\/Logo-Alcequiez.png","contentUrl":"https:\/\/patrickvacation.com\/wp-content\/uploads\/2023\/03\/Logo-Alcequiez.png","width":1080,"height":560,"caption":"Alcequiez Tours and Travel"},"image":{"@id":"https:\/\/patrickvacation.com\/#\/schema\/logo\/image\/"},"sameAs":["https:\/\/www.facebook.com\/alcequiez.tours.travel","https:\/\/www.instagram.com\/alcequieztour\/"]}]}},"_links":{"self":[{"href":"https:\/\/patrickvacation.com\/fr\/wp-json\/wp\/v2\/product\/6299","targetHints":{"allow":["GET"]}}],"collection":[{"href":"https:\/\/patrickvacation.com\/fr\/wp-json\/wp\/v2\/product"}],"about":[{"href":"https:\/\/patrickvacation.com\/fr\/wp-json\/wp\/v2\/types\/product"}],"version-history":[{"count":0,"href":"https:\/\/patrickvacation.com\/fr\/wp-json\/wp\/v2\/product\/6299\/revisions"}],"wp:featuredmedia":[{"embeddable":true,"href":"https:\/\/patrickvacation.com\/fr\/wp-json\/wp\/v2\/media\/6300"}],"wp:attachment":[{"href":"https:\/\/patrickvacation.com\/fr\/wp-json\/wp\/v2\/media?parent=6299"}],"wp:term":[{"taxonomy":"product_brand","embeddable":true,"href":"https:\/\/patrickvacation.com\/fr\/wp-json\/wp\/v2\/product_brand?post=6299"},{"taxonomy":"product_cat","embeddable":true,"href":"https:\/\/patrickvacation.com\/fr\/wp-json\/wp\/v2\/product_cat?post=6299"},{"taxonomy":"product_tag","embeddable":true,"href":"https:\/\/patrickvacation.com\/fr\/wp-json\/wp\/v2\/product_tag?post=6299"}],"curies":[{"name":"wp","href":"https:\/\/api.w.org\/{rel}","templated":true}]}}