{"id":6391,"date":"2023-06-21T07:25:10","date_gmt":"2023-06-21T07:25:10","guid":{"rendered":"https:\/\/patrickvacation.com\/?post_type=product&#038;p=6391"},"modified":"2023-06-21T07:25:11","modified_gmt":"2023-06-21T07:25:11","slug":"montana-redonda-y-los-haitises","status":"publish","type":"product","link":"https:\/\/patrickvacation.com\/fr\/excursiones\/montana-redonda-y-los-haitises\/","title":{"rendered":"3\u00d71 Montagne, Chute d&#039;eau et le Parc"},"content":{"rendered":"<p><span style=\"font-weight: 400\">La nature tropicale de la R\u00e9publique Dominicaine est l&#039;une des principales attractions du tourisme dans le pays. Aujourd&#039;hui, nous voulons vous donner un tour que vous pouvez faire \u00e0 partir de Punta Cana, et qui inclut la visite de trois lieux dans lesquels le paysage va vous laisser sans voix.<\/span><\/p>\n<p><span style=\"font-weight: 400\">El primero de ellos es monta\u00f1a Redonda, un paraje que se ha hecho famoso en los \u00faltimos a\u00f1os por su vista panor\u00e1mica sobre el Caribe, en donde las instant\u00e1neas en un columpio que mira hacia el horizonte la han convertido en uno de los lugares m\u00e1s fotografiados de Rep\u00fablica Dominicana.<\/span><\/p>\n<p><span style=\"font-weight: 400\">El parque nacional de los Haitises es nuestro siguiente destino en el mapa, un \u00e1rea en el que el mar, los manglares, las selvas e, incluso, restos arqueol\u00f3gicos escondidos en cavernas, dejan al descubierto todo el encanto natural que ofrece el pa\u00eds. Sus peque\u00f1as colinas llenas de vegetaci\u00f3n tambi\u00e9n son el lugar perfecto para el avistamiento de aves que solo encontraras aqu\u00ed.<\/span><\/p>\n<p><span style=\"font-weight: 400\">Dentro del parque se encuentra otro lugar m\u00e1gico: la cascada de Rancho Yanigua. Este espectacular salto de agua es el sitio perfecto para desconectar de la masificaci\u00f3n tur\u00edstica de Punta Cana, rodeados de una espesa vegetaci\u00f3n que nos hace pensar que estamos a m\u00e1s de 100 kil\u00f3metros del pueblo m\u00e1s cercano, aunque realmente no sea as\u00ed.<\/span><\/p>","protected":false},"excerpt":{"rendered":"<p><span style=\"font-weight: 400\">La nature tropicale de la R\u00e9publique Dominicaine est l&#039;une des principales attractions du tourisme dans le pays. Aujourd&#039;hui, nous voulons vous donner un tour que vous pouvez faire \u00e0 partir de Punta Cana, et qui inclut la visite de trois lieux dans lesquels le paysage va vous laisser sans voix.<\/span><\/p>\n<p><span style=\"font-weight: 400\">Le premier d&#039;entre eux est la montagne Ronde, \u00e0 suivre le Parc National Los Haitises et enfin une belle Chute d&#039;eau de Yanigua.\u00a0<\/span><\/p>","protected":false},"featured_media":6392,"template":"","meta":[],"product_brand":[],"product_cat":[182,179],"product_tag":[],"class_list":{"0":"post-6391","1":"product","2":"type-product","3":"status-publish","4":"has-post-thumbnail","6":"product_cat-ecoaventura-senderismo","7":"product_cat-parques-experiencias","9":"first","10":"instock","11":"virtual","12":"sold-individually","13":"purchasable","14":"product-type-booking"},"yoast_head":"<!-- This site is optimized with the Yoast SEO plugin v24.7 - https:\/\/yoast.com\/wordpress\/plugins\/seo\/ -->\n<title>3x1 Monta\u00f1a, Cascada y Parque - Patrick Vacation<\/title>\n<meta name=\"description\" content=\"La naturaleza tropical de Rep\u00fablica Dominicana es uno de los principales atractivos de turismo en el pa\u00eds. Hoy queremos proponerte una excursi\u00f3n \u00fanica que puedes hacer desde Punta Cana, y que incluye la visita a tres lugares en el que los paisajes te dejar\u00e1n sin habla.\" \/>\n<meta name=\"robots\" content=\"index, follow, max-snippet:-1, max-image-preview:large, max-video-preview:-1\" \/>\n<link rel=\"canonical\" href=\"https:\/\/patrickvacation.com\/fr\/excursiones\/montana-redonda-y-los-haitises\/\" \/>\n<meta property=\"og:locale\" content=\"fr_FR\" \/>\n<meta property=\"og:type\" content=\"article\" \/>\n<meta property=\"og:title\" content=\"3x1 Monta\u00f1a, Cascada y Parque - Patrick Vacation\" \/>\n<meta property=\"og:description\" content=\"La naturaleza tropical de Rep\u00fablica Dominicana es uno de los principales atractivos de turismo en el pa\u00eds. Hoy queremos proponerte una excursi\u00f3n \u00fanica que puedes hacer desde Punta Cana, y que incluye la visita a tres lugares en el que los paisajes te dejar\u00e1n sin habla.\" \/>\n<meta property=\"og:url\" content=\"https:\/\/patrickvacation.com\/fr\/excursiones\/montana-redonda-y-los-haitises\/\" \/>\n<meta property=\"og:site_name\" content=\"Patrick Vacation\" \/>\n<meta property=\"article:publisher\" content=\"https:\/\/www.facebook.com\/alcequiez.tours.travel\" \/>\n<meta property=\"article:modified_time\" content=\"2023-06-21T07:25:11+00:00\" \/>\n<meta property=\"og:image\" content=\"https:\/\/patrickvacation.com\/wp-content\/uploads\/2023\/06\/13.jpg\" \/>\n\t<meta property=\"og:image:width\" content=\"669\" \/>\n\t<meta property=\"og:image:height\" content=\"446\" \/>\n\t<meta property=\"og:image:type\" content=\"image\/jpeg\" \/>\n<meta name=\"twitter:card\" content=\"summary_large_image\" \/>\n<meta name=\"twitter:label1\" content=\"Dur\u00e9e de lecture estim\u00e9e\" \/>\n\t<meta name=\"twitter:data1\" content=\"1 minute\" \/>\n<script type=\"application\/ld+json\" class=\"yoast-schema-graph\">{\"@context\":\"https:\/\/schema.org\",\"@graph\":[{\"@type\":\"WebPage\",\"@id\":\"https:\/\/patrickvacation.com\/excursiones\/montana-redonda-y-los-haitises\/\",\"url\":\"https:\/\/patrickvacation.com\/excursiones\/montana-redonda-y-los-haitises\/\",\"name\":\"3x1 Monta\u00f1a, Cascada y Parque - Patrick Vacation\",\"isPartOf\":{\"@id\":\"https:\/\/patrickvacation.com\/#website\"},\"primaryImageOfPage\":{\"@id\":\"https:\/\/patrickvacation.com\/excursiones\/montana-redonda-y-los-haitises\/#primaryimage\"},\"image\":{\"@id\":\"https:\/\/patrickvacation.com\/excursiones\/montana-redonda-y-los-haitises\/#primaryimage\"},\"thumbnailUrl\":\"https:\/\/patrickvacation.com\/wp-content\/uploads\/2023\/06\/13.jpg\",\"datePublished\":\"2023-06-21T07:25:10+00:00\",\"dateModified\":\"2023-06-21T07:25:11+00:00\",\"description\":\"La naturaleza tropical de Rep\u00fablica Dominicana es uno de los principales atractivos de turismo en el pa\u00eds. Hoy queremos proponerte una excursi\u00f3n \u00fanica que puedes hacer desde Punta Cana, y que incluye la visita a tres lugares en el que los paisajes te dejar\u00e1n sin habla.\",\"breadcrumb\":{\"@id\":\"https:\/\/patrickvacation.com\/excursiones\/montana-redonda-y-los-haitises\/#breadcrumb\"},\"inLanguage\":\"fr-FR\",\"potentialAction\":[{\"@type\":\"ReadAction\",\"target\":[\"https:\/\/patrickvacation.com\/excursiones\/montana-redonda-y-los-haitises\/\"]}]},{\"@type\":\"ImageObject\",\"inLanguage\":\"fr-FR\",\"@id\":\"https:\/\/patrickvacation.com\/excursiones\/montana-redonda-y-los-haitises\/#primaryimage\",\"url\":\"https:\/\/patrickvacation.com\/wp-content\/uploads\/2023\/06\/13.jpg\",\"contentUrl\":\"https:\/\/patrickvacation.com\/wp-content\/uploads\/2023\/06\/13.jpg\",\"width\":669,\"height\":446},{\"@type\":\"BreadcrumbList\",\"@id\":\"https:\/\/patrickvacation.com\/excursiones\/montana-redonda-y-los-haitises\/#breadcrumb\",\"itemListElement\":[{\"@type\":\"ListItem\",\"position\":1,\"name\":\"Portada\",\"item\":\"https:\/\/patrickvacation.com\/\"},{\"@type\":\"ListItem\",\"position\":2,\"name\":\"Excursiones y Reservas\",\"item\":\"https:\/\/patrickvacation.com\/excursiones\/\"},{\"@type\":\"ListItem\",\"position\":3,\"name\":\"3&#215;1 Monta\u00f1a, Cascada y Parque\"}]},{\"@type\":\"WebSite\",\"@id\":\"https:\/\/patrickvacation.com\/#website\",\"url\":\"https:\/\/patrickvacation.com\/\",\"name\":\"Patrick Vacation\",\"description\":\"\",\"publisher\":{\"@id\":\"https:\/\/patrickvacation.com\/#organization\"},\"potentialAction\":[{\"@type\":\"SearchAction\",\"target\":{\"@type\":\"EntryPoint\",\"urlTemplate\":\"https:\/\/patrickvacation.com\/?s={search_term_string}\"},\"query-input\":{\"@type\":\"PropertyValueSpecification\",\"valueRequired\":true,\"valueName\":\"search_term_string\"}}],\"inLanguage\":\"fr-FR\"},{\"@type\":\"Organization\",\"@id\":\"https:\/\/patrickvacation.com\/#organization\",\"name\":\"Alcequiez Tours and Travel\",\"url\":\"https:\/\/patrickvacation.com\/\",\"logo\":{\"@type\":\"ImageObject\",\"inLanguage\":\"fr-FR\",\"@id\":\"https:\/\/patrickvacation.com\/#\/schema\/logo\/image\/\",\"url\":\"https:\/\/patrickvacation.com\/wp-content\/uploads\/2023\/03\/Logo-Alcequiez.png\",\"contentUrl\":\"https:\/\/patrickvacation.com\/wp-content\/uploads\/2023\/03\/Logo-Alcequiez.png\",\"width\":1080,\"height\":560,\"caption\":\"Alcequiez Tours and Travel\"},\"image\":{\"@id\":\"https:\/\/patrickvacation.com\/#\/schema\/logo\/image\/\"},\"sameAs\":[\"https:\/\/www.facebook.com\/alcequiez.tours.travel\",\"https:\/\/www.instagram.com\/alcequieztour\/\"]}]}<\/script>\n<!-- \/ Yoast SEO plugin. -->","yoast_head_json":{"title":"3x1 Monta\u00f1a, Cascada y Parque - Patrick Vacation","description":"La naturaleza tropical de Rep\u00fablica Dominicana es uno de los principales atractivos de turismo en el pa\u00eds. Hoy queremos proponerte una excursi\u00f3n \u00fanica que puedes hacer desde Punta Cana, y que incluye la visita a tres lugares en el que los paisajes te dejar\u00e1n sin habla.","robots":{"index":"index","follow":"follow","max-snippet":"max-snippet:-1","max-image-preview":"max-image-preview:large","max-video-preview":"max-video-preview:-1"},"canonical":"https:\/\/patrickvacation.com\/fr\/excursiones\/montana-redonda-y-los-haitises\/","og_locale":"fr_FR","og_type":"article","og_title":"3x1 Monta\u00f1a, Cascada y Parque - Patrick Vacation","og_description":"La naturaleza tropical de Rep\u00fablica Dominicana es uno de los principales atractivos de turismo en el pa\u00eds. Hoy queremos proponerte una excursi\u00f3n \u00fanica que puedes hacer desde Punta Cana, y que incluye la visita a tres lugares en el que los paisajes te dejar\u00e1n sin habla.","og_url":"https:\/\/patrickvacation.com\/fr\/excursiones\/montana-redonda-y-los-haitises\/","og_site_name":"Patrick Vacation","article_publisher":"https:\/\/www.facebook.com\/alcequiez.tours.travel","article_modified_time":"2023-06-21T07:25:11+00:00","og_image":[{"width":669,"height":446,"url":"https:\/\/patrickvacation.com\/wp-content\/uploads\/2023\/06\/13.jpg","type":"image\/jpeg"}],"twitter_card":"summary_large_image","twitter_misc":{"Dur\u00e9e de lecture estim\u00e9e":"1 minute"},"schema":{"@context":"https:\/\/schema.org","@graph":[{"@type":"WebPage","@id":"https:\/\/patrickvacation.com\/excursiones\/montana-redonda-y-los-haitises\/","url":"https:\/\/patrickvacation.com\/excursiones\/montana-redonda-y-los-haitises\/","name":"3x1 Monta\u00f1a, Cascada y Parque - Patrick Vacation","isPartOf":{"@id":"https:\/\/patrickvacation.com\/#website"},"primaryImageOfPage":{"@id":"https:\/\/patrickvacation.com\/excursiones\/montana-redonda-y-los-haitises\/#primaryimage"},"image":{"@id":"https:\/\/patrickvacation.com\/excursiones\/montana-redonda-y-los-haitises\/#primaryimage"},"thumbnailUrl":"https:\/\/patrickvacation.com\/wp-content\/uploads\/2023\/06\/13.jpg","datePublished":"2023-06-21T07:25:10+00:00","dateModified":"2023-06-21T07:25:11+00:00","description":"La naturaleza tropical de Rep\u00fablica Dominicana es uno de los principales atractivos de turismo en el pa\u00eds. Hoy queremos proponerte una excursi\u00f3n \u00fanica que puedes hacer desde Punta Cana, y que incluye la visita a tres lugares en el que los paisajes te dejar\u00e1n sin habla.","breadcrumb":{"@id":"https:\/\/patrickvacation.com\/excursiones\/montana-redonda-y-los-haitises\/#breadcrumb"},"inLanguage":"fr-FR","potentialAction":[{"@type":"ReadAction","target":["https:\/\/patrickvacation.com\/excursiones\/montana-redonda-y-los-haitises\/"]}]},{"@type":"ImageObject","inLanguage":"fr-FR","@id":"https:\/\/patrickvacation.com\/excursiones\/montana-redonda-y-los-haitises\/#primaryimage","url":"https:\/\/patrickvacation.com\/wp-content\/uploads\/2023\/06\/13.jpg","contentUrl":"https:\/\/patrickvacation.com\/wp-content\/uploads\/2023\/06\/13.jpg","width":669,"height":446},{"@type":"BreadcrumbList","@id":"https:\/\/patrickvacation.com\/excursiones\/montana-redonda-y-los-haitises\/#breadcrumb","itemListElement":[{"@type":"ListItem","position":1,"name":"Portada","item":"https:\/\/patrickvacation.com\/"},{"@type":"ListItem","position":2,"name":"Excursiones y Reservas","item":"https:\/\/patrickvacation.com\/excursiones\/"},{"@type":"ListItem","position":3,"name":"3&#215;1 Monta\u00f1a, Cascada y Parque"}]},{"@type":"WebSite","@id":"https:\/\/patrickvacation.com\/#website","url":"https:\/\/patrickvacation.com\/","name":"Patrick Vacation","description":"","publisher":{"@id":"https:\/\/patrickvacation.com\/#organization"},"potentialAction":[{"@type":"SearchAction","target":{"@type":"EntryPoint","urlTemplate":"https:\/\/patrickvacation.com\/?s={search_term_string}"},"query-input":{"@type":"PropertyValueSpecification","valueRequired":true,"valueName":"search_term_string"}}],"inLanguage":"fr-FR"},{"@type":"Organization","@id":"https:\/\/patrickvacation.com\/#organization","name":"Alcequiez Tours and Travel","url":"https:\/\/patrickvacation.com\/","logo":{"@type":"ImageObject","inLanguage":"fr-FR","@id":"https:\/\/patrickvacation.com\/#\/schema\/logo\/image\/","url":"https:\/\/patrickvacation.com\/wp-content\/uploads\/2023\/03\/Logo-Alcequiez.png","contentUrl":"https:\/\/patrickvacation.com\/wp-content\/uploads\/2023\/03\/Logo-Alcequiez.png","width":1080,"height":560,"caption":"Alcequiez Tours and Travel"},"image":{"@id":"https:\/\/patrickvacation.com\/#\/schema\/logo\/image\/"},"sameAs":["https:\/\/www.facebook.com\/alcequiez.tours.travel","https:\/\/www.instagram.com\/alcequieztour\/"]}]}},"_links":{"self":[{"href":"https:\/\/patrickvacation.com\/fr\/wp-json\/wp\/v2\/product\/6391","targetHints":{"allow":["GET"]}}],"collection":[{"href":"https:\/\/patrickvacation.com\/fr\/wp-json\/wp\/v2\/product"}],"about":[{"href":"https:\/\/patrickvacation.com\/fr\/wp-json\/wp\/v2\/types\/product"}],"version-history":[{"count":0,"href":"https:\/\/patrickvacation.com\/fr\/wp-json\/wp\/v2\/product\/6391\/revisions"}],"wp:featuredmedia":[{"embeddable":true,"href":"https:\/\/patrickvacation.com\/fr\/wp-json\/wp\/v2\/media\/6392"}],"wp:attachment":[{"href":"https:\/\/patrickvacation.com\/fr\/wp-json\/wp\/v2\/media?parent=6391"}],"wp:term":[{"taxonomy":"product_brand","embeddable":true,"href":"https:\/\/patrickvacation.com\/fr\/wp-json\/wp\/v2\/product_brand?post=6391"},{"taxonomy":"product_cat","embeddable":true,"href":"https:\/\/patrickvacation.com\/fr\/wp-json\/wp\/v2\/product_cat?post=6391"},{"taxonomy":"product_tag","embeddable":true,"href":"https:\/\/patrickvacation.com\/fr\/wp-json\/wp\/v2\/product_tag?post=6391"}],"curies":[{"name":"wp","href":"https:\/\/api.w.org\/{rel}","templated":true}]}}