{"id":6419,"date":"2023-06-21T08:05:59","date_gmt":"2023-06-21T08:05:59","guid":{"rendered":"https:\/\/patrickvacation.com\/?post_type=product&#038;p=6419"},"modified":"2025-02-18T17:15:02","modified_gmt":"2025-02-18T17:15:02","slug":"monkeyland-en-anamuya","status":"publish","type":"product","link":"https:\/\/patrickvacation.com\/fr\/excursiones\/monkeyland-en-anamuya\/","title":{"rendered":"Monkeyland dans Anamuya"},"content":{"rendered":"<section id=\"section-137-2509\" class=\"ct-section nitro-offscreen\">\n<div class=\"ct-section-inner-wrap\" style=\"margin-left: auto;margin-right: auto;height: 1073.53px;min-height: inherit;max-width: 1120px;padding: 20px;flex-direction: column;align-items: flex-start\" data-mce-style=\"margin-left: auto; margin-right: auto; height: 1073.53px; min-height: inherit; max-width: 1120px; padding: 20px; flex-direction: column; align-items: flex-start;\">\n<h2 id=\"headline-138-2509\" class=\"ct-headline\" style=\"margin: 7px 0px 0px;font-family: Quicksand;font-size: 35px\" data-mce-style=\"margin: 7px 0px 0px; font-family: Quicksand; font-size: 35px;\">\u00bfQu\u00e9 podemos ver en Monkeyland?<\/h2>\n<div id=\"_rich_text-139-2509\" class=\"oxy-rich-text\" style=\"margin-top: 25px;width: 1080px\" data-mce-style=\"margin-top: 25px; width: 1080px;\">\n<p style=\"margin-block-start: 0px\" data-mce-style=\"margin-block-start: 0px;\">La excursi\u00f3n comienza viajando en un cami\u00f3n safari hacia el interior de Punta Cana, hasta llegar a una\u00a0<span style=\"font-weight: bolder\" data-mce-style=\"font-weight: bolder;\">t\u00edpica casa de campo<\/span>. All\u00ed interactuaremos con sus habitantes, observando c\u00f3mo viven de la tierra y los productos que obtienen.\u00a0<span style=\"font-weight: bolder\" data-mce-style=\"font-weight: bolder;\">En esta plantaci\u00f3n de caf\u00e9 y cacao<\/span>\u00a0tambi\u00e9n se puede disfrutar de un buen caf\u00e9 tostado o del cacao org\u00e1nico que se produce.<\/p>\n<p>Tras esta experiencia continuaremos nuestra aventura hacia la segunda parada, el jard\u00edn de Monkeyland, observando la<span style=\"font-weight: bolder\" data-mce-style=\"font-weight: bolder;\">\u00a0flora aut\u00f3ctona<\/span>\u00a0de la isla mientras nuestro gu\u00eda nos explica algunos de sus secretos. A continuaci\u00f3n, pasaremos 45 minutos interactuando con los divertidos monos ardilla que habitan el parque, y que est\u00e1n deseando recibir a los visitantes.<\/p>\n<p>Estos monos est\u00e1n acostumbrados a tratar con la gente. De hecho,\u00a0<span style=\"font-weight: bolder\" data-mce-style=\"font-weight: bolder;\">han sido entrenados por cuidadores expertos<\/span>\u00a0que llevan d\u00e9cadas trabajando con estos animales, ense\u00f1\u00e1ndoles a confiar en los humanos y a disfrutar de su compa\u00f1\u00eda. Algunos de ellos incluso se atrever\u00e1n a saltar sobre el hombro de los visitantes para comer de su mano.<\/p>\n<p style=\"margin-block-end: 0px\" data-mce-style=\"margin-block-end: 0px;\">Por supuesto, hay que tener cuidado con los objetos brillantes, ya que pueden intentar coger algo que les llame la atenci\u00f3n. Por lo dem\u00e1s, disfrutan posando para las fotos y seguro que en algunas de las im\u00e1genes aparecen sentados mirando al objetivo.<\/p>\n<\/div>\n<p><img decoding=\"async\" id=\"image-140-2509\" alt=\"squirrel monkeys monkeyland\" class=\"ct-image lazyloaded\" src=\"https:\/\/cdn-dhnkp.nitrocdn.com\/aDdVAvheblxMQJkSnanCVhgzxKRiEyyu\/assets\/images\/optimized\/rev-c960169\/jackcana.tours\/wp-content\/uploads\/2022\/11\/squirrel-monkeys-monkeyland.jpg\" style=\"border-style: none;margin-top: 35px;border-radius: 20px\" data-mce-src=\"https:\/\/cdn-dhnkp.nitrocdn.com\/aDdVAvheblxMQJkSnanCVhgzxKRiEyyu\/assets\/images\/optimized\/rev-c960169\/jackcana.tours\/wp-content\/uploads\/2022\/11\/squirrel-monkeys-monkeyland.jpg\" data-mce-style=\"border-style: none; margin-top: 35px; border-radius: 20px;\"><span style=\"font-family: Quicksand;font-size: 35px\" data-mce-style=\"font-family: Quicksand; font-size: 35px;\"><br \/><\/span><\/p>\n<p><strong><span style=\"font-family: Quicksand;font-size: 35px\" data-mce-style=\"font-family: Quicksand; font-size: 35px;\">Recomendaciones para esta excursi\u00f3n<br \/><\/span><\/strong><\/p>\n<p>Para disfrutar de la visita a Monkeyland nos aseguraremos de que todo est\u00e9 preparado, aunque hay algunos detalles a tener en cuenta para vivir la experiencia lo mejor posible:<\/p>\n<ul>\n<li>No utilizar <span data-mce-style=\"font-weight: bolder;\" style=\"font-weight: bolder\">repelente de mosquitos<\/span>.<br \/><span data-mce-style=\"font-weight: bolder;\" style=\"font-weight: bolder\">No usar protector solar<\/span>.<br \/>Llevar <span data-mce-style=\"font-weight: bolder;\" style=\"font-weight: bolder\">ropa ligera<\/span>.<br \/>Llevar una <span data-mce-style=\"font-weight: bolder;\" style=\"font-weight: bolder\">gorra<\/span> para protegerse del intenso sol.<br \/>Tambi\u00e9n es aconsejable llevar\u00a0<span data-mce-style=\"font-weight: bolder;\" style=\"font-weight: bolder\">gafas de sol<\/span>.<\/li>\n<\/ul>\n<\/div>\n<\/section>\n<section id=\"section-87-2494\" class=\"ct-section nitro-offscreen\">\n<div class=\"ct-section-inner-wrap\" style=\"margin-left: auto;margin-right: auto;height: 400.344px;min-height: inherit;max-width: 1120px;padding: 20px 20px 30px;flex-direction: column;align-items: flex-start\" data-mce-style=\"margin-left: auto; margin-right: auto; height: 400.344px; min-height: inherit; max-width: 1120px; padding: 20px 20px 30px; flex-direction: column; align-items: flex-start;\">\n<h3><br data-mce-bogus=\"1\"><\/h3>\n<h3 id=\"headline-33-2494\" class=\"ct-headline Caracteristicas\" style=\"margin: 0px 0px 0px 15px;font-family: Quicksand;font-size: 20px;font-weight: bold\" data-mce-style=\"margin: 0px 0px 0px 15px; font-family: Quicksand; font-size: 20px; font-weight: bold;\">Duraci\u00f3n: 5 horas<br \/><\/h3>\n<h3 id=\"headline-36-2494\" class=\"ct-headline Caracteristicas\" style=\"margin: 0px 0px 0px 15px;font-family: Quicksand;font-size: 20px\" data-mce-style=\"margin: 0px 0px 0px 15px; font-family: Quicksand; font-size: 20px;\">Horario:\u00a007:00 a.m \/ 01:00\u00a0p.m<\/h3>\n<h3 id=\"headline-102-2494\" class=\"ct-headline Caracteristicas\" style=\"margin: 0px 0px 0px 15px;font-family: Quicksand;font-size: 20px\" data-mce-style=\"margin: 0px 0px 0px 15px; font-family: Quicksand; font-size: 20px;\">Tambi\u00e9n disponible: 10:15 a.m. \/ 12:15 p.m. Consulte con nosotros.<\/h3>\n<h3 id=\"headline-39-2494\" class=\"ct-headline Caracteristicas\" style=\"margin: 0px 0px 0px 15px;font-family: Quicksand;font-size: 20px\" data-mce-style=\"margin: 0px 0px 0px 15px; font-family: Quicksand; font-size: 20px;\">Recogida en hoteles<\/h3>\n<h3 id=\"headline-42-2494\" class=\"ct-headline Caracteristicas\" style=\"margin: 0px 0px 0px 15px;font-family: Quicksand;font-size: 20px;font-weight: bold\" data-mce-style=\"margin: 0px 0px 0px 15px; font-family: Quicksand; font-size: 20px; font-weight: bold;\">Todos los d\u00edas<\/h3>\n<\/div>\n<\/section>","protected":false},"excerpt":{"rendered":"<p>Dans ce fascinant parc \u00e0 th\u00e8me, vous pouvez observer l&#039;une des meilleures vues sur la nature autour de l&#039;\u00eele. Un lieu plein d&#039;arbres habit\u00e9s par l&#039;amicale des singes-\u00e9cureuils, qui viennent saluer tous les visiteurs qui passent par l&#039;entr\u00e9e, en jouant et en offrant une exp\u00e9rience unique aux voyageurs.<\/p>\n<p>Monkeyland\u00a0es una excursi\u00f3n que recordar\u00e1 durante a\u00f1os.<\/p>\n<p>Dans ce fascinant parc \u00e0 th\u00e8me, vous pouvez observer l&#039;une des meilleures vues sur la nature autour de l&#039;\u00eele. Un lieu plein d&#039;arbres habit\u00e9s par l&#039;amicale des singes-\u00e9cureuils, qui viennent saluer tous les visiteurs qui passent par l&#039;entr\u00e9e, en jouant et en offrant une exp\u00e9rience unique aux voyageurs.<\/p>\n<p>Monkeyland es la confirmaci\u00f3n de que se puede combinar la aventura con la cultura, descubriendo tanto aspectos de la vida de estos divertidos animales como el estilo de vida tradicional de esta zona del Caribe.<\/p>\n<p>Sin duda, es una de las excursiones m\u00e1s interesantes para hacer en familia, porque a los ni\u00f1os les encantar\u00e1 tanto el paseo en el cami\u00f3n safari como la experiencia de ser recibidos por los monos e interactuar con ellos. \u00a1No querr\u00e1n que se acabe la excursi\u00f3n!<\/p>","protected":false},"featured_media":6426,"template":"","meta":[],"product_brand":[],"product_cat":[178,181,182,179],"product_tag":[],"class_list":{"0":"post-6419","1":"product","2":"type-product","3":"status-publish","4":"has-post-thumbnail","6":"product_cat-aventura-safari","7":"product_cat-deportes-extremos","8":"product_cat-ecoaventura-senderismo","9":"product_cat-parques-experiencias","11":"first","12":"instock","13":"virtual","14":"sold-individually","15":"purchasable","16":"product-type-booking"},"yoast_head":"<!-- This site is optimized with the Yoast SEO plugin v24.7 - https:\/\/yoast.com\/wordpress\/plugins\/seo\/ -->\n<title>Monkeyland en Anamuya - Patrick Vacation<\/title>\n<meta name=\"description\" content=\"En este fascinante parque tem\u00e1tico podr\u00e1 observar una de las mejores vistas naturales de toda la isla. Un lugar lleno de \u00e1rboles habitados por los simp\u00e1ticos\u00a0monos ardilla, que salen a saludar a todos los visitantes que pasan por la entrada, jugando y ofreciendo una experiencia \u00fanica a los viajeros.\" \/>\n<meta name=\"robots\" content=\"index, follow, max-snippet:-1, max-image-preview:large, max-video-preview:-1\" \/>\n<link rel=\"canonical\" href=\"https:\/\/patrickvacation.com\/fr\/excursiones\/monkeyland-en-anamuya\/\" \/>\n<meta property=\"og:locale\" content=\"fr_FR\" \/>\n<meta property=\"og:type\" content=\"article\" \/>\n<meta property=\"og:title\" content=\"Monkeyland en Anamuya - Patrick Vacation\" \/>\n<meta property=\"og:description\" content=\"En este fascinante parque tem\u00e1tico podr\u00e1 observar una de las mejores vistas naturales de toda la isla. Un lugar lleno de \u00e1rboles habitados por los simp\u00e1ticos\u00a0monos ardilla, que salen a saludar a todos los visitantes que pasan por la entrada, jugando y ofreciendo una experiencia \u00fanica a los viajeros.\" \/>\n<meta property=\"og:url\" content=\"https:\/\/patrickvacation.com\/fr\/excursiones\/monkeyland-en-anamuya\/\" \/>\n<meta property=\"og:site_name\" content=\"Patrick Vacation\" \/>\n<meta property=\"article:publisher\" content=\"https:\/\/www.facebook.com\/alcequiez.tours.travel\" \/>\n<meta property=\"article:modified_time\" content=\"2025-02-18T17:15:02+00:00\" \/>\n<meta property=\"og:image\" content=\"https:\/\/patrickvacation.com\/wp-content\/uploads\/2023\/06\/DSC06320-copy-1-1.webp\" \/>\n\t<meta property=\"og:image:width\" content=\"1000\" \/>\n\t<meta property=\"og:image:height\" content=\"668\" \/>\n\t<meta property=\"og:image:type\" content=\"image\/webp\" \/>\n<meta name=\"twitter:card\" content=\"summary_large_image\" \/>\n<meta name=\"twitter:label1\" content=\"Dur\u00e9e de lecture estim\u00e9e\" \/>\n\t<meta name=\"twitter:data1\" content=\"1 minute\" \/>\n<script type=\"application\/ld+json\" class=\"yoast-schema-graph\">{\"@context\":\"https:\/\/schema.org\",\"@graph\":[{\"@type\":\"WebPage\",\"@id\":\"https:\/\/patrickvacation.com\/excursiones\/monkeyland-en-anamuya\/\",\"url\":\"https:\/\/patrickvacation.com\/excursiones\/monkeyland-en-anamuya\/\",\"name\":\"Monkeyland en Anamuya - Patrick Vacation\",\"isPartOf\":{\"@id\":\"https:\/\/patrickvacation.com\/#website\"},\"primaryImageOfPage\":{\"@id\":\"https:\/\/patrickvacation.com\/excursiones\/monkeyland-en-anamuya\/#primaryimage\"},\"image\":{\"@id\":\"https:\/\/patrickvacation.com\/excursiones\/monkeyland-en-anamuya\/#primaryimage\"},\"thumbnailUrl\":\"https:\/\/patrickvacation.com\/wp-content\/uploads\/2023\/06\/DSC06320-copy-1-1.webp\",\"datePublished\":\"2023-06-21T08:05:59+00:00\",\"dateModified\":\"2025-02-18T17:15:02+00:00\",\"description\":\"En este fascinante parque tem\u00e1tico podr\u00e1 observar una de las mejores vistas naturales de toda la isla. Un lugar lleno de \u00e1rboles habitados por los simp\u00e1ticos\u00a0monos ardilla, que salen a saludar a todos los visitantes que pasan por la entrada, jugando y ofreciendo una experiencia \u00fanica a los viajeros.\",\"breadcrumb\":{\"@id\":\"https:\/\/patrickvacation.com\/excursiones\/monkeyland-en-anamuya\/#breadcrumb\"},\"inLanguage\":\"fr-FR\",\"potentialAction\":[{\"@type\":\"ReadAction\",\"target\":[\"https:\/\/patrickvacation.com\/excursiones\/monkeyland-en-anamuya\/\"]}]},{\"@type\":\"ImageObject\",\"inLanguage\":\"fr-FR\",\"@id\":\"https:\/\/patrickvacation.com\/excursiones\/monkeyland-en-anamuya\/#primaryimage\",\"url\":\"https:\/\/patrickvacation.com\/wp-content\/uploads\/2023\/06\/DSC06320-copy-1-1.webp\",\"contentUrl\":\"https:\/\/patrickvacation.com\/wp-content\/uploads\/2023\/06\/DSC06320-copy-1-1.webp\",\"width\":1000,\"height\":668},{\"@type\":\"BreadcrumbList\",\"@id\":\"https:\/\/patrickvacation.com\/excursiones\/monkeyland-en-anamuya\/#breadcrumb\",\"itemListElement\":[{\"@type\":\"ListItem\",\"position\":1,\"name\":\"Portada\",\"item\":\"https:\/\/patrickvacation.com\/\"},{\"@type\":\"ListItem\",\"position\":2,\"name\":\"Excursiones y Reservas\",\"item\":\"https:\/\/patrickvacation.com\/excursiones\/\"},{\"@type\":\"ListItem\",\"position\":3,\"name\":\"Monkeyland en Anamuya\"}]},{\"@type\":\"WebSite\",\"@id\":\"https:\/\/patrickvacation.com\/#website\",\"url\":\"https:\/\/patrickvacation.com\/\",\"name\":\"Patrick Vacation\",\"description\":\"\",\"publisher\":{\"@id\":\"https:\/\/patrickvacation.com\/#organization\"},\"potentialAction\":[{\"@type\":\"SearchAction\",\"target\":{\"@type\":\"EntryPoint\",\"urlTemplate\":\"https:\/\/patrickvacation.com\/?s={search_term_string}\"},\"query-input\":{\"@type\":\"PropertyValueSpecification\",\"valueRequired\":true,\"valueName\":\"search_term_string\"}}],\"inLanguage\":\"fr-FR\"},{\"@type\":\"Organization\",\"@id\":\"https:\/\/patrickvacation.com\/#organization\",\"name\":\"Alcequiez Tours and Travel\",\"url\":\"https:\/\/patrickvacation.com\/\",\"logo\":{\"@type\":\"ImageObject\",\"inLanguage\":\"fr-FR\",\"@id\":\"https:\/\/patrickvacation.com\/#\/schema\/logo\/image\/\",\"url\":\"https:\/\/patrickvacation.com\/wp-content\/uploads\/2023\/03\/Logo-Alcequiez.png\",\"contentUrl\":\"https:\/\/patrickvacation.com\/wp-content\/uploads\/2023\/03\/Logo-Alcequiez.png\",\"width\":1080,\"height\":560,\"caption\":\"Alcequiez Tours and Travel\"},\"image\":{\"@id\":\"https:\/\/patrickvacation.com\/#\/schema\/logo\/image\/\"},\"sameAs\":[\"https:\/\/www.facebook.com\/alcequiez.tours.travel\",\"https:\/\/www.instagram.com\/alcequieztour\/\"]}]}<\/script>\n<!-- \/ Yoast SEO plugin. -->","yoast_head_json":{"title":"Monkeyland en Anamuya - Patrick Vacation","description":"En este fascinante parque tem\u00e1tico podr\u00e1 observar una de las mejores vistas naturales de toda la isla. Un lugar lleno de \u00e1rboles habitados por los simp\u00e1ticos\u00a0monos ardilla, que salen a saludar a todos los visitantes que pasan por la entrada, jugando y ofreciendo una experiencia \u00fanica a los viajeros.","robots":{"index":"index","follow":"follow","max-snippet":"max-snippet:-1","max-image-preview":"max-image-preview:large","max-video-preview":"max-video-preview:-1"},"canonical":"https:\/\/patrickvacation.com\/fr\/excursiones\/monkeyland-en-anamuya\/","og_locale":"fr_FR","og_type":"article","og_title":"Monkeyland en Anamuya - Patrick Vacation","og_description":"En este fascinante parque tem\u00e1tico podr\u00e1 observar una de las mejores vistas naturales de toda la isla. Un lugar lleno de \u00e1rboles habitados por los simp\u00e1ticos\u00a0monos ardilla, que salen a saludar a todos los visitantes que pasan por la entrada, jugando y ofreciendo una experiencia \u00fanica a los viajeros.","og_url":"https:\/\/patrickvacation.com\/fr\/excursiones\/monkeyland-en-anamuya\/","og_site_name":"Patrick Vacation","article_publisher":"https:\/\/www.facebook.com\/alcequiez.tours.travel","article_modified_time":"2025-02-18T17:15:02+00:00","og_image":[{"width":1000,"height":668,"url":"https:\/\/patrickvacation.com\/wp-content\/uploads\/2023\/06\/DSC06320-copy-1-1.webp","type":"image\/webp"}],"twitter_card":"summary_large_image","twitter_misc":{"Dur\u00e9e de lecture estim\u00e9e":"1 minute"},"schema":{"@context":"https:\/\/schema.org","@graph":[{"@type":"WebPage","@id":"https:\/\/patrickvacation.com\/excursiones\/monkeyland-en-anamuya\/","url":"https:\/\/patrickvacation.com\/excursiones\/monkeyland-en-anamuya\/","name":"Monkeyland en Anamuya - Patrick Vacation","isPartOf":{"@id":"https:\/\/patrickvacation.com\/#website"},"primaryImageOfPage":{"@id":"https:\/\/patrickvacation.com\/excursiones\/monkeyland-en-anamuya\/#primaryimage"},"image":{"@id":"https:\/\/patrickvacation.com\/excursiones\/monkeyland-en-anamuya\/#primaryimage"},"thumbnailUrl":"https:\/\/patrickvacation.com\/wp-content\/uploads\/2023\/06\/DSC06320-copy-1-1.webp","datePublished":"2023-06-21T08:05:59+00:00","dateModified":"2025-02-18T17:15:02+00:00","description":"En este fascinante parque tem\u00e1tico podr\u00e1 observar una de las mejores vistas naturales de toda la isla. Un lugar lleno de \u00e1rboles habitados por los simp\u00e1ticos\u00a0monos ardilla, que salen a saludar a todos los visitantes que pasan por la entrada, jugando y ofreciendo una experiencia \u00fanica a los viajeros.","breadcrumb":{"@id":"https:\/\/patrickvacation.com\/excursiones\/monkeyland-en-anamuya\/#breadcrumb"},"inLanguage":"fr-FR","potentialAction":[{"@type":"ReadAction","target":["https:\/\/patrickvacation.com\/excursiones\/monkeyland-en-anamuya\/"]}]},{"@type":"ImageObject","inLanguage":"fr-FR","@id":"https:\/\/patrickvacation.com\/excursiones\/monkeyland-en-anamuya\/#primaryimage","url":"https:\/\/patrickvacation.com\/wp-content\/uploads\/2023\/06\/DSC06320-copy-1-1.webp","contentUrl":"https:\/\/patrickvacation.com\/wp-content\/uploads\/2023\/06\/DSC06320-copy-1-1.webp","width":1000,"height":668},{"@type":"BreadcrumbList","@id":"https:\/\/patrickvacation.com\/excursiones\/monkeyland-en-anamuya\/#breadcrumb","itemListElement":[{"@type":"ListItem","position":1,"name":"Portada","item":"https:\/\/patrickvacation.com\/"},{"@type":"ListItem","position":2,"name":"Excursiones y Reservas","item":"https:\/\/patrickvacation.com\/excursiones\/"},{"@type":"ListItem","position":3,"name":"Monkeyland en Anamuya"}]},{"@type":"WebSite","@id":"https:\/\/patrickvacation.com\/#website","url":"https:\/\/patrickvacation.com\/","name":"Patrick Vacation","description":"","publisher":{"@id":"https:\/\/patrickvacation.com\/#organization"},"potentialAction":[{"@type":"SearchAction","target":{"@type":"EntryPoint","urlTemplate":"https:\/\/patrickvacation.com\/?s={search_term_string}"},"query-input":{"@type":"PropertyValueSpecification","valueRequired":true,"valueName":"search_term_string"}}],"inLanguage":"fr-FR"},{"@type":"Organization","@id":"https:\/\/patrickvacation.com\/#organization","name":"Alcequiez Tours and Travel","url":"https:\/\/patrickvacation.com\/","logo":{"@type":"ImageObject","inLanguage":"fr-FR","@id":"https:\/\/patrickvacation.com\/#\/schema\/logo\/image\/","url":"https:\/\/patrickvacation.com\/wp-content\/uploads\/2023\/03\/Logo-Alcequiez.png","contentUrl":"https:\/\/patrickvacation.com\/wp-content\/uploads\/2023\/03\/Logo-Alcequiez.png","width":1080,"height":560,"caption":"Alcequiez Tours and Travel"},"image":{"@id":"https:\/\/patrickvacation.com\/#\/schema\/logo\/image\/"},"sameAs":["https:\/\/www.facebook.com\/alcequiez.tours.travel","https:\/\/www.instagram.com\/alcequieztour\/"]}]}},"_links":{"self":[{"href":"https:\/\/patrickvacation.com\/fr\/wp-json\/wp\/v2\/product\/6419","targetHints":{"allow":["GET"]}}],"collection":[{"href":"https:\/\/patrickvacation.com\/fr\/wp-json\/wp\/v2\/product"}],"about":[{"href":"https:\/\/patrickvacation.com\/fr\/wp-json\/wp\/v2\/types\/product"}],"version-history":[{"count":0,"href":"https:\/\/patrickvacation.com\/fr\/wp-json\/wp\/v2\/product\/6419\/revisions"}],"wp:featuredmedia":[{"embeddable":true,"href":"https:\/\/patrickvacation.com\/fr\/wp-json\/wp\/v2\/media\/6426"}],"wp:attachment":[{"href":"https:\/\/patrickvacation.com\/fr\/wp-json\/wp\/v2\/media?parent=6419"}],"wp:term":[{"taxonomy":"product_brand","embeddable":true,"href":"https:\/\/patrickvacation.com\/fr\/wp-json\/wp\/v2\/product_brand?post=6419"},{"taxonomy":"product_cat","embeddable":true,"href":"https:\/\/patrickvacation.com\/fr\/wp-json\/wp\/v2\/product_cat?post=6419"},{"taxonomy":"product_tag","embeddable":true,"href":"https:\/\/patrickvacation.com\/fr\/wp-json\/wp\/v2\/product_tag?post=6419"}],"curies":[{"name":"wp","href":"https:\/\/api.w.org\/{rel}","templated":true}]}}