{"id":6452,"date":"2023-06-21T09:01:25","date_gmt":"2023-06-21T09:01:25","guid":{"rendered":"https:\/\/patrickvacation.com\/?post_type=product&#038;p=6452"},"modified":"2025-02-12T22:28:17","modified_gmt":"2025-02-12T22:28:17","slug":"bahia-de-las-aguilas","status":"publish","type":"product","link":"https:\/\/patrickvacation.com\/fr\/excursiones\/bahia-de-las-aguilas\/","title":{"rendered":"Bahia de las Aguilas"},"content":{"rendered":"<section id=\"section-65-2832\" class=\"ct-section nitro-offscreen\">\n<div class=\"ct-section-inner-wrap\" style=\"margin-left: auto;margin-right: auto;height: 390.344px;min-height: inherit;max-width: 1120px;padding: 25px 20px;flex-direction: column;align-items: flex-start\" data-mce-style=\"margin-left: auto; margin-right: auto; height: 390.344px; min-height: inherit; max-width: 1120px; padding: 25px 20px; flex-direction: column; align-items: flex-start;\">\n<h2 id=\"headline-66-2832\" class=\"ct-headline\" style=\"margin: 7px 0px 0px;font-family: Quicksand;font-size: 35px\" data-mce-style=\"margin: 7px 0px 0px; font-family: Quicksand; font-size: 35px;\">Itinerario del tour a Bah\u00eda de las \u00c1guilas<\/h2>\n<div id=\"_rich_text-69-2832\" class=\"oxy-rich-text\" style=\"margin-top: 15px;width: 1080px\" data-mce-style=\"margin-top: 15px; width: 1080px;\">\n<p style=\"margin-block-start: 0px\" data-mce-style=\"margin-block-start: 0px;\">El recorrido que seguiremos a lo largo de esta excursi\u00f3n es el siguiente:<\/p>\n<ul>\n<li><span style=\"font-weight: bolder\" data-mce-style=\"font-weight: bolder;\">08:00 a.m.<\/span>\u00a0&#8211; Recogida en tu hotel y viaje en coche bordeando la costa hasta llegar a\u00a0<span style=\"font-weight: bolder\" data-mce-style=\"font-weight: bolder;\">Cabo Rojo<\/span>, donde comienza la aventura.<\/li>\n<li><span style=\"font-weight: bolder\" data-mce-style=\"font-weight: bolder;\">10:30 a.m.<\/span>\u00a0&#8211; Viajaremos en lancha por el mar durante 15 minutos, hasta llegar a la hermosa\u00a0<span style=\"font-weight: bolder\" data-mce-style=\"font-weight: bolder;\">Bah\u00eda de las \u00c1guilas<\/span>, una de las playas naturales m\u00e1s impresionantes del mundo.<\/li>\n<li><span style=\"font-weight: bolder\" data-mce-style=\"font-weight: bolder;\">11:00 a.m.<\/span>\u00a0&#8211; Pasaremos tiempo explorando y disfrutando de la playa y sus alrededores.\u00a0<span style=\"font-weight: bolder\" data-mce-style=\"font-weight: bolder;\">Podr\u00e1s recorrer los 8 kil\u00f3metros de arena blanca<\/span>, sumergirte en sus aguas opalinas y turquesa para nadar, bucear con snorkel o tumbarte al sol y relajarte.<\/li>\n<li><span style=\"font-weight: bolder\" data-mce-style=\"font-weight: bolder;\">15:00 p.m.<\/span>\u00a0&#8211; Tras varias horas en la playa, volveremos al punto de partida. Si se desea, tambi\u00e9n podremos hacer una parada en\u00a0<span style=\"font-weight: bolder\" data-mce-style=\"font-weight: bolder;\">Los Patos<\/span>, una peque\u00f1a localidad pesquera que tambi\u00e9n es interesante visitar.<\/li>\n<li><span style=\"font-weight: bolder\" data-mce-style=\"font-weight: bolder;\">17:30 p.m.<\/span>\u00a0&#8211; Llegaremos al hotel con un extraordinario paquete de recuerdos en la memoria.<\/li>\n<\/ul>\n<\/div>\n<\/div>\n<\/section>\n<section id=\"section-70-2832\" class=\"ct-section nitro-offscreen\">\n<div class=\"ct-section-inner-wrap\" style=\"margin-left: auto;margin-right: auto;height: 415.938px;min-height: inherit;max-width: 1120px;padding: 25px 20px;flex-direction: column;align-items: flex-start\" data-mce-style=\"margin-left: auto; margin-right: auto; height: 415.938px; min-height: inherit; max-width: 1120px; padding: 25px 20px; flex-direction: column; align-items: flex-start;\">\n<h2 id=\"headline-71-2832\" class=\"ct-headline\" style=\"margin: 7px 0px 0px;font-family: Quicksand;font-size: 35px\" data-mce-style=\"margin: 7px 0px 0px; font-family: Quicksand; font-size: 35px;\">\u00bfQu\u00e9 est\u00e1 incluido con la reserva de esta actividad?<\/h2>\n<div id=\"_rich_text-72-2832\" class=\"oxy-rich-text\" style=\"margin-top: 15px;width: 1080px\" data-mce-style=\"margin-top: 15px; width: 1080px;\">\n<p style=\"margin-block-start: 0px\" data-mce-style=\"margin-block-start: 0px;\">Los servicios incluidos en el tour a Bah\u00eda de las \u00c1guilas son:<\/p>\n<ul>\n<li><span style=\"font-weight: bolder\" data-mce-style=\"font-weight: bolder;\">Recogida en tu hotel de Punta Cana o aeropuerto<\/span>.<\/li>\n<li><span style=\"font-weight: bolder\" data-mce-style=\"font-weight: bolder;\">Estancia de una noche en hotel tropical\u00a0<\/span>de Barahona.<\/li>\n<li><span style=\"font-weight: bolder\" data-mce-style=\"font-weight: bolder;\">Transporte de ida y vuelta desde tu alojamiento<\/span>, con ch\u00f3fer profesional para que no te tengas que preocupar por los traslados.<\/li>\n<li><span style=\"font-weight: bolder\" data-mce-style=\"font-weight: bolder;\">Gu\u00eda tur\u00edstico<\/span>\u00a0que te acompa\u00f1ar\u00e1 durante todo el recorrido y te dar\u00e1 informaci\u00f3n sobre los lugares que visitar\u00e1s.<\/li>\n<li><span style=\"font-weight: bolder\" data-mce-style=\"font-weight: bolder;\">Entrada<\/span>\u00a0al Parque Nacional Jaragua, en cuyo interior se encuentra la Bah\u00eda de las \u00c1guilas.<\/li>\n<li><span style=\"font-weight: bolder\" data-mce-style=\"font-weight: bolder;\">Lancha de transporte mar\u00edtimo<\/span>\u00a0para llegar hasta la playa.<\/li>\n<li><span style=\"font-weight: bolder\" data-mce-style=\"font-weight: bolder;\">Bebidas locales sin alcohol<\/span>\u00a0durante todo el recorrido.<\/li>\n<\/ul>\n<p style=\"margin-block-end: 0px\" data-mce-style=\"margin-block-end: 0px;\">Todo lo que no est\u00e1 en esta lista, como la posibilidad de degustar un almuerzo t\u00edpico o comprar recuerdos, es opcional y tendr\u00e1s que pagarlo por separado. Si quieres hacer uso de alguna de las opciones, avisa a tu gu\u00eda para que lo organice con antelaci\u00f3n.<\/p>\n<\/div>\n<\/div>\n<\/section>\n<section id=\"section-74-2832\" class=\"ct-section nitro-offscreen\">\n<div class=\"ct-section-inner-wrap\" style=\"margin-left: auto;margin-right: auto;height: 518.312px;min-height: inherit;max-width: 1120px;padding: 25px 20px;flex-direction: column;align-items: flex-start\" data-mce-style=\"margin-left: auto; margin-right: auto; height: 518.312px; min-height: inherit; max-width: 1120px; padding: 25px 20px; flex-direction: column; align-items: flex-start;\">\n<h2 id=\"headline-75-2832\" class=\"ct-headline\" style=\"margin: 7px 0px 0px;font-family: Quicksand;font-size: 35px\" data-mce-style=\"margin: 7px 0px 0px; font-family: Quicksand; font-size: 35px;\">Consejos para ir a esta excursi\u00f3n<\/h2>\n<div id=\"_rich_text-76-2832\" class=\"oxy-rich-text\" style=\"margin-top: 15px;width: 1080px\" data-mce-style=\"margin-top: 15px; width: 1080px;\">\n<p style=\"margin-block-start: 0px\" data-mce-style=\"margin-block-start: 0px;\">Para disfrutar al m\u00e1ximo del tour a Bah\u00eda de las \u00c1guilas, presta atenci\u00f3n a estas recomendaciones:<\/p>\n<ul>\n<li><span style=\"font-weight: bolder\" data-mce-style=\"font-weight: bolder;\">Lleva calzado y ropa c\u00f3moda<\/span>. Tanto para caminar como para subir y bajar de la lancha, te har\u00e1 falta calzado adecuado. Tambi\u00e9n se recomienda llevar ropa c\u00f3moda y transpirable.<\/li>\n<li><span style=\"font-weight: bolder\" data-mce-style=\"font-weight: bolder;\">Protector solar y repelente de insectos<\/span>. Bah\u00eda de las \u00c1guilas no tiene zonas de sombra, por lo que estar\u00e1s expuesto al sol durante toda la estancia. Por eso, es fundamental que lleves una crema solar con alto grado de protecci\u00f3n. Tambi\u00e9n necesitar\u00e1s repelente de insectos para evitar picaduras de mosquitos.<\/li>\n<li><span style=\"font-weight: bolder\" data-mce-style=\"font-weight: bolder;\">Accesorios de playa<\/span>. Trae toalla, un traje de ba\u00f1o, gafas de sol, sombrero, c\u00e1mara y cualquier otro accesorio que consideres necesario para disfrutar al m\u00e1ximo del d\u00eda en la playa.<\/li>\n<li><span style=\"font-weight: bolder\" data-mce-style=\"font-weight: bolder;\">Dinero en efectivo<\/span>. Si piensas comprar recuerdos o almorzar durante el tour, aseg\u00farate de llevar dinero suficiente para pagar estos gastos no incluidos.<\/li>\n<li><span style=\"font-weight: bolder\" data-mce-style=\"font-weight: bolder;\">Lleva una mochila con tus pertenencias<\/span>. Prepara una mochila con todas tus pertenencias para que puedas llevarlos contigo y tenerlos a mano a lo largo de la excursi\u00f3n.<\/li>\n<li><span style=\"font-weight: bolder\" data-mce-style=\"font-weight: bolder;\">Respeta el medio ambiente<\/span>. Recuerda que vas a visitar una zona virgen en un espacio protegido, por lo que es muy importante que sigas las reglas del parque, no dejes basura en la playa ni causes da\u00f1o en la flora o la fauna local.<\/li>\n<\/ul>\n<\/div>\n<\/div>\n<\/section>","protected":false},"excerpt":{"rendered":"<p><span style=\"font-weight: 400\" data-mce-style=\"font-weight: 400;\">La baie des Aigles, a un incroyable r\u00e9cif de corail, class\u00e9e comme l&#039;une des mieux conserv\u00e9es dans les Cara\u00efbes pour son extraordinaire biodiversit\u00e9. Cette plage est id\u00e9ale pour la plong\u00e9e en apn\u00e9e et de vivre une exp\u00e9rience inoubliable, alors n&#039;oubliez pas vos lunettes de protection et des bottines en n\u00e9opr\u00e8ne. de sorte que vous pouvez deslumbrarte avec un spectacle de couleurs, et d&#039;observer la vie marine, la maison pour une extraordinaire biodiversit\u00e9 des esp\u00e8ces, ainsi que les magnifiques r\u00e9cifs de corail.\u00a0<\/span><\/p>\n<p><span data-mce-style=\"font-weight: 400;\">ah\u00eda de las \u00c1guilas cuenta con un incre\u00edble arrecife de coral, catalogado como uno de los mejores preservados del Caribe por su extraordinaria biodiversidad. Esta playa es ideal para hacer esn\u00f3rquel y vivir una experiencia inolvidable, as\u00ed que no olvides tus gafas y escarpines. para que puedas deslumbrarte con un espect\u00e1culo de colores y observar la vida marina, el hogar de una extraordinaria biodiversidad de especies, as\u00ed como de impresionantes arrecifes coralinos.\u00a0<\/span><\/p>\n<p><span data-mce-style=\"font-weight: 400;\">Bahia de las \u00c1guilas se encuentra en el Parque Nacional Jaragua y tiene unos 8 km de paisaje costero excepcional, con aguas cristalinas con matices de azul turqu\u00ed y \u00f3palo, que se funden con el cielo en el horizonte. Disfrute de la estancia en la playa, an\u00edmese a nadar o a bucear con snorkel (equipo de snorkel se puede alquilar en playa) y experimenta la naturaleza virgen del \u00e1rea. Si deseas almorzar, el restaurante local es muy famoso por sus platos t\u00edpicos. Los costos del almuerzo deben ser asumido por los clientes. Al final de la tarde ser\u00e1s transportado de vuelta a tu punto de partida.<\/span><\/p>","protected":false},"featured_media":6457,"template":"","meta":[],"product_brand":[],"product_cat":[178,182,179],"product_tag":[],"class_list":{"0":"post-6452","1":"product","2":"type-product","3":"status-publish","4":"has-post-thumbnail","6":"product_cat-aventura-safari","7":"product_cat-ecoaventura-senderismo","8":"product_cat-parques-experiencias","10":"first","11":"instock","12":"virtual","13":"sold-individually","14":"purchasable","15":"product-type-booking"},"yoast_head":"<!-- This site is optimized with the Yoast SEO plugin v24.7 - https:\/\/yoast.com\/wordpress\/plugins\/seo\/ -->\n<title>Bah\u00eda de las Aguilas - Patrick Vacation<\/title>\n<meta name=\"description\" content=\"Bah\u00eda de las \u00c1guilas cuenta con un incre\u00edble arrecife de coral, catalogado como uno de los mejores preservados del Caribe por su extraordinaria biodiversidad. Esta playa es ideal para hacer esn\u00f3rquel y vivir una experiencia inolvidable, as\u00ed que no olvides tus gafas y escarpines. para que puedas deslumbrarte con un espect\u00e1culo de colores y observar la vida marina, el hogar de una extraordinaria biodiversidad de especies, as\u00ed como de impresionantes arrecifes coralinos.\u00a0\" \/>\n<meta name=\"robots\" content=\"index, follow, max-snippet:-1, max-image-preview:large, max-video-preview:-1\" \/>\n<link rel=\"canonical\" href=\"https:\/\/patrickvacation.com\/fr\/excursiones\/bahia-de-las-aguilas\/\" \/>\n<meta property=\"og:locale\" content=\"fr_FR\" \/>\n<meta property=\"og:type\" content=\"article\" \/>\n<meta property=\"og:title\" content=\"Bah\u00eda de las Aguilas - Patrick Vacation\" \/>\n<meta property=\"og:description\" content=\"Bah\u00eda de las \u00c1guilas cuenta con un incre\u00edble arrecife de coral, catalogado como uno de los mejores preservados del Caribe por su extraordinaria biodiversidad. Esta playa es ideal para hacer esn\u00f3rquel y vivir una experiencia inolvidable, as\u00ed que no olvides tus gafas y escarpines. para que puedas deslumbrarte con un espect\u00e1culo de colores y observar la vida marina, el hogar de una extraordinaria biodiversidad de especies, as\u00ed como de impresionantes arrecifes coralinos.\u00a0\" \/>\n<meta property=\"og:url\" content=\"https:\/\/patrickvacation.com\/fr\/excursiones\/bahia-de-las-aguilas\/\" \/>\n<meta property=\"og:site_name\" content=\"Patrick Vacation\" \/>\n<meta property=\"article:publisher\" content=\"https:\/\/www.facebook.com\/alcequiez.tours.travel\" \/>\n<meta property=\"article:modified_time\" content=\"2025-02-12T22:28:17+00:00\" \/>\n<meta property=\"og:image\" content=\"https:\/\/patrickvacation.com\/wp-content\/uploads\/2023\/06\/clear-blue-sea-164041-1024x768-1.jpg\" \/>\n\t<meta property=\"og:image:width\" content=\"1024\" \/>\n\t<meta property=\"og:image:height\" content=\"768\" \/>\n\t<meta property=\"og:image:type\" content=\"image\/jpeg\" \/>\n<meta name=\"twitter:card\" content=\"summary_large_image\" \/>\n<meta name=\"twitter:label1\" content=\"Dur\u00e9e de lecture estim\u00e9e\" \/>\n\t<meta name=\"twitter:data1\" content=\"1 minute\" \/>\n<script type=\"application\/ld+json\" class=\"yoast-schema-graph\">{\"@context\":\"https:\/\/schema.org\",\"@graph\":[{\"@type\":\"WebPage\",\"@id\":\"https:\/\/patrickvacation.com\/excursiones\/bahia-de-las-aguilas\/\",\"url\":\"https:\/\/patrickvacation.com\/excursiones\/bahia-de-las-aguilas\/\",\"name\":\"Bah\u00eda de las Aguilas - Patrick Vacation\",\"isPartOf\":{\"@id\":\"https:\/\/patrickvacation.com\/#website\"},\"primaryImageOfPage\":{\"@id\":\"https:\/\/patrickvacation.com\/excursiones\/bahia-de-las-aguilas\/#primaryimage\"},\"image\":{\"@id\":\"https:\/\/patrickvacation.com\/excursiones\/bahia-de-las-aguilas\/#primaryimage\"},\"thumbnailUrl\":\"https:\/\/patrickvacation.com\/wp-content\/uploads\/2023\/06\/clear-blue-sea-164041-1024x768-1.jpg\",\"datePublished\":\"2023-06-21T09:01:25+00:00\",\"dateModified\":\"2025-02-12T22:28:17+00:00\",\"description\":\"Bah\u00eda de las \u00c1guilas cuenta con un incre\u00edble arrecife de coral, catalogado como uno de los mejores preservados del Caribe por su extraordinaria biodiversidad. Esta playa es ideal para hacer esn\u00f3rquel y vivir una experiencia inolvidable, as\u00ed que no olvides tus gafas y escarpines. para que puedas deslumbrarte con un espect\u00e1culo de colores y observar la vida marina, el hogar de una extraordinaria biodiversidad de especies, as\u00ed como de impresionantes arrecifes coralinos.\u00a0\",\"breadcrumb\":{\"@id\":\"https:\/\/patrickvacation.com\/excursiones\/bahia-de-las-aguilas\/#breadcrumb\"},\"inLanguage\":\"fr-FR\",\"potentialAction\":[{\"@type\":\"ReadAction\",\"target\":[\"https:\/\/patrickvacation.com\/excursiones\/bahia-de-las-aguilas\/\"]}]},{\"@type\":\"ImageObject\",\"inLanguage\":\"fr-FR\",\"@id\":\"https:\/\/patrickvacation.com\/excursiones\/bahia-de-las-aguilas\/#primaryimage\",\"url\":\"https:\/\/patrickvacation.com\/wp-content\/uploads\/2023\/06\/clear-blue-sea-164041-1024x768-1.jpg\",\"contentUrl\":\"https:\/\/patrickvacation.com\/wp-content\/uploads\/2023\/06\/clear-blue-sea-164041-1024x768-1.jpg\",\"width\":1024,\"height\":768},{\"@type\":\"BreadcrumbList\",\"@id\":\"https:\/\/patrickvacation.com\/excursiones\/bahia-de-las-aguilas\/#breadcrumb\",\"itemListElement\":[{\"@type\":\"ListItem\",\"position\":1,\"name\":\"Portada\",\"item\":\"https:\/\/patrickvacation.com\/\"},{\"@type\":\"ListItem\",\"position\":2,\"name\":\"Excursiones y Reservas\",\"item\":\"https:\/\/patrickvacation.com\/excursiones\/\"},{\"@type\":\"ListItem\",\"position\":3,\"name\":\"Bah\u00eda de las Aguilas\"}]},{\"@type\":\"WebSite\",\"@id\":\"https:\/\/patrickvacation.com\/#website\",\"url\":\"https:\/\/patrickvacation.com\/\",\"name\":\"Patrick Vacation\",\"description\":\"\",\"publisher\":{\"@id\":\"https:\/\/patrickvacation.com\/#organization\"},\"potentialAction\":[{\"@type\":\"SearchAction\",\"target\":{\"@type\":\"EntryPoint\",\"urlTemplate\":\"https:\/\/patrickvacation.com\/?s={search_term_string}\"},\"query-input\":{\"@type\":\"PropertyValueSpecification\",\"valueRequired\":true,\"valueName\":\"search_term_string\"}}],\"inLanguage\":\"fr-FR\"},{\"@type\":\"Organization\",\"@id\":\"https:\/\/patrickvacation.com\/#organization\",\"name\":\"Alcequiez Tours and Travel\",\"url\":\"https:\/\/patrickvacation.com\/\",\"logo\":{\"@type\":\"ImageObject\",\"inLanguage\":\"fr-FR\",\"@id\":\"https:\/\/patrickvacation.com\/#\/schema\/logo\/image\/\",\"url\":\"https:\/\/patrickvacation.com\/wp-content\/uploads\/2023\/03\/Logo-Alcequiez.png\",\"contentUrl\":\"https:\/\/patrickvacation.com\/wp-content\/uploads\/2023\/03\/Logo-Alcequiez.png\",\"width\":1080,\"height\":560,\"caption\":\"Alcequiez Tours and Travel\"},\"image\":{\"@id\":\"https:\/\/patrickvacation.com\/#\/schema\/logo\/image\/\"},\"sameAs\":[\"https:\/\/www.facebook.com\/alcequiez.tours.travel\",\"https:\/\/www.instagram.com\/alcequieztour\/\"]}]}<\/script>\n<!-- \/ Yoast SEO plugin. -->","yoast_head_json":{"title":"Bah\u00eda de las Aguilas - Patrick Vacation","description":"Bah\u00eda de las \u00c1guilas cuenta con un incre\u00edble arrecife de coral, catalogado como uno de los mejores preservados del Caribe por su extraordinaria biodiversidad. Esta playa es ideal para hacer esn\u00f3rquel y vivir una experiencia inolvidable, as\u00ed que no olvides tus gafas y escarpines. para que puedas deslumbrarte con un espect\u00e1culo de colores y observar la vida marina, el hogar de una extraordinaria biodiversidad de especies, as\u00ed como de impresionantes arrecifes coralinos.\u00a0","robots":{"index":"index","follow":"follow","max-snippet":"max-snippet:-1","max-image-preview":"max-image-preview:large","max-video-preview":"max-video-preview:-1"},"canonical":"https:\/\/patrickvacation.com\/fr\/excursiones\/bahia-de-las-aguilas\/","og_locale":"fr_FR","og_type":"article","og_title":"Bah\u00eda de las Aguilas - Patrick Vacation","og_description":"Bah\u00eda de las \u00c1guilas cuenta con un incre\u00edble arrecife de coral, catalogado como uno de los mejores preservados del Caribe por su extraordinaria biodiversidad. Esta playa es ideal para hacer esn\u00f3rquel y vivir una experiencia inolvidable, as\u00ed que no olvides tus gafas y escarpines. para que puedas deslumbrarte con un espect\u00e1culo de colores y observar la vida marina, el hogar de una extraordinaria biodiversidad de especies, as\u00ed como de impresionantes arrecifes coralinos.\u00a0","og_url":"https:\/\/patrickvacation.com\/fr\/excursiones\/bahia-de-las-aguilas\/","og_site_name":"Patrick Vacation","article_publisher":"https:\/\/www.facebook.com\/alcequiez.tours.travel","article_modified_time":"2025-02-12T22:28:17+00:00","og_image":[{"width":1024,"height":768,"url":"https:\/\/patrickvacation.com\/wp-content\/uploads\/2023\/06\/clear-blue-sea-164041-1024x768-1.jpg","type":"image\/jpeg"}],"twitter_card":"summary_large_image","twitter_misc":{"Dur\u00e9e de lecture estim\u00e9e":"1 minute"},"schema":{"@context":"https:\/\/schema.org","@graph":[{"@type":"WebPage","@id":"https:\/\/patrickvacation.com\/excursiones\/bahia-de-las-aguilas\/","url":"https:\/\/patrickvacation.com\/excursiones\/bahia-de-las-aguilas\/","name":"Bah\u00eda de las Aguilas - Patrick Vacation","isPartOf":{"@id":"https:\/\/patrickvacation.com\/#website"},"primaryImageOfPage":{"@id":"https:\/\/patrickvacation.com\/excursiones\/bahia-de-las-aguilas\/#primaryimage"},"image":{"@id":"https:\/\/patrickvacation.com\/excursiones\/bahia-de-las-aguilas\/#primaryimage"},"thumbnailUrl":"https:\/\/patrickvacation.com\/wp-content\/uploads\/2023\/06\/clear-blue-sea-164041-1024x768-1.jpg","datePublished":"2023-06-21T09:01:25+00:00","dateModified":"2025-02-12T22:28:17+00:00","description":"Bah\u00eda de las \u00c1guilas cuenta con un incre\u00edble arrecife de coral, catalogado como uno de los mejores preservados del Caribe por su extraordinaria biodiversidad. Esta playa es ideal para hacer esn\u00f3rquel y vivir una experiencia inolvidable, as\u00ed que no olvides tus gafas y escarpines. para que puedas deslumbrarte con un espect\u00e1culo de colores y observar la vida marina, el hogar de una extraordinaria biodiversidad de especies, as\u00ed como de impresionantes arrecifes coralinos.\u00a0","breadcrumb":{"@id":"https:\/\/patrickvacation.com\/excursiones\/bahia-de-las-aguilas\/#breadcrumb"},"inLanguage":"fr-FR","potentialAction":[{"@type":"ReadAction","target":["https:\/\/patrickvacation.com\/excursiones\/bahia-de-las-aguilas\/"]}]},{"@type":"ImageObject","inLanguage":"fr-FR","@id":"https:\/\/patrickvacation.com\/excursiones\/bahia-de-las-aguilas\/#primaryimage","url":"https:\/\/patrickvacation.com\/wp-content\/uploads\/2023\/06\/clear-blue-sea-164041-1024x768-1.jpg","contentUrl":"https:\/\/patrickvacation.com\/wp-content\/uploads\/2023\/06\/clear-blue-sea-164041-1024x768-1.jpg","width":1024,"height":768},{"@type":"BreadcrumbList","@id":"https:\/\/patrickvacation.com\/excursiones\/bahia-de-las-aguilas\/#breadcrumb","itemListElement":[{"@type":"ListItem","position":1,"name":"Portada","item":"https:\/\/patrickvacation.com\/"},{"@type":"ListItem","position":2,"name":"Excursiones y Reservas","item":"https:\/\/patrickvacation.com\/excursiones\/"},{"@type":"ListItem","position":3,"name":"Bah\u00eda de las Aguilas"}]},{"@type":"WebSite","@id":"https:\/\/patrickvacation.com\/#website","url":"https:\/\/patrickvacation.com\/","name":"Patrick Vacation","description":"","publisher":{"@id":"https:\/\/patrickvacation.com\/#organization"},"potentialAction":[{"@type":"SearchAction","target":{"@type":"EntryPoint","urlTemplate":"https:\/\/patrickvacation.com\/?s={search_term_string}"},"query-input":{"@type":"PropertyValueSpecification","valueRequired":true,"valueName":"search_term_string"}}],"inLanguage":"fr-FR"},{"@type":"Organization","@id":"https:\/\/patrickvacation.com\/#organization","name":"Alcequiez Tours and Travel","url":"https:\/\/patrickvacation.com\/","logo":{"@type":"ImageObject","inLanguage":"fr-FR","@id":"https:\/\/patrickvacation.com\/#\/schema\/logo\/image\/","url":"https:\/\/patrickvacation.com\/wp-content\/uploads\/2023\/03\/Logo-Alcequiez.png","contentUrl":"https:\/\/patrickvacation.com\/wp-content\/uploads\/2023\/03\/Logo-Alcequiez.png","width":1080,"height":560,"caption":"Alcequiez Tours and Travel"},"image":{"@id":"https:\/\/patrickvacation.com\/#\/schema\/logo\/image\/"},"sameAs":["https:\/\/www.facebook.com\/alcequiez.tours.travel","https:\/\/www.instagram.com\/alcequieztour\/"]}]}},"_links":{"self":[{"href":"https:\/\/patrickvacation.com\/fr\/wp-json\/wp\/v2\/product\/6452","targetHints":{"allow":["GET"]}}],"collection":[{"href":"https:\/\/patrickvacation.com\/fr\/wp-json\/wp\/v2\/product"}],"about":[{"href":"https:\/\/patrickvacation.com\/fr\/wp-json\/wp\/v2\/types\/product"}],"version-history":[{"count":0,"href":"https:\/\/patrickvacation.com\/fr\/wp-json\/wp\/v2\/product\/6452\/revisions"}],"wp:featuredmedia":[{"embeddable":true,"href":"https:\/\/patrickvacation.com\/fr\/wp-json\/wp\/v2\/media\/6457"}],"wp:attachment":[{"href":"https:\/\/patrickvacation.com\/fr\/wp-json\/wp\/v2\/media?parent=6452"}],"wp:term":[{"taxonomy":"product_brand","embeddable":true,"href":"https:\/\/patrickvacation.com\/fr\/wp-json\/wp\/v2\/product_brand?post=6452"},{"taxonomy":"product_cat","embeddable":true,"href":"https:\/\/patrickvacation.com\/fr\/wp-json\/wp\/v2\/product_cat?post=6452"},{"taxonomy":"product_tag","embeddable":true,"href":"https:\/\/patrickvacation.com\/fr\/wp-json\/wp\/v2\/product_tag?post=6452"}],"curies":[{"name":"wp","href":"https:\/\/api.w.org\/{rel}","templated":true}]}}