{"id":6461,"date":"2023-06-21T09:14:44","date_gmt":"2023-06-21T09:14:44","guid":{"rendered":"https:\/\/patrickvacation.com\/?post_type=product&#038;p=6461"},"modified":"2025-03-20T18:23:43","modified_gmt":"2025-03-20T18:23:43","slug":"minas-de-larimar","status":"publish","type":"product","link":"https:\/\/patrickvacation.com\/fr\/excursiones\/minas-de-larimar\/","title":{"rendered":"Les Mines de Larimar"},"content":{"rendered":"<div data-elementor-type=\"product-post\" data-elementor-id=\"6461\" class=\"elementor elementor-6461\" data-elementor-post-type=\"product\">\n\t\t\t\t<section class=\"elementor-element elementor-element-54edc15b e-con-full e-flex e-con e-parent\" data-id=\"54edc15b\" data-element_type=\"container\">\n\t\t\t\t<div class=\"elementor-element elementor-element-758dd14a color-scheme-inherit text-left elementor-widget elementor-widget-text-editor\" data-id=\"758dd14a\" data-element_type=\"widget\" data-widget_type=\"text-editor.default\">\n\t\t\t\t<div class=\"elementor-widget-container\">\n\t\t\t\t\t\t\t\t\t<p id=\"section-48-2820\" class=\"ct-section nitro-offscreen\">\u00a0<\/p><section id=\"section-57-2820\" class=\"ct-section nitro-offscreen\"><div class=\"ct-section-inner-wrap\" style=\"margin-left: auto; margin-right: auto; height: 536.906px; min-height: inherit; max-width: 1120px; padding: 25px 20px; flex-direction: column; align-items: flex-start;\"><div id=\"_rich_text-59-2820\" class=\"oxy-rich-text\" style=\"width: 1080px;\"><section id=\"section-48-2820\" class=\"ct-section nitro-offscreen\"><div class=\"ct-section-inner-wrap\" style=\"margin-left: auto; margin-right: auto; height: 511.312px; min-height: inherit; max-width: 1120px; padding: 25px 20px; flex-direction: column; align-items: flex-start;\"><h2 id=\"headline-50-2820\" class=\"ct-headline\" style=\"margin: 0px 0px 15px; font-family: Quicksand; font-size: 35px;\">Itinerario del tour<\/h2><div id=\"_rich_text-49-2820\" class=\"oxy-rich-text\" style=\"width: 1080px;\"><p style=\"margin-block-start: 0px;\">El tour por las Minas de Larimar tiene el siguiente itinerario:<\/p><ul><li><span style=\"font-weight: bolder;\">09:00 a.m. &#8211;<\/span>\u00a0<span style=\"font-weight: bolder;\">Recogida en tu alojamiento.<\/span>\u00a0Un ch\u00f3fer de habla hispana en todoterreno te esperar\u00e1 en la puerta de tu hotel, junto con un gu\u00eda local. Podr\u00e1s viajar en su interior o sentarte en la parte trasera, abierta, para disfrutar del clima mientras observas todo lo que te rodea.<\/li><li><span style=\"font-weight: bolder;\">10:00 a.m. &#8211;<\/span>\u00a0<span style=\"font-weight: bolder;\">Visita a la mina<\/span>. Una vez llegues a la mina, disfrutar\u00e1s de un recorrido por el pueblo, cuya actividad gira en torno a la extracci\u00f3n de la piedra. La entrada a los t\u00faneles no se recomienda por tratarse de una actividad con un alto riesgo, por lo que si quieres hacerlo, ser\u00e1 por tu cuenta y riesgo. Adem\u00e1s, tendr\u00e1s que avisar a tu gu\u00eda para que lo sepa.<\/li><li><span style=\"font-weight: bolder;\">12:00 p.m. &#8211;<\/span>\u00a0Tras la visita al pueblo minero, iremos a\u00a0<span style=\"font-weight: bolder;\">Villa Miriam, en el r\u00edo San Rafael.<\/span>\u00a0Este espacio natural ofrece cascadas y piscinas naturales que invitan a darte un chapuz\u00f3n. Tambi\u00e9n puedes degustar un t\u00edpico almuerzo dominicano, en cuyo caso deber\u00e1s avisar al gu\u00eda y pagarlo aparte.<\/li><li><span style=\"font-weight: bolder;\">13:30 p.m. &#8211;<\/span>\u00a0A continuaci\u00f3n nos acercaremos a un<span style=\"font-weight: bolder;\">\u00a0taller de Larimar<\/span>, en el que los artesanos del lugar tallan la piedra. Podr\u00e1s comprar all\u00ed tu propia joya a alguno de los vendedores que hay en la zona, pero se recomienda que consultes con el gu\u00eda antes para que te indique cu\u00e1les son los m\u00e1s recomendables.<\/li><li><span style=\"font-weight: bolder;\">15:30 p.m. &#8211;<\/span>\u00a0Tras la experiencia, el ch\u00f3fer te llevar\u00e1 de<span style=\"font-weight: bolder;\">\u00a0vuelta a tu alojamiento<\/span>, disfrutando del camino de regreso a tu hotel.<br \/><section id=\"section-53-2820\" class=\"ct-section nitro-offscreen\"><div class=\"ct-section-inner-wrap\" style=\"margin-left: auto; margin-right: auto; height: 383.344px; min-height: inherit; max-width: 1120px; padding: 25px 20px; flex-direction: column; align-items: flex-start;\"><h2 id=\"headline-54-2820\" class=\"ct-headline\" style=\"margin: 0px 0px 15px; font-family: Quicksand; font-size: 35px;\">\u00bfQu\u00e9 est\u00e1 incluido con la reserva de esta actividad?<\/h2><div id=\"_rich_text-55-2820\" class=\"oxy-rich-text\" style=\"width: 1080px;\"><p style=\"margin-block-start: 0px;\">La reserva a la excursi\u00f3n Minas de Larimar incluye:<\/p><ul><li><span style=\"font-weight: bolder;\">Recogida en un hotel de Punta Cana o aeropuerto<\/span>.<\/li><li><span style=\"font-weight: bolder;\">Estancia de una noche en hotel tropical<\/span>\u00a0de Barahona.<\/li><li><span style=\"font-weight: bolder;\">Transporte de ida<\/span>\u00a0y vuelta desde tu alojamiento.<\/li><li>Ch\u00f3fer acompa\u00f1ado de un\u00a0<span style=\"font-weight: bolder;\">gu\u00eda local.<\/span><\/li><li><span style=\"font-weight: bolder;\">Visitas guiadas al pueblo minero<\/span>, con explicaciones sobre la historia del descubrimiento del Larimar, los procesos de extracci\u00f3n y tratamiento, elaboraci\u00f3n de joyas, etc.<\/li><li><span style=\"font-weight: bolder;\">Bebidas sin alcohol<\/span>\u00a0durante el trayecto para aliviar el calor y mantenerse hidratado.<\/li><\/ul><p style=\"margin-block-end: 0px;\">El resto de cosas son opcionales y se pagar\u00e1n aparte, como el almuerzo o la adquisici\u00f3n de tu propia piedra de Larimar, si lo deseas.<\/p><\/div><\/div><\/section><section id=\"section-57-2820\" class=\"ct-section nitro-offscreen\"><div class=\"ct-section-inner-wrap\" style=\"margin-left: auto; margin-right: auto; height: 536.906px; min-height: inherit; max-width: 1120px; padding: 25px 20px; flex-direction: column; align-items: flex-start;\"><h2 id=\"headline-58-2820\" class=\"ct-headline\" style=\"margin: 0px 0px 15px; font-family: Quicksand; font-size: 35px;\">Recomendaciones para ir a la excursi\u00f3n de Minas de Larimar<\/h2><div id=\"_rich_text-59-2820\" class=\"oxy-rich-text\" style=\"width: 1080px;\"><p style=\"margin-block-start: 0px;\">Para disfrutar al m\u00e1ximo del tour, aseg\u00farate de llevar lo siguiente:<\/p><ul><li><span style=\"font-weight: bolder;\">Chubasquero<\/span>. La zona de Barahona puede sorprender con alguna lluvia imprevista, as\u00ed que es recomendable que lleves un chubasquero para protegerte.<\/li><li><span style=\"font-weight: bolder;\">Repelente de insectos.<\/span>\u00a0Al tratarse de una excursi\u00f3n en la que nos adentraremos en la selva tropical, es muy probable que haya mosquitos y otros insectos. Llevar un buen repelente evitar\u00e1 que sufras sus picaduras.<\/li><li><span style=\"font-weight: bolder;\">Gorra o sombrero.<\/span>\u00a0Durante el tour, el sol puede ser fuerte. No olvides cubrirte la cabeza para protegerte y evitar una insolaci\u00f3n. Tambi\u00e9n es buena idea que lleves unas gafas de sol para proteger la vista.<\/li><li><span style=\"font-weight: bolder;\">C\u00e1mara de fotos<\/span>. A lo largo de todo el recorrido encontrar\u00e1s montones de sitios espectaculares, que querr\u00e1s inmortalizar. No olvides tu c\u00e1mara de fotos o un m\u00f3vil con c\u00e1mara y la bater\u00eda bien cargada para guardar los recuerdos de esta excursi\u00f3n.<\/li><li><span style=\"font-weight: bolder;\">Calzado c\u00f3modo<\/span>. Buena parte del recorrido se hace a pie, por lo que es imprescindible que lleves un buen calzado para caminar, que sea c\u00f3modo y resistente.<\/li><li><span style=\"font-weight: bolder;\">Protector solar<\/span>. Por la misma raz\u00f3n por la que recomendamos que traigas una gorra, ponerte protector solar en la piel te ayudar\u00e1 a combatir los rayos UV.<\/li><li><span style=\"font-weight: bolder;\">Traje de ba\u00f1o y toalla<\/span>. Como durante la excursi\u00f3n hay una parada para disfrutar de las piscinas naturales y cascadas del r\u00edo San Rafael, si quieres ba\u00f1arte no puedes dejar de traer un traje de ba\u00f1o y una toalla.<\/li><\/ul><\/div><\/div><\/section><\/li><\/ul><\/div><\/div><\/section><\/div><\/div><\/section>\t\t\t\t\t\t\t\t<\/div>\n\t\t\t\t<\/div>\n\t\t\t\t<\/section>\n\t\t\t\t<\/div>","protected":false},"excerpt":{"rendered":"<p><span style=\"font-weight: 400\" data-mce-style=\"font-weight: 400;\"><span id=\"_mce_caret\" data-mce-bogus=\"1\" data-mce-type=\"format-caret\"><\/span>Le pectolita ou bleu larimar est une pierre semi-pr\u00e9cieuse, unique au monde, de par sa couleur bleue. Il est situ\u00e9 dans la r\u00e9gion du sud-ouest de la R\u00e9publique Dominicaine, dans la Sierra de Bahoruco. Son origine remonte \u00e0 l&#039;activit\u00e9 volcanique qui a caract\u00e9ris\u00e9 la formation de l&#039;\u00eele, \u00e0 environ 100 millions d&#039;ann\u00e9es.<\/span><\/p>\n<p><span data-mce-style=\"font-weight: 400;\">Le pectolita ou bleu larimar est une pierre semi-pr\u00e9cieuse, unique au monde, de par sa couleur bleue. Il est situ\u00e9 dans la r\u00e9gion du sud-ouest de la R\u00e9publique Dominicaine, dans la Sierra de Bahoruco. Son origine remonte \u00e0 l&#039;activit\u00e9 volcanique qui a caract\u00e9ris\u00e9 la formation de l&#039;\u00eele, \u00e0 environ 100 millions d&#039;ann\u00e9es.<\/span><\/p>\n<p><span data-mce-style=\"font-weight: 400;\">Un veh\u00edculo todoterreno te recoger\u00e1 en tu hotel a las 9:00 a.m. Podr\u00e1s sentarte dentro del veh\u00edculo o en el asiento trasero abierto. Desde Bahoruco se ascender\u00e1 hacia las monta\u00f1as hasta la \u00fanica mina de Larimar del mundo. Esta piedra se descubri\u00f3 en 1974. La piedra es resistente a los ara\u00f1azos, se puede pulir y se utiliza en diversas piezas de joyer\u00eda. Una vez en la mina, recibir\u00e1s un recorrido por el pueblo minero.<\/span><\/p>\n<p><span data-mce-style=\"font-weight: 400;\">No se recomienda la entrada a los t\u00faneles y cualquier visita ser\u00e1 bajo tu propio riesgo. Una vez de vuelta en el pueblo de Bahoruco visitar\u00e1s un taller t\u00edpico local de larimar, donde los lugare\u00f1os procesan la piedra en su propio patio. Puedes llevar tu propia piedra la cual puedes comprar en las minas a uno de los muchos vendedores, pero por favor consulta a tu gu\u00eda para realizar dicha compra. Esto es opcional y debe ser pagado por el cliente. Posteriormente visitaremos Villa Miriam, un lugar natural situado directamente en el r\u00edo San Rafael y que cuenta con piscinas naturales y cascadas. Los refrescantes cursos del r\u00edo invitan a nadar. Si lo deseas, puede almorzar aqu\u00ed. Los costos deber\u00e1n ser cubiertos por el cliente. Despu\u00e9s, te llevar\u00e1n de vuelta a tu hotel.<\/span><\/p>","protected":false},"featured_media":6466,"template":"","meta":[],"product_brand":[],"product_cat":[186,179],"product_tag":[],"class_list":{"0":"post-6461","1":"product","2":"type-product","3":"status-publish","4":"has-post-thumbnail","6":"product_cat-historica-y-cultural","7":"product_cat-parques-experiencias","9":"first","10":"instock","11":"virtual","12":"sold-individually","13":"purchasable","14":"product-type-booking"},"yoast_head":"<!-- This site is optimized with the Yoast SEO plugin v24.7 - https:\/\/yoast.com\/wordpress\/plugins\/seo\/ -->\n<title>Minas de Larimar - Patrick Vacation<\/title>\n<meta name=\"description\" content=\"La pectolita azul o larimar es una piedra semipreciosa, \u00fanica en el mundo, por su color azul. Se encuentra en la regi\u00f3n suroeste de Rep\u00fablica Dominicana, en la Sierra de Bahoruco.\" \/>\n<meta name=\"robots\" content=\"index, follow, max-snippet:-1, max-image-preview:large, max-video-preview:-1\" \/>\n<link rel=\"canonical\" href=\"https:\/\/patrickvacation.com\/fr\/excursiones\/minas-de-larimar\/\" \/>\n<meta property=\"og:locale\" content=\"fr_FR\" \/>\n<meta property=\"og:type\" content=\"article\" \/>\n<meta property=\"og:title\" content=\"Minas de Larimar - Patrick Vacation\" \/>\n<meta property=\"og:description\" content=\"La pectolita azul o larimar es una piedra semipreciosa, \u00fanica en el mundo, por su color azul. Se encuentra en la regi\u00f3n suroeste de Rep\u00fablica Dominicana, en la Sierra de Bahoruco.\" \/>\n<meta property=\"og:url\" content=\"https:\/\/patrickvacation.com\/fr\/excursiones\/minas-de-larimar\/\" \/>\n<meta property=\"og:site_name\" content=\"Patrick Vacation\" \/>\n<meta property=\"article:publisher\" content=\"https:\/\/www.facebook.com\/alcequiez.tours.travel\" \/>\n<meta property=\"article:modified_time\" content=\"2025-03-20T18:23:43+00:00\" \/>\n<meta property=\"og:image\" content=\"https:\/\/patrickvacation.com\/wp-content\/uploads\/2023\/06\/Larimar-Stein-Schmuck.jpg\" \/>\n\t<meta property=\"og:image:width\" content=\"1618\" \/>\n\t<meta property=\"og:image:height\" content=\"1080\" \/>\n\t<meta property=\"og:image:type\" content=\"image\/jpeg\" \/>\n<meta name=\"twitter:card\" content=\"summary_large_image\" \/>\n<script type=\"application\/ld+json\" class=\"yoast-schema-graph\">{\"@context\":\"https:\/\/schema.org\",\"@graph\":[{\"@type\":\"WebPage\",\"@id\":\"https:\/\/patrickvacation.com\/excursiones\/minas-de-larimar\/\",\"url\":\"https:\/\/patrickvacation.com\/excursiones\/minas-de-larimar\/\",\"name\":\"Minas de Larimar - Patrick Vacation\",\"isPartOf\":{\"@id\":\"https:\/\/patrickvacation.com\/#website\"},\"primaryImageOfPage\":{\"@id\":\"https:\/\/patrickvacation.com\/excursiones\/minas-de-larimar\/#primaryimage\"},\"image\":{\"@id\":\"https:\/\/patrickvacation.com\/excursiones\/minas-de-larimar\/#primaryimage\"},\"thumbnailUrl\":\"https:\/\/patrickvacation.com\/wp-content\/uploads\/2023\/06\/Larimar-Stein-Schmuck.jpg\",\"datePublished\":\"2023-06-21T09:14:44+00:00\",\"dateModified\":\"2025-03-20T18:23:43+00:00\",\"description\":\"La pectolita azul o larimar es una piedra semipreciosa, \u00fanica en el mundo, por su color azul. Se encuentra en la regi\u00f3n suroeste de Rep\u00fablica Dominicana, en la Sierra de Bahoruco.\",\"breadcrumb\":{\"@id\":\"https:\/\/patrickvacation.com\/excursiones\/minas-de-larimar\/#breadcrumb\"},\"inLanguage\":\"fr-FR\",\"potentialAction\":[{\"@type\":\"ReadAction\",\"target\":[\"https:\/\/patrickvacation.com\/excursiones\/minas-de-larimar\/\"]}]},{\"@type\":\"ImageObject\",\"inLanguage\":\"fr-FR\",\"@id\":\"https:\/\/patrickvacation.com\/excursiones\/minas-de-larimar\/#primaryimage\",\"url\":\"https:\/\/patrickvacation.com\/wp-content\/uploads\/2023\/06\/Larimar-Stein-Schmuck.jpg\",\"contentUrl\":\"https:\/\/patrickvacation.com\/wp-content\/uploads\/2023\/06\/Larimar-Stein-Schmuck.jpg\",\"width\":1618,\"height\":1080},{\"@type\":\"BreadcrumbList\",\"@id\":\"https:\/\/patrickvacation.com\/excursiones\/minas-de-larimar\/#breadcrumb\",\"itemListElement\":[{\"@type\":\"ListItem\",\"position\":1,\"name\":\"Portada\",\"item\":\"https:\/\/patrickvacation.com\/\"},{\"@type\":\"ListItem\",\"position\":2,\"name\":\"Excursiones y Reservas\",\"item\":\"https:\/\/patrickvacation.com\/excursiones\/\"},{\"@type\":\"ListItem\",\"position\":3,\"name\":\"Minas de Larimar\"}]},{\"@type\":\"WebSite\",\"@id\":\"https:\/\/patrickvacation.com\/#website\",\"url\":\"https:\/\/patrickvacation.com\/\",\"name\":\"Patrick Vacation\",\"description\":\"\",\"publisher\":{\"@id\":\"https:\/\/patrickvacation.com\/#organization\"},\"potentialAction\":[{\"@type\":\"SearchAction\",\"target\":{\"@type\":\"EntryPoint\",\"urlTemplate\":\"https:\/\/patrickvacation.com\/?s={search_term_string}\"},\"query-input\":{\"@type\":\"PropertyValueSpecification\",\"valueRequired\":true,\"valueName\":\"search_term_string\"}}],\"inLanguage\":\"fr-FR\"},{\"@type\":\"Organization\",\"@id\":\"https:\/\/patrickvacation.com\/#organization\",\"name\":\"Alcequiez Tours and Travel\",\"url\":\"https:\/\/patrickvacation.com\/\",\"logo\":{\"@type\":\"ImageObject\",\"inLanguage\":\"fr-FR\",\"@id\":\"https:\/\/patrickvacation.com\/#\/schema\/logo\/image\/\",\"url\":\"https:\/\/patrickvacation.com\/wp-content\/uploads\/2023\/03\/Logo-Alcequiez.png\",\"contentUrl\":\"https:\/\/patrickvacation.com\/wp-content\/uploads\/2023\/03\/Logo-Alcequiez.png\",\"width\":1080,\"height\":560,\"caption\":\"Alcequiez Tours and Travel\"},\"image\":{\"@id\":\"https:\/\/patrickvacation.com\/#\/schema\/logo\/image\/\"},\"sameAs\":[\"https:\/\/www.facebook.com\/alcequiez.tours.travel\",\"https:\/\/www.instagram.com\/alcequieztour\/\"]}]}<\/script>\n<!-- \/ Yoast SEO plugin. -->","yoast_head_json":{"title":"Minas de Larimar - Patrick Vacation","description":"La pectolita azul o larimar es una piedra semipreciosa, \u00fanica en el mundo, por su color azul. Se encuentra en la regi\u00f3n suroeste de Rep\u00fablica Dominicana, en la Sierra de Bahoruco.","robots":{"index":"index","follow":"follow","max-snippet":"max-snippet:-1","max-image-preview":"max-image-preview:large","max-video-preview":"max-video-preview:-1"},"canonical":"https:\/\/patrickvacation.com\/fr\/excursiones\/minas-de-larimar\/","og_locale":"fr_FR","og_type":"article","og_title":"Minas de Larimar - Patrick Vacation","og_description":"La pectolita azul o larimar es una piedra semipreciosa, \u00fanica en el mundo, por su color azul. Se encuentra en la regi\u00f3n suroeste de Rep\u00fablica Dominicana, en la Sierra de Bahoruco.","og_url":"https:\/\/patrickvacation.com\/fr\/excursiones\/minas-de-larimar\/","og_site_name":"Patrick Vacation","article_publisher":"https:\/\/www.facebook.com\/alcequiez.tours.travel","article_modified_time":"2025-03-20T18:23:43+00:00","og_image":[{"width":1618,"height":1080,"url":"https:\/\/patrickvacation.com\/wp-content\/uploads\/2023\/06\/Larimar-Stein-Schmuck.jpg","type":"image\/jpeg"}],"twitter_card":"summary_large_image","schema":{"@context":"https:\/\/schema.org","@graph":[{"@type":"WebPage","@id":"https:\/\/patrickvacation.com\/excursiones\/minas-de-larimar\/","url":"https:\/\/patrickvacation.com\/excursiones\/minas-de-larimar\/","name":"Minas de Larimar - Patrick Vacation","isPartOf":{"@id":"https:\/\/patrickvacation.com\/#website"},"primaryImageOfPage":{"@id":"https:\/\/patrickvacation.com\/excursiones\/minas-de-larimar\/#primaryimage"},"image":{"@id":"https:\/\/patrickvacation.com\/excursiones\/minas-de-larimar\/#primaryimage"},"thumbnailUrl":"https:\/\/patrickvacation.com\/wp-content\/uploads\/2023\/06\/Larimar-Stein-Schmuck.jpg","datePublished":"2023-06-21T09:14:44+00:00","dateModified":"2025-03-20T18:23:43+00:00","description":"La pectolita azul o larimar es una piedra semipreciosa, \u00fanica en el mundo, por su color azul. Se encuentra en la regi\u00f3n suroeste de Rep\u00fablica Dominicana, en la Sierra de Bahoruco.","breadcrumb":{"@id":"https:\/\/patrickvacation.com\/excursiones\/minas-de-larimar\/#breadcrumb"},"inLanguage":"fr-FR","potentialAction":[{"@type":"ReadAction","target":["https:\/\/patrickvacation.com\/excursiones\/minas-de-larimar\/"]}]},{"@type":"ImageObject","inLanguage":"fr-FR","@id":"https:\/\/patrickvacation.com\/excursiones\/minas-de-larimar\/#primaryimage","url":"https:\/\/patrickvacation.com\/wp-content\/uploads\/2023\/06\/Larimar-Stein-Schmuck.jpg","contentUrl":"https:\/\/patrickvacation.com\/wp-content\/uploads\/2023\/06\/Larimar-Stein-Schmuck.jpg","width":1618,"height":1080},{"@type":"BreadcrumbList","@id":"https:\/\/patrickvacation.com\/excursiones\/minas-de-larimar\/#breadcrumb","itemListElement":[{"@type":"ListItem","position":1,"name":"Portada","item":"https:\/\/patrickvacation.com\/"},{"@type":"ListItem","position":2,"name":"Excursiones y Reservas","item":"https:\/\/patrickvacation.com\/excursiones\/"},{"@type":"ListItem","position":3,"name":"Minas de Larimar"}]},{"@type":"WebSite","@id":"https:\/\/patrickvacation.com\/#website","url":"https:\/\/patrickvacation.com\/","name":"Patrick Vacation","description":"","publisher":{"@id":"https:\/\/patrickvacation.com\/#organization"},"potentialAction":[{"@type":"SearchAction","target":{"@type":"EntryPoint","urlTemplate":"https:\/\/patrickvacation.com\/?s={search_term_string}"},"query-input":{"@type":"PropertyValueSpecification","valueRequired":true,"valueName":"search_term_string"}}],"inLanguage":"fr-FR"},{"@type":"Organization","@id":"https:\/\/patrickvacation.com\/#organization","name":"Alcequiez Tours and Travel","url":"https:\/\/patrickvacation.com\/","logo":{"@type":"ImageObject","inLanguage":"fr-FR","@id":"https:\/\/patrickvacation.com\/#\/schema\/logo\/image\/","url":"https:\/\/patrickvacation.com\/wp-content\/uploads\/2023\/03\/Logo-Alcequiez.png","contentUrl":"https:\/\/patrickvacation.com\/wp-content\/uploads\/2023\/03\/Logo-Alcequiez.png","width":1080,"height":560,"caption":"Alcequiez Tours and Travel"},"image":{"@id":"https:\/\/patrickvacation.com\/#\/schema\/logo\/image\/"},"sameAs":["https:\/\/www.facebook.com\/alcequiez.tours.travel","https:\/\/www.instagram.com\/alcequieztour\/"]}]}},"_links":{"self":[{"href":"https:\/\/patrickvacation.com\/fr\/wp-json\/wp\/v2\/product\/6461","targetHints":{"allow":["GET"]}}],"collection":[{"href":"https:\/\/patrickvacation.com\/fr\/wp-json\/wp\/v2\/product"}],"about":[{"href":"https:\/\/patrickvacation.com\/fr\/wp-json\/wp\/v2\/types\/product"}],"version-history":[{"count":38,"href":"https:\/\/patrickvacation.com\/fr\/wp-json\/wp\/v2\/product\/6461\/revisions"}],"predecessor-version":[{"id":15903,"href":"https:\/\/patrickvacation.com\/fr\/wp-json\/wp\/v2\/product\/6461\/revisions\/15903"}],"wp:featuredmedia":[{"embeddable":true,"href":"https:\/\/patrickvacation.com\/fr\/wp-json\/wp\/v2\/media\/6466"}],"wp:attachment":[{"href":"https:\/\/patrickvacation.com\/fr\/wp-json\/wp\/v2\/media?parent=6461"}],"wp:term":[{"taxonomy":"product_brand","embeddable":true,"href":"https:\/\/patrickvacation.com\/fr\/wp-json\/wp\/v2\/product_brand?post=6461"},{"taxonomy":"product_cat","embeddable":true,"href":"https:\/\/patrickvacation.com\/fr\/wp-json\/wp\/v2\/product_cat?post=6461"},{"taxonomy":"product_tag","embeddable":true,"href":"https:\/\/patrickvacation.com\/fr\/wp-json\/wp\/v2\/product_tag?post=6461"}],"curies":[{"name":"wp","href":"https:\/\/api.w.org\/{rel}","templated":true}]}}