{"id":6807,"date":"2025-02-20T23:24:57","date_gmt":"2025-02-20T23:24:57","guid":{"rendered":"https:\/\/patrickvacation.com\/reservas\/scuba-doo-en-punta-cana\/"},"modified":"2025-02-20T23:25:30","modified_gmt":"2025-02-20T23:25:30","slug":"scuba-doo-en-punta-cana","status":"publish","type":"product","link":"https:\/\/patrickvacation.com\/fr\/excursiones\/scuba-doo-en-punta-cana\/","title":{"rendered":"Scuba Doo en Punta Cana"},"content":{"rendered":"<h2 id=\"headline-55-657\" class=\"ct-headline\" style=\"margin: 0px;font-family: Quicksand;font-size: 35px\" data-mce-style=\"margin: 0px; font-family: Quicksand; font-size: 35px;\">Itinerario de nuestra excursi\u00f3n Scuba Doo<\/h2>\n<div id=\"_rich_text-124-657\" class=\"oxy-rich-text\">\n<p style=\"margin-block-start: 0px\" data-mce-style=\"margin-block-start: 0px;\">Te recogeremos en tu hotel en Punta Cana dependiendo de la hora que hayas escogido para llevaros hasta la hermosa playa Cabeza de Toro.<\/p>\n<p>All\u00ed subiremos en un\u00a0<span style=\"font-weight: bolder\" data-mce-style=\"font-weight: bolder;\">barco con fondo de cristal<\/span>\u00a0que nos trasladar\u00e1 hasta la plataforma en un viaje de 30 minutos. All\u00ed nos equiparemos con trajes de neopreno y nuestros\u00a0<span style=\"font-weight: bolder\" data-mce-style=\"font-weight: bolder;\">scooter el\u00e9ctricos<\/span>\u00a0con las que nos sumergiremos a unos\u00a0<span style=\"font-weight: bolder\" data-mce-style=\"font-weight: bolder;\">4 metros de profundidad<\/span>\u00a0durante una inmersi\u00f3n de 15 minutos.<\/p>\n<p>\u00bfPiensas que pilotar bajo el agua un scooter submarino es complicado? No te preocupes. Nuestras\u00a0<span style=\"font-weight: bolder\" data-mce-style=\"font-weight: bolder;\">Scuba Doo<\/span>\u00a0se pilotan f\u00e1cilmente. \u00a1No se necesita experiencia previa!<\/p>\n<p>Durante la inmersi\u00f3n, un\u00a0<span style=\"font-weight: bolder\" data-mce-style=\"font-weight: bolder;\">gu\u00eda te ayudar\u00e1 a desplazarte bajo la superficie<\/span>\u00a0para conocer el bello fondo marino de Punta Cana.<\/p>\n<p>Para concluir la actividad, navegaremos hasta\u00a0<span style=\"font-weight: bolder\" data-mce-style=\"font-weight: bolder;\">El Ni\u00f1o<\/span>: uno de los principales\u00a0<span style=\"font-weight: bolder\" data-mce-style=\"font-weight: bolder;\">puntos de submarinismo en Punta Cana<\/span>. \u00a1All\u00ed practicaremos\u00a0<span style=\"font-weight: bolder\" data-mce-style=\"font-weight: bolder;\">snorkel<\/span>!<\/p>\n<p>Tras terminar de bucear en este hermoso punto, regresaremos a Cabeza de Toro para llevarte de vuelta hasta tu hotel o resort.<\/p>\n<p style=\"margin-block-end: 0px\" data-mce-style=\"margin-block-end: 0px;\">El tour de Scuba Doo se hace todos los d\u00edas, excepto los domingos, por la ma\u00f1ana y por la tarde. El regreso a tu hotel est\u00e1 previsto a las 11:20 o a las 15:30, dependiendo del turno que hayas elegido.<\/p>\n<\/div>","protected":false},"excerpt":{"rendered":"<div id=\"div_block-30-657\" class=\"ct-div-block\">\n<h2 id=\"headline-31-657\" class=\"ct-headline\" style=\"margin: 7px 0px 0px;font-family: Quicksand;font-size: 35px\" data-mce-style=\"margin: 7px 0px 0px; font-family: Quicksand; font-size: 35px;\">Scuba Doo en Punta Cana<\/h2>\n<div id=\"_rich_text-123-657\" class=\"oxy-rich-text\" style=\"margin-top: 10px;width: 609.594px\" data-mce-style=\"margin-top: 10px; width: 609.594px;\">\n<p style=\"margin-block-start: 0px\" data-mce-style=\"margin-block-start: 0px;\">Sumergirse con un\u00a0<span style=\"font-weight: bolder\" data-mce-style=\"font-weight: bolder;\">scooter submarino<\/span>\u00a0no es algo que se pueda hacer todos los d\u00edas. En esta experiencia \u00fanica podr\u00e1s\u00a0<span style=\"font-weight: bolder\" data-mce-style=\"font-weight: bolder;\">bucear<\/span>\u00a0recorriendo el\u00a0<span style=\"font-weight: bolder\" data-mce-style=\"font-weight: bolder;\">fondo marino a toda velocidad<\/span>.<\/p>\n<p><span style=\"font-weight: bolder\" data-mce-style=\"font-weight: bolder;\">Si usas gafas<\/span>\u00a0y nunca has podido hacer submarinismo observando bien la fauna marina<span style=\"font-weight: bolder\" data-mce-style=\"font-weight: bolder;\">, \u00a1est\u00e1s de suerte!<\/span>\u00a0Gracias a nuestro scooter motorizado podr\u00e1s hacer un deporte que hasta ahora estaba vetado para las personas con lentes. \u00bfY c\u00f3mo es posible? Gracias al\u00a0<span style=\"font-weight: bolder\" data-mce-style=\"font-weight: bolder;\">efecto campana<\/span>\u00a0que provoca el cristal que cubrir\u00e1 toda la parte superior de tu cuerpo.<\/p>\n<p>Este es un\u00a0<span style=\"font-weight: bolder\" data-mce-style=\"font-weight: bolder;\">tour \u00fanico en Punta Cana<\/span>, en el que podr\u00e1s disfrutar de una nueva forma de hacer esn\u00f3rquel. Hecho\u00a0<span style=\"font-weight: bolder\" data-mce-style=\"font-weight: bolder;\">para toda la familia<\/span>, ya seas adolescente o adulto, podr\u00e1s disfrutar de los corales y los peces y animales marinos que pueblan esta zona del Caribe. En este recorrido\u00a0<span style=\"font-weight: bolder\" data-mce-style=\"font-weight: bolder;\">te llevaremos hasta \u201cEl Ni\u00f1o\u201d<\/span>, un punto de inter\u00e9s excelente para los amantes del buceo.<\/p>\n<p><span style=\"font-weight: bolder\" data-mce-style=\"font-weight: bolder;\">El precio incluye todo el equipo<\/span>, adem\u00e1s de un gu\u00eda que estar\u00e1 atento a ti en todo momento.<\/p>\n<p>En la playa Cabeza de Toro disponemos de una plataforma muy c\u00f3moda para iniciar la inmersi\u00f3n.<\/p>\n<p style=\"margin-block-end: 0px\" data-mce-style=\"margin-block-end: 0px;\">Ya solo te queda disfrutar, y es que a una profundidad de 4 metros podr\u00e1s tener contacto directo con la fauna y la flora marina durante 15 minutos.<\/p>\n<\/div>\n<\/div>\n<div id=\"div_block-139-657\" class=\"ct-div-block\">\n<h2 id=\"headline-140-657\" class=\"ct-headline\" style=\"margin: 7px 0px 0px;font-family: Quicksand;font-size: 35px\" data-mce-style=\"margin: 7px 0px 0px; font-family: Quicksand; font-size: 35px;\">\u00bfPor qu\u00e9 no te puedes perder esta actividad?<\/h2>\n<div id=\"_rich_text-141-657\" class=\"oxy-rich-text\" style=\"margin-top: 20px;width: 609.594px\" data-mce-style=\"margin-top: 20px; width: 609.594px;\">\n<p style=\"margin-block-start: 0px\" data-mce-style=\"margin-block-start: 0px;\">Quiz\u00e1s la principal raz\u00f3n por la que no te puedes perder esta actividad es la\u00a0<span style=\"font-weight: bolder\" data-mce-style=\"font-weight: bolder;\">gran diversi\u00f3n<\/span>\u00a0que ofrece. No todos los d\u00edas tenemos la oportunidad de estar al mando de un equipo motorizado que nos\u00a0<span style=\"font-weight: bolder\" data-mce-style=\"font-weight: bolder;\">transporte bajo el agua<\/span>. Y es que adem\u00e1s, si podemos hacerlo en lugares de preciosa belleza marina de la Rep\u00fablica Dominicana, mucho mejor. Por sus siglas en ingl\u00e9s, el scooter submarino tambi\u00e9n es conocido como DPV, que significa\u00a0<span style=\"font-weight: bolder\" data-mce-style=\"font-weight: bolder;\"><em>Diver Propulsion Vehicle<\/em><\/span>.<\/p>\n<p style=\"margin-block-end: 0px\" data-mce-style=\"margin-block-end: 0px;\">Lo m\u00e1s extra\u00f1o de todo es que este tipo de transporte acu\u00e1tico ya\u00a0<span style=\"font-weight: bolder\" data-mce-style=\"font-weight: bolder;\">exist\u00eda<\/span>\u00a0<span style=\"font-weight: bolder\" data-mce-style=\"font-weight: bolder;\">hace<\/span>\u00a0m\u00e1s de\u00a0<span style=\"font-weight: bolder\" data-mce-style=\"font-weight: bolder;\">70 a\u00f1os<\/span>. Durante la II Guerra Mundial, y con fines militares, los scooters acu\u00e1ticos eran usados por algunos soldados. En general, se trata de un propulsor hecho con un\u00a0<span style=\"font-weight: bolder\" data-mce-style=\"font-weight: bolder;\">motor el\u00e9ctrico<\/span>\u00a0y una\u00a0<span style=\"font-weight: bolder\" data-mce-style=\"font-weight: bolder;\">h\u00e9lice<\/span>\u00a0que nos transporta bajo el agua a poca velocidad.<\/p>\n<\/div>\n<\/div>","protected":false},"featured_media":6808,"template":"","meta":[],"product_brand":[],"product_cat":[178,182,179],"product_tag":[],"class_list":{"0":"post-6807","1":"product","2":"type-product","3":"status-publish","4":"has-post-thumbnail","6":"product_cat-aventura-safari","7":"product_cat-ecoaventura-senderismo","8":"product_cat-parques-experiencias","10":"first","11":"instock","12":"virtual","13":"purchasable","14":"product-type-simple"},"yoast_head":"<!-- This site is optimized with the Yoast SEO plugin v24.7 - https:\/\/yoast.com\/wordpress\/plugins\/seo\/ -->\n<title>Scuba Doo en Punta Cana - Patrick Vacation<\/title>\n<meta name=\"robots\" content=\"index, follow, max-snippet:-1, max-image-preview:large, max-video-preview:-1\" \/>\n<link rel=\"canonical\" href=\"https:\/\/patrickvacation.com\/fr\/excursiones\/scuba-doo-en-punta-cana\/\" \/>\n<meta property=\"og:locale\" content=\"fr_FR\" \/>\n<meta property=\"og:type\" content=\"article\" \/>\n<meta property=\"og:title\" content=\"Scuba Doo en Punta Cana - Patrick Vacation\" \/>\n<meta property=\"og:description\" content=\"Scuba Doo en Punta CanaSumergirse con un\u00a0scooter submarino\u00a0no es algo que se pueda hacer todos los d\u00edas. En esta experiencia \u00fanica podr\u00e1s\u00a0bucear\u00a0recorriendo el\u00a0fondo marino a toda velocidad.Si usas gafas\u00a0y nunca has podido hacer submarinismo observando bien la fauna marina, \u00a1est\u00e1s de suerte!\u00a0Gracias a nuestro scooter motorizado podr\u00e1s hacer un deporte que hasta ahora estaba vetado para las personas con lentes. \u00bfY c\u00f3mo es posible? Gracias al\u00a0efecto campana\u00a0que provoca el cristal que cubrir\u00e1 toda la parte superior de tu cuerpo.Este es un\u00a0tour \u00fanico en Punta Cana, en el que podr\u00e1s disfrutar de una nueva forma de hacer esn\u00f3rquel. Hecho\u00a0para toda la familia, ya seas adolescente o adulto, podr\u00e1s disfrutar de los corales y los peces y animales marinos que pueblan esta zona del Caribe. En este recorrido\u00a0te llevaremos hasta \u201cEl Ni\u00f1o\u201d, un punto de inter\u00e9s excelente para los amantes del buceo.El precio incluye todo el equipo, adem\u00e1s de un gu\u00eda que estar\u00e1 atento a ti en todo momento.En la playa Cabeza de Toro disponemos de una plataforma muy c\u00f3moda para iniciar la inmersi\u00f3n.Ya solo te queda disfrutar, y es que a una profundidad de 4 metros podr\u00e1s tener contacto directo con la fauna y la flora marina durante 15 minutos.\u00bfPor qu\u00e9 no te puedes perder esta actividad?Quiz\u00e1s la principal raz\u00f3n por la que no te puedes perder esta actividad es la\u00a0gran diversi\u00f3n\u00a0que ofrece. No todos los d\u00edas tenemos la oportunidad de estar al mando de un equipo motorizado que nos\u00a0transporte bajo el agua. Y es que adem\u00e1s, si podemos hacerlo en lugares de preciosa belleza marina de la Rep\u00fablica Dominicana, mucho mejor. Por sus siglas en ingl\u00e9s, el scooter submarino tambi\u00e9n es conocido como DPV, que significa\u00a0Diver Propulsion Vehicle.Lo m\u00e1s extra\u00f1o de todo es que este tipo de transporte acu\u00e1tico ya\u00a0exist\u00eda\u00a0hace\u00a0m\u00e1s de\u00a070 a\u00f1os. Durante la II Guerra Mundial, y con fines militares, los scooters acu\u00e1ticos eran usados por algunos soldados. En general, se trata de un propulsor hecho con un\u00a0motor el\u00e9ctrico\u00a0y una\u00a0h\u00e9lice\u00a0que nos transporta bajo el agua a poca velocidad.\" \/>\n<meta property=\"og:url\" content=\"https:\/\/patrickvacation.com\/fr\/excursiones\/scuba-doo-en-punta-cana\/\" \/>\n<meta property=\"og:site_name\" content=\"Patrick Vacation\" \/>\n<meta property=\"article:publisher\" content=\"https:\/\/www.facebook.com\/alcequiez.tours.travel\" \/>\n<meta property=\"article:modified_time\" content=\"2025-02-20T23:25:30+00:00\" \/>\n<meta property=\"og:image\" content=\"https:\/\/patrickvacation.com\/wp-content\/uploads\/2025\/02\/scobadoo.jpg\" \/>\n\t<meta property=\"og:image:width\" content=\"880\" \/>\n\t<meta property=\"og:image:height\" content=\"570\" \/>\n\t<meta property=\"og:image:type\" content=\"image\/jpeg\" \/>\n<meta name=\"twitter:card\" content=\"summary_large_image\" \/>\n<meta name=\"twitter:label1\" content=\"Dur\u00e9e de lecture estim\u00e9e\" \/>\n\t<meta name=\"twitter:data1\" content=\"1 minute\" \/>\n<script type=\"application\/ld+json\" class=\"yoast-schema-graph\">{\"@context\":\"https:\/\/schema.org\",\"@graph\":[{\"@type\":\"WebPage\",\"@id\":\"https:\/\/patrickvacation.com\/excursiones\/scuba-doo-en-punta-cana\/\",\"url\":\"https:\/\/patrickvacation.com\/excursiones\/scuba-doo-en-punta-cana\/\",\"name\":\"Scuba Doo en Punta Cana - Patrick Vacation\",\"isPartOf\":{\"@id\":\"https:\/\/patrickvacation.com\/#website\"},\"primaryImageOfPage\":{\"@id\":\"https:\/\/patrickvacation.com\/excursiones\/scuba-doo-en-punta-cana\/#primaryimage\"},\"image\":{\"@id\":\"https:\/\/patrickvacation.com\/excursiones\/scuba-doo-en-punta-cana\/#primaryimage\"},\"thumbnailUrl\":\"https:\/\/patrickvacation.com\/wp-content\/uploads\/2025\/02\/scobadoo.jpg\",\"datePublished\":\"2025-02-20T23:24:57+00:00\",\"dateModified\":\"2025-02-20T23:25:30+00:00\",\"breadcrumb\":{\"@id\":\"https:\/\/patrickvacation.com\/excursiones\/scuba-doo-en-punta-cana\/#breadcrumb\"},\"inLanguage\":\"fr-FR\",\"potentialAction\":[{\"@type\":\"ReadAction\",\"target\":[\"https:\/\/patrickvacation.com\/excursiones\/scuba-doo-en-punta-cana\/\"]}]},{\"@type\":\"ImageObject\",\"inLanguage\":\"fr-FR\",\"@id\":\"https:\/\/patrickvacation.com\/excursiones\/scuba-doo-en-punta-cana\/#primaryimage\",\"url\":\"https:\/\/patrickvacation.com\/wp-content\/uploads\/2025\/02\/scobadoo.jpg\",\"contentUrl\":\"https:\/\/patrickvacation.com\/wp-content\/uploads\/2025\/02\/scobadoo.jpg\",\"width\":880,\"height\":570},{\"@type\":\"BreadcrumbList\",\"@id\":\"https:\/\/patrickvacation.com\/excursiones\/scuba-doo-en-punta-cana\/#breadcrumb\",\"itemListElement\":[{\"@type\":\"ListItem\",\"position\":1,\"name\":\"Portada\",\"item\":\"https:\/\/patrickvacation.com\/\"},{\"@type\":\"ListItem\",\"position\":2,\"name\":\"Excursiones y Reservas\",\"item\":\"https:\/\/patrickvacation.com\/excursiones\/\"},{\"@type\":\"ListItem\",\"position\":3,\"name\":\"Scuba Doo en Punta Cana\"}]},{\"@type\":\"WebSite\",\"@id\":\"https:\/\/patrickvacation.com\/#website\",\"url\":\"https:\/\/patrickvacation.com\/\",\"name\":\"Patrick Vacation\",\"description\":\"\",\"publisher\":{\"@id\":\"https:\/\/patrickvacation.com\/#organization\"},\"potentialAction\":[{\"@type\":\"SearchAction\",\"target\":{\"@type\":\"EntryPoint\",\"urlTemplate\":\"https:\/\/patrickvacation.com\/?s={search_term_string}\"},\"query-input\":{\"@type\":\"PropertyValueSpecification\",\"valueRequired\":true,\"valueName\":\"search_term_string\"}}],\"inLanguage\":\"fr-FR\"},{\"@type\":\"Organization\",\"@id\":\"https:\/\/patrickvacation.com\/#organization\",\"name\":\"Alcequiez Tours and Travel\",\"url\":\"https:\/\/patrickvacation.com\/\",\"logo\":{\"@type\":\"ImageObject\",\"inLanguage\":\"fr-FR\",\"@id\":\"https:\/\/patrickvacation.com\/#\/schema\/logo\/image\/\",\"url\":\"https:\/\/patrickvacation.com\/wp-content\/uploads\/2023\/03\/Logo-Alcequiez.png\",\"contentUrl\":\"https:\/\/patrickvacation.com\/wp-content\/uploads\/2023\/03\/Logo-Alcequiez.png\",\"width\":1080,\"height\":560,\"caption\":\"Alcequiez Tours and Travel\"},\"image\":{\"@id\":\"https:\/\/patrickvacation.com\/#\/schema\/logo\/image\/\"},\"sameAs\":[\"https:\/\/www.facebook.com\/alcequiez.tours.travel\",\"https:\/\/www.instagram.com\/alcequieztour\/\"]}]}<\/script>\n<!-- \/ Yoast SEO plugin. -->","yoast_head_json":{"title":"Scuba Doo en Punta Cana - Patrick Vacation","robots":{"index":"index","follow":"follow","max-snippet":"max-snippet:-1","max-image-preview":"max-image-preview:large","max-video-preview":"max-video-preview:-1"},"canonical":"https:\/\/patrickvacation.com\/fr\/excursiones\/scuba-doo-en-punta-cana\/","og_locale":"fr_FR","og_type":"article","og_title":"Scuba Doo en Punta Cana - Patrick Vacation","og_description":"Scuba Doo en Punta CanaSumergirse con un\u00a0scooter submarino\u00a0no es algo que se pueda hacer todos los d\u00edas. En esta experiencia \u00fanica podr\u00e1s\u00a0bucear\u00a0recorriendo el\u00a0fondo marino a toda velocidad.Si usas gafas\u00a0y nunca has podido hacer submarinismo observando bien la fauna marina, \u00a1est\u00e1s de suerte!\u00a0Gracias a nuestro scooter motorizado podr\u00e1s hacer un deporte que hasta ahora estaba vetado para las personas con lentes. \u00bfY c\u00f3mo es posible? Gracias al\u00a0efecto campana\u00a0que provoca el cristal que cubrir\u00e1 toda la parte superior de tu cuerpo.Este es un\u00a0tour \u00fanico en Punta Cana, en el que podr\u00e1s disfrutar de una nueva forma de hacer esn\u00f3rquel. Hecho\u00a0para toda la familia, ya seas adolescente o adulto, podr\u00e1s disfrutar de los corales y los peces y animales marinos que pueblan esta zona del Caribe. En este recorrido\u00a0te llevaremos hasta \u201cEl Ni\u00f1o\u201d, un punto de inter\u00e9s excelente para los amantes del buceo.El precio incluye todo el equipo, adem\u00e1s de un gu\u00eda que estar\u00e1 atento a ti en todo momento.En la playa Cabeza de Toro disponemos de una plataforma muy c\u00f3moda para iniciar la inmersi\u00f3n.Ya solo te queda disfrutar, y es que a una profundidad de 4 metros podr\u00e1s tener contacto directo con la fauna y la flora marina durante 15 minutos.\u00bfPor qu\u00e9 no te puedes perder esta actividad?Quiz\u00e1s la principal raz\u00f3n por la que no te puedes perder esta actividad es la\u00a0gran diversi\u00f3n\u00a0que ofrece. No todos los d\u00edas tenemos la oportunidad de estar al mando de un equipo motorizado que nos\u00a0transporte bajo el agua. Y es que adem\u00e1s, si podemos hacerlo en lugares de preciosa belleza marina de la Rep\u00fablica Dominicana, mucho mejor. Por sus siglas en ingl\u00e9s, el scooter submarino tambi\u00e9n es conocido como DPV, que significa\u00a0Diver Propulsion Vehicle.Lo m\u00e1s extra\u00f1o de todo es que este tipo de transporte acu\u00e1tico ya\u00a0exist\u00eda\u00a0hace\u00a0m\u00e1s de\u00a070 a\u00f1os. Durante la II Guerra Mundial, y con fines militares, los scooters acu\u00e1ticos eran usados por algunos soldados. En general, se trata de un propulsor hecho con un\u00a0motor el\u00e9ctrico\u00a0y una\u00a0h\u00e9lice\u00a0que nos transporta bajo el agua a poca velocidad.","og_url":"https:\/\/patrickvacation.com\/fr\/excursiones\/scuba-doo-en-punta-cana\/","og_site_name":"Patrick Vacation","article_publisher":"https:\/\/www.facebook.com\/alcequiez.tours.travel","article_modified_time":"2025-02-20T23:25:30+00:00","og_image":[{"width":880,"height":570,"url":"https:\/\/patrickvacation.com\/wp-content\/uploads\/2025\/02\/scobadoo.jpg","type":"image\/jpeg"}],"twitter_card":"summary_large_image","twitter_misc":{"Dur\u00e9e de lecture estim\u00e9e":"1 minute"},"schema":{"@context":"https:\/\/schema.org","@graph":[{"@type":"WebPage","@id":"https:\/\/patrickvacation.com\/excursiones\/scuba-doo-en-punta-cana\/","url":"https:\/\/patrickvacation.com\/excursiones\/scuba-doo-en-punta-cana\/","name":"Scuba Doo en Punta Cana - Patrick Vacation","isPartOf":{"@id":"https:\/\/patrickvacation.com\/#website"},"primaryImageOfPage":{"@id":"https:\/\/patrickvacation.com\/excursiones\/scuba-doo-en-punta-cana\/#primaryimage"},"image":{"@id":"https:\/\/patrickvacation.com\/excursiones\/scuba-doo-en-punta-cana\/#primaryimage"},"thumbnailUrl":"https:\/\/patrickvacation.com\/wp-content\/uploads\/2025\/02\/scobadoo.jpg","datePublished":"2025-02-20T23:24:57+00:00","dateModified":"2025-02-20T23:25:30+00:00","breadcrumb":{"@id":"https:\/\/patrickvacation.com\/excursiones\/scuba-doo-en-punta-cana\/#breadcrumb"},"inLanguage":"fr-FR","potentialAction":[{"@type":"ReadAction","target":["https:\/\/patrickvacation.com\/excursiones\/scuba-doo-en-punta-cana\/"]}]},{"@type":"ImageObject","inLanguage":"fr-FR","@id":"https:\/\/patrickvacation.com\/excursiones\/scuba-doo-en-punta-cana\/#primaryimage","url":"https:\/\/patrickvacation.com\/wp-content\/uploads\/2025\/02\/scobadoo.jpg","contentUrl":"https:\/\/patrickvacation.com\/wp-content\/uploads\/2025\/02\/scobadoo.jpg","width":880,"height":570},{"@type":"BreadcrumbList","@id":"https:\/\/patrickvacation.com\/excursiones\/scuba-doo-en-punta-cana\/#breadcrumb","itemListElement":[{"@type":"ListItem","position":1,"name":"Portada","item":"https:\/\/patrickvacation.com\/"},{"@type":"ListItem","position":2,"name":"Excursiones y Reservas","item":"https:\/\/patrickvacation.com\/excursiones\/"},{"@type":"ListItem","position":3,"name":"Scuba Doo en Punta Cana"}]},{"@type":"WebSite","@id":"https:\/\/patrickvacation.com\/#website","url":"https:\/\/patrickvacation.com\/","name":"Patrick Vacation","description":"","publisher":{"@id":"https:\/\/patrickvacation.com\/#organization"},"potentialAction":[{"@type":"SearchAction","target":{"@type":"EntryPoint","urlTemplate":"https:\/\/patrickvacation.com\/?s={search_term_string}"},"query-input":{"@type":"PropertyValueSpecification","valueRequired":true,"valueName":"search_term_string"}}],"inLanguage":"fr-FR"},{"@type":"Organization","@id":"https:\/\/patrickvacation.com\/#organization","name":"Alcequiez Tours and Travel","url":"https:\/\/patrickvacation.com\/","logo":{"@type":"ImageObject","inLanguage":"fr-FR","@id":"https:\/\/patrickvacation.com\/#\/schema\/logo\/image\/","url":"https:\/\/patrickvacation.com\/wp-content\/uploads\/2023\/03\/Logo-Alcequiez.png","contentUrl":"https:\/\/patrickvacation.com\/wp-content\/uploads\/2023\/03\/Logo-Alcequiez.png","width":1080,"height":560,"caption":"Alcequiez Tours and Travel"},"image":{"@id":"https:\/\/patrickvacation.com\/#\/schema\/logo\/image\/"},"sameAs":["https:\/\/www.facebook.com\/alcequiez.tours.travel","https:\/\/www.instagram.com\/alcequieztour\/"]}]}},"_links":{"self":[{"href":"https:\/\/patrickvacation.com\/fr\/wp-json\/wp\/v2\/product\/6807","targetHints":{"allow":["GET"]}}],"collection":[{"href":"https:\/\/patrickvacation.com\/fr\/wp-json\/wp\/v2\/product"}],"about":[{"href":"https:\/\/patrickvacation.com\/fr\/wp-json\/wp\/v2\/types\/product"}],"version-history":[{"count":0,"href":"https:\/\/patrickvacation.com\/fr\/wp-json\/wp\/v2\/product\/6807\/revisions"}],"wp:featuredmedia":[{"embeddable":true,"href":"https:\/\/patrickvacation.com\/fr\/wp-json\/wp\/v2\/media\/6808"}],"wp:attachment":[{"href":"https:\/\/patrickvacation.com\/fr\/wp-json\/wp\/v2\/media?parent=6807"}],"wp:term":[{"taxonomy":"product_brand","embeddable":true,"href":"https:\/\/patrickvacation.com\/fr\/wp-json\/wp\/v2\/product_brand?post=6807"},{"taxonomy":"product_cat","embeddable":true,"href":"https:\/\/patrickvacation.com\/fr\/wp-json\/wp\/v2\/product_cat?post=6807"},{"taxonomy":"product_tag","embeddable":true,"href":"https:\/\/patrickvacation.com\/fr\/wp-json\/wp\/v2\/product_tag?post=6807"}],"curies":[{"name":"wp","href":"https:\/\/api.w.org\/{rel}","templated":true}]}}