{"id":6812,"date":"2025-02-20T23:38:30","date_gmt":"2025-02-20T23:38:30","guid":{"rendered":"https:\/\/patrickvacation.com\/reservas\/sunset-vip-cruise\/"},"modified":"2025-02-20T23:38:58","modified_gmt":"2025-02-20T23:38:58","slug":"sunset-vip-cruise","status":"publish","type":"product","link":"https:\/\/patrickvacation.com\/fr\/excursiones\/sunset-vip-cruise\/","title":{"rendered":"Sunset VIP Cruise"},"content":{"rendered":"<h2 id=\"headline-55-657\" class=\"ct-headline\" style=\"margin: 0px;font-family: Quicksand;font-size: 35px\" data-mce-style=\"margin: 0px; font-family: Quicksand; font-size: 35px;\">Itinerario de nuestra excursi\u00f3n Scuba Doo<\/h2>\n<div id=\"_rich_text-124-657\" class=\"oxy-rich-text\">\n<p style=\"margin-block-start: 0px\" data-mce-style=\"margin-block-start: 0px;\">Te recogeremos en tu hotel en Punta Cana dependiendo de la hora que hayas escogido para llevaros hasta la hermosa playa Cabeza de Toro.<\/p>\n<p>All\u00ed subiremos en un\u00a0<span style=\"font-weight: bolder\" data-mce-style=\"font-weight: bolder;\">barco con fondo de cristal<\/span>\u00a0que nos trasladar\u00e1 hasta la plataforma en un viaje de 30 minutos. All\u00ed nos equiparemos con trajes de neopreno y nuestros\u00a0<span style=\"font-weight: bolder\" data-mce-style=\"font-weight: bolder;\">scooter el\u00e9ctricos<\/span>\u00a0con las que nos sumergiremos a unos\u00a0<span style=\"font-weight: bolder\" data-mce-style=\"font-weight: bolder;\">4 metros de profundidad<\/span>\u00a0durante una inmersi\u00f3n de 15 minutos.<\/p>\n<p>\u00bfPiensas que pilotar bajo el agua un scooter submarino es complicado? No te preocupes. Nuestras\u00a0<span style=\"font-weight: bolder\" data-mce-style=\"font-weight: bolder;\">Scuba Doo<\/span>\u00a0se pilotan f\u00e1cilmente. \u00a1No se necesita experiencia previa!<\/p>\n<p>Durante la inmersi\u00f3n, un\u00a0<span style=\"font-weight: bolder\" data-mce-style=\"font-weight: bolder;\">gu\u00eda te ayudar\u00e1 a desplazarte bajo la superficie<\/span>\u00a0para conocer el bello fondo marino de Punta Cana.<\/p>\n<p>Para concluir la actividad, navegaremos hasta\u00a0<span style=\"font-weight: bolder\" data-mce-style=\"font-weight: bolder;\">El Ni\u00f1o<\/span>: uno de los principales\u00a0<span style=\"font-weight: bolder\" data-mce-style=\"font-weight: bolder;\">puntos de submarinismo en Punta Cana<\/span>. \u00a1All\u00ed practicaremos\u00a0<span style=\"font-weight: bolder\" data-mce-style=\"font-weight: bolder;\">snorkel<\/span>!<\/p>\n<p>Tras terminar de bucear en este hermoso punto, regresaremos a Cabeza de Toro para llevarte de vuelta hasta tu hotel o resort.<\/p>\n<p style=\"margin-block-end: 0px\" data-mce-style=\"margin-block-end: 0px;\">El tour de Scuba Doo se hace todos los d\u00edas, excepto los domingos, por la ma\u00f1ana y por la tarde. El regreso a tu hotel est\u00e1 previsto a las 11:20 o a las 15:30, dependiendo del turno que h<\/p>\n<section id=\"section-70-657\" class=\"ct-section nitro-offscreen\" style=\"width: 1256.67px;background-size: cover;background-repeat: repeat\" data-mce-style=\"width: 1256.67px; background-size: cover; background-repeat: repeat;\">\n<div class=\"ct-section-inner-wrap\" style=\"margin-left: auto;margin-right: auto;height: 372.344px;min-height: inherit;max-width: 1120px;padding: 23px 20px 31px;flex-direction: column;align-items: flex-start\" data-mce-style=\"margin-left: auto; margin-right: auto; height: 372.344px; min-height: inherit; max-width: 1120px; padding: 23px 20px 31px; flex-direction: column; align-items: flex-start;\">\n<h2 id=\"headline-71-657\" class=\"ct-headline\" style=\"margin: 0px;font-family: Quicksand;font-size: 35px\" data-mce-style=\"margin: 0px; font-family: Quicksand; font-size: 35px;\">\u00bfQu\u00e9 incluye el tour de Scuba Doo?<br \/><\/h2>\n<div id=\"_rich_text-79-657\" class=\"oxy-rich-text\" style=\"padding-top: 0px;width: 1080px\" data-mce-style=\"padding-top: 0px; width: 1080px;\">\n<ul>\n<li><span style=\"font-weight: bolder\" data-mce-style=\"font-weight: bolder;\">Autob\u00fas<\/span>\u00a0confortable con aire acondicionado.<\/li>\n<li><span style=\"font-weight: bolder\" data-mce-style=\"font-weight: bolder;\">Recogida en hoteles, resorts o AirBnB<\/span>.<\/li>\n<li><span style=\"font-weight: bolder\" data-mce-style=\"font-weight: bolder;\">Salida<\/span>\u00a0desde muelle de Punta Cana.<\/li>\n<li><span style=\"font-weight: bolder\" data-mce-style=\"font-weight: bolder;\">Visita a los corales<\/span>.<\/li>\n<li><span style=\"font-weight: bolder\" data-mce-style=\"font-weight: bolder;\">Brindis de Tragos<\/span>\u00a0(Brindis de Cuba Libre) en los Corales.<\/li>\n<li>Tiempo de tomar\u00a0<span style=\"font-weight: bolder\" data-mce-style=\"font-weight: bolder;\">fotos en el fondo del mar<\/span>.<\/li>\n<li><span style=\"font-weight: bolder\" data-mce-style=\"font-weight: bolder;\">Equipo de scooter acu\u00e1tico por persona<\/span>.<\/li>\n<li><span style=\"font-weight: bolder\" data-mce-style=\"font-weight: bolder;\">Instrucciones de uso de scooter marino<\/span>.<\/li>\n<li>Regreso en\u00a0<span style=\"font-weight: bolder\" data-mce-style=\"font-weight: bolder;\">transporte a su destino inicial<\/span>.<\/li>\n<\/ul>\n<\/div>\n<\/div>\n<\/section>\n<section id=\"section-80-657\" class=\"ct-section nitro-offscreen\" style=\"width: 1256.67px;background-size: cover;background-repeat: repeat\" data-mce-style=\"width: 1256.67px; background-size: cover; background-repeat: repeat;\">\n<div class=\"ct-section-inner-wrap\" style=\"margin-left: auto;margin-right: auto;height: 218.781px;min-height: inherit;max-width: 1120px;padding: 23px 20px 31px;flex-direction: column;align-items: flex-start\" data-mce-style=\"margin-left: auto; margin-right: auto; height: 218.781px; min-height: inherit; max-width: 1120px; padding: 23px 20px 31px; flex-direction: column; align-items: flex-start;\">\n<h2 id=\"headline-81-657\" class=\"ct-headline\" style=\"margin: 0px;font-family: Quicksand;font-size: 35px\" data-mce-style=\"margin: 0px; font-family: Quicksand; font-size: 35px;\">\u00bfQui\u00e9n puede realizar esta actividad?<br \/><\/h2>\n<div id=\"_rich_text-82-657\" class=\"oxy-rich-text\" style=\"padding-top: 0px;width: 1080px\" data-mce-style=\"padding-top: 0px; width: 1080px;\">\n<ul>\n<li>No podr\u00e1n realizar esta actividad los\u00a0<span style=\"font-weight: bolder\" data-mce-style=\"font-weight: bolder;\">menores de 8 a\u00f1os y los mayores de 70 a\u00f1os<\/span>.<\/li>\n<li>No se recomienda realizar el tour en scooter submarina a<span style=\"font-weight: bolder\" data-mce-style=\"font-weight: bolder;\">\u00a0mujeres embarazadas por motivos de seguridad.<\/span><\/li>\n<li>Las personas con\u00a0<span style=\"font-weight: bolder\" data-mce-style=\"font-weight: bolder;\">problemas de espalda o de coraz\u00f3n<\/span>\u00a0no est\u00e1n recomendadas para realizar esta excursi\u00f3n.<\/li>\n<\/ul>\n<\/div>\n<\/div>\n<\/section>\n<section id=\"section-89-657\" class=\"ct-section nitro-offscreen\" style=\"width: 1256.67px;background-size: cover;background-repeat: repeat\" data-mce-style=\"width: 1256.67px; background-size: cover; background-repeat: repeat;\">\n<div class=\"ct-section-inner-wrap\" style=\"margin-left: auto;margin-right: auto;height: 348.76px;min-height: inherit;max-width: 1120px;padding: 23px 20px 31px;flex-direction: column;align-items: flex-start\" data-mce-style=\"margin-left: auto; margin-right: auto; height: 348.76px; min-height: inherit; max-width: 1120px; padding: 23px 20px 31px; flex-direction: column; align-items: flex-start;\">\n<h2 id=\"headline-90-657\" class=\"ct-headline\" style=\"margin: 0px;font-family: Quicksand;font-size: 35px\" data-mce-style=\"margin: 0px; font-family: Quicksand; font-size: 35px;\">Recomendaciones para este paseo<br \/><\/h2>\n<div id=\"_rich_text-91-657\" class=\"oxy-rich-text\" style=\"padding-top: 0px;width: 1080px;margin-top: 10px\" data-mce-style=\"padding-top: 0px; width: 1080px; margin-top: 10px;\">\n<p style=\"margin-block-start: 0px\" data-mce-style=\"margin-block-start: 0px;\">Lo importante es que vengas con ganas de pasarlo bien, pero tambi\u00e9n te recomendamos que traigas:<\/p>\n<ul>\n<li>Un buen\u00a0<span style=\"font-weight: bolder\" data-mce-style=\"font-weight: bolder;\">protector solar<\/span>.<\/li>\n<li>Una\u00a0<span style=\"font-weight: bolder\" data-mce-style=\"font-weight: bolder;\">toalla de playa<\/span>.<\/li>\n<li><span style=\"font-weight: bolder\" data-mce-style=\"font-weight: bolder;\">Gafas de sol<\/span>\u00a0para proteger tus ojos contra los rayos solares.<\/li>\n<li><span style=\"font-weight: bolder\" data-mce-style=\"font-weight: bolder;\">Dinero<\/span>\u00a0en efectivo por si acaso quieres comprar algunos souvenirs, recuerdos o regalos del pa\u00eds.<\/li>\n<\/ul>\n<\/div>\n<\/div>\n<\/section>\n<p><\/p>\n<p style=\"margin-block-end: 0px\" data-mce-style=\"margin-block-end: 0px;\">ayas elegido.<\/p>\n<\/div>","protected":false},"excerpt":{"rendered":"<div id=\"div_block-25-122\" class=\"ct-div-block\">\n<h2 id=\"headline-26-122\" class=\"ct-headline\" style=\"margin: 7px 0px 0px;font-family: Quicksand;font-size: 35px\" data-mce-style=\"margin: 7px 0px 0px; font-family: Quicksand; font-size: 35px;\">Sunset VIP Cruise Privado en Punta Cana<\/h2>\n<div id=\"_rich_text-171-122\" class=\"oxy-rich-text\" style=\"width: 609.594px;margin-top: 15px\" data-mce-style=\"width: 609.594px; margin-top: 15px;\">\n<p style=\"margin-block-start: 0px\" data-mce-style=\"margin-block-start: 0px;\">Emb\u00e1rcate en un exclusivo\u00a0<span style=\"font-weight: bolder\" data-mce-style=\"font-weight: bolder;\">Sunset VIP Cruise privado<\/span>\u00a0en Punta Cana y experimenta una puesta de sol inolvidable desde la comodidad de nuestro lujoso yate. Este tour privado te permite disfrutar de la majestuosidad del oc\u00e9ano con intimidad y exclusividad, perfecto para quienes buscan una experiencia \u00fanica y personalizada. Desde el emocionante snorkeling hasta relajarte en aguas cristalinas, cada detalle est\u00e1 dise\u00f1ado para ofrecerte un atardecer caribe\u00f1o como ning\u00fan otro.<\/p>\n<p style=\"margin-block-end: 0px\" data-mce-style=\"margin-block-end: 0px;\">Nuestro tour te lleva m\u00e1s all\u00e1 de una simple navegaci\u00f3n; es una invitaci\u00f3n a experimentar la belleza de Punta Cana desde una perspectiva diferente. Desde el emocionante encuentro con la vida marina hasta la relajaci\u00f3n total frente a un horizonte que se ti\u00f1e de espectaculares colores, cada momento a bordo est\u00e1 dise\u00f1ado para ofrecer placer y confort en un ambiente exclusivo.<\/p>\n<\/div>\n<\/div>\n<div id=\"div_block-306-122\" class=\"ct-div-block\">\n<h2 id=\"headline-307-122\" class=\"ct-headline\" style=\"margin: 7px 0px 0px;font-family: Quicksand;font-size: 35px\" data-mce-style=\"margin: 7px 0px 0px; font-family: Quicksand; font-size: 35px;\">\u00bfPor qu\u00e9 no te puedes perder esta actividad?<\/h2>\n<div id=\"_rich_text-308-122\" class=\"oxy-rich-text\" style=\"width: 609.594px;margin-top: 15px\" data-mce-style=\"width: 609.594px; margin-top: 15px;\">\n<p style=\"margin-block-start: 0px\" data-mce-style=\"margin-block-start: 0px;\">No hay mejor manera de terminar el d\u00eda en Punta Cana que a bordo de nuestro Sunset VIP Cruise. Este tour no solo te ofrece la oportunidad de nadar en aguas claras y explorar la vida submarina en un ambiente \u00edntimo y relajante, sino que tambi\u00e9n te brinda la posibilidad de disfrutar de un atardecer espectacular, acompa\u00f1ado de tus bebidas favoritas.<\/p>\n<p style=\"margin-block-end: 0px\" data-mce-style=\"margin-block-end: 0px;\">Es la combinaci\u00f3n perfecta de aventura, relajaci\u00f3n y lujo, ideal para quienes buscan una experiencia exclusiva y rom\u00e1ntica.<\/p>\n<\/div>\n<\/div>","protected":false},"featured_media":6811,"template":"","meta":[],"product_brand":[],"product_cat":[182,184],"product_tag":[366],"class_list":{"0":"post-6812","1":"product","2":"type-product","3":"status-publish","4":"has-post-thumbnail","6":"product_cat-ecoaventura-senderismo","7":"product_cat-fiestasyeventos","8":"product_tag-cruise-vip-sunset","10":"first","11":"instock","12":"virtual","13":"purchasable","14":"product-type-simple"},"yoast_head":"<!-- This site is optimized with the Yoast SEO plugin v24.7 - https:\/\/yoast.com\/wordpress\/plugins\/seo\/ -->\n<title>Sunset VIP Cruise - Patrick Vacation<\/title>\n<meta name=\"robots\" content=\"index, follow, max-snippet:-1, max-image-preview:large, max-video-preview:-1\" \/>\n<link rel=\"canonical\" href=\"https:\/\/patrickvacation.com\/fr\/excursiones\/sunset-vip-cruise\/\" \/>\n<meta property=\"og:locale\" content=\"fr_FR\" \/>\n<meta property=\"og:type\" content=\"article\" \/>\n<meta property=\"og:title\" content=\"Sunset VIP Cruise - Patrick Vacation\" \/>\n<meta property=\"og:description\" content=\"Sunset VIP Cruise Privado en Punta CanaEmb\u00e1rcate en un exclusivo\u00a0Sunset VIP Cruise privado\u00a0en Punta Cana y experimenta una puesta de sol inolvidable desde la comodidad de nuestro lujoso yate. Este tour privado te permite disfrutar de la majestuosidad del oc\u00e9ano con intimidad y exclusividad, perfecto para quienes buscan una experiencia \u00fanica y personalizada. Desde el emocionante snorkeling hasta relajarte en aguas cristalinas, cada detalle est\u00e1 dise\u00f1ado para ofrecerte un atardecer caribe\u00f1o como ning\u00fan otro.Nuestro tour te lleva m\u00e1s all\u00e1 de una simple navegaci\u00f3n; es una invitaci\u00f3n a experimentar la belleza de Punta Cana desde una perspectiva diferente. Desde el emocionante encuentro con la vida marina hasta la relajaci\u00f3n total frente a un horizonte que se ti\u00f1e de espectaculares colores, cada momento a bordo est\u00e1 dise\u00f1ado para ofrecer placer y confort en un ambiente exclusivo.\u00bfPor qu\u00e9 no te puedes perder esta actividad?No hay mejor manera de terminar el d\u00eda en Punta Cana que a bordo de nuestro Sunset VIP Cruise. Este tour no solo te ofrece la oportunidad de nadar en aguas claras y explorar la vida submarina en un ambiente \u00edntimo y relajante, sino que tambi\u00e9n te brinda la posibilidad de disfrutar de un atardecer espectacular, acompa\u00f1ado de tus bebidas favoritas.Es la combinaci\u00f3n perfecta de aventura, relajaci\u00f3n y lujo, ideal para quienes buscan una experiencia exclusiva y rom\u00e1ntica.\" \/>\n<meta property=\"og:url\" content=\"https:\/\/patrickvacation.com\/fr\/excursiones\/sunset-vip-cruise\/\" \/>\n<meta property=\"og:site_name\" content=\"Patrick Vacation\" \/>\n<meta property=\"article:publisher\" content=\"https:\/\/www.facebook.com\/alcequiez.tours.travel\" \/>\n<meta property=\"article:modified_time\" content=\"2025-02-20T23:38:58+00:00\" \/>\n<meta property=\"og:image\" content=\"https:\/\/patrickvacation.com\/wp-content\/uploads\/2025\/02\/sunset-vip-cruise.jpg\" \/>\n\t<meta property=\"og:image:width\" content=\"729\" \/>\n\t<meta property=\"og:image:height\" content=\"562\" \/>\n\t<meta property=\"og:image:type\" content=\"image\/jpeg\" \/>\n<meta name=\"twitter:card\" content=\"summary_large_image\" \/>\n<meta name=\"twitter:label1\" content=\"Dur\u00e9e de lecture estim\u00e9e\" \/>\n\t<meta name=\"twitter:data1\" content=\"2 minutes\" \/>\n<script type=\"application\/ld+json\" class=\"yoast-schema-graph\">{\"@context\":\"https:\/\/schema.org\",\"@graph\":[{\"@type\":\"WebPage\",\"@id\":\"https:\/\/patrickvacation.com\/excursiones\/sunset-vip-cruise\/\",\"url\":\"https:\/\/patrickvacation.com\/excursiones\/sunset-vip-cruise\/\",\"name\":\"Sunset VIP Cruise - Patrick Vacation\",\"isPartOf\":{\"@id\":\"https:\/\/patrickvacation.com\/#website\"},\"primaryImageOfPage\":{\"@id\":\"https:\/\/patrickvacation.com\/excursiones\/sunset-vip-cruise\/#primaryimage\"},\"image\":{\"@id\":\"https:\/\/patrickvacation.com\/excursiones\/sunset-vip-cruise\/#primaryimage\"},\"thumbnailUrl\":\"https:\/\/patrickvacation.com\/wp-content\/uploads\/2025\/02\/sunset-vip-cruise.jpg\",\"datePublished\":\"2025-02-20T23:38:30+00:00\",\"dateModified\":\"2025-02-20T23:38:58+00:00\",\"breadcrumb\":{\"@id\":\"https:\/\/patrickvacation.com\/excursiones\/sunset-vip-cruise\/#breadcrumb\"},\"inLanguage\":\"fr-FR\",\"potentialAction\":[{\"@type\":\"ReadAction\",\"target\":[\"https:\/\/patrickvacation.com\/excursiones\/sunset-vip-cruise\/\"]}]},{\"@type\":\"ImageObject\",\"inLanguage\":\"fr-FR\",\"@id\":\"https:\/\/patrickvacation.com\/excursiones\/sunset-vip-cruise\/#primaryimage\",\"url\":\"https:\/\/patrickvacation.com\/wp-content\/uploads\/2025\/02\/sunset-vip-cruise.jpg\",\"contentUrl\":\"https:\/\/patrickvacation.com\/wp-content\/uploads\/2025\/02\/sunset-vip-cruise.jpg\",\"width\":729,\"height\":562},{\"@type\":\"BreadcrumbList\",\"@id\":\"https:\/\/patrickvacation.com\/excursiones\/sunset-vip-cruise\/#breadcrumb\",\"itemListElement\":[{\"@type\":\"ListItem\",\"position\":1,\"name\":\"Portada\",\"item\":\"https:\/\/patrickvacation.com\/\"},{\"@type\":\"ListItem\",\"position\":2,\"name\":\"Excursiones y Reservas\",\"item\":\"https:\/\/patrickvacation.com\/excursiones\/\"},{\"@type\":\"ListItem\",\"position\":3,\"name\":\"Sunset VIP Cruise\"}]},{\"@type\":\"WebSite\",\"@id\":\"https:\/\/patrickvacation.com\/#website\",\"url\":\"https:\/\/patrickvacation.com\/\",\"name\":\"Patrick Vacation\",\"description\":\"\",\"publisher\":{\"@id\":\"https:\/\/patrickvacation.com\/#organization\"},\"potentialAction\":[{\"@type\":\"SearchAction\",\"target\":{\"@type\":\"EntryPoint\",\"urlTemplate\":\"https:\/\/patrickvacation.com\/?s={search_term_string}\"},\"query-input\":{\"@type\":\"PropertyValueSpecification\",\"valueRequired\":true,\"valueName\":\"search_term_string\"}}],\"inLanguage\":\"fr-FR\"},{\"@type\":\"Organization\",\"@id\":\"https:\/\/patrickvacation.com\/#organization\",\"name\":\"Alcequiez Tours and Travel\",\"url\":\"https:\/\/patrickvacation.com\/\",\"logo\":{\"@type\":\"ImageObject\",\"inLanguage\":\"fr-FR\",\"@id\":\"https:\/\/patrickvacation.com\/#\/schema\/logo\/image\/\",\"url\":\"https:\/\/patrickvacation.com\/wp-content\/uploads\/2023\/03\/Logo-Alcequiez.png\",\"contentUrl\":\"https:\/\/patrickvacation.com\/wp-content\/uploads\/2023\/03\/Logo-Alcequiez.png\",\"width\":1080,\"height\":560,\"caption\":\"Alcequiez Tours and Travel\"},\"image\":{\"@id\":\"https:\/\/patrickvacation.com\/#\/schema\/logo\/image\/\"},\"sameAs\":[\"https:\/\/www.facebook.com\/alcequiez.tours.travel\",\"https:\/\/www.instagram.com\/alcequieztour\/\"]}]}<\/script>\n<!-- \/ Yoast SEO plugin. -->","yoast_head_json":{"title":"Sunset VIP Cruise - Patrick Vacation","robots":{"index":"index","follow":"follow","max-snippet":"max-snippet:-1","max-image-preview":"max-image-preview:large","max-video-preview":"max-video-preview:-1"},"canonical":"https:\/\/patrickvacation.com\/fr\/excursiones\/sunset-vip-cruise\/","og_locale":"fr_FR","og_type":"article","og_title":"Sunset VIP Cruise - Patrick Vacation","og_description":"Sunset VIP Cruise Privado en Punta CanaEmb\u00e1rcate en un exclusivo\u00a0Sunset VIP Cruise privado\u00a0en Punta Cana y experimenta una puesta de sol inolvidable desde la comodidad de nuestro lujoso yate. Este tour privado te permite disfrutar de la majestuosidad del oc\u00e9ano con intimidad y exclusividad, perfecto para quienes buscan una experiencia \u00fanica y personalizada. Desde el emocionante snorkeling hasta relajarte en aguas cristalinas, cada detalle est\u00e1 dise\u00f1ado para ofrecerte un atardecer caribe\u00f1o como ning\u00fan otro.Nuestro tour te lleva m\u00e1s all\u00e1 de una simple navegaci\u00f3n; es una invitaci\u00f3n a experimentar la belleza de Punta Cana desde una perspectiva diferente. Desde el emocionante encuentro con la vida marina hasta la relajaci\u00f3n total frente a un horizonte que se ti\u00f1e de espectaculares colores, cada momento a bordo est\u00e1 dise\u00f1ado para ofrecer placer y confort en un ambiente exclusivo.\u00bfPor qu\u00e9 no te puedes perder esta actividad?No hay mejor manera de terminar el d\u00eda en Punta Cana que a bordo de nuestro Sunset VIP Cruise. Este tour no solo te ofrece la oportunidad de nadar en aguas claras y explorar la vida submarina en un ambiente \u00edntimo y relajante, sino que tambi\u00e9n te brinda la posibilidad de disfrutar de un atardecer espectacular, acompa\u00f1ado de tus bebidas favoritas.Es la combinaci\u00f3n perfecta de aventura, relajaci\u00f3n y lujo, ideal para quienes buscan una experiencia exclusiva y rom\u00e1ntica.","og_url":"https:\/\/patrickvacation.com\/fr\/excursiones\/sunset-vip-cruise\/","og_site_name":"Patrick Vacation","article_publisher":"https:\/\/www.facebook.com\/alcequiez.tours.travel","article_modified_time":"2025-02-20T23:38:58+00:00","og_image":[{"width":729,"height":562,"url":"https:\/\/patrickvacation.com\/wp-content\/uploads\/2025\/02\/sunset-vip-cruise.jpg","type":"image\/jpeg"}],"twitter_card":"summary_large_image","twitter_misc":{"Dur\u00e9e de lecture estim\u00e9e":"2 minutes"},"schema":{"@context":"https:\/\/schema.org","@graph":[{"@type":"WebPage","@id":"https:\/\/patrickvacation.com\/excursiones\/sunset-vip-cruise\/","url":"https:\/\/patrickvacation.com\/excursiones\/sunset-vip-cruise\/","name":"Sunset VIP Cruise - Patrick Vacation","isPartOf":{"@id":"https:\/\/patrickvacation.com\/#website"},"primaryImageOfPage":{"@id":"https:\/\/patrickvacation.com\/excursiones\/sunset-vip-cruise\/#primaryimage"},"image":{"@id":"https:\/\/patrickvacation.com\/excursiones\/sunset-vip-cruise\/#primaryimage"},"thumbnailUrl":"https:\/\/patrickvacation.com\/wp-content\/uploads\/2025\/02\/sunset-vip-cruise.jpg","datePublished":"2025-02-20T23:38:30+00:00","dateModified":"2025-02-20T23:38:58+00:00","breadcrumb":{"@id":"https:\/\/patrickvacation.com\/excursiones\/sunset-vip-cruise\/#breadcrumb"},"inLanguage":"fr-FR","potentialAction":[{"@type":"ReadAction","target":["https:\/\/patrickvacation.com\/excursiones\/sunset-vip-cruise\/"]}]},{"@type":"ImageObject","inLanguage":"fr-FR","@id":"https:\/\/patrickvacation.com\/excursiones\/sunset-vip-cruise\/#primaryimage","url":"https:\/\/patrickvacation.com\/wp-content\/uploads\/2025\/02\/sunset-vip-cruise.jpg","contentUrl":"https:\/\/patrickvacation.com\/wp-content\/uploads\/2025\/02\/sunset-vip-cruise.jpg","width":729,"height":562},{"@type":"BreadcrumbList","@id":"https:\/\/patrickvacation.com\/excursiones\/sunset-vip-cruise\/#breadcrumb","itemListElement":[{"@type":"ListItem","position":1,"name":"Portada","item":"https:\/\/patrickvacation.com\/"},{"@type":"ListItem","position":2,"name":"Excursiones y Reservas","item":"https:\/\/patrickvacation.com\/excursiones\/"},{"@type":"ListItem","position":3,"name":"Sunset VIP Cruise"}]},{"@type":"WebSite","@id":"https:\/\/patrickvacation.com\/#website","url":"https:\/\/patrickvacation.com\/","name":"Patrick Vacation","description":"","publisher":{"@id":"https:\/\/patrickvacation.com\/#organization"},"potentialAction":[{"@type":"SearchAction","target":{"@type":"EntryPoint","urlTemplate":"https:\/\/patrickvacation.com\/?s={search_term_string}"},"query-input":{"@type":"PropertyValueSpecification","valueRequired":true,"valueName":"search_term_string"}}],"inLanguage":"fr-FR"},{"@type":"Organization","@id":"https:\/\/patrickvacation.com\/#organization","name":"Alcequiez Tours and Travel","url":"https:\/\/patrickvacation.com\/","logo":{"@type":"ImageObject","inLanguage":"fr-FR","@id":"https:\/\/patrickvacation.com\/#\/schema\/logo\/image\/","url":"https:\/\/patrickvacation.com\/wp-content\/uploads\/2023\/03\/Logo-Alcequiez.png","contentUrl":"https:\/\/patrickvacation.com\/wp-content\/uploads\/2023\/03\/Logo-Alcequiez.png","width":1080,"height":560,"caption":"Alcequiez Tours and Travel"},"image":{"@id":"https:\/\/patrickvacation.com\/#\/schema\/logo\/image\/"},"sameAs":["https:\/\/www.facebook.com\/alcequiez.tours.travel","https:\/\/www.instagram.com\/alcequieztour\/"]}]}},"_links":{"self":[{"href":"https:\/\/patrickvacation.com\/fr\/wp-json\/wp\/v2\/product\/6812","targetHints":{"allow":["GET"]}}],"collection":[{"href":"https:\/\/patrickvacation.com\/fr\/wp-json\/wp\/v2\/product"}],"about":[{"href":"https:\/\/patrickvacation.com\/fr\/wp-json\/wp\/v2\/types\/product"}],"version-history":[{"count":0,"href":"https:\/\/patrickvacation.com\/fr\/wp-json\/wp\/v2\/product\/6812\/revisions"}],"wp:featuredmedia":[{"embeddable":true,"href":"https:\/\/patrickvacation.com\/fr\/wp-json\/wp\/v2\/media\/6811"}],"wp:attachment":[{"href":"https:\/\/patrickvacation.com\/fr\/wp-json\/wp\/v2\/media?parent=6812"}],"wp:term":[{"taxonomy":"product_brand","embeddable":true,"href":"https:\/\/patrickvacation.com\/fr\/wp-json\/wp\/v2\/product_brand?post=6812"},{"taxonomy":"product_cat","embeddable":true,"href":"https:\/\/patrickvacation.com\/fr\/wp-json\/wp\/v2\/product_cat?post=6812"},{"taxonomy":"product_tag","embeddable":true,"href":"https:\/\/patrickvacation.com\/fr\/wp-json\/wp\/v2\/product_tag?post=6812"}],"curies":[{"name":"wp","href":"https:\/\/api.w.org\/{rel}","templated":true}]}}