{"id":6817,"date":"2025-02-20T23:56:42","date_gmt":"2025-02-20T23:56:42","guid":{"rendered":"https:\/\/patrickvacation.com\/reservas\/snorkeling\/"},"modified":"2025-02-20T23:56:42","modified_gmt":"2025-02-20T23:56:42","slug":"snorkeling","status":"publish","type":"product","link":"https:\/\/patrickvacation.com\/fr\/excursiones\/snorkeling\/","title":{"rendered":"Snorkeling"},"content":{"rendered":"<h2 id=\"headline-569-94\" class=\"ct-headline\" style=\"margin: 0px;font-family: Quicksand;font-size: 35px\">Itinerario de la excursi\u00f3n snorkel en Punta Cana<\/h2>\n<div id=\"_rich_text-610-94\" class=\"oxy-rich-text\">\n<p style=\"margin-block-start: 0px\"><span style=\"font-weight: bolder\">El horario de la recogida<\/span>\u00a0en los hoteles para la excursi\u00f3n de snorkel en Punta Cana siempre\u00a0<span style=\"font-weight: bolder\">depende del hotel<\/span>\u00a0donde est\u00e1s hospedado.<\/p>\n<p>Para algunos hoteles, el punto de destino est\u00e1 a 10 minutos, para otros a 20 minutos. Por eso despu\u00e9s de la reserva de la excursi\u00f3n, te avisaremos la hora a la que te recogeremos.<\/p>\n<ul>\n<li><span style=\"font-weight: bolder\">08:25 a.m. \/ 12:50 p.m.<\/span>\u00a0\u2013 Recogida desde tu hotel hacia el punto de encuentro.<\/li>\n<li><span style=\"font-weight: bolder\">08:45 a.m. \/ 01:10 p.m.<\/span>\u00a0\u2013 Embarcamos a bordo del catamar\u00e1n que nos llevar\u00e1 al lugar donde realizaremos el snorkel.<\/li>\n<li><span style=\"font-weight: bolder\">Una vez llegados al lugar de la actividad<\/span>, nos pondremos el chaleco y las gafas con el tubo para realizar el snorkeling y contemplar el fondo marino.<\/li>\n<li><span style=\"font-weight: bolder\">A continuaci\u00f3n<\/span>, nos dirigimos a la piscina natural donde podremos disfrutar de un peque\u00f1o snack y bebidas locales que nos har\u00e1n reponer fuerzas y continuar con la excursi\u00f3n. Durante el trayecto, pasaremos cerca de las plataformas donde se encuentran los leones marinos y los delfines para que puedas visualizarlos.\u00a0<\/li>\n<li><span style=\"font-weight: bolder\">11:45 a.m. \/ 04:10 p.m.<\/span>\u00a0\u2013 Volveremos a nuestro punto de origen desde donde te llevaremos de vuelta hasta tu hotel.<\/li>\n<\/ul>\n<p style=\"margin-block-end: 0px\"><em>* Los horarios indicados anteriormente son orientativos.<\/em><\/p>\n<\/div>\n<h2 id=\"headline-577-94\" class=\"ct-headline\" style=\"margin: 0px;font-family: Quicksand;font-size: 35px\">\u00bfQu\u00e9 viene incluido en la reserva?<br \/><\/h2>\n<div id=\"_rich_text-613-94\" class=\"oxy-rich-text\">\n<p style=\"margin-block-start: 0px\">Esta excursi\u00f3n<span style=\"font-weight: bolder\">\u00a0incluye servicio de bebidas ilimitadas con o sin alcohol<\/span>\u00a0durante todo el trayecto del catamar\u00e1n. El turismo de snorkel en la isla ser\u00e1, para ti, una\u00a0<span style=\"font-weight: bolder\">experiencia inolvidable<\/span>. Es apto para toda la familia, sea con ni\u00f1os peque\u00f1os o adultos, ya que las aguas de la piscina natural es capaz de dejar at\u00f3nitas a personas de todas las edades.<\/p>\n<p>\u00bf<span style=\"font-weight: bolder\">No sabes nadar<\/span>?\u00a0<span style=\"font-weight: bolder\">No te preocupes<\/span>\u00a0por eso, porque\u00a0<span style=\"font-weight: bolder\">nuestros gu\u00edas<\/span>\u00a0son profesionales y\u00a0<span style=\"font-weight: bolder\">estar\u00e1n ah\u00ed para ayudarte<\/span>\u00a0en todo momento, ense\u00f1\u00e1ndote m\u00e9todos de respiraci\u00f3n y d\u00e1ndote consejos para practicar snorkel.<\/p>\n<p style=\"margin-block-end: 0px\">Hacer snorkel en la costa de B\u00e1varo, en Punta Cana, es un excelente\u00a0<span style=\"font-weight: bolder\">par\u00e9ntesis en tus vacaciones<\/span>, entre la playa de arena blanca y el prodigioso mar azul que est\u00e1 siempre observando.<\/p>\n<\/div>","protected":false},"excerpt":{"rendered":"<div id=\"div_block-547-94\" class=\"ct-div-block\">\n<h2 id=\"headline-548-94\" class=\"ct-headline\" style=\"margin: 7px 0px 0px;font-family: Quicksand;font-size: 35px\">Snorkeling Punta Cana<\/h2>\n<div id=\"_rich_text-609-94\" class=\"oxy-rich-text\" style=\"margin-top: 10px;width: 609.594px\">\n<p style=\"margin-block-start: 0px\">Disfruta de los\u00a0<span style=\"font-weight: bolder\">mejores arrecifes de coral<\/span>\u00a0y la fauna y flora marina de\u00a0<span style=\"font-weight: bolder\">Rep\u00fablica Dominicana<\/span>, \u00a1haciendo\u00a0<span style=\"font-weight: bolder\">esn\u00f3rquel\u00a0<\/span>en Punta Cana!<\/p>\n<p>Te recogeremos en tu hotel para embarcarnos\u00a0<span style=\"font-weight: bolder\">a bordo de un catamar\u00e1n<\/span>\u00a0para llevarte hasta el sitio de buceo. Mientras, en el barco podr\u00e1s\u00a0<span style=\"font-weight: bolder\">disfrutar<\/span>\u00a0de\u00a0<span style=\"font-weight: bolder\">nuestro equipo de entretenimiento<\/span>\u00a0que te har\u00e1 el viaje mucho m\u00e1s ameno.<\/p>\n<p>M\u00e1s adelante pararemos\u00a0<span style=\"font-weight: bolder\">en medio del oc\u00e9ano<\/span>\u00a0para\u00a0<span style=\"font-weight: bolder\">hacer snorkel<\/span>\u00a0junto a nuestros\u00a0<span style=\"font-weight: bolder\">gu\u00edas profesionales<\/span>. Si no sabes nadar, no te preocupes, porque ir\u00e1s con chaleco salvavidas, traje acu\u00e1tico, aletas y gafas con tubo\u00a0<span style=\"font-weight: bolder\">acompa\u00f1ado de un experto<\/span>\u00a0durante toda la actividad de submarinismo.<\/p>\n<p>Tras el snorkel, descansaremos en la\u00a0<span style=\"font-weight: bolder\">piscina natural<\/span>, donde seguiremos la fiesta con nuestro equipo de entretenimiento. Lo llaman piscina natural por la calma del mar, ya que la\u00a0<span style=\"font-weight: bolder\">ausencia de olas<\/span>\u00a0es una constante durante todo el a\u00f1o, y el\u00a0<span style=\"font-weight: bolder\">agua solo cubre hasta la cintura<\/span>. Adem\u00e1s, mientras est\u00e1s en remojo, podr\u00e1s disfrutar de una bebida local.<\/p>\n<p style=\"margin-block-end: 0px\">La aventura termina con el viaje de vuelta para llevarte de regreso a tu hotel.<\/p>\n<\/div>\n<\/div>\n<div id=\"div_block-628-94\" class=\"ct-div-block\">\n<h2 id=\"headline-629-94\" class=\"ct-headline\" style=\"margin: 7px 0px 0px;font-family: Quicksand;font-size: 35px\">\u00bfPor qu\u00e9 no te puedes perder esta actividad?<\/h2>\n<div id=\"_rich_text-630-94\" class=\"oxy-rich-text\" style=\"margin-top: 20px;width: 609.594px\">\n<p style=\"margin-block-start: 0px\">En snorkel es una de las actividades acu\u00e1ticas m\u00e1s famosas del mundo. Hacerlo\u00a0<span style=\"font-weight: bolder\">en el Caribe<\/span>\u00a0es llevar este deporte a su m\u00e1xima expresi\u00f3n, en d\u00f3nde tus gafas de snorkeling se llenar\u00e1n de\u00a0<span style=\"font-weight: bolder\">cientos de colores<\/span>\u00a0que desprenden la fauna y la flora marina de la piscina natural.<\/p>\n<p>Tendr\u00e1s la oportunidad de ver los 20 kil\u00f3metros de playa que componen B\u00e1varo desde otro punto de vista. Nuestro\u00a0<span style=\"font-weight: bolder\">catamar\u00e1n\u00a0<\/span>no solo es \u00fatil para llevarnos desde un punto a otro, sino que adem\u00e1s sirve como tour para\u00a0<span style=\"font-weight: bolder\">admirar el paisaje desde el mar<\/span>.<\/p>\n<p>Haciendo snorkel podr\u00e1s hacer una b\u00fasqueda exhaustiva de las\u00a0<span style=\"font-weight: bolder\">especies m\u00e1s destacadas\u00a0<\/span>que pueblan la costa de Punta Cana. Desde tortugas Carey hasta caballitos de mar. O barracudas y peces Pipa.<\/p>\n<p style=\"margin-block-end: 0px\">Existen\u00a0<span style=\"font-weight: bolder\">cientos de especies<\/span>\u00a0que est\u00e1n esperando a que t\u00fa vayas a conocerlas con tus gafas, tu tubo y tus aletas de snorkel.<\/p>\n<\/div>\n<\/div>","protected":false},"featured_media":6816,"template":"","meta":[],"product_brand":[197],"product_cat":[181],"product_tag":[],"class_list":{"0":"post-6817","1":"product","2":"type-product","3":"status-publish","4":"has-post-thumbnail","6":"product_brand-buceo","7":"product_cat-deportes-extremos","9":"first","10":"instock","11":"virtual","12":"purchasable","13":"product-type-simple"},"yoast_head":"<!-- This site is optimized with the Yoast SEO plugin v24.7 - https:\/\/yoast.com\/wordpress\/plugins\/seo\/ -->\n<title>Snorkeling - Patrick Vacation<\/title>\n<meta name=\"robots\" content=\"index, follow, max-snippet:-1, max-image-preview:large, max-video-preview:-1\" \/>\n<link rel=\"canonical\" href=\"https:\/\/patrickvacation.com\/fr\/excursiones\/snorkeling\/\" \/>\n<meta property=\"og:locale\" content=\"fr_FR\" \/>\n<meta property=\"og:type\" content=\"article\" \/>\n<meta property=\"og:title\" content=\"Snorkeling - Patrick Vacation\" \/>\n<meta property=\"og:description\" content=\"Snorkeling Punta CanaDisfruta de los\u00a0mejores arrecifes de coral\u00a0y la fauna y flora marina de\u00a0Rep\u00fablica Dominicana, \u00a1haciendo\u00a0esn\u00f3rquel\u00a0en Punta Cana!Te recogeremos en tu hotel para embarcarnos\u00a0a bordo de un catamar\u00e1n\u00a0para llevarte hasta el sitio de buceo. Mientras, en el barco podr\u00e1s\u00a0disfrutar\u00a0de\u00a0nuestro equipo de entretenimiento\u00a0que te har\u00e1 el viaje mucho m\u00e1s ameno.M\u00e1s adelante pararemos\u00a0en medio del oc\u00e9ano\u00a0para\u00a0hacer snorkel\u00a0junto a nuestros\u00a0gu\u00edas profesionales. Si no sabes nadar, no te preocupes, porque ir\u00e1s con chaleco salvavidas, traje acu\u00e1tico, aletas y gafas con tubo\u00a0acompa\u00f1ado de un experto\u00a0durante toda la actividad de submarinismo.Tras el snorkel, descansaremos en la\u00a0piscina natural, donde seguiremos la fiesta con nuestro equipo de entretenimiento. Lo llaman piscina natural por la calma del mar, ya que la\u00a0ausencia de olas\u00a0es una constante durante todo el a\u00f1o, y el\u00a0agua solo cubre hasta la cintura. Adem\u00e1s, mientras est\u00e1s en remojo, podr\u00e1s disfrutar de una bebida local.La aventura termina con el viaje de vuelta para llevarte de regreso a tu hotel.\u00bfPor qu\u00e9 no te puedes perder esta actividad?En snorkel es una de las actividades acu\u00e1ticas m\u00e1s famosas del mundo. Hacerlo\u00a0en el Caribe\u00a0es llevar este deporte a su m\u00e1xima expresi\u00f3n, en d\u00f3nde tus gafas de snorkeling se llenar\u00e1n de\u00a0cientos de colores\u00a0que desprenden la fauna y la flora marina de la piscina natural.Tendr\u00e1s la oportunidad de ver los 20 kil\u00f3metros de playa que componen B\u00e1varo desde otro punto de vista. Nuestro\u00a0catamar\u00e1n\u00a0no solo es \u00fatil para llevarnos desde un punto a otro, sino que adem\u00e1s sirve como tour para\u00a0admirar el paisaje desde el mar.Haciendo snorkel podr\u00e1s hacer una b\u00fasqueda exhaustiva de las\u00a0especies m\u00e1s destacadas\u00a0que pueblan la costa de Punta Cana. Desde tortugas Carey hasta caballitos de mar. O barracudas y peces Pipa.Existen\u00a0cientos de especies\u00a0que est\u00e1n esperando a que t\u00fa vayas a conocerlas con tus gafas, tu tubo y tus aletas de snorkel.\" \/>\n<meta property=\"og:url\" content=\"https:\/\/patrickvacation.com\/fr\/excursiones\/snorkeling\/\" \/>\n<meta property=\"og:site_name\" content=\"Patrick Vacation\" \/>\n<meta property=\"article:publisher\" content=\"https:\/\/www.facebook.com\/alcequiez.tours.travel\" \/>\n<meta property=\"og:image\" content=\"https:\/\/patrickvacation.com\/wp-content\/uploads\/2025\/02\/snorkeling.jpg\" \/>\n\t<meta property=\"og:image:width\" content=\"606\" \/>\n\t<meta property=\"og:image:height\" content=\"463\" \/>\n\t<meta property=\"og:image:type\" content=\"image\/jpeg\" \/>\n<meta name=\"twitter:card\" content=\"summary_large_image\" \/>\n<meta name=\"twitter:label1\" content=\"Dur\u00e9e de lecture estim\u00e9e\" \/>\n\t<meta name=\"twitter:data1\" content=\"2 minutes\" \/>\n<script type=\"application\/ld+json\" class=\"yoast-schema-graph\">{\"@context\":\"https:\/\/schema.org\",\"@graph\":[{\"@type\":\"WebPage\",\"@id\":\"https:\/\/patrickvacation.com\/excursiones\/snorkeling\/\",\"url\":\"https:\/\/patrickvacation.com\/excursiones\/snorkeling\/\",\"name\":\"Snorkeling - Patrick Vacation\",\"isPartOf\":{\"@id\":\"https:\/\/patrickvacation.com\/#website\"},\"primaryImageOfPage\":{\"@id\":\"https:\/\/patrickvacation.com\/excursiones\/snorkeling\/#primaryimage\"},\"image\":{\"@id\":\"https:\/\/patrickvacation.com\/excursiones\/snorkeling\/#primaryimage\"},\"thumbnailUrl\":\"https:\/\/patrickvacation.com\/wp-content\/uploads\/2025\/02\/snorkeling.jpg\",\"datePublished\":\"2025-02-20T23:56:42+00:00\",\"breadcrumb\":{\"@id\":\"https:\/\/patrickvacation.com\/excursiones\/snorkeling\/#breadcrumb\"},\"inLanguage\":\"fr-FR\",\"potentialAction\":[{\"@type\":\"ReadAction\",\"target\":[\"https:\/\/patrickvacation.com\/excursiones\/snorkeling\/\"]}]},{\"@type\":\"ImageObject\",\"inLanguage\":\"fr-FR\",\"@id\":\"https:\/\/patrickvacation.com\/excursiones\/snorkeling\/#primaryimage\",\"url\":\"https:\/\/patrickvacation.com\/wp-content\/uploads\/2025\/02\/snorkeling.jpg\",\"contentUrl\":\"https:\/\/patrickvacation.com\/wp-content\/uploads\/2025\/02\/snorkeling.jpg\",\"width\":606,\"height\":463},{\"@type\":\"BreadcrumbList\",\"@id\":\"https:\/\/patrickvacation.com\/excursiones\/snorkeling\/#breadcrumb\",\"itemListElement\":[{\"@type\":\"ListItem\",\"position\":1,\"name\":\"Portada\",\"item\":\"https:\/\/patrickvacation.com\/\"},{\"@type\":\"ListItem\",\"position\":2,\"name\":\"Excursiones y Reservas\",\"item\":\"https:\/\/patrickvacation.com\/excursiones\/\"},{\"@type\":\"ListItem\",\"position\":3,\"name\":\"Snorkeling\"}]},{\"@type\":\"WebSite\",\"@id\":\"https:\/\/patrickvacation.com\/#website\",\"url\":\"https:\/\/patrickvacation.com\/\",\"name\":\"Patrick Vacation\",\"description\":\"\",\"publisher\":{\"@id\":\"https:\/\/patrickvacation.com\/#organization\"},\"potentialAction\":[{\"@type\":\"SearchAction\",\"target\":{\"@type\":\"EntryPoint\",\"urlTemplate\":\"https:\/\/patrickvacation.com\/?s={search_term_string}\"},\"query-input\":{\"@type\":\"PropertyValueSpecification\",\"valueRequired\":true,\"valueName\":\"search_term_string\"}}],\"inLanguage\":\"fr-FR\"},{\"@type\":\"Organization\",\"@id\":\"https:\/\/patrickvacation.com\/#organization\",\"name\":\"Alcequiez Tours and Travel\",\"url\":\"https:\/\/patrickvacation.com\/\",\"logo\":{\"@type\":\"ImageObject\",\"inLanguage\":\"fr-FR\",\"@id\":\"https:\/\/patrickvacation.com\/#\/schema\/logo\/image\/\",\"url\":\"https:\/\/patrickvacation.com\/wp-content\/uploads\/2023\/03\/Logo-Alcequiez.png\",\"contentUrl\":\"https:\/\/patrickvacation.com\/wp-content\/uploads\/2023\/03\/Logo-Alcequiez.png\",\"width\":1080,\"height\":560,\"caption\":\"Alcequiez Tours and Travel\"},\"image\":{\"@id\":\"https:\/\/patrickvacation.com\/#\/schema\/logo\/image\/\"},\"sameAs\":[\"https:\/\/www.facebook.com\/alcequiez.tours.travel\",\"https:\/\/www.instagram.com\/alcequieztour\/\"]}]}<\/script>\n<!-- \/ Yoast SEO plugin. -->","yoast_head_json":{"title":"Snorkeling - Patrick Vacation","robots":{"index":"index","follow":"follow","max-snippet":"max-snippet:-1","max-image-preview":"max-image-preview:large","max-video-preview":"max-video-preview:-1"},"canonical":"https:\/\/patrickvacation.com\/fr\/excursiones\/snorkeling\/","og_locale":"fr_FR","og_type":"article","og_title":"Snorkeling - Patrick Vacation","og_description":"Snorkeling Punta CanaDisfruta de los\u00a0mejores arrecifes de coral\u00a0y la fauna y flora marina de\u00a0Rep\u00fablica Dominicana, \u00a1haciendo\u00a0esn\u00f3rquel\u00a0en Punta Cana!Te recogeremos en tu hotel para embarcarnos\u00a0a bordo de un catamar\u00e1n\u00a0para llevarte hasta el sitio de buceo. Mientras, en el barco podr\u00e1s\u00a0disfrutar\u00a0de\u00a0nuestro equipo de entretenimiento\u00a0que te har\u00e1 el viaje mucho m\u00e1s ameno.M\u00e1s adelante pararemos\u00a0en medio del oc\u00e9ano\u00a0para\u00a0hacer snorkel\u00a0junto a nuestros\u00a0gu\u00edas profesionales. Si no sabes nadar, no te preocupes, porque ir\u00e1s con chaleco salvavidas, traje acu\u00e1tico, aletas y gafas con tubo\u00a0acompa\u00f1ado de un experto\u00a0durante toda la actividad de submarinismo.Tras el snorkel, descansaremos en la\u00a0piscina natural, donde seguiremos la fiesta con nuestro equipo de entretenimiento. Lo llaman piscina natural por la calma del mar, ya que la\u00a0ausencia de olas\u00a0es una constante durante todo el a\u00f1o, y el\u00a0agua solo cubre hasta la cintura. Adem\u00e1s, mientras est\u00e1s en remojo, podr\u00e1s disfrutar de una bebida local.La aventura termina con el viaje de vuelta para llevarte de regreso a tu hotel.\u00bfPor qu\u00e9 no te puedes perder esta actividad?En snorkel es una de las actividades acu\u00e1ticas m\u00e1s famosas del mundo. Hacerlo\u00a0en el Caribe\u00a0es llevar este deporte a su m\u00e1xima expresi\u00f3n, en d\u00f3nde tus gafas de snorkeling se llenar\u00e1n de\u00a0cientos de colores\u00a0que desprenden la fauna y la flora marina de la piscina natural.Tendr\u00e1s la oportunidad de ver los 20 kil\u00f3metros de playa que componen B\u00e1varo desde otro punto de vista. Nuestro\u00a0catamar\u00e1n\u00a0no solo es \u00fatil para llevarnos desde un punto a otro, sino que adem\u00e1s sirve como tour para\u00a0admirar el paisaje desde el mar.Haciendo snorkel podr\u00e1s hacer una b\u00fasqueda exhaustiva de las\u00a0especies m\u00e1s destacadas\u00a0que pueblan la costa de Punta Cana. Desde tortugas Carey hasta caballitos de mar. O barracudas y peces Pipa.Existen\u00a0cientos de especies\u00a0que est\u00e1n esperando a que t\u00fa vayas a conocerlas con tus gafas, tu tubo y tus aletas de snorkel.","og_url":"https:\/\/patrickvacation.com\/fr\/excursiones\/snorkeling\/","og_site_name":"Patrick Vacation","article_publisher":"https:\/\/www.facebook.com\/alcequiez.tours.travel","og_image":[{"width":606,"height":463,"url":"https:\/\/patrickvacation.com\/wp-content\/uploads\/2025\/02\/snorkeling.jpg","type":"image\/jpeg"}],"twitter_card":"summary_large_image","twitter_misc":{"Dur\u00e9e de lecture estim\u00e9e":"2 minutes"},"schema":{"@context":"https:\/\/schema.org","@graph":[{"@type":"WebPage","@id":"https:\/\/patrickvacation.com\/excursiones\/snorkeling\/","url":"https:\/\/patrickvacation.com\/excursiones\/snorkeling\/","name":"Snorkeling - Patrick Vacation","isPartOf":{"@id":"https:\/\/patrickvacation.com\/#website"},"primaryImageOfPage":{"@id":"https:\/\/patrickvacation.com\/excursiones\/snorkeling\/#primaryimage"},"image":{"@id":"https:\/\/patrickvacation.com\/excursiones\/snorkeling\/#primaryimage"},"thumbnailUrl":"https:\/\/patrickvacation.com\/wp-content\/uploads\/2025\/02\/snorkeling.jpg","datePublished":"2025-02-20T23:56:42+00:00","breadcrumb":{"@id":"https:\/\/patrickvacation.com\/excursiones\/snorkeling\/#breadcrumb"},"inLanguage":"fr-FR","potentialAction":[{"@type":"ReadAction","target":["https:\/\/patrickvacation.com\/excursiones\/snorkeling\/"]}]},{"@type":"ImageObject","inLanguage":"fr-FR","@id":"https:\/\/patrickvacation.com\/excursiones\/snorkeling\/#primaryimage","url":"https:\/\/patrickvacation.com\/wp-content\/uploads\/2025\/02\/snorkeling.jpg","contentUrl":"https:\/\/patrickvacation.com\/wp-content\/uploads\/2025\/02\/snorkeling.jpg","width":606,"height":463},{"@type":"BreadcrumbList","@id":"https:\/\/patrickvacation.com\/excursiones\/snorkeling\/#breadcrumb","itemListElement":[{"@type":"ListItem","position":1,"name":"Portada","item":"https:\/\/patrickvacation.com\/"},{"@type":"ListItem","position":2,"name":"Excursiones y Reservas","item":"https:\/\/patrickvacation.com\/excursiones\/"},{"@type":"ListItem","position":3,"name":"Snorkeling"}]},{"@type":"WebSite","@id":"https:\/\/patrickvacation.com\/#website","url":"https:\/\/patrickvacation.com\/","name":"Patrick Vacation","description":"","publisher":{"@id":"https:\/\/patrickvacation.com\/#organization"},"potentialAction":[{"@type":"SearchAction","target":{"@type":"EntryPoint","urlTemplate":"https:\/\/patrickvacation.com\/?s={search_term_string}"},"query-input":{"@type":"PropertyValueSpecification","valueRequired":true,"valueName":"search_term_string"}}],"inLanguage":"fr-FR"},{"@type":"Organization","@id":"https:\/\/patrickvacation.com\/#organization","name":"Alcequiez Tours and Travel","url":"https:\/\/patrickvacation.com\/","logo":{"@type":"ImageObject","inLanguage":"fr-FR","@id":"https:\/\/patrickvacation.com\/#\/schema\/logo\/image\/","url":"https:\/\/patrickvacation.com\/wp-content\/uploads\/2023\/03\/Logo-Alcequiez.png","contentUrl":"https:\/\/patrickvacation.com\/wp-content\/uploads\/2023\/03\/Logo-Alcequiez.png","width":1080,"height":560,"caption":"Alcequiez Tours and Travel"},"image":{"@id":"https:\/\/patrickvacation.com\/#\/schema\/logo\/image\/"},"sameAs":["https:\/\/www.facebook.com\/alcequiez.tours.travel","https:\/\/www.instagram.com\/alcequieztour\/"]}]}},"_links":{"self":[{"href":"https:\/\/patrickvacation.com\/fr\/wp-json\/wp\/v2\/product\/6817","targetHints":{"allow":["GET"]}}],"collection":[{"href":"https:\/\/patrickvacation.com\/fr\/wp-json\/wp\/v2\/product"}],"about":[{"href":"https:\/\/patrickvacation.com\/fr\/wp-json\/wp\/v2\/types\/product"}],"version-history":[{"count":0,"href":"https:\/\/patrickvacation.com\/fr\/wp-json\/wp\/v2\/product\/6817\/revisions"}],"wp:featuredmedia":[{"embeddable":true,"href":"https:\/\/patrickvacation.com\/fr\/wp-json\/wp\/v2\/media\/6816"}],"wp:attachment":[{"href":"https:\/\/patrickvacation.com\/fr\/wp-json\/wp\/v2\/media?parent=6817"}],"wp:term":[{"taxonomy":"product_brand","embeddable":true,"href":"https:\/\/patrickvacation.com\/fr\/wp-json\/wp\/v2\/product_brand?post=6817"},{"taxonomy":"product_cat","embeddable":true,"href":"https:\/\/patrickvacation.com\/fr\/wp-json\/wp\/v2\/product_cat?post=6817"},{"taxonomy":"product_tag","embeddable":true,"href":"https:\/\/patrickvacation.com\/fr\/wp-json\/wp\/v2\/product_tag?post=6817"}],"curies":[{"name":"wp","href":"https:\/\/api.w.org\/{rel}","templated":true}]}}