{"id":6825,"date":"2025-02-21T00:17:28","date_gmt":"2025-02-21T00:17:28","guid":{"rendered":"https:\/\/patrickvacation.com\/reservas\/banana-boat\/"},"modified":"2025-02-21T00:17:28","modified_gmt":"2025-02-21T00:17:28","slug":"banana-boat","status":"publish","type":"product","link":"https:\/\/patrickvacation.com\/fr\/excursiones\/banana-boat\/","title":{"rendered":"Banana boat"},"content":{"rendered":"<section id=\"section-50-669\" class=\"ct-section nitro-offscreen\">\n<div class=\"ct-section-inner-wrap\" style=\"margin-left: auto;margin-right: auto;height: 217.781px;min-height: inherit;max-width: 1120px;padding: 23px 20px 31px;flex-direction: column;align-items: flex-start\">\n<h2 id=\"headline-51-669\" class=\"ct-headline\" style=\"margin: 0px;font-family: Quicksand;font-size: 35px\">Itinerario. \u00bfQu\u00e9 haremos en la excursi\u00f3n?<\/h2>\n<div id=\"_rich_text-108-669\" class=\"oxy-rich-text\" style=\"margin-top: 15px;width: 1080px\">\n<p style=\"margin-block-start: 0px\">Te recogeremos en tu hotel o Airbnb en Punta Cana a la hora acordada, desde donde te llevaremos hasta Playa B\u00e1varo. All\u00ed te esperar\u00e1 nuestra lancha r\u00e1pida que arrastra la banana inflable.<\/p>\n<p style=\"margin-block-end: 0px\">Prepara tus risas y tu equilibrio para\u00a0<span style=\"font-weight: bolder\">10-15 minutos de diversi\u00f3n garantizada<\/span>, donde desafiar\u00e1s las olas y disfrutar\u00e1s del entorno espectacular.<\/p>\n<\/div>\n<\/div>\n<\/section>\n<section id=\"section-61-669\" class=\"ct-section nitro-offscreen\">\n<div class=\"ct-section-inner-wrap\" style=\"margin-left: auto;margin-right: auto;height: 337.167px;min-height: inherit;max-width: 1120px;padding: 23px 20px 31px;flex-direction: column;align-items: flex-start\">\n<h2 id=\"headline-62-669\" class=\"ct-headline\" style=\"margin: 0px;font-family: Quicksand;font-size: 35px\">\u00bfQui\u00e9n puede hacer esta actividad?<br \/><\/h2>\n<div id=\"_rich_text-71-669\" class=\"oxy-rich-text\" style=\"margin-top: 20px;margin-bottom: 20px;width: 1080px\">\n<p style=\"margin-block-start: 0px\">Este paseo en banana boat o sof\u00e1 boat es perfecto para<span style=\"font-weight: bolder\">\u00a0familias, amigos y cualquier grupo<\/span>\u00a0que busque disfrutar de una experiencia \u00fanica y emocionante en el agua. Es ideal para todos aquellos que deseen compartir risas y adrenalina mientras se deslizan sobre las olas del Caribe.<\/p>\n<p style=\"margin-block-end: 0px\">Los participantes deben tener al menos<span style=\"font-weight: bolder\">\u00a06 a\u00f1os de edad<\/span>\u00a0para asegurar que pueden sostenerse de manera segura durante el paseo y disfrutar plenamente de la experiencia.<\/p>\n<\/div>\n<\/div>\n<\/section>\n<section id=\"section-72-669\" class=\"ct-section nitro-offscreen\">\n<div class=\"ct-section-inner-wrap\" style=\"margin-left: auto;margin-right: auto;height: 366.75px;min-height: inherit;max-width: 1120px;padding: 23px 20px 11px;flex-direction: column;align-items: flex-start\">\n<h2 id=\"headline-73-669\" class=\"ct-headline\" style=\"margin: 0px;font-family: Quicksand;font-size: 35px\">\u00bfQui\u00e9n no puede hacer esta actividad?<br \/><\/h2>\n<div id=\"_rich_text-74-669\" class=\"oxy-rich-text\" style=\"margin-top: 20px;margin-bottom: 20px;width: 1080px\">\n<p style=\"margin-block-start: 0px\">Esta actividad es muy divertida y emocionante, pero no es adecuada para todos debido a la intensidad y la naturaleza f\u00edsica del paseo en banana boat o sof\u00e1 boat. Aqu\u00ed est\u00e1n los criterios para quienes deben evitar este paseo:<\/p>\n<ul>\n<li><span style=\"font-weight: bolder\">Personas con problemas de espalda o del coraz\u00f3n:<\/span>\u00a0El paseo puede ser brusco, especialmente al golpear con las olas, lo que podr\u00eda agravar condiciones m\u00e9dicas existentes.<\/li>\n<li><span style=\"font-weight: bolder\">Mujeres embarazadas:<\/span>\u00a0Para evitar cualquier riesgo potencial asociado con la naturaleza f\u00edsica de la actividad, se recomienda que las mujeres embarazadas no participen.<\/li>\n<li><span style=\"font-weight: bolder\">Ni\u00f1os menores de 6 a\u00f1os:<\/span>\u00a0La seguridad es nuestra prioridad, y los ni\u00f1os menores de esta edad pueden encontrar dificultades para mantenerse seguros y disfrutar de la experiencia.<\/li>\n<\/ul>\n<\/div>\n<\/div>\n<\/section>\n<section id=\"section-82-669\" class=\"ct-section nitro-offscreen\">\n<div class=\"ct-section-inner-wrap\" style=\"margin-left: auto;margin-right: auto;height: 383.344px;min-height: inherit;max-width: 1120px;padding: 23px 20px 2px;flex-direction: column;align-items: flex-start\">\n<h2 id=\"headline-83-669\" class=\"ct-headline\" style=\"margin: 0px;font-family: Quicksand;font-size: 35px\">\u00bfQu\u00e9 incluye la reserva?<br \/><\/h2>\n<div id=\"_rich_text-84-669\" class=\"oxy-rich-text\" style=\"margin-top: 20px;margin-bottom: 20px;width: 1080px\">\n<p style=\"margin-block-start: 0px\">Nuestro paseo en banana boat o sof\u00e1 boat est\u00e1 dise\u00f1ado para ofrecerte una experiencia sin complicaciones y llena de diversi\u00f3n. Aqu\u00ed est\u00e1 lo que incluye:<\/p>\n<ul>\n<li><span style=\"font-weight: bolder\">Recogida y retorno en tu hotel en Punta Cana:<\/span>\u00a0Facilitamos el acceso a la actividad proporcionando transporte c\u00f3modo desde y hacia tu alojamiento.<\/li>\n<li><span style=\"font-weight: bolder\">Traslado en lancha hasta la zona de actividad:<\/span>\u00a0Te llevamos desde la playa hasta el punto de partida del banana boat, asegurando que tu viaje sea fluido y agradable.<\/li>\n<li><span style=\"font-weight: bolder\">10-15 minutos de paseo en banana boat:<\/span>\u00a0Sum\u00e9rgete en la emoci\u00f3n de surfear las olas en una banana inflable, una experiencia estimulante que es perfecta para hacer en grupo.<\/li>\n<\/ul>\n<p style=\"margin-block-end: 0px\"><span style=\"font-weight: bolder\">Nota:<\/span>\u00a0El paseo no incluye almuerzo, lo que te da la libertad de explorar las opciones gastron\u00f3micas locales despu\u00e9s de la actividad.<\/p>\n<\/div>\n<\/div>\n<\/section>\n<section id=\"section-91-669\" class=\"ct-section nitro-offscreen\">\n<div class=\"ct-section-inner-wrap\" style=\"margin-left: auto;margin-right: auto;height: 414.948px;min-height: inherit;max-width: 1120px;padding: 8px 20px 31px;flex-direction: column;align-items: flex-start\">\n<h2 id=\"headline-92-669\" class=\"ct-headline\" style=\"margin: 0px;font-family: Quicksand;font-size: 35px\">Recomendaciones para este tour:<br \/><\/h2>\n<div id=\"_rich_text-93-669\" class=\"oxy-rich-text\" style=\"margin-top: 20px;margin-bottom: 20px;width: 1080px\">\n<p style=\"margin-block-start: 0px\">Para que disfrutes al m\u00e1ximo y con seguridad de tu paseo en banana boat en Playa B\u00e1varo, aqu\u00ed tienes algunas recomendaciones clave:<\/p>\n<ul>\n<li><span style=\"font-weight: bolder\">Protector solar:<\/span>\u00a0Aplica generosamente protector solar antes y durante la actividad para protegerte contra los fuertes rayos solares del Caribe.<\/li>\n<li><span style=\"font-weight: bolder\">Gafas de sol:<\/span>\u00a0Usa gafas de sol de calidad para proteger tus ojos del reflejo intenso del sol en el agua, lo cual es vital para tu comodidad visual.<\/li>\n<li><span style=\"font-weight: bolder\">Dinero en efectivo:<\/span>\u00a0Lleva contigo algo de dinero en efectivo para cualquier compra adicional que desees hacer, como souvenirs o bebidas, enriqueciendo as\u00ed tu experiencia en la playa<\/li>\n<\/ul>\n<\/div>\n<\/div>\n<\/section>","protected":false},"excerpt":{"rendered":"<div id=\"div_block-25-669\" class=\"ct-div-block\">\n<h2 id=\"headline-26-669\" class=\"ct-headline\" style=\"margin: 7px 0px 0px;font-family: Quicksand;font-size: 35px\">Banana boat o sof\u00e1 boat en Punta cana<\/h2>\n<div id=\"_rich_text-107-669\" class=\"oxy-rich-text\" style=\"margin-top: 15px;width: 609.594px\">\n<p style=\"margin-block-start: 0px\">Experimenta la\u00a0<span style=\"font-weight: bolder\">adrenalina<\/span>\u00a0y la diversi\u00f3n de deslizarte sobre las olas del Caribe en un emocionante paseo en banana boat en la hermosa Playa B\u00e1varo. Esta actividad es perfecta para aquellos que buscan\u00a0<span style=\"font-weight: bolder\">combinar el placer de la velocidad con la belleza natural<\/span>\u00a0de una de las playas m\u00e1s famosas de Punta Cana.<\/p>\n<p style=\"margin-block-end: 0px\">Prep\u00e1rate para la acci\u00f3n mientras te aferras a una gigantesca banana inflable remolcada por una\u00a0<span style=\"font-weight: bolder\">lancha r\u00e1pida<\/span>, explorando la costa de Playa B\u00e1varo. Es la actividad ideal para grupos de amigos o familias que desean a\u00f1adir un toque de aventura a sus vacaciones caribe\u00f1as.<\/p>\n<\/div>\n<\/div>\n<div id=\"div_block-123-669\" class=\"ct-div-block\">\n<h2 id=\"headline-124-669\" class=\"ct-headline\" style=\"margin: 7px 0px 0px;font-family: Quicksand;font-size: 35px\">\u00bfPor qu\u00e9 no puedes perderte esta actividad?<\/h2>\n<div id=\"_rich_text-125-669\" class=\"oxy-rich-text\" style=\"margin-top: 20px;width: 609.594px\">\n<p style=\"margin-block-start: 0px\">La actividad de\u00a0<span style=\"font-weight: bolder\">banana boat o sof\u00e1 boat<\/span>\u00a0es una de esas experiencias que combinan risas, adrenalina y momentos memorables. Sentir la brisa del mar mientras saltas sobre las olas y tratas de mantenerte a bordo de la banana es una manera emocionante de disfrutar el impresionante entorno marino de Playa B\u00e1varo.<\/p>\n<p style=\"margin-block-end: 0px\">Al igual que el parasailing, el banana boat te permite interactuar con el entorno de una forma activa y entretenida, pero con la ventaja de estar en contacto constante con el agua, ideal para refrescarse bajo el sol tropical.<\/p>\n<\/div>\n<\/div>","protected":false},"featured_media":6824,"template":"","meta":[],"product_brand":[],"product_cat":[182],"product_tag":[],"class_list":{"0":"post-6825","1":"product","2":"type-product","3":"status-publish","4":"has-post-thumbnail","6":"product_cat-ecoaventura-senderismo","8":"first","9":"instock","10":"virtual","11":"purchasable","12":"product-type-simple"},"yoast_head":"<!-- This site is optimized with the Yoast SEO plugin v24.7 - https:\/\/yoast.com\/wordpress\/plugins\/seo\/ -->\n<title>Banana boat - Patrick Vacation<\/title>\n<meta name=\"robots\" content=\"index, follow, max-snippet:-1, max-image-preview:large, max-video-preview:-1\" \/>\n<link rel=\"canonical\" href=\"https:\/\/patrickvacation.com\/fr\/excursiones\/banana-boat\/\" \/>\n<meta property=\"og:locale\" content=\"fr_FR\" \/>\n<meta property=\"og:type\" content=\"article\" \/>\n<meta property=\"og:title\" content=\"Banana boat - Patrick Vacation\" \/>\n<meta property=\"og:description\" content=\"Banana boat o sof\u00e1 boat en Punta canaExperimenta la\u00a0adrenalina\u00a0y la diversi\u00f3n de deslizarte sobre las olas del Caribe en un emocionante paseo en banana boat en la hermosa Playa B\u00e1varo. Esta actividad es perfecta para aquellos que buscan\u00a0combinar el placer de la velocidad con la belleza natural\u00a0de una de las playas m\u00e1s famosas de Punta Cana.Prep\u00e1rate para la acci\u00f3n mientras te aferras a una gigantesca banana inflable remolcada por una\u00a0lancha r\u00e1pida, explorando la costa de Playa B\u00e1varo. Es la actividad ideal para grupos de amigos o familias que desean a\u00f1adir un toque de aventura a sus vacaciones caribe\u00f1as.\u00bfPor qu\u00e9 no puedes perderte esta actividad?La actividad de\u00a0banana boat o sof\u00e1 boat\u00a0es una de esas experiencias que combinan risas, adrenalina y momentos memorables. Sentir la brisa del mar mientras saltas sobre las olas y tratas de mantenerte a bordo de la banana es una manera emocionante de disfrutar el impresionante entorno marino de Playa B\u00e1varo.Al igual que el parasailing, el banana boat te permite interactuar con el entorno de una forma activa y entretenida, pero con la ventaja de estar en contacto constante con el agua, ideal para refrescarse bajo el sol tropical.\" \/>\n<meta property=\"og:url\" content=\"https:\/\/patrickvacation.com\/fr\/excursiones\/banana-boat\/\" \/>\n<meta property=\"og:site_name\" content=\"Patrick Vacation\" \/>\n<meta property=\"article:publisher\" content=\"https:\/\/www.facebook.com\/alcequiez.tours.travel\" \/>\n<meta property=\"og:image\" content=\"https:\/\/patrickvacation.com\/wp-content\/uploads\/2025\/02\/banana.jpg\" \/>\n\t<meta property=\"og:image:width\" content=\"717\" \/>\n\t<meta property=\"og:image:height\" content=\"412\" \/>\n\t<meta property=\"og:image:type\" content=\"image\/jpeg\" \/>\n<meta name=\"twitter:card\" content=\"summary_large_image\" \/>\n<meta name=\"twitter:label1\" content=\"Dur\u00e9e de lecture estim\u00e9e\" \/>\n\t<meta name=\"twitter:data1\" content=\"3 minutes\" \/>\n<script type=\"application\/ld+json\" class=\"yoast-schema-graph\">{\"@context\":\"https:\/\/schema.org\",\"@graph\":[{\"@type\":\"WebPage\",\"@id\":\"https:\/\/patrickvacation.com\/excursiones\/banana-boat\/\",\"url\":\"https:\/\/patrickvacation.com\/excursiones\/banana-boat\/\",\"name\":\"Banana boat - Patrick Vacation\",\"isPartOf\":{\"@id\":\"https:\/\/patrickvacation.com\/#website\"},\"primaryImageOfPage\":{\"@id\":\"https:\/\/patrickvacation.com\/excursiones\/banana-boat\/#primaryimage\"},\"image\":{\"@id\":\"https:\/\/patrickvacation.com\/excursiones\/banana-boat\/#primaryimage\"},\"thumbnailUrl\":\"https:\/\/patrickvacation.com\/wp-content\/uploads\/2025\/02\/banana.jpg\",\"datePublished\":\"2025-02-21T00:17:28+00:00\",\"breadcrumb\":{\"@id\":\"https:\/\/patrickvacation.com\/excursiones\/banana-boat\/#breadcrumb\"},\"inLanguage\":\"fr-FR\",\"potentialAction\":[{\"@type\":\"ReadAction\",\"target\":[\"https:\/\/patrickvacation.com\/excursiones\/banana-boat\/\"]}]},{\"@type\":\"ImageObject\",\"inLanguage\":\"fr-FR\",\"@id\":\"https:\/\/patrickvacation.com\/excursiones\/banana-boat\/#primaryimage\",\"url\":\"https:\/\/patrickvacation.com\/wp-content\/uploads\/2025\/02\/banana.jpg\",\"contentUrl\":\"https:\/\/patrickvacation.com\/wp-content\/uploads\/2025\/02\/banana.jpg\",\"width\":717,\"height\":412},{\"@type\":\"BreadcrumbList\",\"@id\":\"https:\/\/patrickvacation.com\/excursiones\/banana-boat\/#breadcrumb\",\"itemListElement\":[{\"@type\":\"ListItem\",\"position\":1,\"name\":\"Portada\",\"item\":\"https:\/\/patrickvacation.com\/\"},{\"@type\":\"ListItem\",\"position\":2,\"name\":\"Excursiones y Reservas\",\"item\":\"https:\/\/patrickvacation.com\/excursiones\/\"},{\"@type\":\"ListItem\",\"position\":3,\"name\":\"Banana boat\"}]},{\"@type\":\"WebSite\",\"@id\":\"https:\/\/patrickvacation.com\/#website\",\"url\":\"https:\/\/patrickvacation.com\/\",\"name\":\"Patrick Vacation\",\"description\":\"\",\"publisher\":{\"@id\":\"https:\/\/patrickvacation.com\/#organization\"},\"potentialAction\":[{\"@type\":\"SearchAction\",\"target\":{\"@type\":\"EntryPoint\",\"urlTemplate\":\"https:\/\/patrickvacation.com\/?s={search_term_string}\"},\"query-input\":{\"@type\":\"PropertyValueSpecification\",\"valueRequired\":true,\"valueName\":\"search_term_string\"}}],\"inLanguage\":\"fr-FR\"},{\"@type\":\"Organization\",\"@id\":\"https:\/\/patrickvacation.com\/#organization\",\"name\":\"Alcequiez Tours and Travel\",\"url\":\"https:\/\/patrickvacation.com\/\",\"logo\":{\"@type\":\"ImageObject\",\"inLanguage\":\"fr-FR\",\"@id\":\"https:\/\/patrickvacation.com\/#\/schema\/logo\/image\/\",\"url\":\"https:\/\/patrickvacation.com\/wp-content\/uploads\/2023\/03\/Logo-Alcequiez.png\",\"contentUrl\":\"https:\/\/patrickvacation.com\/wp-content\/uploads\/2023\/03\/Logo-Alcequiez.png\",\"width\":1080,\"height\":560,\"caption\":\"Alcequiez Tours and Travel\"},\"image\":{\"@id\":\"https:\/\/patrickvacation.com\/#\/schema\/logo\/image\/\"},\"sameAs\":[\"https:\/\/www.facebook.com\/alcequiez.tours.travel\",\"https:\/\/www.instagram.com\/alcequieztour\/\"]}]}<\/script>\n<!-- \/ Yoast SEO plugin. -->","yoast_head_json":{"title":"Banana boat - Patrick Vacation","robots":{"index":"index","follow":"follow","max-snippet":"max-snippet:-1","max-image-preview":"max-image-preview:large","max-video-preview":"max-video-preview:-1"},"canonical":"https:\/\/patrickvacation.com\/fr\/excursiones\/banana-boat\/","og_locale":"fr_FR","og_type":"article","og_title":"Banana boat - Patrick Vacation","og_description":"Banana boat o sof\u00e1 boat en Punta canaExperimenta la\u00a0adrenalina\u00a0y la diversi\u00f3n de deslizarte sobre las olas del Caribe en un emocionante paseo en banana boat en la hermosa Playa B\u00e1varo. Esta actividad es perfecta para aquellos que buscan\u00a0combinar el placer de la velocidad con la belleza natural\u00a0de una de las playas m\u00e1s famosas de Punta Cana.Prep\u00e1rate para la acci\u00f3n mientras te aferras a una gigantesca banana inflable remolcada por una\u00a0lancha r\u00e1pida, explorando la costa de Playa B\u00e1varo. Es la actividad ideal para grupos de amigos o familias que desean a\u00f1adir un toque de aventura a sus vacaciones caribe\u00f1as.\u00bfPor qu\u00e9 no puedes perderte esta actividad?La actividad de\u00a0banana boat o sof\u00e1 boat\u00a0es una de esas experiencias que combinan risas, adrenalina y momentos memorables. Sentir la brisa del mar mientras saltas sobre las olas y tratas de mantenerte a bordo de la banana es una manera emocionante de disfrutar el impresionante entorno marino de Playa B\u00e1varo.Al igual que el parasailing, el banana boat te permite interactuar con el entorno de una forma activa y entretenida, pero con la ventaja de estar en contacto constante con el agua, ideal para refrescarse bajo el sol tropical.","og_url":"https:\/\/patrickvacation.com\/fr\/excursiones\/banana-boat\/","og_site_name":"Patrick Vacation","article_publisher":"https:\/\/www.facebook.com\/alcequiez.tours.travel","og_image":[{"width":717,"height":412,"url":"https:\/\/patrickvacation.com\/wp-content\/uploads\/2025\/02\/banana.jpg","type":"image\/jpeg"}],"twitter_card":"summary_large_image","twitter_misc":{"Dur\u00e9e de lecture estim\u00e9e":"3 minutes"},"schema":{"@context":"https:\/\/schema.org","@graph":[{"@type":"WebPage","@id":"https:\/\/patrickvacation.com\/excursiones\/banana-boat\/","url":"https:\/\/patrickvacation.com\/excursiones\/banana-boat\/","name":"Banana boat - Patrick Vacation","isPartOf":{"@id":"https:\/\/patrickvacation.com\/#website"},"primaryImageOfPage":{"@id":"https:\/\/patrickvacation.com\/excursiones\/banana-boat\/#primaryimage"},"image":{"@id":"https:\/\/patrickvacation.com\/excursiones\/banana-boat\/#primaryimage"},"thumbnailUrl":"https:\/\/patrickvacation.com\/wp-content\/uploads\/2025\/02\/banana.jpg","datePublished":"2025-02-21T00:17:28+00:00","breadcrumb":{"@id":"https:\/\/patrickvacation.com\/excursiones\/banana-boat\/#breadcrumb"},"inLanguage":"fr-FR","potentialAction":[{"@type":"ReadAction","target":["https:\/\/patrickvacation.com\/excursiones\/banana-boat\/"]}]},{"@type":"ImageObject","inLanguage":"fr-FR","@id":"https:\/\/patrickvacation.com\/excursiones\/banana-boat\/#primaryimage","url":"https:\/\/patrickvacation.com\/wp-content\/uploads\/2025\/02\/banana.jpg","contentUrl":"https:\/\/patrickvacation.com\/wp-content\/uploads\/2025\/02\/banana.jpg","width":717,"height":412},{"@type":"BreadcrumbList","@id":"https:\/\/patrickvacation.com\/excursiones\/banana-boat\/#breadcrumb","itemListElement":[{"@type":"ListItem","position":1,"name":"Portada","item":"https:\/\/patrickvacation.com\/"},{"@type":"ListItem","position":2,"name":"Excursiones y Reservas","item":"https:\/\/patrickvacation.com\/excursiones\/"},{"@type":"ListItem","position":3,"name":"Banana boat"}]},{"@type":"WebSite","@id":"https:\/\/patrickvacation.com\/#website","url":"https:\/\/patrickvacation.com\/","name":"Patrick Vacation","description":"","publisher":{"@id":"https:\/\/patrickvacation.com\/#organization"},"potentialAction":[{"@type":"SearchAction","target":{"@type":"EntryPoint","urlTemplate":"https:\/\/patrickvacation.com\/?s={search_term_string}"},"query-input":{"@type":"PropertyValueSpecification","valueRequired":true,"valueName":"search_term_string"}}],"inLanguage":"fr-FR"},{"@type":"Organization","@id":"https:\/\/patrickvacation.com\/#organization","name":"Alcequiez Tours and Travel","url":"https:\/\/patrickvacation.com\/","logo":{"@type":"ImageObject","inLanguage":"fr-FR","@id":"https:\/\/patrickvacation.com\/#\/schema\/logo\/image\/","url":"https:\/\/patrickvacation.com\/wp-content\/uploads\/2023\/03\/Logo-Alcequiez.png","contentUrl":"https:\/\/patrickvacation.com\/wp-content\/uploads\/2023\/03\/Logo-Alcequiez.png","width":1080,"height":560,"caption":"Alcequiez Tours and Travel"},"image":{"@id":"https:\/\/patrickvacation.com\/#\/schema\/logo\/image\/"},"sameAs":["https:\/\/www.facebook.com\/alcequiez.tours.travel","https:\/\/www.instagram.com\/alcequieztour\/"]}]}},"_links":{"self":[{"href":"https:\/\/patrickvacation.com\/fr\/wp-json\/wp\/v2\/product\/6825","targetHints":{"allow":["GET"]}}],"collection":[{"href":"https:\/\/patrickvacation.com\/fr\/wp-json\/wp\/v2\/product"}],"about":[{"href":"https:\/\/patrickvacation.com\/fr\/wp-json\/wp\/v2\/types\/product"}],"version-history":[{"count":0,"href":"https:\/\/patrickvacation.com\/fr\/wp-json\/wp\/v2\/product\/6825\/revisions"}],"wp:featuredmedia":[{"embeddable":true,"href":"https:\/\/patrickvacation.com\/fr\/wp-json\/wp\/v2\/media\/6824"}],"wp:attachment":[{"href":"https:\/\/patrickvacation.com\/fr\/wp-json\/wp\/v2\/media?parent=6825"}],"wp:term":[{"taxonomy":"product_brand","embeddable":true,"href":"https:\/\/patrickvacation.com\/fr\/wp-json\/wp\/v2\/product_brand?post=6825"},{"taxonomy":"product_cat","embeddable":true,"href":"https:\/\/patrickvacation.com\/fr\/wp-json\/wp\/v2\/product_cat?post=6825"},{"taxonomy":"product_tag","embeddable":true,"href":"https:\/\/patrickvacation.com\/fr\/wp-json\/wp\/v2\/product_tag?post=6825"}],"curies":[{"name":"wp","href":"https:\/\/api.w.org\/{rel}","templated":true}]}}