{"id":6827,"date":"2025-02-21T00:22:23","date_gmt":"2025-02-21T00:22:23","guid":{"rendered":"https:\/\/patrickvacation.com\/reservas\/fiesta-silenciosa-santo-domingo\/"},"modified":"2025-02-21T00:22:23","modified_gmt":"2025-02-21T00:22:23","slug":"fiesta-silenciosa-santo-domingo","status":"publish","type":"product","link":"https:\/\/patrickvacation.com\/fr\/excursiones\/fiesta-silenciosa-santo-domingo\/","title":{"rendered":"Fiesta Silenciosa Santo Domingo"},"content":{"rendered":"<section id=\"section-58-2546\" class=\"ct-section\">\n<div class=\"ct-section-inner-wrap\" style=\"margin-left: auto;margin-right: auto;height: 324.156px;min-height: inherit;max-width: 1120px;padding: 20px;flex-direction: column;align-items: flex-start\">\n<h2 id=\"headline-59-2546\" class=\"ct-headline\" style=\"margin: 7px 0px 0px;font-family: Quicksand;font-size: 35px\">Itinerario de la\u00a0<i>silent disco<\/i>\u00a0en Santo Domingo<\/h2>\n<div id=\"_rich_text-61-2546\" class=\"oxy-rich-text\" style=\"margin-top: 10px;width: 1080px\">\n<p style=\"margin-block-start: 0px\">Este es el recorrido por el que transcurre la excursi\u00f3n de Silent Disco por la capital dominicana:<\/p>\n<ul>\n<li>El grupo se\u00a0<span style=\"font-weight: bolder\">reunir\u00e1<\/span>\u00a0en el punto de encuentro (Alc\u00e1zar de Col\u00f3n). Ver mapa m\u00e1s abajo.<\/li>\n<li>Excursi\u00f3n por la zona subiendo hasta la zona colonial (Calle el Conde), mientras la voz de nuestros\u00a0<span style=\"font-weight: bolder\">monitores y gu\u00edas<\/span>\u00a0va mostrando algunos de los puntos de inter\u00e9s de este recorrido por Santo Domingo.<\/li>\n<li>Llegada a la\u00a0<span style=\"font-weight: bolder\">zona colonial<\/span>.<\/li>\n<li><span style=\"font-weight: bolder\">Bailes, flash mob y todo tipo de actividades<\/span>\u00a0sin molestar a quienes no participan en el evento, a trav\u00e9s de nuestros auriculares inal\u00e1mbricos.<\/li>\n<\/ul>\n<\/div>\n<\/div>\n<\/section>\n<section id=\"section-84-2546\" class=\"ct-section\">\n<div class=\"ct-section-inner-wrap\" style=\"margin-left: auto;margin-right: auto;height: 620.521px;min-height: inherit;max-width: 1120px;padding: 20px;flex-direction: column;align-items: flex-start\">\n<h2 id=\"headline-85-2546\" class=\"ct-headline\" style=\"margin: 7px 0px 20px;font-family: Quicksand;font-size: 35px\">Punto de encuentro<\/h2>\n<div id=\"_rich_text-290-3378\" class=\"oxy-rich-text\" style=\"width: 1080px;margin-bottom: 15px\">\n<p>El punto de encuentro para iniciar la\u00a0<em>Silent Disco<\/em>\u00a0es frente al Alc\u00e1zar de Col\u00f3n. Puedes encontrar la ubicaci\u00f3n exacta en este mapa:<\/p>\n<\/div>\n<div id=\"code_block-275-3378\" class=\"ct-code-block\" style=\"width: 1080px\"><iframe src=\"https:\/\/www.google.com\/maps\/embed?pb=!1m14!1m8!1m3!1d15136.543496993527!2d-69.8827508!3d18.4775036!3m2!1i1024!2i768!4f13.1!3m3!1m2!1s0x8eaf881591b34221%3A0x7878c2285851cb91!2zQWxjw6F6YXIgZGUgQ29sw7Nu!5e0!3m2!1ses!2ses!4v1699029145861!5m2!1ses!2ses\" width=\"100%\" height=\"450\" allowfullscreen=\"\"><\/iframe><\/div>\n<\/div>\n<\/section>\n<section id=\"section-284-3378\" class=\"ct-section\">\n<div class=\"ct-section-inner-wrap\" style=\"margin-left: auto;margin-right: auto;height: 530.719px;min-height: inherit;max-width: 1120px;padding: 20px;flex-direction: column;align-items: flex-start\">\n<h2 id=\"headline-285-3378\" class=\"ct-headline\" style=\"margin: 7px 0px 0px;font-family: Quicksand;font-size: 35px\">Una experiencia de 5 estrellas<\/h2>\n<div id=\"_rich_text-286-3378\" class=\"oxy-rich-text\" style=\"margin-top: 15px;width: 1080px\">\n<p style=\"margin-block-start: 0px\">El tour de Silent Disco lo tiene todo para que\u00a0<span style=\"font-weight: bolder\">disfrutes de una experiencia diferente y completa<\/span>. Se trata de un flash mob combinado con la mejor m\u00fasica del momento, un recorrido por los rincones m\u00e1s hist\u00f3ricos de Santo Domingo y una forma diferente de conocer la zona colonial.<\/p>\n<p>En esta divertida aventura, se combinan el humor, la m\u00fasica y el baile de una forma sensacional. Mientras los que llev\u00e1is auriculares sab\u00e9is qu\u00e9 est\u00e1is escuchando, el resto de la gente que se cruza con vosotros pensar\u00e1 que est\u00e1is un poco locos al veros bailar.<\/p>\n<p>\u00a1Pero eso es en lo que consiste esta excursi\u00f3n! En\u00a0<span style=\"font-weight: bolder\">pasar una hora acompa\u00f1ados de vuestro gu\u00eda recorriendo el centro hist\u00f3rico a todo volumen<\/span>, mientras el resto de la gente disfruta del silencio, sin molestar. Una nueva forma de organizar fiestas con gente bailando como en las discotecas, con la posibilidad de regular el volumen.<\/p>\n<p>Los clientes que han probado esta excursi\u00f3n la califican en sus rese\u00f1as con 5 estrellas en cada una de las salidas que se han organizado, y sus opiniones son muy positivas.<\/p>\n<p>\u00a1Prep\u00e1rate para disfrutar del baile sin generar contaminaci\u00f3n ac\u00fastica! Ponte los cascos inal\u00e1mbricos y vive el d\u00eda o la noche de Santo Domingo en un evento excepcional.<\/p>\n<p style=\"margin-block-end: 0px\">La fiesta silenciosa\u00a0<span style=\"font-weight: bolder\">solo se realiza en Santo Domingo<\/span>, no en Punta Cana. Si est\u00e1s de vacaciones en esta zona y quieres probar la fiesta silenciosa, solo tendr\u00e1s que desplazarte hasta aqu\u00ed desde tu hotel o resorts.<\/p>\n<\/div>\n<\/div>\n<\/section>\n<section id=\"section-130-2546\" class=\"ct-section\">\n<div class=\"ct-section-inner-wrap\" style=\"margin-left: auto;margin-right: auto;height: 354.75px;min-height: inherit;max-width: 1120px;padding: 20px;flex-direction: column;align-items: flex-start\">\n<h2 id=\"headline-131-2546\" class=\"ct-headline\" style=\"margin: 7px 0px 0px;font-family: Quicksand;font-size: 35px\">Recomendaciones para disfrutar de la excursi\u00f3n<\/h2>\n<div id=\"_rich_text-132-2546\" class=\"oxy-rich-text\" style=\"margin-top: 15px;width: 1080px\">\n<p style=\"margin-block-start: 0px\">Para vivir al m\u00e1ximo el ritmo de esta actividad por el recorrido urbano, te recomendamos que lleves:<\/p>\n<ul>\n<li>Unas\u00a0<span style=\"font-weight: bolder\">gafas de sol<\/span>\u00a0para proteger tus ojos durante los juegos, si la actividad es diurna. Si reservas la excursi\u00f3n por la noche, puedes prescindir de ellas.<\/li>\n<li><span style=\"font-weight: bolder\">Ropa c\u00f3moda<\/span>\u00a0que permita hacer movimientos. Ten en cuenta que buena parte del evento lo dedicar\u00e1s a bailar y escuchar m\u00fasica, adem\u00e1s de hacer el tour a pie hasta la zona colonial.<\/li>\n<li>Lleva\u00a0<span style=\"font-weight: bolder\">zapatillas cerradas<\/span>\u00a0en lugar de sandalias. Tus pies te lo agradecer\u00e1n despu\u00e9s de estar una hora bailando sin parar.<\/li>\n<li>El sol de Rep\u00fablica Dominicana es fuerte, as\u00ed que es importante que lleves\u00a0<span style=\"font-weight: bolder\">protector solar<\/span>, especialmente para grupos que viven esta experiencia maravillosa por la ma\u00f1ana.<\/li>\n<\/ul>\n<\/div>\n<\/div>\n<\/section>\n<section id=\"section-139-2546\" class=\"ct-section\">\n<div class=\"ct-section-inner-wrap\" style=\"margin-left: auto;margin-right: auto;height: 252.375px;min-height: inherit;max-width: 1120px;padding: 20px;flex-direction: column;align-items: flex-start\">\n<h2 id=\"headline-140-2546\" class=\"ct-headline\" style=\"margin: 7px 0px 0px;font-family: Quicksand;font-size: 35px\">\u00bfQu\u00e9 viene incluido en el tour cultural fiesta silenciosa?<\/h2>\n<div id=\"_rich_text-141-2546\" class=\"oxy-rich-text\" style=\"margin-top: 15px;width: 1080px\">\n<p style=\"margin-block-start: 0px\">Con la reserva de la actividad se incluye lo siguiente:<\/p>\n<ul>\n<li><span style=\"font-weight: bolder\">Cascos o auriculares inal\u00e1mbricos<\/span>\u00a0para disfrutar de la m\u00fasica sin molestar a los dem\u00e1s.<\/li>\n<li><span style=\"font-weight: bolder\">Agua embotellada<\/span>\u00a0para mantenerte hidratado durante la fiesta.<\/li>\n<li><span style=\"font-weight: bolder\">Fotograf\u00edas y videos<\/span>\u00a0que captar\u00e1n los mejores momentos de la party Silent Disco para que lo compartas en tu web o con tu familia.<\/li>\n<\/ul>\n<\/div>\n<\/div>\n<\/section>\n<section id=\"section-294-3378\" class=\"ct-section\">\n<div class=\"ct-section-inner-wrap\" style=\"margin-left: auto;margin-right: auto;height: 303.562px;min-height: inherit;max-width: 1120px;padding: 20px;flex-direction: column;align-items: flex-start\">\n<h2 id=\"headline-295-3378\" class=\"ct-headline\" style=\"margin: 7px 0px 0px;font-family: Quicksand;font-size: 35px\">\u00bfQu\u00e9 no est\u00e1 incluido en el tour?<\/h2>\n<div id=\"_rich_text-296-3378\" class=\"oxy-rich-text\" style=\"margin-top: 15px;width: 1080px\">\n<p style=\"margin-block-start: 0px\">La excursi\u00f3n no incluye:<\/p>\n<ul>\n<li><span style=\"font-weight: bolder\">Transporte hasta el punto de encuentro<\/span>. Tendr\u00e1s que llegar desde tu hotel o resorts por tus medios (caminando, transporte p\u00fablico, taxi, etc.). Recuerda que ofrecemos un\u00a0<a href=\"https:\/\/jackcana.tours\/transporte-privado\/\" target=\"_blank\" rel=\"noopener\" style=\"background-color: transparent\">servicio de transporte privado<\/a>\u00a0desde cualquier lugar del pa\u00eds que puedes contratar independientemente del tour.<\/li>\n<li><span style=\"font-weight: bolder\">Bebidas alcoh\u00f3licas.<\/span>\u00a0Si quieres tomarte un mojito o un ron, perfecto, pero tendr\u00e1s que pagarlo t\u00fa.<\/li>\n<li><span style=\"font-weight: bolder\">Almuerzo<\/span>. La excursi\u00f3n dura una hora, luego podr\u00e1s hacer lo que quieras por Santo Domingo.<\/li>\n<\/ul>\n<\/div>\n<\/div>\n<\/section>\n<section id=\"section-298-3378\" class=\"ct-section\">\n<div class=\"ct-section-inner-wrap\" style=\"margin-left: auto;margin-right: auto;height: 201.188px;min-height: inherit;max-width: 1120px;padding: 20px;flex-direction: column;align-items: flex-start\">\n<h2 id=\"headline-299-3378\" class=\"ct-headline\" style=\"margin: 7px 0px 0px;font-family: Quicksand;font-size: 35px\">La excursi\u00f3n no es recomendable para:<\/h2>\n<div id=\"_rich_text-300-3378\" class=\"oxy-rich-text\" style=\"margin-top: 15px;width: 1080px\">\n<ul>\n<li>Personas con problemas de movilidad (muletas, sillas de ruedas, etc.)<\/li>\n<li>Personas con alg\u00fan problema card\u00edaco.<\/li>\n<\/ul>\n<\/div>\n<\/div>\n<\/section>","protected":false},"excerpt":{"rendered":"<div id=\"div_block-25-2546\" class=\"ct-div-block\">\n<h2 id=\"headline-26-2546\" class=\"ct-headline\" style=\"margin: 7px 0px 0px;font-family: Quicksand;font-size: 35px\">\u00bfQu\u00e9 es la fiesta silenciosa?<\/h2>\n<div id=\"_rich_text-278-3378\" class=\"oxy-rich-text\" style=\"width: 632px;margin-top: 20px;margin-bottom: 0px\">\n<p style=\"margin-block-start: 0px\"><span style=\"font-weight: bolder\">Santo Domingo<\/span>\u00a0es una ciudad abierta a nuevas experiencias, donde la cultura y la diversi\u00f3n se unen para disfrutar de experiencias \u00fanicas como la\u00a0<span style=\"font-weight: bolder\">fiesta silenciosa<\/span>, una novedad que est\u00e1 causando sensaci\u00f3n en todo el mundo, y que acaba de llegar a Rep\u00fablica Dominicana.<\/p>\n<p><span style=\"font-weight: bolder\">Esta idea innovadora ha sido todo un \u00e9xito<\/span>\u00a0en pa\u00edses como Reino Unido, Australia o EE.UU., y ahora la puedes disfrutar recorriendo la zona colonial de Santo Domingo mientras haces fotograf\u00edas al aire libre por todo el recorrido urbano.<\/p>\n<p style=\"margin-block-end: 0px\">Esta es una excursi\u00f3n perfecta para grupos, parejas, despedidas de solteros o fechas importantes como cumplea\u00f1os y aniversarios. Podr\u00e9is bailar y escuchar m\u00fasica en una experiencia maravillosa a la altura de las mejores discotecas, pero al aire libre.<\/p>\n<\/div>\n<\/div>\n<div id=\"div_block-51-2546\" class=\"ct-div-block\">\n<h2 id=\"headline-52-2546\" class=\"ct-headline\" style=\"margin: 7px 0px 0px;font-family: Quicksand;font-size: 35px\">\u00bfPor qu\u00e9 no te puedes perder esta actividad?<br \/><\/h2>\n<div id=\"_rich_text-281-3378\" class=\"oxy-rich-text\" style=\"width: 632px;margin-top: 20px\">\n<p style=\"margin-block-start: 0px\">La fiesta silenciosa es<span style=\"font-weight: bolder\">\u00a0una nueva y emocionante manera de disfrutar de la m\u00fasica y el baile<\/span>\u00a0sin molestar a los dem\u00e1s. Los participantes reciben auriculares inal\u00e1mbricos, y pueden bailar y escuchar m\u00fasica a su ritmo y minimizar la contaminaci\u00f3n ac\u00fastica.<\/p>\n<p>Esta excursi\u00f3n te llevar\u00e1 durante una hora por\u00a0<span style=\"font-weight: bolder\">la zona colonial de Santo Domingo,<\/span>\u00a0el coraz\u00f3n hist\u00f3rico de la ciudad, llevando unos auriculares con luces LED sincronizados con la m\u00fasica que se reproduce.<\/p>\n<p style=\"margin-block-end: 0px\">Adem\u00e1s, gu\u00edas con micr\u00f3fonos te acompa\u00f1ar\u00e1n durante todo el recorrido, proporcionando informaci\u00f3n sobre los lugares de inter\u00e9s y organizando actividades muy divertidas.<\/p>\n<\/div>\n<\/div>","protected":false},"featured_media":6826,"template":"","meta":[],"product_brand":[],"product_cat":[184],"product_tag":[],"class_list":{"0":"post-6827","1":"product","2":"type-product","3":"status-publish","4":"has-post-thumbnail","6":"product_cat-fiestasyeventos","8":"first","9":"instock","10":"virtual","11":"purchasable","12":"product-type-simple"},"yoast_head":"<!-- This site is optimized with the Yoast SEO plugin v24.7 - https:\/\/yoast.com\/wordpress\/plugins\/seo\/ -->\n<title>Fiesta Silenciosa Santo Domingo - Patrick Vacation<\/title>\n<meta name=\"robots\" content=\"index, follow, max-snippet:-1, max-image-preview:large, max-video-preview:-1\" \/>\n<link rel=\"canonical\" href=\"https:\/\/patrickvacation.com\/fr\/excursiones\/fiesta-silenciosa-santo-domingo\/\" \/>\n<meta property=\"og:locale\" content=\"fr_FR\" \/>\n<meta property=\"og:type\" content=\"article\" \/>\n<meta property=\"og:title\" content=\"Fiesta Silenciosa Santo Domingo - Patrick Vacation\" \/>\n<meta property=\"og:description\" content=\"\u00bfQu\u00e9 es la fiesta silenciosa?Santo Domingo\u00a0es una ciudad abierta a nuevas experiencias, donde la cultura y la diversi\u00f3n se unen para disfrutar de experiencias \u00fanicas como la\u00a0fiesta silenciosa, una novedad que est\u00e1 causando sensaci\u00f3n en todo el mundo, y que acaba de llegar a Rep\u00fablica Dominicana.Esta idea innovadora ha sido todo un \u00e9xito\u00a0en pa\u00edses como Reino Unido, Australia o EE.UU., y ahora la puedes disfrutar recorriendo la zona colonial de Santo Domingo mientras haces fotograf\u00edas al aire libre por todo el recorrido urbano.Esta es una excursi\u00f3n perfecta para grupos, parejas, despedidas de solteros o fechas importantes como cumplea\u00f1os y aniversarios. Podr\u00e9is bailar y escuchar m\u00fasica en una experiencia maravillosa a la altura de las mejores discotecas, pero al aire libre.\u00bfPor qu\u00e9 no te puedes perder esta actividad?La fiesta silenciosa es\u00a0una nueva y emocionante manera de disfrutar de la m\u00fasica y el baile\u00a0sin molestar a los dem\u00e1s. Los participantes reciben auriculares inal\u00e1mbricos, y pueden bailar y escuchar m\u00fasica a su ritmo y minimizar la contaminaci\u00f3n ac\u00fastica.Esta excursi\u00f3n te llevar\u00e1 durante una hora por\u00a0la zona colonial de Santo Domingo,\u00a0el coraz\u00f3n hist\u00f3rico de la ciudad, llevando unos auriculares con luces LED sincronizados con la m\u00fasica que se reproduce.Adem\u00e1s, gu\u00edas con micr\u00f3fonos te acompa\u00f1ar\u00e1n durante todo el recorrido, proporcionando informaci\u00f3n sobre los lugares de inter\u00e9s y organizando actividades muy divertidas.\" \/>\n<meta property=\"og:url\" content=\"https:\/\/patrickvacation.com\/fr\/excursiones\/fiesta-silenciosa-santo-domingo\/\" \/>\n<meta property=\"og:site_name\" content=\"Patrick Vacation\" \/>\n<meta property=\"article:publisher\" content=\"https:\/\/www.facebook.com\/alcequiez.tours.travel\" \/>\n<meta property=\"og:image\" content=\"https:\/\/patrickvacation.com\/wp-content\/uploads\/2025\/02\/FIESTA-SILENCIOSA.jpg\" \/>\n\t<meta property=\"og:image:width\" content=\"829\" \/>\n\t<meta property=\"og:image:height\" content=\"463\" \/>\n\t<meta property=\"og:image:type\" content=\"image\/jpeg\" \/>\n<meta name=\"twitter:card\" content=\"summary_large_image\" \/>\n<meta name=\"twitter:label1\" content=\"Dur\u00e9e de lecture estim\u00e9e\" \/>\n\t<meta name=\"twitter:data1\" content=\"4 minutes\" \/>\n<script type=\"application\/ld+json\" class=\"yoast-schema-graph\">{\"@context\":\"https:\/\/schema.org\",\"@graph\":[{\"@type\":\"WebPage\",\"@id\":\"https:\/\/patrickvacation.com\/excursiones\/fiesta-silenciosa-santo-domingo\/\",\"url\":\"https:\/\/patrickvacation.com\/excursiones\/fiesta-silenciosa-santo-domingo\/\",\"name\":\"Fiesta Silenciosa Santo Domingo - Patrick Vacation\",\"isPartOf\":{\"@id\":\"https:\/\/patrickvacation.com\/#website\"},\"primaryImageOfPage\":{\"@id\":\"https:\/\/patrickvacation.com\/excursiones\/fiesta-silenciosa-santo-domingo\/#primaryimage\"},\"image\":{\"@id\":\"https:\/\/patrickvacation.com\/excursiones\/fiesta-silenciosa-santo-domingo\/#primaryimage\"},\"thumbnailUrl\":\"https:\/\/patrickvacation.com\/wp-content\/uploads\/2025\/02\/FIESTA-SILENCIOSA.jpg\",\"datePublished\":\"2025-02-21T00:22:23+00:00\",\"breadcrumb\":{\"@id\":\"https:\/\/patrickvacation.com\/excursiones\/fiesta-silenciosa-santo-domingo\/#breadcrumb\"},\"inLanguage\":\"fr-FR\",\"potentialAction\":[{\"@type\":\"ReadAction\",\"target\":[\"https:\/\/patrickvacation.com\/excursiones\/fiesta-silenciosa-santo-domingo\/\"]}]},{\"@type\":\"ImageObject\",\"inLanguage\":\"fr-FR\",\"@id\":\"https:\/\/patrickvacation.com\/excursiones\/fiesta-silenciosa-santo-domingo\/#primaryimage\",\"url\":\"https:\/\/patrickvacation.com\/wp-content\/uploads\/2025\/02\/FIESTA-SILENCIOSA.jpg\",\"contentUrl\":\"https:\/\/patrickvacation.com\/wp-content\/uploads\/2025\/02\/FIESTA-SILENCIOSA.jpg\",\"width\":829,\"height\":463},{\"@type\":\"BreadcrumbList\",\"@id\":\"https:\/\/patrickvacation.com\/excursiones\/fiesta-silenciosa-santo-domingo\/#breadcrumb\",\"itemListElement\":[{\"@type\":\"ListItem\",\"position\":1,\"name\":\"Portada\",\"item\":\"https:\/\/patrickvacation.com\/\"},{\"@type\":\"ListItem\",\"position\":2,\"name\":\"Excursiones y Reservas\",\"item\":\"https:\/\/patrickvacation.com\/excursiones\/\"},{\"@type\":\"ListItem\",\"position\":3,\"name\":\"Fiesta Silenciosa Santo Domingo\"}]},{\"@type\":\"WebSite\",\"@id\":\"https:\/\/patrickvacation.com\/#website\",\"url\":\"https:\/\/patrickvacation.com\/\",\"name\":\"Patrick Vacation\",\"description\":\"\",\"publisher\":{\"@id\":\"https:\/\/patrickvacation.com\/#organization\"},\"potentialAction\":[{\"@type\":\"SearchAction\",\"target\":{\"@type\":\"EntryPoint\",\"urlTemplate\":\"https:\/\/patrickvacation.com\/?s={search_term_string}\"},\"query-input\":{\"@type\":\"PropertyValueSpecification\",\"valueRequired\":true,\"valueName\":\"search_term_string\"}}],\"inLanguage\":\"fr-FR\"},{\"@type\":\"Organization\",\"@id\":\"https:\/\/patrickvacation.com\/#organization\",\"name\":\"Alcequiez Tours and Travel\",\"url\":\"https:\/\/patrickvacation.com\/\",\"logo\":{\"@type\":\"ImageObject\",\"inLanguage\":\"fr-FR\",\"@id\":\"https:\/\/patrickvacation.com\/#\/schema\/logo\/image\/\",\"url\":\"https:\/\/patrickvacation.com\/wp-content\/uploads\/2023\/03\/Logo-Alcequiez.png\",\"contentUrl\":\"https:\/\/patrickvacation.com\/wp-content\/uploads\/2023\/03\/Logo-Alcequiez.png\",\"width\":1080,\"height\":560,\"caption\":\"Alcequiez Tours and Travel\"},\"image\":{\"@id\":\"https:\/\/patrickvacation.com\/#\/schema\/logo\/image\/\"},\"sameAs\":[\"https:\/\/www.facebook.com\/alcequiez.tours.travel\",\"https:\/\/www.instagram.com\/alcequieztour\/\"]}]}<\/script>\n<!-- \/ Yoast SEO plugin. -->","yoast_head_json":{"title":"Fiesta Silenciosa Santo Domingo - Patrick Vacation","robots":{"index":"index","follow":"follow","max-snippet":"max-snippet:-1","max-image-preview":"max-image-preview:large","max-video-preview":"max-video-preview:-1"},"canonical":"https:\/\/patrickvacation.com\/fr\/excursiones\/fiesta-silenciosa-santo-domingo\/","og_locale":"fr_FR","og_type":"article","og_title":"Fiesta Silenciosa Santo Domingo - Patrick Vacation","og_description":"\u00bfQu\u00e9 es la fiesta silenciosa?Santo Domingo\u00a0es una ciudad abierta a nuevas experiencias, donde la cultura y la diversi\u00f3n se unen para disfrutar de experiencias \u00fanicas como la\u00a0fiesta silenciosa, una novedad que est\u00e1 causando sensaci\u00f3n en todo el mundo, y que acaba de llegar a Rep\u00fablica Dominicana.Esta idea innovadora ha sido todo un \u00e9xito\u00a0en pa\u00edses como Reino Unido, Australia o EE.UU., y ahora la puedes disfrutar recorriendo la zona colonial de Santo Domingo mientras haces fotograf\u00edas al aire libre por todo el recorrido urbano.Esta es una excursi\u00f3n perfecta para grupos, parejas, despedidas de solteros o fechas importantes como cumplea\u00f1os y aniversarios. Podr\u00e9is bailar y escuchar m\u00fasica en una experiencia maravillosa a la altura de las mejores discotecas, pero al aire libre.\u00bfPor qu\u00e9 no te puedes perder esta actividad?La fiesta silenciosa es\u00a0una nueva y emocionante manera de disfrutar de la m\u00fasica y el baile\u00a0sin molestar a los dem\u00e1s. Los participantes reciben auriculares inal\u00e1mbricos, y pueden bailar y escuchar m\u00fasica a su ritmo y minimizar la contaminaci\u00f3n ac\u00fastica.Esta excursi\u00f3n te llevar\u00e1 durante una hora por\u00a0la zona colonial de Santo Domingo,\u00a0el coraz\u00f3n hist\u00f3rico de la ciudad, llevando unos auriculares con luces LED sincronizados con la m\u00fasica que se reproduce.Adem\u00e1s, gu\u00edas con micr\u00f3fonos te acompa\u00f1ar\u00e1n durante todo el recorrido, proporcionando informaci\u00f3n sobre los lugares de inter\u00e9s y organizando actividades muy divertidas.","og_url":"https:\/\/patrickvacation.com\/fr\/excursiones\/fiesta-silenciosa-santo-domingo\/","og_site_name":"Patrick Vacation","article_publisher":"https:\/\/www.facebook.com\/alcequiez.tours.travel","og_image":[{"width":829,"height":463,"url":"https:\/\/patrickvacation.com\/wp-content\/uploads\/2025\/02\/FIESTA-SILENCIOSA.jpg","type":"image\/jpeg"}],"twitter_card":"summary_large_image","twitter_misc":{"Dur\u00e9e de lecture estim\u00e9e":"4 minutes"},"schema":{"@context":"https:\/\/schema.org","@graph":[{"@type":"WebPage","@id":"https:\/\/patrickvacation.com\/excursiones\/fiesta-silenciosa-santo-domingo\/","url":"https:\/\/patrickvacation.com\/excursiones\/fiesta-silenciosa-santo-domingo\/","name":"Fiesta Silenciosa Santo Domingo - Patrick Vacation","isPartOf":{"@id":"https:\/\/patrickvacation.com\/#website"},"primaryImageOfPage":{"@id":"https:\/\/patrickvacation.com\/excursiones\/fiesta-silenciosa-santo-domingo\/#primaryimage"},"image":{"@id":"https:\/\/patrickvacation.com\/excursiones\/fiesta-silenciosa-santo-domingo\/#primaryimage"},"thumbnailUrl":"https:\/\/patrickvacation.com\/wp-content\/uploads\/2025\/02\/FIESTA-SILENCIOSA.jpg","datePublished":"2025-02-21T00:22:23+00:00","breadcrumb":{"@id":"https:\/\/patrickvacation.com\/excursiones\/fiesta-silenciosa-santo-domingo\/#breadcrumb"},"inLanguage":"fr-FR","potentialAction":[{"@type":"ReadAction","target":["https:\/\/patrickvacation.com\/excursiones\/fiesta-silenciosa-santo-domingo\/"]}]},{"@type":"ImageObject","inLanguage":"fr-FR","@id":"https:\/\/patrickvacation.com\/excursiones\/fiesta-silenciosa-santo-domingo\/#primaryimage","url":"https:\/\/patrickvacation.com\/wp-content\/uploads\/2025\/02\/FIESTA-SILENCIOSA.jpg","contentUrl":"https:\/\/patrickvacation.com\/wp-content\/uploads\/2025\/02\/FIESTA-SILENCIOSA.jpg","width":829,"height":463},{"@type":"BreadcrumbList","@id":"https:\/\/patrickvacation.com\/excursiones\/fiesta-silenciosa-santo-domingo\/#breadcrumb","itemListElement":[{"@type":"ListItem","position":1,"name":"Portada","item":"https:\/\/patrickvacation.com\/"},{"@type":"ListItem","position":2,"name":"Excursiones y Reservas","item":"https:\/\/patrickvacation.com\/excursiones\/"},{"@type":"ListItem","position":3,"name":"Fiesta Silenciosa Santo Domingo"}]},{"@type":"WebSite","@id":"https:\/\/patrickvacation.com\/#website","url":"https:\/\/patrickvacation.com\/","name":"Patrick Vacation","description":"","publisher":{"@id":"https:\/\/patrickvacation.com\/#organization"},"potentialAction":[{"@type":"SearchAction","target":{"@type":"EntryPoint","urlTemplate":"https:\/\/patrickvacation.com\/?s={search_term_string}"},"query-input":{"@type":"PropertyValueSpecification","valueRequired":true,"valueName":"search_term_string"}}],"inLanguage":"fr-FR"},{"@type":"Organization","@id":"https:\/\/patrickvacation.com\/#organization","name":"Alcequiez Tours and Travel","url":"https:\/\/patrickvacation.com\/","logo":{"@type":"ImageObject","inLanguage":"fr-FR","@id":"https:\/\/patrickvacation.com\/#\/schema\/logo\/image\/","url":"https:\/\/patrickvacation.com\/wp-content\/uploads\/2023\/03\/Logo-Alcequiez.png","contentUrl":"https:\/\/patrickvacation.com\/wp-content\/uploads\/2023\/03\/Logo-Alcequiez.png","width":1080,"height":560,"caption":"Alcequiez Tours and Travel"},"image":{"@id":"https:\/\/patrickvacation.com\/#\/schema\/logo\/image\/"},"sameAs":["https:\/\/www.facebook.com\/alcequiez.tours.travel","https:\/\/www.instagram.com\/alcequieztour\/"]}]}},"_links":{"self":[{"href":"https:\/\/patrickvacation.com\/fr\/wp-json\/wp\/v2\/product\/6827","targetHints":{"allow":["GET"]}}],"collection":[{"href":"https:\/\/patrickvacation.com\/fr\/wp-json\/wp\/v2\/product"}],"about":[{"href":"https:\/\/patrickvacation.com\/fr\/wp-json\/wp\/v2\/types\/product"}],"version-history":[{"count":0,"href":"https:\/\/patrickvacation.com\/fr\/wp-json\/wp\/v2\/product\/6827\/revisions"}],"wp:featuredmedia":[{"embeddable":true,"href":"https:\/\/patrickvacation.com\/fr\/wp-json\/wp\/v2\/media\/6826"}],"wp:attachment":[{"href":"https:\/\/patrickvacation.com\/fr\/wp-json\/wp\/v2\/media?parent=6827"}],"wp:term":[{"taxonomy":"product_brand","embeddable":true,"href":"https:\/\/patrickvacation.com\/fr\/wp-json\/wp\/v2\/product_brand?post=6827"},{"taxonomy":"product_cat","embeddable":true,"href":"https:\/\/patrickvacation.com\/fr\/wp-json\/wp\/v2\/product_cat?post=6827"},{"taxonomy":"product_tag","embeddable":true,"href":"https:\/\/patrickvacation.com\/fr\/wp-json\/wp\/v2\/product_tag?post=6827"}],"curies":[{"name":"wp","href":"https:\/\/api.w.org\/{rel}","templated":true}]}}