{"id":6835,"date":"2025-02-22T16:38:17","date_gmt":"2025-02-22T16:38:17","guid":{"rendered":"https:\/\/patrickvacation.com\/reservas\/cueva-chicho-con-playa-bayahibe\/"},"modified":"2025-02-22T16:39:04","modified_gmt":"2025-02-22T16:39:04","slug":"cueva-chicho-con-playa-bayahibe","status":"publish","type":"product","link":"https:\/\/patrickvacation.com\/fr\/excursiones\/cueva-chicho-con-playa-bayahibe\/","title":{"rendered":"Cueva Chicho con playa Bayahibe"},"content":{"rendered":"<section id=\"section-58-519\" class=\"ct-section\">\n<div class=\"ct-section-inner-wrap\" style=\"margin-left: auto;margin-right: auto;height: 593.5px;min-height: inherit;max-width: 1120px;padding: 23px 20px 31px;flex-direction: column;align-items: flex-start\" data-mce-style=\"margin-left: auto; margin-right: auto; height: 593.5px; min-height: inherit; max-width: 1120px; padding: 23px 20px 31px; flex-direction: column; align-items: flex-start;\">\n<h2 id=\"headline-59-519\" class=\"ct-headline\" style=\"margin: 0px;font-family: Quicksand;font-size: 35px\" data-mce-style=\"margin: 0px; font-family: Quicksand; font-size: 35px;\">Itinerario de la excursi\u00f3n a Cueva de Chicho y Playa Bayahibe<\/h2>\n<div id=\"_rich_text-102-519\" class=\"oxy-rich-text\" style=\"margin-top: 10px;width: 1080px\" data-mce-style=\"margin-top: 10px; width: 1080px;\">\n<p style=\"margin-block-start: 0px\" data-mce-style=\"margin-block-start: 0px;\"><span style=\"font-weight: bolder\" data-mce-style=\"font-weight: bolder;\">09:30 a.m. Recogida desde tu Airbnb, hotel en Punta Cana o puerto de crucero de La Romana.<\/span>\u00a0El d\u00eda comienza con la comodidad de ser recogido en tu alojamiento o punto de llegada en Punta Cana o La Romana. Desde aqu\u00ed, nos prepararemos para un corto trayecto hacia el majestuoso Parque Nacional Cotubanam\u00e1, donde se encuentra la Cueva de Chicho. En el camino, nuestro gu\u00eda experto te proporcionar\u00e1 un breve repaso sobre la rica historia natural y cultural del \u00e1rea, prepar\u00e1ndote para la aventura que te espera.<\/p>\n<p><span style=\"font-weight: bolder\" data-mce-style=\"font-weight: bolder;\">Llegada al Parque Nacional Cotubanam\u00e1.<\/span>\u00a0Una vez en el parque, iniciaremos nuestra caminata hacia la Cueva de Chicho. Este recorrido a pie es una excelente oportunidad para disfrutar y aprender sobre la flora y fauna local, mientras nuestro gu\u00eda se\u00f1ala especies end\u00e9micas y explica la importancia ecol\u00f3gica del parque. La caminata es de dificultad baja a moderada, adecuada para la mayor\u00eda de los visitantes.<\/p>\n<p><span style=\"font-weight: bolder\" data-mce-style=\"font-weight: bolder;\">Exploraci\u00f3n de la Cueva de Chicho<\/span>\u00a0Al llegar a la Cueva de Chicho, te sorprender\u00e1s con el impresionante mundo subterr\u00e1neo que se abre ante ti. La cueva es famosa por sus formaciones rocosas, estalactitas y estalagmitas, y un refrescante cuerpo de agua cristalina ideal para nadar. Sum\u00e9rgete en las frescas aguas de la cueva y disfruta de un momento de relajaci\u00f3n en un entorno natural \u00fanico.<\/p>\n<p><span style=\"font-weight: bolder\" data-mce-style=\"font-weight: bolder;\">Visita a Playa Bayahibe.<\/span>\u00a0Despu\u00e9s de explorar la cueva, nos dirigiremos a Playa Bayahibe. Este trayecto corto nos llevar\u00e1 a una de las playas m\u00e1s hermosas de la Rep\u00fablica Dominicana. Aqu\u00ed tendr\u00e1s tiempo libre para relajarte en sus suaves arenas blancas o nadar en las tranquilas aguas turquesas del Caribe.<\/p>\n<p style=\"margin-block-end: 0px\" data-mce-style=\"margin-block-end: 0px;\"><span style=\"font-weight: bolder\" data-mce-style=\"font-weight: bolder;\">Regreso.<\/span>\u00a0Luego de una tarde de relax y disfrute en Playa Bayahibe, es hora de volver. Te transportaremos de regreso a tu alojamiento o al punto de recogida inicial, concluyendo as\u00ed una jornada llena de aventura, cultura y relajaci\u00f3n. Esperamos que lleves contigo no solo fotos, sino recuerdos duraderos de una experiencia verdaderamente dominicana.<\/p>\n<\/div>\n<\/div>\n<\/section>\n<section id=\"section-71-519\" class=\"ct-section\">\n<div class=\"ct-section-inner-wrap\" style=\"margin-left: auto;margin-right: auto;height: 492.729px;min-height: inherit;max-width: 1120px;padding: 23px 20px 31px;flex-direction: column;align-items: flex-start\" data-mce-style=\"margin-left: auto; margin-right: auto; height: 492.729px; min-height: inherit; max-width: 1120px; padding: 23px 20px 31px; flex-direction: column; align-items: flex-start;\">\n<h2 id=\"headline-72-519\" class=\"ct-headline\" style=\"margin: 0px;font-family: Quicksand;font-size: 35px\" data-mce-style=\"margin: 0px; font-family: Quicksand; font-size: 35px;\">\u00bfQu\u00e9 incluye la reserva de la excursi\u00f3n?<br \/><\/h2>\n<div id=\"_rich_text-106-519\" class=\"oxy-rich-text\" style=\"margin-top: 10px;width: 1080px\" data-mce-style=\"margin-top: 10px; width: 1080px;\">\n<p style=\"margin-block-start: 0px\" data-mce-style=\"margin-block-start: 0px;\"><span style=\"font-weight: bolder\" data-mce-style=\"font-weight: bolder;\">Servicio de transporte c\u00f3modo y conveniente:<\/span>\u00a0Disfruta de la facilidad de ser recogido y dejado en tu alojamiento en Punta Cana, Airbnb o puerto de crucero en La Romana. Nuestros veh\u00edculos con aire acondicionado garantizan un viaje confortable desde y hacia el Parque Nacional Cotubanam\u00e1.<\/p>\n<p><span style=\"font-weight: bolder\" data-mce-style=\"font-weight: bolder;\">Exploraci\u00f3n guiada de la Cueva de Chicho:<\/span>\u00a0Vive una aventura subterr\u00e1nea en la Cueva de Chicho, donde un gu\u00eda experto te mostrar\u00e1 formaciones rocosas impresionantes y te permitir\u00e1 nadar en sus aguas frescas y cristalinas. Esta parte de la excursi\u00f3n es perfecta para quienes aprecian la geolog\u00eda y la historia natural.<\/p>\n<p><span style=\"font-weight: bolder\" data-mce-style=\"font-weight: bolder;\">Relajaci\u00f3n y diversi\u00f3n en Playa Bayahibe:<\/span>\u00a0Despu\u00e9s de la cueva, disfrutar\u00e1s de tiempo libre en Playa Bayahibe. Esta hermosa playa caribe\u00f1a es ideal para relajarse bajo el sol, nadar en aguas tranquilas, y explorar opciones gastron\u00f3micas locales disponibles por un costo adicional.<\/p>\n<p style=\"margin-block-end: 0px\" data-mce-style=\"margin-block-end: 0px;\"><span style=\"font-weight: bolder\" data-mce-style=\"font-weight: bolder;\">Regreso seguro a tu punto de partida:<\/span>\u00a0Para cerrar un d\u00eda lleno de emociones y descubrimientos, te llevaremos de vuelta a tu alojamiento o punto de partida original, asegurando un cierre de d\u00eda sin estr\u00e9s y lleno de buenos recuerdos.<\/p>\n<\/div>\n<\/div>\n<\/section>","protected":false},"excerpt":{"rendered":"<h2 id=\"headline-31-519\" class=\"ct-headline\" style=\"margin: 7px 0px 0px;font-family: Quicksand;font-size: 35px\" data-mce-style=\"margin: 7px 0px 0px; font-family: Quicksand; font-size: 35px;\">Tour a cueva de Chicho y playa Bayahibe<br \/><\/h2>\n<div id=\"_rich_text-101-519\" class=\"oxy-rich-text\">\n<p style=\"margin-block-start: 0px\" data-mce-style=\"margin-block-start: 0px;\"><em><span style=\"font-weight: bolder\" data-mce-style=\"font-weight: bolder;\">Descubre el esplendor subterr\u00e1neo del Parque Nacional Cotubanam\u00e1 y rel\u00e1jate en las playas serenas de Bayahibe en una excursi\u00f3n dise\u00f1ada para aventureros y amantes del sol por igual.<\/span><\/em><\/p>\n<p>Como parte de nuestra exploraci\u00f3n del Parque Nacional Cotubanam\u00e1, visitaremos la\u00a0<span style=\"font-weight: bolder\" data-mce-style=\"font-weight: bolder;\">Cueva de Chicho<\/span>, un espectacular santuario natural lleno de estalactitas y estalagmitas, donde las aguas cristalinas invitan a un refrescante ba\u00f1o en un entorno de cueva. A continuaci\u00f3n, disfrutaremos de la belleza inigualable de\u00a0<span style=\"font-weight: bolder\" data-mce-style=\"font-weight: bolder;\">Playa Bayahibe<\/span>, conocida por su tranquilo mar caribe\u00f1o y su fina arena blanca, ideal para relajarse despu\u00e9s de una ma\u00f1ana de aventura.<\/p>\n<p style=\"margin-block-end: 0px\" data-mce-style=\"margin-block-end: 0px;\">La excursi\u00f3n es perfecta para disfrutar entre amigos, parejas o en familia. Aprovecha la oportunidad de nadar en las tranquilas aguas de Playa Bayahibe y disfrutar de un almuerzo t\u00edpico dominicano en uno de los pintorescos restaurantes a la orilla del mar.<\/p>\n<\/div>\n<div id=\"div_block-128-519\" class=\"ct-div-block\">\n<h2 id=\"headline-129-519\" class=\"ct-headline\" style=\"margin: 7px 0px 0px;font-family: Quicksand;font-size: 35px\" data-mce-style=\"margin: 7px 0px 0px; font-family: Quicksand; font-size: 35px;\">\u00bfPor qu\u00e9 no te puedes perder esta excursi\u00f3n?<\/h2>\n<div id=\"_rich_text-130-519\" class=\"oxy-rich-text\" style=\"margin-top: 20px;width: 609.594px\" data-mce-style=\"margin-top: 20px; width: 609.594px;\">\n<p>Explorar la\u00a0<span style=\"font-weight: bolder\" data-mce-style=\"font-weight: bolder;\">Cueva de Chicho<\/span>\u00a0te ofrece una visi\u00f3n \u00fanica de la geolog\u00eda y la historia natural de la Rep\u00fablica Dominicana, mientras que la visita a Playa Bayahibe ofrece el complemento perfecto con su relajante ambiente y belleza esc\u00e9nica.<\/p>\n<\/div>\n<\/div>","protected":false},"featured_media":6832,"template":"","meta":[],"product_brand":[197],"product_cat":[178,182,179],"product_tag":[],"class_list":{"0":"post-6835","1":"product","2":"type-product","3":"status-publish","4":"has-post-thumbnail","6":"product_brand-buceo","7":"product_cat-aventura-safari","8":"product_cat-ecoaventura-senderismo","9":"product_cat-parques-experiencias","11":"first","12":"instock","13":"virtual","14":"purchasable","15":"product-type-simple"},"yoast_head":"<!-- This site is optimized with the Yoast SEO plugin v24.7 - https:\/\/yoast.com\/wordpress\/plugins\/seo\/ -->\n<title>Cueva Chicho con playa Bayahibe - Patrick Vacation<\/title>\n<meta name=\"robots\" content=\"index, follow, max-snippet:-1, max-image-preview:large, max-video-preview:-1\" \/>\n<link rel=\"canonical\" href=\"https:\/\/patrickvacation.com\/fr\/excursiones\/cueva-chicho-con-playa-bayahibe\/\" \/>\n<meta property=\"og:locale\" content=\"fr_FR\" \/>\n<meta property=\"og:type\" content=\"article\" \/>\n<meta property=\"og:title\" content=\"Cueva Chicho con playa Bayahibe - Patrick Vacation\" \/>\n<meta property=\"og:description\" content=\"Tour a cueva de Chicho y playa BayahibeDescubre el esplendor subterr\u00e1neo del Parque Nacional Cotubanam\u00e1 y rel\u00e1jate en las playas serenas de Bayahibe en una excursi\u00f3n dise\u00f1ada para aventureros y amantes del sol por igual.Como parte de nuestra exploraci\u00f3n del Parque Nacional Cotubanam\u00e1, visitaremos la\u00a0Cueva de Chicho, un espectacular santuario natural lleno de estalactitas y estalagmitas, donde las aguas cristalinas invitan a un refrescante ba\u00f1o en un entorno de cueva. A continuaci\u00f3n, disfrutaremos de la belleza inigualable de\u00a0Playa Bayahibe, conocida por su tranquilo mar caribe\u00f1o y su fina arena blanca, ideal para relajarse despu\u00e9s de una ma\u00f1ana de aventura.La excursi\u00f3n es perfecta para disfrutar entre amigos, parejas o en familia. Aprovecha la oportunidad de nadar en las tranquilas aguas de Playa Bayahibe y disfrutar de un almuerzo t\u00edpico dominicano en uno de los pintorescos restaurantes a la orilla del mar.\u00bfPor qu\u00e9 no te puedes perder esta excursi\u00f3n?Explorar la\u00a0Cueva de Chicho\u00a0te ofrece una visi\u00f3n \u00fanica de la geolog\u00eda y la historia natural de la Rep\u00fablica Dominicana, mientras que la visita a Playa Bayahibe ofrece el complemento perfecto con su relajante ambiente y belleza esc\u00e9nica.\" \/>\n<meta property=\"og:url\" content=\"https:\/\/patrickvacation.com\/fr\/excursiones\/cueva-chicho-con-playa-bayahibe\/\" \/>\n<meta property=\"og:site_name\" content=\"Patrick Vacation\" \/>\n<meta property=\"article:publisher\" content=\"https:\/\/www.facebook.com\/alcequiez.tours.travel\" \/>\n<meta property=\"article:modified_time\" content=\"2025-02-22T16:39:04+00:00\" \/>\n<meta property=\"og:image\" content=\"https:\/\/patrickvacation.com\/wp-content\/uploads\/2025\/02\/cueva.jpg\" \/>\n\t<meta property=\"og:image:width\" content=\"885\" \/>\n\t<meta property=\"og:image:height\" content=\"580\" \/>\n\t<meta property=\"og:image:type\" content=\"image\/jpeg\" \/>\n<meta name=\"twitter:card\" content=\"summary_large_image\" \/>\n<meta name=\"twitter:label1\" content=\"Dur\u00e9e de lecture estim\u00e9e\" \/>\n\t<meta name=\"twitter:data1\" content=\"3 minutes\" \/>\n<script type=\"application\/ld+json\" class=\"yoast-schema-graph\">{\"@context\":\"https:\/\/schema.org\",\"@graph\":[{\"@type\":\"WebPage\",\"@id\":\"https:\/\/patrickvacation.com\/excursiones\/cueva-chicho-con-playa-bayahibe\/\",\"url\":\"https:\/\/patrickvacation.com\/excursiones\/cueva-chicho-con-playa-bayahibe\/\",\"name\":\"Cueva Chicho con playa Bayahibe - Patrick Vacation\",\"isPartOf\":{\"@id\":\"https:\/\/patrickvacation.com\/#website\"},\"primaryImageOfPage\":{\"@id\":\"https:\/\/patrickvacation.com\/excursiones\/cueva-chicho-con-playa-bayahibe\/#primaryimage\"},\"image\":{\"@id\":\"https:\/\/patrickvacation.com\/excursiones\/cueva-chicho-con-playa-bayahibe\/#primaryimage\"},\"thumbnailUrl\":\"https:\/\/patrickvacation.com\/wp-content\/uploads\/2025\/02\/cueva.jpg\",\"datePublished\":\"2025-02-22T16:38:17+00:00\",\"dateModified\":\"2025-02-22T16:39:04+00:00\",\"breadcrumb\":{\"@id\":\"https:\/\/patrickvacation.com\/excursiones\/cueva-chicho-con-playa-bayahibe\/#breadcrumb\"},\"inLanguage\":\"fr-FR\",\"potentialAction\":[{\"@type\":\"ReadAction\",\"target\":[\"https:\/\/patrickvacation.com\/excursiones\/cueva-chicho-con-playa-bayahibe\/\"]}]},{\"@type\":\"ImageObject\",\"inLanguage\":\"fr-FR\",\"@id\":\"https:\/\/patrickvacation.com\/excursiones\/cueva-chicho-con-playa-bayahibe\/#primaryimage\",\"url\":\"https:\/\/patrickvacation.com\/wp-content\/uploads\/2025\/02\/cueva.jpg\",\"contentUrl\":\"https:\/\/patrickvacation.com\/wp-content\/uploads\/2025\/02\/cueva.jpg\",\"width\":885,\"height\":580},{\"@type\":\"BreadcrumbList\",\"@id\":\"https:\/\/patrickvacation.com\/excursiones\/cueva-chicho-con-playa-bayahibe\/#breadcrumb\",\"itemListElement\":[{\"@type\":\"ListItem\",\"position\":1,\"name\":\"Portada\",\"item\":\"https:\/\/patrickvacation.com\/\"},{\"@type\":\"ListItem\",\"position\":2,\"name\":\"Excursiones y Reservas\",\"item\":\"https:\/\/patrickvacation.com\/excursiones\/\"},{\"@type\":\"ListItem\",\"position\":3,\"name\":\"Cueva Chicho con playa Bayahibe\"}]},{\"@type\":\"WebSite\",\"@id\":\"https:\/\/patrickvacation.com\/#website\",\"url\":\"https:\/\/patrickvacation.com\/\",\"name\":\"Patrick Vacation\",\"description\":\"\",\"publisher\":{\"@id\":\"https:\/\/patrickvacation.com\/#organization\"},\"potentialAction\":[{\"@type\":\"SearchAction\",\"target\":{\"@type\":\"EntryPoint\",\"urlTemplate\":\"https:\/\/patrickvacation.com\/?s={search_term_string}\"},\"query-input\":{\"@type\":\"PropertyValueSpecification\",\"valueRequired\":true,\"valueName\":\"search_term_string\"}}],\"inLanguage\":\"fr-FR\"},{\"@type\":\"Organization\",\"@id\":\"https:\/\/patrickvacation.com\/#organization\",\"name\":\"Alcequiez Tours and Travel\",\"url\":\"https:\/\/patrickvacation.com\/\",\"logo\":{\"@type\":\"ImageObject\",\"inLanguage\":\"fr-FR\",\"@id\":\"https:\/\/patrickvacation.com\/#\/schema\/logo\/image\/\",\"url\":\"https:\/\/patrickvacation.com\/wp-content\/uploads\/2023\/03\/Logo-Alcequiez.png\",\"contentUrl\":\"https:\/\/patrickvacation.com\/wp-content\/uploads\/2023\/03\/Logo-Alcequiez.png\",\"width\":1080,\"height\":560,\"caption\":\"Alcequiez Tours and Travel\"},\"image\":{\"@id\":\"https:\/\/patrickvacation.com\/#\/schema\/logo\/image\/\"},\"sameAs\":[\"https:\/\/www.facebook.com\/alcequiez.tours.travel\",\"https:\/\/www.instagram.com\/alcequieztour\/\"]}]}<\/script>\n<!-- \/ Yoast SEO plugin. -->","yoast_head_json":{"title":"Cueva Chicho con playa Bayahibe - Patrick Vacation","robots":{"index":"index","follow":"follow","max-snippet":"max-snippet:-1","max-image-preview":"max-image-preview:large","max-video-preview":"max-video-preview:-1"},"canonical":"https:\/\/patrickvacation.com\/fr\/excursiones\/cueva-chicho-con-playa-bayahibe\/","og_locale":"fr_FR","og_type":"article","og_title":"Cueva Chicho con playa Bayahibe - Patrick Vacation","og_description":"Tour a cueva de Chicho y playa BayahibeDescubre el esplendor subterr\u00e1neo del Parque Nacional Cotubanam\u00e1 y rel\u00e1jate en las playas serenas de Bayahibe en una excursi\u00f3n dise\u00f1ada para aventureros y amantes del sol por igual.Como parte de nuestra exploraci\u00f3n del Parque Nacional Cotubanam\u00e1, visitaremos la\u00a0Cueva de Chicho, un espectacular santuario natural lleno de estalactitas y estalagmitas, donde las aguas cristalinas invitan a un refrescante ba\u00f1o en un entorno de cueva. A continuaci\u00f3n, disfrutaremos de la belleza inigualable de\u00a0Playa Bayahibe, conocida por su tranquilo mar caribe\u00f1o y su fina arena blanca, ideal para relajarse despu\u00e9s de una ma\u00f1ana de aventura.La excursi\u00f3n es perfecta para disfrutar entre amigos, parejas o en familia. Aprovecha la oportunidad de nadar en las tranquilas aguas de Playa Bayahibe y disfrutar de un almuerzo t\u00edpico dominicano en uno de los pintorescos restaurantes a la orilla del mar.\u00bfPor qu\u00e9 no te puedes perder esta excursi\u00f3n?Explorar la\u00a0Cueva de Chicho\u00a0te ofrece una visi\u00f3n \u00fanica de la geolog\u00eda y la historia natural de la Rep\u00fablica Dominicana, mientras que la visita a Playa Bayahibe ofrece el complemento perfecto con su relajante ambiente y belleza esc\u00e9nica.","og_url":"https:\/\/patrickvacation.com\/fr\/excursiones\/cueva-chicho-con-playa-bayahibe\/","og_site_name":"Patrick Vacation","article_publisher":"https:\/\/www.facebook.com\/alcequiez.tours.travel","article_modified_time":"2025-02-22T16:39:04+00:00","og_image":[{"width":885,"height":580,"url":"https:\/\/patrickvacation.com\/wp-content\/uploads\/2025\/02\/cueva.jpg","type":"image\/jpeg"}],"twitter_card":"summary_large_image","twitter_misc":{"Dur\u00e9e de lecture estim\u00e9e":"3 minutes"},"schema":{"@context":"https:\/\/schema.org","@graph":[{"@type":"WebPage","@id":"https:\/\/patrickvacation.com\/excursiones\/cueva-chicho-con-playa-bayahibe\/","url":"https:\/\/patrickvacation.com\/excursiones\/cueva-chicho-con-playa-bayahibe\/","name":"Cueva Chicho con playa Bayahibe - Patrick Vacation","isPartOf":{"@id":"https:\/\/patrickvacation.com\/#website"},"primaryImageOfPage":{"@id":"https:\/\/patrickvacation.com\/excursiones\/cueva-chicho-con-playa-bayahibe\/#primaryimage"},"image":{"@id":"https:\/\/patrickvacation.com\/excursiones\/cueva-chicho-con-playa-bayahibe\/#primaryimage"},"thumbnailUrl":"https:\/\/patrickvacation.com\/wp-content\/uploads\/2025\/02\/cueva.jpg","datePublished":"2025-02-22T16:38:17+00:00","dateModified":"2025-02-22T16:39:04+00:00","breadcrumb":{"@id":"https:\/\/patrickvacation.com\/excursiones\/cueva-chicho-con-playa-bayahibe\/#breadcrumb"},"inLanguage":"fr-FR","potentialAction":[{"@type":"ReadAction","target":["https:\/\/patrickvacation.com\/excursiones\/cueva-chicho-con-playa-bayahibe\/"]}]},{"@type":"ImageObject","inLanguage":"fr-FR","@id":"https:\/\/patrickvacation.com\/excursiones\/cueva-chicho-con-playa-bayahibe\/#primaryimage","url":"https:\/\/patrickvacation.com\/wp-content\/uploads\/2025\/02\/cueva.jpg","contentUrl":"https:\/\/patrickvacation.com\/wp-content\/uploads\/2025\/02\/cueva.jpg","width":885,"height":580},{"@type":"BreadcrumbList","@id":"https:\/\/patrickvacation.com\/excursiones\/cueva-chicho-con-playa-bayahibe\/#breadcrumb","itemListElement":[{"@type":"ListItem","position":1,"name":"Portada","item":"https:\/\/patrickvacation.com\/"},{"@type":"ListItem","position":2,"name":"Excursiones y Reservas","item":"https:\/\/patrickvacation.com\/excursiones\/"},{"@type":"ListItem","position":3,"name":"Cueva Chicho con playa Bayahibe"}]},{"@type":"WebSite","@id":"https:\/\/patrickvacation.com\/#website","url":"https:\/\/patrickvacation.com\/","name":"Patrick Vacation","description":"","publisher":{"@id":"https:\/\/patrickvacation.com\/#organization"},"potentialAction":[{"@type":"SearchAction","target":{"@type":"EntryPoint","urlTemplate":"https:\/\/patrickvacation.com\/?s={search_term_string}"},"query-input":{"@type":"PropertyValueSpecification","valueRequired":true,"valueName":"search_term_string"}}],"inLanguage":"fr-FR"},{"@type":"Organization","@id":"https:\/\/patrickvacation.com\/#organization","name":"Alcequiez Tours and Travel","url":"https:\/\/patrickvacation.com\/","logo":{"@type":"ImageObject","inLanguage":"fr-FR","@id":"https:\/\/patrickvacation.com\/#\/schema\/logo\/image\/","url":"https:\/\/patrickvacation.com\/wp-content\/uploads\/2023\/03\/Logo-Alcequiez.png","contentUrl":"https:\/\/patrickvacation.com\/wp-content\/uploads\/2023\/03\/Logo-Alcequiez.png","width":1080,"height":560,"caption":"Alcequiez Tours and Travel"},"image":{"@id":"https:\/\/patrickvacation.com\/#\/schema\/logo\/image\/"},"sameAs":["https:\/\/www.facebook.com\/alcequiez.tours.travel","https:\/\/www.instagram.com\/alcequieztour\/"]}]}},"_links":{"self":[{"href":"https:\/\/patrickvacation.com\/fr\/wp-json\/wp\/v2\/product\/6835","targetHints":{"allow":["GET"]}}],"collection":[{"href":"https:\/\/patrickvacation.com\/fr\/wp-json\/wp\/v2\/product"}],"about":[{"href":"https:\/\/patrickvacation.com\/fr\/wp-json\/wp\/v2\/types\/product"}],"version-history":[{"count":0,"href":"https:\/\/patrickvacation.com\/fr\/wp-json\/wp\/v2\/product\/6835\/revisions"}],"wp:featuredmedia":[{"embeddable":true,"href":"https:\/\/patrickvacation.com\/fr\/wp-json\/wp\/v2\/media\/6832"}],"wp:attachment":[{"href":"https:\/\/patrickvacation.com\/fr\/wp-json\/wp\/v2\/media?parent=6835"}],"wp:term":[{"taxonomy":"product_brand","embeddable":true,"href":"https:\/\/patrickvacation.com\/fr\/wp-json\/wp\/v2\/product_brand?post=6835"},{"taxonomy":"product_cat","embeddable":true,"href":"https:\/\/patrickvacation.com\/fr\/wp-json\/wp\/v2\/product_cat?post=6835"},{"taxonomy":"product_tag","embeddable":true,"href":"https:\/\/patrickvacation.com\/fr\/wp-json\/wp\/v2\/product_tag?post=6835"}],"curies":[{"name":"wp","href":"https:\/\/api.w.org\/{rel}","templated":true}]}}