{"id":6852,"date":"2025-02-24T15:57:47","date_gmt":"2025-02-24T15:57:47","guid":{"rendered":"https:\/\/patrickvacation.com\/reservas\/los-haitises-con-cayo-levantado\/"},"modified":"2025-02-24T15:58:48","modified_gmt":"2025-02-24T15:58:48","slug":"los-haitises-con-cayo-levantado","status":"publish","type":"product","link":"https:\/\/patrickvacation.com\/fr\/excursiones\/los-haitises-con-cayo-levantado\/","title":{"rendered":"Los Haitises con Cayo Levantado"},"content":{"rendered":"<section id=\"section-88-126\" class=\"ct-section nitro-offscreen\">\n<div class=\"ct-section-inner-wrap\" style=\"margin-left: auto;margin-right: auto;height: 342.75px;min-height: inherit;max-width: 1120px;padding: 23px 20px 17px;flex-direction: column;align-items: flex-start\" data-mce-style=\"margin-left: auto; margin-right: auto; height: 342.75px; min-height: inherit; max-width: 1120px; padding: 23px 20px 17px; flex-direction: column; align-items: flex-start;\">\n<h2 id=\"headline-89-126\" class=\"ct-headline\" style=\"margin: 0px;font-family: Quicksand;font-size: 35px\" data-mce-style=\"margin: 0px; font-family: Quicksand; font-size: 35px;\">Itinerario del tour<br \/><\/h2>\n<div id=\"_rich_text-253-126\" class=\"oxy-rich-text\" style=\"margin-top: 10px;width: 1080px\" data-mce-style=\"margin-top: 10px; width: 1080px;\">\n<ul>\n<li>\n<p><span style=\"font-weight: bolder\" data-mce-style=\"font-weight: bolder;\">Recogida en el alojamiento:<\/span>\u00a0Comenzamos el d\u00eda con la recogida en tu hotel o Airbnb en Saman\u00e1 o Las Terrenas, prepar\u00e1ndote para una aventura excepcional.<\/p>\n<\/li>\n<li>\n<p><span style=\"font-weight: bolder\" data-mce-style=\"font-weight: bolder;\">Traves\u00eda por la bah\u00eda de Saman\u00e1:<\/span>\u00a0Embarcaremos en una lancha r\u00e1pida o motomar\u00e1n y cruzaremos la id\u00edlica bah\u00eda de Saman\u00e1, navegando entre manglares y islas que ofrecen un contacto directo con la naturaleza pr\u00edstina del \u00e1rea.<\/p>\n<\/li>\n<li>\n<p><span style=\"font-weight: bolder\" data-mce-style=\"font-weight: bolder;\">Exploraci\u00f3n de Los Haitises:<\/span>\u00a0Descubre los manglares, cuevas y pictograf\u00edas dejadas por los indios ta\u00ednos en esta reserva natural conocida como la peque\u00f1a bah\u00eda de Halong. Este santuario de aves marinas es un testimonio vivo de la historia natural y cultural del Caribe.<\/p>\n<\/li>\n<li>\n<p><span style=\"font-weight: bolder\" data-mce-style=\"font-weight: bolder;\">Visita a Cayo Levantado:<\/span>\u00a0Despu\u00e9s de explorar Los Haitises, nos dirigimos a Cayo Levantado. Aqu\u00ed disfrutar\u00e1s de un delicioso buffet abierto con comida t\u00edpica local y tendr\u00e1s tiempo libre para relajarte en sus playas de arena blanca y aguas cristalinas.<\/p>\n<\/li>\n<\/ul>\n<\/div>\n<\/div>\n<\/section>\n<section id=\"section-137-126\" class=\"ct-section nitro-offscreen\">\n<div class=\"ct-section-inner-wrap\" style=\"margin-left: auto;margin-right: auto;height: 343.167px;min-height: inherit;max-width: 1120px;padding: 23px 20px 31px;flex-direction: column;align-items: flex-start\" data-mce-style=\"margin-left: auto; margin-right: auto; height: 343.167px; min-height: inherit; max-width: 1120px; padding: 23px 20px 31px; flex-direction: column; align-items: flex-start;\">\n<h2 id=\"headline-138-126\" class=\"ct-headline\" style=\"margin: 0px;font-family: Quicksand;font-size: 35px\" data-mce-style=\"margin: 0px; font-family: Quicksand; font-size: 35px;\">\u00bfQu\u00e9 incluye la reserva a este tour?<\/h2>\n<div id=\"_rich_text-139-126\" class=\"oxy-rich-text\" style=\"margin-top: 15px;margin-bottom: 15px;width: 1080px\" data-mce-style=\"margin-top: 15px; margin-bottom: 15px; width: 1080px;\">\n<ul>\n<li><span style=\"font-weight: bolder\" data-mce-style=\"font-weight: bolder;\">Transporte:<\/span>\u00a0Recogida y regreso a tu alojamiento en veh\u00edculo c\u00f3modo y seguro.<\/li>\n<li><span style=\"font-weight: bolder\" data-mce-style=\"font-weight: bolder;\">Almuerzo y bebidas:<\/span>\u00a0Disfruta de un buffet de comida t\u00edpica y bebidas refrescantes incluidas en el tour.<\/li>\n<li><span style=\"font-weight: bolder\" data-mce-style=\"font-weight: bolder;\">Gu\u00edas expertos:<\/span>\u00a0Nuestros gu\u00edas te acompa\u00f1ar\u00e1n durante todo el tour, proporcionando informaci\u00f3n enriquecedora sobre los sitios visitados y asegurando tu seguridad y comodidad.<\/li>\n<\/ul>\n<\/div>\n<\/div>\n<\/section>","protected":false},"excerpt":{"rendered":"<div id=\"div_block-24-126\" class=\"ct-div-block\">\n<h2 id=\"headline-25-126\" class=\"ct-headline\" style=\"margin: 7px 0px 0px;font-family: Quicksand;font-size: 35px\" data-mce-style=\"margin: 7px 0px 0px; font-family: Quicksand; font-size: 35px;\">Tour Los Haitises y Cayo Levantado<\/h2>\n<div id=\"_rich_text-248-126\" class=\"oxy-rich-text\" style=\"margin-top: 10px;width: 609.594px\" data-mce-style=\"margin-top: 10px; width: 609.594px;\">\n<p style=\"margin-block-start: 0px\" data-mce-style=\"margin-block-start: 0px;\">Sum\u00e9rgete en una aventura \u00fanica donde la majestuosidad natural de\u00a0<span style=\"font-weight: bolder\" data-mce-style=\"font-weight: bolder;\">Los Haitises<\/span>\u00a0se une con la tranquilidad de Cayo Levantado, ofreciendo una experiencia inolvidable en dos de los destinos m\u00e1s emblem\u00e1ticos de Saman\u00e1. Este tour te invita a descubrir los secretos bien guardados de Los Haitises,\u00a0<span style=\"font-weight: bolder\" data-mce-style=\"font-weight: bolder;\">un parque nacional<\/span>\u00a0que no solo es un refugio de biodiversidad sino tambi\u00e9n un santuario de la historia antigua, donde las formaciones rocosas y los manglares te cuentan historias de tiempos pasados.<\/p>\n<p>Los Haitises, con su nombre que significa\u00a0<em>\u00abtierras altas\u00bb o \u00abmonta\u00f1as\u00bb<\/em>\u00a0en la lengua de los ind\u00edgenas ta\u00ednos, te cautivar\u00e1 con sus innumerables cavernas que albergan pictograf\u00edas y petroglifos, testigos silenciosos de las culturas precolombinas. Navegar\u00e1s entre islas cubiertas de densa vegetaci\u00f3n y ser\u00e1s testigo de la impresionante diversidad de aves y la vida marina que hacen de este parque un lugar de importancia ecol\u00f3gica y espiritual. Este mosaico natural de canales de agua y bosques tropicales ofrece un espect\u00e1culo visual que te conecta instant\u00e1neamente con la naturaleza en su estado m\u00e1s puro.<\/p>\n<p style=\"margin-block-end: 0px\" data-mce-style=\"margin-block-end: 0px;\">Tras la exploraci\u00f3n de este laberinto natural, el viaje contin\u00faa hacia\u00a0<span style=\"font-weight: bolder\" data-mce-style=\"font-weight: bolder;\">Cayo Levantado<\/span>, una isla de ensue\u00f1o donde las aguas cristalinas y las playas de arena blanca te esperan para ofrecerte un momento de relajaci\u00f3n y disfrute sin igual. Conocida tambi\u00e9n como\u00a0<em>Isla Bacard\u00ed<\/em>, este peque\u00f1o para\u00edso es el lugar perfecto para desconectar, disfrutar de la gastronom\u00eda local y dejarte seducir por la belleza del Caribe. Cayo Levantado no solo es un escape ideal para los amantes de la playa, sino tambi\u00e9n un punto de encuentro entre el lujo natural y la comodidad, donde cada momento invita a la contemplaci\u00f3n y el placer.<\/p>\n<\/div>\n<\/div>\n<div id=\"div_block-267-126\" class=\"ct-div-block\">\n<h2 id=\"headline-268-126\" class=\"ct-headline\" style=\"margin: 7px 0px 0px;font-family: Quicksand;font-size: 35px\" data-mce-style=\"margin: 7px 0px 0px; font-family: Quicksand; font-size: 35px;\">\u00bfPor qu\u00e9 no te puedes perder esta actividad?<\/h2>\n<div id=\"_rich_text-269-126\" class=\"oxy-rich-text\" style=\"margin-top: 20px;width: 609.594px\" data-mce-style=\"margin-top: 20px; width: 609.594px;\">\n<p>Explorar Los Haitises y relajarte en Cayo Levantado no es simplemente un tour, es una inmersi\u00f3n en el coraz\u00f3n de la naturaleza y la cultura dominicana. Este viaje ofrece una combinaci\u00f3n perfecta de aventura y serenidad, donde la\u00a0<span style=\"font-weight: bolder\" data-mce-style=\"font-weight: bolder;\">rica historia y la biodiversidad<\/span>\u00a0se encuentran con la belleza id\u00edlica de playas v\u00edrgenes. Es una oportunidad \u00fanica para conectar con la esencia de Saman\u00e1, experimentar la majestuosidad de sus paisajes y crear recuerdos que perdurar\u00e1n toda la vida. No dejes pasar la chance de ser testigo de estos tesoros naturales y culturales en un solo d\u00eda.<\/p>\n<\/div>\n<\/div>","protected":false},"featured_media":6853,"template":"","meta":[],"product_brand":[],"product_cat":[182,186,179],"product_tag":[],"class_list":{"0":"post-6852","1":"product","2":"type-product","3":"status-publish","4":"has-post-thumbnail","6":"product_cat-ecoaventura-senderismo","7":"product_cat-historica-y-cultural","8":"product_cat-parques-experiencias","10":"first","11":"instock","12":"virtual","13":"purchasable","14":"product-type-simple"},"yoast_head":"<!-- This site is optimized with the Yoast SEO plugin v24.7 - https:\/\/yoast.com\/wordpress\/plugins\/seo\/ -->\n<title>Los Haitises con Cayo Levantado - Patrick Vacation<\/title>\n<meta name=\"robots\" content=\"index, follow, max-snippet:-1, max-image-preview:large, max-video-preview:-1\" \/>\n<link rel=\"canonical\" href=\"https:\/\/patrickvacation.com\/fr\/excursiones\/los-haitises-con-cayo-levantado\/\" \/>\n<meta property=\"og:locale\" content=\"fr_FR\" \/>\n<meta property=\"og:type\" content=\"article\" \/>\n<meta property=\"og:title\" content=\"Los Haitises con Cayo Levantado - Patrick Vacation\" \/>\n<meta property=\"og:description\" content=\"Tour Los Haitises y Cayo LevantadoSum\u00e9rgete en una aventura \u00fanica donde la majestuosidad natural de\u00a0Los Haitises\u00a0se une con la tranquilidad de Cayo Levantado, ofreciendo una experiencia inolvidable en dos de los destinos m\u00e1s emblem\u00e1ticos de Saman\u00e1. Este tour te invita a descubrir los secretos bien guardados de Los Haitises,\u00a0un parque nacional\u00a0que no solo es un refugio de biodiversidad sino tambi\u00e9n un santuario de la historia antigua, donde las formaciones rocosas y los manglares te cuentan historias de tiempos pasados.Los Haitises, con su nombre que significa\u00a0&quot;tierras altas&quot; o &quot;monta\u00f1as&quot;\u00a0en la lengua de los ind\u00edgenas ta\u00ednos, te cautivar\u00e1 con sus innumerables cavernas que albergan pictograf\u00edas y petroglifos, testigos silenciosos de las culturas precolombinas. Navegar\u00e1s entre islas cubiertas de densa vegetaci\u00f3n y ser\u00e1s testigo de la impresionante diversidad de aves y la vida marina que hacen de este parque un lugar de importancia ecol\u00f3gica y espiritual. Este mosaico natural de canales de agua y bosques tropicales ofrece un espect\u00e1culo visual que te conecta instant\u00e1neamente con la naturaleza en su estado m\u00e1s puro.Tras la exploraci\u00f3n de este laberinto natural, el viaje contin\u00faa hacia\u00a0Cayo Levantado, una isla de ensue\u00f1o donde las aguas cristalinas y las playas de arena blanca te esperan para ofrecerte un momento de relajaci\u00f3n y disfrute sin igual. Conocida tambi\u00e9n como\u00a0Isla Bacard\u00ed, este peque\u00f1o para\u00edso es el lugar perfecto para desconectar, disfrutar de la gastronom\u00eda local y dejarte seducir por la belleza del Caribe. Cayo Levantado no solo es un escape ideal para los amantes de la playa, sino tambi\u00e9n un punto de encuentro entre el lujo natural y la comodidad, donde cada momento invita a la contemplaci\u00f3n y el placer.\u00bfPor qu\u00e9 no te puedes perder esta actividad?Explorar Los Haitises y relajarte en Cayo Levantado no es simplemente un tour, es una inmersi\u00f3n en el coraz\u00f3n de la naturaleza y la cultura dominicana. Este viaje ofrece una combinaci\u00f3n perfecta de aventura y serenidad, donde la\u00a0rica historia y la biodiversidad\u00a0se encuentran con la belleza id\u00edlica de playas v\u00edrgenes. Es una oportunidad \u00fanica para conectar con la esencia de Saman\u00e1, experimentar la majestuosidad de sus paisajes y crear recuerdos que perdurar\u00e1n toda la vida. No dejes pasar la chance de ser testigo de estos tesoros naturales y culturales en un solo d\u00eda.\" \/>\n<meta property=\"og:url\" content=\"https:\/\/patrickvacation.com\/fr\/excursiones\/los-haitises-con-cayo-levantado\/\" \/>\n<meta property=\"og:site_name\" content=\"Patrick Vacation\" \/>\n<meta property=\"article:publisher\" content=\"https:\/\/www.facebook.com\/alcequiez.tours.travel\" \/>\n<meta property=\"article:modified_time\" content=\"2025-02-24T15:58:48+00:00\" \/>\n<meta property=\"og:image\" content=\"https:\/\/patrickvacation.com\/wp-content\/uploads\/2025\/02\/CAYO.jpg\" \/>\n\t<meta property=\"og:image:width\" content=\"688\" \/>\n\t<meta property=\"og:image:height\" content=\"451\" \/>\n\t<meta property=\"og:image:type\" content=\"image\/jpeg\" \/>\n<meta name=\"twitter:card\" content=\"summary_large_image\" \/>\n<meta name=\"twitter:label1\" content=\"Dur\u00e9e de lecture estim\u00e9e\" \/>\n\t<meta name=\"twitter:data1\" content=\"1 minute\" \/>\n<script type=\"application\/ld+json\" class=\"yoast-schema-graph\">{\"@context\":\"https:\/\/schema.org\",\"@graph\":[{\"@type\":\"WebPage\",\"@id\":\"https:\/\/patrickvacation.com\/excursiones\/los-haitises-con-cayo-levantado\/\",\"url\":\"https:\/\/patrickvacation.com\/excursiones\/los-haitises-con-cayo-levantado\/\",\"name\":\"Los Haitises con Cayo Levantado - Patrick Vacation\",\"isPartOf\":{\"@id\":\"https:\/\/patrickvacation.com\/#website\"},\"primaryImageOfPage\":{\"@id\":\"https:\/\/patrickvacation.com\/excursiones\/los-haitises-con-cayo-levantado\/#primaryimage\"},\"image\":{\"@id\":\"https:\/\/patrickvacation.com\/excursiones\/los-haitises-con-cayo-levantado\/#primaryimage\"},\"thumbnailUrl\":\"https:\/\/patrickvacation.com\/wp-content\/uploads\/2025\/02\/CAYO.jpg\",\"datePublished\":\"2025-02-24T15:57:47+00:00\",\"dateModified\":\"2025-02-24T15:58:48+00:00\",\"breadcrumb\":{\"@id\":\"https:\/\/patrickvacation.com\/excursiones\/los-haitises-con-cayo-levantado\/#breadcrumb\"},\"inLanguage\":\"fr-FR\",\"potentialAction\":[{\"@type\":\"ReadAction\",\"target\":[\"https:\/\/patrickvacation.com\/excursiones\/los-haitises-con-cayo-levantado\/\"]}]},{\"@type\":\"ImageObject\",\"inLanguage\":\"fr-FR\",\"@id\":\"https:\/\/patrickvacation.com\/excursiones\/los-haitises-con-cayo-levantado\/#primaryimage\",\"url\":\"https:\/\/patrickvacation.com\/wp-content\/uploads\/2025\/02\/CAYO.jpg\",\"contentUrl\":\"https:\/\/patrickvacation.com\/wp-content\/uploads\/2025\/02\/CAYO.jpg\",\"width\":688,\"height\":451},{\"@type\":\"BreadcrumbList\",\"@id\":\"https:\/\/patrickvacation.com\/excursiones\/los-haitises-con-cayo-levantado\/#breadcrumb\",\"itemListElement\":[{\"@type\":\"ListItem\",\"position\":1,\"name\":\"Portada\",\"item\":\"https:\/\/patrickvacation.com\/\"},{\"@type\":\"ListItem\",\"position\":2,\"name\":\"Excursiones y Reservas\",\"item\":\"https:\/\/patrickvacation.com\/excursiones\/\"},{\"@type\":\"ListItem\",\"position\":3,\"name\":\"Los Haitises con Cayo Levantado\"}]},{\"@type\":\"WebSite\",\"@id\":\"https:\/\/patrickvacation.com\/#website\",\"url\":\"https:\/\/patrickvacation.com\/\",\"name\":\"Patrick Vacation\",\"description\":\"\",\"publisher\":{\"@id\":\"https:\/\/patrickvacation.com\/#organization\"},\"potentialAction\":[{\"@type\":\"SearchAction\",\"target\":{\"@type\":\"EntryPoint\",\"urlTemplate\":\"https:\/\/patrickvacation.com\/?s={search_term_string}\"},\"query-input\":{\"@type\":\"PropertyValueSpecification\",\"valueRequired\":true,\"valueName\":\"search_term_string\"}}],\"inLanguage\":\"fr-FR\"},{\"@type\":\"Organization\",\"@id\":\"https:\/\/patrickvacation.com\/#organization\",\"name\":\"Alcequiez Tours and Travel\",\"url\":\"https:\/\/patrickvacation.com\/\",\"logo\":{\"@type\":\"ImageObject\",\"inLanguage\":\"fr-FR\",\"@id\":\"https:\/\/patrickvacation.com\/#\/schema\/logo\/image\/\",\"url\":\"https:\/\/patrickvacation.com\/wp-content\/uploads\/2023\/03\/Logo-Alcequiez.png\",\"contentUrl\":\"https:\/\/patrickvacation.com\/wp-content\/uploads\/2023\/03\/Logo-Alcequiez.png\",\"width\":1080,\"height\":560,\"caption\":\"Alcequiez Tours and Travel\"},\"image\":{\"@id\":\"https:\/\/patrickvacation.com\/#\/schema\/logo\/image\/\"},\"sameAs\":[\"https:\/\/www.facebook.com\/alcequiez.tours.travel\",\"https:\/\/www.instagram.com\/alcequieztour\/\"]}]}<\/script>\n<!-- \/ Yoast SEO plugin. -->","yoast_head_json":{"title":"Los Haitises con Cayo Levantado - Patrick Vacation","robots":{"index":"index","follow":"follow","max-snippet":"max-snippet:-1","max-image-preview":"max-image-preview:large","max-video-preview":"max-video-preview:-1"},"canonical":"https:\/\/patrickvacation.com\/fr\/excursiones\/los-haitises-con-cayo-levantado\/","og_locale":"fr_FR","og_type":"article","og_title":"Los Haitises con Cayo Levantado - Patrick Vacation","og_description":"Tour Los Haitises y Cayo LevantadoSum\u00e9rgete en una aventura \u00fanica donde la majestuosidad natural de\u00a0Los Haitises\u00a0se une con la tranquilidad de Cayo Levantado, ofreciendo una experiencia inolvidable en dos de los destinos m\u00e1s emblem\u00e1ticos de Saman\u00e1. Este tour te invita a descubrir los secretos bien guardados de Los Haitises,\u00a0un parque nacional\u00a0que no solo es un refugio de biodiversidad sino tambi\u00e9n un santuario de la historia antigua, donde las formaciones rocosas y los manglares te cuentan historias de tiempos pasados.Los Haitises, con su nombre que significa\u00a0\"tierras altas\" o \"monta\u00f1as\"\u00a0en la lengua de los ind\u00edgenas ta\u00ednos, te cautivar\u00e1 con sus innumerables cavernas que albergan pictograf\u00edas y petroglifos, testigos silenciosos de las culturas precolombinas. Navegar\u00e1s entre islas cubiertas de densa vegetaci\u00f3n y ser\u00e1s testigo de la impresionante diversidad de aves y la vida marina que hacen de este parque un lugar de importancia ecol\u00f3gica y espiritual. Este mosaico natural de canales de agua y bosques tropicales ofrece un espect\u00e1culo visual que te conecta instant\u00e1neamente con la naturaleza en su estado m\u00e1s puro.Tras la exploraci\u00f3n de este laberinto natural, el viaje contin\u00faa hacia\u00a0Cayo Levantado, una isla de ensue\u00f1o donde las aguas cristalinas y las playas de arena blanca te esperan para ofrecerte un momento de relajaci\u00f3n y disfrute sin igual. Conocida tambi\u00e9n como\u00a0Isla Bacard\u00ed, este peque\u00f1o para\u00edso es el lugar perfecto para desconectar, disfrutar de la gastronom\u00eda local y dejarte seducir por la belleza del Caribe. Cayo Levantado no solo es un escape ideal para los amantes de la playa, sino tambi\u00e9n un punto de encuentro entre el lujo natural y la comodidad, donde cada momento invita a la contemplaci\u00f3n y el placer.\u00bfPor qu\u00e9 no te puedes perder esta actividad?Explorar Los Haitises y relajarte en Cayo Levantado no es simplemente un tour, es una inmersi\u00f3n en el coraz\u00f3n de la naturaleza y la cultura dominicana. Este viaje ofrece una combinaci\u00f3n perfecta de aventura y serenidad, donde la\u00a0rica historia y la biodiversidad\u00a0se encuentran con la belleza id\u00edlica de playas v\u00edrgenes. Es una oportunidad \u00fanica para conectar con la esencia de Saman\u00e1, experimentar la majestuosidad de sus paisajes y crear recuerdos que perdurar\u00e1n toda la vida. No dejes pasar la chance de ser testigo de estos tesoros naturales y culturales en un solo d\u00eda.","og_url":"https:\/\/patrickvacation.com\/fr\/excursiones\/los-haitises-con-cayo-levantado\/","og_site_name":"Patrick Vacation","article_publisher":"https:\/\/www.facebook.com\/alcequiez.tours.travel","article_modified_time":"2025-02-24T15:58:48+00:00","og_image":[{"width":688,"height":451,"url":"https:\/\/patrickvacation.com\/wp-content\/uploads\/2025\/02\/CAYO.jpg","type":"image\/jpeg"}],"twitter_card":"summary_large_image","twitter_misc":{"Dur\u00e9e de lecture estim\u00e9e":"1 minute"},"schema":{"@context":"https:\/\/schema.org","@graph":[{"@type":"WebPage","@id":"https:\/\/patrickvacation.com\/excursiones\/los-haitises-con-cayo-levantado\/","url":"https:\/\/patrickvacation.com\/excursiones\/los-haitises-con-cayo-levantado\/","name":"Los Haitises con Cayo Levantado - Patrick Vacation","isPartOf":{"@id":"https:\/\/patrickvacation.com\/#website"},"primaryImageOfPage":{"@id":"https:\/\/patrickvacation.com\/excursiones\/los-haitises-con-cayo-levantado\/#primaryimage"},"image":{"@id":"https:\/\/patrickvacation.com\/excursiones\/los-haitises-con-cayo-levantado\/#primaryimage"},"thumbnailUrl":"https:\/\/patrickvacation.com\/wp-content\/uploads\/2025\/02\/CAYO.jpg","datePublished":"2025-02-24T15:57:47+00:00","dateModified":"2025-02-24T15:58:48+00:00","breadcrumb":{"@id":"https:\/\/patrickvacation.com\/excursiones\/los-haitises-con-cayo-levantado\/#breadcrumb"},"inLanguage":"fr-FR","potentialAction":[{"@type":"ReadAction","target":["https:\/\/patrickvacation.com\/excursiones\/los-haitises-con-cayo-levantado\/"]}]},{"@type":"ImageObject","inLanguage":"fr-FR","@id":"https:\/\/patrickvacation.com\/excursiones\/los-haitises-con-cayo-levantado\/#primaryimage","url":"https:\/\/patrickvacation.com\/wp-content\/uploads\/2025\/02\/CAYO.jpg","contentUrl":"https:\/\/patrickvacation.com\/wp-content\/uploads\/2025\/02\/CAYO.jpg","width":688,"height":451},{"@type":"BreadcrumbList","@id":"https:\/\/patrickvacation.com\/excursiones\/los-haitises-con-cayo-levantado\/#breadcrumb","itemListElement":[{"@type":"ListItem","position":1,"name":"Portada","item":"https:\/\/patrickvacation.com\/"},{"@type":"ListItem","position":2,"name":"Excursiones y Reservas","item":"https:\/\/patrickvacation.com\/excursiones\/"},{"@type":"ListItem","position":3,"name":"Los Haitises con Cayo Levantado"}]},{"@type":"WebSite","@id":"https:\/\/patrickvacation.com\/#website","url":"https:\/\/patrickvacation.com\/","name":"Patrick Vacation","description":"","publisher":{"@id":"https:\/\/patrickvacation.com\/#organization"},"potentialAction":[{"@type":"SearchAction","target":{"@type":"EntryPoint","urlTemplate":"https:\/\/patrickvacation.com\/?s={search_term_string}"},"query-input":{"@type":"PropertyValueSpecification","valueRequired":true,"valueName":"search_term_string"}}],"inLanguage":"fr-FR"},{"@type":"Organization","@id":"https:\/\/patrickvacation.com\/#organization","name":"Alcequiez Tours and Travel","url":"https:\/\/patrickvacation.com\/","logo":{"@type":"ImageObject","inLanguage":"fr-FR","@id":"https:\/\/patrickvacation.com\/#\/schema\/logo\/image\/","url":"https:\/\/patrickvacation.com\/wp-content\/uploads\/2023\/03\/Logo-Alcequiez.png","contentUrl":"https:\/\/patrickvacation.com\/wp-content\/uploads\/2023\/03\/Logo-Alcequiez.png","width":1080,"height":560,"caption":"Alcequiez Tours and Travel"},"image":{"@id":"https:\/\/patrickvacation.com\/#\/schema\/logo\/image\/"},"sameAs":["https:\/\/www.facebook.com\/alcequiez.tours.travel","https:\/\/www.instagram.com\/alcequieztour\/"]}]}},"_links":{"self":[{"href":"https:\/\/patrickvacation.com\/fr\/wp-json\/wp\/v2\/product\/6852","targetHints":{"allow":["GET"]}}],"collection":[{"href":"https:\/\/patrickvacation.com\/fr\/wp-json\/wp\/v2\/product"}],"about":[{"href":"https:\/\/patrickvacation.com\/fr\/wp-json\/wp\/v2\/types\/product"}],"version-history":[{"count":0,"href":"https:\/\/patrickvacation.com\/fr\/wp-json\/wp\/v2\/product\/6852\/revisions"}],"wp:featuredmedia":[{"embeddable":true,"href":"https:\/\/patrickvacation.com\/fr\/wp-json\/wp\/v2\/media\/6853"}],"wp:attachment":[{"href":"https:\/\/patrickvacation.com\/fr\/wp-json\/wp\/v2\/media?parent=6852"}],"wp:term":[{"taxonomy":"product_brand","embeddable":true,"href":"https:\/\/patrickvacation.com\/fr\/wp-json\/wp\/v2\/product_brand?post=6852"},{"taxonomy":"product_cat","embeddable":true,"href":"https:\/\/patrickvacation.com\/fr\/wp-json\/wp\/v2\/product_cat?post=6852"},{"taxonomy":"product_tag","embeddable":true,"href":"https:\/\/patrickvacation.com\/fr\/wp-json\/wp\/v2\/product_tag?post=6852"}],"curies":[{"name":"wp","href":"https:\/\/api.w.org\/{rel}","templated":true}]}}