{"id":6857,"date":"2025-02-24T16:19:59","date_gmt":"2025-02-24T16:19:59","guid":{"rendered":"https:\/\/patrickvacation.com\/reservas\/buggy-o-atv-en-ruta-de-cafe\/"},"modified":"2025-02-24T16:21:59","modified_gmt":"2025-02-24T16:21:59","slug":"buggy-o-atv-en-ruta-de-cafe","status":"publish","type":"product","link":"https:\/\/patrickvacation.com\/fr\/excursiones\/buggy-o-atv-en-ruta-de-cafe\/","title":{"rendered":"Buggy o ATV en ruta de caf\u00e9"},"content":{"rendered":"<section id=\"section-58-2546\" class=\"ct-section nitro-offscreen\">\n<div class=\"ct-section-inner-wrap\" style=\"margin-left: auto;margin-right: auto;height: 451.531px;min-height: inherit;max-width: 1120px;padding: 30px 20px;flex-direction: column;align-items: flex-start\" data-mce-style=\"margin-left: auto; margin-right: auto; height: 451.531px; min-height: inherit; max-width: 1120px; padding: 30px 20px; flex-direction: column; align-items: flex-start;\">\n<h2 id=\"headline-59-2546\" class=\"ct-headline\" style=\"margin: 7px 0px 0px;font-family: Quicksand;font-size: 35px\" data-mce-style=\"margin: 7px 0px 0px; font-family: Quicksand; font-size: 35px;\">Itinerario de la excursi\u00f3n<br \/><\/h2>\n<div id=\"_rich_text-61-2546\" class=\"oxy-rich-text\" style=\"margin-top: 15px;width: 1080px\" data-mce-style=\"margin-top: 15px; width: 1080px;\">\n<ul>\n<li><span style=\"font-weight: bolder\" data-mce-style=\"font-weight: bolder;\">Recogida:<\/span>\u00a0Te recogeremos en tu Airbnb o hotel en Saman\u00e1 o Las Terrenas para dirigirnos a nuestro rancho, el punto de partida de nuestra aventura.<\/li>\n<li><span style=\"font-weight: bolder\" data-mce-style=\"font-weight: bolder;\">Salida del rancho:<\/span>\u00a0A bordo de tu buggy o ATV, iniciar\u00e1s el recorrido atravesando hermosos paisajes, arroyos y puentes hasta llegar a las encantadoras playas de Mor\u00f3n y Lim\u00f3n.<\/li>\n<li><span style=\"font-weight: bolder\" data-mce-style=\"font-weight: bolder;\">Paradas culturales:<\/span>\u00a0Haremos paradas en casas t\u00edpicas y f\u00e1bricas locales de caucho y cigarros, ofreciendo un vistazo a las tradiciones y el modo de vida local.<\/li>\n<li><span style=\"font-weight: bolder\" data-mce-style=\"font-weight: bolder;\">Almuerzo:<\/span>\u00a0Despu\u00e9s de una ma\u00f1ana de aventuras, disfrutar\u00e1s de un delicioso almuerzo en nuestro buffet abierto que ofrece variedad de platos locales e internacionales.<\/li>\n<li><span style=\"font-weight: bolder\" data-mce-style=\"font-weight: bolder;\">Exploraci\u00f3n del pueblo:<\/span>\u00a0Posteriormente, tendr\u00e1s tiempo para explorar el pueblo, visitar tiendas de souvenirs y capturar momentos inolvidables de tu viaje.<\/li>\n<li><span style=\"font-weight: bolder\" data-mce-style=\"font-weight: bolder;\">Regreso:<\/span>\u00a0Finalizamos el tour regresando al rancho y luego te llevaremos de vuelta a tu alojamiento.<\/li>\n<\/ul>\n<\/div>\n<\/div>\n<\/section>\n<section id=\"section-134-2546\" class=\"ct-section nitro-offscreen\">\n<div class=\"ct-section-inner-wrap\" style=\"margin-left: auto;margin-right: auto;height: 349.156px;min-height: inherit;max-width: 1120px;padding: 30px 20px;flex-direction: column;align-items: flex-start\" data-mce-style=\"margin-left: auto; margin-right: auto; height: 349.156px; min-height: inherit; max-width: 1120px; padding: 30px 20px; flex-direction: column; align-items: flex-start;\">\n<h2 id=\"headline-135-2546\" class=\"ct-headline\" style=\"margin: 7px 0px 0px;font-family: Quicksand;font-size: 35px\" data-mce-style=\"margin: 7px 0px 0px; font-family: Quicksand; font-size: 35px;\">\u00bfQu\u00e9 tenemos que llevar al tour?<br \/><\/h2>\n<div id=\"_rich_text-136-2546\" class=\"oxy-rich-text\" style=\"margin-top: 15px;width: 1080px\" data-mce-style=\"margin-top: 15px; width: 1080px;\">\n<ul>\n<li><span style=\"font-weight: bolder\" data-mce-style=\"font-weight: bolder;\">Zapatos cerrados:<\/span>\u00a0Esencial para proteger tus pies durante el recorrido en el buggy o ATV. Es posible que haya mucho barro durante el recorrido, por lo que es muy importante.<\/li>\n<li><span style=\"font-weight: bolder\" data-mce-style=\"font-weight: bolder;\">Repelente de mosquitos:<\/span>\u00a0Mant\u00e9n a raya a los insectos para disfrutar c\u00f3modamente de la aventura en buggy o ATV.<\/li>\n<li><span style=\"font-weight: bolder\" data-mce-style=\"font-weight: bolder;\">Protector solar y gafas de sol:<\/span>\u00a0Prot\u00e9gete del sol tropical para disfrutar del d\u00eda sin contratiempos.<\/li>\n<li><span style=\"font-weight: bolder\" data-mce-style=\"font-weight: bolder;\">Toalla:<\/span>\u00a0\u00datil para secarte despu\u00e9s de visitar las playas o en caso de sudoraci\u00f3n ya que es muy probable que tengamos bastante calor durante el trayecto.<\/li>\n<li><span style=\"font-weight: bolder\" data-mce-style=\"font-weight: bolder;\">Dinero en efectivo:<\/span>\u00a0Perfecto para comprar souvenirs locales en las tiendas dominicanas.<\/li>\n<\/ul>\n<\/div>\n<\/div>\n<\/section>\n<section id=\"section-282-3781\" class=\"ct-section nitro-offscreen\">\n<div class=\"ct-section-inner-wrap\" style=\"margin-left: auto;margin-right: auto;height: 605.094px;min-height: inherit;max-width: 1120px;padding: 30px 20px;flex-direction: column;align-items: flex-start\" data-mce-style=\"margin-left: auto; margin-right: auto; height: 605.094px; min-height: inherit; max-width: 1120px; padding: 30px 20px; flex-direction: column; align-items: flex-start;\">\n<h2 id=\"headline-283-3781\" class=\"ct-headline\" style=\"margin: 7px 0px 0px;font-family: Quicksand;font-size: 35px\" data-mce-style=\"margin: 7px 0px 0px; font-family: Quicksand; font-size: 35px;\">\u00bfQu\u00e9 incluye la reserva de esta excursi\u00f3n en buggy o ATV?<br \/><\/h2>\n<div id=\"_rich_text-284-3781\" class=\"oxy-rich-text\" style=\"margin-top: 15px;width: 1080px\" data-mce-style=\"margin-top: 15px; width: 1080px;\">\n<ul>\n<li><span style=\"font-weight: bolder\" data-mce-style=\"font-weight: bolder;\">Transporte:<\/span>\u00a0No tendr\u00e1s que preocuparte por c\u00f3mo llegar al inicio de la aventura. Proporcionamos recogida y regreso desde y hacia tu Airbnb o hotel en Saman\u00e1 o Las Terrenas, asegurando un traslado c\u00f3modo y eficiente al punto de partida de nuestro tour.<\/li>\n<li><span style=\"font-weight: bolder\" data-mce-style=\"font-weight: bolder;\">Veh\u00edculo de aventura:<\/span>\u00a0Dependiendo de tu preferencia, podr\u00e1s elegir entre un buggy o un ATV para realizar la ruta. Cada veh\u00edculo est\u00e1 bien mantenido y equipado para manejar el terreno variado de Saman\u00e1, proporcionando una experiencia segura y emocionante.<\/li>\n<li><span style=\"font-weight: bolder\" data-mce-style=\"font-weight: bolder;\">Gu\u00eda expertos:<\/span>\u00a0Nuestros gu\u00edas son expertos en la regi\u00f3n y te acompa\u00f1ar\u00e1n durante todo el tour, asegurando que recibas informaci\u00f3n valiosa sobre los lugares que visites. Estar\u00e1n disponibles para responder cualquier pregunta y ayudarte a tener la mejor experiencia posible.<\/li>\n<li><span style=\"font-weight: bolder\" data-mce-style=\"font-weight: bolder;\">Visitas culturales y naturales:<\/span>\u00a0El tour incluye paradas en casas t\u00edpicas, f\u00e1bricas de caucho y cigarros, y pueblos pintorescos. Adem\u00e1s, explorar\u00e1s hermosos paisajes naturales, cruzar\u00e1s arroyos y puentes, y visitar\u00e1s las playas de Mor\u00f3n y Lim\u00f3n.<\/li>\n<li><span style=\"font-weight: bolder\" data-mce-style=\"font-weight: bolder;\">Almuerzo incluido:<\/span>\u00a0Despu\u00e9s de una ma\u00f1ana de aventura, disfrutar\u00e1s de un delicioso almuerzo buffet abierto que incluye una variedad de opciones para todos los gustos, desde platos t\u00edpicos dominicanos hasta opciones vegetarianas.<\/li>\n<li><span style=\"font-weight: bolder\" data-mce-style=\"font-weight: bolder;\">Equipamiento de seguridad:<\/span>\u00a0Proporcionamos todo el equipamiento de seguridad necesario, incluyendo cascos, para garantizar tu bienestar durante el recorrido en buggy o ATV.<\/li>\n<li><span style=\"font-weight: bolder\" data-mce-style=\"font-weight: bolder;\">Tiempo libre para exploraci\u00f3n y compras:<\/span>\u00a0Al final del tour, tendr\u00e1s tiempo libre para explorar el pueblo, visitar tiendas de souvenirs y disfrutar de la playa, permiti\u00e9ndote llevarte un recuerdo tangible de tu experiencia.<\/li>\n<\/ul>\n<p style=\"margin-block-end: 0px\" data-mce-style=\"margin-block-end: 0px;\">Este tour est\u00e1 dise\u00f1ado para ofrecerte una experiencia completa y sin preocupaciones, permiti\u00e9ndote sumergirte completamente en la belleza y la cultura de Saman\u00e1 mientras nos ocupamos de todos los detalles log\u00edsticos y organizativos<\/p>\n<\/div>\n<\/div>\n<\/section>","protected":false},"excerpt":{"rendered":"<div id=\"div_block-25-2546\" class=\"ct-div-block\">\n<h2 id=\"headline-26-2546\" class=\"ct-headline\" style=\"margin: 7px 0px 0px;font-family: Quicksand;font-size: 35px\" data-mce-style=\"margin: 7px 0px 0px; font-family: Quicksand; font-size: 35px;\">Tour en buggy o ATV en ruta de caf\u00e9<br \/><\/h2>\n<div id=\"text_block-27-2546\" class=\"ct-text-block\" style=\"margin-top: 5px\" data-mce-style=\"margin-top: 5px;\">\n<p>Emb\u00e1rcate en una aventura emocionante y \u00fanica por la\u00a0<span style=\"font-weight: bolder\" data-mce-style=\"font-weight: bolder;\">Ruta del Caf\u00e9<\/span>, una experiencia donde la adrenalina se fusiona con la incomparable belleza natural de Saman\u00e1 para crear momentos verdaderamente inolvidables. Este tour en buggy o ATV te invita a recorrer caminos menos transitados, adentr\u00e1ndote en el coraz\u00f3n de la regi\u00f3n. Desde los serenos y verdes campos de caf\u00e9, donde el aroma fresco y terroso permea el aire, hasta las playas id\u00edlicas de\u00a0<span style=\"font-weight: bolder\" data-mce-style=\"font-weight: bolder;\">Mor\u00f3n y Lim\u00f3n<\/span>\u00a0con sus aguas cristalinas y arenas blancas, cada momento est\u00e1 cargado de descubrimiento y emoci\u00f3n.<\/p>\n<p>Este recorrido no es simplemente un paseo; es una exploraci\u00f3n profunda de la diversidad que caracteriza a\u00a0<span style=\"font-weight: bolder\" data-mce-style=\"font-weight: bolder;\">Saman\u00e1<\/span>. Te llevar\u00e1 desde las alturas monta\u00f1osas, donde los granos de caf\u00e9 crecen bajo la sombra de \u00e1rboles tropicales, hasta las costas azotadas por el viento, donde el Atl\u00e1ntico se encuentra con la tierra. En el camino, podr\u00e1s sumergirte en la cultura local, observando de cerca la vida diaria de las comunidades que prosperan en estos paisajes variados. Con cada aceleraci\u00f3n en tu veh\u00edculo todo terreno, descubrir\u00e1s nuevos horizontes y vistas que pintan un cuadro viviente del\u00a0<span style=\"font-weight: bolder\" data-mce-style=\"font-weight: bolder;\">patrimonio natural y cultural<\/span>\u00a0de la Rep\u00fablica Dominicana.<\/p>\n<\/div>\n<\/div>\n<div id=\"div_block-51-2546\" class=\"ct-div-block\">\n<h2 id=\"headline-52-2546\" class=\"ct-headline\" style=\"margin: 7px 0px 0px;font-family: Quicksand;font-size: 35px\" data-mce-style=\"margin: 7px 0px 0px; font-family: Quicksand; font-size: 35px;\">\u00bfPor qu\u00e9 deber\u00edas reservar esta actividad?<\/h2>\n<div id=\"text_block-53-2546\" class=\"ct-text-block\" style=\"margin-top: 5px\" data-mce-style=\"margin-top: 5px;\">Conduce a trav\u00e9s de paisajes impresionantes, descubre la cultura local, y visita lugares emblem\u00e1ticos como f\u00e1bricas de caucho y cigarros. Este tour no solo te permitir\u00e1 vivir la emoci\u00f3n de manejar tu propio veh\u00edculo todo terreno, sino tambi\u00e9n aprender sobre la vida rural dominicana y disfrutar de la naturaleza en su estado m\u00e1s puro.<\/div>\n<\/div>","protected":false},"featured_media":6855,"template":"","meta":[],"product_brand":[],"product_cat":[178,180,182,186,179],"product_tag":[],"class_list":{"0":"post-6857","1":"product","2":"type-product","3":"status-publish","4":"has-post-thumbnail","6":"product_cat-aventura-safari","7":"product_cat-citytours-toursareos","8":"product_cat-ecoaventura-senderismo","9":"product_cat-historica-y-cultural","10":"product_cat-parques-experiencias","12":"first","13":"instock","14":"virtual","15":"purchasable","16":"product-type-simple"},"yoast_head":"<!-- This site is optimized with the Yoast SEO plugin v24.7 - https:\/\/yoast.com\/wordpress\/plugins\/seo\/ -->\n<title>Buggy o ATV en ruta de caf\u00e9 - Patrick Vacation<\/title>\n<meta name=\"robots\" content=\"index, follow, max-snippet:-1, max-image-preview:large, max-video-preview:-1\" \/>\n<link rel=\"canonical\" href=\"https:\/\/patrickvacation.com\/fr\/excursiones\/buggy-o-atv-en-ruta-de-cafe\/\" \/>\n<meta property=\"og:locale\" content=\"fr_FR\" \/>\n<meta property=\"og:type\" content=\"article\" \/>\n<meta property=\"og:title\" content=\"Buggy o ATV en ruta de caf\u00e9 - Patrick Vacation\" \/>\n<meta property=\"og:description\" content=\"Tour en buggy o ATV en ruta de caf\u00e9Emb\u00e1rcate en una aventura emocionante y \u00fanica por la\u00a0Ruta del Caf\u00e9, una experiencia donde la adrenalina se fusiona con la incomparable belleza natural de Saman\u00e1 para crear momentos verdaderamente inolvidables. Este tour en buggy o ATV te invita a recorrer caminos menos transitados, adentr\u00e1ndote en el coraz\u00f3n de la regi\u00f3n. Desde los serenos y verdes campos de caf\u00e9, donde el aroma fresco y terroso permea el aire, hasta las playas id\u00edlicas de\u00a0Mor\u00f3n y Lim\u00f3n\u00a0con sus aguas cristalinas y arenas blancas, cada momento est\u00e1 cargado de descubrimiento y emoci\u00f3n.Este recorrido no es simplemente un paseo; es una exploraci\u00f3n profunda de la diversidad que caracteriza a\u00a0Saman\u00e1. Te llevar\u00e1 desde las alturas monta\u00f1osas, donde los granos de caf\u00e9 crecen bajo la sombra de \u00e1rboles tropicales, hasta las costas azotadas por el viento, donde el Atl\u00e1ntico se encuentra con la tierra. En el camino, podr\u00e1s sumergirte en la cultura local, observando de cerca la vida diaria de las comunidades que prosperan en estos paisajes variados. Con cada aceleraci\u00f3n en tu veh\u00edculo todo terreno, descubrir\u00e1s nuevos horizontes y vistas que pintan un cuadro viviente del\u00a0patrimonio natural y cultural\u00a0de la Rep\u00fablica Dominicana.\u00bfPor qu\u00e9 deber\u00edas reservar esta actividad?Conduce a trav\u00e9s de paisajes impresionantes, descubre la cultura local, y visita lugares emblem\u00e1ticos como f\u00e1bricas de caucho y cigarros. Este tour no solo te permitir\u00e1 vivir la emoci\u00f3n de manejar tu propio veh\u00edculo todo terreno, sino tambi\u00e9n aprender sobre la vida rural dominicana y disfrutar de la naturaleza en su estado m\u00e1s puro.\" \/>\n<meta property=\"og:url\" content=\"https:\/\/patrickvacation.com\/fr\/excursiones\/buggy-o-atv-en-ruta-de-cafe\/\" \/>\n<meta property=\"og:site_name\" content=\"Patrick Vacation\" \/>\n<meta property=\"article:publisher\" content=\"https:\/\/www.facebook.com\/alcequiez.tours.travel\" \/>\n<meta property=\"article:modified_time\" content=\"2025-02-24T16:21:59+00:00\" \/>\n<meta property=\"og:image\" content=\"https:\/\/patrickvacation.com\/wp-content\/uploads\/2025\/02\/BUGGIES-CAFE.jpg\" \/>\n\t<meta property=\"og:image:width\" content=\"898\" \/>\n\t<meta property=\"og:image:height\" content=\"568\" \/>\n\t<meta property=\"og:image:type\" content=\"image\/jpeg\" \/>\n<meta name=\"twitter:card\" content=\"summary_large_image\" \/>\n<meta name=\"twitter:label1\" content=\"Dur\u00e9e de lecture estim\u00e9e\" \/>\n\t<meta name=\"twitter:data1\" content=\"3 minutes\" \/>\n<script type=\"application\/ld+json\" class=\"yoast-schema-graph\">{\"@context\":\"https:\/\/schema.org\",\"@graph\":[{\"@type\":\"WebPage\",\"@id\":\"https:\/\/patrickvacation.com\/excursiones\/buggy-o-atv-en-ruta-de-cafe\/\",\"url\":\"https:\/\/patrickvacation.com\/excursiones\/buggy-o-atv-en-ruta-de-cafe\/\",\"name\":\"Buggy o ATV en ruta de caf\u00e9 - Patrick Vacation\",\"isPartOf\":{\"@id\":\"https:\/\/patrickvacation.com\/#website\"},\"primaryImageOfPage\":{\"@id\":\"https:\/\/patrickvacation.com\/excursiones\/buggy-o-atv-en-ruta-de-cafe\/#primaryimage\"},\"image\":{\"@id\":\"https:\/\/patrickvacation.com\/excursiones\/buggy-o-atv-en-ruta-de-cafe\/#primaryimage\"},\"thumbnailUrl\":\"https:\/\/patrickvacation.com\/wp-content\/uploads\/2025\/02\/BUGGIES-CAFE.jpg\",\"datePublished\":\"2025-02-24T16:19:59+00:00\",\"dateModified\":\"2025-02-24T16:21:59+00:00\",\"breadcrumb\":{\"@id\":\"https:\/\/patrickvacation.com\/excursiones\/buggy-o-atv-en-ruta-de-cafe\/#breadcrumb\"},\"inLanguage\":\"fr-FR\",\"potentialAction\":[{\"@type\":\"ReadAction\",\"target\":[\"https:\/\/patrickvacation.com\/excursiones\/buggy-o-atv-en-ruta-de-cafe\/\"]}]},{\"@type\":\"ImageObject\",\"inLanguage\":\"fr-FR\",\"@id\":\"https:\/\/patrickvacation.com\/excursiones\/buggy-o-atv-en-ruta-de-cafe\/#primaryimage\",\"url\":\"https:\/\/patrickvacation.com\/wp-content\/uploads\/2025\/02\/BUGGIES-CAFE.jpg\",\"contentUrl\":\"https:\/\/patrickvacation.com\/wp-content\/uploads\/2025\/02\/BUGGIES-CAFE.jpg\",\"width\":898,\"height\":568},{\"@type\":\"BreadcrumbList\",\"@id\":\"https:\/\/patrickvacation.com\/excursiones\/buggy-o-atv-en-ruta-de-cafe\/#breadcrumb\",\"itemListElement\":[{\"@type\":\"ListItem\",\"position\":1,\"name\":\"Portada\",\"item\":\"https:\/\/patrickvacation.com\/\"},{\"@type\":\"ListItem\",\"position\":2,\"name\":\"Excursiones y Reservas\",\"item\":\"https:\/\/patrickvacation.com\/excursiones\/\"},{\"@type\":\"ListItem\",\"position\":3,\"name\":\"Buggy o ATV en ruta de caf\u00e9\"}]},{\"@type\":\"WebSite\",\"@id\":\"https:\/\/patrickvacation.com\/#website\",\"url\":\"https:\/\/patrickvacation.com\/\",\"name\":\"Patrick Vacation\",\"description\":\"\",\"publisher\":{\"@id\":\"https:\/\/patrickvacation.com\/#organization\"},\"potentialAction\":[{\"@type\":\"SearchAction\",\"target\":{\"@type\":\"EntryPoint\",\"urlTemplate\":\"https:\/\/patrickvacation.com\/?s={search_term_string}\"},\"query-input\":{\"@type\":\"PropertyValueSpecification\",\"valueRequired\":true,\"valueName\":\"search_term_string\"}}],\"inLanguage\":\"fr-FR\"},{\"@type\":\"Organization\",\"@id\":\"https:\/\/patrickvacation.com\/#organization\",\"name\":\"Alcequiez Tours and Travel\",\"url\":\"https:\/\/patrickvacation.com\/\",\"logo\":{\"@type\":\"ImageObject\",\"inLanguage\":\"fr-FR\",\"@id\":\"https:\/\/patrickvacation.com\/#\/schema\/logo\/image\/\",\"url\":\"https:\/\/patrickvacation.com\/wp-content\/uploads\/2023\/03\/Logo-Alcequiez.png\",\"contentUrl\":\"https:\/\/patrickvacation.com\/wp-content\/uploads\/2023\/03\/Logo-Alcequiez.png\",\"width\":1080,\"height\":560,\"caption\":\"Alcequiez Tours and Travel\"},\"image\":{\"@id\":\"https:\/\/patrickvacation.com\/#\/schema\/logo\/image\/\"},\"sameAs\":[\"https:\/\/www.facebook.com\/alcequiez.tours.travel\",\"https:\/\/www.instagram.com\/alcequieztour\/\"]}]}<\/script>\n<!-- \/ Yoast SEO plugin. -->","yoast_head_json":{"title":"Buggy o ATV en ruta de caf\u00e9 - Patrick Vacation","robots":{"index":"index","follow":"follow","max-snippet":"max-snippet:-1","max-image-preview":"max-image-preview:large","max-video-preview":"max-video-preview:-1"},"canonical":"https:\/\/patrickvacation.com\/fr\/excursiones\/buggy-o-atv-en-ruta-de-cafe\/","og_locale":"fr_FR","og_type":"article","og_title":"Buggy o ATV en ruta de caf\u00e9 - Patrick Vacation","og_description":"Tour en buggy o ATV en ruta de caf\u00e9Emb\u00e1rcate en una aventura emocionante y \u00fanica por la\u00a0Ruta del Caf\u00e9, una experiencia donde la adrenalina se fusiona con la incomparable belleza natural de Saman\u00e1 para crear momentos verdaderamente inolvidables. Este tour en buggy o ATV te invita a recorrer caminos menos transitados, adentr\u00e1ndote en el coraz\u00f3n de la regi\u00f3n. Desde los serenos y verdes campos de caf\u00e9, donde el aroma fresco y terroso permea el aire, hasta las playas id\u00edlicas de\u00a0Mor\u00f3n y Lim\u00f3n\u00a0con sus aguas cristalinas y arenas blancas, cada momento est\u00e1 cargado de descubrimiento y emoci\u00f3n.Este recorrido no es simplemente un paseo; es una exploraci\u00f3n profunda de la diversidad que caracteriza a\u00a0Saman\u00e1. Te llevar\u00e1 desde las alturas monta\u00f1osas, donde los granos de caf\u00e9 crecen bajo la sombra de \u00e1rboles tropicales, hasta las costas azotadas por el viento, donde el Atl\u00e1ntico se encuentra con la tierra. En el camino, podr\u00e1s sumergirte en la cultura local, observando de cerca la vida diaria de las comunidades que prosperan en estos paisajes variados. Con cada aceleraci\u00f3n en tu veh\u00edculo todo terreno, descubrir\u00e1s nuevos horizontes y vistas que pintan un cuadro viviente del\u00a0patrimonio natural y cultural\u00a0de la Rep\u00fablica Dominicana.\u00bfPor qu\u00e9 deber\u00edas reservar esta actividad?Conduce a trav\u00e9s de paisajes impresionantes, descubre la cultura local, y visita lugares emblem\u00e1ticos como f\u00e1bricas de caucho y cigarros. Este tour no solo te permitir\u00e1 vivir la emoci\u00f3n de manejar tu propio veh\u00edculo todo terreno, sino tambi\u00e9n aprender sobre la vida rural dominicana y disfrutar de la naturaleza en su estado m\u00e1s puro.","og_url":"https:\/\/patrickvacation.com\/fr\/excursiones\/buggy-o-atv-en-ruta-de-cafe\/","og_site_name":"Patrick Vacation","article_publisher":"https:\/\/www.facebook.com\/alcequiez.tours.travel","article_modified_time":"2025-02-24T16:21:59+00:00","og_image":[{"width":898,"height":568,"url":"https:\/\/patrickvacation.com\/wp-content\/uploads\/2025\/02\/BUGGIES-CAFE.jpg","type":"image\/jpeg"}],"twitter_card":"summary_large_image","twitter_misc":{"Dur\u00e9e de lecture estim\u00e9e":"3 minutes"},"schema":{"@context":"https:\/\/schema.org","@graph":[{"@type":"WebPage","@id":"https:\/\/patrickvacation.com\/excursiones\/buggy-o-atv-en-ruta-de-cafe\/","url":"https:\/\/patrickvacation.com\/excursiones\/buggy-o-atv-en-ruta-de-cafe\/","name":"Buggy o ATV en ruta de caf\u00e9 - Patrick Vacation","isPartOf":{"@id":"https:\/\/patrickvacation.com\/#website"},"primaryImageOfPage":{"@id":"https:\/\/patrickvacation.com\/excursiones\/buggy-o-atv-en-ruta-de-cafe\/#primaryimage"},"image":{"@id":"https:\/\/patrickvacation.com\/excursiones\/buggy-o-atv-en-ruta-de-cafe\/#primaryimage"},"thumbnailUrl":"https:\/\/patrickvacation.com\/wp-content\/uploads\/2025\/02\/BUGGIES-CAFE.jpg","datePublished":"2025-02-24T16:19:59+00:00","dateModified":"2025-02-24T16:21:59+00:00","breadcrumb":{"@id":"https:\/\/patrickvacation.com\/excursiones\/buggy-o-atv-en-ruta-de-cafe\/#breadcrumb"},"inLanguage":"fr-FR","potentialAction":[{"@type":"ReadAction","target":["https:\/\/patrickvacation.com\/excursiones\/buggy-o-atv-en-ruta-de-cafe\/"]}]},{"@type":"ImageObject","inLanguage":"fr-FR","@id":"https:\/\/patrickvacation.com\/excursiones\/buggy-o-atv-en-ruta-de-cafe\/#primaryimage","url":"https:\/\/patrickvacation.com\/wp-content\/uploads\/2025\/02\/BUGGIES-CAFE.jpg","contentUrl":"https:\/\/patrickvacation.com\/wp-content\/uploads\/2025\/02\/BUGGIES-CAFE.jpg","width":898,"height":568},{"@type":"BreadcrumbList","@id":"https:\/\/patrickvacation.com\/excursiones\/buggy-o-atv-en-ruta-de-cafe\/#breadcrumb","itemListElement":[{"@type":"ListItem","position":1,"name":"Portada","item":"https:\/\/patrickvacation.com\/"},{"@type":"ListItem","position":2,"name":"Excursiones y Reservas","item":"https:\/\/patrickvacation.com\/excursiones\/"},{"@type":"ListItem","position":3,"name":"Buggy o ATV en ruta de caf\u00e9"}]},{"@type":"WebSite","@id":"https:\/\/patrickvacation.com\/#website","url":"https:\/\/patrickvacation.com\/","name":"Patrick Vacation","description":"","publisher":{"@id":"https:\/\/patrickvacation.com\/#organization"},"potentialAction":[{"@type":"SearchAction","target":{"@type":"EntryPoint","urlTemplate":"https:\/\/patrickvacation.com\/?s={search_term_string}"},"query-input":{"@type":"PropertyValueSpecification","valueRequired":true,"valueName":"search_term_string"}}],"inLanguage":"fr-FR"},{"@type":"Organization","@id":"https:\/\/patrickvacation.com\/#organization","name":"Alcequiez Tours and Travel","url":"https:\/\/patrickvacation.com\/","logo":{"@type":"ImageObject","inLanguage":"fr-FR","@id":"https:\/\/patrickvacation.com\/#\/schema\/logo\/image\/","url":"https:\/\/patrickvacation.com\/wp-content\/uploads\/2023\/03\/Logo-Alcequiez.png","contentUrl":"https:\/\/patrickvacation.com\/wp-content\/uploads\/2023\/03\/Logo-Alcequiez.png","width":1080,"height":560,"caption":"Alcequiez Tours and Travel"},"image":{"@id":"https:\/\/patrickvacation.com\/#\/schema\/logo\/image\/"},"sameAs":["https:\/\/www.facebook.com\/alcequiez.tours.travel","https:\/\/www.instagram.com\/alcequieztour\/"]}]}},"_links":{"self":[{"href":"https:\/\/patrickvacation.com\/fr\/wp-json\/wp\/v2\/product\/6857","targetHints":{"allow":["GET"]}}],"collection":[{"href":"https:\/\/patrickvacation.com\/fr\/wp-json\/wp\/v2\/product"}],"about":[{"href":"https:\/\/patrickvacation.com\/fr\/wp-json\/wp\/v2\/types\/product"}],"version-history":[{"count":0,"href":"https:\/\/patrickvacation.com\/fr\/wp-json\/wp\/v2\/product\/6857\/revisions"}],"wp:featuredmedia":[{"embeddable":true,"href":"https:\/\/patrickvacation.com\/fr\/wp-json\/wp\/v2\/media\/6855"}],"wp:attachment":[{"href":"https:\/\/patrickvacation.com\/fr\/wp-json\/wp\/v2\/media?parent=6857"}],"wp:term":[{"taxonomy":"product_brand","embeddable":true,"href":"https:\/\/patrickvacation.com\/fr\/wp-json\/wp\/v2\/product_brand?post=6857"},{"taxonomy":"product_cat","embeddable":true,"href":"https:\/\/patrickvacation.com\/fr\/wp-json\/wp\/v2\/product_cat?post=6857"},{"taxonomy":"product_tag","embeddable":true,"href":"https:\/\/patrickvacation.com\/fr\/wp-json\/wp\/v2\/product_tag?post=6857"}],"curies":[{"name":"wp","href":"https:\/\/api.w.org\/{rel}","templated":true}]}}