{"id":6860,"date":"2025-02-24T16:40:47","date_gmt":"2025-02-24T16:40:47","guid":{"rendered":"https:\/\/patrickvacation.com\/reservas\/tour-privado-a-laguna-cristal\/"},"modified":"2025-02-24T16:40:47","modified_gmt":"2025-02-24T16:40:47","slug":"tour-privado-a-laguna-cristal","status":"publish","type":"product","link":"https:\/\/patrickvacation.com\/fr\/excursiones\/tour-privado-a-laguna-cristal\/","title":{"rendered":"Tour privado a Laguna Cristal"},"content":{"rendered":"<section id=\"section-58-2546\" class=\"ct-section nitro-offscreen\">\n<div class=\"ct-section-inner-wrap\" style=\"margin-left: auto;margin-right: auto;height: 451.531px;min-height: inherit;max-width: 1120px;padding: 30px 20px;flex-direction: column;align-items: flex-start\">\n<h2 id=\"headline-59-2546\" class=\"ct-headline\" style=\"margin: 7px 0px 0px;font-family: Quicksand;font-size: 35px\">Itinerario de la excursi\u00f3n privada a Laguna Cristal<br \/><\/h2>\n<div id=\"_rich_text-61-2546\" class=\"oxy-rich-text\" style=\"margin-top: 15px;width: 1080px\">\n<ul>\n<li>Comenzamos la aventura con la recogida desde tu<span style=\"font-weight: bolder\">\u00a0hotel o Airbnb en Saman\u00e1 o Las Terrenas,<\/span>\u00a0y nos dirigimos hacia la playa Las Garitas donde embarcaremos en nuestra lancha r\u00e1pida.<\/li>\n<li>La traves\u00eda por la bah\u00eda de Saman\u00e1 nos lleva a la<span style=\"font-weight: bolder\">\u00a0boca de Barracote<\/span>, pasando por el entorno natural del r\u00edo Yuna. Durante el viaje, podr\u00e1s admirar los manglares y las extensas plantaciones de arroz, pl\u00e1tanos y toronjas que caracterizan la agricultura dominicana.<\/li>\n<li>Al llegar a Laguna Cristal, te espera un paisaje sereno perfecto para\u00a0<span style=\"font-weight: bolder\">conectar con la naturaleza<\/span>.<\/li>\n<li>Para reponer energ\u00edas, ofrecemos un\u00a0<span style=\"font-weight: bolder\">almuerzo tipo buffet<\/span>\u00a0que incluye una selecci\u00f3n de platos t\u00edpicos dominicanos, preparados con ingredientes t\u00edpicos de la regi\u00f3n. Este almuerzo no solo es una delicia para el paladar sino tambi\u00e9n una forma de sumergirte en la cultura culinaria local.<\/li>\n<li>Despu\u00e9s de un d\u00eda lleno de aventuras y descubrimientos en Laguna Cristal, regresamos en<span style=\"font-weight: bolder\">\u00a0lancha r\u00e1pida<\/span>\u00a0a tu alojamiento.<\/li>\n<li>La duraci\u00f3n total del tour es de aproximadamente 8 horas, comenzando a las 8:15 de la ma\u00f1ana. El tour es privado y se incluyen transporte, almuerzo y bebidas.<\/li>\n<\/ul>\n<\/div>\n<\/div>\n<\/section>\n<section id=\"section-134-2546\" class=\"ct-section nitro-offscreen\">\n<div class=\"ct-section-inner-wrap\" style=\"margin-left: auto;margin-right: auto;height: 297.969px;min-height: inherit;max-width: 1120px;padding: 30px 20px;flex-direction: column;align-items: flex-start\">\n<h2 id=\"headline-135-2546\" class=\"ct-headline\" style=\"margin: 7px 0px 0px;font-family: Quicksand;font-size: 35px\">Recomendaciones para el tour privado a Laguna Cristal<br \/><\/h2>\n<div id=\"_rich_text-136-2546\" class=\"oxy-rich-text\" style=\"margin-top: 15px;width: 1080px\">\n<ul>\n<li><span style=\"font-weight: bolder\">Protector solar:<\/span>\u00a0Para proteger tu piel de los rayos del sol durante las actividades al aire libre.<\/li>\n<li><span style=\"font-weight: bolder\">Calzado adecuado:<\/span>\u00a0Zapatos cerrados o sandalias que sean c\u00f3modas para actividades acu\u00e1ticas.<\/li>\n<li><span style=\"font-weight: bolder\">Ropa de ba\u00f1o:<\/span>\u00a0Para disfrutar plenamente de las actividades en el agua.<\/li>\n<li><span style=\"font-weight: bolder\">Toalla de playa y gafas de sol:<\/span>\u00a0Elementos esenciales para tu comodidad y protecci\u00f3n.<\/li>\n<li><span style=\"font-weight: bolder\">Dinero en efectivo:<\/span>\u00a0Por si deseas adquirir alg\u00fan recuerdo de las tiendas locales.<\/li>\n<\/ul>\n<\/div>\n<\/div>\n<\/section>\n<section id=\"section-282-3781\" class=\"ct-section nitro-offscreen\">\n<div class=\"ct-section-inner-wrap\" style=\"margin-left: auto;margin-right: auto;height: 400.344px;min-height: inherit;max-width: 1120px;padding: 30px 20px;flex-direction: column;align-items: flex-start\">\n<h2 id=\"headline-283-3781\" class=\"ct-headline\" style=\"margin: 7px 0px 0px;font-family: Quicksand;font-size: 35px\">\u00bfQu\u00e9 incluye la reserva?<br \/><\/h2>\n<div id=\"_rich_text-284-3781\" class=\"oxy-rich-text\" style=\"margin-top: 15px;width: 1080px\">\n<ul>\n<li><span style=\"font-weight: bolder\">Transporte privado:<\/span>\u00a0Ofrecemos recogida y regreso c\u00f3modo y seguro desde tu alojamiento en Saman\u00e1 o Las Terrenas. Nuestros veh\u00edculos est\u00e1n equipados para garantizar tu confort en todo momento.<\/li>\n<li><span style=\"font-weight: bolder\">Tour en lancha r\u00e1pida:<\/span>\u00a0Disfruta de un emocionante paseo en lancha r\u00e1pida a trav\u00e9s de la bah\u00eda de Saman\u00e1 hasta Laguna Cristal. La lancha est\u00e1 operada por nuestros capitanes experimentados que conocen bien las aguas locales.<\/li>\n<li><span style=\"font-weight: bolder\">Gu\u00eda local:<\/span>\u00a0Un gu\u00eda experto te acompa\u00f1ar\u00e1 durante el tour, proporcionando informaci\u00f3n interesante sobre la flora, fauna y la geograf\u00eda de la regi\u00f3n, y asegurando que tu experiencia sea educativa y divertida.<\/li>\n<li><span style=\"font-weight: bolder\">Almuerzo buffet:<\/span>\u00a0Un almuerzo buffet con una selecci\u00f3n de platos t\u00edpicos dominicanos, preparados con ingredientes frescos y locales. Este almuerzo te ofrece un sabor aut\u00e9ntico de la gastronom\u00eda de la regi\u00f3n mientras disfrutas del entorno natural.<\/li>\n<li><span style=\"font-weight: bolder\">Bebidas:<\/span>\u00a0Bebidas refrescantes est\u00e1n disponibles durante el tour para mantenerte hidratado y c\u00f3modo.<\/li>\n<\/ul>\n<\/div>\n<\/div>\n<\/section>","protected":false},"excerpt":{"rendered":"<div id=\"div_block-25-2546\" class=\"ct-div-block\">\n<h2 id=\"headline-26-2546\" class=\"ct-headline\" style=\"margin: 7px 0px 0px;font-family: Quicksand;font-size: 35px\">Excursi\u00f3n privada a Laguna Cristal<br \/><\/h2>\n<div id=\"text_block-27-2546\" class=\"ct-text-block\" style=\"margin-top: 5px\">En el coraz\u00f3n de la impresionante bah\u00eda de Saman\u00e1, se encuentra un rinc\u00f3n de paz y belleza natural: Laguna Cristal. Esta excursi\u00f3n te lleva a trav\u00e9s de los\u00a0<span style=\"font-weight: bolder\">paisajes m\u00e1s pintorescos de Saman\u00e1<\/span>, incluyendo pasajes por el\u00a0<i>r\u00edo Yuna<\/i>, donde la vida silvestre y los manglares crean un espect\u00e1culo natural inolvidable para la vista.<\/p>\n<p>Como un oasis de agua dulce y salada, Laguna Cristal es el destino perfecto para aquellos que aman la<span style=\"font-weight: bolder\">\u00a0aventura al aire libre<\/span>. Entre manglares y plantaciones de arroz, pl\u00e1tanos y toronjas, esta \u00e1rea ofrece una rica muestra de la biodiversidad y la agricultura dominicana.<\/p>\n<p>Esta excursi\u00f3n es ideal para los amantes del senderismo y la observaci\u00f3n de aves. Cada momento en Laguna Cristal est\u00e1 lleno de oportunidades para conectar con la naturaleza y disfrutar de actividades tranquilas y relajantes.<\/div>\n<\/div>\n<div id=\"div_block-51-2546\" class=\"ct-div-block\">\n<h2 id=\"headline-52-2546\" class=\"ct-headline\" style=\"margin: 7px 0px 0px;font-family: Quicksand;font-size: 35px\">\u00bfPor qu\u00e9 deber\u00edas reservar esta actividad?<\/h2>\n<div id=\"text_block-53-2546\" class=\"ct-text-block\" style=\"margin-top: 5px\">Explorar Laguna Cristal es sumergirse en un entorno donde la biodiversidad y la paz son protagonistas. La experiencia de navegar en lancha r\u00e1pida y recorrer los paisajes variados hasta llegar a este lugar \u00fanico es inigualable.<\/div>\n<\/div>","protected":false},"featured_media":6858,"template":"","meta":[],"product_brand":[],"product_cat":[178,182,179],"product_tag":[],"class_list":{"0":"post-6860","1":"product","2":"type-product","3":"status-publish","4":"has-post-thumbnail","6":"product_cat-aventura-safari","7":"product_cat-ecoaventura-senderismo","8":"product_cat-parques-experiencias","10":"first","11":"instock","12":"virtual","13":"purchasable","14":"product-type-simple"},"yoast_head":"<!-- This site is optimized with the Yoast SEO plugin v24.7 - https:\/\/yoast.com\/wordpress\/plugins\/seo\/ -->\n<title>Tour privado a Laguna Cristal - Patrick Vacation<\/title>\n<meta name=\"robots\" content=\"index, follow, max-snippet:-1, max-image-preview:large, max-video-preview:-1\" \/>\n<link rel=\"canonical\" href=\"https:\/\/patrickvacation.com\/fr\/excursiones\/tour-privado-a-laguna-cristal\/\" \/>\n<meta property=\"og:locale\" content=\"fr_FR\" \/>\n<meta property=\"og:type\" content=\"article\" \/>\n<meta property=\"og:title\" content=\"Tour privado a Laguna Cristal - Patrick Vacation\" \/>\n<meta property=\"og:description\" content=\"Excursi\u00f3n privada a Laguna CristalEn el coraz\u00f3n de la impresionante bah\u00eda de Saman\u00e1, se encuentra un rinc\u00f3n de paz y belleza natural: Laguna Cristal. Esta excursi\u00f3n te lleva a trav\u00e9s de los\u00a0paisajes m\u00e1s pintorescos de Saman\u00e1, incluyendo pasajes por el\u00a0r\u00edo Yuna, donde la vida silvestre y los manglares crean un espect\u00e1culo natural inolvidable para la vista.Como un oasis de agua dulce y salada, Laguna Cristal es el destino perfecto para aquellos que aman la\u00a0aventura al aire libre. Entre manglares y plantaciones de arroz, pl\u00e1tanos y toronjas, esta \u00e1rea ofrece una rica muestra de la biodiversidad y la agricultura dominicana.Esta excursi\u00f3n es ideal para los amantes del senderismo y la observaci\u00f3n de aves. Cada momento en Laguna Cristal est\u00e1 lleno de oportunidades para conectar con la naturaleza y disfrutar de actividades tranquilas y relajantes.\u00bfPor qu\u00e9 deber\u00edas reservar esta actividad?Explorar Laguna Cristal es sumergirse en un entorno donde la biodiversidad y la paz son protagonistas. La experiencia de navegar en lancha r\u00e1pida y recorrer los paisajes variados hasta llegar a este lugar \u00fanico es inigualable.\" \/>\n<meta property=\"og:url\" content=\"https:\/\/patrickvacation.com\/fr\/excursiones\/tour-privado-a-laguna-cristal\/\" \/>\n<meta property=\"og:site_name\" content=\"Patrick Vacation\" \/>\n<meta property=\"article:publisher\" content=\"https:\/\/www.facebook.com\/alcequiez.tours.travel\" \/>\n<meta property=\"og:image\" content=\"https:\/\/patrickvacation.com\/wp-content\/uploads\/2025\/02\/laguna-cristal.jpg\" \/>\n\t<meta property=\"og:image:width\" content=\"607\" \/>\n\t<meta property=\"og:image:height\" content=\"451\" \/>\n\t<meta property=\"og:image:type\" content=\"image\/jpeg\" \/>\n<meta name=\"twitter:card\" content=\"summary_large_image\" \/>\n<meta name=\"twitter:label1\" content=\"Dur\u00e9e de lecture estim\u00e9e\" \/>\n\t<meta name=\"twitter:data1\" content=\"2 minutes\" \/>\n<script type=\"application\/ld+json\" class=\"yoast-schema-graph\">{\"@context\":\"https:\/\/schema.org\",\"@graph\":[{\"@type\":\"WebPage\",\"@id\":\"https:\/\/patrickvacation.com\/excursiones\/tour-privado-a-laguna-cristal\/\",\"url\":\"https:\/\/patrickvacation.com\/excursiones\/tour-privado-a-laguna-cristal\/\",\"name\":\"Tour privado a Laguna Cristal - Patrick Vacation\",\"isPartOf\":{\"@id\":\"https:\/\/patrickvacation.com\/#website\"},\"primaryImageOfPage\":{\"@id\":\"https:\/\/patrickvacation.com\/excursiones\/tour-privado-a-laguna-cristal\/#primaryimage\"},\"image\":{\"@id\":\"https:\/\/patrickvacation.com\/excursiones\/tour-privado-a-laguna-cristal\/#primaryimage\"},\"thumbnailUrl\":\"https:\/\/patrickvacation.com\/wp-content\/uploads\/2025\/02\/laguna-cristal.jpg\",\"datePublished\":\"2025-02-24T16:40:47+00:00\",\"breadcrumb\":{\"@id\":\"https:\/\/patrickvacation.com\/excursiones\/tour-privado-a-laguna-cristal\/#breadcrumb\"},\"inLanguage\":\"fr-FR\",\"potentialAction\":[{\"@type\":\"ReadAction\",\"target\":[\"https:\/\/patrickvacation.com\/excursiones\/tour-privado-a-laguna-cristal\/\"]}]},{\"@type\":\"ImageObject\",\"inLanguage\":\"fr-FR\",\"@id\":\"https:\/\/patrickvacation.com\/excursiones\/tour-privado-a-laguna-cristal\/#primaryimage\",\"url\":\"https:\/\/patrickvacation.com\/wp-content\/uploads\/2025\/02\/laguna-cristal.jpg\",\"contentUrl\":\"https:\/\/patrickvacation.com\/wp-content\/uploads\/2025\/02\/laguna-cristal.jpg\",\"width\":607,\"height\":451},{\"@type\":\"BreadcrumbList\",\"@id\":\"https:\/\/patrickvacation.com\/excursiones\/tour-privado-a-laguna-cristal\/#breadcrumb\",\"itemListElement\":[{\"@type\":\"ListItem\",\"position\":1,\"name\":\"Portada\",\"item\":\"https:\/\/patrickvacation.com\/\"},{\"@type\":\"ListItem\",\"position\":2,\"name\":\"Excursiones y Reservas\",\"item\":\"https:\/\/patrickvacation.com\/excursiones\/\"},{\"@type\":\"ListItem\",\"position\":3,\"name\":\"Tour privado a Laguna Cristal\"}]},{\"@type\":\"WebSite\",\"@id\":\"https:\/\/patrickvacation.com\/#website\",\"url\":\"https:\/\/patrickvacation.com\/\",\"name\":\"Patrick Vacation\",\"description\":\"\",\"publisher\":{\"@id\":\"https:\/\/patrickvacation.com\/#organization\"},\"potentialAction\":[{\"@type\":\"SearchAction\",\"target\":{\"@type\":\"EntryPoint\",\"urlTemplate\":\"https:\/\/patrickvacation.com\/?s={search_term_string}\"},\"query-input\":{\"@type\":\"PropertyValueSpecification\",\"valueRequired\":true,\"valueName\":\"search_term_string\"}}],\"inLanguage\":\"fr-FR\"},{\"@type\":\"Organization\",\"@id\":\"https:\/\/patrickvacation.com\/#organization\",\"name\":\"Alcequiez Tours and Travel\",\"url\":\"https:\/\/patrickvacation.com\/\",\"logo\":{\"@type\":\"ImageObject\",\"inLanguage\":\"fr-FR\",\"@id\":\"https:\/\/patrickvacation.com\/#\/schema\/logo\/image\/\",\"url\":\"https:\/\/patrickvacation.com\/wp-content\/uploads\/2023\/03\/Logo-Alcequiez.png\",\"contentUrl\":\"https:\/\/patrickvacation.com\/wp-content\/uploads\/2023\/03\/Logo-Alcequiez.png\",\"width\":1080,\"height\":560,\"caption\":\"Alcequiez Tours and Travel\"},\"image\":{\"@id\":\"https:\/\/patrickvacation.com\/#\/schema\/logo\/image\/\"},\"sameAs\":[\"https:\/\/www.facebook.com\/alcequiez.tours.travel\",\"https:\/\/www.instagram.com\/alcequieztour\/\"]}]}<\/script>\n<!-- \/ Yoast SEO plugin. -->","yoast_head_json":{"title":"Tour privado a Laguna Cristal - Patrick Vacation","robots":{"index":"index","follow":"follow","max-snippet":"max-snippet:-1","max-image-preview":"max-image-preview:large","max-video-preview":"max-video-preview:-1"},"canonical":"https:\/\/patrickvacation.com\/fr\/excursiones\/tour-privado-a-laguna-cristal\/","og_locale":"fr_FR","og_type":"article","og_title":"Tour privado a Laguna Cristal - Patrick Vacation","og_description":"Excursi\u00f3n privada a Laguna CristalEn el coraz\u00f3n de la impresionante bah\u00eda de Saman\u00e1, se encuentra un rinc\u00f3n de paz y belleza natural: Laguna Cristal. Esta excursi\u00f3n te lleva a trav\u00e9s de los\u00a0paisajes m\u00e1s pintorescos de Saman\u00e1, incluyendo pasajes por el\u00a0r\u00edo Yuna, donde la vida silvestre y los manglares crean un espect\u00e1culo natural inolvidable para la vista.Como un oasis de agua dulce y salada, Laguna Cristal es el destino perfecto para aquellos que aman la\u00a0aventura al aire libre. Entre manglares y plantaciones de arroz, pl\u00e1tanos y toronjas, esta \u00e1rea ofrece una rica muestra de la biodiversidad y la agricultura dominicana.Esta excursi\u00f3n es ideal para los amantes del senderismo y la observaci\u00f3n de aves. Cada momento en Laguna Cristal est\u00e1 lleno de oportunidades para conectar con la naturaleza y disfrutar de actividades tranquilas y relajantes.\u00bfPor qu\u00e9 deber\u00edas reservar esta actividad?Explorar Laguna Cristal es sumergirse en un entorno donde la biodiversidad y la paz son protagonistas. La experiencia de navegar en lancha r\u00e1pida y recorrer los paisajes variados hasta llegar a este lugar \u00fanico es inigualable.","og_url":"https:\/\/patrickvacation.com\/fr\/excursiones\/tour-privado-a-laguna-cristal\/","og_site_name":"Patrick Vacation","article_publisher":"https:\/\/www.facebook.com\/alcequiez.tours.travel","og_image":[{"width":607,"height":451,"url":"https:\/\/patrickvacation.com\/wp-content\/uploads\/2025\/02\/laguna-cristal.jpg","type":"image\/jpeg"}],"twitter_card":"summary_large_image","twitter_misc":{"Dur\u00e9e de lecture estim\u00e9e":"2 minutes"},"schema":{"@context":"https:\/\/schema.org","@graph":[{"@type":"WebPage","@id":"https:\/\/patrickvacation.com\/excursiones\/tour-privado-a-laguna-cristal\/","url":"https:\/\/patrickvacation.com\/excursiones\/tour-privado-a-laguna-cristal\/","name":"Tour privado a Laguna Cristal - Patrick Vacation","isPartOf":{"@id":"https:\/\/patrickvacation.com\/#website"},"primaryImageOfPage":{"@id":"https:\/\/patrickvacation.com\/excursiones\/tour-privado-a-laguna-cristal\/#primaryimage"},"image":{"@id":"https:\/\/patrickvacation.com\/excursiones\/tour-privado-a-laguna-cristal\/#primaryimage"},"thumbnailUrl":"https:\/\/patrickvacation.com\/wp-content\/uploads\/2025\/02\/laguna-cristal.jpg","datePublished":"2025-02-24T16:40:47+00:00","breadcrumb":{"@id":"https:\/\/patrickvacation.com\/excursiones\/tour-privado-a-laguna-cristal\/#breadcrumb"},"inLanguage":"fr-FR","potentialAction":[{"@type":"ReadAction","target":["https:\/\/patrickvacation.com\/excursiones\/tour-privado-a-laguna-cristal\/"]}]},{"@type":"ImageObject","inLanguage":"fr-FR","@id":"https:\/\/patrickvacation.com\/excursiones\/tour-privado-a-laguna-cristal\/#primaryimage","url":"https:\/\/patrickvacation.com\/wp-content\/uploads\/2025\/02\/laguna-cristal.jpg","contentUrl":"https:\/\/patrickvacation.com\/wp-content\/uploads\/2025\/02\/laguna-cristal.jpg","width":607,"height":451},{"@type":"BreadcrumbList","@id":"https:\/\/patrickvacation.com\/excursiones\/tour-privado-a-laguna-cristal\/#breadcrumb","itemListElement":[{"@type":"ListItem","position":1,"name":"Portada","item":"https:\/\/patrickvacation.com\/"},{"@type":"ListItem","position":2,"name":"Excursiones y Reservas","item":"https:\/\/patrickvacation.com\/excursiones\/"},{"@type":"ListItem","position":3,"name":"Tour privado a Laguna Cristal"}]},{"@type":"WebSite","@id":"https:\/\/patrickvacation.com\/#website","url":"https:\/\/patrickvacation.com\/","name":"Patrick Vacation","description":"","publisher":{"@id":"https:\/\/patrickvacation.com\/#organization"},"potentialAction":[{"@type":"SearchAction","target":{"@type":"EntryPoint","urlTemplate":"https:\/\/patrickvacation.com\/?s={search_term_string}"},"query-input":{"@type":"PropertyValueSpecification","valueRequired":true,"valueName":"search_term_string"}}],"inLanguage":"fr-FR"},{"@type":"Organization","@id":"https:\/\/patrickvacation.com\/#organization","name":"Alcequiez Tours and Travel","url":"https:\/\/patrickvacation.com\/","logo":{"@type":"ImageObject","inLanguage":"fr-FR","@id":"https:\/\/patrickvacation.com\/#\/schema\/logo\/image\/","url":"https:\/\/patrickvacation.com\/wp-content\/uploads\/2023\/03\/Logo-Alcequiez.png","contentUrl":"https:\/\/patrickvacation.com\/wp-content\/uploads\/2023\/03\/Logo-Alcequiez.png","width":1080,"height":560,"caption":"Alcequiez Tours and Travel"},"image":{"@id":"https:\/\/patrickvacation.com\/#\/schema\/logo\/image\/"},"sameAs":["https:\/\/www.facebook.com\/alcequiez.tours.travel","https:\/\/www.instagram.com\/alcequieztour\/"]}]}},"_links":{"self":[{"href":"https:\/\/patrickvacation.com\/fr\/wp-json\/wp\/v2\/product\/6860","targetHints":{"allow":["GET"]}}],"collection":[{"href":"https:\/\/patrickvacation.com\/fr\/wp-json\/wp\/v2\/product"}],"about":[{"href":"https:\/\/patrickvacation.com\/fr\/wp-json\/wp\/v2\/types\/product"}],"version-history":[{"count":0,"href":"https:\/\/patrickvacation.com\/fr\/wp-json\/wp\/v2\/product\/6860\/revisions"}],"wp:featuredmedia":[{"embeddable":true,"href":"https:\/\/patrickvacation.com\/fr\/wp-json\/wp\/v2\/media\/6858"}],"wp:attachment":[{"href":"https:\/\/patrickvacation.com\/fr\/wp-json\/wp\/v2\/media?parent=6860"}],"wp:term":[{"taxonomy":"product_brand","embeddable":true,"href":"https:\/\/patrickvacation.com\/fr\/wp-json\/wp\/v2\/product_brand?post=6860"},{"taxonomy":"product_cat","embeddable":true,"href":"https:\/\/patrickvacation.com\/fr\/wp-json\/wp\/v2\/product_cat?post=6860"},{"taxonomy":"product_tag","embeddable":true,"href":"https:\/\/patrickvacation.com\/fr\/wp-json\/wp\/v2\/product_tag?post=6860"}],"curies":[{"name":"wp","href":"https:\/\/api.w.org\/{rel}","templated":true}]}}