{"id":6865,"date":"2025-02-24T16:54:20","date_gmt":"2025-02-24T16:54:20","guid":{"rendered":"https:\/\/patrickvacation.com\/reservas\/monkeyland-en-samana\/"},"modified":"2025-02-24T16:57:36","modified_gmt":"2025-02-24T16:57:36","slug":"monkeyland-en-samana","status":"publish","type":"product","link":"https:\/\/patrickvacation.com\/fr\/excursiones\/monkeyland-en-samana\/","title":{"rendered":"Monkeyland en Saman\u00e1"},"content":{"rendered":"<section id=\"section-137-2509\" class=\"ct-section nitro-offscreen\">\n<div class=\"ct-section-inner-wrap\" style=\"margin-left: auto;margin-right: auto;height: 1108.72px;min-height: inherit;max-width: 1120px;padding: 20px;flex-direction: column;align-items: flex-start\" data-mce-style=\"margin-left: auto; margin-right: auto; height: 1108.72px; min-height: inherit; max-width: 1120px; padding: 20px; flex-direction: column; align-items: flex-start;\">\n<h2 id=\"headline-138-2509\" class=\"ct-headline\" style=\"margin: 7px 0px 0px;font-family: Quicksand;font-size: 35px\" data-mce-style=\"margin: 7px 0px 0px; font-family: Quicksand; font-size: 35px;\">Itinerario del tour a Monkeyland Saman\u00e1<\/h2>\n<div id=\"_rich_text-139-2509\" class=\"oxy-rich-text\" style=\"margin-top: 25px;width: 1080px\" data-mce-style=\"margin-top: 25px; width: 1080px;\">\n<ul>\n<li><span style=\"font-weight: bolder\" data-mce-style=\"font-weight: bolder;\">Recogida:<\/span>\u00a0Comenzamos el d\u00eda con la recogida en tu hotel o Airbnb en Saman\u00e1 o Las Terrenas.<\/li>\n<li><span style=\"font-weight: bolder\" data-mce-style=\"font-weight: bolder;\">Llegada a Monkeyland:<\/span>\u00a0Al llegar a Monkeyland, ser\u00e1s recibido por un grupo amigable de monos ardilla. Estos peque\u00f1os y \u00e1giles animales est\u00e1n acostumbrados a interactuar con humanos y disfrutan acerc\u00e1ndose a los visitantes en busca de frutas.<\/li>\n<li><span style=\"font-weight: bolder\" data-mce-style=\"font-weight: bolder;\">Interacci\u00f3n con los monos:<\/span>\u00a0Disfruta de la oportunidad \u00fanica de alimentar a los monos con frutas directamente de tus manos bajo la supervisi\u00f3n de nuestros gu\u00edas expertos. Aprender\u00e1s sobre el comportamiento de los monos, su dieta y la importancia de conservar su h\u00e1bitat.<\/li>\n<li><span style=\"font-weight: bolder\" data-mce-style=\"font-weight: bolder;\">Tiempo libre para exploraci\u00f3n:<\/span>\u00a0Despu\u00e9s de interactuar con los monos, tendr\u00e1s tiempo libre para explorar el entorno natural de Monkeyland, disfrutar de las vistas de las monta\u00f1as y relajarte en este hermoso santuario.<\/li>\n<li><span style=\"font-weight: bolder\" data-mce-style=\"font-weight: bolder;\">Visita a la tienda de souvenirs:<\/span>\u00a0Antes de concluir el tour, pasar\u00e1s por nuestra tienda de regalos donde podr\u00e1s comprar souvenirs \u00fanicos para recordar tu visita a Monkeyland.<\/li>\n<li><span style=\"font-weight: bolder\" data-mce-style=\"font-weight: bolder;\">Regreso:<\/span>\u00a0Al final del tour, te llevaremos de regreso a tu alojamiento en Saman\u00e1 o Las Terrenas.<\/li>\n<\/ul>\n<p style=\"margin-block-end: 0px\" data-mce-style=\"margin-block-end: 0px;\">Este itinerario te ofrece una jornada completa de interacci\u00f3n con la naturaleza y aprendizaje sobre la fauna local, haciendo de tu visita a Monkeyland Saman\u00e1 una experiencia inolvidable y enriquecedora.<\/p>\n<\/div>\n<p><img decoding=\"async\" id=\"image-140-2509\" alt=\"excursion monkeyland samana\" class=\"ct-image lazyloaded\" src=\"https:\/\/cdn-dhnkp.nitrocdn.com\/aDdVAvheblxMQJkSnanCVhgzxKRiEyyu\/assets\/images\/optimized\/rev-c960169\/jackcana.tours\/wp-content\/uploads\/2024\/07\/excursion-monkeyland-samana.jpg\" style=\"border-style: none;margin-top: 35px;border-radius: 20px\" data-mce-src=\"https:\/\/cdn-dhnkp.nitrocdn.com\/aDdVAvheblxMQJkSnanCVhgzxKRiEyyu\/assets\/images\/optimized\/rev-c960169\/jackcana.tours\/wp-content\/uploads\/2024\/07\/excursion-monkeyland-samana.jpg\" data-mce-style=\"border-style: none; margin-top: 35px; border-radius: 20px;\"><\/p>\n<\/div>\n<\/section>\n<section id=\"section-71-2494\" class=\"ct-section nitro-offscreen\">\n<div class=\"ct-section-inner-wrap\" style=\"margin-left: auto;margin-right: auto;height: 313.562px;min-height: inherit;max-width: 1120px;padding: 20px;flex-direction: column;align-items: flex-start\" data-mce-style=\"margin-left: auto; margin-right: auto; height: 313.562px; min-height: inherit; max-width: 1120px; padding: 20px; flex-direction: column; align-items: flex-start;\">\n<h2 id=\"headline-72-2494\" class=\"ct-headline\" style=\"margin: 7px 0px 0px;font-family: Quicksand;font-size: 35px\" data-mce-style=\"margin: 7px 0px 0px; font-family: Quicksand; font-size: 35px;\">Destacados de la excursi\u00f3n<\/h2>\n<div id=\"_rich_text-73-2494\" class=\"oxy-rich-text\" style=\"margin-top: 25px;width: 1080px\" data-mce-style=\"margin-top: 25px; width: 1080px;\">\n<ul>\n<li>\n<p><span style=\"font-weight: bolder\" data-mce-style=\"font-weight: bolder;\">Interacci\u00f3n cercana con monos ardilla:<\/span>\u00a0Disfruta de la oportunidad \u00fanica de interactuar de cerca con los carism\u00e1ticos monos ardilla en Monkeyland. Estos amigables animales est\u00e1n acostumbrados a la presencia humana y te ofrecer\u00e1n una experiencia interactiva memorable.<\/p>\n<\/li>\n<li>\n<p><span style=\"font-weight: bolder\" data-mce-style=\"font-weight: bolder;\">Observaci\u00f3n en su h\u00e1bitat natural:<\/span>\u00a0Explora Monkeyland y observa a los monos en su entorno natural, un \u00e1rea preservada que no solo sirve como su hogar sino que tambi\u00e9n ofrece vistas impresionantes de las monta\u00f1as circundantes.<\/p>\n<\/li>\n<li>\n<p><span style=\"font-weight: bolder\" data-mce-style=\"font-weight: bolder;\">Enriquecimiento educativo:<\/span>\u00a0Aprende sobre el comportamiento, la dieta y las necesidades de conservaci\u00f3n de los monos ardilla. Nuestros gu\u00edas expertos te proporcionar\u00e1n informaci\u00f3n valiosa que aumentar\u00e1 tu aprecio por estos fascinantes seres y su ecosistema.<\/p>\n<\/li>\n<\/ul>\n<\/div>\n<\/div>\n<\/section>\n<section id=\"section-87-2494\" class=\"ct-section nitro-offscreen\">\n<div class=\"ct-section-inner-wrap\" style=\"margin-left: auto;margin-right: auto;height: 425.938px;min-height: inherit;max-width: 1120px;padding: 20px 20px 30px;flex-direction: column;align-items: flex-start\" data-mce-style=\"margin-left: auto; margin-right: auto; height: 425.938px; min-height: inherit; max-width: 1120px; padding: 20px 20px 30px; flex-direction: column; align-items: flex-start;\">\n<h2 id=\"headline-88-2494\" class=\"ct-headline\" style=\"margin: 7px 0px 0px;font-family: Quicksand;font-size: 35px\" data-mce-style=\"margin: 7px 0px 0px; font-family: Quicksand; font-size: 35px;\">\u00bfQu\u00e9 est\u00e1 incluido en con la reserva a Monkeyland Saman\u00e1?<\/h2>\n<div id=\"_rich_text-89-2494\" class=\"oxy-rich-text\" style=\"margin-top: 25px;width: 1080px\" data-mce-style=\"margin-top: 25px; width: 1080px;\">\n<ul>\n<li>\n<p><span style=\"font-weight: bolder\" data-mce-style=\"font-weight: bolder;\">Gu\u00edas experimentados:<\/span>\u00a0Benef\u00edciate de la compa\u00f1\u00eda y conocimiento de gu\u00edas expertos que te acompa\u00f1ar\u00e1n durante todo el tour. Ellos te proporcionar\u00e1n informaci\u00f3n detallada sobre los monos ardilla y el entorno natural de Monkeyland, asegurando una experiencia educativa y segura.<\/p>\n<\/li>\n<li>\n<p><span style=\"font-weight: bolder\" data-mce-style=\"font-weight: bolder;\">Recogida y regreso al hotel:<\/span>\u00a0Ofrecemos un servicio conveniente de recogida y regreso para que no tengas que preocuparte por el transporte. Te recogeremos y te llevaremos de vuelta a tu hotel o Airbnb en Saman\u00e1 o Las Terrenas, facilitando un inicio y fin sin estr\u00e9s para tu aventura.<\/p>\n<\/li>\n<li>\n<p><span style=\"font-weight: bolder\" data-mce-style=\"font-weight: bolder;\">Transporte:<\/span>\u00a0Disfruta del traslado a Monkeyland en veh\u00edculos c\u00f3modos y bien mantenidos, garantizando tu seguridad y confort durante el viaje hacia y desde el santuario.<\/p>\n<\/li>\n<li>\n<p><span style=\"font-weight: bolder\" data-mce-style=\"font-weight: bolder;\">Agua:<\/span>\u00a0Proporcionamos agua para mantenerte hidratado durante todo el tour, asegurando que puedas disfrutar de tu experiencia en Monkeyland sin inconvenientes.<\/p>\n<\/li>\n<\/ul>\n<\/div>\n<\/div>\n<\/section>","protected":false},"excerpt":{"rendered":"<section id=\"section-8-2494\" class=\"ct-section\">\n<div class=\"ct-section-inner-wrap\" style=\"margin-left: auto;margin-right: auto;height: 1195.93px;min-height: inherit;max-width: 1120px;padding: 25px 0px;flex-direction: column;align-items: flex-start\" data-mce-style=\"margin-left: auto; margin-right: auto; height: 1195.93px; min-height: inherit; max-width: 1120px; padding: 25px 0px; flex-direction: column; align-items: flex-start;\">\n<div id=\"new_columns-9-2494\" class=\"ct-new-columns\" style=\"width: 1120px;flex-flow: wrap;align-items: stretch;justify-content: center\" data-mce-style=\"width: 1120px; flex-flow: wrap; align-items: stretch; justify-content: center;\">\n<div id=\"div_block-10-2494\" class=\"ct-div-block\" style=\"flex-flow: column;align-items: flex-start;padding: 20px;width: 672px;justify-content: flex-start;margin-top: 15px\" data-mce-style=\"flex-flow: column; align-items: flex-start; padding: 20px; width: 672px; justify-content: flex-start; margin-top: 15px;\">\n<div id=\"div_block-25-2494\" class=\"ct-div-block\" style=\"flex-flow: column wrap;align-items: flex-start;margin-top: 30px;width: 632px;padding-top: 0px\" data-mce-style=\"flex-flow: column wrap; align-items: flex-start; margin-top: 30px; width: 632px; padding-top: 0px;\">\n<h2 id=\"headline-26-2494\" class=\"ct-headline\" style=\"margin: 7px 0px 0px;font-family: Quicksand;font-size: 35px\" data-mce-style=\"margin: 7px 0px 0px; font-family: Quicksand; font-size: 35px;\">Excursi\u00f3n a Monkeyland en Saman\u00e1<\/h2>\n<div id=\"text_block-27-2494\" class=\"ct-text-block\" style=\"margin-top: 5px\" data-mce-style=\"margin-top: 5px;\">\n<p>Sum\u00e9rgete en la magia de\u00a0<span style=\"font-weight: bolder\" data-mce-style=\"font-weight: bolder;\">Monkeyland Saman\u00e1<\/span>, un oasis ecol\u00f3gico donde podr\u00e1s interactuar de cerca con los encantadores monos ardilla en un entorno natural excepcional. Este refugio, situado en el coraz\u00f3n de Saman\u00e1, no es solo un destino tur\u00edstico, sino un compromiso vivo con la conservaci\u00f3n y la educaci\u00f3n ambiental. Al adentrarte en este vibrante santuario, te espera una experiencia \u00fanica: los monos, libres y en su h\u00e1bitat natural, se acercan con curiosidad y amistad. Es una oportunidad para\u00a0<span style=\"font-weight: bolder\" data-mce-style=\"font-weight: bolder;\">conectar con la naturaleza<\/span>\u00a0de una manera profundamente personal y memorable, observando c\u00f3mo estos \u00e1giles animales saltan de \u00e1rbol en \u00e1rbol y, ocasionalmente, interact\u00faan directamente contigo, ofreciendo momentos de alegr\u00eda pura y asombro.<\/p>\n<p>Durante tu visita, no solo disfrutar\u00e1s del encantador espect\u00e1culo de los monos ardilla, sino que tambi\u00e9n aprender\u00e1s sobre su ecolog\u00eda, comportamiento y la importancia de proteger su entorno natural. Los gu\u00edas expertos de Monkeyland te proporcionar\u00e1n\u00a0<span style=\"font-weight: bolder\" data-mce-style=\"font-weight: bolder;\">frutas frescas<\/span> para alimentar a los monos, facilitando un encuentro cercano que enriquece tanto a los animales como a los humanos. Adem\u00e1s de la interacci\u00f3n con los monos, el tour incluye una visita a una casa t\u00edpica dominicana donde podr\u00e1s sumergirte en la cultura local y entender mejor el modo de vida rural en la Rep\u00fablica Dominicana. Este tour no solo promete diversi\u00f3n y emoci\u00f3n, sino que tambi\u00e9n ofrece una perspectiva educativa que resalta la importancia del respeto y la observaci\u00f3n de la vida silvestre.<\/p>\n<\/div>\n<\/div>\n<\/div>\n<\/div>\n<\/div>\n<\/section>","protected":false},"featured_media":6863,"template":"","meta":[],"product_brand":[],"product_cat":[178,182,179],"product_tag":[],"class_list":{"0":"post-6865","1":"product","2":"type-product","3":"status-publish","4":"has-post-thumbnail","6":"product_cat-aventura-safari","7":"product_cat-ecoaventura-senderismo","8":"product_cat-parques-experiencias","10":"first","11":"instock","12":"shipping-taxable","13":"purchasable","14":"product-type-simple"},"yoast_head":"<!-- This site is optimized with the Yoast SEO plugin v24.7 - https:\/\/yoast.com\/wordpress\/plugins\/seo\/ -->\n<title>Monkeyland en Saman\u00e1 - Patrick Vacation<\/title>\n<meta name=\"robots\" content=\"index, follow, max-snippet:-1, max-image-preview:large, max-video-preview:-1\" \/>\n<link rel=\"canonical\" href=\"https:\/\/patrickvacation.com\/fr\/excursiones\/monkeyland-en-samana\/\" \/>\n<meta property=\"og:locale\" content=\"fr_FR\" \/>\n<meta property=\"og:type\" content=\"article\" \/>\n<meta property=\"og:title\" content=\"Monkeyland en Saman\u00e1 - Patrick Vacation\" \/>\n<meta property=\"og:description\" content=\"Excursi\u00f3n a Monkeyland en Saman\u00e1Sum\u00e9rgete en la magia de\u00a0Monkeyland Saman\u00e1, un oasis ecol\u00f3gico donde podr\u00e1s interactuar de cerca con los encantadores monos ardilla en un entorno natural excepcional. Este refugio, situado en el coraz\u00f3n de Saman\u00e1, no es solo un destino tur\u00edstico, sino un compromiso vivo con la conservaci\u00f3n y la educaci\u00f3n ambiental. Al adentrarte en este vibrante santuario, te espera una experiencia \u00fanica: los monos, libres y en su h\u00e1bitat natural, se acercan con curiosidad y amistad. Es una oportunidad para\u00a0conectar con la naturaleza\u00a0de una manera profundamente personal y memorable, observando c\u00f3mo estos \u00e1giles animales saltan de \u00e1rbol en \u00e1rbol y, ocasionalmente, interact\u00faan directamente contigo, ofreciendo momentos de alegr\u00eda pura y asombro.Durante tu visita, no solo disfrutar\u00e1s del encantador espect\u00e1culo de los monos ardilla, sino que tambi\u00e9n aprender\u00e1s sobre su ecolog\u00eda, comportamiento y la importancia de proteger su entorno natural. Los gu\u00edas expertos de Monkeyland te proporcionar\u00e1n\u00a0frutas frescas para alimentar a los monos, facilitando un encuentro cercano que enriquece tanto a los animales como a los humanos. Adem\u00e1s de la interacci\u00f3n con los monos, el tour incluye una visita a una casa t\u00edpica dominicana donde podr\u00e1s sumergirte en la cultura local y entender mejor el modo de vida rural en la Rep\u00fablica Dominicana. Este tour no solo promete diversi\u00f3n y emoci\u00f3n, sino que tambi\u00e9n ofrece una perspectiva educativa que resalta la importancia del respeto y la observaci\u00f3n de la vida silvestre.\" \/>\n<meta property=\"og:url\" content=\"https:\/\/patrickvacation.com\/fr\/excursiones\/monkeyland-en-samana\/\" \/>\n<meta property=\"og:site_name\" content=\"Patrick Vacation\" \/>\n<meta property=\"article:publisher\" content=\"https:\/\/www.facebook.com\/alcequiez.tours.travel\" \/>\n<meta property=\"article:modified_time\" content=\"2025-02-24T16:57:36+00:00\" \/>\n<meta property=\"og:image\" content=\"https:\/\/patrickvacation.com\/wp-content\/uploads\/2025\/02\/monekyy-1.jpg\" \/>\n\t<meta property=\"og:image:width\" content=\"511\" \/>\n\t<meta property=\"og:image:height\" content=\"450\" \/>\n\t<meta property=\"og:image:type\" content=\"image\/jpeg\" \/>\n<meta name=\"twitter:card\" content=\"summary_large_image\" \/>\n<meta name=\"twitter:label1\" content=\"Dur\u00e9e de lecture estim\u00e9e\" \/>\n\t<meta name=\"twitter:data1\" content=\"3 minutes\" \/>\n<script type=\"application\/ld+json\" class=\"yoast-schema-graph\">{\"@context\":\"https:\/\/schema.org\",\"@graph\":[{\"@type\":\"WebPage\",\"@id\":\"https:\/\/patrickvacation.com\/excursiones\/monkeyland-en-samana\/\",\"url\":\"https:\/\/patrickvacation.com\/excursiones\/monkeyland-en-samana\/\",\"name\":\"Monkeyland en Saman\u00e1 - Patrick Vacation\",\"isPartOf\":{\"@id\":\"https:\/\/patrickvacation.com\/#website\"},\"primaryImageOfPage\":{\"@id\":\"https:\/\/patrickvacation.com\/excursiones\/monkeyland-en-samana\/#primaryimage\"},\"image\":{\"@id\":\"https:\/\/patrickvacation.com\/excursiones\/monkeyland-en-samana\/#primaryimage\"},\"thumbnailUrl\":\"https:\/\/patrickvacation.com\/wp-content\/uploads\/2025\/02\/monekyy-1.jpg\",\"datePublished\":\"2025-02-24T16:54:20+00:00\",\"dateModified\":\"2025-02-24T16:57:36+00:00\",\"breadcrumb\":{\"@id\":\"https:\/\/patrickvacation.com\/excursiones\/monkeyland-en-samana\/#breadcrumb\"},\"inLanguage\":\"fr-FR\",\"potentialAction\":[{\"@type\":\"ReadAction\",\"target\":[\"https:\/\/patrickvacation.com\/excursiones\/monkeyland-en-samana\/\"]}]},{\"@type\":\"ImageObject\",\"inLanguage\":\"fr-FR\",\"@id\":\"https:\/\/patrickvacation.com\/excursiones\/monkeyland-en-samana\/#primaryimage\",\"url\":\"https:\/\/patrickvacation.com\/wp-content\/uploads\/2025\/02\/monekyy-1.jpg\",\"contentUrl\":\"https:\/\/patrickvacation.com\/wp-content\/uploads\/2025\/02\/monekyy-1.jpg\",\"width\":511,\"height\":450},{\"@type\":\"BreadcrumbList\",\"@id\":\"https:\/\/patrickvacation.com\/excursiones\/monkeyland-en-samana\/#breadcrumb\",\"itemListElement\":[{\"@type\":\"ListItem\",\"position\":1,\"name\":\"Portada\",\"item\":\"https:\/\/patrickvacation.com\/\"},{\"@type\":\"ListItem\",\"position\":2,\"name\":\"Excursiones y Reservas\",\"item\":\"https:\/\/patrickvacation.com\/excursiones\/\"},{\"@type\":\"ListItem\",\"position\":3,\"name\":\"Monkeyland en Saman\u00e1\"}]},{\"@type\":\"WebSite\",\"@id\":\"https:\/\/patrickvacation.com\/#website\",\"url\":\"https:\/\/patrickvacation.com\/\",\"name\":\"Patrick Vacation\",\"description\":\"\",\"publisher\":{\"@id\":\"https:\/\/patrickvacation.com\/#organization\"},\"potentialAction\":[{\"@type\":\"SearchAction\",\"target\":{\"@type\":\"EntryPoint\",\"urlTemplate\":\"https:\/\/patrickvacation.com\/?s={search_term_string}\"},\"query-input\":{\"@type\":\"PropertyValueSpecification\",\"valueRequired\":true,\"valueName\":\"search_term_string\"}}],\"inLanguage\":\"fr-FR\"},{\"@type\":\"Organization\",\"@id\":\"https:\/\/patrickvacation.com\/#organization\",\"name\":\"Alcequiez Tours and Travel\",\"url\":\"https:\/\/patrickvacation.com\/\",\"logo\":{\"@type\":\"ImageObject\",\"inLanguage\":\"fr-FR\",\"@id\":\"https:\/\/patrickvacation.com\/#\/schema\/logo\/image\/\",\"url\":\"https:\/\/patrickvacation.com\/wp-content\/uploads\/2023\/03\/Logo-Alcequiez.png\",\"contentUrl\":\"https:\/\/patrickvacation.com\/wp-content\/uploads\/2023\/03\/Logo-Alcequiez.png\",\"width\":1080,\"height\":560,\"caption\":\"Alcequiez Tours and Travel\"},\"image\":{\"@id\":\"https:\/\/patrickvacation.com\/#\/schema\/logo\/image\/\"},\"sameAs\":[\"https:\/\/www.facebook.com\/alcequiez.tours.travel\",\"https:\/\/www.instagram.com\/alcequieztour\/\"]}]}<\/script>\n<!-- \/ Yoast SEO plugin. -->","yoast_head_json":{"title":"Monkeyland en Saman\u00e1 - Patrick Vacation","robots":{"index":"index","follow":"follow","max-snippet":"max-snippet:-1","max-image-preview":"max-image-preview:large","max-video-preview":"max-video-preview:-1"},"canonical":"https:\/\/patrickvacation.com\/fr\/excursiones\/monkeyland-en-samana\/","og_locale":"fr_FR","og_type":"article","og_title":"Monkeyland en Saman\u00e1 - Patrick Vacation","og_description":"Excursi\u00f3n a Monkeyland en Saman\u00e1Sum\u00e9rgete en la magia de\u00a0Monkeyland Saman\u00e1, un oasis ecol\u00f3gico donde podr\u00e1s interactuar de cerca con los encantadores monos ardilla en un entorno natural excepcional. Este refugio, situado en el coraz\u00f3n de Saman\u00e1, no es solo un destino tur\u00edstico, sino un compromiso vivo con la conservaci\u00f3n y la educaci\u00f3n ambiental. Al adentrarte en este vibrante santuario, te espera una experiencia \u00fanica: los monos, libres y en su h\u00e1bitat natural, se acercan con curiosidad y amistad. Es una oportunidad para\u00a0conectar con la naturaleza\u00a0de una manera profundamente personal y memorable, observando c\u00f3mo estos \u00e1giles animales saltan de \u00e1rbol en \u00e1rbol y, ocasionalmente, interact\u00faan directamente contigo, ofreciendo momentos de alegr\u00eda pura y asombro.Durante tu visita, no solo disfrutar\u00e1s del encantador espect\u00e1culo de los monos ardilla, sino que tambi\u00e9n aprender\u00e1s sobre su ecolog\u00eda, comportamiento y la importancia de proteger su entorno natural. Los gu\u00edas expertos de Monkeyland te proporcionar\u00e1n\u00a0frutas frescas para alimentar a los monos, facilitando un encuentro cercano que enriquece tanto a los animales como a los humanos. Adem\u00e1s de la interacci\u00f3n con los monos, el tour incluye una visita a una casa t\u00edpica dominicana donde podr\u00e1s sumergirte en la cultura local y entender mejor el modo de vida rural en la Rep\u00fablica Dominicana. Este tour no solo promete diversi\u00f3n y emoci\u00f3n, sino que tambi\u00e9n ofrece una perspectiva educativa que resalta la importancia del respeto y la observaci\u00f3n de la vida silvestre.","og_url":"https:\/\/patrickvacation.com\/fr\/excursiones\/monkeyland-en-samana\/","og_site_name":"Patrick Vacation","article_publisher":"https:\/\/www.facebook.com\/alcequiez.tours.travel","article_modified_time":"2025-02-24T16:57:36+00:00","og_image":[{"width":511,"height":450,"url":"https:\/\/patrickvacation.com\/wp-content\/uploads\/2025\/02\/monekyy-1.jpg","type":"image\/jpeg"}],"twitter_card":"summary_large_image","twitter_misc":{"Dur\u00e9e de lecture estim\u00e9e":"3 minutes"},"schema":{"@context":"https:\/\/schema.org","@graph":[{"@type":"WebPage","@id":"https:\/\/patrickvacation.com\/excursiones\/monkeyland-en-samana\/","url":"https:\/\/patrickvacation.com\/excursiones\/monkeyland-en-samana\/","name":"Monkeyland en Saman\u00e1 - Patrick Vacation","isPartOf":{"@id":"https:\/\/patrickvacation.com\/#website"},"primaryImageOfPage":{"@id":"https:\/\/patrickvacation.com\/excursiones\/monkeyland-en-samana\/#primaryimage"},"image":{"@id":"https:\/\/patrickvacation.com\/excursiones\/monkeyland-en-samana\/#primaryimage"},"thumbnailUrl":"https:\/\/patrickvacation.com\/wp-content\/uploads\/2025\/02\/monekyy-1.jpg","datePublished":"2025-02-24T16:54:20+00:00","dateModified":"2025-02-24T16:57:36+00:00","breadcrumb":{"@id":"https:\/\/patrickvacation.com\/excursiones\/monkeyland-en-samana\/#breadcrumb"},"inLanguage":"fr-FR","potentialAction":[{"@type":"ReadAction","target":["https:\/\/patrickvacation.com\/excursiones\/monkeyland-en-samana\/"]}]},{"@type":"ImageObject","inLanguage":"fr-FR","@id":"https:\/\/patrickvacation.com\/excursiones\/monkeyland-en-samana\/#primaryimage","url":"https:\/\/patrickvacation.com\/wp-content\/uploads\/2025\/02\/monekyy-1.jpg","contentUrl":"https:\/\/patrickvacation.com\/wp-content\/uploads\/2025\/02\/monekyy-1.jpg","width":511,"height":450},{"@type":"BreadcrumbList","@id":"https:\/\/patrickvacation.com\/excursiones\/monkeyland-en-samana\/#breadcrumb","itemListElement":[{"@type":"ListItem","position":1,"name":"Portada","item":"https:\/\/patrickvacation.com\/"},{"@type":"ListItem","position":2,"name":"Excursiones y Reservas","item":"https:\/\/patrickvacation.com\/excursiones\/"},{"@type":"ListItem","position":3,"name":"Monkeyland en Saman\u00e1"}]},{"@type":"WebSite","@id":"https:\/\/patrickvacation.com\/#website","url":"https:\/\/patrickvacation.com\/","name":"Patrick Vacation","description":"","publisher":{"@id":"https:\/\/patrickvacation.com\/#organization"},"potentialAction":[{"@type":"SearchAction","target":{"@type":"EntryPoint","urlTemplate":"https:\/\/patrickvacation.com\/?s={search_term_string}"},"query-input":{"@type":"PropertyValueSpecification","valueRequired":true,"valueName":"search_term_string"}}],"inLanguage":"fr-FR"},{"@type":"Organization","@id":"https:\/\/patrickvacation.com\/#organization","name":"Alcequiez Tours and Travel","url":"https:\/\/patrickvacation.com\/","logo":{"@type":"ImageObject","inLanguage":"fr-FR","@id":"https:\/\/patrickvacation.com\/#\/schema\/logo\/image\/","url":"https:\/\/patrickvacation.com\/wp-content\/uploads\/2023\/03\/Logo-Alcequiez.png","contentUrl":"https:\/\/patrickvacation.com\/wp-content\/uploads\/2023\/03\/Logo-Alcequiez.png","width":1080,"height":560,"caption":"Alcequiez Tours and Travel"},"image":{"@id":"https:\/\/patrickvacation.com\/#\/schema\/logo\/image\/"},"sameAs":["https:\/\/www.facebook.com\/alcequiez.tours.travel","https:\/\/www.instagram.com\/alcequieztour\/"]}]}},"_links":{"self":[{"href":"https:\/\/patrickvacation.com\/fr\/wp-json\/wp\/v2\/product\/6865","targetHints":{"allow":["GET"]}}],"collection":[{"href":"https:\/\/patrickvacation.com\/fr\/wp-json\/wp\/v2\/product"}],"about":[{"href":"https:\/\/patrickvacation.com\/fr\/wp-json\/wp\/v2\/types\/product"}],"version-history":[{"count":0,"href":"https:\/\/patrickvacation.com\/fr\/wp-json\/wp\/v2\/product\/6865\/revisions"}],"wp:featuredmedia":[{"embeddable":true,"href":"https:\/\/patrickvacation.com\/fr\/wp-json\/wp\/v2\/media\/6863"}],"wp:attachment":[{"href":"https:\/\/patrickvacation.com\/fr\/wp-json\/wp\/v2\/media?parent=6865"}],"wp:term":[{"taxonomy":"product_brand","embeddable":true,"href":"https:\/\/patrickvacation.com\/fr\/wp-json\/wp\/v2\/product_brand?post=6865"},{"taxonomy":"product_cat","embeddable":true,"href":"https:\/\/patrickvacation.com\/fr\/wp-json\/wp\/v2\/product_cat?post=6865"},{"taxonomy":"product_tag","embeddable":true,"href":"https:\/\/patrickvacation.com\/fr\/wp-json\/wp\/v2\/product_tag?post=6865"}],"curies":[{"name":"wp","href":"https:\/\/api.w.org\/{rel}","templated":true}]}}