{"id":6874,"date":"2025-02-27T16:06:45","date_gmt":"2025-02-27T16:06:45","guid":{"rendered":"https:\/\/patrickvacation.com\/reservas\/atv-tour\/"},"modified":"2025-02-27T16:06:45","modified_gmt":"2025-02-27T16:06:45","slug":"atv-tour","status":"publish","type":"product","link":"https:\/\/patrickvacation.com\/fr\/excursiones\/atv-tour\/","title":{"rendered":"ATV Tour"},"content":{"rendered":"<h2 id=\"headline-107-2242\" class=\"ct-headline\" style=\"margin: 0px;font-family: Quicksand;font-size: 35px\">Itinerario de actividades con nuestros ATV<\/h2>\n<div id=\"_rich_text-116-2242\" class=\"oxy-rich-text\">\n<p style=\"margin-block-start: 0px\">A continuaci\u00f3n, te indicamos el itinerario que seguiremos durante la actividad de ATV:<\/p>\n<ul>\n<li><span style=\"font-weight: bolder\">08:00 a.m \/ 01:00 p.m<\/span>\u00a0\u2013\u00a0Inicio de recogida en el hotel donde est\u00e1is hospedados. A lo largo de los, aproximadamente,\u00a0<span style=\"font-weight: bolder\">45 minutos<\/span>\u00a0que dura el viaje, disfrutar\u00e1s de los paisajes tropicales de la campi\u00f1a dominicana.<\/li>\n<li><span style=\"font-weight: bolder\">09:00 a.m \/ 02:00 p.m<\/span>\u00a0\u2013\u00a0Llegada al\u00a0<span style=\"font-weight: bolder\">rancho<\/span>\u00a0donde nuestros\u00a0<span style=\"font-weight: bolder\">gu\u00edas profesionales<\/span>\u00a0os dar\u00e1n una serie de consejos e informaci\u00f3n para garantizar la seguridad de la actividad.<\/li>\n<li><span style=\"font-weight: bolder\">09:15 a.m. \/ 02:15 p.m. \u2013\u00a0<\/span>Nos pondremos al \u201cvolante\u201d para iniciar nuestro tour. Comenzaremos en la cima de la colina, situada a escasos metros del rancho, donde tendremos una fant\u00e1stica vista panor\u00e1mica de la Laguna Lim\u00f3n.<\/li>\n<li><span style=\"font-weight: bolder\">10:00 a.m. \/ 03:00 p.m. \u2013\u00a0<\/span>A continuaci\u00f3n, pondremos rumbo al encantador pueblo de\u00a0<em>Sabana de Nisib\u00f3n<\/em>, donde podr\u00e1s adentrarte en la cultura del pa\u00eds junto con sus gentes, ya que exploraremos una casa t\u00edpica de campo dominicano.<\/li>\n<li><span style=\"font-weight: bolder\">La excursi\u00f3n continua con una parada en una granja de cocos<\/span>. Aqu\u00ed podr\u00e1s tomar un refrescante agua de coco, directamente cortado del cocotero. Adem\u00e1s, aprender\u00e1s c\u00f3mo se produce el aceite de coco y c\u00f3mo se prepara para exportarlo al exterior. A continuaci\u00f3n, pondremos rumbo hacia la playa El Lim\u00f3n para tomar un refrescante ba\u00f1o para quitarnos el calor del d\u00eda.<\/li>\n<li><span style=\"font-weight: bolder\">Llegada a Playa El Lim\u00f3n,<\/span>\u00a0localizada en Miches, que ser\u00e1 nuestra \u00faltima parada del d\u00eda. Esta playa es totalmente virgen y est\u00e1 situada en costa Esmeralda, una de las m\u00e1s bellas del pa\u00eds, sede del hotel\u00a0<em>Club Med<\/em>. Disfruta de la tranquilidad de este lugar sin aglomeraciones y toma un refrescante chapuz\u00f3n en sus aguas cristalinas.<\/li>\n<li>Una vez tomado el ba\u00f1o, iremos direcci\u00f3n al rancho en nuestro\u00a0<span style=\"font-weight: bolder\">veh\u00edculo todoterreno<\/span>\u00a0para finalizar la actividad.<\/li>\n<\/ul>\n<p style=\"margin-block-end: 0px\"><em>* Los horarios indicados anteriormente pueden sufrir variaciones.<\/em><\/p>\n<\/div>","protected":false},"excerpt":{"rendered":"<h2 id=\"headline-34-2242\" class=\"ct-headline\" style=\"margin: 7px 0px 0px;font-family: Quicksand;font-size: 35px\">ATV Tour en playa El Lim\u00f3n<\/h2>\n<div id=\"_rich_text-101-2242\" class=\"oxy-rich-text\">\n<p class=\"Cuerpo\" style=\"margin-block-start: 0px\"><span lang=\"ES-TRAD\">Disfruta de los<span class=\"Ninguno\"><span style=\"font-weight: bolder\">parajes de playa El Lim\u00f3n<\/span><\/span>y los mejores paisajes del coraz\u00f3n el Caribe en 4 ruedas con nuestros<span class=\"Ninguno\"><span style=\"font-weight: bolder\">quads por caminos naturales en Punta Cana<\/span><\/span>.<\/span><\/p>\n<p class=\"Cuerpo\"><span lang=\"ES-TRAD\">Nuestros<span class=\"Ninguno\"><span style=\"font-weight: bolder\">quads 4&#215;4<\/span><\/span>te permitir\u00e1n vivir emociones especiales entre arena blanca, bosques y palmeras, donde la flora y fauna dominicana ha encontrado un aut\u00e9ntico santuario. Arranca motores en una aventura que grabar\u00e1 en tu memoria im\u00e1genes inolvidables.<\/span><\/p>\n<p class=\"Cuerpo\"><span lang=\"ES-TRAD\">Playa El Lim\u00f3n est\u00e1 ubicada en la costa de la playa Esmeralda, muy cerca de Miches, y<span class=\"Ninguno\"><span style=\"font-weight: bolder\">es una verdadera delicia recorrer esta playa,<\/span><\/span>llegando hasta la<em>Laguna del Lim\u00f3n<\/em>al final del camino y pudiendo observar la Monta\u00f1a Redonda en el horizonte. Un aut\u00e9ntico espect\u00e1culo para tus ojos.<\/span><\/p>\n<p class=\"Cuerpo\"><span lang=\"ES-TRAD\">Por supuesto, tambi\u00e9n experimentar\u00e1s<span class=\"Ninguno\"><span style=\"font-weight: bolder\">la emoci\u00f3n de rodar<\/span><\/span>a los mandos de un quad todo terreno. \u00a1Pura diversi\u00f3n!<\/span><\/p>\n<p class=\"Cuerpo\"><span lang=\"ES-TRAD\">No tendr\u00e1s que preocuparte de nada. Te recogeremos en el hotel y te volveremos a llevar cuando haya terminado el tour.<\/span><\/p>\n<p class=\"Cuerpo\" style=\"margin-block-end: 0px\"><span lang=\"ES-TRAD\">No dejes de reservar esta excursi\u00f3n y conduce un<span class=\"Ninguno\"><span style=\"font-weight: bolder\">quad<\/span><\/span> con tu pareja, tu grupo de amigos o en familia.<\/span><\/p>\n<\/div>\n<h2 id=\"headline-103-2242\" class=\"ct-headline\" style=\"margin: 7px 0px 0px;font-family: Quicksand;font-size: 35px\">\u00bfPor qu\u00e9 no te puedes perder esta actividad?<\/h2>\n<div id=\"_rich_text-104-2242\" class=\"oxy-rich-text\">\n<p class=\"Cuerpo\" style=\"margin-block-start: 0px\"><span lang=\"ES-TRAD\">Esta es una excursi\u00f3n en ATV que te llevar\u00e1 por una playa virgen de arena blanca y aguas cristalinas en las que podr\u00e1s hacer una parada y darte un ba\u00f1o espectacular.<\/span><\/p>\n<p class=\"Cuerpo\"><span lang=\"ES-TRAD\">Hablamos de\u00a0<span class=\"Ninguno\"><span style=\"font-weight: bolder\">una playa poco conocida para los turistas<\/span><\/span>, con unas vistas sensacionales y una riqueza natural \u00fanica. El lugar ideal para recorrer de lado a lado, respirando aire fresco y adentr\u00e1ndote en espacios de gran valor natural.<\/span><\/p>\n<p class=\"Cuerpo\"><span lang=\"ES-TRAD\">Durante nuestro recorrido podremos descubrir el r\u00edo Nisib\u00f3n, uno de los parajes m\u00e1s bonitos del mundo para muchos de los aventureros que lo han visitado.<\/span><\/p>\n<p class=\"Cuerpo\"><span lang=\"ES-TRAD\">A lo largo del viaje descubrir\u00e1s la cultura dominicana, incluyendo una interesante visita a una granja de\u00a0<span class=\"Ninguno\"><span style=\"font-weight: bolder\">cocos, de los que se obtiene un aceite<\/span><\/span>\u00a0muy apreciado en todo el mundo. Podr\u00e1s ver c\u00f3mo es el proceso de elaboraci\u00f3n y tambi\u00e9n degustar el agua de cocos reci\u00e9n cortados.<\/span><\/p>\n<p class=\"Cuerpo\" style=\"margin-block-end: 0px\"><span lang=\"ES-TRAD\">Recorrer\u00e1s todo este para\u00edso en quad, disfrutando de caminos y paisajes especiales donde la arena blanca de la playa y los bosques se unen para ofrecerte una experiencia inolvidable.<\/span><\/p>\n<\/div>","protected":false},"featured_media":6873,"template":"","meta":[],"product_brand":[195],"product_cat":[178],"product_tag":[],"class_list":{"0":"post-6874","1":"product","2":"type-product","3":"status-publish","4":"has-post-thumbnail","6":"product_brand-buggies","7":"product_cat-aventura-safari","9":"first","10":"instock","11":"virtual","12":"purchasable","13":"product-type-simple"},"yoast_head":"<!-- This site is optimized with the Yoast SEO plugin v24.7 - https:\/\/yoast.com\/wordpress\/plugins\/seo\/ -->\n<title>ATV Tour - Patrick Vacation<\/title>\n<meta name=\"robots\" content=\"index, follow, max-snippet:-1, max-image-preview:large, max-video-preview:-1\" \/>\n<link rel=\"canonical\" href=\"https:\/\/patrickvacation.com\/fr\/excursiones\/atv-tour\/\" \/>\n<meta property=\"og:locale\" content=\"fr_FR\" \/>\n<meta property=\"og:type\" content=\"article\" \/>\n<meta property=\"og:title\" content=\"ATV Tour - Patrick Vacation\" \/>\n<meta property=\"og:description\" content=\"ATV Tour en playa El Lim\u00f3nDisfruta de losparajes de playa El Lim\u00f3ny los mejores paisajes del coraz\u00f3n el Caribe en 4 ruedas con nuestrosquads por caminos naturales en Punta Cana.Nuestrosquads 4x4te permitir\u00e1n vivir emociones especiales entre arena blanca, bosques y palmeras, donde la flora y fauna dominicana ha encontrado un aut\u00e9ntico santuario. Arranca motores en una aventura que grabar\u00e1 en tu memoria im\u00e1genes inolvidables.Playa El Lim\u00f3n est\u00e1 ubicada en la costa de la playa Esmeralda, muy cerca de Miches, yes una verdadera delicia recorrer esta playa,llegando hasta laLaguna del Lim\u00f3nal final del camino y pudiendo observar la Monta\u00f1a Redonda en el horizonte. Un aut\u00e9ntico espect\u00e1culo para tus ojos.Por supuesto, tambi\u00e9n experimentar\u00e1sla emoci\u00f3n de rodara los mandos de un quad todo terreno. \u00a1Pura diversi\u00f3n!No tendr\u00e1s que preocuparte de nada. Te recogeremos en el hotel y te volveremos a llevar cuando haya terminado el tour.No dejes de reservar esta excursi\u00f3n y conduce unquad con tu pareja, tu grupo de amigos o en familia.\u00bfPor qu\u00e9 no te puedes perder esta actividad?Esta es una excursi\u00f3n en ATV que te llevar\u00e1 por una playa virgen de arena blanca y aguas cristalinas en las que podr\u00e1s hacer una parada y darte un ba\u00f1o espectacular.Hablamos de\u00a0una playa poco conocida para los turistas, con unas vistas sensacionales y una riqueza natural \u00fanica. El lugar ideal para recorrer de lado a lado, respirando aire fresco y adentr\u00e1ndote en espacios de gran valor natural.Durante nuestro recorrido podremos descubrir el r\u00edo Nisib\u00f3n, uno de los parajes m\u00e1s bonitos del mundo para muchos de los aventureros que lo han visitado.A lo largo del viaje descubrir\u00e1s la cultura dominicana, incluyendo una interesante visita a una granja de\u00a0cocos, de los que se obtiene un aceite\u00a0muy apreciado en todo el mundo. Podr\u00e1s ver c\u00f3mo es el proceso de elaboraci\u00f3n y tambi\u00e9n degustar el agua de cocos reci\u00e9n cortados.Recorrer\u00e1s todo este para\u00edso en quad, disfrutando de caminos y paisajes especiales donde la arena blanca de la playa y los bosques se unen para ofrecerte una experiencia inolvidable.\" \/>\n<meta property=\"og:url\" content=\"https:\/\/patrickvacation.com\/fr\/excursiones\/atv-tour\/\" \/>\n<meta property=\"og:site_name\" content=\"Patrick Vacation\" \/>\n<meta property=\"article:publisher\" content=\"https:\/\/www.facebook.com\/alcequiez.tours.travel\" \/>\n<meta property=\"og:image\" content=\"https:\/\/patrickvacation.com\/wp-content\/uploads\/2025\/02\/ATV.jpg\" \/>\n\t<meta property=\"og:image:width\" content=\"895\" \/>\n\t<meta property=\"og:image:height\" content=\"562\" \/>\n\t<meta property=\"og:image:type\" content=\"image\/jpeg\" \/>\n<meta name=\"twitter:card\" content=\"summary_large_image\" \/>\n<meta name=\"twitter:label1\" content=\"Dur\u00e9e de lecture estim\u00e9e\" \/>\n\t<meta name=\"twitter:data1\" content=\"2 minutes\" \/>\n<script type=\"application\/ld+json\" class=\"yoast-schema-graph\">{\"@context\":\"https:\/\/schema.org\",\"@graph\":[{\"@type\":\"WebPage\",\"@id\":\"https:\/\/patrickvacation.com\/excursiones\/atv-tour\/\",\"url\":\"https:\/\/patrickvacation.com\/excursiones\/atv-tour\/\",\"name\":\"ATV Tour - Patrick Vacation\",\"isPartOf\":{\"@id\":\"https:\/\/patrickvacation.com\/#website\"},\"primaryImageOfPage\":{\"@id\":\"https:\/\/patrickvacation.com\/excursiones\/atv-tour\/#primaryimage\"},\"image\":{\"@id\":\"https:\/\/patrickvacation.com\/excursiones\/atv-tour\/#primaryimage\"},\"thumbnailUrl\":\"https:\/\/patrickvacation.com\/wp-content\/uploads\/2025\/02\/ATV.jpg\",\"datePublished\":\"2025-02-27T16:06:45+00:00\",\"breadcrumb\":{\"@id\":\"https:\/\/patrickvacation.com\/excursiones\/atv-tour\/#breadcrumb\"},\"inLanguage\":\"fr-FR\",\"potentialAction\":[{\"@type\":\"ReadAction\",\"target\":[\"https:\/\/patrickvacation.com\/excursiones\/atv-tour\/\"]}]},{\"@type\":\"ImageObject\",\"inLanguage\":\"fr-FR\",\"@id\":\"https:\/\/patrickvacation.com\/excursiones\/atv-tour\/#primaryimage\",\"url\":\"https:\/\/patrickvacation.com\/wp-content\/uploads\/2025\/02\/ATV.jpg\",\"contentUrl\":\"https:\/\/patrickvacation.com\/wp-content\/uploads\/2025\/02\/ATV.jpg\",\"width\":895,\"height\":562},{\"@type\":\"BreadcrumbList\",\"@id\":\"https:\/\/patrickvacation.com\/excursiones\/atv-tour\/#breadcrumb\",\"itemListElement\":[{\"@type\":\"ListItem\",\"position\":1,\"name\":\"Portada\",\"item\":\"https:\/\/patrickvacation.com\/\"},{\"@type\":\"ListItem\",\"position\":2,\"name\":\"Excursiones y Reservas\",\"item\":\"https:\/\/patrickvacation.com\/excursiones\/\"},{\"@type\":\"ListItem\",\"position\":3,\"name\":\"ATV Tour\"}]},{\"@type\":\"WebSite\",\"@id\":\"https:\/\/patrickvacation.com\/#website\",\"url\":\"https:\/\/patrickvacation.com\/\",\"name\":\"Patrick Vacation\",\"description\":\"\",\"publisher\":{\"@id\":\"https:\/\/patrickvacation.com\/#organization\"},\"potentialAction\":[{\"@type\":\"SearchAction\",\"target\":{\"@type\":\"EntryPoint\",\"urlTemplate\":\"https:\/\/patrickvacation.com\/?s={search_term_string}\"},\"query-input\":{\"@type\":\"PropertyValueSpecification\",\"valueRequired\":true,\"valueName\":\"search_term_string\"}}],\"inLanguage\":\"fr-FR\"},{\"@type\":\"Organization\",\"@id\":\"https:\/\/patrickvacation.com\/#organization\",\"name\":\"Alcequiez Tours and Travel\",\"url\":\"https:\/\/patrickvacation.com\/\",\"logo\":{\"@type\":\"ImageObject\",\"inLanguage\":\"fr-FR\",\"@id\":\"https:\/\/patrickvacation.com\/#\/schema\/logo\/image\/\",\"url\":\"https:\/\/patrickvacation.com\/wp-content\/uploads\/2023\/03\/Logo-Alcequiez.png\",\"contentUrl\":\"https:\/\/patrickvacation.com\/wp-content\/uploads\/2023\/03\/Logo-Alcequiez.png\",\"width\":1080,\"height\":560,\"caption\":\"Alcequiez Tours and Travel\"},\"image\":{\"@id\":\"https:\/\/patrickvacation.com\/#\/schema\/logo\/image\/\"},\"sameAs\":[\"https:\/\/www.facebook.com\/alcequiez.tours.travel\",\"https:\/\/www.instagram.com\/alcequieztour\/\"]}]}<\/script>\n<!-- \/ Yoast SEO plugin. -->","yoast_head_json":{"title":"ATV Tour - Patrick Vacation","robots":{"index":"index","follow":"follow","max-snippet":"max-snippet:-1","max-image-preview":"max-image-preview:large","max-video-preview":"max-video-preview:-1"},"canonical":"https:\/\/patrickvacation.com\/fr\/excursiones\/atv-tour\/","og_locale":"fr_FR","og_type":"article","og_title":"ATV Tour - Patrick Vacation","og_description":"ATV Tour en playa El Lim\u00f3nDisfruta de losparajes de playa El Lim\u00f3ny los mejores paisajes del coraz\u00f3n el Caribe en 4 ruedas con nuestrosquads por caminos naturales en Punta Cana.Nuestrosquads 4x4te permitir\u00e1n vivir emociones especiales entre arena blanca, bosques y palmeras, donde la flora y fauna dominicana ha encontrado un aut\u00e9ntico santuario. Arranca motores en una aventura que grabar\u00e1 en tu memoria im\u00e1genes inolvidables.Playa El Lim\u00f3n est\u00e1 ubicada en la costa de la playa Esmeralda, muy cerca de Miches, yes una verdadera delicia recorrer esta playa,llegando hasta laLaguna del Lim\u00f3nal final del camino y pudiendo observar la Monta\u00f1a Redonda en el horizonte. Un aut\u00e9ntico espect\u00e1culo para tus ojos.Por supuesto, tambi\u00e9n experimentar\u00e1sla emoci\u00f3n de rodara los mandos de un quad todo terreno. \u00a1Pura diversi\u00f3n!No tendr\u00e1s que preocuparte de nada. Te recogeremos en el hotel y te volveremos a llevar cuando haya terminado el tour.No dejes de reservar esta excursi\u00f3n y conduce unquad con tu pareja, tu grupo de amigos o en familia.\u00bfPor qu\u00e9 no te puedes perder esta actividad?Esta es una excursi\u00f3n en ATV que te llevar\u00e1 por una playa virgen de arena blanca y aguas cristalinas en las que podr\u00e1s hacer una parada y darte un ba\u00f1o espectacular.Hablamos de\u00a0una playa poco conocida para los turistas, con unas vistas sensacionales y una riqueza natural \u00fanica. El lugar ideal para recorrer de lado a lado, respirando aire fresco y adentr\u00e1ndote en espacios de gran valor natural.Durante nuestro recorrido podremos descubrir el r\u00edo Nisib\u00f3n, uno de los parajes m\u00e1s bonitos del mundo para muchos de los aventureros que lo han visitado.A lo largo del viaje descubrir\u00e1s la cultura dominicana, incluyendo una interesante visita a una granja de\u00a0cocos, de los que se obtiene un aceite\u00a0muy apreciado en todo el mundo. Podr\u00e1s ver c\u00f3mo es el proceso de elaboraci\u00f3n y tambi\u00e9n degustar el agua de cocos reci\u00e9n cortados.Recorrer\u00e1s todo este para\u00edso en quad, disfrutando de caminos y paisajes especiales donde la arena blanca de la playa y los bosques se unen para ofrecerte una experiencia inolvidable.","og_url":"https:\/\/patrickvacation.com\/fr\/excursiones\/atv-tour\/","og_site_name":"Patrick Vacation","article_publisher":"https:\/\/www.facebook.com\/alcequiez.tours.travel","og_image":[{"width":895,"height":562,"url":"https:\/\/patrickvacation.com\/wp-content\/uploads\/2025\/02\/ATV.jpg","type":"image\/jpeg"}],"twitter_card":"summary_large_image","twitter_misc":{"Dur\u00e9e de lecture estim\u00e9e":"2 minutes"},"schema":{"@context":"https:\/\/schema.org","@graph":[{"@type":"WebPage","@id":"https:\/\/patrickvacation.com\/excursiones\/atv-tour\/","url":"https:\/\/patrickvacation.com\/excursiones\/atv-tour\/","name":"ATV Tour - Patrick Vacation","isPartOf":{"@id":"https:\/\/patrickvacation.com\/#website"},"primaryImageOfPage":{"@id":"https:\/\/patrickvacation.com\/excursiones\/atv-tour\/#primaryimage"},"image":{"@id":"https:\/\/patrickvacation.com\/excursiones\/atv-tour\/#primaryimage"},"thumbnailUrl":"https:\/\/patrickvacation.com\/wp-content\/uploads\/2025\/02\/ATV.jpg","datePublished":"2025-02-27T16:06:45+00:00","breadcrumb":{"@id":"https:\/\/patrickvacation.com\/excursiones\/atv-tour\/#breadcrumb"},"inLanguage":"fr-FR","potentialAction":[{"@type":"ReadAction","target":["https:\/\/patrickvacation.com\/excursiones\/atv-tour\/"]}]},{"@type":"ImageObject","inLanguage":"fr-FR","@id":"https:\/\/patrickvacation.com\/excursiones\/atv-tour\/#primaryimage","url":"https:\/\/patrickvacation.com\/wp-content\/uploads\/2025\/02\/ATV.jpg","contentUrl":"https:\/\/patrickvacation.com\/wp-content\/uploads\/2025\/02\/ATV.jpg","width":895,"height":562},{"@type":"BreadcrumbList","@id":"https:\/\/patrickvacation.com\/excursiones\/atv-tour\/#breadcrumb","itemListElement":[{"@type":"ListItem","position":1,"name":"Portada","item":"https:\/\/patrickvacation.com\/"},{"@type":"ListItem","position":2,"name":"Excursiones y Reservas","item":"https:\/\/patrickvacation.com\/excursiones\/"},{"@type":"ListItem","position":3,"name":"ATV Tour"}]},{"@type":"WebSite","@id":"https:\/\/patrickvacation.com\/#website","url":"https:\/\/patrickvacation.com\/","name":"Patrick Vacation","description":"","publisher":{"@id":"https:\/\/patrickvacation.com\/#organization"},"potentialAction":[{"@type":"SearchAction","target":{"@type":"EntryPoint","urlTemplate":"https:\/\/patrickvacation.com\/?s={search_term_string}"},"query-input":{"@type":"PropertyValueSpecification","valueRequired":true,"valueName":"search_term_string"}}],"inLanguage":"fr-FR"},{"@type":"Organization","@id":"https:\/\/patrickvacation.com\/#organization","name":"Alcequiez Tours and Travel","url":"https:\/\/patrickvacation.com\/","logo":{"@type":"ImageObject","inLanguage":"fr-FR","@id":"https:\/\/patrickvacation.com\/#\/schema\/logo\/image\/","url":"https:\/\/patrickvacation.com\/wp-content\/uploads\/2023\/03\/Logo-Alcequiez.png","contentUrl":"https:\/\/patrickvacation.com\/wp-content\/uploads\/2023\/03\/Logo-Alcequiez.png","width":1080,"height":560,"caption":"Alcequiez Tours and Travel"},"image":{"@id":"https:\/\/patrickvacation.com\/#\/schema\/logo\/image\/"},"sameAs":["https:\/\/www.facebook.com\/alcequiez.tours.travel","https:\/\/www.instagram.com\/alcequieztour\/"]}]}},"_links":{"self":[{"href":"https:\/\/patrickvacation.com\/fr\/wp-json\/wp\/v2\/product\/6874","targetHints":{"allow":["GET"]}}],"collection":[{"href":"https:\/\/patrickvacation.com\/fr\/wp-json\/wp\/v2\/product"}],"about":[{"href":"https:\/\/patrickvacation.com\/fr\/wp-json\/wp\/v2\/types\/product"}],"version-history":[{"count":0,"href":"https:\/\/patrickvacation.com\/fr\/wp-json\/wp\/v2\/product\/6874\/revisions"}],"wp:featuredmedia":[{"embeddable":true,"href":"https:\/\/patrickvacation.com\/fr\/wp-json\/wp\/v2\/media\/6873"}],"wp:attachment":[{"href":"https:\/\/patrickvacation.com\/fr\/wp-json\/wp\/v2\/media?parent=6874"}],"wp:term":[{"taxonomy":"product_brand","embeddable":true,"href":"https:\/\/patrickvacation.com\/fr\/wp-json\/wp\/v2\/product_brand?post=6874"},{"taxonomy":"product_cat","embeddable":true,"href":"https:\/\/patrickvacation.com\/fr\/wp-json\/wp\/v2\/product_cat?post=6874"},{"taxonomy":"product_tag","embeddable":true,"href":"https:\/\/patrickvacation.com\/fr\/wp-json\/wp\/v2\/product_tag?post=6874"}],"curies":[{"name":"wp","href":"https:\/\/api.w.org\/{rel}","templated":true}]}}